{"id":6104,"date":"1970-01-01T00:00:00","date_gmt":"1970-01-01T00:00:00","guid":{"rendered":"https:\/\/elfsight.com\/pl\/?page_id=6104"},"modified":"2024-10-23T13:37:46","modified_gmt":"2024-10-23T13:37:46","slug":"godaddy","status":"publish","type":"page","link":"https:\/\/elfsight.com\/pl\/pricing-table-plugin\/godaddy\/","title":{"rendered":"Pricing Table &#8211; GoDaddy"},"content":{"rendered":"<div class=\"application-platform-content-item-description application-platform-content-item\" id=\"description\" data-nav-section=\"description\"> <h2>Osad\u017a tabel\u0119 cen w GoDaddy za pomoc\u0105 wid\u017cetu Elfsight<\/h2> <p>Wtyczka tabeli cen dla GoDaddy firmy Elfsight to skuteczne narz\u0119dzie do reprezentowania Twoje plany p\u0142atno\u015bci na stronie internetowej w spos\u00f3b najbardziej przejrzysty i inteligentny. Poka\u017c szczeg\u00f3\u0142owo swoje oferty, a pomo\u017ce to odwiedzaj\u0105cym Twoj\u0105 witryn\u0119 szybko wizualizowa\u0107 i por\u00f3wnywa\u0107 r\u00f3\u017cne funkcje oferowane przez Twoje plany cenowe. Wykorzystaj maksymalne mo\u017cliwo\u015bci dostosowania, aby nada\u0107 swoim cenom najlepszy wygl\u0105d \u2013 spraw, aby komponowa\u0142y si\u0119 z koncepcj\u0105 Twojej witryny internetowej lub by\u0142y jasne i przyci\u0105ga\u0142y wzrok. Spraw, aby Twoi kupuj\u0105cy dzia\u0142ali i zwi\u0119ksz konwersj\u0119! <\/p> <p><b>Decyzja klient\u00f3w staje si\u0119 \u0142atwiejsza dzi\u0119ki informacyjnym i por\u00f3wnywalnym cenom!<\/b><\/p> <\/div> <div class=\"application-platform-content-item-features application-platform-content-item\" id=\"features\" data-nav-section=\"features\"> <h2>Wtyczka jest wygodna i szybka funkcje, oto niekt\u00f3re z nich: <\/h2> <ul><li>6 predefiniowanych element\u00f3w kolumn, kt\u00f3re mo\u017cna rozmie\u015bci\u0107 i dostosowa\u0107 w celu uzyskania idealnego wygl\u0105du<\/li><li>Wyr\u00f3\u017cnij ka\u017cd\u0105 kolumn\u0119<\/li><li>Elementy kolorystyczne ka\u017cdej kolumny mo\u017cna indywidualnie dostosowa\u0107<\/li><li>2 predefiniowane typy promienia obramowania i 4 predefiniowane typy szeroko\u015bci obramowania<\/li><li>Lista regulowanych funkcji, wraz z ikonami funkcji, podpowiedziami i nieograniczon\u0105 liczb\u0105 funkcje<\/li><\/ul><p><a href=\"#demo\">Przejrzyj wszystkie ustawienia w pe\u0142ni funkcjonalnej wersji demonstracyjnej<\/a><\/p> <\/div> <div class=\"application-platform-content-item-installation application-platform-content-item\" id=\"installation\" data-nav-section=\"installation\"> <h2>Jak osadzi\u0107 tabel\u0119 cen w mojej witrynie GoDaddy? <\/h2> <p>Wystarczy wykona\u0107 kroki opisane poni\u017cej, aby osadzi\u0107 narz\u0119dzie. <\/p> <ol><li><b>Wykonaj nasz darmowy konfigurator i zacznij budowa\u0107 swoj\u0105 unikaln\u0105 wtyczk\u0119. <\/b><br> Okre\u015bl odpowiedni projekt i cechy narz\u0119dzia oraz zastosuj poprawki. <\/li> <li><b>Skopiuj kod osobisty pojawiaj\u0105cy si\u0119 w specjalnym formularzu w aplikacjach Elfsight. <\/b><br> Po zako\u0144czeniu tworzenia wtyczki skopiuj ekskluzywny kod z wy\u015bwietlonego pola i zachowaj go do wykorzystania w przysz\u0142o\u015bci. <\/li> <li><b>Zainicjuj u\u017cycie wtyczki w swojej witrynie GoDaddy. <\/b><br> Dodaj kod zapisany ostatnio w Twojej witrynie i zastosuj zmiany. <\/li> <li><b>Instalacja zosta\u0142a w pe\u0142ni przeprowadzona. <\/b><br> Odwied\u017a swoj\u0105 witryn\u0119 internetow\u0105, aby zobaczy\u0107 dzia\u0142anie narz\u0119dzia. <\/li><\/ol> <p>Je\u015bli masz pytania lub napotkasz jakiekolwiek problemy, mo\u017cesz zwr\u00f3ci\u0107 si\u0119 do naszego zespo\u0142u wsparcia. Nasi konsultanci z przyjemno\u015bci\u0105 pomog\u0105 Ci we wszystkich trudno\u015bciach, jakie mo\u017cesz napotka\u0107 w zwi\u0105zku z produktem. <\/p> <div class=\"faq\" data-component=\"FAQ\"> <div class=\"faq-item\">\r\n\t\t\t\t\t<div class=\"faq-item-question\">\r\n\t\t\t\t\t\t<h3 class=\"faq-item-question-text\">Jak doda\u0107 tabel\u0119 cen do mojej witryny GoDaddy bez umiej\u0119tno\u015bci kodowania?<\/h3>\r\n\r\n\t\t\t\t\t\t<div class=\"faq-item-question-icon\"><\/div>\r\n\t\t\t\t\t<\/div>\r\n\r\n\t\t\t\t\t<div class=\"faq-item-answer\">\r\n\t\t\t\t\t\t<div class=\"faq-item-answer-text\"> <p>Elfsight zapewnia rozwi\u0105zanie SaaS, kt\u00f3re pozwala samodzielnie utworzy\u0107 wid\u017cet tabeli cen. Zobacz, jak \u0142atwo proces jest nast\u0119puj\u0105cy: Pracuj bezpo\u015brednio w edytorze online, aby utworzy\u0107 wid\u017cet tabeli cen, kt\u00f3ry chcesz zobaczy\u0107 w swojej witrynie GoDaddy. Wybierz jeden z gotowych szablon\u00f3w i dostosuj ustawienia Tabeli cenowej, dodaj tre\u015b\u0107, zmie\u0144 uk\u0142ad i kolory bez umiej\u0119tno\u015bci kodowania. Zapisz Tabel\u0119 cenow\u0105 i skopiuj jej kod instalacyjny, kt\u00f3ry mo\u017cesz \u0142atwo umie\u015bci\u0107 na swojej stronie GoDaddy bez konieczno\u015bci zakupu p\u0142atnej subskrypcji. Dzi\u0119ki naszemu intuicyjnemu edytorowi ka\u017cdy u\u017cytkownik Internetu mo\u017ce utworzy\u0107 wid\u017cet Tabela cen online i \u0142atwo osadzi\u0107 go na swojej stronie internetowej GoDaddy. Aby uzyska\u0107 dost\u0119p do us\u0142ugi, nie trzeba p\u0142aci\u0107 ani wprowadza\u0107 danych uwierzytelniaj\u0105cych karty. Je\u015bli na kt\u00f3rymkolwiek etapie napotkasz jakiekolwiek problemy, skontaktuj si\u0119 z naszym zespo\u0142em pomocy technicznej.<\/p> <\/div>\r\n\t\t\t\t\t<\/div>\r\n\t\t\t\t<\/div> <\/div> <\/div>","protected":false},"excerpt":{"rendered":"","protected":false},"author":9,"featured_media":0,"parent":2029,"menu_order":0,"comment_status":"closed","ping_status":"closed","template":"templates\/template-application-platform.php","meta":{"publish_to_discourse":"","publish_post_category":"","wpdc_auto_publish_overridden":"","wpdc_topic_tags":"","wpdc_pin_topic":"","wpdc_pin_until":"","discourse_post_id":"","discourse_permalink":"","wpdc_publishing_response":"","wpdc_publishing_error":"","footnotes":""},"class_list":["post-6104","page","type-page","status-publish","hentry"],"yoast_head":"<!-- This site is optimized with the Yoast SEO plugin v25.3.1 - https:\/\/yoast.com\/wordpress\/plugins\/seo\/ -->\n<title>Tabela cen \u2014 dodaj wtyczk\u0119 tabeli cen do witryny GoDaddy!<\/title>\n<meta name=\"description\" content=\"Zdob\u0105d\u017a wtyczk\u0119 Cennik dla GoDaddy w zaledwie 1 minut\u0119. Wypr\u00f3buj wszystkie najwa\u017cniejsze zalety najlepszej wtyczki cenowej w bezp\u0142atnym panelu.\" \/>\n<meta name=\"robots\" content=\"index, follow, max-snippet:-1, max-image-preview:large, max-video-preview:-1\" \/>\n<link rel=\"canonical\" href=\"https:\/\/elfsight.com\/pl\/pricing-table-plugin\/godaddy\/\" \/>\n<meta property=\"og:locale\" content=\"pl_PL\" \/>\n<meta property=\"og:type\" content=\"article\" \/>\n<meta property=\"og:title\" content=\"Tabela cen \u2014 dodaj wtyczk\u0119 tabeli cen do witryny GoDaddy!\" \/>\n<meta property=\"og:description\" content=\"Zdob\u0105d\u017a wtyczk\u0119 Cennik dla GoDaddy w zaledwie 1 minut\u0119. Wypr\u00f3buj wszystkie najwa\u017cniejsze zalety najlepszej wtyczki cenowej w bezp\u0142atnym panelu.\" \/>\n<meta property=\"og:url\" content=\"https:\/\/elfsight.com\/pl\/pricing-table-plugin\/godaddy\/\" \/>\n<meta property=\"og:site_name\" content=\"Elfsight PL\" \/>\n<meta property=\"article:modified_time\" content=\"2024-10-23T13:37:46+00:00\" \/>\n<meta name=\"twitter:card\" content=\"summary_large_image\" \/>\n<meta name=\"twitter:label1\" content=\"Szacowany czas czytania\" \/>\n\t<meta name=\"twitter:data1\" content=\"3 minuty\" \/>\n<!-- \/ Yoast SEO plugin. -->","yoast_head_json":{"title":"Tabela cen \u2014 dodaj wtyczk\u0119 tabeli cen do witryny GoDaddy!","description":"Zdob\u0105d\u017a wtyczk\u0119 Cennik dla GoDaddy w zaledwie 1 minut\u0119. Wypr\u00f3buj wszystkie najwa\u017cniejsze zalety najlepszej wtyczki cenowej w bezp\u0142atnym panelu.","robots":{"index":"index","follow":"follow","max-snippet":"max-snippet:-1","max-image-preview":"max-image-preview:large","max-video-preview":"max-video-preview:-1"},"canonical":"https:\/\/elfsight.com\/pl\/pricing-table-plugin\/godaddy\/","og_locale":"pl_PL","og_type":"article","og_title":"Tabela cen \u2014 dodaj wtyczk\u0119 tabeli cen do witryny GoDaddy!","og_description":"Zdob\u0105d\u017a wtyczk\u0119 Cennik dla GoDaddy w zaledwie 1 minut\u0119. Wypr\u00f3buj wszystkie najwa\u017cniejsze zalety najlepszej wtyczki cenowej w bezp\u0142atnym panelu.","og_url":"https:\/\/elfsight.com\/pl\/pricing-table-plugin\/godaddy\/","og_site_name":"Elfsight PL","article_modified_time":"2024-10-23T13:37:46+00:00","twitter_card":"summary_large_image","twitter_misc":{"Szacowany czas czytania":"3 minuty"},"schema":{"@context":"https:\/\/schema.org","@graph":[{"@type":"WebPage","@id":"https:\/\/elfsight.com\/pl\/pricing-table-plugin\/godaddy\/","url":"https:\/\/elfsight.com\/pl\/pricing-table-plugin\/godaddy\/","name":"Tabela cen \u2014 dodaj wtyczk\u0119 tabeli cen do witryny GoDaddy!","isPartOf":{"@id":"https:\/\/elfsight.com\/pl\/#website"},"datePublished":"1970-01-01T00:00:00+00:00","dateModified":"2024-10-23T13:37:46+00:00","description":"Zdob\u0105d\u017a wtyczk\u0119 Cennik dla GoDaddy w zaledwie 1 minut\u0119. Wypr\u00f3buj wszystkie najwa\u017cniejsze zalety najlepszej wtyczki cenowej w bezp\u0142atnym panelu.","breadcrumb":{"@id":"https:\/\/elfsight.com\/pl\/pricing-table-plugin\/godaddy\/#breadcrumb"},"inLanguage":"pl-PL","potentialAction":[{"@type":"ReadAction","target":["https:\/\/elfsight.com\/pl\/pricing-table-plugin\/godaddy\/"]}]},{"@type":"BreadcrumbList","@id":"https:\/\/elfsight.com\/pl\/pricing-table-plugin\/godaddy\/#breadcrumb","itemListElement":[{"@type":"ListItem","position":1,"name":"Home","item":"https:\/\/elfsight.com\/pl\/"},{"@type":"ListItem","position":2,"name":"Pricing Table","item":"https:\/\/elfsight.com\/pl\/pricing-table-plugin\/"},{"@type":"ListItem","position":3,"name":"Pricing Table &#8211; GoDaddy"}]},{"@type":"WebSite","@id":"https:\/\/elfsight.com\/pl\/#website","url":"https:\/\/elfsight.com\/pl\/","name":"Elfsight PL","description":"Just another Elfsight Sites site","potentialAction":[{"@type":"SearchAction","target":{"@type":"EntryPoint","urlTemplate":"https:\/\/elfsight.com\/pl\/?s={search_term_string}"},"query-input":{"@type":"PropertyValueSpecification","valueRequired":true,"valueName":"search_term_string"}}],"inLanguage":"pl-PL"}]}},"meta_box":{"industry":"","seo_heading":"","heading":"","description":"","cta_heading":"","cta_description":"","application":"2028","h1":"Wtyczka tabeli cen GoDaddy","h1_caption":"Przedstaw opcje cenowe w jasny i atrakcyjny spos\u00f3b, pomagaj\u0105c klientom w \u0142atwym wyborze planu odpowiadaj\u0105cego ich potrzebom w Twojej witrynie GoDaddy.","application_category":[],"applications_title":"","applications_request_title":"","applications_request_button_text":"","hero_text":"","hero_video":"","hero_video_schema_markup":"","selling_points_title":"","selling_points_caption":"","selling_points":[],"selling_points_cta_text":"","features_title":"","features":"","ed_cta_examples_text":"","ed_cta_examples_hidden":"","ed_cta_demo_text":"","ed_cta_demo_hidden":"","why_caption":"","why_editor_title":"","why_editor_text":"","why_team_title":"","why_team_text":"","why_service_title":"","why_service_text":"","template_catalog_visible":"","template_catalog_title":"","template_catalog_text":"","template_catalog_categories_visible":"","demo_title":"Zach\u0119camy do tworzenia w\u0142asnej tabeli cen GoDaddy","demo_caption":"Dostosuj go i wstaw wtyczk\u0119 na swoj\u0105 stron\u0119 za pomoc\u0105 aktywnego demo.","default_faq_hidden":"","app_template_category":[],"platform":"180","template_public_id":"","codecanyon_url":"","codecanyon_item_id":"","codecanyon_price":"","pricing_caption":"","pricing_elfsight_apps_hide_column":"","pricing_elfsight_apps_url":"","pricing_codecanyon_price_caption":"","integration_category":[],"integration_request_title":"","integration_request_cta":"","integration_platform":"","integrations":[],"platform_category":[],"video_schema_markup":"","price":"od 0 USD \/ miesi\u0105c","trial":"","benefits":[{"text":"Bezp\u0142atna us\u0142uga monta\u017cu"},{"text":"Wyj\u0105tkowe wsparcie"},{"text":"14-dniowa gwarancja zwrotu pieni\u0119dzy"}],"button_url":"#demo","button_target_blank":"","button_nofollow":"","attributes":[{"name":"Instaluje"},{"name":"Czu\u0142y"},{"name":"Kompatybilne przegl\u0105darki"}],"tags":[],"tags_disable_links":"","hide_more_platforms":"","video_object":"","demo_hide_cta":"","demo_hide_cloud_options":"","pricing_title":"","pricing":[{"pricing_icon":"platform","pricing_title":"Elfsight Apps","pricing_title_caption":"Wieloplatformowe rozwi\u0105zanie cyfrowe, kt\u00f3re pasuje do ka\u017cdej witryny internetowej","pricing_price":"od 0 USD \/ miesi\u0105c","pricing_price_caption":"zacznij od bezp\u0142atnego planu","pricing_benefits":[{"text":"Nielimitowane strony internetowe"},{"text":"Profesjonalne wsparcie firmy"},{"text":"Bezp\u0142atna pomoc w monta\u017cu"},{"text":"W pe\u0142ni konfigurowalny"}],"pricing_button_text":"Dodaj do witryny","pricing_button_url":"#demo"}],"related_apps_title":"","related_apps_hidden":"","author":"","image":[],"title":"","job":"","social_networks":[]},"_links":{"self":[{"href":"https:\/\/elfsight.com\/pl\/wp-json\/wp\/v2\/pages\/6104","targetHints":{"allow":["GET"]}}],"collection":[{"href":"https:\/\/elfsight.com\/pl\/wp-json\/wp\/v2\/pages"}],"about":[{"href":"https:\/\/elfsight.com\/pl\/wp-json\/wp\/v2\/types\/page"}],"author":[{"embeddable":true,"href":"https:\/\/elfsight.com\/pl\/wp-json\/wp\/v2\/users\/9"}],"replies":[{"embeddable":true,"href":"https:\/\/elfsight.com\/pl\/wp-json\/wp\/v2\/comments?post=6104"}],"version-history":[{"count":1,"href":"https:\/\/elfsight.com\/pl\/wp-json\/wp\/v2\/pages\/6104\/revisions"}],"predecessor-version":[{"id":6108,"href":"https:\/\/elfsight.com\/pl\/wp-json\/wp\/v2\/pages\/6104\/revisions\/6108"}],"up":[{"embeddable":true,"href":"https:\/\/elfsight.com\/pl\/wp-json\/wp\/v2\/pages\/2029"}],"wp:attachment":[{"href":"https:\/\/elfsight.com\/pl\/wp-json\/wp\/v2\/media?parent=6104"}],"curies":[{"name":"wp","href":"https:\/\/api.w.org\/{rel}","templated":true}]}}