{"id":6095,"date":"1970-01-01T00:00:00","date_gmt":"1970-01-01T00:00:00","guid":{"rendered":"https:\/\/elfsight.com\/pl\/?page_id=6095"},"modified":"2024-11-14T09:40:10","modified_gmt":"2024-11-14T09:40:10","slug":"blogger","status":"publish","type":"page","link":"https:\/\/elfsight.com\/pl\/portfolio-widget\/blogger\/","title":{"rendered":"Portfolio &#8211; Blogger"},"content":{"rendered":"<div class=\"application-platform-content-item-description application-platform-content-item\" id=\"description\" data-nav-section=\"description\"><h2>Opis<\/h2><p>Portfolio Elfsight jest stworzone dla ka\u017cdego, kto chce publikowa\u0107 swoj\u0105 profesjonaln\u0105 kolekcj\u0119 na stronie internetowej i przyci\u0105ga\u0107 sprzeda\u017c. Maj\u0105c to narz\u0119dzie, mo\u017cesz ods\u0142oni\u0107 kolekcje uj\u0119\u0107, film\u00f3w, makiet i innych tre\u015bci projektu. Ka\u017cdy plik mo\u017ce zawiera\u0107 tekst i dat\u0119. Masz mo\u017cliwo\u015b\u0107 powi\u0105zania projekt\u00f3w ze stronami internetowymi i podzielenia projekt\u00f3w na grupy. Twoi odbiorcy zobacz\u0105 Twoje portfolio, klikn\u0105 projekt i zapoznaj\u0105 si\u0119 z jego tre\u015bci\u0105 bezpo\u015brednio na Twojej stronie internetowej. W nag\u0142\u00f3wku wy\u015bwietli si\u0119 Twoje imi\u0119 i nazwisko, zdj\u0119cie oraz dane kontaktowe, co u\u0142atwi pozostanie z Tob\u0105 w kontakcie. Przycisk CTA przeniesie klient\u00f3w na stron\u0119 z\u0142o\u017cenia zam\u00f3wienia i pomo\u017ce Ci poszerzy\u0107 poziom sprzeda\u017cy. <\/p><div class=\"faq\" data-component=\"FAQ\"><div class=\"faq-item\">\r\n\t\t\t\t\t<div class=\"faq-item-question\">\r\n\t\t\t\t\t\t<h3 class=\"faq-item-question-text\">Jak mog\u0119 osadzi\u0107 portfolio w witrynie Bloggera? <\/h3>\r\n\r\n\t\t\t\t\t\t<div class=\"faq-item-question-icon\"><\/div>\r\n\t\t\t\t\t<\/div>\r\n\r\n\t\t\t\t\t<div class=\"faq-item-answer\">\r\n\t\t\t\t\t\t<div class=\"faq-item-answer-text\"><p>Utworzenie narz\u0119dzia odbywa si\u0119 w witrynie Elfsight i jest nie trzeba uczy\u0107 si\u0119 kodowania. Skorzystaj z wersji demonstracyjnej online, aby zbudowa\u0107 wtyczk\u0119, pobra\u0107 kod i zintegrowa\u0107 go ze swoj\u0105 witryn\u0105. <\/p><\/div>\r\n\t\t\t\t\t<\/div>\r\n\t\t\t\t<\/div><div class=\"faq-item\">\r\n\t\t\t\t\t<div class=\"faq-item-question\">\r\n\t\t\t\t\t\t<h3 class=\"faq-item-question-text\">Najlepsze sposoby wykorzystania integracji galerii portfolio<\/h3>\r\n\r\n\t\t\t\t\t\t<div class=\"faq-item-question-icon\"><\/div>\r\n\t\t\t\t\t<\/div>\r\n\r\n\t\t\t\t\t<div class=\"faq-item-answer\">\r\n\t\t\t\t\t\t<div class=\"faq-item-answer-text\"><p>Mamy szerok\u0105 gam\u0119 mo\u017cliwo\u015bci personalizacji: pe\u0142nowymiarowe wid\u017cety do wdro\u017cenia w obszarze tre\u015bci , p\u0142ywaj\u0105ce wid\u017cety do funkcji przewijania, uk\u0142ady stopki, nag\u0142\u00f3wka i wszystkie odmiany mo\u017cliwo\u015bci pionowych pask\u00f3w bocznych i menu. <\/p><\/div>\r\n\t\t\t\t\t<\/div>\r\n\t\t\t\t<\/div><div class=\"faq-item\">\r\n\t\t\t\t\t<div class=\"faq-item-question\">\r\n\t\t\t\t\t\t<h3 class=\"faq-item-question-text\">Czy istnieje mo\u017cliwo\u015b\u0107 zbudowania portfolio wideo lub ilustracji za po\u015brednictwem redaktora? <\/h3>\r\n\r\n\t\t\t\t\t\t<div class=\"faq-item-question-icon\"><\/div>\r\n\t\t\t\t\t<\/div>\r\n\r\n\t\t\t\t\t<div class=\"faq-item-answer\">\r\n\t\t\t\t\t\t<div class=\"faq-item-answer-text\"><p>Mo\u017cesz kszta\u0142towa\u0107 zmiany w dowolnym wid\u017cecie. W edytorze dost\u0119pnych jest mn\u00f3stwo uk\u0142ad\u00f3w, a ka\u017cdy z nich mo\u017cna \u0142atwo spersonalizowa\u0107 tak, jak Ci brakuje. <\/p><\/div>\r\n\t\t\t\t\t<\/div>\r\n\t\t\t\t<\/div><\/div><\/div><div class=\"application-platform-content-item-features application-platform-content-item\" id=\"features\" data-nav-section=\"features\"><h2>Funkcje<\/h2><p>Aby zdoby\u0107 pe\u0142n\u0105 wiedz\u0119 o Portfolio, mo\u017cesz rzuci\u0107 okiem na list\u0119 jego g\u0142\u00f3wnych cech. Dzi\u0119ki nim nasz widget jest dla Ciebie naprawd\u0119 wydajny: <\/p><ul><li>Dodaj dowoln\u0105 liczb\u0119 projekt\u00f3w i dodaj tytu\u0142y; <\/li><li>Tw\u00f3rz grupy i \u0142\u0105cz z nimi projekty<\/li><li>Wybierz, jakie informacje maj\u0105 by\u0107 wy\u015bwietlane w wyskakuj\u0105cym okienku i po najechaniu myszk\u0105; <\/li><li>Dodawaj teksty i przypisuj daty do plik\u00f3w w projekcie<\/li><li>Przycisk wezwania do dzia\u0142ania w nag\u0142\u00f3wku i w wyskakuj\u0105cym okienku przekierowuje klient\u00f3w do dowolnej witryny lub strony<\/li><\/ul><p><a href=\"#demo\">Sprawd\u017a wszystkie funkcje w wersji demonstracyjnej<\/a><\/p><\/div><div class=\"application-platform-content-item-installation application-platform-content-item\" id=\"installation\" data-nav-section=\"installation\"><h2>Jak doda\u0107 portfolio do moja witryna Bloggera?<\/h2><div class=\"video-container\"><iframe width=\"720\" height=\"405\" src=\"https:\/\/www.youtube.com\/embed\/bDyGvQadAmY\" frameborder=\"0\" allowfullscreen=\"\"><\/iframe><\/div><p>Wystarczy wykona\u0107 kilka krok\u00f3w opisanych poni\u017cej, aby rozpocz\u0105\u0107 korzystanie z wtyczki. <\/p><ol><li><b>Zastosuj nasz darmowy edytor i zacznij tworzy\u0107 w\u0142asny widget. <\/b><br>Znajd\u017a po\u017c\u0105dan\u0105 form\u0119 i cechy funkcjonalne narz\u0119dzia i nanie\u015b poprawki. <\/li><li><b>Uzyskaj indywidualny kod ujawniony w specjalnym formularzu w aplikacjach Elfsight. <\/b><br> Gdy tylko konfiguracja Twojego osobistego wid\u017cetu zostanie zako\u0144czona, skopiuj indywidualny kod z wyskakuj\u0105cego okienka i zapisz go na przysz\u0142o\u015b\u0107. <\/li><li><b>Zacznij korzysta\u0107 z wtyczki na stronie g\u0142\u00f3wnej Bloggera. <\/b><br>Wklej skopiowany wcze\u015bniej kod na swoj\u0105 stron\u0119 g\u0142\u00f3wn\u0105 i zapisz zmiany. <\/li><li><b>Instalacja zosta\u0142a ca\u0142kowicie zako\u0144czona. <\/b><br> Odwied\u017a swoj\u0105 stron\u0119 internetow\u0105, aby zobaczy\u0107 w akcji dzia\u0142anie wid\u017cetu. <\/li><\/ol><p>Je\u015bli pojawi\u0105 si\u0119 zapytania lub pojawi\u0105 si\u0119 jakiekolwiek komplikacje, bez wahania skontaktuj si\u0119 z naszym personelem pomocniczym. Nasi konsultanci z przyjemno\u015bci\u0105 pomog\u0105 Ci we wszystkich trudno\u015bciach, jakie mo\u017cesz mie\u0107 z wtyczk\u0105<\/p><\/div>","protected":false},"excerpt":{"rendered":"","protected":false},"author":9,"featured_media":0,"parent":2889,"menu_order":0,"comment_status":"closed","ping_status":"closed","template":"templates\/template-application-platform.php","meta":{"publish_to_discourse":"","publish_post_category":"","wpdc_auto_publish_overridden":"","wpdc_topic_tags":"","wpdc_pin_topic":"","wpdc_pin_until":"","discourse_post_id":"","discourse_permalink":"","wpdc_publishing_response":"","wpdc_publishing_error":"","footnotes":""},"class_list":["post-6095","page","type-page","status-publish","hentry"],"yoast_head":"<!-- This site is optimized with the Yoast SEO plugin v25.3.1 - https:\/\/yoast.com\/wordpress\/plugins\/seo\/ -->\n<title>Szablon portfolio dla witryny Bloggera (bezp\u0142atny i szybki)<\/title>\n<meta name=\"description\" content=\"Oto mo\u017cliwo\u015b\u0107 szybkiego i \u0142atwego dodania dostosowanego wid\u017cetu Portfolio do witryny Bloggera. Ciesz si\u0119 bezp\u0142atn\u0105 obs\u0142ug\u0105 klienta i innymi bonusami od Elfsight.\" \/>\n<meta name=\"robots\" content=\"index, follow, max-snippet:-1, max-image-preview:large, max-video-preview:-1\" \/>\n<link rel=\"canonical\" href=\"https:\/\/elfsight.com\/pl\/portfolio-widget\/blogger\/\" \/>\n<meta property=\"og:locale\" content=\"pl_PL\" \/>\n<meta property=\"og:type\" content=\"article\" \/>\n<meta property=\"og:title\" content=\"Szablon portfolio dla witryny Bloggera (bezp\u0142atny i szybki)\" \/>\n<meta property=\"og:description\" content=\"Oto mo\u017cliwo\u015b\u0107 szybkiego i \u0142atwego dodania dostosowanego wid\u017cetu Portfolio do witryny Bloggera. Ciesz si\u0119 bezp\u0142atn\u0105 obs\u0142ug\u0105 klienta i innymi bonusami od Elfsight.\" \/>\n<meta property=\"og:url\" content=\"https:\/\/elfsight.com\/pl\/portfolio-widget\/blogger\/\" \/>\n<meta property=\"og:site_name\" content=\"Elfsight PL\" \/>\n<meta property=\"article:modified_time\" content=\"2024-11-14T09:40:10+00:00\" \/>\n<meta name=\"twitter:card\" content=\"summary_large_image\" \/>\n<meta name=\"twitter:label1\" content=\"Szacowany czas czytania\" \/>\n\t<meta name=\"twitter:data1\" content=\"3 minuty\" \/>\n<!-- \/ Yoast SEO plugin. -->","yoast_head_json":{"title":"Szablon portfolio dla witryny Bloggera (bezp\u0142atny i szybki)","description":"Oto mo\u017cliwo\u015b\u0107 szybkiego i \u0142atwego dodania dostosowanego wid\u017cetu Portfolio do witryny Bloggera. Ciesz si\u0119 bezp\u0142atn\u0105 obs\u0142ug\u0105 klienta i innymi bonusami od Elfsight.","robots":{"index":"index","follow":"follow","max-snippet":"max-snippet:-1","max-image-preview":"max-image-preview:large","max-video-preview":"max-video-preview:-1"},"canonical":"https:\/\/elfsight.com\/pl\/portfolio-widget\/blogger\/","og_locale":"pl_PL","og_type":"article","og_title":"Szablon portfolio dla witryny Bloggera (bezp\u0142atny i szybki)","og_description":"Oto mo\u017cliwo\u015b\u0107 szybkiego i \u0142atwego dodania dostosowanego wid\u017cetu Portfolio do witryny Bloggera. Ciesz si\u0119 bezp\u0142atn\u0105 obs\u0142ug\u0105 klienta i innymi bonusami od Elfsight.","og_url":"https:\/\/elfsight.com\/pl\/portfolio-widget\/blogger\/","og_site_name":"Elfsight PL","article_modified_time":"2024-11-14T09:40:10+00:00","twitter_card":"summary_large_image","twitter_misc":{"Szacowany czas czytania":"3 minuty"},"schema":{"@context":"https:\/\/schema.org","@graph":[{"@type":"WebPage","@id":"https:\/\/elfsight.com\/pl\/portfolio-widget\/blogger\/","url":"https:\/\/elfsight.com\/pl\/portfolio-widget\/blogger\/","name":"Szablon portfolio dla witryny Bloggera (bezp\u0142atny i szybki)","isPartOf":{"@id":"https:\/\/elfsight.com\/pl\/#website"},"datePublished":"1970-01-01T00:00:00+00:00","dateModified":"2024-11-14T09:40:10+00:00","description":"Oto mo\u017cliwo\u015b\u0107 szybkiego i \u0142atwego dodania dostosowanego wid\u017cetu Portfolio do witryny Bloggera. Ciesz si\u0119 bezp\u0142atn\u0105 obs\u0142ug\u0105 klienta i innymi bonusami od Elfsight.","breadcrumb":{"@id":"https:\/\/elfsight.com\/pl\/portfolio-widget\/blogger\/#breadcrumb"},"inLanguage":"pl-PL","potentialAction":[{"@type":"ReadAction","target":["https:\/\/elfsight.com\/pl\/portfolio-widget\/blogger\/"]}]},{"@type":"BreadcrumbList","@id":"https:\/\/elfsight.com\/pl\/portfolio-widget\/blogger\/#breadcrumb","itemListElement":[{"@type":"ListItem","position":1,"name":"Home","item":"https:\/\/elfsight.com\/pl\/"},{"@type":"ListItem","position":2,"name":"Portfolio","item":"https:\/\/elfsight.com\/pl\/portfolio-widget\/"},{"@type":"ListItem","position":3,"name":"Portfolio &#8211; Blogger"}]},{"@type":"WebSite","@id":"https:\/\/elfsight.com\/pl\/#website","url":"https:\/\/elfsight.com\/pl\/","name":"Elfsight PL","description":"Just another Elfsight Sites site","potentialAction":[{"@type":"SearchAction","target":{"@type":"EntryPoint","urlTemplate":"https:\/\/elfsight.com\/pl\/?s={search_term_string}"},"query-input":{"@type":"PropertyValueSpecification","valueRequired":true,"valueName":"search_term_string"}}],"inLanguage":"pl-PL"}]}},"meta_box":{"industry":"","seo_heading":"","heading":"","description":"","cta_heading":"","cta_description":"","application":"2888","h1":"Szablon portfolio Bloggera","h1_caption":"Wy\u015bwietlaj swoj\u0105 prac\u0119 w dostosowywalnym portfolio, dzi\u0119ki czemu mo\u017cesz \u0142atwo zaprezentowa\u0107 swoje projekty i osi\u0105gni\u0119cia w witrynie Bloggera.","application_category":[],"applications_title":"","applications_request_title":"","applications_request_button_text":"","hero_text":"","hero_video":"","hero_video_schema_markup":"","selling_points_title":"","selling_points_caption":"","selling_points":[],"selling_points_cta_text":"","features_title":"","features":"","ed_cta_examples_text":"","ed_cta_examples_hidden":"","ed_cta_demo_text":"","ed_cta_demo_hidden":"","why_caption":"","why_editor_title":"","why_editor_text":"","why_team_title":"","why_team_text":"","why_service_title":"","why_service_text":"","template_catalog_visible":"","template_catalog_title":"","template_catalog_text":"","template_catalog_categories_visible":"","demo_title":"Utw\u00f3rz wid\u017cet Portfolio","demo_caption":"Skonfiguruj swoje portfolio i dodaj je do swojej witryny Bloggera za darmo!","default_faq_hidden":"","app_template_category":[],"platform":"44","template_public_id":"","codecanyon_url":"","codecanyon_item_id":"","codecanyon_price":"","pricing_caption":"","pricing_elfsight_apps_hide_column":"","pricing_elfsight_apps_url":"","pricing_codecanyon_price_caption":"","integration_category":[],"integration_request_title":"","integration_request_cta":"","integration_platform":"","integrations":[],"platform_category":[],"video_schema_markup":"","price":"od 0 USD \/ miesi\u0105c","trial":"","benefits":[{"text":"Bezp\u0142atna pomoc w monta\u017cu"},{"text":"Kompetentna obs\u0142uga klienta"},{"text":"14-dniowa gwarancja zwrotu pieni\u0119dzy"}],"button_url":"#demo","button_target_blank":"","button_nofollow":"","attributes":[{"name":"Instaluje"},{"name":"Czu\u0142y"},{"name":"Kompatybilne przegl\u0105darki"}],"tags":[],"tags_disable_links":"","hide_more_platforms":"","video_object":"","demo_hide_cta":"","demo_hide_cloud_options":"","pricing_title":"","pricing":[{"pricing_icon":"platform","pricing_title":"Elfsight Apps","pricing_title_caption":"Niezale\u017cne od platformy rozwi\u0105zanie cyfrowe, kt\u00f3re pasuje do ka\u017cdej witryny","pricing_price":"od 0 USD \/ miesi\u0105c","pricing_price_caption":"zacznij od bezp\u0142atnego planu","pricing_benefits":[{"text":"Nielimitowane domeny"},{"text":"Dedykowane i terminowe wsparcie oraz dobrze udokumentowane"},{"text":"Bezp\u0142atna pomoc w monta\u017cu"},{"text":"W pe\u0142ni konfigurowalny"}],"pricing_button_text":"Dodaj do witryny","pricing_button_url":"#demo"}],"related_apps_title":"","related_apps_hidden":"","author":"","image":[],"title":"","job":"","social_networks":[]},"_links":{"self":[{"href":"https:\/\/elfsight.com\/pl\/wp-json\/wp\/v2\/pages\/6095","targetHints":{"allow":["GET"]}}],"collection":[{"href":"https:\/\/elfsight.com\/pl\/wp-json\/wp\/v2\/pages"}],"about":[{"href":"https:\/\/elfsight.com\/pl\/wp-json\/wp\/v2\/types\/page"}],"author":[{"embeddable":true,"href":"https:\/\/elfsight.com\/pl\/wp-json\/wp\/v2\/users\/9"}],"replies":[{"embeddable":true,"href":"https:\/\/elfsight.com\/pl\/wp-json\/wp\/v2\/comments?post=6095"}],"version-history":[{"count":2,"href":"https:\/\/elfsight.com\/pl\/wp-json\/wp\/v2\/pages\/6095\/revisions"}],"predecessor-version":[{"id":7957,"href":"https:\/\/elfsight.com\/pl\/wp-json\/wp\/v2\/pages\/6095\/revisions\/7957"}],"up":[{"embeddable":true,"href":"https:\/\/elfsight.com\/pl\/wp-json\/wp\/v2\/pages\/2889"}],"wp:attachment":[{"href":"https:\/\/elfsight.com\/pl\/wp-json\/wp\/v2\/media?parent=6095"}],"curies":[{"name":"wp","href":"https:\/\/api.w.org\/{rel}","templated":true}]}}