{"id":6094,"date":"1970-01-01T00:00:00","date_gmt":"1970-01-01T00:00:00","guid":{"rendered":"https:\/\/elfsight.com\/pl\/?page_id=6094"},"modified":"2025-06-26T16:33:37","modified_gmt":"2025-06-26T16:33:37","slug":"drupal","status":"publish","type":"page","link":"https:\/\/elfsight.com\/pl\/portfolio-widget\/drupal\/","title":{"rendered":"Portfolio &#8211; Drupal"},"content":{"rendered":"<div class=\"application-platform-content-item-description application-platform-content-item\" id=\"description\" data-nav-section=\"description\">\n<h2>Opis<\/h2>\n<p>Wid\u017cet Portfolio Elfsight stworzony jest dla ka\u017cdego, kto jest zainteresowany zaprezentowaniem swoich niesamowitych projekt\u00f3w na stronie i pozyskiwanie klient\u00f3w. Maj\u0105c to narz\u0119dzie, b\u0119dziesz m\u00f3g\u0142 przesy\u0142a\u0107 projekty zawieraj\u0105ce zdj\u0119cia, tre\u015bci wideo, szkice i inn\u0105 tre\u015b\u0107 projektu. Ka\u017cdy plik projektu mo\u017ce zawiera\u0107 dok\u0142adny tekst i dat\u0119. Masz mo\u017cliwo\u015b\u0107 powi\u0105zania projekt\u00f3w z ich stronami internetowymi i ustalenia kategorii projekt\u00f3w. Twoi odbiorcy zobacz\u0105 Twoje portfolio projekt\u00f3w, otworz\u0105 ka\u017cdy projekt i zapoznaj\u0105 si\u0119 z jego tre\u015bci\u0105 bezpo\u015brednio na stronie g\u0142\u00f3wnej. W nag\u0142\u00f3wku wid\u017cetu wy\u015bwietli si\u0119 Twoje imi\u0119 i nazwisko, zdj\u0119cie oraz dane kontaktowe, co u\u0142atwi proces komunikacji z Tob\u0105. Aktywny przycisk przekieruje odwiedzaj\u0105cych na stron\u0119 sk\u0142adania zam\u00f3wienia i pomo\u017ce Ci zwi\u0119kszy\u0107 poziom sprzeda\u017cy.<\/p>\n<\/div>\n\n<div class=\"faq\" data-component=\"FAQ\">\n    <div class=\"faq-item\">\r\n\t\t\t\t\t<div class=\"faq-item-question\">\r\n\t\t\t\t\t\t<h3 class=\"faq-item-question-text\">Gdzie mog\u0119 zainstalowa\u0107 wtyczk\u0119?<\/h3>\r\n\r\n\t\t\t\t\t\t<div class=\"faq-item-question-icon\"><\/div>\r\n\t\t\t\t\t<\/div>\r\n\r\n\t\t\t\t\t<div class=\"faq-item-answer\">\r\n\t\t\t\t\t\t<div class=\"faq-item-answer-text\">\n    <p>Widget mo\u017cna umie\u015bci\u0107 na dowolnej stronie serwisu lub na wszystkich stronach.<\/p>\n    <\/div>\r\n\t\t\t\t\t<\/div>\r\n\t\t\t\t<\/div>\n    <div class=\"faq-item\">\r\n\t\t\t\t\t<div class=\"faq-item-question\">\r\n\t\t\t\t\t\t<h3 class=\"faq-item-question-text\">Jakie korzy\u015bci mi to da?<\/h3>\r\n\r\n\t\t\t\t\t\t<div class=\"faq-item-question-icon\"><\/div>\r\n\t\t\t\t\t<\/div>\r\n\r\n\t\t\t\t\t<div class=\"faq-item-answer\">\r\n\t\t\t\t\t\t<div class=\"faq-item-answer-text\">\n    <p>Fascynuj\u0105ca kolekcja Twoich prac poka\u017ce u\u017cytkownikom wszystkie Twoje wspania\u0142e umiej\u0119tno\u015bci i kreatywno\u015b\u0107. Z ch\u0119ci\u0105 dowiedz\u0105 si\u0119 o Twoim do\u015bwiadczeniu, a Ty zyskasz nowych klient\u00f3w.<\/p>\n    <\/div>\r\n\t\t\t\t\t<\/div>\r\n\t\t\t\t<\/div>\n    <div class=\"faq-item\">\r\n\t\t\t\t\t<div class=\"faq-item-question\">\r\n\t\t\t\t\t\t<h3 class=\"faq-item-question-text\">Jak osadzi\u0107 portfolio na mojej stronie Drupal?<\/h3>\r\n\r\n\t\t\t\t\t\t<div class=\"faq-item-question-icon\"><\/div>\r\n\t\t\t\t\t<\/div>\r\n\r\n\t\t\t\t\t<div class=\"faq-item-answer\">\r\n\t\t\t\t\t\t<div class=\"faq-item-answer-text\">\n    <p>Proces integracji jest niezwykle szybki, bezp\u0142atny i nie obejmuje kodowania. Za po\u015brednictwem naszej us\u0142ugi istnieje mo\u017cliwo\u015b\u0107 skonfigurowania portfolio na swojej stronie internetowej. Aby to zrobi\u0107, musisz zapozna\u0107 si\u0119 z instrukcjami poni\u017cej na tej stronie.<\/p>\n    <\/div>\r\n\t\t\t\t\t<\/div>\r\n\t\t\t\t<\/div>\n<\/div>\n\n<div class=\"application-platform-content-item-features application-platform-content-item\" id=\"features\" data-nav-section=\"features\">\n<h2>Funkcje<\/h2>\n<p>Aby lepiej pozna\u0107 wid\u017cet, mo\u017cesz przejrze\u0107 list\u0119 najwa\u017cniejszych cech. Dzi\u0119ki nim nasz widget jest dla Ciebie naprawd\u0119 skuteczny:<\/p>\n<ul>\n    <li>Ustaw wiele projekt\u00f3w i dodaj ich tytu\u0142y;<\/li>\n    <li>Tw\u00f3rz kategorie i dziel na nie projekty<\/li>\n    <li>Zdecyduj, jakie dane maj\u0105 by\u0107 wy\u015bwietlane w wyskakuj\u0105cym okienku i po najechaniu myszk\u0105;<\/li>\n    <li>Mo\u017cliwo\u015b\u0107 wpisywania tekst\u00f3w i przypisania dat do materia\u0142\u00f3w w projekcie<\/li>\n    <li>Przycisk wezwania do dzia\u0142ania w nag\u0142\u00f3wku oraz w wyskakuj\u0105cym okienku przekierowuje klienta do dowolnej strony internetowej<\/li>\n<\/ul>\n<p><a href=\"#demo\">Sprawd\u017a pe\u0142n\u0105 list\u0119 funkcji w naszej wersji demonstracyjnej<\/a><\/p>\n<\/div>\n\n<div class=\"application-platform-content-item-installation application-platform-content-item\" id=\"installation\" data-nav-section=\"installation\">\n<h2>Jak osadzi\u0107 portfolio na mojej stronie Drupal?<\/h2>\n<p>Wystarczy wykona\u0107 kilka krok\u00f3w podanych poni\u017cej, aby rozpocz\u0105\u0107 prac\u0119 z narz\u0119dziem na Drupalu.<\/p>\n<ol>\n    <li><b>Zarz\u0105dzaj naszym bezp\u0142atnym konfiguratorem i zacznij tworzy\u0107 w\u0142asny modu\u0142. <\/b><br> Znajd\u017a preferowan\u0105 form\u0119 i aspekty wtyczki i zapisz zmiany. <\/li>\n    <li><b>Zdob\u0105d\u017a indywidualny kod pokazany w ramce aplikacji Elfsight. <\/b><br> Zaraz po zako\u0144czeniu konfiguracji modu\u0142u skopiuj indywidualny kod z wy\u015bwietlonego wyskakuj\u0105cego okienka i zapisz go na p\u00f3\u017aniej. <\/li>\n    <li><b>Rozpocznij korzystanie z modu\u0142u Portfolio na swojej stronie Drupal. <\/b><br> Wstaw ostatnio zapisany kod w swojej witrynie i zapisz ulepszenia. <\/li>\n    <li><b>Gotowe! Osadzanie zosta\u0142o pomy\u015blnie zako\u0144czone. <\/b><br> Przejd\u017a do swojej witryny, aby sprawdzi\u0107 dzia\u0142anie wtyczki. <\/li>\n<\/ol>\n<p>Je\u015bli napotkasz pewne trudno\u015bci, nie b\u00f3j si\u0119 zwr\u00f3ci\u0107 si\u0119 do naszego zespo\u0142u wsparcia. Nasi specjali\u015bci z przyjemno\u015bci\u0105 rozwi\u0105\u017c\u0105 wszystkie problemy, jakie mo\u017cesz mie\u0107 z wid\u017cetem.<\/p>\n<\/div>","protected":false},"excerpt":{"rendered":"","protected":false},"author":9,"featured_media":0,"parent":2889,"menu_order":0,"comment_status":"closed","ping_status":"closed","template":"templates\/template-application-platform.php","meta":{"publish_to_discourse":"","publish_post_category":"","wpdc_auto_publish_overridden":"","wpdc_topic_tags":"","wpdc_pin_topic":"","wpdc_pin_until":"","discourse_post_id":"","discourse_permalink":"","wpdc_publishing_response":"","wpdc_publishing_error":"","footnotes":""},"class_list":["post-6094","page","type-page","status-publish","hentry"],"yoast_head":"<!-- This site is optimized with the Yoast SEO plugin v25.3.1 - https:\/\/yoast.com\/wordpress\/plugins\/seo\/ -->\n<title>Drupal Portfolio \u2014 Dodaj modu\u0142 Portfolio do strony Drupal [2026]<\/title>\n<meta name=\"description\" content=\"Utw\u00f3rz i dostosuj modu\u0142 Portfolio i osad\u017a go w swojej witrynie Drupal szybko i \u0142atwo. Uzyskaj bezp\u0142atn\u0105 obs\u0142ug\u0119 klienta i inne bonusy!\" \/>\n<meta name=\"robots\" content=\"index, follow, max-snippet:-1, max-image-preview:large, max-video-preview:-1\" \/>\n<link rel=\"canonical\" href=\"https:\/\/elfsight.com\/pl\/portfolio-widget\/drupal\/\" \/>\n<meta property=\"og:locale\" content=\"pl_PL\" \/>\n<meta property=\"og:type\" content=\"article\" \/>\n<meta property=\"og:title\" content=\"Drupal Portfolio \u2014 Dodaj modu\u0142 Portfolio do strony Drupal [2026]\" \/>\n<meta property=\"og:description\" content=\"Utw\u00f3rz i dostosuj modu\u0142 Portfolio i osad\u017a go w swojej witrynie Drupal szybko i \u0142atwo. Uzyskaj bezp\u0142atn\u0105 obs\u0142ug\u0119 klienta i inne bonusy!\" \/>\n<meta property=\"og:url\" content=\"https:\/\/elfsight.com\/pl\/portfolio-widget\/drupal\/\" \/>\n<meta property=\"og:site_name\" content=\"Elfsight PL\" \/>\n<meta property=\"article:modified_time\" content=\"2025-06-26T16:33:37+00:00\" \/>\n<meta name=\"twitter:card\" content=\"summary_large_image\" \/>\n<meta name=\"twitter:label1\" content=\"Szacowany czas czytania\" \/>\n\t<meta name=\"twitter:data1\" content=\"3 minuty\" \/>\n<!-- \/ Yoast SEO plugin. -->","yoast_head_json":{"title":"Drupal Portfolio \u2014 Dodaj modu\u0142 Portfolio do strony Drupal [2026]","description":"Utw\u00f3rz i dostosuj modu\u0142 Portfolio i osad\u017a go w swojej witrynie Drupal szybko i \u0142atwo. Uzyskaj bezp\u0142atn\u0105 obs\u0142ug\u0119 klienta i inne bonusy!","robots":{"index":"index","follow":"follow","max-snippet":"max-snippet:-1","max-image-preview":"max-image-preview:large","max-video-preview":"max-video-preview:-1"},"canonical":"https:\/\/elfsight.com\/pl\/portfolio-widget\/drupal\/","og_locale":"pl_PL","og_type":"article","og_title":"Drupal Portfolio \u2014 Dodaj modu\u0142 Portfolio do strony Drupal [2026]","og_description":"Utw\u00f3rz i dostosuj modu\u0142 Portfolio i osad\u017a go w swojej witrynie Drupal szybko i \u0142atwo. Uzyskaj bezp\u0142atn\u0105 obs\u0142ug\u0119 klienta i inne bonusy!","og_url":"https:\/\/elfsight.com\/pl\/portfolio-widget\/drupal\/","og_site_name":"Elfsight PL","article_modified_time":"2025-06-26T16:33:37+00:00","twitter_card":"summary_large_image","twitter_misc":{"Szacowany czas czytania":"3 minuty"},"schema":{"@context":"https:\/\/schema.org","@graph":[{"@type":"WebPage","@id":"https:\/\/elfsight.com\/pl\/portfolio-widget\/drupal\/","url":"https:\/\/elfsight.com\/pl\/portfolio-widget\/drupal\/","name":"Drupal Portfolio \u2014 Dodaj modu\u0142 Portfolio do strony Drupal [2026]","isPartOf":{"@id":"https:\/\/elfsight.com\/pl\/#website"},"datePublished":"1970-01-01T00:00:00+00:00","dateModified":"2025-06-26T16:33:37+00:00","description":"Utw\u00f3rz i dostosuj modu\u0142 Portfolio i osad\u017a go w swojej witrynie Drupal szybko i \u0142atwo. Uzyskaj bezp\u0142atn\u0105 obs\u0142ug\u0119 klienta i inne bonusy!","breadcrumb":{"@id":"https:\/\/elfsight.com\/pl\/portfolio-widget\/drupal\/#breadcrumb"},"inLanguage":"pl-PL","potentialAction":[{"@type":"ReadAction","target":["https:\/\/elfsight.com\/pl\/portfolio-widget\/drupal\/"]}]},{"@type":"BreadcrumbList","@id":"https:\/\/elfsight.com\/pl\/portfolio-widget\/drupal\/#breadcrumb","itemListElement":[{"@type":"ListItem","position":1,"name":"Home","item":"https:\/\/elfsight.com\/pl\/"},{"@type":"ListItem","position":2,"name":"Portfolio","item":"https:\/\/elfsight.com\/pl\/portfolio-widget\/"},{"@type":"ListItem","position":3,"name":"Portfolio &#8211; Drupal"}]},{"@type":"WebSite","@id":"https:\/\/elfsight.com\/pl\/#website","url":"https:\/\/elfsight.com\/pl\/","name":"Elfsight PL","description":"Just another Elfsight Sites site","potentialAction":[{"@type":"SearchAction","target":{"@type":"EntryPoint","urlTemplate":"https:\/\/elfsight.com\/pl\/?s={search_term_string}"},"query-input":{"@type":"PropertyValueSpecification","valueRequired":true,"valueName":"search_term_string"}}],"inLanguage":"pl-PL"}]}},"meta_box":{"industry":"","seo_heading":"","heading":"","description":"","cta_heading":"","cta_description":"","application":"2888","h1":"Modu\u0142 portfela Drupala","h1_caption":"Wy\u015bwietlaj swoj\u0105 prac\u0119 w dostosowywalnym portfolio, dzi\u0119ki czemu mo\u017cesz \u0142atwo zaprezentowa\u0107 swoje projekty i osi\u0105gni\u0119cia na swojej stronie Drupal.","application_category":[],"applications_title":"","applications_request_title":"","applications_request_button_text":"","hero_text":"","hero_video":"","hero_video_schema_markup":"","selling_points_title":"","selling_points_caption":"","selling_points":[],"selling_points_cta_text":"","features_title":"","features":"","ed_cta_examples_text":"","ed_cta_examples_hidden":"","ed_cta_demo_text":"","ed_cta_demo_hidden":"","why_caption":"","why_editor_title":"","why_editor_text":"","why_team_title":"","why_team_text":"","why_service_title":"","why_service_text":"","template_catalog_visible":"0","template_catalog_title":"","template_catalog_text":"","template_catalog_categories_visible":"","demo_title":"Utw\u00f3rz modu\u0142 Portfolio","demo_caption":"Skonfiguruj swoje Portfolio i dodaj je do swojej witryny Drupal za darmo!","default_faq_hidden":"","app_template_category":[],"platform":"47","template_public_id":"","codecanyon_url":"","codecanyon_item_id":"","codecanyon_price":"","pricing_caption":"","pricing_elfsight_apps_hide_column":"","pricing_elfsight_apps_url":"","pricing_codecanyon_price_caption":"","integration_category":[],"integration_request_title":"","integration_request_cta":"","integration_platform":"","integrations":[],"platform_category":[],"video_schema_markup":"","price":"od 0 USD \/ miesi\u0105c","trial":"","benefits":[{"text":"Bezp\u0142atna us\u0142uga monta\u017cu"},{"text":"Wyj\u0105tkowe wsparcie"},{"text":"14-dniowa gwarancja zwrotu pieni\u0119dzy"}],"button_url":"#demo","button_target_blank":"0","button_nofollow":"0","attributes":[{"name":"Instaluje"},{"name":"Czu\u0142y"},{"name":"Kompatybilne przegl\u0105darki"}],"tags":[],"tags_disable_links":"0","hide_more_platforms":"0","video_object":"","demo_hide_cta":"0","demo_hide_cloud_options":"0","pricing_title":"","pricing":[{"pricing_icon":"platform","pricing_title":"Elfsight Apps","pricing_title_caption":"Oprogramowanie wieloplatformowe","pricing_price":"od 0 USD \/ miesi\u0105c","pricing_price_caption":"zacznij od bezp\u0142atnego planu","pricing_benefits":[{"text":"Nielimitowane domeny"},{"text":"Wsparcie 24\/7"},{"text":"Bezp\u0142atna pomoc w monta\u017cu"},{"text":"Oferta ograniczona czasowo dla wielu aplikacji"}],"pricing_button_text":"Dodaj do witryny","pricing_button_url":"#demo"}],"related_apps_title":"","related_apps_hidden":"0","author":"","image":[],"title":"","job":"","social_networks":[]},"_links":{"self":[{"href":"https:\/\/elfsight.com\/pl\/wp-json\/wp\/v2\/pages\/6094","targetHints":{"allow":["GET"]}}],"collection":[{"href":"https:\/\/elfsight.com\/pl\/wp-json\/wp\/v2\/pages"}],"about":[{"href":"https:\/\/elfsight.com\/pl\/wp-json\/wp\/v2\/types\/page"}],"author":[{"embeddable":true,"href":"https:\/\/elfsight.com\/pl\/wp-json\/wp\/v2\/users\/9"}],"replies":[{"embeddable":true,"href":"https:\/\/elfsight.com\/pl\/wp-json\/wp\/v2\/comments?post=6094"}],"version-history":[{"count":2,"href":"https:\/\/elfsight.com\/pl\/wp-json\/wp\/v2\/pages\/6094\/revisions"}],"predecessor-version":[{"id":10616,"href":"https:\/\/elfsight.com\/pl\/wp-json\/wp\/v2\/pages\/6094\/revisions\/10616"}],"up":[{"embeddable":true,"href":"https:\/\/elfsight.com\/pl\/wp-json\/wp\/v2\/pages\/2889"}],"wp:attachment":[{"href":"https:\/\/elfsight.com\/pl\/wp-json\/wp\/v2\/media?parent=6094"}],"curies":[{"name":"wp","href":"https:\/\/api.w.org\/{rel}","templated":true}]}}