{"id":6093,"date":"1970-01-01T00:00:00","date_gmt":"1970-01-01T00:00:00","guid":{"rendered":"https:\/\/elfsight.com\/pl\/?page_id=6093"},"modified":"2025-06-26T16:37:07","modified_gmt":"2025-06-26T16:37:07","slug":"elementor","status":"publish","type":"page","link":"https:\/\/elfsight.com\/pl\/portfolio-widget\/elementor\/","title":{"rendered":"Portfolio &#8211; Elementor"},"content":{"rendered":"<div class=\"application-platform-content-item-description application-platform-content-item\" id=\"description\" data-nav-section=\"description\"><h2>Osad\u017a portfolio na Elementorze za pomoc\u0105 wid\u017cetu Elfsight<\/h2><p>Widget Portfolio Elfsight pomo\u017ce ka\u017cdemu, kto chce osadzi\u0107 swoj\u0105 kolekcj\u0119 prac na witryn\u0119 i przyci\u0105gn\u0105\u0107 now\u0105 sprzeda\u017c. Za pomoc\u0105 naszego narz\u0119dzia mo\u017cesz wy\u015bwietla\u0107 kolekcje zdj\u0119\u0107, film\u00f3w, rysunk\u00f3w i innych materia\u0142\u00f3w. Ka\u017cdy element tre\u015bci mo\u017ce mie\u0107 szczeg\u00f3\u0142owy opis i dat\u0119. Masz mo\u017cliwo\u015b\u0107 linkowania projekt\u00f3w do ich stron internetowych i dzielenia projekt\u00f3w na kategorie. U\u017cytkownicy b\u0119d\u0105 przegl\u0105da\u0107 Twoje portfolio projekt\u00f3w, klika\u0107 projekt i przegl\u0105da\u0107 jego zawarto\u015b\u0107 bezpo\u015brednio na Twojej stronie. W nag\u0142\u00f3wku wid\u017cetu wy\u015bwietlane jest Twoje imi\u0119 i nazwisko, zdj\u0119cie oraz dane kontaktowe, kt\u00f3re umo\u017cliwiaj\u0105 komunikacj\u0119 z Tob\u0105. Przycisk wezwania do dzia\u0142ania przeniesie u\u017cytkownik\u00f3w na stron\u0119 sk\u0142adania zam\u00f3wienia i pomo\u017ce Ci zwi\u0119kszy\u0107 wielko\u015b\u0107 sprzeda\u017cy.<\/p><div class=\"faq\" data-component=\"FAQ\"> <div class=\"faq-item\">\r\n\t\t\t\t\t<div class=\"faq-item-question\">\r\n\t\t\t\t\t\t<h3 class=\"faq-item-question-text\">Gdzie na mojej stronie mog\u0119 umie\u015bci\u0107 wid\u017cet<\/h3>\r\n\r\n\t\t\t\t\t\t<div class=\"faq-item-question-icon\"><\/div>\r\n\t\t\t\t\t<\/div>\r\n\r\n\t\t\t\t\t<div class=\"faq-item-answer\">\r\n\t\t\t\t\t\t<div class=\"faq-item-answer-text\"><p>Ty mo\u017cemy zintegrowa\u0107 go z dowoln\u0105 stron\u0105 Twojej witryny, a tak\u017ce ze wszystkimi stronami internetowymi. Tw\u00f3j fascynuj\u0105cy szablon portfolio zostanie opublikowany na stronie g\u0142\u00f3wnej witryny i umo\u017cliwi wizualizacj\u0119 Twoich us\u0142ug na stronach Portfolio.<\/p><\/div>\r\n\t\t\t\t\t<\/div>\r\n\t\t\t\t<\/div><div class=\"faq-item\">\r\n\t\t\t\t\t<div class=\"faq-item-question\">\r\n\t\t\t\t\t\t<h3 class=\"faq-item-question-text\">Jakie s\u0105 dla mnie korzy\u015bci z osadzania Portfolio?<\/h3>\r\n\r\n\t\t\t\t\t\t<div class=\"faq-item-question-icon\"><\/div>\r\n\t\t\t\t\t<\/div>\r\n\r\n\t\t\t\t\t<div class=\"faq-item-answer\">\r\n\t\t\t\t\t\t<div class=\"faq-item-answer-text\"><p>Pi\u0119kna kolekcja Twoich prac ujawni odwiedzaj\u0105cym wszystkie Twoje wysokie umiej\u0119tno\u015bci i talenty. Sprawi, \u017ce oni r\u00f3wnie\u017c b\u0119d\u0105 ch\u0119tnie zamawia\u0107 Twoje us\u0142ugi, a Ty pozyskasz nowe zakupy. Dodatkowo, dzi\u0119ki wygodnym sposobom kontaktu z Tob\u0105, zwi\u0119kszysz liczb\u0119 lead\u00f3w.<\/p><\/div>\r\n\t\t\t\t\t<\/div>\r\n\t\t\t\t<\/div><div class=\"faq-item\">\r\n\t\t\t\t\t<div class=\"faq-item-question\">\r\n\t\t\t\t\t\t<h3 class=\"faq-item-question-text\">Czego potrzebuj\u0119, aby doda\u0107 Galeri\u0119 Portfolio do mojej witryny Elementor?<\/h3>\r\n\r\n\t\t\t\t\t\t<div class=\"faq-item-question-icon\"><\/div>\r\n\t\t\t\t\t<\/div>\r\n\r\n\t\t\t\t\t<div class=\"faq-item-answer\">\r\n\t\t\t\t\t\t<div class=\"faq-item-answer-text\"><p>Konfiguracja zajmuje tylko minut\u0119. Instalacja jest bardzo szybka, bezp\u0142atna i nie wymaga kodowania.<\/p><p>Mo\u017cesz umie\u015bci\u0107 szablon portfolio na stronie za po\u015brednictwem naszego serwisu. W tym celu u\u017cyj kr\u00f3tkiego opisu na tej stronie.<\/p><\/div>\r\n\t\t\t\t\t<\/div>\r\n\t\t\t\t<\/div><\/div><\/div><div class=\"application-platform-content-item-features application-platform-content-item\" id=\"features\" data-nav-section=\"features\"><h2>G\u0142\u00f3wne funkcje wid\u017cetu Portfolio<\/h2><p>Aby ukszta\u0142towa\u0107 pe\u0142ny odbi\u00f3r Elementor Photo &amp; Portfolio wideo, przejrzyj list\u0119 jego podstawowych funkcji. Sprawiaj\u0105, \u017ce wid\u017cet jest maksymalnie korzystny dla Twojej firmy:<\/p><ul><li>Wy\u015bwietlaj wiele projekt\u00f3w i dodawaj tytu\u0142y projekt\u00f3w;<\/li><li>Ustaw kategorie i \u0142\u0105cz w nich projekty;<\/li><li> Wybierz typ danych wy\u015bwietlanych w wyskakuj\u0105cym okienku i po najechaniu myszk\u0105;<\/li><li>Mo\u017cliwo\u015b\u0107 dodawania opis\u00f3w i przypisania dat do plik\u00f3w w projekcie;<\/li><li>Przycisk wezwania do dzia\u0142ania na wid\u017cecie nag\u0142\u00f3wku i w wyskakuj\u0105cym okienku przekierowuje klient\u00f3w na dowoln\u0105 stron\u0119.<\/li><\/ul><p><a href=\"#demo\">Demo na \u017cywo poka\u017ce Ci wszystkie funkcje<\/a><\/p><\/div><div class=\"application-platform-content-item-installation application-platform-content-item\" id=\"installation\" data-nav-section=\"installation\"><h2>Jak utworzy\u0107 wid\u017cet Portfolio na swojej stronie Elementora<\/h2><div class=\"video-container\"><iframe width=\"720\" height=\"405\" src=\"https:\/\/www.youtube.com\/embed\/H_3LicRtHrY\" frameborder=\"0\" allowfullscreen=\"\"><\/iframe><\/div><p>Te kilka czynno\u015bci to jedyne, czego potrzebujesz, aby skonfigurowa\u0107 wtyczk\u0119 na swojej stronie internetowej. Zajmie to kilka minut i nie wymaga kodowania.<\/p><ol><li><b>Utw\u00f3rz spersonalizowan\u0105 wtyczk\u0119 Elementor Portfolio<\/b><br> W naszym bezp\u0142atnym konfiguratorze ustaw utw\u00f3rz wid\u017cet z niestandardowym szablonem i cechami funkcjonalnymi.<\/li><li><b>Uzyskaj osobisty kod do integracji wtyczki<\/b><br> Po utworzeniu wid\u017cetu otrzymasz unikalny kod od pojawiaj\u0105ce si\u0119 okno aplikacji Elfsight. Skopiuj ten kod do p\u00f3\u017aniejszego wykorzystania.<\/li> <li><b>Zintegruj wtyczk\u0119 na swojej stronie Elementora<\/b><br> Przejd\u017a do obszaru, do kt\u00f3rego chcesz doda\u0107 wid\u017cet i wklej tam skopiowany kod. Opublikuj wyniki.<\/li> <li><b>Instalacja zosta\u0142a w pe\u0142ni przeprowadzona<\/b><br> Odwied\u017a witryn\u0119 i obejrzyj swoje portfolio.<\/li> <\/ol><p>Nadal w\u0105tpi\u0107 w co\u015b? Albo natkn\u0105\u0142e\u015b si\u0119 na co\u015b? Tylko jedna pro\u015bba do naszego dzia\u0142u obs\u0142ugi klienta pomo\u017ce w ka\u017cdej sprawie.<\/p><\/div>","protected":false},"excerpt":{"rendered":"","protected":false},"author":9,"featured_media":0,"parent":2889,"menu_order":0,"comment_status":"closed","ping_status":"closed","template":"templates\/template-application-platform.php","meta":{"publish_to_discourse":"","publish_post_category":"","wpdc_auto_publish_overridden":"","wpdc_topic_tags":"","wpdc_pin_topic":"","wpdc_pin_until":"","discourse_post_id":"","discourse_permalink":"","wpdc_publishing_response":"","wpdc_publishing_error":"","footnotes":""},"class_list":["post-6093","page","type-page","status-publish","hentry"],"yoast_head":"<!-- This site is optimized with the Yoast SEO plugin v25.3.1 - https:\/\/yoast.com\/wordpress\/plugins\/seo\/ -->\n<title>Najlepszy widget Portfolio dla strony Elementor (bezp\u0142atny i szybki)<\/title>\n<meta name=\"description\" content=\"Utworzenie szablonu wid\u017cetu Portfolio i dodanie go do witryny Elementor jest maksymalnie \u0142atwe. Obs\u0142uga klienta Elfsight jest bezp\u0142atna i szybka.\" \/>\n<meta name=\"robots\" content=\"index, follow, max-snippet:-1, max-image-preview:large, max-video-preview:-1\" \/>\n<link rel=\"canonical\" href=\"https:\/\/elfsight.com\/pl\/portfolio-widget\/elementor\/\" \/>\n<meta property=\"og:locale\" content=\"pl_PL\" \/>\n<meta property=\"og:type\" content=\"article\" \/>\n<meta property=\"og:title\" content=\"Najlepszy widget Portfolio dla strony Elementor (bezp\u0142atny i szybki)\" \/>\n<meta property=\"og:description\" content=\"Utworzenie szablonu wid\u017cetu Portfolio i dodanie go do witryny Elementor jest maksymalnie \u0142atwe. Obs\u0142uga klienta Elfsight jest bezp\u0142atna i szybka.\" \/>\n<meta property=\"og:url\" content=\"https:\/\/elfsight.com\/pl\/portfolio-widget\/elementor\/\" \/>\n<meta property=\"og:site_name\" content=\"Elfsight PL\" \/>\n<meta property=\"article:modified_time\" content=\"2025-06-26T16:37:07+00:00\" \/>\n<meta name=\"twitter:card\" content=\"summary_large_image\" \/>\n<meta name=\"twitter:label1\" content=\"Szacowany czas czytania\" \/>\n\t<meta name=\"twitter:data1\" content=\"3 minuty\" \/>\n<!-- \/ Yoast SEO plugin. -->","yoast_head_json":{"title":"Najlepszy widget Portfolio dla strony Elementor (bezp\u0142atny i szybki)","description":"Utworzenie szablonu wid\u017cetu Portfolio i dodanie go do witryny Elementor jest maksymalnie \u0142atwe. Obs\u0142uga klienta Elfsight jest bezp\u0142atna i szybka.","robots":{"index":"index","follow":"follow","max-snippet":"max-snippet:-1","max-image-preview":"max-image-preview:large","max-video-preview":"max-video-preview:-1"},"canonical":"https:\/\/elfsight.com\/pl\/portfolio-widget\/elementor\/","og_locale":"pl_PL","og_type":"article","og_title":"Najlepszy widget Portfolio dla strony Elementor (bezp\u0142atny i szybki)","og_description":"Utworzenie szablonu wid\u017cetu Portfolio i dodanie go do witryny Elementor jest maksymalnie \u0142atwe. Obs\u0142uga klienta Elfsight jest bezp\u0142atna i szybka.","og_url":"https:\/\/elfsight.com\/pl\/portfolio-widget\/elementor\/","og_site_name":"Elfsight PL","article_modified_time":"2025-06-26T16:37:07+00:00","twitter_card":"summary_large_image","twitter_misc":{"Szacowany czas czytania":"3 minuty"},"schema":{"@context":"https:\/\/schema.org","@graph":[{"@type":"WebPage","@id":"https:\/\/elfsight.com\/pl\/portfolio-widget\/elementor\/","url":"https:\/\/elfsight.com\/pl\/portfolio-widget\/elementor\/","name":"Najlepszy widget Portfolio dla strony Elementor (bezp\u0142atny i szybki)","isPartOf":{"@id":"https:\/\/elfsight.com\/pl\/#website"},"datePublished":"1970-01-01T00:00:00+00:00","dateModified":"2025-06-26T16:37:07+00:00","description":"Utworzenie szablonu wid\u017cetu Portfolio i dodanie go do witryny Elementor jest maksymalnie \u0142atwe. Obs\u0142uga klienta Elfsight jest bezp\u0142atna i szybka.","breadcrumb":{"@id":"https:\/\/elfsight.com\/pl\/portfolio-widget\/elementor\/#breadcrumb"},"inLanguage":"pl-PL","potentialAction":[{"@type":"ReadAction","target":["https:\/\/elfsight.com\/pl\/portfolio-widget\/elementor\/"]}]},{"@type":"BreadcrumbList","@id":"https:\/\/elfsight.com\/pl\/portfolio-widget\/elementor\/#breadcrumb","itemListElement":[{"@type":"ListItem","position":1,"name":"Home","item":"https:\/\/elfsight.com\/pl\/"},{"@type":"ListItem","position":2,"name":"Portfolio","item":"https:\/\/elfsight.com\/pl\/portfolio-widget\/"},{"@type":"ListItem","position":3,"name":"Portfolio &#8211; Elementor"}]},{"@type":"WebSite","@id":"https:\/\/elfsight.com\/pl\/#website","url":"https:\/\/elfsight.com\/pl\/","name":"Elfsight PL","description":"Just another Elfsight Sites site","potentialAction":[{"@type":"SearchAction","target":{"@type":"EntryPoint","urlTemplate":"https:\/\/elfsight.com\/pl\/?s={search_term_string}"},"query-input":{"@type":"PropertyValueSpecification","valueRequired":true,"valueName":"search_term_string"}}],"inLanguage":"pl-PL"}]}},"meta_box":{"industry":"","seo_heading":"","heading":"","description":"","cta_heading":"","cta_description":"","application":"2888","h1":"Najlepszy widget Portfolio Elementor","h1_caption":"Wy\u015bwietlaj swoj\u0105 prac\u0119 w dostosowywalnym portfolio, dzi\u0119ki czemu mo\u017cesz \u0142atwo zaprezentowa\u0107 swoje projekty i osi\u0105gni\u0119cia na swojej stronie internetowej Elementor.","application_category":[],"applications_title":"","applications_request_title":"","applications_request_button_text":"","hero_text":"","hero_video":"","hero_video_schema_markup":"","selling_points_title":"","selling_points_caption":"","selling_points":[],"selling_points_cta_text":"","features_title":"","features":"","ed_cta_examples_text":"","ed_cta_examples_hidden":"","ed_cta_demo_text":"","ed_cta_demo_hidden":"","why_caption":"","why_editor_title":"","why_editor_text":"","why_team_title":"","why_team_text":"","why_service_title":"","why_service_text":"","template_catalog_visible":"0","template_catalog_title":"","template_catalog_text":"","template_catalog_categories_visible":"","demo_title":"Utw\u00f3rz wid\u017cet Portfolio","demo_caption":"Skonfiguruj swoje Portfolio i dodaj je do swojej witryny Elementor za darmo!","default_faq_hidden":"","app_template_category":[],"platform":"268","template_public_id":"","codecanyon_url":"","codecanyon_item_id":"","codecanyon_price":"","pricing_caption":"","pricing_elfsight_apps_hide_column":"","pricing_elfsight_apps_url":"","pricing_codecanyon_price_caption":"","integration_category":[],"integration_request_title":"","integration_request_cta":"","integration_platform":"","integrations":[],"platform_category":[],"video_schema_markup":"","price":"od 0 USD \/ miesi\u0105c","trial":"","benefits":[{"text":"Bezp\u0142atna pomoc w instalacji"},{"text":"Wsparcie premium"},{"text":"14-dniowa gwarancja zwrotu pieni\u0119dzy"}],"button_url":"#demo","button_target_blank":"0","button_nofollow":"0","attributes":[{"name":"Instaluje"},{"name":"Czu\u0142y"},{"name":"Kompatybilne przegl\u0105darki"}],"tags":[],"tags_disable_links":"0","hide_more_platforms":"0","video_object":"","demo_hide_cta":"0","demo_hide_cloud_options":"0","pricing_title":"","pricing":[{"pricing_icon":"platform","pricing_title":"Elfsight Apps","pricing_title_caption":"Oprogramowanie wieloplatformowe, kt\u00f3re pasuje do ka\u017cdej witryny internetowej","pricing_price":"od 0 USD \/ miesi\u0105c","pricing_price_caption":"zacznij od bezp\u0142atnego planu","pricing_benefits":[{"text":"Nielimitowane strony internetowe"},{"text":"Dedykowane wsparcie firmy i dobrze udokumentowane"},{"text":"Bezp\u0142atna us\u0142uga monta\u017cu"},{"text":"Cena do z\u0142apania dla wielu aplikacji"}],"pricing_button_text":"Dodaj do witryny","pricing_button_url":"#demo"}],"related_apps_title":"","related_apps_hidden":"0","author":"","image":[],"title":"","job":"","social_networks":[]},"_links":{"self":[{"href":"https:\/\/elfsight.com\/pl\/wp-json\/wp\/v2\/pages\/6093","targetHints":{"allow":["GET"]}}],"collection":[{"href":"https:\/\/elfsight.com\/pl\/wp-json\/wp\/v2\/pages"}],"about":[{"href":"https:\/\/elfsight.com\/pl\/wp-json\/wp\/v2\/types\/page"}],"author":[{"embeddable":true,"href":"https:\/\/elfsight.com\/pl\/wp-json\/wp\/v2\/users\/9"}],"replies":[{"embeddable":true,"href":"https:\/\/elfsight.com\/pl\/wp-json\/wp\/v2\/comments?post=6093"}],"version-history":[{"count":3,"href":"https:\/\/elfsight.com\/pl\/wp-json\/wp\/v2\/pages\/6093\/revisions"}],"predecessor-version":[{"id":10618,"href":"https:\/\/elfsight.com\/pl\/wp-json\/wp\/v2\/pages\/6093\/revisions\/10618"}],"up":[{"embeddable":true,"href":"https:\/\/elfsight.com\/pl\/wp-json\/wp\/v2\/pages\/2889"}],"wp:attachment":[{"href":"https:\/\/elfsight.com\/pl\/wp-json\/wp\/v2\/media?parent=6093"}],"curies":[{"name":"wp","href":"https:\/\/api.w.org\/{rel}","templated":true}]}}