{"id":6086,"date":"1970-01-01T00:00:00","date_gmt":"1970-01-01T00:00:00","guid":{"rendered":"https:\/\/elfsight.com\/pl\/?page_id=6086"},"modified":"2024-11-14T09:39:52","modified_gmt":"2024-11-14T09:39:52","slug":"magento","status":"publish","type":"page","link":"https:\/\/elfsight.com\/pl\/portfolio-widget\/magento\/","title":{"rendered":"Portfolio &#8211; Magento"},"content":{"rendered":"<div class=\"application-platform-content-item-description application-platform-content-item\" id=\"description\" data-nav-section=\"description\"><h2>Opis<\/h2><p>Rozszerzenie Portfolio Elfsight ma pom\u00f3c ka\u017cdemu u\u017cytkownikowi, kt\u00f3ry zamierza zademonstrowa\u0107 swoje portfolio projekt\u00f3w na stronie i uzyska\u0107 nowi klienci. Dzi\u0119ki temu narz\u0119dziu b\u0119dziesz mie\u0107 mo\u017cliwo\u015b\u0107 prezentowania obraz\u00f3w, tre\u015bci wideo, schemat\u00f3w i innych materia\u0142\u00f3w. Do ka\u017cdego pliku mo\u017ce by\u0107 do\u0142\u0105czony obszerny opis i data. Mo\u017cesz \u0142\u0105czy\u0107 projekty z ich witrynami i ustala\u0107 kategorie projekt\u00f3w. U\u017cytkownicy serwisu sprawdz\u0105 Twoje portfolio, otworz\u0105 ka\u017cdy projekt i obejrz\u0105 jego zawarto\u015b\u0107 bezpo\u015brednio na stronie. Nag\u0142\u00f3wek rozszerzenia zawiera Twoje imi\u0119 i nazwisko, zdj\u0119cie oraz dane kontaktowe, dzi\u0119ki kt\u00f3rym mo\u017cesz si\u0119 z Tob\u0105 skontaktowa\u0107. Aktywny przycisk przeniesie u\u017cytkownik\u00f3w na stron\u0119 zakupu i pomo\u017ce Ci zwi\u0119kszy\u0107 sprzeda\u017c.<\/p><div class=\"faq\" data-component=\"FAQ\"> <div class=\"faq-item\">\r\n\t\t\t\t\t<div class=\"faq-item-question\">\r\n\t\t\t\t\t\t<h3 class=\"faq-item-question-text\">Gdzie w mojej witrynie mog\u0119 to doda\u0107<\/h3>\r\n\r\n\t\t\t\t\t\t<div class=\"faq-item-question-icon\"><\/div>\r\n\t\t\t\t\t<\/div>\r\n\r\n\t\t\t\t\t<div class=\"faq-item-answer\">\r\n\t\t\t\t\t\t<div class=\"faq-item-answer-text\"><p> Rozszerzenie mo\u017ce pojawi\u0107 si\u0119 na dowolnej stronie Twojej witryny internetowej lub na wszystkich stronach internetowych. Twoje przyci\u0105gaj\u0105ce wzrok prace przyci\u0105gn\u0105 maksymaln\u0105 uwag\u0119, gdy zostan\u0105 umieszczone na stronie g\u0142\u00f3wnej witryny i mog\u0105 wizualnie wspiera\u0107 Twoje us\u0142ugi na stronach Portfolio.<\/p><\/div>\r\n\t\t\t\t\t<\/div>\r\n\t\t\t\t<\/div><div class=\"faq-item\">\r\n\t\t\t\t\t<div class=\"faq-item-question\">\r\n\t\t\t\t\t\t<h3 class=\"faq-item-question-text\">Jakie korzy\u015bci odnios\u0119 z rozszerzenia? <\/h3>\r\n\r\n\t\t\t\t\t\t<div class=\"faq-item-question-icon\"><\/div>\r\n\t\t\t\t\t<\/div>\r\n\r\n\t\t\t\t\t<div class=\"faq-item-answer\">\r\n\t\t\t\t\t\t<div class=\"faq-item-answer-text\"><p>Imponuj\u0105ce portfolio zawieraj\u0105ce Twoje projekty zademonstruje odbiorcom wszystkie Twoje wspania\u0142e umiej\u0119tno\u015bci i talenty. B\u0119d\u0105 chcieli mie\u0107 to samo, a ty zyskasz nowych klient\u00f3w. Ponadto dzi\u0119ki szybkiemu sposobowi skontaktowania si\u0119 z Tob\u0105 b\u0119dziesz mie\u0107 wi\u0119cej potencjalnych klient\u00f3w.<\/p><\/div>\r\n\t\t\t\t\t<\/div>\r\n\t\t\t\t<\/div><div class=\"faq-item\">\r\n\t\t\t\t\t<div class=\"faq-item-question\">\r\n\t\t\t\t\t\t<h3 class=\"faq-item-question-text\">Jak doda\u0107 portfolio do mojej witryny Magento?<\/h3>\r\n\r\n\t\t\t\t\t\t<div class=\"faq-item-question-icon\"><\/div>\r\n\t\t\t\t\t<\/div>\r\n\r\n\t\t\t\t\t<div class=\"faq-item-answer\">\r\n\t\t\t\t\t\t<div class=\"faq-item-answer-text\"><p>B\u0119dziesz potrzebujesz tylko minuty, aby osadzi\u0107 rozszerzenie na swojej stronie. Jest to naprawd\u0119 szybkie, bezp\u0142atne i nie wymaga kodowania.<\/p><p>W naszym serwisie istnieje mo\u017cliwo\u015b\u0107 zintegrowania wid\u017cetu z Twoj\u0105 witryn\u0105. Wystarczy zapozna\u0107 si\u0119 z instrukcjami znajduj\u0105cymi si\u0119 poni\u017cej na tej stronie.<\/p><\/div>\r\n\t\t\t\t\t<\/div>\r\n\t\t\t\t<\/div><\/div><\/div><div class=\"application-platform-content-item-features application-platform-content-item\" id=\"features\" data-nav-section=\"features\"><h2>Funkcje<\/h2><p>Aby nada\u0107 bardziej przejrzysty kszta\u0142t znajomo\u015b\u0107 Portfolio Magento, przejrzyj list\u0119 niezb\u0119dnych funkcji. Sprawiaj\u0105, \u017ce rozszerzenie jest dla Ciebie maksymalnie korzystne:<\/p><ul><li>Dodaj wiele projekt\u00f3w z tytu\u0142ami projekt\u00f3w;<\/li><li>Ustaw kategorie i podziel na nie projekty;<\/li><li>Ustaw, co informacje wy\u015bwietlane w wyskakuj\u0105cym okienku i po najechaniu myszk\u0105;<\/li><li>Opcja wpisywania tekst\u00f3w i przypisania dat do wszystkich plik\u00f3w w projekcie;<\/li><li>Aktywny przycisk w nag\u0142\u00f3wku i w wyskakuj\u0105cym okienku przenosi klienta do dowolnego stronie internetowej.<\/li><\/ul><p><a href=\"#demo\">Poznaj wi\u0119cej funkcji w naszej wersji demonstracyjnej na \u017cywo<\/a><\/p><\/div><div class=\"application-platform-content-item-installation application-platform-content-item\" id=\"installation\" data-nav-section=\"installation\"><\/div><h2>Jak osadzi\u0107 rozszerzenie Portfolio na swojej stronie Magento<\/h2><p>Wystarczy wykona\u0107 kilka krok\u00f3w przedstawionych poni\u017cej, aby doda\u0107 rozszerzenie w Magento.<\/p> <ol><li><b>Otw\u00f3rz nasze bezp\u0142atne demo i rozpocznij tworzenie w\u0142asnego widgetu. <\/b><br> Okre\u015bl po\u017c\u0105dany wygl\u0105d i cechy wid\u017cetu i zapisz zmiany. <\/li> <li><b>Zdob\u0105d\u017a unikalny kod pojawiaj\u0105cy si\u0119 w oknie aplikacji Elfsight. <\/b><br> Po zako\u0144czeniu dostosowywania rozszerzenia Portfolio skopiuj kod osobisty w wy\u015bwietlonym oknie i zapisz go do dalszego wykorzystania. <\/li> <li><b>Wpisz ch\u0119\u0107 korzystania z rozszerzenia na swojej stronie g\u0142\u00f3wnej Magento. <\/b><br> Umie\u015b\u0107 zapisany wcze\u015bniej kod na swojej stronie i zapisz poprawki. <\/li> <li><b>Gotowe! Integracja zosta\u0142a pomy\u015blnie zako\u0144czona. <\/b><br> Przejd\u017a do swojej witryny i zobacz, jak dzia\u0142a narz\u0119dzie. <\/li><\/ol><p>Nadal nie jeste\u015b pewien? Albo masz problemy? Tylko jedno zg\u0142oszenie do naszego dzia\u0142u obs\u0142ugi klienta pomo\u017ce w ka\u017cdej sprawie.<\/p>","protected":false},"excerpt":{"rendered":"Jak osadzi\u0107 rozszerzenie Portfolio na swojej stronie MagentoWystarczy wykona\u0107 kilka krok\u00f3w przedstawionych poni\u017cej, aby doda\u0107 rozszerzenie w Magento. Otw\u00f3rz nasze bezp\u0142atne demo i rozpocznij tworzenie w\u0142asnego widgetu. Okre\u015bl po\u017c\u0105dany wygl\u0105d i cechy wid\u017cetu i zapisz zmiany. Zdob\u0105d\u017a unikalny kod pojawiaj\u0105cy si\u0119 w oknie aplikacji Elfsight. Po zako\u0144czeniu dostosowywania rozszerzenia Portfolio&#8230;","protected":false},"author":9,"featured_media":0,"parent":2889,"menu_order":0,"comment_status":"closed","ping_status":"closed","template":"templates\/template-application-platform.php","meta":{"publish_to_discourse":"","publish_post_category":"","wpdc_auto_publish_overridden":"","wpdc_topic_tags":"","wpdc_pin_topic":"","wpdc_pin_until":"","discourse_post_id":"","discourse_permalink":"","wpdc_publishing_response":"","wpdc_publishing_error":"","footnotes":""},"class_list":["post-6086","page","type-page","status-publish","hentry"],"yoast_head":"<!-- This site is optimized with the Yoast SEO plugin v25.3.1 - https:\/\/yoast.com\/wordpress\/plugins\/seo\/ -->\n<title>Portfolio Magento | Dodaj rozszerzenie Portfolio Gallery dla witryny Magento<\/title>\n<meta name=\"description\" content=\"Dzi\u0119ki Elfsight mo\u017cesz b\u0142yskawicznie stworzy\u0107 rozszerzenie portfolio i doda\u0107 je do swojej witryny Magento. Oferujemy bezp\u0142atn\u0105 obs\u0142ug\u0119 klienta i inne bonusy.\" \/>\n<meta name=\"robots\" content=\"index, follow, max-snippet:-1, max-image-preview:large, max-video-preview:-1\" \/>\n<link rel=\"canonical\" href=\"https:\/\/elfsight.com\/pl\/portfolio-widget\/magento\/\" \/>\n<meta property=\"og:locale\" content=\"pl_PL\" \/>\n<meta property=\"og:type\" content=\"article\" \/>\n<meta property=\"og:title\" content=\"Portfolio Magento | Dodaj rozszerzenie Portfolio Gallery dla witryny Magento\" \/>\n<meta property=\"og:description\" content=\"Dzi\u0119ki Elfsight mo\u017cesz b\u0142yskawicznie stworzy\u0107 rozszerzenie portfolio i doda\u0107 je do swojej witryny Magento. Oferujemy bezp\u0142atn\u0105 obs\u0142ug\u0119 klienta i inne bonusy.\" \/>\n<meta property=\"og:url\" content=\"https:\/\/elfsight.com\/pl\/portfolio-widget\/magento\/\" \/>\n<meta property=\"og:site_name\" content=\"Elfsight PL\" \/>\n<meta property=\"article:modified_time\" content=\"2024-11-14T09:39:52+00:00\" \/>\n<meta name=\"twitter:card\" content=\"summary_large_image\" \/>\n<meta name=\"twitter:label1\" content=\"Szacowany czas czytania\" \/>\n\t<meta name=\"twitter:data1\" content=\"3 minuty\" \/>\n<!-- \/ Yoast SEO plugin. -->","yoast_head_json":{"title":"Portfolio Magento | Dodaj rozszerzenie Portfolio Gallery dla witryny Magento","description":"Dzi\u0119ki Elfsight mo\u017cesz b\u0142yskawicznie stworzy\u0107 rozszerzenie portfolio i doda\u0107 je do swojej witryny Magento. Oferujemy bezp\u0142atn\u0105 obs\u0142ug\u0119 klienta i inne bonusy.","robots":{"index":"index","follow":"follow","max-snippet":"max-snippet:-1","max-image-preview":"max-image-preview:large","max-video-preview":"max-video-preview:-1"},"canonical":"https:\/\/elfsight.com\/pl\/portfolio-widget\/magento\/","og_locale":"pl_PL","og_type":"article","og_title":"Portfolio Magento | Dodaj rozszerzenie Portfolio Gallery dla witryny Magento","og_description":"Dzi\u0119ki Elfsight mo\u017cesz b\u0142yskawicznie stworzy\u0107 rozszerzenie portfolio i doda\u0107 je do swojej witryny Magento. Oferujemy bezp\u0142atn\u0105 obs\u0142ug\u0119 klienta i inne bonusy.","og_url":"https:\/\/elfsight.com\/pl\/portfolio-widget\/magento\/","og_site_name":"Elfsight PL","article_modified_time":"2024-11-14T09:39:52+00:00","twitter_card":"summary_large_image","twitter_misc":{"Szacowany czas czytania":"3 minuty"},"schema":{"@context":"https:\/\/schema.org","@graph":[{"@type":"WebPage","@id":"https:\/\/elfsight.com\/pl\/portfolio-widget\/magento\/","url":"https:\/\/elfsight.com\/pl\/portfolio-widget\/magento\/","name":"Portfolio Magento | Dodaj rozszerzenie Portfolio Gallery dla witryny Magento","isPartOf":{"@id":"https:\/\/elfsight.com\/pl\/#website"},"datePublished":"1970-01-01T00:00:00+00:00","dateModified":"2024-11-14T09:39:52+00:00","description":"Dzi\u0119ki Elfsight mo\u017cesz b\u0142yskawicznie stworzy\u0107 rozszerzenie portfolio i doda\u0107 je do swojej witryny Magento. Oferujemy bezp\u0142atn\u0105 obs\u0142ug\u0119 klienta i inne bonusy.","breadcrumb":{"@id":"https:\/\/elfsight.com\/pl\/portfolio-widget\/magento\/#breadcrumb"},"inLanguage":"pl-PL","potentialAction":[{"@type":"ReadAction","target":["https:\/\/elfsight.com\/pl\/portfolio-widget\/magento\/"]}]},{"@type":"BreadcrumbList","@id":"https:\/\/elfsight.com\/pl\/portfolio-widget\/magento\/#breadcrumb","itemListElement":[{"@type":"ListItem","position":1,"name":"Home","item":"https:\/\/elfsight.com\/pl\/"},{"@type":"ListItem","position":2,"name":"Portfolio","item":"https:\/\/elfsight.com\/pl\/portfolio-widget\/"},{"@type":"ListItem","position":3,"name":"Portfolio &#8211; Magento"}]},{"@type":"WebSite","@id":"https:\/\/elfsight.com\/pl\/#website","url":"https:\/\/elfsight.com\/pl\/","name":"Elfsight PL","description":"Just another Elfsight Sites site","potentialAction":[{"@type":"SearchAction","target":{"@type":"EntryPoint","urlTemplate":"https:\/\/elfsight.com\/pl\/?s={search_term_string}"},"query-input":{"@type":"PropertyValueSpecification","valueRequired":true,"valueName":"search_term_string"}}],"inLanguage":"pl-PL"}]}},"meta_box":{"industry":"","seo_heading":"","heading":"","description":"","cta_heading":"","cta_description":"","application":"2888","h1":"Rozszerzenie portfolio Magento","h1_caption":"Wy\u015bwietlaj swoj\u0105 prac\u0119 w dostosowywalnym portfolio, dzi\u0119ki czemu mo\u017cesz \u0142atwo zaprezentowa\u0107 swoje projekty i osi\u0105gni\u0119cia na swojej stronie internetowej Magento.","application_category":[],"applications_title":"","applications_request_title":"","applications_request_button_text":"","hero_text":"","hero_video":"","hero_video_schema_markup":"","selling_points_title":"","selling_points_caption":"","selling_points":[],"selling_points_cta_text":"","features_title":"","features":"","ed_cta_examples_text":"","ed_cta_examples_hidden":"","ed_cta_demo_text":"","ed_cta_demo_hidden":"","why_caption":"","why_editor_title":"","why_editor_text":"","why_team_title":"","why_team_text":"","why_service_title":"","why_service_text":"","template_catalog_visible":"","template_catalog_title":"","template_catalog_text":"","template_catalog_categories_visible":"","demo_title":"Utw\u00f3rz rozszerzenie portfolio","demo_caption":"Skonfiguruj swoje Portfolio i dodaj je do swojej witryny Magento za darmo!","default_faq_hidden":"","app_template_category":[],"platform":"92","template_public_id":"","codecanyon_url":"","codecanyon_item_id":"","codecanyon_price":"","pricing_caption":"","pricing_elfsight_apps_hide_column":"","pricing_elfsight_apps_url":"","pricing_codecanyon_price_caption":"","integration_category":[],"integration_request_title":"","integration_request_cta":"","integration_platform":"","integrations":[],"platform_category":[],"video_schema_markup":"","price":"od 0 USD \/ miesi\u0105c","trial":"","benefits":[{"text":"Bezp\u0142atna us\u0142uga monta\u017cu"},{"text":"Kompetentna obs\u0142uga klienta"},{"text":"14-dniowa gwarancja zwrotu pieni\u0119dzy"}],"button_url":"#demo","button_target_blank":"","button_nofollow":"","attributes":[{"name":"Instaluje"},{"name":"Czu\u0142y"},{"name":"Kompatybilne przegl\u0105darki"}],"tags":[],"tags_disable_links":"","hide_more_platforms":"","video_object":"","demo_hide_cta":"","demo_hide_cloud_options":"","pricing_title":"","pricing":[{"pricing_icon":"platform","pricing_title":"Elfsight Apps","pricing_title_caption":"Rozwi\u0105zanie niezale\u017cne od platformy, kt\u00f3re dzia\u0142a na ka\u017cdej stronie internetowej","pricing_price":"od 0 USD \/ miesi\u0105c","pricing_price_caption":"zacznij od bezp\u0142atnego planu","pricing_benefits":[{"text":"Nielimitowane domeny"},{"text":"Profesjonalne wsparcie firmy i dobrze udokumentowane"},{"text":"Bezp\u0142atna pomoc w instalacji"},{"text":"W pe\u0142ni konfigurowalny"}],"pricing_button_text":"Dodaj do witryny","pricing_button_url":"#demo"}],"related_apps_title":"","related_apps_hidden":"","author":"","image":[],"title":"","job":"","social_networks":[]},"_links":{"self":[{"href":"https:\/\/elfsight.com\/pl\/wp-json\/wp\/v2\/pages\/6086","targetHints":{"allow":["GET"]}}],"collection":[{"href":"https:\/\/elfsight.com\/pl\/wp-json\/wp\/v2\/pages"}],"about":[{"href":"https:\/\/elfsight.com\/pl\/wp-json\/wp\/v2\/types\/page"}],"author":[{"embeddable":true,"href":"https:\/\/elfsight.com\/pl\/wp-json\/wp\/v2\/users\/9"}],"replies":[{"embeddable":true,"href":"https:\/\/elfsight.com\/pl\/wp-json\/wp\/v2\/comments?post=6086"}],"version-history":[{"count":1,"href":"https:\/\/elfsight.com\/pl\/wp-json\/wp\/v2\/pages\/6086\/revisions"}],"predecessor-version":[{"id":6090,"href":"https:\/\/elfsight.com\/pl\/wp-json\/wp\/v2\/pages\/6086\/revisions\/6090"}],"up":[{"embeddable":true,"href":"https:\/\/elfsight.com\/pl\/wp-json\/wp\/v2\/pages\/2889"}],"wp:attachment":[{"href":"https:\/\/elfsight.com\/pl\/wp-json\/wp\/v2\/media?parent=6086"}],"curies":[{"name":"wp","href":"https:\/\/api.w.org\/{rel}","templated":true}]}}