{"id":6085,"date":"1970-01-01T00:00:00","date_gmt":"1970-01-01T00:00:00","guid":{"rendered":"https:\/\/elfsight.com\/pl\/?page_id=6085"},"modified":"2024-11-14T09:39:52","modified_gmt":"2024-11-14T09:39:52","slug":"html","status":"publish","type":"page","link":"https:\/\/elfsight.com\/pl\/portfolio-widget\/html\/","title":{"rendered":"Portfolio &#8211; HTML"},"content":{"rendered":"<div class=\"application-platform-content-item-description application-platform-content-item\" id=\"description\" data-nav-section=\"description\"><h2>Opis<\/h2><p>Wid\u017cet Elfsight ma pom\u00f3c ka\u017cdej osobie, kt\u00f3ra ma za zadanie opublikowa\u0107 swoje aktywne portfolio w serwisie i przyci\u0105gn\u0105\u0107 \u015bwie\u017cych klient\u00f3w. Dzi\u0119ki temu narz\u0119dziu b\u0119dziesz m\u00f3g\u0142 wystawia\u0107 projekty ze zdj\u0119ciami, tre\u015bciami wideo, makietami i innymi materia\u0142ami. Ka\u017cdej tre\u015bci mo\u017ce towarzyszy\u0107 szczeg\u00f3\u0142owy opis i data. Mo\u017cesz \u0142\u0105czy\u0107 projekty z ich stronami internetowymi i tworzy\u0107 kategorie projekt\u00f3w. Twoi odbiorcy zobacz\u0105 Twoje portfolio projekt\u00f3w, klikn\u0105 ka\u017cdy projekt i zobacz\u0105 wszystkie prace bezpo\u015brednio na stronie. W nag\u0142\u00f3wku wy\u015bwietli si\u0119 Twoje imi\u0119 i nazwisko, zdj\u0119cie oraz dane kontaktowe, co u\u0142atwi kontakt z Tob\u0105. Przycisk wezwania do dzia\u0142ania przeniesie odwiedzaj\u0105cych na stron\u0119 zakupu i pomo\u017ce Ci zwi\u0119kszy\u0107 liczb\u0119 sprzeda\u017cy.<\/p><div class=\"faq\" data-component=\"FAQ\"> <div class=\"faq-item\">\r\n\t\t\t\t\t<div class=\"faq-item-question\">\r\n\t\t\t\t\t\t<h3 class=\"faq-item-question-text\">Gdzie mog\u0119 to wy\u015bwietli\u0107<\/h3>\r\n\r\n\t\t\t\t\t\t<div class=\"faq-item-question-icon\"><\/div>\r\n\t\t\t\t\t<\/div>\r\n\r\n\t\t\t\t\t<div class=\"faq-item-answer\">\r\n\t\t\t\t\t\t<div class=\"faq-item-answer-text\"><p> Wid\u017cet spe\u0142nia swoje zadanie na dowolnej stronie Twojej witryny i na wszystkich stronach. Twoja wspania\u0142a, prosta galeria portfolio przyci\u0105gnie uwag\u0119 odwiedzaj\u0105cych na stronie g\u0142\u00f3wnej witryny i mo\u017ce zapewni\u0107 wizualne wsparcie Twoich us\u0142ug na stronach portfolio.<\/p><\/div>\r\n\t\t\t\t\t<\/div>\r\n\t\t\t\t<\/div><div class=\"faq-item\">\r\n\t\t\t\t\t<div class=\"faq-item-question\">\r\n\t\t\t\t\t\t<h3 class=\"faq-item-question-text\">Jakie korzy\u015bci mo\u017ce mi to da\u0107?<\/h3>\r\n\r\n\t\t\t\t\t\t<div class=\"faq-item-question-icon\"><\/div>\r\n\t\t\t\t\t<\/div>\r\n\r\n\t\t\t\t\t<div class=\"faq-item-answer\">\r\n\t\t\t\t\t\t<div class=\"faq-item-answer-text\"> <p>Imponuj\u0105ca kolekcja Twoich prac udowodni u\u017cytkownikom wszystkie Twoje wysokie umiej\u0119tno\u015bci i talenty. Sprawi, \u017ce u\u017cytkownicy b\u0119d\u0105 ch\u0119tnie zamawia\u0107 to samo, a Ty zyskasz nowych klient\u00f3w. Ponadto dzi\u0119ki \u0142atwym sposobom skontaktowania si\u0119 z Tob\u0105 b\u0119dziesz mie\u0107 wi\u0119cej potencjalnych klient\u00f3w.<\/p><\/div>\r\n\t\t\t\t\t<\/div>\r\n\t\t\t\t<\/div><div class=\"faq-item\">\r\n\t\t\t\t\t<div class=\"faq-item-question\">\r\n\t\t\t\t\t\t<h3 class=\"faq-item-question-text\">Jak mog\u0119 osadzi\u0107 szablon portfolio w kodzie mojej witryny HTML?<\/h3>\r\n\r\n\t\t\t\t\t\t<div class=\"faq-item-question-icon\"><\/div>\r\n\t\t\t\t\t<\/div>\r\n\r\n\t\t\t\t\t<div class=\"faq-item-answer\">\r\n\t\t\t\t\t\t<div class=\"faq-item-answer-text\"><p>Wystarczy Ci tylko kilka minut czasu, aby to zrobi\u0107. Dodawanie jest bardzo szybkie, bezp\u0142atne i nie wymaga kodowania.<\/p><p>Istnieje mo\u017cliwo\u015b\u0107 wstawienia wid\u017cetu na stron\u0119 bezpo\u015brednio za po\u015brednictwem naszej us\u0142ugi. W tym celu post\u0119puj zgodnie z instrukcj\u0105 zamieszczon\u0105 poni\u017cej na tej stronie.<\/p><\/div>\r\n\t\t\t\t\t<\/div>\r\n\t\t\t\t<\/div><\/div><\/div><div class=\"application-platform-content-item-features application-platform-content-item\" id=\"features\" data-nav-section=\"features\"><h2>Funkcje<\/h2><p>Aby kszta\u0142towa\u0107 pe\u0142n\u0105 wiedz\u0119 HTML Portfolio, oto lista g\u0142\u00f3wnych funkcji. Sprawiaj\u0105, \u017ce nasz widget jest maksymalnie efektywny dla Twojej witryny:<\/p><ul><li>Pokazuj wiele projekt\u00f3w z tytu\u0142ami projekt\u00f3w;<\/li><li>Ustaw grupy i podziel na nie projekty;<\/li><li>Ustaw jakie informacje pokaza\u0107 w wyskakuj\u0105cym okienku i po najechaniu myszk\u0105;<\/li><li>Dodaj teksty i przypisz daty do prac w projekcie;<\/li><li>Pe\u0142na responsywno\u015b\u0107;<\/li><li>Call-to -przycisk akcji w nag\u0142\u00f3wku wid\u017cetu i w wyskakuj\u0105cym okienku przenosi klient\u00f3w na dowoln\u0105 stron\u0119.<\/li><\/ul><p><a href=\"#demo\">Demonstracja na \u017cywo poka\u017ce Ci pe\u0142n\u0105 list\u0119 funkcji<\/a><\/p><\/div><div class=\"application-platform-content-item-installation application-platform-content-item\" id=\"installation\" data-nav-section=\"installation\"><h2>Jak doda\u0107 szablon galerii portfolio do witryny HTML<\/h2><div class=\"video-container\"><iframe width=\"720\" height=\"405\" src=\"https:\/\/www.youtube.com\/embed\/7D7yK7aPl3Q\" frameborder=\"0\" allowfullscreen=\"\"><\/iframe><\/div><p>Kilka prostych czynno\u015bci to to jedyna rzecz, kt\u00f3r\u0105 musisz zrobi\u0107.<\/p><ol><li><b>Zbuduj sw\u00f3j osobisty, responsywny szablon portfolio<\/b><br> W naszej bezp\u0142atnej wersji demonstracyjnej utw\u00f3rz wid\u017cet z preferowanym uk\u0142adem i funkcjonalno\u015bci\u0105.<\/li><li><b>Uzyskaj osobisty kod umo\u017cliwiaj\u0105cy wy\u015bwietlenie wid\u017cetu<\/b><br> Po utworzeniu wtyczki otrzymasz unikalny kod z wy\u015bwietlonego okna aplikacji Elfsight. Skopiuj kod.<\/li> <li><b>Opublikuj wid\u017cet na swojej stronie HTML<\/b><br> Wybierz obszar, do kt\u00f3rego chcesz doda\u0107 wtyczk\u0119 i dodaj tam skopiowany kod portfolio. Opublikuj wyniki.<\/li> <li><b>Gotowe!<\/b><br> Odwied\u017a witryn\u0119, aby zobaczy\u0107 sw\u00f3j wid\u017cet.<\/li> <\/ol><p>Nadal masz w\u0105tpliwo\u015bci? Albo masz k\u0142opoty? Tylko jedna pro\u015bba do naszego zespo\u0142u obs\u0142ugi klienta pomo\u017ce w ka\u017cdym problemie.<\/p><\/div>","protected":false},"excerpt":{"rendered":"","protected":false},"author":9,"featured_media":0,"parent":2889,"menu_order":0,"comment_status":"closed","ping_status":"closed","template":"templates\/template-application-platform.php","meta":{"publish_to_discourse":"","publish_post_category":"","wpdc_auto_publish_overridden":"","wpdc_topic_tags":"","wpdc_pin_topic":"","wpdc_pin_until":"","discourse_post_id":"","discourse_permalink":"","wpdc_publishing_response":"","wpdc_publishing_error":"","footnotes":""},"class_list":["post-6085","page","type-page","status-publish","hentry"],"yoast_head":"<!-- This site is optimized with the Yoast SEO plugin v25.3.1 - https:\/\/yoast.com\/wordpress\/plugins\/seo\/ -->\n<title>Portfolio HTML \u2014 Dodaj galeri\u0119 portfolio do swojej witryny HTML [2025]<\/title>\n<meta name=\"description\" content=\"Utw\u00f3rz prosty szablon galerii portfolio i dodaj go do swojej witryny HTML. B\u0119dziesz cieszy\u0107 si\u0119 bezp\u0142atn\u0105 obs\u0142ug\u0105 klienta i innymi bonusami.\" \/>\n<meta name=\"robots\" content=\"index, follow, max-snippet:-1, max-image-preview:large, max-video-preview:-1\" \/>\n<link rel=\"canonical\" href=\"https:\/\/elfsight.com\/pl\/portfolio-widget\/html\/\" \/>\n<meta property=\"og:locale\" content=\"pl_PL\" \/>\n<meta property=\"og:type\" content=\"article\" \/>\n<meta property=\"og:title\" content=\"Portfolio HTML \u2014 Dodaj galeri\u0119 portfolio do swojej witryny HTML [2025]\" \/>\n<meta property=\"og:description\" content=\"Utw\u00f3rz prosty szablon galerii portfolio i dodaj go do swojej witryny HTML. B\u0119dziesz cieszy\u0107 si\u0119 bezp\u0142atn\u0105 obs\u0142ug\u0105 klienta i innymi bonusami.\" \/>\n<meta property=\"og:url\" content=\"https:\/\/elfsight.com\/pl\/portfolio-widget\/html\/\" \/>\n<meta property=\"og:site_name\" content=\"Elfsight PL\" \/>\n<meta property=\"article:modified_time\" content=\"2024-11-14T09:39:52+00:00\" \/>\n<meta name=\"twitter:card\" content=\"summary_large_image\" \/>\n<meta name=\"twitter:label1\" content=\"Szacowany czas czytania\" \/>\n\t<meta name=\"twitter:data1\" content=\"3 minuty\" \/>\n<!-- \/ Yoast SEO plugin. -->","yoast_head_json":{"title":"Portfolio HTML \u2014 Dodaj galeri\u0119 portfolio do swojej witryny HTML [2025]","description":"Utw\u00f3rz prosty szablon galerii portfolio i dodaj go do swojej witryny HTML. B\u0119dziesz cieszy\u0107 si\u0119 bezp\u0142atn\u0105 obs\u0142ug\u0105 klienta i innymi bonusami.","robots":{"index":"index","follow":"follow","max-snippet":"max-snippet:-1","max-image-preview":"max-image-preview:large","max-video-preview":"max-video-preview:-1"},"canonical":"https:\/\/elfsight.com\/pl\/portfolio-widget\/html\/","og_locale":"pl_PL","og_type":"article","og_title":"Portfolio HTML \u2014 Dodaj galeri\u0119 portfolio do swojej witryny HTML [2025]","og_description":"Utw\u00f3rz prosty szablon galerii portfolio i dodaj go do swojej witryny HTML. B\u0119dziesz cieszy\u0107 si\u0119 bezp\u0142atn\u0105 obs\u0142ug\u0105 klienta i innymi bonusami.","og_url":"https:\/\/elfsight.com\/pl\/portfolio-widget\/html\/","og_site_name":"Elfsight PL","article_modified_time":"2024-11-14T09:39:52+00:00","twitter_card":"summary_large_image","twitter_misc":{"Szacowany czas czytania":"3 minuty"},"schema":{"@context":"https:\/\/schema.org","@graph":[{"@type":"WebPage","@id":"https:\/\/elfsight.com\/pl\/portfolio-widget\/html\/","url":"https:\/\/elfsight.com\/pl\/portfolio-widget\/html\/","name":"Portfolio HTML \u2014 Dodaj galeri\u0119 portfolio do swojej witryny HTML [2025]","isPartOf":{"@id":"https:\/\/elfsight.com\/pl\/#website"},"datePublished":"1970-01-01T00:00:00+00:00","dateModified":"2024-11-14T09:39:52+00:00","description":"Utw\u00f3rz prosty szablon galerii portfolio i dodaj go do swojej witryny HTML. B\u0119dziesz cieszy\u0107 si\u0119 bezp\u0142atn\u0105 obs\u0142ug\u0105 klienta i innymi bonusami.","breadcrumb":{"@id":"https:\/\/elfsight.com\/pl\/portfolio-widget\/html\/#breadcrumb"},"inLanguage":"pl-PL","potentialAction":[{"@type":"ReadAction","target":["https:\/\/elfsight.com\/pl\/portfolio-widget\/html\/"]}]},{"@type":"BreadcrumbList","@id":"https:\/\/elfsight.com\/pl\/portfolio-widget\/html\/#breadcrumb","itemListElement":[{"@type":"ListItem","position":1,"name":"Home","item":"https:\/\/elfsight.com\/pl\/"},{"@type":"ListItem","position":2,"name":"Portfolio","item":"https:\/\/elfsight.com\/pl\/portfolio-widget\/"},{"@type":"ListItem","position":3,"name":"Portfolio &#8211; HTML"}]},{"@type":"WebSite","@id":"https:\/\/elfsight.com\/pl\/#website","url":"https:\/\/elfsight.com\/pl\/","name":"Elfsight PL","description":"Just another Elfsight Sites site","potentialAction":[{"@type":"SearchAction","target":{"@type":"EntryPoint","urlTemplate":"https:\/\/elfsight.com\/pl\/?s={search_term_string}"},"query-input":{"@type":"PropertyValueSpecification","valueRequired":true,"valueName":"search_term_string"}}],"inLanguage":"pl-PL"}]}},"meta_box":{"industry":"","seo_heading":"","heading":"","description":"","cta_heading":"","cta_description":"","application":"2888","h1":"Szablon galerii portfolio HTML","h1_caption":"Wy\u015bwietlaj swoj\u0105 prac\u0119 w dostosowywalnym portfolio, dzi\u0119ki czemu mo\u017cesz \u0142atwo zaprezentowa\u0107 swoje projekty i osi\u0105gni\u0119cia w witrynie HTML.","application_category":[],"applications_title":"","applications_request_title":"","applications_request_button_text":"","hero_text":"","hero_video":"","hero_video_schema_markup":"","selling_points_title":"","selling_points_caption":"","selling_points":[],"selling_points_cta_text":"","features_title":"","features":"","ed_cta_examples_text":"","ed_cta_examples_hidden":"","ed_cta_demo_text":"","ed_cta_demo_hidden":"","why_caption":"","why_editor_title":"","why_editor_text":"","why_team_title":"","why_team_text":"","why_service_title":"","why_service_text":"","template_catalog_visible":"","template_catalog_title":"","template_catalog_text":"","template_catalog_categories_visible":"","demo_title":"Utw\u00f3rz wid\u017cet Portfolio","demo_caption":"Skonfiguruj swoje portfolio i dodaj je do swojej witryny HTML za darmo!","default_faq_hidden":"","app_template_category":[],"platform":"50","template_public_id":"","codecanyon_url":"","codecanyon_item_id":"","codecanyon_price":"","pricing_caption":"","pricing_elfsight_apps_hide_column":"","pricing_elfsight_apps_url":"","pricing_codecanyon_price_caption":"","integration_category":[],"integration_request_title":"","integration_request_cta":"","integration_platform":"","integrations":[],"platform_category":[],"video_schema_markup":"","price":"od 0 USD \/ miesi\u0105c","trial":"","benefits":[{"text":"Bezp\u0142atna pomoc w monta\u017cu"},{"text":"Wsparcie premium"},{"text":"14-dniowa gwarancja zwrotu pieni\u0119dzy"}],"button_url":"#demo","button_target_blank":"","button_nofollow":"","attributes":[{"name":"Instaluje"},{"name":"Czu\u0142y"},{"name":"Kompatybilne przegl\u0105darki"}],"tags":[],"tags_disable_links":"","hide_more_platforms":"","video_object":"","demo_hide_cta":"","demo_hide_cloud_options":"","pricing_title":"","pricing":[{"pricing_icon":"platform","pricing_title":"Elfsight Apps","pricing_title_caption":"Oprogramowanie niezale\u017cne od platformy","pricing_price":"od 0 USD \/ miesi\u0105c","pricing_price_caption":"zacznij od bezp\u0142atnego planu","pricing_benefits":[{"text":"Nielimitowane strony internetowe"},{"text":"Bezp\u0142atna obs\u0142uga klienta i dobrze udokumentowana"},{"text":"Bezp\u0142atna us\u0142uga monta\u017cu"},{"text":"Specjalna oferta na wiele aplikacji"}],"pricing_button_text":"Dodaj do witryny","pricing_button_url":"#demo"}],"related_apps_title":"","related_apps_hidden":"","author":"","image":[],"title":"","job":"","social_networks":[]},"_links":{"self":[{"href":"https:\/\/elfsight.com\/pl\/wp-json\/wp\/v2\/pages\/6085","targetHints":{"allow":["GET"]}}],"collection":[{"href":"https:\/\/elfsight.com\/pl\/wp-json\/wp\/v2\/pages"}],"about":[{"href":"https:\/\/elfsight.com\/pl\/wp-json\/wp\/v2\/types\/page"}],"author":[{"embeddable":true,"href":"https:\/\/elfsight.com\/pl\/wp-json\/wp\/v2\/users\/9"}],"replies":[{"embeddable":true,"href":"https:\/\/elfsight.com\/pl\/wp-json\/wp\/v2\/comments?post=6085"}],"version-history":[{"count":2,"href":"https:\/\/elfsight.com\/pl\/wp-json\/wp\/v2\/pages\/6085\/revisions"}],"predecessor-version":[{"id":7955,"href":"https:\/\/elfsight.com\/pl\/wp-json\/wp\/v2\/pages\/6085\/revisions\/7955"}],"up":[{"embeddable":true,"href":"https:\/\/elfsight.com\/pl\/wp-json\/wp\/v2\/pages\/2889"}],"wp:attachment":[{"href":"https:\/\/elfsight.com\/pl\/wp-json\/wp\/v2\/media?parent=6085"}],"curies":[{"name":"wp","href":"https:\/\/api.w.org\/{rel}","templated":true}]}}