{"id":6079,"date":"1970-01-01T00:00:00","date_gmt":"1970-01-01T00:00:00","guid":{"rendered":"https:\/\/elfsight.com\/pl\/?page_id=6079"},"modified":"2024-11-14T09:39:52","modified_gmt":"2024-11-14T09:39:52","slug":"opencart","status":"publish","type":"page","link":"https:\/\/elfsight.com\/pl\/portfolio-widget\/opencart\/","title":{"rendered":"Portfolio &#8211; OpenCart"},"content":{"rendered":"<div class=\"application-platform-content-item-description application-platform-content-item\" id=\"description\" data-nav-section=\"description\"><h2>Opis<\/h2><p>Rozszerzenie Elfsight Portfolio zosta\u0142o stworzone, aby pom\u00f3c ka\u017cdemu u\u017cytkownikowi, kt\u00f3ry chce opublikowa\u0107 swoj\u0105 bibliotek\u0119 prac w serwisie i przyci\u0105gn\u0105\u0107 nowa sprzeda\u017c. Maj\u0105c to narz\u0119dzie, b\u0119dziesz mia\u0142 mo\u017cliwo\u015b\u0107 ujawniania obraz\u00f3w, tre\u015bci wideo, makiet i innych tre\u015bci projektu. Ka\u017cdy plik projektu mo\u017ce zawiera\u0107 kompleksowy opis i dat\u0119. Mo\u017cesz wi\u0105za\u0107 projekty z witrynami i dzieli\u0107 projekty na kategorie. U\u017cytkownicy b\u0119d\u0105 przegl\u0105da\u0107 Twoje portfolio, wchodzi\u0107 do ka\u017cdego projektu i studiowa\u0107 jego zawarto\u015b\u0107 bezpo\u015brednio na stronie internetowej. Nag\u0142\u00f3wek zawiera Twoje imi\u0119 i nazwisko, zdj\u0119cie oraz dane kontaktowe, kt\u00f3re pomog\u0105 Ci si\u0119 z Tob\u0105 skontaktowa\u0107. Przycisk wezwania do dzia\u0142ania przeniesie ludzi na stron\u0119 sk\u0142adania zam\u00f3wienia i pomo\u017ce Ci zwi\u0119kszy\u0107 sprzeda\u017c.<\/p><div class=\"faq\" data-component=\"FAQ\"> <div class=\"faq-item\">\r\n\t\t\t\t\t<div class=\"faq-item-question\">\r\n\t\t\t\t\t\t<h3 class=\"faq-item-question-text\">Gdzie mog\u0119 to zainstalowa\u0107<\/h3>\r\n\r\n\t\t\t\t\t\t<div class=\"faq-item-question-icon\"><\/div>\r\n\t\t\t\t\t<\/div>\r\n\r\n\t\t\t\t\t<div class=\"faq-item-answer\">\r\n\t\t\t\t\t\t<div class=\"faq-item-answer-text\"><p>Mo\u017cesz go zintegrowa\u0107 na dowolnej stronie serwisu lub na wszystkich stronach internetowych. Twoje wspania\u0142e, responsywne portfolio przyci\u0105gnie uwag\u0119 odwiedzaj\u0105cych na stronie g\u0142\u00f3wnej witryny i mo\u017ce zapewni\u0107 wizualne wsparcie Twoich ofert na stronach portfolio.<\/p><\/div>\r\n\t\t\t\t\t<\/div>\r\n\t\t\t\t<\/div><div class=\"faq-item\">\r\n\t\t\t\t\t<div class=\"faq-item-question\">\r\n\t\t\t\t\t\t<h3 class=\"faq-item-question-text\">Jakie korzy\u015bci mi to da?<\/h3>\r\n\r\n\t\t\t\t\t\t<div class=\"faq-item-question-icon\"><\/div>\r\n\t\t\t\t\t<\/div>\r\n\r\n\t\t\t\t\t<div class=\"faq-item-answer\">\r\n\t\t\t\t\t\t<div class=\"faq-item-answer-text\"><p>Wspania\u0142a kolekcja Twoich prac udowodni u\u017cytkownikom Twoje wysokie umiej\u0119tno\u015bci i kreatywno\u015b\u0107. Zaczn\u0105 chcie\u0107 mie\u0107 to samo, a Ty zyskasz nowych klient\u00f3w. Co wi\u0119cej, dzi\u0119ki wygodnym sposobom skontaktowania si\u0119 z Tob\u0105, b\u0119dziesz mie\u0107 wi\u0119cej potencjalnych klient\u00f3w.<\/p><\/div>\r\n\t\t\t\t\t<\/div>\r\n\t\t\t\t<\/div><div class=\"faq-item\">\r\n\t\t\t\t\t<div class=\"faq-item-question\">\r\n\t\t\t\t\t\t<h3 class=\"faq-item-question-text\">Czego potrzebuj\u0119, aby zainstalowa\u0107 Portfolio na mojej stronie OpenCart?<\/h3>\r\n\r\n\t\t\t\t\t\t<div class=\"faq-item-question-icon\"><\/div>\r\n\t\t\t\t\t<\/div>\r\n\r\n\t\t\t\t\t<div class=\"faq-item-answer\">\r\n\t\t\t\t\t\t<div class=\"faq-item-answer-text\"><p>Zainstalowanie i uruchomienie rozszerzenia zajmie Ci tylko dwie minuty. Proces integracji jest super szybki, bezp\u0142atny i bez konieczno\u015bci kodowania.<\/p><p>Modu\u0142 mo\u017cna zintegrowa\u0107 z naszym serwisem lub z marketplace. Mo\u017cesz por\u00f3wna\u0107 zalety obu opcji i wybra\u0107 bardziej odpowiedni\u0105.<\/p><\/div>\r\n\t\t\t\t\t<\/div>\r\n\t\t\t\t<\/div><\/div><\/div><div class=\"application-platform-content-item-features application-platform-content-item\" id=\"features\" data-nav-section=\"features\"><h2>Funkcje<\/h2><p>Aby mie\u0107 jasne zrozumienie rozszerzenia OpenCart Portfolio, odkryj list\u0119 jego podstawowych cech. Sprawiaj\u0105, \u017ce modu\u0142 jest niezwykle korzystny dla Twojej witryny:<\/p><ul><li>Dodawaj wiele projekt\u00f3w i dodawaj tytu\u0142y projekt\u00f3w;<\/li><li>Tw\u00f3rz grupy i \u0142\u0105cz z nimi projekty;<\/li><li> Ustaw typ danych wy\u015bwietlanych w wyskakuj\u0105cym okienku i po najechaniu myszk\u0105;<\/li><li>Mo\u017cliwo\u015b\u0107 wpisywania opis\u00f3w i przypisania dat do plik\u00f3w w projekcie;<\/li><li>Aktywny przycisk w nag\u0142\u00f3wku i w wyskakuj\u0105cym okienku zajmuje klientom dowoln\u0105 witryn\u0119 internetow\u0105.<\/li><\/ul><p><a href=\"#demo\">Sprawd\u017a pe\u0142n\u0105 list\u0119 funkcji w naszej wersji demonstracyjnej na \u017cywo<\/a><\/p><\/div><div class=\"application-platform-content-item-installation application-platform-content-item\" id=\"installation\" data-nav-section=\"installation\"><h2>Jak doda\u0107 rozszerzenie Portfolio do swojej witryny OpenCart<\/h2><p>Wystarczy wykona\u0107 kilka krok\u00f3w opisanych poni\u017cej, aby doda\u0107 wid\u017cet do OpenCart.<\/p> <ol><li><b>Uruchom nasze bezp\u0142atne demo i zacznij tworzy\u0107 swoje unikalne rozszerzenie. <\/b><br> Okre\u015bl po\u017c\u0105dany wygl\u0105d i specyfikacje rozszerzenia i zastosuj modyfikacje. <\/li> <li><b>Zdob\u0105d\u017a unikalny kod pojawiaj\u0105cy si\u0119 w polu w aplikacjach Elfsight. <\/b><br> Po zako\u0144czeniu tworzenia osobistego rozszerzenia Portfolio skopiuj ekskluzywny kod z wy\u015bwietlonego wyskakuj\u0105cego okienka i zachowaj go na przysz\u0142o\u015b\u0107. <\/li> <li><b>Rozpocznij stosowanie narz\u0119dzia na swojej stronie OpenCart. <\/b><br> Umie\u015b\u0107 ostatnio zapisany kod w swojej witrynie i zastosuj zmiany. <\/li> <li><b>Gotowe! Osadzanie zosta\u0142o w pe\u0142ni zako\u0144czone. <\/b><br> Wejd\u017a na swoj\u0105 stron\u0119 i sprawd\u017a dzia\u0142anie widgetu. <\/li><\/ol> <p>Nadal nie podj\u0105\u0142e\u015b decyzji? Lub masz pytania do zadania? Tylko jedno zg\u0142oszenie do naszego zespo\u0142u obs\u0142ugi klienta pomo\u017ce w rozwi\u0105zaniu ka\u017cdego problemu.<\/p><\/div>","protected":false},"excerpt":{"rendered":"","protected":false},"author":9,"featured_media":0,"parent":2889,"menu_order":0,"comment_status":"closed","ping_status":"closed","template":"templates\/template-application-platform.php","meta":{"publish_to_discourse":"","publish_post_category":"","wpdc_auto_publish_overridden":"","wpdc_topic_tags":"","wpdc_pin_topic":"","wpdc_pin_until":"","discourse_post_id":"","discourse_permalink":"","wpdc_publishing_response":"","wpdc_publishing_error":"","footnotes":""},"class_list":["post-6079","page","type-page","status-publish","hentry"],"yoast_head":"<!-- This site is optimized with the Yoast SEO plugin v25.3.1 - https:\/\/yoast.com\/wordpress\/plugins\/seo\/ -->\n<title>Najlepsze rozszerzenie portfolio dla witryny OpenCart (bezp\u0142atne i szybkie)<\/title>\n<meta name=\"description\" content=\"Utw\u00f3rz rozszerzenie Portfolio i dodaj je do swojej witryny OpenCart. Uzyskaj bezp\u0142atn\u0105 obs\u0142ug\u0119 klienta i inne korzy\u015bci od Elfsight.\" \/>\n<meta name=\"robots\" content=\"index, follow, max-snippet:-1, max-image-preview:large, max-video-preview:-1\" \/>\n<link rel=\"canonical\" href=\"https:\/\/elfsight.com\/pl\/portfolio-widget\/opencart\/\" \/>\n<meta property=\"og:locale\" content=\"pl_PL\" \/>\n<meta property=\"og:type\" content=\"article\" \/>\n<meta property=\"og:title\" content=\"Najlepsze rozszerzenie portfolio dla witryny OpenCart (bezp\u0142atne i szybkie)\" \/>\n<meta property=\"og:description\" content=\"Utw\u00f3rz rozszerzenie Portfolio i dodaj je do swojej witryny OpenCart. Uzyskaj bezp\u0142atn\u0105 obs\u0142ug\u0119 klienta i inne korzy\u015bci od Elfsight.\" \/>\n<meta property=\"og:url\" content=\"https:\/\/elfsight.com\/pl\/portfolio-widget\/opencart\/\" \/>\n<meta property=\"og:site_name\" content=\"Elfsight PL\" \/>\n<meta property=\"article:modified_time\" content=\"2024-11-14T09:39:52+00:00\" \/>\n<meta name=\"twitter:card\" content=\"summary_large_image\" \/>\n<meta name=\"twitter:label1\" content=\"Szacowany czas czytania\" \/>\n\t<meta name=\"twitter:data1\" content=\"3 minuty\" \/>\n<!-- \/ Yoast SEO plugin. -->","yoast_head_json":{"title":"Najlepsze rozszerzenie portfolio dla witryny OpenCart (bezp\u0142atne i szybkie)","description":"Utw\u00f3rz rozszerzenie Portfolio i dodaj je do swojej witryny OpenCart. Uzyskaj bezp\u0142atn\u0105 obs\u0142ug\u0119 klienta i inne korzy\u015bci od Elfsight.","robots":{"index":"index","follow":"follow","max-snippet":"max-snippet:-1","max-image-preview":"max-image-preview:large","max-video-preview":"max-video-preview:-1"},"canonical":"https:\/\/elfsight.com\/pl\/portfolio-widget\/opencart\/","og_locale":"pl_PL","og_type":"article","og_title":"Najlepsze rozszerzenie portfolio dla witryny OpenCart (bezp\u0142atne i szybkie)","og_description":"Utw\u00f3rz rozszerzenie Portfolio i dodaj je do swojej witryny OpenCart. Uzyskaj bezp\u0142atn\u0105 obs\u0142ug\u0119 klienta i inne korzy\u015bci od Elfsight.","og_url":"https:\/\/elfsight.com\/pl\/portfolio-widget\/opencart\/","og_site_name":"Elfsight PL","article_modified_time":"2024-11-14T09:39:52+00:00","twitter_card":"summary_large_image","twitter_misc":{"Szacowany czas czytania":"3 minuty"},"schema":{"@context":"https:\/\/schema.org","@graph":[{"@type":"WebPage","@id":"https:\/\/elfsight.com\/pl\/portfolio-widget\/opencart\/","url":"https:\/\/elfsight.com\/pl\/portfolio-widget\/opencart\/","name":"Najlepsze rozszerzenie portfolio dla witryny OpenCart (bezp\u0142atne i szybkie)","isPartOf":{"@id":"https:\/\/elfsight.com\/pl\/#website"},"datePublished":"1970-01-01T00:00:00+00:00","dateModified":"2024-11-14T09:39:52+00:00","description":"Utw\u00f3rz rozszerzenie Portfolio i dodaj je do swojej witryny OpenCart. Uzyskaj bezp\u0142atn\u0105 obs\u0142ug\u0119 klienta i inne korzy\u015bci od Elfsight.","breadcrumb":{"@id":"https:\/\/elfsight.com\/pl\/portfolio-widget\/opencart\/#breadcrumb"},"inLanguage":"pl-PL","potentialAction":[{"@type":"ReadAction","target":["https:\/\/elfsight.com\/pl\/portfolio-widget\/opencart\/"]}]},{"@type":"BreadcrumbList","@id":"https:\/\/elfsight.com\/pl\/portfolio-widget\/opencart\/#breadcrumb","itemListElement":[{"@type":"ListItem","position":1,"name":"Home","item":"https:\/\/elfsight.com\/pl\/"},{"@type":"ListItem","position":2,"name":"Portfolio","item":"https:\/\/elfsight.com\/pl\/portfolio-widget\/"},{"@type":"ListItem","position":3,"name":"Portfolio &#8211; OpenCart"}]},{"@type":"WebSite","@id":"https:\/\/elfsight.com\/pl\/#website","url":"https:\/\/elfsight.com\/pl\/","name":"Elfsight PL","description":"Just another Elfsight Sites site","potentialAction":[{"@type":"SearchAction","target":{"@type":"EntryPoint","urlTemplate":"https:\/\/elfsight.com\/pl\/?s={search_term_string}"},"query-input":{"@type":"PropertyValueSpecification","valueRequired":true,"valueName":"search_term_string"}}],"inLanguage":"pl-PL"}]}},"meta_box":{"industry":"","seo_heading":"","heading":"","description":"","cta_heading":"","cta_description":"","application":"2888","h1":"Rozszerzenie portfela OpenCart","h1_caption":"Wy\u015bwietlaj swoj\u0105 prac\u0119 w dostosowywalnym portfolio, dzi\u0119ki czemu mo\u017cesz \u0142atwo zaprezentowa\u0107 swoje projekty i osi\u0105gni\u0119cia na swojej stronie internetowej Opencart.","application_category":[],"applications_title":"","applications_request_title":"","applications_request_button_text":"","hero_text":"","hero_video":"","hero_video_schema_markup":"","selling_points_title":"","selling_points_caption":"","selling_points":[],"selling_points_cta_text":"","features_title":"","features":"","ed_cta_examples_text":"","ed_cta_examples_hidden":"","ed_cta_demo_text":"","ed_cta_demo_hidden":"","why_caption":"","why_editor_title":"","why_editor_text":"","why_team_title":"","why_team_text":"","why_service_title":"","why_service_text":"","template_catalog_visible":"","template_catalog_title":"","template_catalog_text":"","template_catalog_categories_visible":"","demo_title":"Utw\u00f3rz rozszerzenie portfolio","demo_caption":"Skonfiguruj swoje Portfolio i dodaj je do swojej witryny OpenCart za darmo!","default_faq_hidden":"","app_template_category":[],"platform":"107","template_public_id":"","codecanyon_url":"","codecanyon_item_id":"","codecanyon_price":"","pricing_caption":"","pricing_elfsight_apps_hide_column":"","pricing_elfsight_apps_url":"","pricing_codecanyon_price_caption":"","integration_category":[],"integration_request_title":"","integration_request_cta":"","integration_platform":"","integrations":[],"platform_category":[],"video_schema_markup":"","price":"od 0 USD \/ miesi\u0105c","trial":"","benefits":[{"text":"Bezp\u0142atna pomoc w monta\u017cu"},{"text":"Profesjonalna obs\u0142uga klienta"},{"text":"14-dniowa gwarancja zwrotu pieni\u0119dzy"}],"button_url":"#demo","button_target_blank":"","button_nofollow":"","attributes":[{"name":"Instaluje"},{"name":"Czu\u0142y"},{"name":"Kompatybilne przegl\u0105darki"}],"tags":[],"tags_disable_links":"","hide_more_platforms":"","video_object":"","demo_hide_cta":"","demo_hide_cloud_options":"","pricing_title":"","pricing":[{"pricing_icon":"platform","pricing_title":"Elfsight Apps","pricing_title_caption":"Rozwi\u0105zanie wieloplatformowe, kt\u00f3re dzia\u0142a na ka\u017cdej stronie internetowej","pricing_price":"od 0 USD \/ miesi\u0105c","pricing_price_caption":"zacznij od bezp\u0142atnego planu","pricing_benefits":[{"text":"Nielimitowane strony internetowe"},{"text":"Dedykowana obs\u0142uga klienta"},{"text":"Bezp\u0142atne wsparcie instalacyjne"},{"text":"100% konfigurowalny"}],"pricing_button_text":"Dodaj do witryny","pricing_button_url":"#demo"}],"related_apps_title":"","related_apps_hidden":"","author":"","image":[],"title":"","job":"","social_networks":[]},"_links":{"self":[{"href":"https:\/\/elfsight.com\/pl\/wp-json\/wp\/v2\/pages\/6079","targetHints":{"allow":["GET"]}}],"collection":[{"href":"https:\/\/elfsight.com\/pl\/wp-json\/wp\/v2\/pages"}],"about":[{"href":"https:\/\/elfsight.com\/pl\/wp-json\/wp\/v2\/types\/page"}],"author":[{"embeddable":true,"href":"https:\/\/elfsight.com\/pl\/wp-json\/wp\/v2\/users\/9"}],"replies":[{"embeddable":true,"href":"https:\/\/elfsight.com\/pl\/wp-json\/wp\/v2\/comments?post=6079"}],"version-history":[{"count":1,"href":"https:\/\/elfsight.com\/pl\/wp-json\/wp\/v2\/pages\/6079\/revisions"}],"predecessor-version":[{"id":6083,"href":"https:\/\/elfsight.com\/pl\/wp-json\/wp\/v2\/pages\/6079\/revisions\/6083"}],"up":[{"embeddable":true,"href":"https:\/\/elfsight.com\/pl\/wp-json\/wp\/v2\/pages\/2889"}],"wp:attachment":[{"href":"https:\/\/elfsight.com\/pl\/wp-json\/wp\/v2\/media?parent=6079"}],"curies":[{"name":"wp","href":"https:\/\/api.w.org\/{rel}","templated":true}]}}