{"id":6078,"date":"1970-01-01T00:00:00","date_gmt":"1970-01-01T00:00:00","guid":{"rendered":"https:\/\/elfsight.com\/pl\/?page_id=6078"},"modified":"2025-06-26T16:37:55","modified_gmt":"2025-06-26T16:37:55","slug":"shopify","status":"publish","type":"page","link":"https:\/\/elfsight.com\/pl\/portfolio-widget\/shopify\/","title":{"rendered":"Portfolio &#8211; Shopify"},"content":{"rendered":"<div class=\"application-platform-content-item-description application-platform-content-item\" id=\"description\" data-nav-section=\"description\"><h2>Osad\u017a portfolio w Shopify za pomoc\u0105 wid\u017cetu Elfsight<\/h2><p>Portfolio Elfsight tworzone jest dla ka\u017cdej osoby, kt\u00f3ra chce wy\u015bwietli\u0107 swoj\u0105 kolekcj\u0119 prac na stronie internetowej i zyska\u0107 wi\u0119cej nowych klient\u00f3w. Korzystaj\u0105c z naszego narz\u0119dzia, b\u0119dziesz m\u00f3g\u0142 przes\u0142a\u0107 wybrane zdj\u0119cia, filmy, szkice i inne materia\u0142y. Ka\u017cdy plik projektu mo\u017ce zawiera\u0107 obszerny tekst i dat\u0119. Mo\u017cesz powi\u0105za\u0107 projekty z ich stronami internetowymi i podzieli\u0107 projekty na kategorie. Odwiedzaj\u0105cy witryn\u0119 zobacz\u0105 Twoje portfolio, wejd\u0105 do ka\u017cdego projektu i przejrz\u0105 jego zawarto\u015b\u0107 bezpo\u015brednio na Twojej stronie. Nag\u0142\u00f3wek wy\u015bwietla Twoje imi\u0119 i nazwisko, zdj\u0119cie oraz dane kontaktowe, kt\u00f3re pomog\u0105 Ci si\u0119 z Tob\u0105 skontaktowa\u0107. Przycisk wezwania do dzia\u0142ania przeniesie u\u017cytkownik\u00f3w na stron\u0119 sk\u0142adania zam\u00f3wienia i pomo\u017ce Ci zwi\u0119kszy\u0107 poziom sprzeda\u017cy.<\/p><div class=\"faq\" data-component=\"FAQ\"> <div class=\"faq-item\">\r\n\t\t\t\t\t<div class=\"faq-item-question\">\r\n\t\t\t\t\t\t<h3 class=\"faq-item-question-text\">Gdzie na mojej stronie mog\u0119 zainstalowa\u0107 aplikacj\u0119<\/h3>\r\n\r\n\t\t\t\t\t\t<div class=\"faq-item-question-icon\"><\/div>\r\n\t\t\t\t\t<\/div>\r\n\r\n\t\t\t\t\t<div class=\"faq-item-answer\">\r\n\t\t\t\t\t\t<div class=\"faq-item-answer-text\"><p>The aplikacj\u0119 mo\u017cna umie\u015bci\u0107 na dowolnej stronie serwisu, a tak\u017ce na wszystkich stronach internetowych. Twoja anga\u017cuj\u0105ca, responsywna galeria portfolio przyci\u0105gnie uwag\u0119 odwiedzaj\u0105cych na stronie g\u0142\u00f3wnej witryny i mo\u017ce zapewni\u0107 wizualne wsparcie Twoich ofert na stronach portfolio.<\/p><\/div>\r\n\t\t\t\t\t<\/div>\r\n\t\t\t\t<\/div><div class=\"faq-item\">\r\n\t\t\t\t\t<div class=\"faq-item-question\">\r\n\t\t\t\t\t\t<h3 class=\"faq-item-question-text\">Jakie s\u0105 dla mnie zalety korzystania z niej ?<\/h3>\r\n\r\n\t\t\t\t\t\t<div class=\"faq-item-question-icon\"><\/div>\r\n\t\t\t\t\t<\/div>\r\n\r\n\t\t\t\t\t<div class=\"faq-item-answer\">\r\n\t\t\t\t\t\t<div class=\"faq-item-answer-text\"><p>Wspania\u0142e portfolio z Twoimi pracami poka\u017ce odwiedzaj\u0105cym wszystkie Twoje wspania\u0142e umiej\u0119tno\u015bci i kreatywno\u015b\u0107. B\u0119d\u0105 ch\u0119tni do zakupu, a Ty zyskasz nowych klient\u00f3w. Co wi\u0119cej, dzi\u0119ki \u0142atwym sposobom skontaktowania si\u0119 z Tob\u0105 jednym klikni\u0119ciem b\u0119dziesz mie\u0107 wi\u0119cej potencjalnych klient\u00f3w.<\/p><\/div>\r\n\t\t\t\t\t<\/div>\r\n\t\t\t\t<\/div><div class=\"faq-item\">\r\n\t\t\t\t\t<div class=\"faq-item-question\">\r\n\t\t\t\t\t\t<h3 class=\"faq-item-question-text\">Jak osadzi\u0107 portfolio w mojej witrynie Shopify?<\/h3>\r\n\r\n\t\t\t\t\t\t<div class=\"faq-item-question-icon\"><\/div>\r\n\t\t\t\t\t<\/div>\r\n\r\n\t\t\t\t\t<div class=\"faq-item-answer\">\r\n\t\t\t\t\t\t<div class=\"faq-item-answer-text\"><p>To Rozpocz\u0119cie korzystania z aplikacji zajmuje tylko minut\u0119. Jest naprawd\u0119 szybki, bezp\u0142atny i nie wymaga kodowania.<\/p><p>Wid\u017cet mo\u017cna osadzi\u0107 bezpo\u015brednio w naszej us\u0142udze lub za po\u015brednictwem rynku. Mo\u017cesz por\u00f3wna\u0107 zalety tych opcji i wybra\u0107 swoj\u0105.<\/p><\/div>\r\n\t\t\t\t\t<\/div>\r\n\t\t\t\t<\/div><\/div><\/div><div class=\"application-platform-content-item-features application-platform-content-item\" id=\"features\" data-nav-section=\"features\"><h2>G\u0142\u00f3wne funkcje wid\u017cetu Portfolio<\/h2><p>Aby kszta\u0142towa\u0107 ja\u015bniejszy odbi\u00f3r Shopify Portfolio, sprawd\u017a list\u0119 najwa\u017cniejszych cech. Dzi\u0119ki nim ta aplikacja jest niezwykle skuteczna w promocji:<\/p><ul><li>Dodaj wiele projekt\u00f3w z tytu\u0142ami;<\/li><li>Ustaw grupy i podziel na nie projekty;<\/li><li>Wybierz typy danych do wy\u015bwietlenia w wyskakuj\u0105cym i najechanym okienku;<\/li><li>Dodawaj opisy i daty do wszystkich prac w projekcie;<\/li><li>Aktywny przycisk w nag\u0142\u00f3wku i w wyskakuj\u0105cym okienku przekierowuje klient\u00f3w na dowoln\u0105 stron\u0119. <\/li><\/ul><p><a href=\"#demo\">Odkryj wszystkie funkcje w wersji demonstracyjnej na \u017cywo<\/a><\/p><\/div><div class=\"application-platform-content-item-installation application-platform-content-item\" id=\"installation\" data-nav-section=\"installation\"><h2>Jak aby doda\u0107 aplikacj\u0119 Portfolio do swojego sklepu Shopify<\/h2><div class=\"video-container\"><iframe width=\"720\" height=\"405\" src=\"https:\/\/www.youtube.com\/embed\/XuJ0OIsxY2Y\" frameborder=\"0\" allowfullscreen=\"\"><\/iframe><\/div><p>Wystarcz\u0105 poni\u017csze czynno\u015bci: <\/p><ol><li><b>Zastosuj nasz darmowy edytor i zacznij tworzy\u0107 w\u0142asn\u0105 aplikacj\u0119. <\/b><br> Okre\u015bl niestandardow\u0105 form\u0119 i parametry aplikacji i zastosuj wszystkie zmiany. <\/li> <li><b>Odbierz osobisty kod pokazany w oknie aplikacji Elfsight. <\/b><br> Zaraz po zako\u0144czeniu konfiguracji aplikacji osobistej skopiuj kod z wy\u015bwietlonego wyskakuj\u0105cego okienka i zapisz go do dalszego wykorzystania. <\/li> <li><b>Rozpocznij korzystanie z aplikacji w witrynie Shopify. <\/b><br> Umie\u015b\u0107 ostatnio zapisany kod na swojej stronie i zastosuj zmiany. <\/li> <li><b>Instalacja zosta\u0142a pomy\u015blnie przeprowadzona. <\/b><br> Przejd\u017a do swojej witryny, aby zobaczy\u0107 dzia\u0142anie aplikacji. <\/li><\/ol><p>Nadal masz w\u0105tpliwo\u015bci? Albo natkn\u0105\u0142e\u015b si\u0119 na co\u015b? Tylko jedna pro\u015bba do naszego zespo\u0142u pomocy technicznej rozwi\u0105\u017ce ka\u017cdy problem.<\/p><\/div>","protected":false},"excerpt":{"rendered":"","protected":false},"author":9,"featured_media":0,"parent":2889,"menu_order":0,"comment_status":"closed","ping_status":"closed","template":"templates\/template-application-platform.php","meta":{"publish_to_discourse":"","publish_post_category":"","wpdc_auto_publish_overridden":"","wpdc_topic_tags":"","wpdc_pin_topic":"","wpdc_pin_until":"","discourse_post_id":"","discourse_permalink":"","wpdc_publishing_response":"","wpdc_publishing_error":"","footnotes":""},"class_list":["post-6078","page","type-page","status-publish","hentry"],"yoast_head":"<!-- This site is optimized with the Yoast SEO plugin v25.3.1 - https:\/\/yoast.com\/wordpress\/plugins\/seo\/ -->\n<title>Portfolio Shopify | Najlepsza aplikacja Portfolio dla witryny Shopify (bezp\u0142atna i szybka)<\/title>\n<meta name=\"description\" content=\"Utworzenie aplikacji Portfolio i umieszczenie jej w witrynie Shopify jest maksymalnie \u0142atwe. Obs\u0142uga klienta Elfsight jest bezp\u0142atna i szybka.\" \/>\n<meta name=\"robots\" content=\"index, follow, max-snippet:-1, max-image-preview:large, max-video-preview:-1\" \/>\n<link rel=\"canonical\" href=\"https:\/\/elfsight.com\/pl\/portfolio-widget\/shopify\/\" \/>\n<meta property=\"og:locale\" content=\"pl_PL\" \/>\n<meta property=\"og:type\" content=\"article\" \/>\n<meta property=\"og:title\" content=\"Portfolio Shopify | Najlepsza aplikacja Portfolio dla witryny Shopify (bezp\u0142atna i szybka)\" \/>\n<meta property=\"og:description\" content=\"Utworzenie aplikacji Portfolio i umieszczenie jej w witrynie Shopify jest maksymalnie \u0142atwe. Obs\u0142uga klienta Elfsight jest bezp\u0142atna i szybka.\" \/>\n<meta property=\"og:url\" content=\"https:\/\/elfsight.com\/pl\/portfolio-widget\/shopify\/\" \/>\n<meta property=\"og:site_name\" content=\"Elfsight PL\" \/>\n<meta property=\"article:modified_time\" content=\"2025-06-26T16:37:55+00:00\" \/>\n<meta name=\"twitter:card\" content=\"summary_large_image\" \/>\n<meta name=\"twitter:label1\" content=\"Szacowany czas czytania\" \/>\n\t<meta name=\"twitter:data1\" content=\"3 minuty\" \/>\n<!-- \/ Yoast SEO plugin. -->","yoast_head_json":{"title":"Portfolio Shopify | Najlepsza aplikacja Portfolio dla witryny Shopify (bezp\u0142atna i szybka)","description":"Utworzenie aplikacji Portfolio i umieszczenie jej w witrynie Shopify jest maksymalnie \u0142atwe. Obs\u0142uga klienta Elfsight jest bezp\u0142atna i szybka.","robots":{"index":"index","follow":"follow","max-snippet":"max-snippet:-1","max-image-preview":"max-image-preview:large","max-video-preview":"max-video-preview:-1"},"canonical":"https:\/\/elfsight.com\/pl\/portfolio-widget\/shopify\/","og_locale":"pl_PL","og_type":"article","og_title":"Portfolio Shopify | Najlepsza aplikacja Portfolio dla witryny Shopify (bezp\u0142atna i szybka)","og_description":"Utworzenie aplikacji Portfolio i umieszczenie jej w witrynie Shopify jest maksymalnie \u0142atwe. Obs\u0142uga klienta Elfsight jest bezp\u0142atna i szybka.","og_url":"https:\/\/elfsight.com\/pl\/portfolio-widget\/shopify\/","og_site_name":"Elfsight PL","article_modified_time":"2025-06-26T16:37:55+00:00","twitter_card":"summary_large_image","twitter_misc":{"Szacowany czas czytania":"3 minuty"},"schema":{"@context":"https:\/\/schema.org","@graph":[{"@type":"WebPage","@id":"https:\/\/elfsight.com\/pl\/portfolio-widget\/shopify\/","url":"https:\/\/elfsight.com\/pl\/portfolio-widget\/shopify\/","name":"Portfolio Shopify | Najlepsza aplikacja Portfolio dla witryny Shopify (bezp\u0142atna i szybka)","isPartOf":{"@id":"https:\/\/elfsight.com\/pl\/#website"},"datePublished":"1970-01-01T00:00:00+00:00","dateModified":"2025-06-26T16:37:55+00:00","description":"Utworzenie aplikacji Portfolio i umieszczenie jej w witrynie Shopify jest maksymalnie \u0142atwe. Obs\u0142uga klienta Elfsight jest bezp\u0142atna i szybka.","breadcrumb":{"@id":"https:\/\/elfsight.com\/pl\/portfolio-widget\/shopify\/#breadcrumb"},"inLanguage":"pl-PL","potentialAction":[{"@type":"ReadAction","target":["https:\/\/elfsight.com\/pl\/portfolio-widget\/shopify\/"]}]},{"@type":"BreadcrumbList","@id":"https:\/\/elfsight.com\/pl\/portfolio-widget\/shopify\/#breadcrumb","itemListElement":[{"@type":"ListItem","position":1,"name":"Home","item":"https:\/\/elfsight.com\/pl\/"},{"@type":"ListItem","position":2,"name":"Portfolio","item":"https:\/\/elfsight.com\/pl\/portfolio-widget\/"},{"@type":"ListItem","position":3,"name":"Portfolio &#8211; Shopify"}]},{"@type":"WebSite","@id":"https:\/\/elfsight.com\/pl\/#website","url":"https:\/\/elfsight.com\/pl\/","name":"Elfsight PL","description":"Just another Elfsight Sites site","potentialAction":[{"@type":"SearchAction","target":{"@type":"EntryPoint","urlTemplate":"https:\/\/elfsight.com\/pl\/?s={search_term_string}"},"query-input":{"@type":"PropertyValueSpecification","valueRequired":true,"valueName":"search_term_string"}}],"inLanguage":"pl-PL"}]}},"meta_box":{"industry":"","seo_heading":"","heading":"","description":"","cta_heading":"","cta_description":"","application":"2888","h1":"Najlepsza aplikacja Shopify Portfolio","h1_caption":"Wy\u015bwietlaj swoj\u0105 prac\u0119 w dostosowywalnym portfolio, dzi\u0119ki czemu mo\u017cesz \u0142atwo prezentowa\u0107 swoje projekty i osi\u0105gni\u0119cia w witrynie Shopify.","application_category":[],"applications_title":"","applications_request_title":"","applications_request_button_text":"","hero_text":"","hero_video":"","hero_video_schema_markup":"","selling_points_title":"","selling_points_caption":"","selling_points":[],"selling_points_cta_text":"","features_title":"","features":"","ed_cta_examples_text":"","ed_cta_examples_hidden":"","ed_cta_demo_text":"","ed_cta_demo_hidden":"","why_caption":"","why_editor_title":"","why_editor_text":"","why_team_title":"","why_team_text":"","why_service_title":"","why_service_text":"","template_catalog_visible":"0","template_catalog_title":"","template_catalog_text":"","template_catalog_categories_visible":"","demo_title":"Utw\u00f3rz aplikacj\u0119 Portfolio","demo_caption":"Skonfiguruj swoje portfolio i dodaj je do swojej witryny Shopify za darmo!","default_faq_hidden":"","app_template_category":[],"platform":"7580","template_public_id":"","codecanyon_url":"","codecanyon_item_id":"","codecanyon_price":"","pricing_caption":"","pricing_elfsight_apps_hide_column":"","pricing_elfsight_apps_url":"","pricing_codecanyon_price_caption":"","integration_category":[],"integration_request_title":"","integration_request_cta":"","integration_platform":"","integrations":[],"platform_category":[],"video_schema_markup":"","price":"od 0 USD \/ miesi\u0105c","trial":"","benefits":[{"text":"Bezp\u0142atna us\u0142uga monta\u017cu"},{"text":"Wsparcie premium"},{"text":"14-dniowa gwarancja zwrotu pieni\u0119dzy"}],"button_url":"#demo","button_target_blank":"0","button_nofollow":"0","attributes":[{"name":"Instaluje"},{"name":"Czu\u0142y"},{"name":"Kompatybilne przegl\u0105darki"}],"tags":[],"tags_disable_links":"0","hide_more_platforms":"0","video_object":"","demo_hide_cta":"0","demo_hide_cloud_options":"0","pricing_title":"","pricing":[{"pricing_icon":"cloud","pricing_title":"Elfsight Apps","pricing_title_caption":"Wersja wieloplatformowa, kt\u00f3ra dzia\u0142a na ka\u017cdej stronie internetowej","pricing_price":"od 0 USD \/ miesi\u0105c","pricing_price_caption":"zacznij od bezp\u0142atnego planu","pricing_benefits":[{"text":"Nielimitowane strony internetowe"},{"text":"Wsparcie premium"},{"text":"Bezp\u0142atna us\u0142uga monta\u017cu"},{"text":"Oferta specjalna na wiele aplikacji"}],"pricing_button_text":"Dodaj do witryny","pricing_button_url":"#demo"}],"related_apps_title":"","related_apps_hidden":"0","author":"","image":[],"title":"","job":"","social_networks":[]},"_links":{"self":[{"href":"https:\/\/elfsight.com\/pl\/wp-json\/wp\/v2\/pages\/6078","targetHints":{"allow":["GET"]}}],"collection":[{"href":"https:\/\/elfsight.com\/pl\/wp-json\/wp\/v2\/pages"}],"about":[{"href":"https:\/\/elfsight.com\/pl\/wp-json\/wp\/v2\/types\/page"}],"author":[{"embeddable":true,"href":"https:\/\/elfsight.com\/pl\/wp-json\/wp\/v2\/users\/9"}],"replies":[{"embeddable":true,"href":"https:\/\/elfsight.com\/pl\/wp-json\/wp\/v2\/comments?post=6078"}],"version-history":[{"count":2,"href":"https:\/\/elfsight.com\/pl\/wp-json\/wp\/v2\/pages\/6078\/revisions"}],"predecessor-version":[{"id":7954,"href":"https:\/\/elfsight.com\/pl\/wp-json\/wp\/v2\/pages\/6078\/revisions\/7954"}],"up":[{"embeddable":true,"href":"https:\/\/elfsight.com\/pl\/wp-json\/wp\/v2\/pages\/2889"}],"wp:attachment":[{"href":"https:\/\/elfsight.com\/pl\/wp-json\/wp\/v2\/media?parent=6078"}],"curies":[{"name":"wp","href":"https:\/\/api.w.org\/{rel}","templated":true}]}}