{"id":6077,"date":"1970-01-01T00:00:00","date_gmt":"1970-01-01T00:00:00","guid":{"rendered":"https:\/\/elfsight.com\/pl\/?page_id=6077"},"modified":"2025-06-26T16:38:28","modified_gmt":"2025-06-26T16:38:28","slug":"squarespace","status":"publish","type":"page","link":"https:\/\/elfsight.com\/pl\/portfolio-widget\/squarespace\/","title":{"rendered":"Portfolio &#8211; Squarespace"},"content":{"rendered":"<div class=\"application-platform-content-item-description application-platform-content-item\" id=\"description\" data-nav-section=\"description\"><h2>Osad\u017a portfolio w Squarespace za pomoc\u0105 wid\u017cetu Elfsight<\/h2><p>Wtyczka Elfsight Portfolio jest przeznaczona dla ka\u017cdego u\u017cytkownika, kt\u00f3ry ma zamie\u015bci\u0107 swojego profesjonalist\u0119 pracuj nad stron\u0105 internetow\u0105 i zdobywaj nowych klient\u00f3w. Za pomoc\u0105 wid\u017cetu Elfsight b\u0119dziesz mia\u0142 mo\u017cliwo\u015b\u0107 pokazania wybranych uj\u0119\u0107, tre\u015bci wideo, schemat\u00f3w i innych materia\u0142\u00f3w wizualnych. Do ka\u017cdego pliku projektu mo\u017ce by\u0107 do\u0142\u0105czony pe\u0142ny opis i data. Masz mo\u017cliwo\u015b\u0107 \u0142\u0105czenia projekt\u00f3w z ich stronami internetowymi i rozpowszechniania projekt\u00f3w w grupach. Twoi odbiorcy sprawdz\u0105 Twoje portfolio projekt\u00f3w, klikn\u0105 projekt i zapoznaj\u0105 si\u0119 z jego tre\u015bci\u0105 bezpo\u015brednio na stronie g\u0142\u00f3wnej. W nag\u0142\u00f3wku wid\u017cetu wy\u015bwietli si\u0119 Twoje imi\u0119 i nazwisko, zdj\u0119cie oraz dane kontaktowe, co u\u0142atwi proces dotarcia do Ciebie. Przycisk wezwania do dzia\u0142ania przeniesie ludzi na stron\u0119 zakupu i pomo\u017ce Ci zwi\u0119kszy\u0107 wielko\u015b\u0107 sprzeda\u017cy. <\/p><div class=\"faq\" data-component=\"FAQ\"><div class=\"faq-item\">\r\n\t\t\t\t\t<div class=\"faq-item-question\">\r\n\t\t\t\t\t\t<h3 class=\"faq-item-question-text\">Jak mog\u0119 osadzi\u0107 portfolio w witrynie Squarespace? <\/h3>\r\n\r\n\t\t\t\t\t\t<div class=\"faq-item-question-icon\"><\/div>\r\n\t\t\t\t\t<\/div>\r\n\r\n\t\t\t\t\t<div class=\"faq-item-answer\">\r\n\t\t\t\t\t\t<div class=\"faq-item-answer-text\"><p>Tworzenie wid\u017cetu odbywa si\u0119 w witrynie Elfsight, a Ty nie musisz uczy\u0107 si\u0119 kodowania. Otw\u00f3rz nasze demo na \u017cywo, aby utworzy\u0107 w\u0142asny widget, zdob\u0105d\u017a kod i wklej go na swojej stronie internetowej. <\/p><\/div>\r\n\t\t\t\t\t<\/div>\r\n\t\t\t\t<\/div><div class=\"faq-item\">\r\n\t\t\t\t\t<div class=\"faq-item-question\">\r\n\t\t\t\t\t\t<h3 class=\"faq-item-question-text\">Najlepsze sposoby wykorzystania integracji portfolio online<\/h3>\r\n\r\n\t\t\t\t\t\t<div class=\"faq-item-question-icon\"><\/div>\r\n\t\t\t\t\t<\/div>\r\n\r\n\t\t\t\t\t<div class=\"faq-item-answer\">\r\n\t\t\t\t\t\t<div class=\"faq-item-answer-text\"><p>Oferujemy wiele mo\u017cliwo\u015bci dostosowania: pe\u0142nowymiarowe wid\u017cety do osadzania w obszarze zawarto\u015bci, wid\u017cety p\u0142ywaj\u0105ce z funkcj\u0105 przewijania, miniaturami stopki, nag\u0142\u00f3wka i wszelkiego rodzaju pionowymi mo\u017cliwo\u015bciami pask\u00f3w bocznych i menu witryny. <\/p><\/div>\r\n\t\t\t\t\t<\/div>\r\n\t\t\t\t<\/div><div class=\"faq-item\">\r\n\t\t\t\t\t<div class=\"faq-item-question\">\r\n\t\t\t\t\t\t<h3 class=\"faq-item-question-text\">Czy mog\u0119 utworzy\u0107 portfolio wideo lub obraz\u00f3w za pomoc\u0105 Twojego edytora? <\/h3>\r\n\r\n\t\t\t\t\t\t<div class=\"faq-item-question-icon\"><\/div>\r\n\t\t\t\t\t<\/div>\r\n\r\n\t\t\t\t\t<div class=\"faq-item-answer\">\r\n\t\t\t\t\t\t<div class=\"faq-item-answer-text\"><p>Mo\u017cesz tworzy\u0107 zmiany w dowolnym wid\u017cecie. W edytorze dost\u0119pnych jest wiele uk\u0142ad\u00f3w, a ka\u017cdy z nich mo\u017cna szybko dostosowa\u0107 wed\u0142ug w\u0142asnych upodoba\u0144. <\/p><\/div>\r\n\t\t\t\t\t<\/div>\r\n\t\t\t\t<\/div><\/div><\/div> <div class=\"application-platform-content-item-features application-platform-content-item\" id=\"features\" data-nav-section=\"features\"><h2>G\u0142\u00f3wne funkcje wid\u017cetu Portfolio<\/h2><p>Aby mie\u0107 jasny obraz Portfolio, mo\u017cesz przestudiowa\u0107 list\u0119 najbardziej wyr\u00f3\u017cniaj\u0105cych si\u0119 funkcji. Sprawiaj\u0105, \u017ce wid\u017cet jest maksymalnie korzystny dla Twojej witryny: <\/p><ul><li>Dodaj wiele projekt\u00f3w i dodaj tytu\u0142y projekt\u00f3w; <\/li><li>Ustaw kategorie i podziel na nie projekty<\/li><li>Wybierz typy informacji, kt\u00f3re maj\u0105 by\u0107 wy\u015bwietlane w wyskakuj\u0105cym okienku i po najechaniu myszk\u0105; <\/li><li>Dodaj opisy i przypisz daty prac w projekcie<\/li><li>Przycisk wezwania do dzia\u0142ania w nag\u0142\u00f3wku i w wyskakuj\u0105cym okienku przenosi klient\u00f3w do dowolnej witryny lub strony<\/li><\/ul><p><a href=\"#demo\">Nasze demo poka\u017ce Ci pe\u0142n\u0105 list\u0119 funkcji<\/a><\/p><\/div> <div class=\"application-platform-content-item-installation application-platform-content-item\" id=\"installation\" data-nav-section=\"installation\"><h2>Jak czy mog\u0119 doda\u0107 portfolio na mojej stronie Squarespace? <\/h2><div class=\"video-container\"><iframe width=\"720\" height=\"405\" src=\"https:\/\/www.youtube.com\/embed\/5txFGyv42DM\" frameborder=\"0\" allowfullscreen=\"\"><\/iframe><\/div><p>Wystarczy wykona\u0107 poni\u017csze kroki, aby wstawi\u0107 wtyczk\u0119. <\/p><ol><li><b>Otw\u00f3rz nasze bezp\u0142atne demo i zacznij budowa\u0107 sw\u00f3j unikalny instrument. <\/b><br>Okre\u015bl po\u017c\u0105dany uk\u0142ad i opcje wtyczki oraz zastosuj poprawki. <\/li><li><b>Skopiuj unikalny kod pojawiaj\u0105cy si\u0119 w polu aplikacji Elfsight. <\/b><br>Zaraz po zako\u0144czeniu generowania wtyczki skopiuj indywidualny kod w wyskakuj\u0105cym okienku i zapisz go na przysz\u0142o\u015b\u0107. <\/li><li><b>Rozpocznij stosowanie narz\u0119dzia na stronie internetowej Squarespace. <\/b><br>Zaimplementuj zapisany wcze\u015bniej kod na swojej stronie internetowej i zapisz poprawki. <\/li><li><b>Gotowe! Integracja zosta\u0142a pomy\u015blnie zako\u0144czona. <\/b><br>Odwied\u017a swoj\u0105 stron\u0119, aby zobaczy\u0107 bezczynno\u015b\u0107 i dzia\u0142anie narz\u0119dzia. <\/li><\/ol><p>Je\u015bli masz pytania lub napotkasz jakiekolwiek komplikacje, bez wahania skontaktuj si\u0119 z naszym zespo\u0142em obs\u0142ugi klienta. Nasi konsultanci z przyjemno\u015bci\u0105 rozwi\u0105\u017c\u0105 wszelkie problemy, jakie mo\u017cesz mie\u0107 z wtyczk\u0105<\/p><\/div>","protected":false},"excerpt":{"rendered":"","protected":false},"author":9,"featured_media":0,"parent":2889,"menu_order":0,"comment_status":"closed","ping_status":"closed","template":"templates\/template-application-platform.php","meta":{"publish_to_discourse":"","publish_post_category":"","wpdc_auto_publish_overridden":"","wpdc_topic_tags":"","wpdc_pin_topic":"","wpdc_pin_until":"","discourse_post_id":"","discourse_permalink":"","wpdc_publishing_response":"","wpdc_publishing_error":"","footnotes":""},"class_list":["post-6077","page","type-page","status-publish","hentry"],"yoast_head":"<!-- This site is optimized with the Yoast SEO plugin v25.3.1 - https:\/\/yoast.com\/wordpress\/plugins\/seo\/ -->\n<title>Szablon portfolio dla witryny Squarespace (bezp\u0142atny i szybki)<\/title>\n<meta name=\"description\" content=\"Oto mo\u017cliwo\u015b\u0107 stworzenia wtyczki Squarespace Portfolio i osadzenia jej na swojej stronie internetowej. B\u0119dziesz cieszy\u0107 si\u0119 bezp\u0142atn\u0105 obs\u0142ug\u0105 klienta przez ca\u0142e \u017cycie.\" \/>\n<meta name=\"robots\" content=\"index, follow, max-snippet:-1, max-image-preview:large, max-video-preview:-1\" \/>\n<link rel=\"canonical\" href=\"https:\/\/elfsight.com\/pl\/portfolio-widget\/squarespace\/\" \/>\n<meta property=\"og:locale\" content=\"pl_PL\" \/>\n<meta property=\"og:type\" content=\"article\" \/>\n<meta property=\"og:title\" content=\"Szablon portfolio dla witryny Squarespace (bezp\u0142atny i szybki)\" \/>\n<meta property=\"og:description\" content=\"Oto mo\u017cliwo\u015b\u0107 stworzenia wtyczki Squarespace Portfolio i osadzenia jej na swojej stronie internetowej. B\u0119dziesz cieszy\u0107 si\u0119 bezp\u0142atn\u0105 obs\u0142ug\u0105 klienta przez ca\u0142e \u017cycie.\" \/>\n<meta property=\"og:url\" content=\"https:\/\/elfsight.com\/pl\/portfolio-widget\/squarespace\/\" \/>\n<meta property=\"og:site_name\" content=\"Elfsight PL\" \/>\n<meta property=\"article:modified_time\" content=\"2025-06-26T16:38:28+00:00\" \/>\n<meta name=\"twitter:card\" content=\"summary_large_image\" \/>\n<meta name=\"twitter:label1\" content=\"Szacowany czas czytania\" \/>\n\t<meta name=\"twitter:data1\" content=\"3 minuty\" \/>\n<!-- \/ Yoast SEO plugin. -->","yoast_head_json":{"title":"Szablon portfolio dla witryny Squarespace (bezp\u0142atny i szybki)","description":"Oto mo\u017cliwo\u015b\u0107 stworzenia wtyczki Squarespace Portfolio i osadzenia jej na swojej stronie internetowej. B\u0119dziesz cieszy\u0107 si\u0119 bezp\u0142atn\u0105 obs\u0142ug\u0105 klienta przez ca\u0142e \u017cycie.","robots":{"index":"index","follow":"follow","max-snippet":"max-snippet:-1","max-image-preview":"max-image-preview:large","max-video-preview":"max-video-preview:-1"},"canonical":"https:\/\/elfsight.com\/pl\/portfolio-widget\/squarespace\/","og_locale":"pl_PL","og_type":"article","og_title":"Szablon portfolio dla witryny Squarespace (bezp\u0142atny i szybki)","og_description":"Oto mo\u017cliwo\u015b\u0107 stworzenia wtyczki Squarespace Portfolio i osadzenia jej na swojej stronie internetowej. B\u0119dziesz cieszy\u0107 si\u0119 bezp\u0142atn\u0105 obs\u0142ug\u0105 klienta przez ca\u0142e \u017cycie.","og_url":"https:\/\/elfsight.com\/pl\/portfolio-widget\/squarespace\/","og_site_name":"Elfsight PL","article_modified_time":"2025-06-26T16:38:28+00:00","twitter_card":"summary_large_image","twitter_misc":{"Szacowany czas czytania":"3 minuty"},"schema":{"@context":"https:\/\/schema.org","@graph":[{"@type":"WebPage","@id":"https:\/\/elfsight.com\/pl\/portfolio-widget\/squarespace\/","url":"https:\/\/elfsight.com\/pl\/portfolio-widget\/squarespace\/","name":"Szablon portfolio dla witryny Squarespace (bezp\u0142atny i szybki)","isPartOf":{"@id":"https:\/\/elfsight.com\/pl\/#website"},"datePublished":"1970-01-01T00:00:00+00:00","dateModified":"2025-06-26T16:38:28+00:00","description":"Oto mo\u017cliwo\u015b\u0107 stworzenia wtyczki Squarespace Portfolio i osadzenia jej na swojej stronie internetowej. B\u0119dziesz cieszy\u0107 si\u0119 bezp\u0142atn\u0105 obs\u0142ug\u0105 klienta przez ca\u0142e \u017cycie.","breadcrumb":{"@id":"https:\/\/elfsight.com\/pl\/portfolio-widget\/squarespace\/#breadcrumb"},"inLanguage":"pl-PL","potentialAction":[{"@type":"ReadAction","target":["https:\/\/elfsight.com\/pl\/portfolio-widget\/squarespace\/"]}]},{"@type":"BreadcrumbList","@id":"https:\/\/elfsight.com\/pl\/portfolio-widget\/squarespace\/#breadcrumb","itemListElement":[{"@type":"ListItem","position":1,"name":"Home","item":"https:\/\/elfsight.com\/pl\/"},{"@type":"ListItem","position":2,"name":"Portfolio","item":"https:\/\/elfsight.com\/pl\/portfolio-widget\/"},{"@type":"ListItem","position":3,"name":"Portfolio &#8211; Squarespace"}]},{"@type":"WebSite","@id":"https:\/\/elfsight.com\/pl\/#website","url":"https:\/\/elfsight.com\/pl\/","name":"Elfsight PL","description":"Just another Elfsight Sites site","potentialAction":[{"@type":"SearchAction","target":{"@type":"EntryPoint","urlTemplate":"https:\/\/elfsight.com\/pl\/?s={search_term_string}"},"query-input":{"@type":"PropertyValueSpecification","valueRequired":true,"valueName":"search_term_string"}}],"inLanguage":"pl-PL"}]}},"meta_box":{"industry":"","seo_heading":"","heading":"","description":"","cta_heading":"","cta_description":"","application":"2888","h1":"Szablon portfolio Squarespace","h1_caption":"Wy\u015bwietlaj swoj\u0105 prac\u0119 w dostosowywalnym portfolio, dzi\u0119ki czemu mo\u017cesz \u0142atwo zaprezentowa\u0107 swoje projekty i osi\u0105gni\u0119cia na swojej stronie internetowej Squarespace.","application_category":[],"applications_title":"","applications_request_title":"","applications_request_button_text":"","hero_text":"","hero_video":"","hero_video_schema_markup":"","selling_points_title":"","selling_points_caption":"","selling_points":[],"selling_points_cta_text":"","features_title":"","features":"","ed_cta_examples_text":"","ed_cta_examples_hidden":"","ed_cta_demo_text":"","ed_cta_demo_hidden":"","why_caption":"","why_editor_title":"","why_editor_text":"","why_team_title":"","why_team_text":"","why_service_title":"","why_service_text":"","template_catalog_visible":"0","template_catalog_title":"","template_catalog_text":"","template_catalog_categories_visible":"","demo_title":"Utw\u00f3rz wtyczk\u0119 Portfolio","demo_caption":"Skonfiguruj swoje portfolio i dodaj je do swojej witryny Squarespace za darmo!","default_faq_hidden":"","app_template_category":[],"platform":"7588","template_public_id":"","codecanyon_url":"","codecanyon_item_id":"","codecanyon_price":"","pricing_caption":"","pricing_elfsight_apps_hide_column":"","pricing_elfsight_apps_url":"","pricing_codecanyon_price_caption":"","integration_category":[],"integration_request_title":"","integration_request_cta":"","integration_platform":"","integrations":[],"platform_category":[],"video_schema_markup":"","price":"od 0 USD \/ miesi\u0105c","trial":"","benefits":[{"text":"Bezp\u0142atna us\u0142uga monta\u017cu"},{"text":"Skuteczna obs\u0142uga klienta"},{"text":"14-dniowa gwarancja zwrotu pieni\u0119dzy"}],"button_url":"#demo","button_target_blank":"0","button_nofollow":"0","attributes":[{"name":"Instaluje"},{"name":"Czu\u0142y"},{"name":"Kompatybilne przegl\u0105darki"}],"tags":[],"tags_disable_links":"0","hide_more_platforms":"0","video_object":"","demo_hide_cta":"0","demo_hide_cloud_options":"0","pricing_title":"","pricing":[{"pricing_icon":"platform","pricing_title":"Elfsight Apps","pricing_title_caption":"Wersja wieloplatformowa, kt\u00f3ra dzia\u0142a na ka\u017cdej stronie internetowej","pricing_price":"od 0 USD \/ miesi\u0105c","pricing_price_caption":"zacznij od bezp\u0142atnego planu","pricing_benefits":[{"text":"Nielimitowane strony internetowe"},{"text":"Szybka obs\u0142uga klienta i dobrze udokumentowana"},{"text":"Bezp\u0142atna pomoc w instalacji"},{"text":"W pe\u0142ni konfigurowalny"}],"pricing_button_text":"Dodaj do witryny","pricing_button_url":"#demo"}],"related_apps_title":"","related_apps_hidden":"0","author":"","image":[],"title":"","job":"","social_networks":[]},"_links":{"self":[{"href":"https:\/\/elfsight.com\/pl\/wp-json\/wp\/v2\/pages\/6077","targetHints":{"allow":["GET"]}}],"collection":[{"href":"https:\/\/elfsight.com\/pl\/wp-json\/wp\/v2\/pages"}],"about":[{"href":"https:\/\/elfsight.com\/pl\/wp-json\/wp\/v2\/types\/page"}],"author":[{"embeddable":true,"href":"https:\/\/elfsight.com\/pl\/wp-json\/wp\/v2\/users\/9"}],"replies":[{"embeddable":true,"href":"https:\/\/elfsight.com\/pl\/wp-json\/wp\/v2\/comments?post=6077"}],"version-history":[{"count":2,"href":"https:\/\/elfsight.com\/pl\/wp-json\/wp\/v2\/pages\/6077\/revisions"}],"predecessor-version":[{"id":7953,"href":"https:\/\/elfsight.com\/pl\/wp-json\/wp\/v2\/pages\/6077\/revisions\/7953"}],"up":[{"embeddable":true,"href":"https:\/\/elfsight.com\/pl\/wp-json\/wp\/v2\/pages\/2889"}],"wp:attachment":[{"href":"https:\/\/elfsight.com\/pl\/wp-json\/wp\/v2\/media?parent=6077"}],"curies":[{"name":"wp","href":"https:\/\/api.w.org\/{rel}","templated":true}]}}