{"id":6072,"date":"1970-01-01T00:00:00","date_gmt":"1970-01-01T00:00:00","guid":{"rendered":"https:\/\/elfsight.com\/pl\/?page_id=6072"},"modified":"2024-11-14T09:39:43","modified_gmt":"2024-11-14T09:39:43","slug":"webflow","status":"publish","type":"page","link":"https:\/\/elfsight.com\/pl\/portfolio-widget\/webflow\/","title":{"rendered":"Portfolio &#8211; Webflow"},"content":{"rendered":"<div class=\"application-platform-content-item-description application-platform-content-item\" id=\"description\" data-nav-section=\"description\"><h2>Osad\u017a portfolio w Webflow za pomoc\u0105 wid\u017cetu Elfsight<\/h2><p>Narz\u0119dzie Elfsight Portfolio jest dla ka\u017cdego, kto potrzebuje osadzi\u0107 swoje projekty na platformie witryny i zwi\u0119kszy\u0107 liczb\u0119 nowych klient\u00f3w. Za pomoc\u0105 naszego narz\u0119dzia mo\u017cesz wy\u015bwietli\u0107 wybrane zdj\u0119cia, filmy, szkice i inne materia\u0142y. Ka\u017cdy plik projektu mo\u017ce zawiera\u0107 pe\u0142ny tekst i dat\u0119. Mo\u017cesz \u0142\u0105czy\u0107 projekty ze stronami internetowymi i ustala\u0107 kategorie projekt\u00f3w. U\u017cytkownicy serwisu zobacz\u0105 Twoje portfolio, zajm\u0105 si\u0119 projektem i szczeg\u00f3\u0142owo go przeanalizuj\u0105 bezpo\u015brednio na Twojej stronie. W nag\u0142\u00f3wku znajduje si\u0119 Twoje imi\u0119 i nazwisko, zdj\u0119cie oraz dane kontaktowe, dzi\u0119ki kt\u00f3rym mo\u017cesz si\u0119 z Tob\u0105 skontaktowa\u0107. Aktywny przycisk przeniesie ludzi na stron\u0119 sk\u0142adania zam\u00f3wienia i pomo\u017ce Ci podnie\u015b\u0107 poziom sprzeda\u017cy.<\/p><div class=\"faq\" data-component=\"FAQ\"> <div class=\"faq-item\">\r\n\t\t\t\t\t<div class=\"faq-item-question\">\r\n\t\t\t\t\t\t<h3 class=\"faq-item-question-text\">Gdzie mog\u0119 doda\u0107 portfolio<\/h3>\r\n\r\n\t\t\t\t\t\t<div class=\"faq-item-question-icon\"><\/div>\r\n\t\t\t\t\t<\/div>\r\n\r\n\t\t\t\t\t<div class=\"faq-item-answer\">\r\n\t\t\t\t\t\t<div class=\"faq-item-answer-text\"><p> Mo\u017ce dzia\u0142a\u0107 na dowolnej stronie sklepu stronie internetowej lub na wszystkich stronach internetowych. Twoje przyci\u0105gaj\u0105ce wzrok materia\u0142y zwr\u00f3c\u0105 maksymaln\u0105 uwag\u0119 na stronie g\u0142\u00f3wnej serwisu i umo\u017cliwi\u0105 wizualizacj\u0119 Twoich ofert na stronach Portfolio.<\/p><\/div>\r\n\t\t\t\t\t<\/div>\r\n\t\t\t\t<\/div><div class=\"faq-item\">\r\n\t\t\t\t\t<div class=\"faq-item-question\">\r\n\t\t\t\t\t\t<h3 class=\"faq-item-question-text\">Jak mog\u0119 skorzysta\u0107 z wid\u017cetu?<\/h3>\r\n\r\n\t\t\t\t\t\t<div class=\"faq-item-question-icon\"><\/div>\r\n\t\t\t\t\t<\/div>\r\n\r\n\t\t\t\t\t<div class=\"faq-item-answer\">\r\n\t\t\t\t\t\t<div class=\"faq-item-answer-text\"><p>A pi\u0119kne, responsywne portfolio z Twoimi projektami ujawni Twoim odbiorcom wszystkie Twoje wspania\u0142e umiej\u0119tno\u015bci i kreatywno\u015b\u0107. Sprawi to, \u017ce b\u0119d\u0105 ch\u0119tnie zamawia\u0107 Twoje us\u0142ugi, a Ty zyskasz nowych klient\u00f3w. Ponadto dzi\u0119ki \u0142atwym sposobom kontaktowania si\u0119 z Tob\u0105 mo\u017cesz zwi\u0119kszy\u0107 liczb\u0119 potencjalnych klient\u00f3w.<\/p><\/div>\r\n\t\t\t\t\t<\/div>\r\n\t\t\t\t<\/div><div class=\"faq-item\">\r\n\t\t\t\t\t<div class=\"faq-item-question\">\r\n\t\t\t\t\t\t<h3 class=\"faq-item-question-text\">Jak osadzi\u0107 portfolio w mojej witrynie Webflow?<\/h3>\r\n\r\n\t\t\t\t\t\t<div class=\"faq-item-question-icon\"><\/div>\r\n\t\t\t\t\t<\/div>\r\n\r\n\t\t\t\t\t<div class=\"faq-item-answer\">\r\n\t\t\t\t\t\t<div class=\"faq-item-answer-text\"><p>Wystarczy tylko minut\u0119 na uruchomienie wid\u017cetu. Ten proces jest super szybki, bezp\u0142atny i nie wymaga kodowania.<\/p><p>Mo\u017cesz zintegrowa\u0107 widget ze swoj\u0105 witryn\u0105 bezpo\u015brednio za po\u015brednictwem naszej us\u0142ugi. Wystarczy zapozna\u0107 si\u0119 z kr\u00f3tkim opisem poni\u017cej na tej stronie.<\/p><\/div>\r\n\t\t\t\t\t<\/div>\r\n\t\t\t\t<\/div><\/div><\/div><div class=\"application-platform-content-item-features application-platform-content-item\" id=\"features\" data-nav-section=\"features\"><h2>G\u0142\u00f3wne funkcje wid\u017cetu Portfolio<\/h2><p> Aby lepiej pozna\u0107 portfolio Webflow, mo\u017cesz przestudiowa\u0107 list\u0119 najbardziej wyr\u00f3\u017cniaj\u0105cych si\u0119 funkcji. Sprawiaj\u0105, \u017ce wtyczka jest maksymalnie korzystna dla Twojego sklepu:<\/p><ul><li>Dodaj wiele projekt\u00f3w i dodaj tytu\u0142y;<\/li><li>Ustal kategorie i podziel na nie projekty;<\/li><li>Wybierz jakie informacje wy\u015bwietli\u0107 w wyskakuj\u0105cym okienku i po najechaniu myszk\u0105;<\/li><li>Dodaj teksty i przypisz daty do wszystkich plik\u00f3w w projekcie;<\/li><li>Aktywny przycisk w nag\u0142\u00f3wku i w wyskakuj\u0105cym okienku przenosi u\u017cytkownik\u00f3w na dowoln\u0105 stron\u0119 internetow\u0105.<\/li><\/ul><p><a href=\"#demo\">Aby zobaczy\u0107 wszystkie funkcje, zobacz demonstracj\u0119 na \u017cywo<\/a><\/p><\/div><div class=\"application-platform-content-item-installation application-platform-content-item\" id=\"installation\" data-nav-section=\"installation\"><h2> Jak utworzy\u0107 portfolio w witrynie Webflow<\/h2><div class=\"video-container\"><iframe width=\"720\" height=\"405\" src=\"https:\/\/www.youtube.com\/embed\/q4HOPpCvyig\" frameborder=\"0\" allowfullscreen=\"\"><\/iframe><\/div><p>Poni\u017csze czynno\u015bci to jedyne, co musisz wykona\u0107, aby aktywowa\u0107 widget.<\/p><ol><li><b>Zbuduj swoje spersonalizowane, responsywne portfolio<\/b><br> W naszym bezp\u0142atnym konfiguratorze utw\u00f3rz widget z niestandardowym wygl\u0105dem i funkcjami.<\/li><li><b>Uzyskaj indywidualny kod, aby zainstalowa\u0107 widget<\/b> <br> Po dostosowaniu wid\u017cetu kod instalacyjny otrzymasz w wyskakuj\u0105cym oknie aplikacji Elfsight. Skopiuj kod do p\u00f3\u017aniejszego wykorzystania. <\/li> <li><b>Dodaj wid\u017cet na swojej stronie Webflow<\/b><br> Wybierz obszar, w kt\u00f3rym chcesz umie\u015bci\u0107 wid\u017cet i wklej tam skopiowany kod. Zastosuj zmiany. <\/li> <li><b>Konfiguracja zosta\u0142a uko\u0144czona<\/b><br> Wejd\u017a na stron\u0119, aby zobaczy\u0107 swoje portfolio. <\/li> <\/ol><p>Nadal nie mo\u017cesz si\u0119 zdecydowa\u0107? Lub masz problemy? Wystarczy skierowa\u0107 zapytanie do naszego dzia\u0142u obs\u0142ugi klienta. Specjali\u015bci rozwi\u0105\u017c\u0105 ka\u017cdy problem.<\/p><\/div>","protected":false},"excerpt":{"rendered":"","protected":false},"author":9,"featured_media":0,"parent":2889,"menu_order":0,"comment_status":"closed","ping_status":"closed","template":"templates\/template-application-platform.php","meta":{"publish_to_discourse":"","publish_post_category":"","wpdc_auto_publish_overridden":"","wpdc_topic_tags":"","wpdc_pin_topic":"","wpdc_pin_until":"","discourse_post_id":"","discourse_permalink":"","wpdc_publishing_response":"","wpdc_publishing_error":"","footnotes":""},"class_list":["post-6072","page","type-page","status-publish","hentry"],"yoast_head":"<!-- This site is optimized with the Yoast SEO plugin v25.3.1 - https:\/\/yoast.com\/wordpress\/plugins\/seo\/ -->\n<title>Webflow Portfolio \u2014 Dodaj modu\u0142 Portfolio do witryny Webflow [2025]<\/title>\n<meta name=\"description\" content=\"Utw\u00f3rz szablon wid\u017cetu Portfolio i dodaj go do swojej witryny Webflow. B\u0119dziesz cieszy\u0107 si\u0119 bezp\u0142atn\u0105 obs\u0142ug\u0105 klienta i innymi korzy\u015bciami.\" \/>\n<meta name=\"robots\" content=\"index, follow, max-snippet:-1, max-image-preview:large, max-video-preview:-1\" \/>\n<link rel=\"canonical\" href=\"https:\/\/elfsight.com\/pl\/portfolio-widget\/webflow\/\" \/>\n<meta property=\"og:locale\" content=\"pl_PL\" \/>\n<meta property=\"og:type\" content=\"article\" \/>\n<meta property=\"og:title\" content=\"Webflow Portfolio \u2014 Dodaj modu\u0142 Portfolio do witryny Webflow [2025]\" \/>\n<meta property=\"og:description\" content=\"Utw\u00f3rz szablon wid\u017cetu Portfolio i dodaj go do swojej witryny Webflow. B\u0119dziesz cieszy\u0107 si\u0119 bezp\u0142atn\u0105 obs\u0142ug\u0105 klienta i innymi korzy\u015bciami.\" \/>\n<meta property=\"og:url\" content=\"https:\/\/elfsight.com\/pl\/portfolio-widget\/webflow\/\" \/>\n<meta property=\"og:site_name\" content=\"Elfsight PL\" \/>\n<meta property=\"article:modified_time\" content=\"2024-11-14T09:39:43+00:00\" \/>\n<meta name=\"twitter:card\" content=\"summary_large_image\" \/>\n<meta name=\"twitter:label1\" content=\"Szacowany czas czytania\" \/>\n\t<meta name=\"twitter:data1\" content=\"3 minuty\" \/>\n<!-- \/ Yoast SEO plugin. -->","yoast_head_json":{"title":"Webflow Portfolio \u2014 Dodaj modu\u0142 Portfolio do witryny Webflow [2025]","description":"Utw\u00f3rz szablon wid\u017cetu Portfolio i dodaj go do swojej witryny Webflow. B\u0119dziesz cieszy\u0107 si\u0119 bezp\u0142atn\u0105 obs\u0142ug\u0105 klienta i innymi korzy\u015bciami.","robots":{"index":"index","follow":"follow","max-snippet":"max-snippet:-1","max-image-preview":"max-image-preview:large","max-video-preview":"max-video-preview:-1"},"canonical":"https:\/\/elfsight.com\/pl\/portfolio-widget\/webflow\/","og_locale":"pl_PL","og_type":"article","og_title":"Webflow Portfolio \u2014 Dodaj modu\u0142 Portfolio do witryny Webflow [2025]","og_description":"Utw\u00f3rz szablon wid\u017cetu Portfolio i dodaj go do swojej witryny Webflow. B\u0119dziesz cieszy\u0107 si\u0119 bezp\u0142atn\u0105 obs\u0142ug\u0105 klienta i innymi korzy\u015bciami.","og_url":"https:\/\/elfsight.com\/pl\/portfolio-widget\/webflow\/","og_site_name":"Elfsight PL","article_modified_time":"2024-11-14T09:39:43+00:00","twitter_card":"summary_large_image","twitter_misc":{"Szacowany czas czytania":"3 minuty"},"schema":{"@context":"https:\/\/schema.org","@graph":[{"@type":"WebPage","@id":"https:\/\/elfsight.com\/pl\/portfolio-widget\/webflow\/","url":"https:\/\/elfsight.com\/pl\/portfolio-widget\/webflow\/","name":"Webflow Portfolio \u2014 Dodaj modu\u0142 Portfolio do witryny Webflow [2025]","isPartOf":{"@id":"https:\/\/elfsight.com\/pl\/#website"},"datePublished":"1970-01-01T00:00:00+00:00","dateModified":"2024-11-14T09:39:43+00:00","description":"Utw\u00f3rz szablon wid\u017cetu Portfolio i dodaj go do swojej witryny Webflow. B\u0119dziesz cieszy\u0107 si\u0119 bezp\u0142atn\u0105 obs\u0142ug\u0105 klienta i innymi korzy\u015bciami.","breadcrumb":{"@id":"https:\/\/elfsight.com\/pl\/portfolio-widget\/webflow\/#breadcrumb"},"inLanguage":"pl-PL","potentialAction":[{"@type":"ReadAction","target":["https:\/\/elfsight.com\/pl\/portfolio-widget\/webflow\/"]}]},{"@type":"BreadcrumbList","@id":"https:\/\/elfsight.com\/pl\/portfolio-widget\/webflow\/#breadcrumb","itemListElement":[{"@type":"ListItem","position":1,"name":"Home","item":"https:\/\/elfsight.com\/pl\/"},{"@type":"ListItem","position":2,"name":"Portfolio","item":"https:\/\/elfsight.com\/pl\/portfolio-widget\/"},{"@type":"ListItem","position":3,"name":"Portfolio &#8211; Webflow"}]},{"@type":"WebSite","@id":"https:\/\/elfsight.com\/pl\/#website","url":"https:\/\/elfsight.com\/pl\/","name":"Elfsight PL","description":"Just another Elfsight Sites site","potentialAction":[{"@type":"SearchAction","target":{"@type":"EntryPoint","urlTemplate":"https:\/\/elfsight.com\/pl\/?s={search_term_string}"},"query-input":{"@type":"PropertyValueSpecification","valueRequired":true,"valueName":"search_term_string"}}],"inLanguage":"pl-PL"}]}},"meta_box":{"industry":"","seo_heading":"","heading":"","description":"","cta_heading":"","cta_description":"","application":"2888","h1":"Wid\u017cet portfela Webflow","h1_caption":"Wy\u015bwietlaj swoje prace i pe\u0142ne projekty, aby pozyska\u0107 nowych klient\u00f3w","application_category":[],"applications_title":"","applications_request_title":"","applications_request_button_text":"","hero_text":"","hero_video":"","hero_video_schema_markup":"","selling_points_title":"","selling_points_caption":"","selling_points":[],"selling_points_cta_text":"","features_title":"","features":"","ed_cta_examples_text":"","ed_cta_examples_hidden":"","ed_cta_demo_text":"","ed_cta_demo_hidden":"","why_caption":"","why_editor_title":"","why_editor_text":"","why_team_title":"","why_team_text":"","why_service_title":"","why_service_text":"","template_catalog_visible":"","template_catalog_title":"","template_catalog_text":"","template_catalog_categories_visible":"","demo_title":"Utw\u00f3rz wid\u017cet Portfolio","demo_caption":"Skonfiguruj swoje Portfolio i dodaj je do swojej witryny Webflow za darmo!","default_faq_hidden":"","app_template_category":[],"platform":"127","template_public_id":"","codecanyon_url":"","codecanyon_item_id":"","codecanyon_price":"","pricing_caption":"","pricing_elfsight_apps_hide_column":"","pricing_elfsight_apps_url":"","pricing_codecanyon_price_caption":"","integration_category":[],"integration_request_title":"","integration_request_cta":"","integration_platform":"","integrations":[],"platform_category":[],"video_schema_markup":"","price":"od 0 USD \/ miesi\u0105c","trial":"","benefits":[{"text":"Bezp\u0142atna pomoc w instalacji"},{"text":"Skuteczna obs\u0142uga klienta"},{"text":"14-dniowa gwarancja zwrotu pieni\u0119dzy"}],"button_url":"#demo","button_target_blank":"","button_nofollow":"","attributes":[{"name":"Instaluje"},{"name":"Czu\u0142y"},{"name":"Kompatybilne przegl\u0105darki"}],"tags":[],"tags_disable_links":"","hide_more_platforms":"","video_object":"","demo_hide_cta":"","demo_hide_cloud_options":"","pricing_title":"","pricing":[{"pricing_icon":"platform","pricing_title":"Elfsight Apps","pricing_title_caption":"Wersja niezale\u017cna od platformy, kt\u00f3ra pasuje do ka\u017cdej witryny","pricing_price":"od 0 USD \/ miesi\u0105c","pricing_price_caption":"zacznij od bezp\u0142atnego planu","pricing_benefits":[{"text":"Nielimitowane domeny"},{"text":"Bezp\u0142atne i terminowe wsparcie"},{"text":"Bezp\u0142atna us\u0142uga monta\u017cu"},{"text":"Specjalna oferta na wiele aplikacji"}],"pricing_button_text":"Dodaj do witryny","pricing_button_url":"#demo"}],"related_apps_title":"","related_apps_hidden":"","author":"","image":[],"title":"","job":"","social_networks":[]},"_links":{"self":[{"href":"https:\/\/elfsight.com\/pl\/wp-json\/wp\/v2\/pages\/6072","targetHints":{"allow":["GET"]}}],"collection":[{"href":"https:\/\/elfsight.com\/pl\/wp-json\/wp\/v2\/pages"}],"about":[{"href":"https:\/\/elfsight.com\/pl\/wp-json\/wp\/v2\/types\/page"}],"author":[{"embeddable":true,"href":"https:\/\/elfsight.com\/pl\/wp-json\/wp\/v2\/users\/9"}],"replies":[{"embeddable":true,"href":"https:\/\/elfsight.com\/pl\/wp-json\/wp\/v2\/comments?post=6072"}],"version-history":[{"count":2,"href":"https:\/\/elfsight.com\/pl\/wp-json\/wp\/v2\/pages\/6072\/revisions"}],"predecessor-version":[{"id":7952,"href":"https:\/\/elfsight.com\/pl\/wp-json\/wp\/v2\/pages\/6072\/revisions\/7952"}],"up":[{"embeddable":true,"href":"https:\/\/elfsight.com\/pl\/wp-json\/wp\/v2\/pages\/2889"}],"wp:attachment":[{"href":"https:\/\/elfsight.com\/pl\/wp-json\/wp\/v2\/media?parent=6072"}],"curies":[{"name":"wp","href":"https:\/\/api.w.org\/{rel}","templated":true}]}}