{"id":6071,"date":"1970-01-01T00:00:00","date_gmt":"1970-01-01T00:00:00","guid":{"rendered":"https:\/\/elfsight.com\/pl\/?page_id=6071"},"modified":"2024-11-14T09:39:43","modified_gmt":"2024-11-14T09:39:43","slug":"webnode","status":"publish","type":"page","link":"https:\/\/elfsight.com\/pl\/portfolio-widget\/webnode\/","title":{"rendered":"Portfolio &#8211; Webnode"},"content":{"rendered":"<div class=\"application-platform-content-item-description application-platform-content-item\" id=\"description\" data-nav-section=\"description\"><h2>Opis<\/h2><p>Portfolio Elfsight zosta\u0142o stworzone, aby pom\u00f3c ka\u017cdemu, kto jest zainteresowany publikowaniem swojej aktywnej biblioteki na stronie internetowej i posiadaniem wi\u0119cej nowe zam\u00f3wienia. Za pomoc\u0105 tego wid\u017cetu mo\u017cesz przesy\u0142a\u0107 kolekcje zdj\u0119\u0107, film\u00f3w, projekt\u00f3w i innych tre\u015bci projektowych. Ka\u017cdemu plikowi projektu mo\u017ce towarzyszy\u0107 pe\u0142ny tekst i data. Masz mo\u017cliwo\u015b\u0107 \u0142\u0105czenia projekt\u00f3w z ich stronami internetowymi i tworzenia kategorii projekt\u00f3w. U\u017cytkownicy zobacz\u0105 Twoje portfolio, klikn\u0105 ka\u017cde portfolio i zobacz\u0105 wszystkie prace bezpo\u015brednio na Twojej stronie g\u0142\u00f3wnej. W nag\u0142\u00f3wku wy\u015bwietli si\u0119 Twoje imi\u0119 i nazwisko, zdj\u0119cie oraz dane kontaktowe, co u\u0142atwi nawi\u0105zanie z Tob\u0105 kontaktu. Przycisk CTA przeniesie klient\u00f3w na stron\u0119 zam\u00f3wienia i pomo\u017ce Ci poszerzy\u0107 poziom sprzeda\u017cy. <\/p><div class=\"faq\" data-component=\"FAQ\"><div class=\"faq-item\">\r\n\t\t\t\t\t<div class=\"faq-item-question\">\r\n\t\t\t\t\t\t<h3 class=\"faq-item-question-text\">Gdzie w mojej witrynie mog\u0119 umie\u015bci\u0107 ten wid\u017cet?<\/h3>\r\n\r\n\t\t\t\t\t\t<div class=\"faq-item-question-icon\"><\/div>\r\n\t\t\t\t\t<\/div>\r\n\r\n\t\t\t\t\t<div class=\"faq-item-answer\">\r\n\t\t\t\t\t\t<div class=\"faq-item-answer-text\"> <p>Widget mo\u017ce by\u0107 wy\u015bwietlany na dowolnej stronie Twojej witryny lub na wszystkich stronach. <\/p><\/div>\r\n\t\t\t\t\t<\/div>\r\n\t\t\t\t<\/div><div class=\"faq-item\">\r\n\t\t\t\t\t<div class=\"faq-item-question\">\r\n\t\t\t\t\t\t<h3 class=\"faq-item-question-text\">Jakie korzy\u015bci odnios\u0119 z jego u\u017cycia?<\/h3>\r\n\r\n\t\t\t\t\t\t<div class=\"faq-item-question-icon\"><\/div>\r\n\t\t\t\t\t<\/div>\r\n\r\n\t\t\t\t\t<div class=\"faq-item-answer\">\r\n\t\t\t\t\t\t<div class=\"faq-item-answer-text\"> <p>Imponuj\u0105ca kolekcja Twoich materia\u0142\u00f3w zaprezentuje odbiorcom wszystkie Twoje wspania\u0142e umiej\u0119tno\u015bci i talenty. Sprawi, \u017ce b\u0119d\u0105 chcieli mie\u0107 to samo, a Ty zyskasz nowych klient\u00f3w. <\/p><\/div>\r\n\t\t\t\t\t<\/div>\r\n\t\t\t\t<\/div><div class=\"faq-item\">\r\n\t\t\t\t\t<div class=\"faq-item-question\">\r\n\t\t\t\t\t\t<h3 class=\"faq-item-question-text\">Czego potrzebuj\u0119, aby wklei\u0107 portfolio na mojej stronie internetowej Webnode?<\/h3>\r\n\r\n\t\t\t\t\t\t<div class=\"faq-item-question-icon\"><\/div>\r\n\t\t\t\t\t<\/div>\r\n\r\n\t\t\t\t\t<div class=\"faq-item-answer\">\r\n\t\t\t\t\t\t<div class=\"faq-item-answer-text\"> <p>Proces integracji jest bardzo szybki, bezp\u0142atny i nie obejmuje kodowania. Mo\u017cesz wprowadzi\u0107 widget na swoj\u0105 stron\u0119 bezpo\u015brednio za po\u015brednictwem naszego serwisu. W tym celu post\u0119puj zgodnie z poni\u017cszym przewodnikiem na tej stronie. <\/p><\/div>\r\n\t\t\t\t\t<\/div>\r\n\t\t\t\t<\/div><\/div> <\/div> <div class=\"application-platform-content-item-features application-platform-content-item\" id=\"features\" data-nav-section=\"features\"><h2>Funkcje<\/h2><p>Aby lepiej pozna\u0107 wid\u017cet, przejrzyj list\u0119 niezb\u0119dnych Funkcje. Sprawiaj\u0105, \u017ce ten widget jest niezwykle skuteczny w Twojej promocji: <\/p><ul><li>Ustaw dowoln\u0105 liczb\u0119 projekt\u00f3w z tytu\u0142ami; <\/li><li>Ustaw grupy i podziel na nie projekty<\/li><li>Zdecyduj, jakie dane maj\u0105 by\u0107 wy\u015bwietlane w wyskakuj\u0105cym okienku i po najechaniu myszk\u0105; <\/li><li>Mo\u017cliwo\u015b\u0107 dodawania opis\u00f3w i przypisania dat do wszystkich prac w projekcie<\/li><li>Aktywny przycisk w nag\u0142\u00f3wku i w wyskakuj\u0105cym okienku przekierowuje u\u017cytkownik\u00f3w do dowolnej witryny lub strony<\/li><\/ul><p><a href=\"#demo\">Aby pozna\u0107 wszystkie funkcje, obejrzyj nasz\u0105 demonstracj\u0119 na \u017cywo<\/a><\/p><\/div> <div class=\"application-platform-content-item-installation application-platform-content-item\" id=\"installation\" data-nav-section=\"installation\"><h2>Jak doda\u0107 portfolio do moja witryna internetowa Webnode? <\/h2><p>Wystarczy post\u0119powa\u0107 zgodnie z poni\u017cszymi wskaz\u00f3wkami, aby osadzi\u0107 wtyczk\u0119. <\/p><ol><li><b>Skorzystaj z naszej bezp\u0142atnej wersji demonstracyjnej i zacznij budowa\u0107 sw\u00f3j spersonalizowany instrument. <\/b><br>Okre\u015bl preferowany wygl\u0105d i funkcjonalno\u015b\u0107 wid\u017cetu oraz zastosuj zmiany. <\/li><li><b>Skopiuj unikalny kod pojawiaj\u0105cy si\u0119 w oknie aplikacji Elfsight. <\/b><br>Gdy tylko dostosowywanie Twojego osobistego narz\u0119dzia zostanie zako\u0144czone, skopiuj kod osobisty z wyskakuj\u0105cego okienka i zachowaj go do p\u00f3\u017aniejszego wykorzystania. <\/li><li><b>Rozpocznij stosowanie narz\u0119dzia na stronie Webnode. <\/b><br>Wpisz na swojej stronie ostatnio zapisany kod i zapisz poprawki. <\/li><li><b>Gotowe! Osadzanie zosta\u0142o pomy\u015blnie zako\u0144czone. <\/b><br>Odwied\u017a swoj\u0105 stron\u0119, aby sprawdzi\u0107, jak dzia\u0142a wtyczka. <\/li><\/ol><p>W przypadku problem\u00f3w prosimy o kontakt z naszym zespo\u0142em obs\u0142ugi klienta. Nasi pracownicy ch\u0119tnie pomog\u0105 Ci we wszystkich problemach, jakie mo\u017cesz mie\u0107 z produktem.<\/p><\/div>","protected":false},"excerpt":{"rendered":"","protected":false},"author":9,"featured_media":0,"parent":2889,"menu_order":0,"comment_status":"closed","ping_status":"closed","template":"templates\/template-application-platform.php","meta":{"publish_to_discourse":"","publish_post_category":"","wpdc_auto_publish_overridden":"","wpdc_topic_tags":"","wpdc_pin_topic":"","wpdc_pin_until":"","discourse_post_id":"","discourse_permalink":"","wpdc_publishing_response":"","wpdc_publishing_error":"","footnotes":""},"class_list":["post-6071","page","type-page","status-publish","hentry"],"yoast_head":"<!-- This site is optimized with the Yoast SEO plugin v25.3.1 - https:\/\/yoast.com\/wordpress\/plugins\/seo\/ -->\n<title>Portfolio Webnode \u2014 Dodaj wid\u017cet Portfolio do witryny Webnode [2025]<\/title>\n<meta name=\"description\" content=\"Utw\u00f3rz dostosowany wid\u017cet Portfolio i dodaj go do swojej witryny Webnode. Ciesz si\u0119 bezp\u0142atn\u0105 obs\u0142ug\u0105 klienta i innymi bonusami od Elfsight.\" \/>\n<meta name=\"robots\" content=\"index, follow, max-snippet:-1, max-image-preview:large, max-video-preview:-1\" \/>\n<link rel=\"canonical\" href=\"https:\/\/elfsight.com\/pl\/portfolio-widget\/webnode\/\" \/>\n<meta property=\"og:locale\" content=\"pl_PL\" \/>\n<meta property=\"og:type\" content=\"article\" \/>\n<meta property=\"og:title\" content=\"Portfolio Webnode \u2014 Dodaj wid\u017cet Portfolio do witryny Webnode [2025]\" \/>\n<meta property=\"og:description\" content=\"Utw\u00f3rz dostosowany wid\u017cet Portfolio i dodaj go do swojej witryny Webnode. Ciesz si\u0119 bezp\u0142atn\u0105 obs\u0142ug\u0105 klienta i innymi bonusami od Elfsight.\" \/>\n<meta property=\"og:url\" content=\"https:\/\/elfsight.com\/pl\/portfolio-widget\/webnode\/\" \/>\n<meta property=\"og:site_name\" content=\"Elfsight PL\" \/>\n<meta property=\"article:modified_time\" content=\"2024-11-14T09:39:43+00:00\" \/>\n<meta name=\"twitter:card\" content=\"summary_large_image\" \/>\n<meta name=\"twitter:label1\" content=\"Szacowany czas czytania\" \/>\n\t<meta name=\"twitter:data1\" content=\"3 minuty\" \/>\n<!-- \/ Yoast SEO plugin. -->","yoast_head_json":{"title":"Portfolio Webnode \u2014 Dodaj wid\u017cet Portfolio do witryny Webnode [2025]","description":"Utw\u00f3rz dostosowany wid\u017cet Portfolio i dodaj go do swojej witryny Webnode. Ciesz si\u0119 bezp\u0142atn\u0105 obs\u0142ug\u0105 klienta i innymi bonusami od Elfsight.","robots":{"index":"index","follow":"follow","max-snippet":"max-snippet:-1","max-image-preview":"max-image-preview:large","max-video-preview":"max-video-preview:-1"},"canonical":"https:\/\/elfsight.com\/pl\/portfolio-widget\/webnode\/","og_locale":"pl_PL","og_type":"article","og_title":"Portfolio Webnode \u2014 Dodaj wid\u017cet Portfolio do witryny Webnode [2025]","og_description":"Utw\u00f3rz dostosowany wid\u017cet Portfolio i dodaj go do swojej witryny Webnode. Ciesz si\u0119 bezp\u0142atn\u0105 obs\u0142ug\u0105 klienta i innymi bonusami od Elfsight.","og_url":"https:\/\/elfsight.com\/pl\/portfolio-widget\/webnode\/","og_site_name":"Elfsight PL","article_modified_time":"2024-11-14T09:39:43+00:00","twitter_card":"summary_large_image","twitter_misc":{"Szacowany czas czytania":"3 minuty"},"schema":{"@context":"https:\/\/schema.org","@graph":[{"@type":"WebPage","@id":"https:\/\/elfsight.com\/pl\/portfolio-widget\/webnode\/","url":"https:\/\/elfsight.com\/pl\/portfolio-widget\/webnode\/","name":"Portfolio Webnode \u2014 Dodaj wid\u017cet Portfolio do witryny Webnode [2025]","isPartOf":{"@id":"https:\/\/elfsight.com\/pl\/#website"},"datePublished":"1970-01-01T00:00:00+00:00","dateModified":"2024-11-14T09:39:43+00:00","description":"Utw\u00f3rz dostosowany wid\u017cet Portfolio i dodaj go do swojej witryny Webnode. Ciesz si\u0119 bezp\u0142atn\u0105 obs\u0142ug\u0105 klienta i innymi bonusami od Elfsight.","breadcrumb":{"@id":"https:\/\/elfsight.com\/pl\/portfolio-widget\/webnode\/#breadcrumb"},"inLanguage":"pl-PL","potentialAction":[{"@type":"ReadAction","target":["https:\/\/elfsight.com\/pl\/portfolio-widget\/webnode\/"]}]},{"@type":"BreadcrumbList","@id":"https:\/\/elfsight.com\/pl\/portfolio-widget\/webnode\/#breadcrumb","itemListElement":[{"@type":"ListItem","position":1,"name":"Home","item":"https:\/\/elfsight.com\/pl\/"},{"@type":"ListItem","position":2,"name":"Portfolio","item":"https:\/\/elfsight.com\/pl\/portfolio-widget\/"},{"@type":"ListItem","position":3,"name":"Portfolio &#8211; Webnode"}]},{"@type":"WebSite","@id":"https:\/\/elfsight.com\/pl\/#website","url":"https:\/\/elfsight.com\/pl\/","name":"Elfsight PL","description":"Just another Elfsight Sites site","potentialAction":[{"@type":"SearchAction","target":{"@type":"EntryPoint","urlTemplate":"https:\/\/elfsight.com\/pl\/?s={search_term_string}"},"query-input":{"@type":"PropertyValueSpecification","valueRequired":true,"valueName":"search_term_string"}}],"inLanguage":"pl-PL"}]}},"meta_box":{"industry":"","seo_heading":"","heading":"","description":"","cta_heading":"","cta_description":"","application":"2888","h1":"Wid\u017cet portfolio Webnode","h1_caption":"Wystaw swoje dzie\u0142a i wszystkie projekty szczeg\u00f3\u0142owo, aby pozyska\u0107 nowych klient\u00f3w.","application_category":[],"applications_title":"","applications_request_title":"","applications_request_button_text":"","hero_text":"","hero_video":"","hero_video_schema_markup":"","selling_points_title":"","selling_points_caption":"","selling_points":[],"selling_points_cta_text":"","features_title":"","features":"","ed_cta_examples_text":"","ed_cta_examples_hidden":"","ed_cta_demo_text":"","ed_cta_demo_hidden":"","why_caption":"","why_editor_title":"","why_editor_text":"","why_team_title":"","why_team_text":"","why_service_title":"","why_service_text":"","template_catalog_visible":"","template_catalog_title":"","template_catalog_text":"","template_catalog_categories_visible":"","demo_title":"Utw\u00f3rz wid\u017cet Portfolio","demo_caption":"Skonfiguruj swoje portfolio i dodaj je do swojej witryny Webnode za darmo!","default_faq_hidden":"","app_template_category":[],"platform":"138","template_public_id":"","codecanyon_url":"","codecanyon_item_id":"","codecanyon_price":"","pricing_caption":"","pricing_elfsight_apps_hide_column":"","pricing_elfsight_apps_url":"","pricing_codecanyon_price_caption":"","integration_category":[],"integration_request_title":"","integration_request_cta":"","integration_platform":"","integrations":[],"platform_category":[],"video_schema_markup":"","price":"od 0 USD \/ miesi\u0105c","trial":"","benefits":[{"text":"Bezp\u0142atna us\u0142uga monta\u017cu"},{"text":"Profesjonalna obs\u0142uga klienta"},{"text":"14-dniowa gwarancja zwrotu pieni\u0119dzy"}],"button_url":"#demo","button_target_blank":"","button_nofollow":"","attributes":[{"name":"Instaluje"},{"name":"Czu\u0142y"},{"name":"Kompatybilne przegl\u0105darki"}],"tags":[],"tags_disable_links":"","hide_more_platforms":"","video_object":"","demo_hide_cta":"","demo_hide_cloud_options":"","pricing_title":"","pricing":[{"pricing_icon":"platform","pricing_title":"Elfsight Apps","pricing_title_caption":"Niezale\u017cne od platformy rozwi\u0105zanie cyfrowe","pricing_price":"od 0 USD \/ miesi\u0105c","pricing_price_caption":"zacznij od bezp\u0142atnego planu","pricing_benefits":[{"text":"Nielimitowane strony internetowe"},{"text":"Obs\u0142uga klienta premium i dobrze udokumentowana"},{"text":"Bezp\u0142atna pomoc w monta\u017cu"},{"text":"Oferta specjalna na wiele aplikacji"}],"pricing_button_text":"Dodaj do witryny","pricing_button_url":"#demo"}],"related_apps_title":"","related_apps_hidden":"","author":"","image":[],"title":"","job":"","social_networks":[]},"_links":{"self":[{"href":"https:\/\/elfsight.com\/pl\/wp-json\/wp\/v2\/pages\/6071","targetHints":{"allow":["GET"]}}],"collection":[{"href":"https:\/\/elfsight.com\/pl\/wp-json\/wp\/v2\/pages"}],"about":[{"href":"https:\/\/elfsight.com\/pl\/wp-json\/wp\/v2\/types\/page"}],"author":[{"embeddable":true,"href":"https:\/\/elfsight.com\/pl\/wp-json\/wp\/v2\/users\/9"}],"replies":[{"embeddable":true,"href":"https:\/\/elfsight.com\/pl\/wp-json\/wp\/v2\/comments?post=6071"}],"version-history":[{"count":1,"href":"https:\/\/elfsight.com\/pl\/wp-json\/wp\/v2\/pages\/6071\/revisions"}],"predecessor-version":[{"id":6075,"href":"https:\/\/elfsight.com\/pl\/wp-json\/wp\/v2\/pages\/6071\/revisions\/6075"}],"up":[{"embeddable":true,"href":"https:\/\/elfsight.com\/pl\/wp-json\/wp\/v2\/pages\/2889"}],"wp:attachment":[{"href":"https:\/\/elfsight.com\/pl\/wp-json\/wp\/v2\/media?parent=6071"}],"curies":[{"name":"wp","href":"https:\/\/api.w.org\/{rel}","templated":true}]}}