{"id":6070,"date":"1970-01-01T00:00:00","date_gmt":"1970-01-01T00:00:00","guid":{"rendered":"https:\/\/elfsight.com\/pl\/?page_id=6070"},"modified":"2026-01-19T10:27:11","modified_gmt":"2026-01-19T10:27:11","slug":"wix","status":"publish","type":"page","link":"https:\/\/elfsight.com\/pl\/portfolio-widget\/wix\/","title":{"rendered":"Portfolio &#8211; Wix"},"content":{"rendered":"<div class=\"application-platform-content-item-description application-platform-content-item\" id=\"description\" data-nav-section=\"description\"><h2>Opis<\/h2><p>Aplikacja Elfsight Portfolio zosta\u0142a zaprojektowana, aby pom\u00f3c ka\u017cdej osobie, kt\u00f3ra potrzebuje zaprezentowa\u0107 swoje osza\u0142amiaj\u0105ce portfolio na stronie internetowej i przyci\u0105gn\u0105\u0107 klienci. Maj\u0105c to narz\u0119dzie, b\u0119dziesz m\u00f3g\u0142 pokaza\u0107 projekty ze zdj\u0119ciami, filmami, projektami i innymi materia\u0142ami. Ka\u017cdy plik mo\u017ce mie\u0107 dok\u0142adny opis i dat\u0119. Mo\u017cesz \u0142\u0105czy\u0107 projekty z ich stronami internetowymi i tworzy\u0107 kategorie projekt\u00f3w. Odwiedzaj\u0105cy witryn\u0119 b\u0119d\u0105 przegl\u0105da\u0107 Twoje portfolio projekt\u00f3w, klika\u0107 ka\u017cdy projekt i przegl\u0105da\u0107 go szczeg\u00f3\u0142owo bezpo\u015brednio na Twojej stronie g\u0142\u00f3wnej. Nag\u0142\u00f3wek zawiera Twoje imi\u0119 i nazwisko, zdj\u0119cie oraz dane kontaktowe, co u\u0142atwia proces skontaktowania si\u0119 z Tob\u0105. Aktywny przycisk przekieruje u\u017cytkownik\u00f3w na stron\u0119 zakup\u00f3w i pomo\u017ce Ci zwi\u0119kszy\u0107 wielko\u015b\u0107 sprzeda\u017cy. <\/p><div class=\"faq\" data-component=\"FAQ\"><div class=\"faq-item\">\r\n\t\t\t\t\t<div class=\"faq-item-question\">\r\n\t\t\t\t\t\t<h3 class=\"faq-item-question-text\">Jak mog\u0119 osadzi\u0107 portfolio na stronie Wix?<\/h3>\r\n\r\n\t\t\t\t\t\t<div class=\"faq-item-question-icon\"><\/div>\r\n\t\t\t\t\t<\/div>\r\n\r\n\t\t\t\t\t<div class=\"faq-item-answer\">\r\n\t\t\t\t\t\t<div class=\"faq-item-answer-text\"><p>Tworzenie narz\u0119dzia odbywa si\u0119 na stronach Elfsight i nie ma potrzeby kodowania. Skorzystaj z naszego aktywnego demo, aby ukszta\u0142towa\u0107 swoj\u0105 osobist\u0105 aplikacj\u0119, zdob\u0105d\u017a kod i umie\u015b\u0107 go na swojej stronie. <\/p><\/div>\r\n\t\t\t\t\t<\/div>\r\n\t\t\t\t<\/div><div class=\"faq-item\">\r\n\t\t\t\t\t<div class=\"faq-item-question\">\r\n\t\t\t\t\t\t<h3 class=\"faq-item-question-text\">Najlepsze przyk\u0142ady wykorzystania integracji Galerii Portfolio<\/h3>\r\n\r\n\t\t\t\t\t\t<div class=\"faq-item-question-icon\"><\/div>\r\n\t\t\t\t\t<\/div>\r\n\r\n\t\t\t\t\t<div class=\"faq-item-answer\">\r\n\t\t\t\t\t\t<div class=\"faq-item-answer-text\"><p>Oferujemy szerok\u0105 gam\u0119 mo\u017cliwo\u015bci dostosowywania: pe\u0142nowymiarowe wid\u017cety do dodawania w strefie tre\u015bci, p\u0142ywaj\u0105ce wtyczki do funkcji przewijania, uk\u0142ady stopki witryny, sekcji nag\u0142\u00f3wka i wszelkiego rodzaju opcje pionowe dla pask\u00f3w bocznych i menu witryny. <\/p><\/div>\r\n\t\t\t\t\t<\/div>\r\n\t\t\t\t<\/div><div class=\"faq-item\">\r\n\t\t\t\t\t<div class=\"faq-item-question\">\r\n\t\t\t\t\t\t<h3 class=\"faq-item-question-text\">Jak utworzy\u0107 slider lub portfolio karuzelowe za po\u015brednictwem swojego redaktora? <\/h3>\r\n\r\n\t\t\t\t\t\t<div class=\"faq-item-question-icon\"><\/div>\r\n\t\t\t\t\t<\/div>\r\n\r\n\t\t\t\t\t<div class=\"faq-item-answer\">\r\n\t\t\t\t\t\t<div class=\"faq-item-answer-text\"><p>Mo\u017cesz kszta\u0142towa\u0107 modyfikacje dowolnego wid\u017cetu. W edytorze dost\u0119pnych jest wiele uk\u0142ad\u00f3w, a ka\u017cdy z nich mo\u017cna szybko dostosowa\u0107 do w\u0142asnych potrzeb. <\/p><\/div>\r\n\t\t\t\t\t<\/div>\r\n\t\t\t\t<\/div><\/div><\/div> <div class=\"application-platform-content-item-features application-platform-content-item\" id=\"features\" data-nav-section=\"features\"><h2>Funkcje<\/h2><p>Aby lepiej postrzega\u0107 wid\u017cet, sp\u00f3jrz na list\u0119 g\u0142\u00f3wne cechy. Sprawiaj\u0105, \u017ce widget jest dla Ciebie niezwykle przydatny: <\/p><ul><li>Ustaw dowoln\u0105 liczb\u0119 projekt\u00f3w i dodaj tytu\u0142y; <\/li><li>Tw\u00f3rz grupy i dziel na nie projekty<\/li><li>Wybierz typy danych, kt\u00f3re maj\u0105 by\u0107 wy\u015bwietlane w wyskakuj\u0105cym okienku i po najechaniu myszk\u0105; <\/li><li>Dodawaj opisy i daty do wszystkich materia\u0142\u00f3w w projekcie<\/li><li>Aktywny przycisk w nag\u0142\u00f3wku i w wyskakuj\u0105cych okienkach przenosi u\u017cytkownik\u00f3w na dowoln\u0105 stron\u0119<\/li><\/ul><p><a href=\"#demo\">Przejrzyj pe\u0142n\u0105 list\u0119 funkcji w naszej demonstracji na \u017cywo<\/a><\/p><\/div> <div class=\"application-platform-content-item-installation application-platform-content-item\" id=\"installation\" data-nav-section=\"installation\"><h2>Jak doda\u0107 portfolio do mojej strony internetowej Wix? <\/h2><div class=\"video-container\"><iframe allowfullscreen=\"\" frameborder=\"0\" height=\"405\" src=\"https:\/\/www.youtube.com\/embed\/sqVlGIQOF1o?si=RAXGT6PiaHLvoRU6\" width=\"720\"><\/iframe><\/div><p>Wystarczy wykona\u0107 kilka krok\u00f3w podanych poni\u017cej, aby rozpocz\u0105\u0107 prac\u0119 z narz\u0119dziem. <\/p><ol><li><b>Wykonaj nasz\u0105 bezp\u0142atn\u0105 wersj\u0119 demonstracyjn\u0105 i zacznij tworzy\u0107 niestandardow\u0105 wtyczk\u0119. <\/b><br>Okre\u015bl odpowiedni uk\u0142ad i funkcjonalno\u015b\u0107 wtyczki i zapisz zmiany. <\/li><li><b>Skopiuj kod osobisty widoczny w polu aplikacji Elfsight. <\/b><br>Gdy tylko konfiguracja Twojego osobistego widgetu zostanie zako\u0144czona, skopiuj osobisty kod w wy\u015bwietlonym oknie i zapisz go na p\u00f3\u017aniej. <\/li><li><b>Zaanga\u017cuj si\u0119 w korzystanie z narz\u0119dzia na swojej stronie Wix. <\/b><br>Dodaj wcze\u015bniej zapisany kod na swojej stronie i zapisz zmiany. <\/li><li><b>Gotowe! Konfiguracja zosta\u0142a w pe\u0142ni uko\u0144czona. <\/b><br>Przejd\u017a na swoj\u0105 stron\u0119 internetow\u0105, aby zobaczy\u0107, jak dzia\u0142a narz\u0119dzie. <\/li><\/ol><p>Je\u015bli masz pytania lub napotkasz jakiekolwiek trudno\u015bci, zwr\u00f3\u0107 si\u0119 o pomoc do naszego personelu pomocniczego. Nasi konsultanci z przyjemno\u015bci\u0105 pomog\u0105 Ci we wszystkich problemach zwi\u0105zanych z narz\u0119dziem<\/p><\/div>","protected":false},"excerpt":{"rendered":"","protected":false},"author":9,"featured_media":0,"parent":2889,"menu_order":0,"comment_status":"closed","ping_status":"closed","template":"templates\/template-application-platform.php","meta":{"publish_to_discourse":"","publish_post_category":"","wpdc_auto_publish_overridden":"","wpdc_topic_tags":"","wpdc_pin_topic":"","wpdc_pin_until":"","discourse_post_id":"","discourse_permalink":"","wpdc_publishing_response":"","wpdc_publishing_error":"","footnotes":""},"class_list":["post-6070","page","type-page","status-publish","hentry"],"yoast_head":"<!-- This site is optimized with the Yoast SEO plugin v25.3.1 - https:\/\/yoast.com\/wordpress\/plugins\/seo\/ -->\n<title>Wix Portfolio \u2014 Dodaj szablon aplikacji Portfolio do witryny Wix (bezp\u0142atnie i szybko)<\/title>\n<meta name=\"description\" content=\"Utworzenie wid\u017cetu Portfolio i opublikowanie go na swojej stronie Wix jest ca\u0142kowicie proste. Obs\u0142uga klienta Elfsight jest bezp\u0142atna.\" \/>\n<meta name=\"robots\" content=\"index, follow, max-snippet:-1, max-image-preview:large, max-video-preview:-1\" \/>\n<link rel=\"canonical\" href=\"https:\/\/elfsight.com\/pl\/portfolio-widget\/wix\/\" \/>\n<meta property=\"og:locale\" content=\"pl_PL\" \/>\n<meta property=\"og:type\" content=\"article\" \/>\n<meta property=\"og:title\" content=\"Wix Portfolio \u2014 Dodaj szablon aplikacji Portfolio do witryny Wix (bezp\u0142atnie i szybko)\" \/>\n<meta property=\"og:description\" content=\"Utworzenie wid\u017cetu Portfolio i opublikowanie go na swojej stronie Wix jest ca\u0142kowicie proste. Obs\u0142uga klienta Elfsight jest bezp\u0142atna.\" \/>\n<meta property=\"og:url\" content=\"https:\/\/elfsight.com\/pl\/portfolio-widget\/wix\/\" \/>\n<meta property=\"og:site_name\" content=\"Elfsight PL\" \/>\n<meta property=\"article:modified_time\" content=\"2026-01-19T10:27:11+00:00\" \/>\n<meta name=\"twitter:card\" content=\"summary_large_image\" \/>\n<meta name=\"twitter:label1\" content=\"Szacowany czas czytania\" \/>\n\t<meta name=\"twitter:data1\" content=\"3 minuty\" \/>\n<!-- \/ Yoast SEO plugin. -->","yoast_head_json":{"title":"Wix Portfolio \u2014 Dodaj szablon aplikacji Portfolio do witryny Wix (bezp\u0142atnie i szybko)","description":"Utworzenie wid\u017cetu Portfolio i opublikowanie go na swojej stronie Wix jest ca\u0142kowicie proste. Obs\u0142uga klienta Elfsight jest bezp\u0142atna.","robots":{"index":"index","follow":"follow","max-snippet":"max-snippet:-1","max-image-preview":"max-image-preview:large","max-video-preview":"max-video-preview:-1"},"canonical":"https:\/\/elfsight.com\/pl\/portfolio-widget\/wix\/","og_locale":"pl_PL","og_type":"article","og_title":"Wix Portfolio \u2014 Dodaj szablon aplikacji Portfolio do witryny Wix (bezp\u0142atnie i szybko)","og_description":"Utworzenie wid\u017cetu Portfolio i opublikowanie go na swojej stronie Wix jest ca\u0142kowicie proste. Obs\u0142uga klienta Elfsight jest bezp\u0142atna.","og_url":"https:\/\/elfsight.com\/pl\/portfolio-widget\/wix\/","og_site_name":"Elfsight PL","article_modified_time":"2026-01-19T10:27:11+00:00","twitter_card":"summary_large_image","twitter_misc":{"Szacowany czas czytania":"3 minuty"},"schema":{"@context":"https:\/\/schema.org","@graph":[{"@type":"WebPage","@id":"https:\/\/elfsight.com\/pl\/portfolio-widget\/wix\/","url":"https:\/\/elfsight.com\/pl\/portfolio-widget\/wix\/","name":"Wix Portfolio \u2014 Dodaj szablon aplikacji Portfolio do witryny Wix (bezp\u0142atnie i szybko)","isPartOf":{"@id":"https:\/\/elfsight.com\/pl\/#website"},"datePublished":"1970-01-01T00:00:00+00:00","dateModified":"2026-01-19T10:27:11+00:00","description":"Utworzenie wid\u017cetu Portfolio i opublikowanie go na swojej stronie Wix jest ca\u0142kowicie proste. Obs\u0142uga klienta Elfsight jest bezp\u0142atna.","breadcrumb":{"@id":"https:\/\/elfsight.com\/pl\/portfolio-widget\/wix\/#breadcrumb"},"inLanguage":"pl-PL","potentialAction":[{"@type":"ReadAction","target":["https:\/\/elfsight.com\/pl\/portfolio-widget\/wix\/"]}]},{"@type":"BreadcrumbList","@id":"https:\/\/elfsight.com\/pl\/portfolio-widget\/wix\/#breadcrumb","itemListElement":[{"@type":"ListItem","position":1,"name":"Home","item":"https:\/\/elfsight.com\/pl\/"},{"@type":"ListItem","position":2,"name":"Portfolio","item":"https:\/\/elfsight.com\/pl\/portfolio-widget\/"},{"@type":"ListItem","position":3,"name":"Portfolio &#8211; Wix"}]},{"@type":"WebSite","@id":"https:\/\/elfsight.com\/pl\/#website","url":"https:\/\/elfsight.com\/pl\/","name":"Elfsight PL","description":"Just another Elfsight Sites site","potentialAction":[{"@type":"SearchAction","target":{"@type":"EntryPoint","urlTemplate":"https:\/\/elfsight.com\/pl\/?s={search_term_string}"},"query-input":{"@type":"PropertyValueSpecification","valueRequired":true,"valueName":"search_term_string"}}],"inLanguage":"pl-PL"}]}},"meta_box":{"industry":"","seo_heading":"","heading":"","description":"","cta_heading":"","cta_description":"","application":"2888","h1":"Aplikacja Portfolio Wix","h1_caption":"Pozw\u00f3l swoim odbiorcom bardziej szczeg\u00f3\u0142owo podziwia\u0107 dzie\u0142a sztuki i ca\u0142\u0105 gam\u0119 projekt\u00f3w oraz pozyska\u0107 nowych klient\u00f3w","application_category":[],"applications_title":"","applications_request_title":"","applications_request_button_text":"","hero_text":"","hero_video":"","hero_video_schema_markup":"","selling_points_title":"","selling_points_caption":"","selling_points":[],"selling_points_cta_text":"","features_title":"","features":"","ed_cta_examples_text":"","ed_cta_examples_hidden":"","ed_cta_demo_text":"","ed_cta_demo_hidden":"","why_caption":"","why_editor_title":"","why_editor_text":"","why_team_title":"","why_team_text":"","why_service_title":"","why_service_text":"","template_catalog_visible":"0","template_catalog_title":"","template_catalog_text":"","template_catalog_categories_visible":"","demo_title":"Utw\u00f3rz aplikacj\u0119 Portfolio","demo_caption":"Skonfiguruj swoje portfolio i dodaj je do swojej witryny Wix za darmo!","default_faq_hidden":"","app_template_category":[],"platform":"30","template_public_id":"","codecanyon_url":"","codecanyon_item_id":"","codecanyon_price":"","pricing_caption":"","pricing_elfsight_apps_hide_column":"","pricing_elfsight_apps_url":"","pricing_codecanyon_price_caption":"","integration_category":[],"integration_request_title":"","integration_request_cta":"","integration_platform":"","integrations":[],"platform_category":[],"video_schema_markup":"","price":"od 0 USD \/ miesi\u0105c","trial":"","benefits":[{"text":"Bezp\u0142atna pomoc w monta\u017cu"},{"text":"Wsparcie premium"},{"text":"14-dniowa gwarancja zwrotu pieni\u0119dzy"}],"button_url":"#demo","button_target_blank":"0","button_nofollow":"0","attributes":[{"name":"Instaluje"},{"name":"Czu\u0142y"},{"name":"Kompatybilne przegl\u0105darki"}],"tags":[],"tags_disable_links":"0","hide_more_platforms":"0","video_object":"","demo_hide_cta":"0","demo_hide_cloud_options":"0","pricing_title":"","pricing":[{"pricing_icon":"platform","pricing_title":"Elfsight Apps","pricing_title_caption":"Rozwi\u0105zanie wieloplatformowe, kt\u00f3re pasuje do ka\u017cdej witryny internetowej","pricing_price":"od 0 USD \/ miesi\u0105c","pricing_price_caption":"zacznij od bezp\u0142atnego planu","pricing_benefits":[{"text":"Nieograniczona liczba stron internetowych"},{"text":"Profesjonalna obs\u0142uga klienta"},{"text":"Bezp\u0142atna us\u0142uga monta\u017cu"},{"text":"Elastyczny projekt"}],"pricing_button_text":"Dodaj do witryny","pricing_button_url":"#demo"}],"related_apps_title":"","related_apps_hidden":"0","author":"","image":[],"title":"","job":"","social_networks":[]},"_links":{"self":[{"href":"https:\/\/elfsight.com\/pl\/wp-json\/wp\/v2\/pages\/6070","targetHints":{"allow":["GET"]}}],"collection":[{"href":"https:\/\/elfsight.com\/pl\/wp-json\/wp\/v2\/pages"}],"about":[{"href":"https:\/\/elfsight.com\/pl\/wp-json\/wp\/v2\/types\/page"}],"author":[{"embeddable":true,"href":"https:\/\/elfsight.com\/pl\/wp-json\/wp\/v2\/users\/9"}],"replies":[{"embeddable":true,"href":"https:\/\/elfsight.com\/pl\/wp-json\/wp\/v2\/comments?post=6070"}],"version-history":[{"count":3,"href":"https:\/\/elfsight.com\/pl\/wp-json\/wp\/v2\/pages\/6070\/revisions"}],"predecessor-version":[{"id":10842,"href":"https:\/\/elfsight.com\/pl\/wp-json\/wp\/v2\/pages\/6070\/revisions\/10842"}],"up":[{"embeddable":true,"href":"https:\/\/elfsight.com\/pl\/wp-json\/wp\/v2\/pages\/2889"}],"wp:attachment":[{"href":"https:\/\/elfsight.com\/pl\/wp-json\/wp\/v2\/media?parent=6070"}],"curies":[{"name":"wp","href":"https:\/\/api.w.org\/{rel}","templated":true}]}}