{"id":6064,"date":"1970-01-01T00:00:00","date_gmt":"1970-01-01T00:00:00","guid":{"rendered":"https:\/\/elfsight.com\/pl\/?page_id=6064"},"modified":"2026-01-15T10:13:07","modified_gmt":"2026-01-15T10:13:07","slug":"wordpress","status":"publish","type":"page","link":"https:\/\/elfsight.com\/pl\/portfolio-widget\/wordpress\/","title":{"rendered":"Portfolio &#8211; WordPress"},"content":{"rendered":"<div class=\"application-platform-content-item-description application-platform-content-item\" id=\"description\" data-nav-section=\"description\"><h2>Osad\u017a portfolio w WordPress za pomoc\u0105 wid\u017cetu Elfsight<\/h2><p>Portfolio Elfsight jest stworzone dla ka\u017cdej osoby, kt\u00f3ra ma przedstawi\u0107 swoj\u0105 osza\u0142amiaj\u0105c\u0105 bibliotek\u0119 na stronie internetowej i uzyskaj now\u0105 sprzeda\u017c. Za pomoc\u0105 naszego narz\u0119dzia b\u0119dziesz m\u00f3g\u0142 przes\u0142a\u0107 wybrane zdj\u0119cia, tre\u015bci wideo, szkice i inne materia\u0142y. Ka\u017cdy element tre\u015bci mo\u017ce zawiera\u0107 szczeg\u00f3\u0142owy tekst i dat\u0119. Mo\u017cesz wi\u0105za\u0107 projekty z ich stronami internetowymi i rozpowszechnia\u0107 projekty w grupach. U\u017cytkownicy b\u0119d\u0105 przegl\u0105da\u0107 Twoje portfolio projekt\u00f3w, klika\u0107 portfolio i przegl\u0105da\u0107 wszystkie sesje zdj\u0119ciowe i ta\u015bmy wideo bezpo\u015brednio na Twojej stronie internetowej. W nag\u0142\u00f3wku wy\u015bwietli si\u0119 Twoje imi\u0119 i nazwisko, zdj\u0119cie oraz dane kontaktowe, co u\u0142atwi proces dotarcia do Ciebie. Przycisk CTA przeniesie klient\u00f3w na stron\u0119 sk\u0142adania zam\u00f3wienia i pomo\u017ce Ci zwi\u0119kszy\u0107 liczb\u0119 sprzeda\u017cy. <\/p><div class=\"faq\" data-component=\"FAQ\"><div class=\"faq-item\">\r\n\t\t\t\t\t<div class=\"faq-item-question\">\r\n\t\t\t\t\t\t<h3 class=\"faq-item-question-text\">Jak mog\u0119 osadzi\u0107 portfolio w mojej witrynie WordPress?<\/h3>\r\n\r\n\t\t\t\t\t\t<div class=\"faq-item-question-icon\"><\/div>\r\n\t\t\t\t\t<\/div>\r\n\r\n\t\t\t\t\t<div class=\"faq-item-answer\">\r\n\t\t\t\t\t\t<div class=\"faq-item-answer-text\"><p>Utworzenie wid\u017cetu odbywa si\u0119 w witrynie Elfsight i nie ma potrzeby uczy\u0107 si\u0119 kodowania. Skorzystaj z naszego demo na \u017cywo, aby zaprojektowa\u0107 swoje narz\u0119dzie, uzyska\u0107 kod i umie\u015bci\u0107 go na swojej stronie internetowej. <\/p><\/div>\r\n\t\t\t\t\t<\/div>\r\n\t\t\t\t<\/div><div class=\"faq-item\">\r\n\t\t\t\t\t<div class=\"faq-item-question\">\r\n\t\t\t\t\t\t<h3 class=\"faq-item-question-text\">Najlepsze przyk\u0142ady wykorzystania integracji portfolio stron internetowych<\/h3>\r\n\r\n\t\t\t\t\t\t<div class=\"faq-item-question-icon\"><\/div>\r\n\t\t\t\t\t<\/div>\r\n\r\n\t\t\t\t\t<div class=\"faq-item-answer\">\r\n\t\t\t\t\t\t<div class=\"faq-item-answer-text\"><p>Dajemy Ci wiele mo\u017cliwo\u015bci personalizacji: pe\u0142nowymiarowe wid\u017cety do osadzania w obszarze tre\u015bci, p\u0142ywaj\u0105ce wtyczki do mo\u017cliwo\u015bci przewijania, miniatury stopki Twojej witryny, nag\u0142\u00f3wka i wszelkiego rodzaju mo\u017cliwo\u015bci pionowych pask\u00f3w bocznych i menu. <\/p><\/div>\r\n\t\t\t\t\t<\/div>\r\n\t\t\t\t<\/div><div class=\"faq-item\">\r\n\t\t\t\t\t<div class=\"faq-item-question\">\r\n\t\t\t\t\t\t<h3 class=\"faq-item-question-text\">Czy za po\u015brednictwem redaktora mog\u0119 zbudowa\u0107 responsywn\u0105 galeri\u0119 lub portfolio obraz\u00f3w? <\/h3>\r\n\r\n\t\t\t\t\t\t<div class=\"faq-item-question-icon\"><\/div>\r\n\t\t\t\t\t<\/div>\r\n\r\n\t\t\t\t\t<div class=\"faq-item-answer\">\r\n\t\t\t\t\t\t<div class=\"faq-item-answer-text\"><p>Mo\u017cesz kszta\u0142towa\u0107 odmiany dowolnego wid\u017cetu. W edytorze dost\u0119pnych jest wiele uk\u0142ad\u00f3w, a ka\u017cdy z nich mo\u017cna \u0142atwo spersonalizowa\u0107 wed\u0142ug potrzeb. <\/p><\/div>\r\n\t\t\t\t\t<\/div>\r\n\t\t\t\t<\/div><\/div><h2>G\u0142\u00f3wne cechy wid\u017cetu Portfolio<\/h2><p>Aby ukszta\u0142towa\u0107 czytelny odbi\u00f3r wid\u017cetu, przejrzyj list\u0119 jego najwa\u017cniejszych funkcji. Sprawiaj\u0105, \u017ce nasz widget jest maksymalnie efektywny dla Twojego sklepu: <\/p><ul><li>Ustaw dowoln\u0105 ilo\u015b\u0107 projekt\u00f3w i dodaj tytu\u0142y; <\/li><li>Ustal kategorie i podziel na nie projekty<\/li><li>Zdecyduj, jakie dane maj\u0105 by\u0107 wy\u015bwietlane w wyskakuj\u0105cych okienkach i po najechaniu myszk\u0105; <\/li><li>Mo\u017cliwo\u015b\u0107 dodawania opis\u00f3w i przypisania dat do wszystkich plik\u00f3w w projekcie<\/li><li>Aktywny przycisk w nag\u0142\u00f3wku i w wyskakuj\u0105cym okienku przenosi klienta na dowoln\u0105 stron\u0119<\/li><\/ul><p><a href=\"#demo\">Aby odkry\u0107 wi\u0119cej funkcji, zobacz demonstracj\u0119<\/a><\/p><\/div> <div class=\"application-platform-content-item-installation application-platform-content-item\" id=\"installation\" data-nav-section=\"installation\"><h2>Jak doda\u0107 portfolio do WordPressa? <\/h2><div class=\"video-container\"><iframe allowfullscreen=\"\" frameborder=\"0\" height=\"405\" src=\"https:\/\/www.youtube.com\/embed\/Iz6-GukMZ4M?si=eFCMqC7ckcdrOMlH\" width=\"720\"><\/iframe><\/div><p>Wystarczy wykona\u0107 poni\u017csze kroki, aby zintegrowa\u0107 narz\u0119dzie. <\/p><ol><li><b>Zarz\u0105dzaj naszym bezp\u0142atnym konfiguratorem i zacznij tworzy\u0107 sw\u00f3j unikalny widget. <\/b><br>Wybierz preferowan\u0105 form\u0119 i funkcje wid\u017cetu oraz zastosuj poprawki. <\/li><li><b>Skopiuj unikalny kod pokazany w specjalnym formularzu w aplikacjach Elfsight. <\/b><br>Gdy tylko konfiguracja wtyczki Portfolio zostanie zako\u0144czona, skopiuj ekskluzywny kod w wy\u015bwietlonym oknie i zachowaj go na p\u00f3\u017aniej. <\/li><li><b>Rozpocznij wdra\u017canie wtyczki na swojej stronie WordPress. <\/b><br>Wklej zapisany wcze\u015bniej kod do swojej witryny i zapisz zmiany. <\/li><li><b>Konfiguracja zosta\u0142a pomy\u015blnie uko\u0144czona. <\/b><br>Odwied\u017a swoj\u0105 stron\u0119, aby sprawdzi\u0107, jak dzia\u0142a narz\u0119dzie. <\/li><\/ol><p>Wi\u0119cej informacji na temat wtyczki mo\u017cna znale\u017a\u0107 w <a href=\"https:\/\/elfsight.com\/blog\/how-to-add-portfolio-to-wordpress-with-elfsight-plugin\/\" target=\"_blank\" rel=\"noopener\">artyku\u0142 na temat dodawania portfolio do stron WordPress<\/a>.<\/p><p>Je\u015bli masz pytania lub napotkasz jakiekolwiek trudno\u015bci, skontaktuj si\u0119 z nami nasz zesp\u00f3\u0142 obs\u0142ugi klienta. Nasi konsultanci ch\u0119tnie rozwi\u0105\u017c\u0105 wszelkie problemy, jakie mo\u017cesz mie\u0107 z widgetem<\/p><\/div>","protected":false},"excerpt":{"rendered":"","protected":false},"author":9,"featured_media":0,"parent":2889,"menu_order":0,"comment_status":"closed","ping_status":"closed","template":"templates\/template-application-platform.php","meta":{"publish_to_discourse":"","publish_post_category":"","wpdc_auto_publish_overridden":"","wpdc_topic_tags":"","wpdc_pin_topic":"","wpdc_pin_until":"","discourse_post_id":"","discourse_permalink":"","wpdc_publishing_response":"","wpdc_publishing_error":"","footnotes":""},"class_list":["post-6064","page","type-page","status-publish","hentry"],"yoast_head":"<!-- This site is optimized with the Yoast SEO plugin v25.3.1 - https:\/\/yoast.com\/wordpress\/plugins\/seo\/ -->\n<title>Responsywna wtyczka Portfolio dla serwisu WordPress (bezp\u0142atna i szybka)<\/title>\n<meta name=\"description\" content=\"Stworzenie wtyczki Portfolio i umieszczenie jej na stronie WordPress jest maksymalnie proste. Obs\u0142uga klienta Elfsight jest bezp\u0142atna i szybka.\" \/>\n<meta name=\"robots\" content=\"index, follow, max-snippet:-1, max-image-preview:large, max-video-preview:-1\" \/>\n<link rel=\"canonical\" href=\"https:\/\/elfsight.com\/pl\/portfolio-widget\/wordpress\/\" \/>\n<meta property=\"og:locale\" content=\"pl_PL\" \/>\n<meta property=\"og:type\" content=\"article\" \/>\n<meta property=\"og:title\" content=\"Responsywna wtyczka Portfolio dla serwisu WordPress (bezp\u0142atna i szybka)\" \/>\n<meta property=\"og:description\" content=\"Stworzenie wtyczki Portfolio i umieszczenie jej na stronie WordPress jest maksymalnie proste. Obs\u0142uga klienta Elfsight jest bezp\u0142atna i szybka.\" \/>\n<meta property=\"og:url\" content=\"https:\/\/elfsight.com\/pl\/portfolio-widget\/wordpress\/\" \/>\n<meta property=\"og:site_name\" content=\"Elfsight PL\" \/>\n<meta property=\"article:modified_time\" content=\"2026-01-15T10:13:07+00:00\" \/>\n<meta name=\"twitter:card\" content=\"summary_large_image\" \/>\n<meta name=\"twitter:label1\" content=\"Szacowany czas czytania\" \/>\n\t<meta name=\"twitter:data1\" content=\"3 minuty\" \/>\n<!-- \/ Yoast SEO plugin. -->","yoast_head_json":{"title":"Responsywna wtyczka Portfolio dla serwisu WordPress (bezp\u0142atna i szybka)","description":"Stworzenie wtyczki Portfolio i umieszczenie jej na stronie WordPress jest maksymalnie proste. Obs\u0142uga klienta Elfsight jest bezp\u0142atna i szybka.","robots":{"index":"index","follow":"follow","max-snippet":"max-snippet:-1","max-image-preview":"max-image-preview:large","max-video-preview":"max-video-preview:-1"},"canonical":"https:\/\/elfsight.com\/pl\/portfolio-widget\/wordpress\/","og_locale":"pl_PL","og_type":"article","og_title":"Responsywna wtyczka Portfolio dla serwisu WordPress (bezp\u0142atna i szybka)","og_description":"Stworzenie wtyczki Portfolio i umieszczenie jej na stronie WordPress jest maksymalnie proste. Obs\u0142uga klienta Elfsight jest bezp\u0142atna i szybka.","og_url":"https:\/\/elfsight.com\/pl\/portfolio-widget\/wordpress\/","og_site_name":"Elfsight PL","article_modified_time":"2026-01-15T10:13:07+00:00","twitter_card":"summary_large_image","twitter_misc":{"Szacowany czas czytania":"3 minuty"},"schema":{"@context":"https:\/\/schema.org","@graph":[{"@type":"WebPage","@id":"https:\/\/elfsight.com\/pl\/portfolio-widget\/wordpress\/","url":"https:\/\/elfsight.com\/pl\/portfolio-widget\/wordpress\/","name":"Responsywna wtyczka Portfolio dla serwisu WordPress (bezp\u0142atna i szybka)","isPartOf":{"@id":"https:\/\/elfsight.com\/pl\/#website"},"datePublished":"1970-01-01T00:00:00+00:00","dateModified":"2026-01-15T10:13:07+00:00","description":"Stworzenie wtyczki Portfolio i umieszczenie jej na stronie WordPress jest maksymalnie proste. Obs\u0142uga klienta Elfsight jest bezp\u0142atna i szybka.","breadcrumb":{"@id":"https:\/\/elfsight.com\/pl\/portfolio-widget\/wordpress\/#breadcrumb"},"inLanguage":"pl-PL","potentialAction":[{"@type":"ReadAction","target":["https:\/\/elfsight.com\/pl\/portfolio-widget\/wordpress\/"]}]},{"@type":"BreadcrumbList","@id":"https:\/\/elfsight.com\/pl\/portfolio-widget\/wordpress\/#breadcrumb","itemListElement":[{"@type":"ListItem","position":1,"name":"Home","item":"https:\/\/elfsight.com\/pl\/"},{"@type":"ListItem","position":2,"name":"Portfolio","item":"https:\/\/elfsight.com\/pl\/portfolio-widget\/"},{"@type":"ListItem","position":3,"name":"Portfolio &#8211; WordPress"}]},{"@type":"WebSite","@id":"https:\/\/elfsight.com\/pl\/#website","url":"https:\/\/elfsight.com\/pl\/","name":"Elfsight PL","description":"Just another Elfsight Sites site","potentialAction":[{"@type":"SearchAction","target":{"@type":"EntryPoint","urlTemplate":"https:\/\/elfsight.com\/pl\/?s={search_term_string}"},"query-input":{"@type":"PropertyValueSpecification","valueRequired":true,"valueName":"search_term_string"}}],"inLanguage":"pl-PL"}]}},"meta_box":{"industry":"","seo_heading":"","heading":"","description":"","cta_heading":"","cta_description":"","application":"2888","h1":"Wtyczka portfolio WordPress","h1_caption":"Zaprezentuj swoje najlepsze prace i ca\u0142y zestaw projekt\u00f3w, aby przyci\u0105gn\u0105\u0107 nowych klient\u00f3w","application_category":[],"applications_title":"","applications_request_title":"","applications_request_button_text":"","hero_text":"","hero_video":"","hero_video_schema_markup":"","selling_points_title":"","selling_points_caption":"","selling_points":[],"selling_points_cta_text":"","features_title":"","features":"","ed_cta_examples_text":"","ed_cta_examples_hidden":"","ed_cta_demo_text":"","ed_cta_demo_hidden":"","why_caption":"","why_editor_title":"","why_editor_text":"","why_team_title":"","why_team_text":"","why_service_title":"","why_service_text":"","template_catalog_visible":"0","template_catalog_title":"","template_catalog_text":"","template_catalog_categories_visible":"","demo_title":"Utw\u00f3rz wtyczk\u0119 Portfolio","demo_caption":"Skonfiguruj swoje portfolio i dodaj je do swojej witryny WordPress za darmo!","default_faq_hidden":"","app_template_category":[],"platform":"31","template_public_id":"","codecanyon_url":"","codecanyon_item_id":"","codecanyon_price":"","pricing_caption":"","pricing_elfsight_apps_hide_column":"","pricing_elfsight_apps_url":"","pricing_codecanyon_price_caption":"","integration_category":[],"integration_request_title":"","integration_request_cta":"","integration_platform":"","integrations":[],"platform_category":[],"video_schema_markup":"","price":"od 0 USD \/ miesi\u0105c","trial":"","benefits":[{"text":"Bezp\u0142atna pomoc w monta\u017cu"},{"text":"Wsparcie premium"},{"text":"14-dniowa gwarancja zwrotu pieni\u0119dzy"}],"button_url":"#demo","button_target_blank":"0","button_nofollow":"0","attributes":[{"name":"Instaluje"},{"name":"Czu\u0142y"},{"name":"Kompatybilne przegl\u0105darki"}],"tags":[],"tags_disable_links":"0","hide_more_platforms":"0","video_object":"","demo_hide_cta":"0","demo_hide_cloud_options":"0","pricing_title":"","pricing":[{"pricing_icon":"platform","pricing_title":"Elfsight Apps","pricing_title_caption":"Rozwi\u0105zanie wieloplatformowe","pricing_price":"od 0 USD \/ miesi\u0105c","pricing_price_caption":"zacznij od bezp\u0142atnego planu","pricing_benefits":[{"text":"Nielimitowane domeny"},{"text":"Bezp\u0142atne wsparcie"},{"text":"Bezp\u0142atna pomoc w monta\u017cu"},{"text":"Oferta specjalna na wiele aplikacji"}],"pricing_button_text":"Dodaj do witryny","pricing_button_url":"#demo"}],"related_apps_title":"","related_apps_hidden":"0","author":"","image":[],"title":"","job":"","social_networks":[]},"_links":{"self":[{"href":"https:\/\/elfsight.com\/pl\/wp-json\/wp\/v2\/pages\/6064","targetHints":{"allow":["GET"]}}],"collection":[{"href":"https:\/\/elfsight.com\/pl\/wp-json\/wp\/v2\/pages"}],"about":[{"href":"https:\/\/elfsight.com\/pl\/wp-json\/wp\/v2\/types\/page"}],"author":[{"embeddable":true,"href":"https:\/\/elfsight.com\/pl\/wp-json\/wp\/v2\/users\/9"}],"replies":[{"embeddable":true,"href":"https:\/\/elfsight.com\/pl\/wp-json\/wp\/v2\/comments?post=6064"}],"version-history":[{"count":4,"href":"https:\/\/elfsight.com\/pl\/wp-json\/wp\/v2\/pages\/6064\/revisions"}],"predecessor-version":[{"id":10838,"href":"https:\/\/elfsight.com\/pl\/wp-json\/wp\/v2\/pages\/6064\/revisions\/10838"}],"up":[{"embeddable":true,"href":"https:\/\/elfsight.com\/pl\/wp-json\/wp\/v2\/pages\/2889"}],"wp:attachment":[{"href":"https:\/\/elfsight.com\/pl\/wp-json\/wp\/v2\/media?parent=6064"}],"curies":[{"name":"wp","href":"https:\/\/api.w.org\/{rel}","templated":true}]}}