{"id":6063,"date":"1970-01-01T00:00:00","date_gmt":"1970-01-01T00:00:00","guid":{"rendered":"https:\/\/elfsight.com\/pl\/?page_id=6063"},"modified":"2025-06-26T16:35:42","modified_gmt":"2025-06-26T16:35:42","slug":"iframe","status":"publish","type":"page","link":"https:\/\/elfsight.com\/pl\/portfolio-widget\/iframe\/","title":{"rendered":"Portfolio &#8211; iFrame"},"content":{"rendered":"<div class=\"application-platform-content-item-description application-platform-content-item\" id=\"description\" data-nav-section=\"description\">\n<h2>Osad\u017a portfolio w iFrame za pomoc\u0105 wid\u017cetu Elfsight<\/h2>\n<p>Narz\u0119dzie Elfsight Portfolio zosta\u0142o stworzone, aby pom\u00f3c ka\u017cdej osobie, kt\u00f3ra potrzebuje zaprezentowa\u0107 swoje portfolio na stronie i mie\u0107 wi\u0119cej zam\u00f3wie\u0144. Za pomoc\u0105 narz\u0119dzia b\u0119dziesz mia\u0142 mo\u017cliwo\u015b\u0107 zaprezentowania projekt\u00f3w ze zdj\u0119ciami, tre\u015bciami wideo, makietami i innymi materia\u0142ami. Do ka\u017cdego pliku projektu mo\u017ce by\u0107 do\u0142\u0105czony obszerny opis i data. Mo\u017cna \u0142\u0105czy\u0107 projekty z witrynami i ustala\u0107 kategorie projekt\u00f3w. Odwiedzaj\u0105cy stron\u0119 internetow\u0105 zobacz\u0105 Twoje portfolio projekt\u00f3w, wejd\u0105 do ka\u017cdego projektu i obejrz\u0105 go szczeg\u00f3\u0142owo bezpo\u015brednio na Twojej stronie. W nag\u0142\u00f3wku wy\u015bwietli si\u0119 Twoje imi\u0119 i nazwisko, zdj\u0119cie oraz dane kontaktowe, kt\u00f3re pozwol\u0105 Ci si\u0119 z Tob\u0105 skontaktowa\u0107. Przycisk wezwania do dzia\u0142ania poprowadzi ludzi do strony zam\u00f3wienia i pomo\u017ce zwi\u0119kszy\u0107 liczb\u0119 sprzeda\u017cy.<\/p>\n<div class=\"faq\" data-component=\"FAQ\">\n    <div class=\"faq-item\">\r\n\t\t\t\t\t<div class=\"faq-item-question\">\r\n\t\t\t\t\t\t<h3 class=\"faq-item-question-text\">Gdzie mog\u0119 opublikowa\u0107 portfolio<\/h3>\r\n\r\n\t\t\t\t\t\t<div class=\"faq-item-question-icon\"><\/div>\r\n\t\t\t\t\t<\/div>\r\n\r\n\t\t\t\t\t<div class=\"faq-item-answer\">\r\n\t\t\t\t\t\t<div class=\"faq-item-answer-text\">\n    <p>Mo\u017cna go zintegrowa\u0107 z dowolnym stronie serwisu oraz na wszystkich stronach internetowych. Twoje fascynuj\u0105ce portfolio przyci\u0105gnie uwag\u0119 odwiedzaj\u0105cych, umieszczone na stronie g\u0142\u00f3wnej serwisu i umo\u017cliwi wizualizacj\u0119 Twoich us\u0142ug na stronach Portfolio.<\/p>\n    <\/div>\r\n\t\t\t\t\t<\/div>\r\n\t\t\t\t<\/div>\n    <div class=\"faq-item\">\r\n\t\t\t\t\t<div class=\"faq-item-question\">\r\n\t\t\t\t\t\t<h3 class=\"faq-item-question-text\">Jakie korzy\u015bci mi to da?<\/h3>\r\n\r\n\t\t\t\t\t\t<div class=\"faq-item-question-icon\"><\/div>\r\n\t\t\t\t\t<\/div>\r\n\r\n\t\t\t\t\t<div class=\"faq-item-answer\">\r\n\t\t\t\t\t\t<div class=\"faq-item-answer-text\">\n    <p>Imponuj\u0105ca kolekcja Twoich prac ujawni u\u017cytkownikom wszystkie Twoje wspania\u0142e umiej\u0119tno\u015bci i kreatywno\u015b\u0107. Oni te\u017c b\u0119d\u0105 ch\u0119tnie korzysta\u0107 z Twoich us\u0142ug, a Ty b\u0119dziesz mie\u0107 nowe zam\u00f3wienia. Co wi\u0119cej, pozostaj\u0105c \u0142atwym w kontakcie, zwi\u0119kszysz liczb\u0119 potencjalnych klient\u00f3w.<\/p>\n    <\/div>\r\n\t\t\t\t\t<\/div>\r\n\t\t\t\t<\/div>\n    <div class=\"faq-item\">\r\n\t\t\t\t\t<div class=\"faq-item-question\">\r\n\t\t\t\t\t\t<h3 class=\"faq-item-question-text\">Jak zainstalowa\u0107 Portfolio na mojej stronie iFrame?<\/h3>\r\n\r\n\t\t\t\t\t\t<div class=\"faq-item-question-icon\"><\/div>\r\n\t\t\t\t\t<\/div>\r\n\r\n\t\t\t\t\t<div class=\"faq-item-answer\">\r\n\t\t\t\t\t\t<div class=\"faq-item-answer-text\">\n    <p>B\u0119dziesz potrzebowa\u0107 tylko kilka minut, aby rozpocz\u0105\u0107 korzystanie z wid\u017cetu. Jest niezwykle szybki, bezp\u0142atny i nie wymaga kodowania.<\/p>\n    <p>Mo\u017cesz umie\u015bci\u0107 portfolio na swojej stronie internetowej za po\u015brednictwem naszego serwisu. Po prostu zapoznaj si\u0119 z przewodnikiem znajduj\u0105cym si\u0119 poni\u017cej na tej stronie.<\/p>\n    <\/div>\r\n\t\t\t\t\t<\/div>\r\n\t\t\t\t<\/div>\n<\/div>\n<\/div>\n\n<div class=\"application-platform-content-item-features application-platform-content-item\" id=\"features\" data-nav-section=\"features\">\n<h2>G\u0142\u00f3wne funkcje wid\u017cetu Portfolio<\/h2>\n<p>Aby mie\u0107 lepsz\u0105 wiedz\u0119 na temat iFrame Portfolio, sp\u00f3jrz na list\u0119 jego istotnych cech. Dzi\u0119ki nim widget jest dla Ciebie naprawd\u0119 wydajny:<\/p>\n<ul>\n    <li>Wy\u015bwietlaj dowoln\u0105 liczb\u0119 projekt\u00f3w i dodawaj tytu\u0142y projekt\u00f3w;<\/li>\n    <li>Tw\u00f3rz kategorie i dziel na nie projekty;<\/li>\n    <li>Zdecyduj, jakie informacje maj\u0105 by\u0107 wy\u015bwietlane w wyskakuj\u0105cym okienku i po najechaniu myszk\u0105;<\/li>\n    <li>Opcja dodawania tekst\u00f3w i przypisywania dat do wszystkich materia\u0142\u00f3w w projekcie;<\/li>\n    <li>Aktywny przycisk w nag\u0142\u00f3wku i w wyskakuj\u0105ce okienko przenosi klient\u00f3w pod dowolny adres.<\/li>\n<\/ul>\n<p><a href=\"#demo\">Aby pozna\u0107 wi\u0119cej funkcji, zobacz demonstracj\u0119<\/a><\/p>\n<\/div>\n\n<div class=\"application-platform-content-item-installation application-platform-content-item\" id=\"installation\" data-nav-section=\"installation\">\n<h2>Jak doda\u0107 wid\u017cet Portfolio do swojej witryny iFrame<\/h2>\n<p>Wystarczy kilka prostych czynno\u015bci.<\/p>\n<ol>\n    <li><b>Zaprojektuj swoj\u0105 unikaln\u0105 wtyczk\u0119 Portfolio<\/b><br> W naszej bezp\u0142atnej wersji demonstracyjnej utw\u00f3rz wtyczk\u0119 z preferowanym interfejsem i funkcjami. <\/li>\n    <li><b>Skopiuj kod osobisty, aby zainstalowa\u0107 wtyczk\u0119<\/b><br> Po dostosowaniu wid\u017cetu otrzymasz unikalny kod z powiadomienia pojawiaj\u0105cego si\u0119 w aplikacjach Elfsight. Skopiuj kod do dalszego wykorzystania. <\/li>\n    <li><b>Osad\u017a wtyczk\u0119 na swojej stronie iFrame<\/b><br> Przejd\u017a do miejsca, w kt\u00f3rym planujesz umie\u015bci\u0107 wtyczk\u0119 i tam dodaj zapisany kod. Zastosuj wyniki. <\/li>\n    <li><b>Gotowe! <\/b><br> Wejd\u017a do sklepu i obejrzyj swoj\u0105 prac\u0119. <\/li>\n<\/ol>\n<p>Nadal masz w\u0105tpliwo\u015bci lub pytania? Tylko jedna pro\u015bba do naszej obs\u0142ugi klienta rozwi\u0105\u017ce ka\u017cdy problem.<\/p>\n<div class=\"faq\" data-component=\"FAQ\">\n    <div class=\"faq-item\">\r\n\t\t\t\t\t<div class=\"faq-item-question\">\r\n\t\t\t\t\t\t<h3 class=\"faq-item-question-text\">Jak mog\u0119 osadzi\u0107 wid\u017cet Portfolio na mojej stronie internetowej Squarespace bez umiej\u0119tno\u015bci kodowania?<\/h3>\r\n\r\n\t\t\t\t\t\t<div class=\"faq-item-question-icon\"><\/div>\r\n\t\t\t\t\t<\/div>\r\n\r\n\t\t\t\t\t<div class=\"faq-item-answer\">\r\n\t\t\t\t\t\t<div class=\"faq-item-answer-text\">\n    <p>Elfsight zapewnia chmur\u0119- oparte na rozwi\u0105zaniu, kt\u00f3re umo\u017cliwia u\u017cytkownikom samodzielne tworzenie wid\u017cetu Portfolio. Sprawd\u017a, jak prosty mo\u017ce by\u0107 ten proces:<\/p>\n    <ul>\n        <li>Uzyskaj dost\u0119p do edytora online, aby wygenerowa\u0107 sekcj\u0119 wid\u017cetu Portfolio, kt\u00f3r\u0105 chcesz umie\u015bci\u0107 w swojej witrynie Squarespace.<\/li>\n        <li>Wybierz jedn\u0105 z naszych wst\u0119pnie zaprojektowane szablony i skonfiguruj ustawienia wid\u017cetu Portfolio, dostosuj uk\u0142ad i schemat kolor\u00f3w oraz do\u0142\u0105cz tre\u015b\u0107 bez konieczno\u015bci kodowania.<\/li>\n        <li>Zachowaj ustawienia skonfigurowane dla wid\u017cetu Portfolio i uzyskaj kod do osadzenia, kt\u00f3ry mo\u017cna \u0142atwo i bezp\u0142atnie wstawi\u0107 do witryny Squarespace.<\/li>\n    <\/ul>\n    <p>Pracuj\u0105c w przyjaznym dla u\u017cytkownika Edytorze, ka\u017cdy u\u017cytkownik Internetu mo\u017ce utworzy\u0107 sekcj\u0119 wid\u017cetu Portfolio i doda\u0107 j\u0105 do na ich stronie internetowej Squarespace. Aby uzyska\u0107 dost\u0119p do Edytora Elfsight, nie ma potrzeby dokonywania p\u0142atno\u015bci ani udost\u0119pniania danych karty kredytowej. Je\u015bli na kt\u00f3rymkolwiek etapie napotkasz jakiekolwiek problemy, nie wahaj si\u0119 skontaktowa\u0107 z naszym dzia\u0142em obs\u0142ugi klienta w celu uzyskania pomocy.<\/p>\n    <\/div>\r\n\t\t\t\t\t<\/div>\r\n\t\t\t\t<\/div>\n<\/div>\n<\/div>","protected":false},"excerpt":{"rendered":"","protected":false},"author":9,"featured_media":0,"parent":2889,"menu_order":0,"comment_status":"closed","ping_status":"closed","template":"templates\/template-application-platform.php","meta":{"publish_to_discourse":"","publish_post_category":"","wpdc_auto_publish_overridden":"","wpdc_topic_tags":"","wpdc_pin_topic":"","wpdc_pin_until":"","discourse_post_id":"","discourse_permalink":"","wpdc_publishing_response":"","wpdc_publishing_error":"","footnotes":""},"class_list":["post-6063","page","type-page","status-publish","hentry"],"yoast_head":"<!-- This site is optimized with the Yoast SEO plugin v25.3.1 - https:\/\/yoast.com\/wordpress\/plugins\/seo\/ -->\n<title>Wid\u017cet iFrame Portfolio na Twoj\u0105 stron\u0119 internetow\u0105 (bezp\u0142atny i szybki)<\/title>\n<meta name=\"description\" content=\"Dzi\u0119ki Elfsight mo\u017cesz szybko stworzy\u0107 wid\u017cet Portfolio i opublikowa\u0107 go na swojej stronie internetowej iFrame. Mamy bezp\u0142atn\u0105 obs\u0142ug\u0119 klienta i wi\u0119cej bonus\u00f3w.\" \/>\n<meta name=\"robots\" content=\"index, follow, max-snippet:-1, max-image-preview:large, max-video-preview:-1\" \/>\n<link rel=\"canonical\" href=\"https:\/\/elfsight.com\/pl\/portfolio-widget\/iframe\/\" \/>\n<meta property=\"og:locale\" content=\"pl_PL\" \/>\n<meta property=\"og:type\" content=\"article\" \/>\n<meta property=\"og:title\" content=\"Wid\u017cet iFrame Portfolio na Twoj\u0105 stron\u0119 internetow\u0105 (bezp\u0142atny i szybki)\" \/>\n<meta property=\"og:description\" content=\"Dzi\u0119ki Elfsight mo\u017cesz szybko stworzy\u0107 wid\u017cet Portfolio i opublikowa\u0107 go na swojej stronie internetowej iFrame. Mamy bezp\u0142atn\u0105 obs\u0142ug\u0119 klienta i wi\u0119cej bonus\u00f3w.\" \/>\n<meta property=\"og:url\" content=\"https:\/\/elfsight.com\/pl\/portfolio-widget\/iframe\/\" \/>\n<meta property=\"og:site_name\" content=\"Elfsight PL\" \/>\n<meta property=\"article:modified_time\" content=\"2025-06-26T16:35:42+00:00\" \/>\n<meta name=\"twitter:card\" content=\"summary_large_image\" \/>\n<meta name=\"twitter:label1\" content=\"Szacowany czas czytania\" \/>\n\t<meta name=\"twitter:data1\" content=\"4 minuty\" \/>\n<!-- \/ Yoast SEO plugin. -->","yoast_head_json":{"title":"Wid\u017cet iFrame Portfolio na Twoj\u0105 stron\u0119 internetow\u0105 (bezp\u0142atny i szybki)","description":"Dzi\u0119ki Elfsight mo\u017cesz szybko stworzy\u0107 wid\u017cet Portfolio i opublikowa\u0107 go na swojej stronie internetowej iFrame. Mamy bezp\u0142atn\u0105 obs\u0142ug\u0119 klienta i wi\u0119cej bonus\u00f3w.","robots":{"index":"index","follow":"follow","max-snippet":"max-snippet:-1","max-image-preview":"max-image-preview:large","max-video-preview":"max-video-preview:-1"},"canonical":"https:\/\/elfsight.com\/pl\/portfolio-widget\/iframe\/","og_locale":"pl_PL","og_type":"article","og_title":"Wid\u017cet iFrame Portfolio na Twoj\u0105 stron\u0119 internetow\u0105 (bezp\u0142atny i szybki)","og_description":"Dzi\u0119ki Elfsight mo\u017cesz szybko stworzy\u0107 wid\u017cet Portfolio i opublikowa\u0107 go na swojej stronie internetowej iFrame. Mamy bezp\u0142atn\u0105 obs\u0142ug\u0119 klienta i wi\u0119cej bonus\u00f3w.","og_url":"https:\/\/elfsight.com\/pl\/portfolio-widget\/iframe\/","og_site_name":"Elfsight PL","article_modified_time":"2025-06-26T16:35:42+00:00","twitter_card":"summary_large_image","twitter_misc":{"Szacowany czas czytania":"4 minuty"},"schema":{"@context":"https:\/\/schema.org","@graph":[{"@type":"WebPage","@id":"https:\/\/elfsight.com\/pl\/portfolio-widget\/iframe\/","url":"https:\/\/elfsight.com\/pl\/portfolio-widget\/iframe\/","name":"Wid\u017cet iFrame Portfolio na Twoj\u0105 stron\u0119 internetow\u0105 (bezp\u0142atny i szybki)","isPartOf":{"@id":"https:\/\/elfsight.com\/pl\/#website"},"datePublished":"1970-01-01T00:00:00+00:00","dateModified":"2025-06-26T16:35:42+00:00","description":"Dzi\u0119ki Elfsight mo\u017cesz szybko stworzy\u0107 wid\u017cet Portfolio i opublikowa\u0107 go na swojej stronie internetowej iFrame. Mamy bezp\u0142atn\u0105 obs\u0142ug\u0119 klienta i wi\u0119cej bonus\u00f3w.","breadcrumb":{"@id":"https:\/\/elfsight.com\/pl\/portfolio-widget\/iframe\/#breadcrumb"},"inLanguage":"pl-PL","potentialAction":[{"@type":"ReadAction","target":["https:\/\/elfsight.com\/pl\/portfolio-widget\/iframe\/"]}]},{"@type":"BreadcrumbList","@id":"https:\/\/elfsight.com\/pl\/portfolio-widget\/iframe\/#breadcrumb","itemListElement":[{"@type":"ListItem","position":1,"name":"Home","item":"https:\/\/elfsight.com\/pl\/"},{"@type":"ListItem","position":2,"name":"Portfolio","item":"https:\/\/elfsight.com\/pl\/portfolio-widget\/"},{"@type":"ListItem","position":3,"name":"Portfolio &#8211; iFrame"}]},{"@type":"WebSite","@id":"https:\/\/elfsight.com\/pl\/#website","url":"https:\/\/elfsight.com\/pl\/","name":"Elfsight PL","description":"Just another Elfsight Sites site","potentialAction":[{"@type":"SearchAction","target":{"@type":"EntryPoint","urlTemplate":"https:\/\/elfsight.com\/pl\/?s={search_term_string}"},"query-input":{"@type":"PropertyValueSpecification","valueRequired":true,"valueName":"search_term_string"}}],"inLanguage":"pl-PL"}]}},"meta_box":{"industry":"","seo_heading":"","heading":"","description":"","cta_heading":"","cta_description":"","application":"2888","h1":"Widget portfela iFrame","h1_caption":"Wy\u015bwietlaj swoj\u0105 prac\u0119 w dostosowywalnym portfolio, dzi\u0119ki czemu mo\u017cesz \u0142atwo zaprezentowa\u0107 swoje projekty i osi\u0105gni\u0119cia w witrynie iFrame.","application_category":[],"applications_title":"","applications_request_title":"","applications_request_button_text":"","hero_text":"","hero_video":"","hero_video_schema_markup":"","selling_points_title":"","selling_points_caption":"","selling_points":[],"selling_points_cta_text":"","features_title":"","features":"","ed_cta_examples_text":"","ed_cta_examples_hidden":"","ed_cta_demo_text":"","ed_cta_demo_hidden":"","why_caption":"","why_editor_title":"","why_editor_text":"","why_team_title":"","why_team_text":"","why_service_title":"","why_service_text":"","template_catalog_visible":"0","template_catalog_title":"","template_catalog_text":"","template_catalog_categories_visible":"","demo_title":"Utw\u00f3rz wid\u017cet Portfolio","demo_caption":"Skonfiguruj swoje portfolio i dodaj je do swojej witryny iFrame za darmo!","default_faq_hidden":"","app_template_category":[],"platform":"187","template_public_id":"","codecanyon_url":"","codecanyon_item_id":"","codecanyon_price":"","pricing_caption":"","pricing_elfsight_apps_hide_column":"","pricing_elfsight_apps_url":"","pricing_codecanyon_price_caption":"","integration_category":[],"integration_request_title":"","integration_request_cta":"","integration_platform":"","integrations":[],"platform_category":[],"video_schema_markup":"","price":"od 0 USD \/ miesi\u0105c","trial":"","benefits":[{"text":"Bezp\u0142atna us\u0142uga monta\u017cu"},{"text":"Do\u015bwiadczona obs\u0142uga klienta"},{"text":"14-dniowa gwarancja zwrotu pieni\u0119dzy"}],"button_url":"#demo","button_target_blank":"0","button_nofollow":"0","attributes":[{"name":"Instaluje"},{"name":"Czu\u0142y"},{"name":"Kompatybilne przegl\u0105darki"}],"tags":[],"tags_disable_links":"0","hide_more_platforms":"0","video_object":"","demo_hide_cta":"0","demo_hide_cloud_options":"0","pricing_title":"","pricing":[{"pricing_icon":"platform","pricing_title":"Elfsight Apps","pricing_title_caption":"Oprogramowanie wieloplatformowe","pricing_price":"od 0 USD \/ miesi\u0105c","pricing_price_caption":"zacznij od bezp\u0142atnego planu","pricing_benefits":[{"text":"Nielimitowane strony internetowe"},{"text":"Bezp\u0142atna obs\u0142uga klienta"},{"text":"Bezp\u0142atna us\u0142uga monta\u017cu"},{"text":"\u015awietna oferta na wiele aplikacji"}],"pricing_button_text":"Dodaj do witryny","pricing_button_url":"#demo"}],"related_apps_title":"","related_apps_hidden":"0","author":"","image":[],"title":"","job":"","social_networks":[]},"_links":{"self":[{"href":"https:\/\/elfsight.com\/pl\/wp-json\/wp\/v2\/pages\/6063","targetHints":{"allow":["GET"]}}],"collection":[{"href":"https:\/\/elfsight.com\/pl\/wp-json\/wp\/v2\/pages"}],"about":[{"href":"https:\/\/elfsight.com\/pl\/wp-json\/wp\/v2\/types\/page"}],"author":[{"embeddable":true,"href":"https:\/\/elfsight.com\/pl\/wp-json\/wp\/v2\/users\/9"}],"replies":[{"embeddable":true,"href":"https:\/\/elfsight.com\/pl\/wp-json\/wp\/v2\/comments?post=6063"}],"version-history":[{"count":2,"href":"https:\/\/elfsight.com\/pl\/wp-json\/wp\/v2\/pages\/6063\/revisions"}],"predecessor-version":[{"id":10617,"href":"https:\/\/elfsight.com\/pl\/wp-json\/wp\/v2\/pages\/6063\/revisions\/10617"}],"up":[{"embeddable":true,"href":"https:\/\/elfsight.com\/pl\/wp-json\/wp\/v2\/pages\/2889"}],"wp:attachment":[{"href":"https:\/\/elfsight.com\/pl\/wp-json\/wp\/v2\/media?parent=6063"}],"curies":[{"name":"wp","href":"https:\/\/api.w.org\/{rel}","templated":true}]}}