{"id":6062,"date":"1970-01-01T00:00:00","date_gmt":"1970-01-01T00:00:00","guid":{"rendered":"https:\/\/elfsight.com\/pl\/?page_id=6062"},"modified":"2024-11-14T09:27:23","modified_gmt":"2024-11-14T09:27:23","slug":"facebook","status":"publish","type":"page","link":"https:\/\/elfsight.com\/pl\/portfolio-widget\/facebook\/","title":{"rendered":"Portfolio &#8211; Facebook Page"},"content":{"rendered":"<div class=\"application-platform-content-item-description application-platform-content-item\" id=\"description\" data-nav-section=\"description\"><h2>Opis<\/h2><p>Wid\u017cet Portfolio Elfsight zosta\u0142 stworzony, aby pom\u00f3c ka\u017cdemu, kto jest zainteresowany prezentacj\u0105 swoich niesamowitych projekt\u00f3w na stronie internetowej i uzyskaniem \u015bwie\u017ca wyprzeda\u017c. Dzi\u0119ki wid\u017cetowi Elfsight mo\u017cesz wy\u015bwietla\u0107 kolekcje zdj\u0119\u0107, tre\u015bci wideo, rysunk\u00f3w i innych tre\u015bci projektu. Ka\u017cdy plik mo\u017ce zawiera\u0107 dok\u0142adny tekst i dat\u0119. Masz mo\u017cliwo\u015b\u0107 powi\u0105zania projekt\u00f3w ze stronami internetowymi i ustalenia kategorii projekt\u00f3w. U\u017cytkownicy serwisu b\u0119d\u0105 przegl\u0105da\u0107 Twoje portfolio projekt\u00f3w, otwiera\u0107 ka\u017cdy projekt i ogl\u0105da\u0107 wszystkie prace bezpo\u015brednio na Twojej stronie g\u0142\u00f3wnej. Nag\u0142\u00f3wek wid\u017cetu wy\u015bwietli Twoje imi\u0119 i nazwisko, zdj\u0119cie oraz dane kontaktowe, kt\u00f3re u\u0142atwi\u0105 dotarcie do Ciebie. Przycisk wezwania do dzia\u0142ania przekieruje klient\u00f3w na stron\u0119 zam\u00f3wienia i pomo\u017ce Ci zwi\u0119kszy\u0107 poziom sprzeda\u017cy. <\/p><div class=\"faq\" data-component=\"FAQ\"><div class=\"faq-item\">\r\n\t\t\t\t\t<div class=\"faq-item-question\">\r\n\t\t\t\t\t\t<h3 class=\"faq-item-question-text\">Gdzie mog\u0119 doda\u0107 t\u0119 wtyczk\u0119? <\/h3>\r\n\r\n\t\t\t\t\t\t<div class=\"faq-item-question-icon\"><\/div>\r\n\t\t\t\t\t<\/div>\r\n\r\n\t\t\t\t\t<div class=\"faq-item-answer\">\r\n\t\t\t\t\t\t<div class=\"faq-item-answer-text\"><p>Portfolio Elfsight mo\u017ce by\u0107 wy\u015bwietlane na dowolnej stronie Twojej witryny lub na wszystkich stronach. <\/p><\/div>\r\n\t\t\t\t\t<\/div>\r\n\t\t\t\t<\/div><div class=\"faq-item\">\r\n\t\t\t\t\t<div class=\"faq-item-question\">\r\n\t\t\t\t\t\t<h3 class=\"faq-item-question-text\">Jakie korzy\u015bci mog\u0119 odnie\u015b\u0107 dzi\u0119ki korzystaniu z wid\u017cetu?<\/h3>\r\n\r\n\t\t\t\t\t\t<div class=\"faq-item-question-icon\"><\/div>\r\n\t\t\t\t\t<\/div>\r\n\r\n\t\t\t\t\t<div class=\"faq-item-answer\">\r\n\t\t\t\t\t\t<div class=\"faq-item-answer-text\"> <p>Pi\u0119kne portfolio z Twoimi pracami poka\u017ce odwiedzaj\u0105cym wszystkie Twoje wysokie umiej\u0119tno\u015bci i talenty. Sprawi, \u017ce u\u017cytkownicy b\u0119d\u0105 ch\u0119tnie zamawia\u0107 Twoje us\u0142ugi, a Ty b\u0119dziesz mie\u0107 nowe zakupy. <\/p><\/div>\r\n\t\t\t\t\t<\/div>\r\n\t\t\t\t<\/div><div class=\"faq-item\">\r\n\t\t\t\t\t<div class=\"faq-item-question\">\r\n\t\t\t\t\t\t<h3 class=\"faq-item-question-text\">Jak wprowadzi\u0107 wid\u017cet Portfolio na mojej stronie na Facebooku?<\/h3>\r\n\r\n\t\t\t\t\t\t<div class=\"faq-item-question-icon\"><\/div>\r\n\t\t\t\t\t<\/div>\r\n\r\n\t\t\t\t\t<div class=\"faq-item-answer\">\r\n\t\t\t\t\t\t<div class=\"faq-item-answer-text\"> <p>Jest naprawd\u0119 szybki, bezp\u0142atny i nie wymaga kodowania. Wid\u017cet mo\u017cesz umie\u015bci\u0107 na stronie za po\u015brednictwem naszego serwisu. W tym celu post\u0119puj zgodnie z instrukcj\u0105 zamieszczon\u0105 poni\u017cej na tej stronie. <\/p><\/div>\r\n\t\t\t\t\t<\/div>\r\n\t\t\t\t<\/div><\/div> <\/div> <div class=\"application-platform-content-item-features application-platform-content-item\" id=\"features\" data-nav-section=\"features\"><h2>Funkcje<\/h2><p>Aby lepiej pozna\u0107 wid\u017cet, mo\u017cesz przejrze\u0107 list\u0119 z podstawowych funkcji. Sprawiaj\u0105, \u017ce wid\u017cet jest maksymalnie korzystny dla Twojej firmy: <\/p><ul><li>Dodaj dowoln\u0105 liczb\u0119 projekt\u00f3w z tytu\u0142ami projekt\u00f3w; <\/li><li>Utw\u00f3rz grupy i podziel na nie projekty<\/li><li>Wybierz typy danych, kt\u00f3re maj\u0105 by\u0107 wy\u015bwietlane w wyskakuj\u0105cym okienku i po najechaniu myszk\u0105; <\/li><li>Mo\u017cliwo\u015b\u0107 wpisywania opis\u00f3w i dodawania dat do materia\u0142\u00f3w w projekcie<\/li><li>Aktywny przycisk w nag\u0142\u00f3wku wid\u017cetu oraz w wyskakuj\u0105cych okienkach przenosi klient\u00f3w pod dowolny adres<\/li><\/ul><p><a href=\"#demo\">Aby zobaczy\u0107 pe\u0142n\u0105 list\u0119 funkcji, zobacz demonstracj\u0119 na \u017cywo<\/a><\/p><\/div> <div class=\"application-platform-content-item-installation application-platform-content-item\" id=\"installation\" data-nav-section=\"installation\"><h2>Jak mog\u0119 doda\u0107 portfolio na moj\u0105 stron\u0119 na Facebooku? <\/h2><p>Wystarczy spe\u0142ni\u0107 poni\u017csze wskaz\u00f3wki, aby rozpocz\u0105\u0107 prac\u0119 z wtyczk\u0105. <\/p><ol><li><b>Skorzystaj z naszej bezp\u0142atnej wersji demonstracyjnej i zacznij tworzy\u0107 niestandardow\u0105 wtyczk\u0119. <\/b><br>Okre\u015bl preferowany wygl\u0105d i cechy narz\u0119dzia oraz zastosuj poprawki. <\/li><li><b>Wy\u015bwietl sw\u00f3j osobisty kod w specjalnym formularzu w aplikacjach Elfsight. <\/b><br>Po zako\u0144czeniu konfiguracji osobistej wtyczki skopiuj indywidualny kod z wy\u015bwietlonego okna i zapisz go na p\u00f3\u017aniej. <\/li><li><b>Rozpocznij korzystanie z widgetu na stronie Facebooka. <\/b><br>Zaimplementuj skopiowany ostatnio kod na swojej stronie internetowej i zastosuj zmiany. <\/li><li><b>Instalacja zosta\u0142a ca\u0142kowicie zako\u0144czona. <\/b><br>Wejd\u017a na swoj\u0105 stron\u0119 internetow\u0105 i sprawd\u017a dzia\u0142anie narz\u0119dzia. <\/li><\/ol><p>Je\u015bli masz pytania lub napotkasz pewne komplikacje, bez wahania skontaktuj si\u0119 z naszym personelem pomocniczym. Nasi ludzie ch\u0119tnie odpowiedz\u0105 na wszystkie pytania dotycz\u0105ce widgetu.<\/p><\/div>","protected":false},"excerpt":{"rendered":"","protected":false},"author":9,"featured_media":0,"parent":2889,"menu_order":0,"comment_status":"closed","ping_status":"closed","template":"templates\/template-application-platform.php","meta":{"publish_to_discourse":"","publish_post_category":"","wpdc_auto_publish_overridden":"","wpdc_topic_tags":"","wpdc_pin_topic":"","wpdc_pin_until":"","discourse_post_id":"","discourse_permalink":"","wpdc_publishing_response":"","wpdc_publishing_error":"","footnotes":""},"class_list":["post-6062","page","type-page","status-publish","hentry"],"yoast_head":"<!-- This site is optimized with the Yoast SEO plugin v25.3.1 - https:\/\/yoast.com\/wordpress\/plugins\/seo\/ -->\n<title>Strona portfolio na Facebooku \u2014 Dodaj wid\u017cet portfolio do strony na Facebooku [2025]<\/title>\n<meta name=\"description\" content=\"Zaprojektuj wydajny widget Portfolio i dodaj go do swojej niestandardowej karty na Facebooku. Korzystaj z bezp\u0142atnej obs\u0142ugi klienta i innych korzy\u015bci.\" \/>\n<meta name=\"robots\" content=\"index, follow, max-snippet:-1, max-image-preview:large, max-video-preview:-1\" \/>\n<link rel=\"canonical\" href=\"https:\/\/elfsight.com\/pl\/portfolio-widget\/facebook\/\" \/>\n<meta property=\"og:locale\" content=\"pl_PL\" \/>\n<meta property=\"og:type\" content=\"article\" \/>\n<meta property=\"og:title\" content=\"Strona portfolio na Facebooku \u2014 Dodaj wid\u017cet portfolio do strony na Facebooku [2025]\" \/>\n<meta property=\"og:description\" content=\"Zaprojektuj wydajny widget Portfolio i dodaj go do swojej niestandardowej karty na Facebooku. Korzystaj z bezp\u0142atnej obs\u0142ugi klienta i innych korzy\u015bci.\" \/>\n<meta property=\"og:url\" content=\"https:\/\/elfsight.com\/pl\/portfolio-widget\/facebook\/\" \/>\n<meta property=\"og:site_name\" content=\"Elfsight PL\" \/>\n<meta property=\"article:modified_time\" content=\"2024-11-14T09:27:23+00:00\" \/>\n<meta name=\"twitter:card\" content=\"summary_large_image\" \/>\n<meta name=\"twitter:label1\" content=\"Szacowany czas czytania\" \/>\n\t<meta name=\"twitter:data1\" content=\"3 minuty\" \/>\n<!-- \/ Yoast SEO plugin. -->","yoast_head_json":{"title":"Strona portfolio na Facebooku \u2014 Dodaj wid\u017cet portfolio do strony na Facebooku [2025]","description":"Zaprojektuj wydajny widget Portfolio i dodaj go do swojej niestandardowej karty na Facebooku. Korzystaj z bezp\u0142atnej obs\u0142ugi klienta i innych korzy\u015bci.","robots":{"index":"index","follow":"follow","max-snippet":"max-snippet:-1","max-image-preview":"max-image-preview:large","max-video-preview":"max-video-preview:-1"},"canonical":"https:\/\/elfsight.com\/pl\/portfolio-widget\/facebook\/","og_locale":"pl_PL","og_type":"article","og_title":"Strona portfolio na Facebooku \u2014 Dodaj wid\u017cet portfolio do strony na Facebooku [2025]","og_description":"Zaprojektuj wydajny widget Portfolio i dodaj go do swojej niestandardowej karty na Facebooku. Korzystaj z bezp\u0142atnej obs\u0142ugi klienta i innych korzy\u015bci.","og_url":"https:\/\/elfsight.com\/pl\/portfolio-widget\/facebook\/","og_site_name":"Elfsight PL","article_modified_time":"2024-11-14T09:27:23+00:00","twitter_card":"summary_large_image","twitter_misc":{"Szacowany czas czytania":"3 minuty"},"schema":{"@context":"https:\/\/schema.org","@graph":[{"@type":"WebPage","@id":"https:\/\/elfsight.com\/pl\/portfolio-widget\/facebook\/","url":"https:\/\/elfsight.com\/pl\/portfolio-widget\/facebook\/","name":"Strona portfolio na Facebooku \u2014 Dodaj wid\u017cet portfolio do strony na Facebooku [2025]","isPartOf":{"@id":"https:\/\/elfsight.com\/pl\/#website"},"datePublished":"1970-01-01T00:00:00+00:00","dateModified":"2024-11-14T09:27:23+00:00","description":"Zaprojektuj wydajny widget Portfolio i dodaj go do swojej niestandardowej karty na Facebooku. Korzystaj z bezp\u0142atnej obs\u0142ugi klienta i innych korzy\u015bci.","breadcrumb":{"@id":"https:\/\/elfsight.com\/pl\/portfolio-widget\/facebook\/#breadcrumb"},"inLanguage":"pl-PL","potentialAction":[{"@type":"ReadAction","target":["https:\/\/elfsight.com\/pl\/portfolio-widget\/facebook\/"]}]},{"@type":"BreadcrumbList","@id":"https:\/\/elfsight.com\/pl\/portfolio-widget\/facebook\/#breadcrumb","itemListElement":[{"@type":"ListItem","position":1,"name":"Home","item":"https:\/\/elfsight.com\/pl\/"},{"@type":"ListItem","position":2,"name":"Portfolio","item":"https:\/\/elfsight.com\/pl\/portfolio-widget\/"},{"@type":"ListItem","position":3,"name":"Portfolio &#8211; Facebook Page"}]},{"@type":"WebSite","@id":"https:\/\/elfsight.com\/pl\/#website","url":"https:\/\/elfsight.com\/pl\/","name":"Elfsight PL","description":"Just another Elfsight Sites site","potentialAction":[{"@type":"SearchAction","target":{"@type":"EntryPoint","urlTemplate":"https:\/\/elfsight.com\/pl\/?s={search_term_string}"},"query-input":{"@type":"PropertyValueSpecification","valueRequired":true,"valueName":"search_term_string"}}],"inLanguage":"pl-PL"}]}},"meta_box":{"industry":"","seo_heading":"","heading":"","description":"","cta_heading":"","cta_description":"","application":"2888","h1":"Strona portfolio na Facebooku","h1_caption":"Wy\u015bwietlaj swoj\u0105 prac\u0119 w dostosowywalnym portfolio, dzi\u0119ki czemu mo\u017cesz \u0142atwo zaprezentowa\u0107 swoje projekty i osi\u0105gni\u0119cia na swojej stronie na Facebooku.","application_category":[],"applications_title":"","applications_request_title":"","applications_request_button_text":"","hero_text":"","hero_video":"","hero_video_schema_markup":"","selling_points_title":"","selling_points_caption":"","selling_points":[],"selling_points_cta_text":"","features_title":"","features":"","ed_cta_examples_text":"","ed_cta_examples_hidden":"","ed_cta_demo_text":"","ed_cta_demo_hidden":"","why_caption":"","why_editor_title":"","why_editor_text":"","why_team_title":"","why_team_text":"","why_service_title":"","why_service_text":"","template_catalog_visible":"","template_catalog_title":"","template_catalog_text":"","template_catalog_categories_visible":"","demo_title":"Utw\u00f3rz wid\u017cet Portfolio","demo_caption":"Skonfiguruj swoje portfolio i dodaj je za darmo do swojej strony na Facebooku!","default_faq_hidden":"","app_template_category":[],"platform":"319","template_public_id":"","codecanyon_url":"","codecanyon_item_id":"","codecanyon_price":"","pricing_caption":"","pricing_elfsight_apps_hide_column":"","pricing_elfsight_apps_url":"","pricing_codecanyon_price_caption":"","integration_category":[],"integration_request_title":"","integration_request_cta":"","integration_platform":"","integrations":[],"platform_category":[],"video_schema_markup":"","price":"od 0 USD \/ miesi\u0105c","trial":"","benefits":[{"text":"Bezp\u0142atna pomoc w monta\u017cu"},{"text":"Kompetentna obs\u0142uga klienta"},{"text":"14-dniowa gwarancja zwrotu pieni\u0119dzy"}],"button_url":"#demo","button_target_blank":"","button_nofollow":"","attributes":[{"name":"Instaluje"},{"name":"Czu\u0142y"},{"name":"Kompatybilne przegl\u0105darki"}],"tags":[],"tags_disable_links":"","hide_more_platforms":"","video_object":"","demo_hide_cta":"","demo_hide_cloud_options":"","pricing_title":"","pricing":[{"pricing_icon":"platform","pricing_title":"Elfsight Apps","pricing_title_caption":"Wersja wieloplatformowa","pricing_price":"od 0 USD \/ miesi\u0105c","pricing_price_caption":"zacznij od bezp\u0142atnego planu","pricing_benefits":[{"text":"Nielimitowane strony internetowe"},{"text":"Najwy\u017csza obs\u0142uga klienta"},{"text":"Bezp\u0142atna pomoc w instalacji"},{"text":"100% konfigurowalny"}],"pricing_button_text":"Dodaj do witryny","pricing_button_url":"#demo"}],"related_apps_title":"","related_apps_hidden":"","author":"","image":[],"title":"","job":"","social_networks":[]},"_links":{"self":[{"href":"https:\/\/elfsight.com\/pl\/wp-json\/wp\/v2\/pages\/6062","targetHints":{"allow":["GET"]}}],"collection":[{"href":"https:\/\/elfsight.com\/pl\/wp-json\/wp\/v2\/pages"}],"about":[{"href":"https:\/\/elfsight.com\/pl\/wp-json\/wp\/v2\/types\/page"}],"author":[{"embeddable":true,"href":"https:\/\/elfsight.com\/pl\/wp-json\/wp\/v2\/users\/9"}],"replies":[{"embeddable":true,"href":"https:\/\/elfsight.com\/pl\/wp-json\/wp\/v2\/comments?post=6062"}],"version-history":[{"count":1,"href":"https:\/\/elfsight.com\/pl\/wp-json\/wp\/v2\/pages\/6062\/revisions"}],"predecessor-version":[{"id":6066,"href":"https:\/\/elfsight.com\/pl\/wp-json\/wp\/v2\/pages\/6062\/revisions\/6066"}],"up":[{"embeddable":true,"href":"https:\/\/elfsight.com\/pl\/wp-json\/wp\/v2\/pages\/2889"}],"wp:attachment":[{"href":"https:\/\/elfsight.com\/pl\/wp-json\/wp\/v2\/media?parent=6062"}],"curies":[{"name":"wp","href":"https:\/\/api.w.org\/{rel}","templated":true}]}}