{"id":6061,"date":"1970-01-01T00:00:00","date_gmt":"1970-01-01T00:00:00","guid":{"rendered":"https:\/\/elfsight.com\/pl\/?page_id=6061"},"modified":"2024-11-14T09:20:31","modified_gmt":"2024-11-14T09:20:31","slug":"woocommerce","status":"publish","type":"page","link":"https:\/\/elfsight.com\/pl\/portfolio-widget\/woocommerce\/","title":{"rendered":"Portfolio &#8211; WooCommerce"},"content":{"rendered":"<div class=\"application-platform-content-item-description application-platform-content-item\" id=\"description\" data-nav-section=\"description\"><h2>Opis<\/h2><p>Wid\u017cet Portfolio Elfsight zosta\u0142 stworzony, aby pom\u00f3c ka\u017cdemu u\u017cytkownikowi, kt\u00f3ry potrzebuje opublikowa\u0107 swoje niesamowite portfolio na stronie internetowej i mie\u0107 wi\u0119cej Nowi Klienci. Za pomoc\u0105 wid\u017cetu b\u0119dziesz m\u00f3g\u0142 wy\u015bwietla\u0107 kolekcje zdj\u0119\u0107, kaset wideo, rysunk\u00f3w i innych tre\u015bci projektowych. Do ka\u017cdego pliku projektu mo\u017ce by\u0107 do\u0142\u0105czony obszerny opis i data. Mo\u017cesz \u0142\u0105czy\u0107 projekty ze stronami internetowymi i dzieli\u0107 projekty na grupy. U\u017cytkownicy serwisu sprawdz\u0105 Twoje portfolio, klikn\u0105 na ka\u017cdy projekt i obejrz\u0105 wszystkie zdj\u0119cia i ta\u015bmy wideo bezpo\u015brednio na Twojej stronie g\u0142\u00f3wnej. W nag\u0142\u00f3wku wid\u017cetu widoczne jest Twoje imi\u0119 i nazwisko, zdj\u0119cie oraz dane kontaktowe, co u\u0142atwia dotarcie do Ciebie. Aktywny przycisk przekieruje Ci\u0119 na stron\u0119 zam\u00f3wienia i pomo\u017ce Ci poszerzy\u0107 wysoko\u015b\u0107 sprzeda\u017cy. <\/p><div class=\"faq\" data-component=\"FAQ\"><div class=\"faq-item\">\r\n\t\t\t\t\t<div class=\"faq-item-question\">\r\n\t\t\t\t\t\t<h3 class=\"faq-item-question-text\">W jaki spos\u00f3b mog\u0119 osadzi\u0107 portfel w moim WooCommerce?<\/h3>\r\n\r\n\t\t\t\t\t\t<div class=\"faq-item-question-icon\"><\/div>\r\n\t\t\t\t\t<\/div>\r\n\r\n\t\t\t\t\t<div class=\"faq-item-answer\">\r\n\t\t\t\t\t\t<div class=\"faq-item-answer-text\"><p>Tworzenie narz\u0119dzia odbywa si\u0119 na stronach Elfsight i nie musisz uczy\u0107 si\u0119 kodowania. Skorzystaj z naszego aktywnego demo i stw\u00f3rz w\u0142asne narz\u0119dzie, zdob\u0105d\u017a kod i zaimplementuj go na swojej stronie. <\/p><\/div>\r\n\t\t\t\t\t<\/div>\r\n\t\t\t\t<\/div><div class=\"faq-item\">\r\n\t\t\t\t\t<div class=\"faq-item-question\">\r\n\t\t\t\t\t\t<h3 class=\"faq-item-question-text\">Najlepsze przyk\u0142ady wykorzystania integracji portfolio witryn graficznych<\/h3>\r\n\r\n\t\t\t\t\t\t<div class=\"faq-item-question-icon\"><\/div>\r\n\t\t\t\t\t<\/div>\r\n\r\n\t\t\t\t\t<div class=\"faq-item-answer\">\r\n\t\t\t\t\t\t<div class=\"faq-item-answer-text\"><p>Mamy wiele opcji personalizacji: pe\u0142nowymiarowe wid\u017cety do wstawiania w obszarze tre\u015bci , p\u0142ywaj\u0105ce wtyczki z mo\u017cliwo\u015bci\u0105 przewijania, uk\u0142ady stopki, nag\u0142\u00f3wka i wszystkie odmiany mo\u017cliwo\u015bci pionowych pask\u00f3w bocznych i menu witryny. <\/p><\/div>\r\n\t\t\t\t\t<\/div>\r\n\t\t\t\t<\/div><div class=\"faq-item\">\r\n\t\t\t\t\t<div class=\"faq-item-question\">\r\n\t\t\t\t\t\t<h3 class=\"faq-item-question-text\">Czy istnieje mo\u017cliwo\u015b\u0107 zbudowania galerii lub portfolio slider\u00f3w za po\u015brednictwem Twojego redaktora? <\/h3>\r\n\r\n\t\t\t\t\t\t<div class=\"faq-item-question-icon\"><\/div>\r\n\t\t\t\t\t<\/div>\r\n\r\n\t\t\t\t\t<div class=\"faq-item-answer\">\r\n\t\t\t\t\t\t<div class=\"faq-item-answer-text\"><p>Mo\u017cesz stworzy\u0107 modyfikacje dowolnego wid\u017cetu. W edytorze dost\u0119pnych jest wiele uk\u0142ad\u00f3w, a ka\u017cdy z nich mo\u017cna \u0142atwo dostosowa\u0107 do w\u0142asnych potrzeb. <\/p><\/div>\r\n\t\t\t\t\t<\/div>\r\n\t\t\t\t<\/div><\/div><\/div> <div class=\"application-platform-content-item-features application-platform-content-item\" id=\"features\" data-nav-section=\"features\"><h2>Funkcje<\/h2><p>Aby kszta\u0142towa\u0107 przejrzyst\u0105 wiedz\u0119 na temat wid\u017cetu, odkryj list\u0119 g\u0142\u00f3wnych cechy. Sprawiaj\u0105, \u017ce nasz widget jest dla Ciebie maksymalnie wydajny: <\/p><ul><li>Poka\u017c dowoln\u0105 liczb\u0119 projekt\u00f3w i dodaj ich tytu\u0142y; <\/li><li>Ustaw grupy i przypisz do nich projekty<\/li><li>Ustaw, jakie dane maj\u0105 by\u0107 wy\u015bwietlane w wyskakuj\u0105cym okienku i po najechaniu myszk\u0105; <\/li><li>Mo\u017cliwo\u015b\u0107 dodawania tekst\u00f3w i dat do plik\u00f3w w projekcie<\/li><li>Przycisk wezwania do dzia\u0142ania w nag\u0142\u00f3wku wid\u017cetu oraz w wyskakuj\u0105cym okienku przekierowuje klienta na dowoln\u0105 stron\u0119 internetow\u0105<\/li> <\/ul><p><a href=\"#demo\">Aby sprawdzi\u0107 pe\u0142n\u0105 list\u0119 funkcji, zobacz nasze demo<\/a><\/p><\/div> <div class=\"application-platform-content-item-installation application-platform-content-item\" id=\"installation\" data-nav-section=\"installation\"><h2> Jak mog\u0119 doda\u0107 portfolio do mojej witryny WooCommerce? <\/h2><p>Wystarczy wykona\u0107 kilka krok\u00f3w podanych poni\u017cej, aby aktywowa\u0107 narz\u0119dzie. <\/p><ol><li><b>Otw\u00f3rz nasz darmowy konfigurator i zacznij tworzy\u0107 w\u0142asny widget. <\/b><br>Znajd\u017a preferowany projekt i cechy narz\u0119dzia i zapisz zmiany. <\/li><li><b>Skopiuj sw\u00f3j unikalny kod pojawiaj\u0105cy si\u0119 w specjalnym formularzu w aplikacjach Elfsight. <\/b><br>Zaraz po zako\u0144czeniu tworzenia wtyczki skopiuj osobisty kod z wy\u015bwietlonego pola i zachowaj go na p\u00f3\u017aniej. <\/li><li><b>Zacznij korzysta\u0107 z wid\u017cetu na swojej stronie WooCommerce. <\/b><br>Dodaj skopiowany wcze\u015bniej kod na swoj\u0105 stron\u0119 i zastosuj ulepszenia. <\/li><li><b>Gotowe! Konfiguracja zosta\u0142a ca\u0142kowicie zako\u0144czona. <\/b><br>Wejd\u017a na swoj\u0105 stron\u0119 i sprawd\u017a dzia\u0142anie widgetu. <\/li><\/ol><p>Je\u015bli napotkasz pytania lub napotkasz jakiekolwiek przeszkody, bez wahania skontaktuj si\u0119 z naszym zespo\u0142em obs\u0142ugi klienta. Nasi ludzie z przyjemno\u015bci\u0105 rozwi\u0105\u017c\u0105 wszystkie problemy, jakie mo\u017cesz mie\u0107 z wid\u017cetem.<\/p><\/div>","protected":false},"excerpt":{"rendered":"","protected":false},"author":9,"featured_media":0,"parent":2889,"menu_order":0,"comment_status":"closed","ping_status":"closed","template":"templates\/template-application-platform.php","meta":{"publish_to_discourse":"","publish_post_category":"","wpdc_auto_publish_overridden":"","wpdc_topic_tags":"","wpdc_pin_topic":"","wpdc_pin_until":"","discourse_post_id":"","discourse_permalink":"","wpdc_publishing_response":"","wpdc_publishing_error":"","footnotes":""},"class_list":["post-6061","page","type-page","status-publish","hentry"],"yoast_head":"<!-- This site is optimized with the Yoast SEO plugin v25.3.1 - https:\/\/yoast.com\/wordpress\/plugins\/seo\/ -->\n<title>Portfolio WooCommerce \u2014 Dodaj wtyczk\u0119 Portfolio do witryny WooCommerce<\/title>\n<meta name=\"description\" content=\"Proste zbudowanie wtyczki Portfolio i dodanie jej do witryny WooCommerce. Elfsight oferuje bezp\u0142atn\u0105 obs\u0142ug\u0119 klienta.\" \/>\n<meta name=\"robots\" content=\"index, follow, max-snippet:-1, max-image-preview:large, max-video-preview:-1\" \/>\n<link rel=\"canonical\" href=\"https:\/\/elfsight.com\/pl\/portfolio-widget\/woocommerce\/\" \/>\n<meta property=\"og:locale\" content=\"pl_PL\" \/>\n<meta property=\"og:type\" content=\"article\" \/>\n<meta property=\"og:title\" content=\"Portfolio WooCommerce \u2014 Dodaj wtyczk\u0119 Portfolio do witryny WooCommerce\" \/>\n<meta property=\"og:description\" content=\"Proste zbudowanie wtyczki Portfolio i dodanie jej do witryny WooCommerce. Elfsight oferuje bezp\u0142atn\u0105 obs\u0142ug\u0119 klienta.\" \/>\n<meta property=\"og:url\" content=\"https:\/\/elfsight.com\/pl\/portfolio-widget\/woocommerce\/\" \/>\n<meta property=\"og:site_name\" content=\"Elfsight PL\" \/>\n<meta property=\"article:modified_time\" content=\"2024-11-14T09:20:31+00:00\" \/>\n<meta name=\"twitter:card\" content=\"summary_large_image\" \/>\n<meta name=\"twitter:label1\" content=\"Szacowany czas czytania\" \/>\n\t<meta name=\"twitter:data1\" content=\"3 minuty\" \/>\n<!-- \/ Yoast SEO plugin. -->","yoast_head_json":{"title":"Portfolio WooCommerce \u2014 Dodaj wtyczk\u0119 Portfolio do witryny WooCommerce","description":"Proste zbudowanie wtyczki Portfolio i dodanie jej do witryny WooCommerce. Elfsight oferuje bezp\u0142atn\u0105 obs\u0142ug\u0119 klienta.","robots":{"index":"index","follow":"follow","max-snippet":"max-snippet:-1","max-image-preview":"max-image-preview:large","max-video-preview":"max-video-preview:-1"},"canonical":"https:\/\/elfsight.com\/pl\/portfolio-widget\/woocommerce\/","og_locale":"pl_PL","og_type":"article","og_title":"Portfolio WooCommerce \u2014 Dodaj wtyczk\u0119 Portfolio do witryny WooCommerce","og_description":"Proste zbudowanie wtyczki Portfolio i dodanie jej do witryny WooCommerce. Elfsight oferuje bezp\u0142atn\u0105 obs\u0142ug\u0119 klienta.","og_url":"https:\/\/elfsight.com\/pl\/portfolio-widget\/woocommerce\/","og_site_name":"Elfsight PL","article_modified_time":"2024-11-14T09:20:31+00:00","twitter_card":"summary_large_image","twitter_misc":{"Szacowany czas czytania":"3 minuty"},"schema":{"@context":"https:\/\/schema.org","@graph":[{"@type":"WebPage","@id":"https:\/\/elfsight.com\/pl\/portfolio-widget\/woocommerce\/","url":"https:\/\/elfsight.com\/pl\/portfolio-widget\/woocommerce\/","name":"Portfolio WooCommerce \u2014 Dodaj wtyczk\u0119 Portfolio do witryny WooCommerce","isPartOf":{"@id":"https:\/\/elfsight.com\/pl\/#website"},"datePublished":"1970-01-01T00:00:00+00:00","dateModified":"2024-11-14T09:20:31+00:00","description":"Proste zbudowanie wtyczki Portfolio i dodanie jej do witryny WooCommerce. Elfsight oferuje bezp\u0142atn\u0105 obs\u0142ug\u0119 klienta.","breadcrumb":{"@id":"https:\/\/elfsight.com\/pl\/portfolio-widget\/woocommerce\/#breadcrumb"},"inLanguage":"pl-PL","potentialAction":[{"@type":"ReadAction","target":["https:\/\/elfsight.com\/pl\/portfolio-widget\/woocommerce\/"]}]},{"@type":"BreadcrumbList","@id":"https:\/\/elfsight.com\/pl\/portfolio-widget\/woocommerce\/#breadcrumb","itemListElement":[{"@type":"ListItem","position":1,"name":"Home","item":"https:\/\/elfsight.com\/pl\/"},{"@type":"ListItem","position":2,"name":"Portfolio","item":"https:\/\/elfsight.com\/pl\/portfolio-widget\/"},{"@type":"ListItem","position":3,"name":"Portfolio &#8211; WooCommerce"}]},{"@type":"WebSite","@id":"https:\/\/elfsight.com\/pl\/#website","url":"https:\/\/elfsight.com\/pl\/","name":"Elfsight PL","description":"Just another Elfsight Sites site","potentialAction":[{"@type":"SearchAction","target":{"@type":"EntryPoint","urlTemplate":"https:\/\/elfsight.com\/pl\/?s={search_term_string}"},"query-input":{"@type":"PropertyValueSpecification","valueRequired":true,"valueName":"search_term_string"}}],"inLanguage":"pl-PL"}]}},"meta_box":{"industry":"","seo_heading":"","heading":"","description":"","cta_heading":"","cta_description":"","application":"2888","h1":"Wtyczka portfela WooCommerce","h1_caption":"Wy\u015bwietlaj swoj\u0105 prac\u0119 w dostosowywalnym portfolio, dzi\u0119ki czemu mo\u017cesz \u0142atwo zaprezentowa\u0107 swoje projekty i osi\u0105gni\u0119cia na swojej stronie WooCommerce.","application_category":[],"applications_title":"","applications_request_title":"","applications_request_button_text":"","hero_text":"","hero_video":"","hero_video_schema_markup":"","selling_points_title":"","selling_points_caption":"","selling_points":[],"selling_points_cta_text":"","features_title":"","features":"","ed_cta_examples_text":"","ed_cta_examples_hidden":"","ed_cta_demo_text":"","ed_cta_demo_hidden":"","why_caption":"","why_editor_title":"","why_editor_text":"","why_team_title":"","why_team_text":"","why_service_title":"","why_service_text":"","template_catalog_visible":"","template_catalog_title":"","template_catalog_text":"","template_catalog_categories_visible":"","demo_title":"Utw\u00f3rz aplikacj\u0119 Portfolio","demo_caption":"Skonfiguruj swoje portfolio i dodaj je do swojej witryny WooCommerce za darmo!","default_faq_hidden":"","app_template_category":[],"platform":"335","template_public_id":"","codecanyon_url":"","codecanyon_item_id":"","codecanyon_price":"","pricing_caption":"","pricing_elfsight_apps_hide_column":"","pricing_elfsight_apps_url":"","pricing_codecanyon_price_caption":"","integration_category":[],"integration_request_title":"","integration_request_cta":"","integration_platform":"","integrations":[],"platform_category":[],"video_schema_markup":"","price":"od 0 USD \/ miesi\u0105c","trial":"","benefits":[{"text":"Bezp\u0142atna pomoc w monta\u017cu"},{"text":"Kompetentna obs\u0142uga klienta"},{"text":"14-dniowa gwarancja zwrotu pieni\u0119dzy"}],"button_url":"#demo","button_target_blank":"","button_nofollow":"","attributes":[{"name":"Instaluje"},{"name":"Czu\u0142y"},{"name":"Kompatybilne przegl\u0105darki"}],"tags":[],"tags_disable_links":"","hide_more_platforms":"","video_object":"","demo_hide_cta":"","demo_hide_cloud_options":"","pricing_title":"","pricing":[{"pricing_icon":"platform","pricing_title":"Elfsight Apps","pricing_title_caption":"Wersja wieloplatformowa, kt\u00f3ra pasuje do ka\u017cdej witryny","pricing_price":"od 0 USD \/ miesi\u0105c","pricing_price_caption":"zacznij od bezp\u0142atnego planu","pricing_benefits":[{"text":"Nielimitowane domeny"},{"text":"Bezp\u0142atne i terminowe wsparcie oraz dobrze udokumentowane"},{"text":"Bezp\u0142atna us\u0142uga monta\u017cu"},{"text":"100% konfigurowalny"}],"pricing_button_text":"Dodaj do witryny","pricing_button_url":"#demo"}],"related_apps_title":"","related_apps_hidden":"","author":"","image":[],"title":"","job":"","social_networks":[]},"_links":{"self":[{"href":"https:\/\/elfsight.com\/pl\/wp-json\/wp\/v2\/pages\/6061","targetHints":{"allow":["GET"]}}],"collection":[{"href":"https:\/\/elfsight.com\/pl\/wp-json\/wp\/v2\/pages"}],"about":[{"href":"https:\/\/elfsight.com\/pl\/wp-json\/wp\/v2\/types\/page"}],"author":[{"embeddable":true,"href":"https:\/\/elfsight.com\/pl\/wp-json\/wp\/v2\/users\/9"}],"replies":[{"embeddable":true,"href":"https:\/\/elfsight.com\/pl\/wp-json\/wp\/v2\/comments?post=6061"}],"version-history":[{"count":1,"href":"https:\/\/elfsight.com\/pl\/wp-json\/wp\/v2\/pages\/6061\/revisions"}],"predecessor-version":[{"id":6065,"href":"https:\/\/elfsight.com\/pl\/wp-json\/wp\/v2\/pages\/6061\/revisions\/6065"}],"up":[{"embeddable":true,"href":"https:\/\/elfsight.com\/pl\/wp-json\/wp\/v2\/pages\/2889"}],"wp:attachment":[{"href":"https:\/\/elfsight.com\/pl\/wp-json\/wp\/v2\/media?parent=6061"}],"curies":[{"name":"wp","href":"https:\/\/api.w.org\/{rel}","templated":true}]}}