{"id":6048,"date":"1970-01-01T00:00:00","date_gmt":"1970-01-01T00:00:00","guid":{"rendered":"https:\/\/elfsight.com\/pl\/?page_id=6048"},"modified":"2024-10-24T13:14:06","modified_gmt":"2024-10-24T13:14:06","slug":"jimdo","status":"publish","type":"page","link":"https:\/\/elfsight.com\/pl\/portfolio-widget\/jimdo\/","title":{"rendered":"Portfolio &#8211; Jimdo"},"content":{"rendered":"<div class=\"application-platform-content-item-description application-platform-content-item\" id=\"description\" data-nav-section=\"description\"><h2>Opis<\/h2> <p>Narz\u0119dzie Elfsight Portfolio przeznaczone jest dla ka\u017cdego u\u017cytkownika, kt\u00f3ry ma potrzeb\u0119 osadzenia swojej biblioteki na stronie internetowej i zwi\u0119kszenia liczba \u015bwie\u017cych zam\u00f3wie\u0144. Dzi\u0119ki narz\u0119dziu Elfsight b\u0119dziesz mia\u0142 mo\u017cliwo\u015b\u0107 pokazania wybranych zdj\u0119\u0107, film\u00f3w, makiet i innych materia\u0142\u00f3w. Ka\u017cdej tre\u015bci mo\u017ce towarzyszy\u0107 dok\u0142adny opis i data. Masz mo\u017cliwo\u015b\u0107 \u0142\u0105czenia projekt\u00f3w ze stronami internetowymi i dzielenia projekt\u00f3w na grupy. Twoi odbiorcy obejrz\u0105 Twoje portfolio, klikn\u0105 projekt i zapoznaj\u0105 si\u0119 ze wszystkimi pracami bezpo\u015brednio na Twojej stronie internetowej. Nag\u0142\u00f3wek zawiera Twoje imi\u0119 i nazwisko, zdj\u0119cie oraz dane kontaktowe, kt\u00f3re u\u0142atwiaj\u0105 komunikacj\u0119 z Tob\u0105. Przycisk call-to-action przekieruje odwiedzaj\u0105cych na stron\u0119 zam\u00f3wienia i pomo\u017ce Ci zwi\u0119kszy\u0107 poziom sprzeda\u017cy. <\/p><p><b>Uczy\u0144 swoj\u0105 witryn\u0119 skuteczniejsz\u0105 pod k\u0105tem cel\u00f3w e-commerce dzi\u0119ki Portfolio.<\/b><\/p> <\/div> <div class=\"application-platform-content-item-features application-platform-content-item\" id=\"features\" data-nav-section=\"features\"> <h2>Oferujemy cenne i szybkie funkcje, zobacz niekt\u00f3re z nich: <\/h2> <ul><li>Projekt otwiera si\u0119 w wyskakuj\u0105cym okienku na stronie<\/li><li>Opcja dodania klikalnego adresu e-mail i telefonu<\/li><li>Dodaj aktywne ikony medi\u00f3w spo\u0142eczno\u015bciowych do nag\u0142\u00f3wka<\/li><li>Wybierz akcj\u0119 po klikni\u0119ciu: otw\u00f3rz w wyskakuj\u0105cym okienku, brak lub przekieruj na stron\u0119<\/li><li>Wybierz, jakie informacje maj\u0105 by\u0107 wy\u015bwietlane w wyskakuj\u0105cym okienku i po najechaniu myszk\u0105<\/li><li>Wyb\u00f3r kszta\u0142tu zdj\u0119\u0107 w portfolio: prostok\u0105t lub kwadrat<\/li><\/ul><p><a href=\"#demo\">Pe\u0142n\u0105 funkcjonalno\u015b\u0107 wid\u017cetu mo\u017cesz przetestowa\u0107 w poni\u017cszej wersji demonstracyjnej <\/a><\/p> <\/div> <div class=\"application-platform-content-item-installation application-platform-content-item\" id=\"installation\" data-nav-section=\"installation\"> <h2>Jak osadzi\u0107 portfolio na mojej stronie Jimdo? <\/h2> <p>Wystarczy wykona\u0107 poni\u017csze wskaz\u00f3wki, aby zintegrowa\u0107 widget. <\/p> <ol><li><b>Uruchom nasz darmowy konfigurator i rozpocznij budowanie w\u0142asnego instrumentu. <\/b><br> Okre\u015bl preferowan\u0105 form\u0119 i funkcjonalno\u015b\u0107 wid\u017cetu i zapisz zmiany. <\/li> <li><b>Zdob\u0105d\u017a sw\u00f3j unikalny kod pojawiaj\u0105cy si\u0119 w specjalnym formularzu w aplikacjach Elfsight. <\/b><br> Po zako\u0144czeniu dostosowywania wid\u017cetu skopiuj indywidualny kod z wy\u015bwietlonego okna i zapisz go na przysz\u0142e okazje. <\/li> <li><b>Zacznij korzysta\u0107 z wid\u017cetu na swojej stronie internetowej Jimdo. <\/b><br> Wstaw skopiowany wcze\u015bniej kod na swoj\u0105 stron\u0119 internetow\u0105 i zapisz poprawki. <\/li> <li><b>Instalacja zosta\u0142a w pe\u0142ni uko\u0144czona. <\/b><br> Przejd\u017a do swojej witryny, aby sprawdzi\u0107, jak dzia\u0142a widget. <\/li><\/ol> <p>Je\u015bli napotkasz jakie\u015b komplikacje, mo\u017cesz zwr\u00f3ci\u0107 si\u0119 do naszego zespo\u0142u obs\u0142ugi klienta. Nasi konsultanci ch\u0119tnie pomog\u0105 Ci we wszystkich pytaniach zwi\u0105zanych z widgetem. <\/p> <div class=\"faq\" data-component=\"FAQ\"><div class=\"faq-item\">\r\n\t\t\t\t\t<div class=\"faq-item-question\">\r\n\t\t\t\t\t\t<h3 class=\"faq-item-question-text\">Jak doda\u0107 Portfolio do mojej strony g\u0142\u00f3wnej Jimdo bez znajomo\u015bci kodowania?<\/h3>\r\n\r\n\t\t\t\t\t\t<div class=\"faq-item-question-icon\"><\/div>\r\n\t\t\t\t\t<\/div>\r\n\r\n\t\t\t\t\t<div class=\"faq-item-answer\">\r\n\t\t\t\t\t\t<div class=\"faq-item-answer-text\"> <p>Elfsight oferuje rozwi\u0105zanie, kt\u00f3re umo\u017cliwia szerokiemu gronu odbiorc\u00f3w samodzielne zbudowanie wid\u017cetu Portfolio, przekonaj si\u0119, jak nieskomplikowane jest to proces jest nast\u0119puj\u0105cy: Przejd\u017a do wersji demonstracyjnej na \u017cywo, aby utworzy\u0107 wid\u017cet Portfolio, kt\u00f3ry chcesz wy\u015bwietli\u0107 na swojej stronie Jimdo. Kliknij jeden z naszych wst\u0119pnie zaprojektowanych szablon\u00f3w i zmodyfikuj ustawienia Portfolio, zmie\u0144 uk\u0142ad i kolory oraz zaktualizuj tre\u015b\u0107 bez kodowania. Zapisz Portfolio i skopiuj kod instalacyjny, kt\u00f3ry mo\u017cesz \u0142atwo osadzi\u0107 na stronie internetowej Jimdo w ramach bezp\u0142atnego planu. Korzystaj\u0105c z naszego przyjaznego dla u\u017cytkownika Edytora, ka\u017cdy u\u017cytkownik Internetu mo\u017ce stworzy\u0107 wid\u017cet Portfolio i osadzi\u0107 go na swojej stronie Jimdo. Aby uzyska\u0107 dost\u0119p do naszego Edytora, nie musisz p\u0142aci\u0107 ani ujawnia\u0107 danych swojej karty. Je\u015bli na kt\u00f3rymkolwiek etapie napotkasz jakiekolwiek problemy, skontaktuj si\u0119 z naszym personelem pomocy technicznej.<\/p> <\/div>\r\n\t\t\t\t\t<\/div>\r\n\t\t\t\t<\/div> <\/div><\/div>","protected":false},"excerpt":{"rendered":"","protected":false},"author":9,"featured_media":0,"parent":2889,"menu_order":0,"comment_status":"closed","ping_status":"closed","template":"templates\/template-application-platform.php","meta":{"publish_to_discourse":"","publish_post_category":"","wpdc_auto_publish_overridden":"","wpdc_topic_tags":"","wpdc_pin_topic":"","wpdc_pin_until":"","discourse_post_id":"","discourse_permalink":"","wpdc_publishing_response":"","wpdc_publishing_error":"","footnotes":""},"class_list":["post-6048","page","type-page","status-publish","hentry"],"yoast_head":"<!-- This site is optimized with the Yoast SEO plugin v25.3.1 - https:\/\/yoast.com\/wordpress\/plugins\/seo\/ -->\n<title>Wid\u017cet portfolio dla serwisu Jimdo (bezp\u0142atny i szybki) - 2026<\/title>\n<meta name=\"description\" content=\"Oto mo\u017cliwo\u015b\u0107 stworzenia wid\u017cetu Portfolio Jimdo i osadzenia go na swojej stronie internetowej. B\u0119dziesz cieszy\u0107 si\u0119 bezp\u0142atn\u0105 obs\u0142ug\u0105 klienta przez ca\u0142e \u017cycie.\" \/>\n<meta name=\"robots\" content=\"index, follow, max-snippet:-1, max-image-preview:large, max-video-preview:-1\" \/>\n<link rel=\"canonical\" href=\"https:\/\/elfsight.com\/pl\/portfolio-widget\/jimdo\/\" \/>\n<meta property=\"og:locale\" content=\"pl_PL\" \/>\n<meta property=\"og:type\" content=\"article\" \/>\n<meta property=\"og:title\" content=\"Wid\u017cet portfolio dla serwisu Jimdo (bezp\u0142atny i szybki) - 2026\" \/>\n<meta property=\"og:description\" content=\"Oto mo\u017cliwo\u015b\u0107 stworzenia wid\u017cetu Portfolio Jimdo i osadzenia go na swojej stronie internetowej. B\u0119dziesz cieszy\u0107 si\u0119 bezp\u0142atn\u0105 obs\u0142ug\u0105 klienta przez ca\u0142e \u017cycie.\" \/>\n<meta property=\"og:url\" content=\"https:\/\/elfsight.com\/pl\/portfolio-widget\/jimdo\/\" \/>\n<meta property=\"og:site_name\" content=\"Elfsight PL\" \/>\n<meta property=\"article:modified_time\" content=\"2024-10-24T13:14:06+00:00\" \/>\n<meta name=\"twitter:card\" content=\"summary_large_image\" \/>\n<meta name=\"twitter:label1\" content=\"Szacowany czas czytania\" \/>\n\t<meta name=\"twitter:data1\" content=\"3 minuty\" \/>\n<!-- \/ Yoast SEO plugin. -->","yoast_head_json":{"title":"Wid\u017cet portfolio dla serwisu Jimdo (bezp\u0142atny i szybki) - 2026","description":"Oto mo\u017cliwo\u015b\u0107 stworzenia wid\u017cetu Portfolio Jimdo i osadzenia go na swojej stronie internetowej. B\u0119dziesz cieszy\u0107 si\u0119 bezp\u0142atn\u0105 obs\u0142ug\u0105 klienta przez ca\u0142e \u017cycie.","robots":{"index":"index","follow":"follow","max-snippet":"max-snippet:-1","max-image-preview":"max-image-preview:large","max-video-preview":"max-video-preview:-1"},"canonical":"https:\/\/elfsight.com\/pl\/portfolio-widget\/jimdo\/","og_locale":"pl_PL","og_type":"article","og_title":"Wid\u017cet portfolio dla serwisu Jimdo (bezp\u0142atny i szybki) - 2026","og_description":"Oto mo\u017cliwo\u015b\u0107 stworzenia wid\u017cetu Portfolio Jimdo i osadzenia go na swojej stronie internetowej. B\u0119dziesz cieszy\u0107 si\u0119 bezp\u0142atn\u0105 obs\u0142ug\u0105 klienta przez ca\u0142e \u017cycie.","og_url":"https:\/\/elfsight.com\/pl\/portfolio-widget\/jimdo\/","og_site_name":"Elfsight PL","article_modified_time":"2024-10-24T13:14:06+00:00","twitter_card":"summary_large_image","twitter_misc":{"Szacowany czas czytania":"3 minuty"},"schema":{"@context":"https:\/\/schema.org","@graph":[{"@type":"WebPage","@id":"https:\/\/elfsight.com\/pl\/portfolio-widget\/jimdo\/","url":"https:\/\/elfsight.com\/pl\/portfolio-widget\/jimdo\/","name":"Wid\u017cet portfolio dla serwisu Jimdo (bezp\u0142atny i szybki) - 2026","isPartOf":{"@id":"https:\/\/elfsight.com\/pl\/#website"},"datePublished":"1970-01-01T00:00:00+00:00","dateModified":"2024-10-24T13:14:06+00:00","description":"Oto mo\u017cliwo\u015b\u0107 stworzenia wid\u017cetu Portfolio Jimdo i osadzenia go na swojej stronie internetowej. B\u0119dziesz cieszy\u0107 si\u0119 bezp\u0142atn\u0105 obs\u0142ug\u0105 klienta przez ca\u0142e \u017cycie.","breadcrumb":{"@id":"https:\/\/elfsight.com\/pl\/portfolio-widget\/jimdo\/#breadcrumb"},"inLanguage":"pl-PL","potentialAction":[{"@type":"ReadAction","target":["https:\/\/elfsight.com\/pl\/portfolio-widget\/jimdo\/"]}]},{"@type":"BreadcrumbList","@id":"https:\/\/elfsight.com\/pl\/portfolio-widget\/jimdo\/#breadcrumb","itemListElement":[{"@type":"ListItem","position":1,"name":"Home","item":"https:\/\/elfsight.com\/pl\/"},{"@type":"ListItem","position":2,"name":"Portfolio","item":"https:\/\/elfsight.com\/pl\/portfolio-widget\/"},{"@type":"ListItem","position":3,"name":"Portfolio &#8211; Jimdo"}]},{"@type":"WebSite","@id":"https:\/\/elfsight.com\/pl\/#website","url":"https:\/\/elfsight.com\/pl\/","name":"Elfsight PL","description":"Just another Elfsight Sites site","potentialAction":[{"@type":"SearchAction","target":{"@type":"EntryPoint","urlTemplate":"https:\/\/elfsight.com\/pl\/?s={search_term_string}"},"query-input":{"@type":"PropertyValueSpecification","valueRequired":true,"valueName":"search_term_string"}}],"inLanguage":"pl-PL"}]}},"meta_box":{"industry":"","seo_heading":"","heading":"","description":"","cta_heading":"","cta_description":"","application":"2888","h1":"Wid\u017cet portfela Jimdo","h1_caption":"Wy\u015bwietlaj swoj\u0105 prac\u0119 w dostosowywalnym portfolio, dzi\u0119ki czemu mo\u017cesz \u0142atwo zaprezentowa\u0107 swoje projekty i osi\u0105gni\u0119cia na swojej stronie internetowej Jimdo.","application_category":[],"applications_title":"","applications_request_title":"","applications_request_button_text":"","hero_text":"","hero_video":"","hero_video_schema_markup":"","selling_points_title":"","selling_points_caption":"","selling_points":[],"selling_points_cta_text":"","features_title":"","features":"","ed_cta_examples_text":"","ed_cta_examples_hidden":"","ed_cta_demo_text":"","ed_cta_demo_hidden":"","why_caption":"","why_editor_title":"","why_editor_text":"","why_team_title":"","why_team_text":"","why_service_title":"","why_service_text":"","template_catalog_visible":"","template_catalog_title":"","template_catalog_text":"","template_catalog_categories_visible":"","demo_title":"\u015amia\u0142o tw\u00f3rz i personalizuj portfolio Jimdo!","demo_caption":"Spersonalizuj wid\u017cet i zaimplementuj wid\u017cet na swojej stronie internetowej, korzystaj\u0105c z wersji demonstracyjnej na \u017cywo.","default_faq_hidden":"","app_template_category":[],"platform":"193","template_public_id":"","codecanyon_url":"","codecanyon_item_id":"","codecanyon_price":"","pricing_caption":"","pricing_elfsight_apps_hide_column":"","pricing_elfsight_apps_url":"","pricing_codecanyon_price_caption":"","integration_category":[],"integration_request_title":"","integration_request_cta":"","integration_platform":"","integrations":[],"platform_category":[],"video_schema_markup":"","price":"od 0 USD \/ miesi\u0105c","trial":"","benefits":[{"text":"Bezp\u0142atna pomoc w instalacji"},{"text":"Kompetentna obs\u0142uga klienta"},{"text":"14-dniowa gwarancja zwrotu pieni\u0119dzy"}],"button_url":"#demo","button_target_blank":"","button_nofollow":"","attributes":[{"name":"Instaluje"},{"name":"Czu\u0142y"},{"name":"Kompatybilne przegl\u0105darki"}],"tags":[],"tags_disable_links":"","hide_more_platforms":"","video_object":"","demo_hide_cta":"","demo_hide_cloud_options":"","pricing_title":"","pricing":[{"pricing_icon":"platform","pricing_title":"Elfsight Apps","pricing_title_caption":"Oprogramowanie wieloplatformowe","pricing_price":"od 0 USD \/ miesi\u0105c","pricing_price_caption":"zacznij od bezp\u0142atnego planu","pricing_benefits":[{"text":"Nielimitowane strony internetowe"},{"text":"Bezp\u0142atne i terminowe wsparcie"},{"text":"Bezp\u0142atna us\u0142uga monta\u017cu"},{"text":"W pe\u0142ni konfigurowalny"}],"pricing_button_text":"Dodaj do witryny","pricing_button_url":"#demo"}],"related_apps_title":"","related_apps_hidden":"","author":"","image":[],"title":"","job":"","social_networks":[]},"_links":{"self":[{"href":"https:\/\/elfsight.com\/pl\/wp-json\/wp\/v2\/pages\/6048","targetHints":{"allow":["GET"]}}],"collection":[{"href":"https:\/\/elfsight.com\/pl\/wp-json\/wp\/v2\/pages"}],"about":[{"href":"https:\/\/elfsight.com\/pl\/wp-json\/wp\/v2\/types\/page"}],"author":[{"embeddable":true,"href":"https:\/\/elfsight.com\/pl\/wp-json\/wp\/v2\/users\/9"}],"replies":[{"embeddable":true,"href":"https:\/\/elfsight.com\/pl\/wp-json\/wp\/v2\/comments?post=6048"}],"version-history":[{"count":1,"href":"https:\/\/elfsight.com\/pl\/wp-json\/wp\/v2\/pages\/6048\/revisions"}],"predecessor-version":[{"id":6052,"href":"https:\/\/elfsight.com\/pl\/wp-json\/wp\/v2\/pages\/6048\/revisions\/6052"}],"up":[{"embeddable":true,"href":"https:\/\/elfsight.com\/pl\/wp-json\/wp\/v2\/pages\/2889"}],"wp:attachment":[{"href":"https:\/\/elfsight.com\/pl\/wp-json\/wp\/v2\/media?parent=6048"}],"curies":[{"name":"wp","href":"https:\/\/api.w.org\/{rel}","templated":true}]}}