{"id":6046,"date":"1970-01-01T00:00:00","date_gmt":"1970-01-01T00:00:00","guid":{"rendered":"https:\/\/elfsight.com\/pl\/?page_id=6046"},"modified":"2025-06-25T16:17:23","modified_gmt":"2025-06-25T16:17:23","slug":"bigcommerce","status":"publish","type":"page","link":"https:\/\/elfsight.com\/pl\/popup-widget\/bigcommerce\/","title":{"rendered":"Popup &#8211; BigCommerce"},"content":{"rendered":"<div class=\"application-platform-content-item-description application-platform-content-item\" id=\"description\" data-nav-section=\"description\">\n<h2>Opis<\/h2>\n<p>Dzi\u0119ki aplikacji Elfsight Pop-up mo\u017cesz konfigurowa\u0107 w\u0142asne wyskakuj\u0105ce okienka dowolnego typu i poka\u017c je na swojej stronie internetowej. Ukszta\u0142tuj najbardziej odpowiedni pop-up, korzystaj\u0105c z r\u00f3\u017cnych typ\u00f3w element\u00f3w. Zmie\u0144 wygl\u0105d i aran\u017cacj\u0119; wybierz spust otwieraj\u0105cy i dostosuj czas, aby osi\u0105gn\u0105\u0107 lepsz\u0105 skuteczno\u015b\u0107. Wyskakuj\u0105ce okienka r\u00f3\u017cnego typu pozwol\u0105 ludziom subskrybowa\u0107 Twoj\u0105 poczt\u0119, dowiedzie\u0107 si\u0119 wi\u0119cej o Twoich ofertach, skopiowa\u0107 kupony rabatowe, dowiedzie\u0107 si\u0119 o wyprzeda\u017cach i ofertach specjalnych, uzyska\u0107 informacje o nadchodz\u0105cych wydarzeniach w Twojej witrynie i jeszcze wi\u0119cej.<\/p>\n<p><b>Wyskakuj\u0105ce okienka pomog\u0105 Ci skuteczniej sprzedawa\u0107, og\u0142asza\u0107 nadchodz\u0105ce dzia\u0142ania, otrzymywa\u0107 opinie i subskrybent\u00f3w i wiele wi\u0119cej.<\/b><\/p>\n<\/div>\n\n<div class=\"application-platform-content-item-features application-platform-content-item\" id=\"features\" data-nav-section=\"features\">\n<h2>Funkcje<\/h2>\n<p>Zobacz wszystkie funkcje wid\u017cetu. S\u0105 one dost\u0119pne bezpo\u015brednio w edytorze i pomog\u0105 Ci skonfigurowa\u0107 widget dok\u0142adnie pod Tw\u00f3j przypadek.<\/p>\n<ul>\n    <li>Dwana\u015bcie r\u00f3\u017cnych blok\u00f3w do kszta\u0142towania wyskakuj\u0105cego okienka;<\/li>\n    <li>5 zawiera uk\u0142ady wyskakuj\u0105cych okienek dla r\u00f3\u017cnych przypadk\u00f3w;<\/li>\n    <li>Umie\u015b\u0107 przyciski do przekierowania na dowolny adres;<\/li>\n    <li>Przes\u0142anie obrazu t\u0142a;<\/li>\n    <li>Wyskakuj\u0105ce okienko mo\u017ce pojawi\u0107 si\u0119 po okre\u015blonym czasie sp\u0119dzonym na stronie internetowej lub procentowym przewijaniu;<\/li>\n    <li>Wyzwalacze wyskakuj\u0105cych okienek: klikni\u0119cie na okre\u015blonym elemencie lub przewi\u0144 do niego.<\/li>\n<\/ul>\n<p><a href=\"#demo\">Przetestuj wszystkie inne funkcje w wersji demonstracyjnej<\/a><\/p>\n<\/div>\n\n<div class=\"application-platform-content-item-installation application-platform-content-item\" id=\"installation\" data-nav-section=\"installation\">\n<h2>Jak osadzi\u0107 aplikacj\u0119 Popup w sklepie BigCommerce?<\/h2>\n<div class=\"video-container\"><iframe width=\"720\" height=\"405\" src=\"https:\/\/www.youtube.com\/embed\/szhSWHuYstw\" frameborder=\"0\" allowfullscreen=\"\"><\/iframe><\/div>\n<p>Wystarczy wykona\u0107 poni\u017csze kroki, aby wstawi\u0107 wid\u017cet na BigCommerce.<\/p>\n<ol>\n    <li><b>Skorzystaj z naszego bezp\u0142atnego edytora i zacznij tworzy\u0107 spersonalizowan\u0105 aplikacj\u0119. <\/b><br> Wybierz odpowiedni interfejs i charakterystyk\u0119 wid\u017cetu i zapisz zmiany. <\/li>\n    <li><b>Odbierz sw\u00f3j unikalny kod pojawiaj\u0105cy si\u0119 w oknie aplikacji Elfsight. <\/b><br> Po zako\u0144czeniu konfiguracji wid\u017cetu Wyskakuj\u0105ce okienko skopiuj kod osobisty z wy\u015bwietlonego wyskakuj\u0105cego okienka i zapisz go do wykorzystania w przysz\u0142o\u015bci. <\/li>\n    <li><b>Rozpocznij korzystanie z wtyczki na stronie BigCommerce. <\/b><br> Zaimplementuj skopiowany ostatnio kod na swojej stronie internetowej i zapisz ulepszenia. <\/li>\n    <li><b>Gotowe! Integracja zosta\u0142a pomy\u015blnie przeprowadzona. <\/b><br> Przejd\u017a do swojej witryny, aby zobaczy\u0107 w akcji dzia\u0142anie narz\u0119dzia. <\/li>\n<\/ol>\n<p>Je\u015bli potrzebujesz pomocy lub masz pytania, skontaktuj si\u0119 z naszym dzia\u0142em pomocy. Przy ka\u017cdej pro\u015bbie wyci\u0105gniemy pomocn\u0105 d\u0142o\u0144.<\/p>\n<div class=\"faq\" data-component=\"FAQ\">\n    <div class=\"faq-item\">\r\n\t\t\t\t\t<div class=\"faq-item-question\">\r\n\t\t\t\t\t\t<h3 class=\"faq-item-question-text\">Jak doda\u0107 przycisk PayPal do mojej witryny BigCommerce bez umiej\u0119tno\u015bci kodowania?<\/h3>\r\n\r\n\t\t\t\t\t\t<div class=\"faq-item-question-icon\"><\/div>\r\n\t\t\t\t\t<\/div>\r\n\r\n\t\t\t\t\t<div class=\"faq-item-answer\">\r\n\t\t\t\t\t\t<div class=\"faq-item-answer-text\">\n    <p>Elfsight zapewnia rozwi\u0105zanie SaaS, kt\u00f3re pozwala samodzielnie utworzy\u0107 wid\u017cet przycisku PayPal. Zobacz, jak \u0142atwo proces jest nast\u0119puj\u0105cy: Pracuj bezpo\u015brednio w edytorze online, aby utworzy\u0107 wid\u017cet przycisku PayPal, kt\u00f3ry chcia\u0142by\u015b zobaczy\u0107 na swojej stronie BigCommerce. Wybierz jeden z gotowych szablon\u00f3w i dostosuj ustawienia przycisku PayPal, dodaj tre\u015b\u0107, zmie\u0144 uk\u0142ad i kolory bez umiej\u0119tno\u015bci kodowania. Zapisz przycisk PayPal i skopiuj jego kod instalacyjny, kt\u00f3ry mo\u017cesz \u0142atwo wklei\u0107 na swojej stronie BigCommerce bez konieczno\u015bci kupowania wersji p\u0142atnej. Dzi\u0119ki naszemu intuicyjnemu edytorowi ka\u017cdy u\u017cytkownik Internetu mo\u017ce utworzy\u0107 wid\u017cet przycisku PayPal online i \u0142atwo osadzi\u0107 go na swojej stronie BigCommerce. Aby uzyska\u0107 dost\u0119p do us\u0142ugi, nie trzeba p\u0142aci\u0107 ani wprowadza\u0107 danych uwierzytelniaj\u0105cych karty. Je\u015bli na kt\u00f3rymkolwiek etapie napotkasz jakiekolwiek problemy, skontaktuj si\u0119 z naszym zespo\u0142em pomocy technicznej.<\/p>\n    <\/div>\r\n\t\t\t\t\t<\/div>\r\n\t\t\t\t<\/div>\n<\/div>\n<\/div>","protected":false},"excerpt":{"rendered":"","protected":false},"author":9,"featured_media":0,"parent":1960,"menu_order":0,"comment_status":"closed","ping_status":"closed","template":"templates\/template-application-platform.php","meta":{"publish_to_discourse":"","publish_post_category":"","wpdc_auto_publish_overridden":"","wpdc_topic_tags":"","wpdc_pin_topic":"","wpdc_pin_until":"","discourse_post_id":"","discourse_permalink":"","wpdc_publishing_response":"","wpdc_publishing_error":"","footnotes":""},"class_list":["post-6046","page","type-page","status-publish","hentry"],"yoast_head":"<!-- This site is optimized with the Yoast SEO plugin v25.3.1 - https:\/\/yoast.com\/wordpress\/plugins\/seo\/ -->\n<title>Wyskakuj\u0105cy wid\u017cet | Dodaj aplikacj\u0119 Popup do witryny BigCommerce (bezp\u0142atnie i szybko)<\/title>\n<meta name=\"description\" content=\"Dzi\u0119ki Elfsight mo\u017cesz szybko kszta\u0142towa\u0107 swoj\u0105 aplikacj\u0119 Pop-up i wy\u015bwietla\u0107 j\u0105 w sklepie BigCommerce. Oferujemy bezp\u0142atn\u0105 obs\u0142ug\u0119 klienta i wi\u0119cej bonus\u00f3w.\" \/>\n<meta name=\"robots\" content=\"index, follow, max-snippet:-1, max-image-preview:large, max-video-preview:-1\" \/>\n<link rel=\"canonical\" href=\"https:\/\/elfsight.com\/pl\/popup-widget\/bigcommerce\/\" \/>\n<meta property=\"og:locale\" content=\"pl_PL\" \/>\n<meta property=\"og:type\" content=\"article\" \/>\n<meta property=\"og:title\" content=\"Wyskakuj\u0105cy wid\u017cet | Dodaj aplikacj\u0119 Popup do witryny BigCommerce (bezp\u0142atnie i szybko)\" \/>\n<meta property=\"og:description\" content=\"Dzi\u0119ki Elfsight mo\u017cesz szybko kszta\u0142towa\u0107 swoj\u0105 aplikacj\u0119 Pop-up i wy\u015bwietla\u0107 j\u0105 w sklepie BigCommerce. Oferujemy bezp\u0142atn\u0105 obs\u0142ug\u0119 klienta i wi\u0119cej bonus\u00f3w.\" \/>\n<meta property=\"og:url\" content=\"https:\/\/elfsight.com\/pl\/popup-widget\/bigcommerce\/\" \/>\n<meta property=\"og:site_name\" content=\"Elfsight PL\" \/>\n<meta property=\"article:modified_time\" content=\"2025-06-25T16:17:23+00:00\" \/>\n<meta name=\"twitter:card\" content=\"summary_large_image\" \/>\n<meta name=\"twitter:label1\" content=\"Szacowany czas czytania\" \/>\n\t<meta name=\"twitter:data1\" content=\"3 minuty\" \/>\n<!-- \/ Yoast SEO plugin. -->","yoast_head_json":{"title":"Wyskakuj\u0105cy wid\u017cet | Dodaj aplikacj\u0119 Popup do witryny BigCommerce (bezp\u0142atnie i szybko)","description":"Dzi\u0119ki Elfsight mo\u017cesz szybko kszta\u0142towa\u0107 swoj\u0105 aplikacj\u0119 Pop-up i wy\u015bwietla\u0107 j\u0105 w sklepie BigCommerce. Oferujemy bezp\u0142atn\u0105 obs\u0142ug\u0119 klienta i wi\u0119cej bonus\u00f3w.","robots":{"index":"index","follow":"follow","max-snippet":"max-snippet:-1","max-image-preview":"max-image-preview:large","max-video-preview":"max-video-preview:-1"},"canonical":"https:\/\/elfsight.com\/pl\/popup-widget\/bigcommerce\/","og_locale":"pl_PL","og_type":"article","og_title":"Wyskakuj\u0105cy wid\u017cet | Dodaj aplikacj\u0119 Popup do witryny BigCommerce (bezp\u0142atnie i szybko)","og_description":"Dzi\u0119ki Elfsight mo\u017cesz szybko kszta\u0142towa\u0107 swoj\u0105 aplikacj\u0119 Pop-up i wy\u015bwietla\u0107 j\u0105 w sklepie BigCommerce. Oferujemy bezp\u0142atn\u0105 obs\u0142ug\u0119 klienta i wi\u0119cej bonus\u00f3w.","og_url":"https:\/\/elfsight.com\/pl\/popup-widget\/bigcommerce\/","og_site_name":"Elfsight PL","article_modified_time":"2025-06-25T16:17:23+00:00","twitter_card":"summary_large_image","twitter_misc":{"Szacowany czas czytania":"3 minuty"},"schema":{"@context":"https:\/\/schema.org","@graph":[{"@type":"WebPage","@id":"https:\/\/elfsight.com\/pl\/popup-widget\/bigcommerce\/","url":"https:\/\/elfsight.com\/pl\/popup-widget\/bigcommerce\/","name":"Wyskakuj\u0105cy wid\u017cet | Dodaj aplikacj\u0119 Popup do witryny BigCommerce (bezp\u0142atnie i szybko)","isPartOf":{"@id":"https:\/\/elfsight.com\/pl\/#website"},"datePublished":"1970-01-01T00:00:00+00:00","dateModified":"2025-06-25T16:17:23+00:00","description":"Dzi\u0119ki Elfsight mo\u017cesz szybko kszta\u0142towa\u0107 swoj\u0105 aplikacj\u0119 Pop-up i wy\u015bwietla\u0107 j\u0105 w sklepie BigCommerce. Oferujemy bezp\u0142atn\u0105 obs\u0142ug\u0119 klienta i wi\u0119cej bonus\u00f3w.","breadcrumb":{"@id":"https:\/\/elfsight.com\/pl\/popup-widget\/bigcommerce\/#breadcrumb"},"inLanguage":"pl-PL","potentialAction":[{"@type":"ReadAction","target":["https:\/\/elfsight.com\/pl\/popup-widget\/bigcommerce\/"]}]},{"@type":"BreadcrumbList","@id":"https:\/\/elfsight.com\/pl\/popup-widget\/bigcommerce\/#breadcrumb","itemListElement":[{"@type":"ListItem","position":1,"name":"Home","item":"https:\/\/elfsight.com\/pl\/"},{"@type":"ListItem","position":2,"name":"Popup","item":"https:\/\/elfsight.com\/pl\/popup-widget\/"},{"@type":"ListItem","position":3,"name":"Popup &#8211; BigCommerce"}]},{"@type":"WebSite","@id":"https:\/\/elfsight.com\/pl\/#website","url":"https:\/\/elfsight.com\/pl\/","name":"Elfsight PL","description":"Just another Elfsight Sites site","potentialAction":[{"@type":"SearchAction","target":{"@type":"EntryPoint","urlTemplate":"https:\/\/elfsight.com\/pl\/?s={search_term_string}"},"query-input":{"@type":"PropertyValueSpecification","valueRequired":true,"valueName":"search_term_string"}}],"inLanguage":"pl-PL"}]}},"meta_box":{"industry":"","seo_heading":"","heading":"","description":"","cta_heading":"","cta_description":"","application":"1959","h1":"Aplikacja wyskakuj\u0105ca BigCommerce","h1_caption":"Wy\u015bwietlaj wyskakuj\u0105ce okienka, aby przyci\u0105gn\u0105\u0107 uwag\u0119 odwiedzaj\u0105cych, promowa\u0107 oferty lub zbiera\u0107 potencjalnych klient\u00f3w bez przerywania korzystania z witryny w witrynie BigCommerce.","application_category":[],"applications_title":"","applications_request_title":"","applications_request_button_text":"","hero_text":"","hero_video":"","hero_video_schema_markup":"","selling_points_title":"","selling_points_caption":"","selling_points":[],"selling_points_cta_text":"","features_title":"","features":"","ed_cta_examples_text":"","ed_cta_examples_hidden":"","ed_cta_demo_text":"","ed_cta_demo_hidden":"","why_caption":"","why_editor_title":"","why_editor_text":"","why_team_title":"","why_team_text":"","why_service_title":"","why_service_text":"","template_catalog_visible":"0","template_catalog_title":"","template_catalog_text":"","template_catalog_categories_visible":"","demo_title":"Utw\u00f3rz aplikacj\u0119 wyskakuj\u0105c\u0105","demo_caption":"Skonfiguruj sw\u00f3j Popup i dodaj go do swojej witryny BigCommerce za darmo!","default_faq_hidden":"","app_template_category":[],"platform":"41","template_public_id":"","codecanyon_url":"","codecanyon_item_id":"","codecanyon_price":"","pricing_caption":"","pricing_elfsight_apps_hide_column":"","pricing_elfsight_apps_url":"","pricing_codecanyon_price_caption":"","integration_category":[],"integration_request_title":"","integration_request_cta":"","integration_platform":"","integrations":[],"platform_category":[],"video_schema_markup":"","price":"od 0 USD \/ miesi\u0105c","trial":"","benefits":[{"text":"Bezp\u0142atna pomoc w monta\u017cu"},{"text":"Wsparcie premium"},{"text":"14-dniowa gwarancja zwrotu pieni\u0119dzy"}],"button_url":"#demo","button_target_blank":"0","button_nofollow":"0","attributes":[{"name":"Instaluje"},{"name":"Czu\u0142y"},{"name":"Kompatybilne przegl\u0105darki"}],"tags":[],"tags_disable_links":"0","hide_more_platforms":"0","video_object":"","demo_hide_cta":"0","demo_hide_cloud_options":"0","pricing_title":"","pricing":[{"pricing_icon":"platform","pricing_title":"Elfsight Apps","pricing_title_caption":"Oprogramowanie niezale\u017cne od platformy, kt\u00f3re dzia\u0142a na dowolnej witrynie","pricing_price":"od 0 USD \/ miesi\u0105c","pricing_price_caption":"zacznij od bezp\u0142atnego planu","pricing_benefits":[{"text":"Nielimitowane domeny"},{"text":"Ca\u0142odobowa obs\u0142uga klienta, dobrze udokumentowana"},{"text":"Bezp\u0142atne wsparcie instalacyjne"},{"text":"100% konfigurowalny"}],"pricing_button_text":"Dodaj do witryny","pricing_button_url":"#demo"}],"related_apps_title":"","related_apps_hidden":"0","author":"","image":[],"title":"","job":"","social_networks":[]},"_links":{"self":[{"href":"https:\/\/elfsight.com\/pl\/wp-json\/wp\/v2\/pages\/6046","targetHints":{"allow":["GET"]}}],"collection":[{"href":"https:\/\/elfsight.com\/pl\/wp-json\/wp\/v2\/pages"}],"about":[{"href":"https:\/\/elfsight.com\/pl\/wp-json\/wp\/v2\/types\/page"}],"author":[{"embeddable":true,"href":"https:\/\/elfsight.com\/pl\/wp-json\/wp\/v2\/users\/9"}],"replies":[{"embeddable":true,"href":"https:\/\/elfsight.com\/pl\/wp-json\/wp\/v2\/comments?post=6046"}],"version-history":[{"count":3,"href":"https:\/\/elfsight.com\/pl\/wp-json\/wp\/v2\/pages\/6046\/revisions"}],"predecessor-version":[{"id":10519,"href":"https:\/\/elfsight.com\/pl\/wp-json\/wp\/v2\/pages\/6046\/revisions\/10519"}],"up":[{"embeddable":true,"href":"https:\/\/elfsight.com\/pl\/wp-json\/wp\/v2\/pages\/1960"}],"wp:attachment":[{"href":"https:\/\/elfsight.com\/pl\/wp-json\/wp\/v2\/media?parent=6046"}],"curies":[{"name":"wp","href":"https:\/\/api.w.org\/{rel}","templated":true}]}}