{"id":6045,"date":"1970-01-01T00:00:00","date_gmt":"1970-01-01T00:00:00","guid":{"rendered":"https:\/\/elfsight.com\/pl\/?page_id=6045"},"modified":"2024-11-14T09:31:15","modified_gmt":"2024-11-14T09:31:15","slug":"blogger","status":"publish","type":"page","link":"https:\/\/elfsight.com\/pl\/popup-widget\/blogger\/","title":{"rendered":"Popup &#8211; Blogger"},"content":{"rendered":"<div class=\"application-platform-content-item-description application-platform-content-item\" id=\"description\" data-nav-section=\"description\"> <h2>Opis<\/h2> <p>Korzystaj\u0105c z narz\u0119dzia Elfsight Pop-up, ka\u017cdy ma szans\u0119 zbudowa\u0107 i przedstawi\u0107 swoje spersonalizowane wyskakuj\u0105ce okienka wszelkiego rodzaju na Twojej stronie. Skonfiguruj wyskakuj\u0105ce okienko, dodaj\u0105c r\u00f3\u017cne zawarte w nim komponenty. Zmieniaj uk\u0142ad i kompozycj\u0119; przypisz wyzwalacze wyskakuj\u0105cych okienek i okre\u015bl czas, aby zmaksymalizowa\u0107 skuteczno\u015b\u0107 wyskakuj\u0105cych okienek. Wyskakuj\u0105ce okienka pozwol\u0105 u\u017cytkownikom utworzy\u0107 subskrypcj\u0119 Bloggera, przegl\u0105da\u0107 Twoje towary i us\u0142ugi, kopiowa\u0107 kupony, bra\u0107 udzia\u0142 w wyprzeda\u017cach i ofertach specjalnych, otrzymywa\u0107 powiadomienia o wa\u017cnych okazjach w Twojej witrynie i wiele wi\u0119cej. <\/p> <p><b>Wyskakuj\u0105ce okienka umo\u017cliwi\u0105 Ci szybsz\u0105 sprzeda\u017c, promowanie zaplanowanych wydarze\u0144, zdobywanie wy\u015bwietle\u0144 i potencjalnych klient\u00f3w oraz wiele wi\u0119cej.<\/b><\/p> <\/div><div class=\"application-platform-content-item- funkcje application-platform-content-item\" id=\" funkcje\" data-nav-section=\" funkcje\"> <h2>G\u0142\u00f3wne cechy wid\u017cetu Popup<\/h2> <p>Oto lista wszystkich funkcji naszego wid\u017cetu. S\u0105 one dost\u0119pne bezpo\u015brednio w edytorze i pomog\u0105 Ci stworzy\u0107 wid\u017cet dopasowany do Twojego przypadku u\u017cycia.<\/p> <ul><li>12 r\u00f3\u017cnych element\u00f3w do zbudowania wyskakuj\u0105cego okienka<\/li> <li>Pi\u0119\u0107 gotowych uk\u0142ad\u00f3w wyskakuj\u0105cych okienek w r\u00f3\u017cnych przypadkach<\/li> <li>Dodaj przyciski przekierowuj\u0105ce u\u017cytkownik\u00f3w na dowoln\u0105 stron\u0119<\/li> <li>Prze\u015blij obraz t\u0142a<\/li> <li>Wyskakuj\u0105ce okienko mo\u017ce pojawi\u0107 si\u0119 po up\u0142ywie okre\u015blonego czasu sp\u0119dzonego przez u\u017cytkownika lub procentu przewijania na stronie Bloggera<\/li> <li>Wywo\u0142ywanie wyskakuj\u0105cego okienka poprzez klikni\u0119cie wybranego elementu lub przewini\u0119cie do niego<\/li> <\/ul> <p><a href=\"#demo\">Mo\u017cesz przetestowa\u0107 wszystkie wid\u017cety cechy funkcjonalne bezpo\u015brednio w wersji demonstracyjnej<\/a><\/p> <\/div><div class=\"application-platform-content-item-installation application-platform-content-item\" id=\"installation\" data-nav-section=\"installation\"><h2>Jak doda\u0107 wid\u017cet wyskakuj\u0105cy do witryny Bloggera?<\/h2> <div class=\"video -container\"><iframe width=\"720\" height=\"405\" src=\"https:\/\/www.youtube.com\/embed\/0_KjGHzXocI\" frameborder=\"0\" allowfullscreen=\"\"><\/iframe><\/div><p>Aby wprowadzi\u0107 wid\u017cet, post\u0119puj zgodnie z poni\u017cszymi wskaz\u00f3wkami:<\/p> <ol><li><b>Wygeneruj spersonalizowan\u0105 wtyczk\u0119 wyskakuj\u0105cego okienka<\/b><br> W naszym bezp\u0142atnym konfiguratorze ukszta\u0142tuj wtyczk\u0119 Bloggera za pomoc\u0105 preferowany sk\u0142ad i funkcje.<\/li><li><b>Odbierz osobisty kod do osadzenia wtyczki<\/b><br> Po wygenerowaniu wid\u017cetu otrzymasz indywidualny kod z wyskakuj\u0105cego powiadomienia w Elfsight Aplikacje. Skopiuj kod wyskakuj\u0105cego okienka, aby Blogger m\u00f3g\u0142 z niego dalej korzysta\u0107. <\/li> <li><b>Dodaj wtyczk\u0119 na swojej stronie Bloggera<\/b><br> Wybierz obszar, w kt\u00f3rym chcesz wy\u015bwietli\u0107 wtyczk\u0119 i dodaj tam zapisany kod. Zapisz wyniki. <\/li> <li><b>Gratulacje! W\u0142a\u015bnie umie\u015bci\u0142e\u015b wid\u017cet!<\/b><br> Przejd\u017a do swojej witryny Bloggera, aby sprawdzi\u0107 wyskakuj\u0105ce okienko.<\/li> <\/ol><p>Nie wahaj si\u0119 skontaktowa\u0107 z naszym zespo\u0142em obs\u0142ugi klienta, je\u015bli potrzebujesz pomocy lub masz problemy z instalacj\u0105 wid\u017cetu w Bloggerze. Ch\u0119tnie pomo\u017cemy w ka\u017cdej sprawie.<\/p> <div class=\"faq\" data-component=\"FAQ\"> <div class=\"faq-item\">\r\n\t\t\t\t\t<div class=\"faq-item-question\">\r\n\t\t\t\t\t\t<h3 class=\"faq-item-question-text\">Jak doda\u0107 przycisk PayPal do mojej witryny Bloggera bez umiej\u0119tno\u015bci kodowania?<\/h3>\r\n\r\n\t\t\t\t\t\t<div class=\"faq-item-question-icon\"><\/div>\r\n\t\t\t\t\t<\/div>\r\n\r\n\t\t\t\t\t<div class=\"faq-item-answer\">\r\n\t\t\t\t\t\t<div class=\"faq-item-answer-text\"> <p>Elfsight zapewnia rozwi\u0105zanie SaaS, kt\u00f3re pozwala tworzy\u0107 samodzielnie utworzy\u0107 wid\u017cet przycisku PayPal, przekonaj si\u0119, jakie to proste: Pracuj bezpo\u015brednio w edytorze online, aby utworzy\u0107 wid\u017cet przycisku PayPal, kt\u00f3ry chcesz widzie\u0107 w swojej witrynie Bloggera. Wybierz jeden z gotowych szablon\u00f3w i dostosuj ustawienia przycisku PayPal, dodaj tre\u015b\u0107, zmie\u0144 uk\u0142ad i kolory bez umiej\u0119tno\u015bci kodowania. Zapisz przycisk PayPal i skopiuj jego kod instalacyjny, kt\u00f3ry mo\u017cesz po prostu doda\u0107 na swojej stronie Bloggera, bez konieczno\u015bci kupowania wersji p\u0142atnej. Dzi\u0119ki naszemu intuicyjnemu edytorowi ka\u017cdy u\u017cytkownik Internetu mo\u017ce utworzy\u0107 wid\u017cet przycisku PayPal online i \u0142atwo osadzi\u0107 go na swojej witrynie Bloggera. Aby uzyska\u0107 dost\u0119p do us\u0142ugi, nie trzeba p\u0142aci\u0107 ani wprowadza\u0107 danych uwierzytelniaj\u0105cych karty. Je\u015bli na kt\u00f3rymkolwiek etapie napotkasz jakiekolwiek problemy, skontaktuj si\u0119 z naszym zespo\u0142em pomocy technicznej.<\/p> <\/div>\r\n\t\t\t\t\t<\/div>\r\n\t\t\t\t<\/div> <\/div> <\/div>","protected":false},"excerpt":{"rendered":"","protected":false},"author":9,"featured_media":0,"parent":1960,"menu_order":0,"comment_status":"closed","ping_status":"closed","template":"templates\/template-application-platform.php","meta":{"publish_to_discourse":"","publish_post_category":"","wpdc_auto_publish_overridden":"","wpdc_topic_tags":"","wpdc_pin_topic":"","wpdc_pin_until":"","discourse_post_id":"","discourse_permalink":"","wpdc_publishing_response":"","wpdc_publishing_error":"","footnotes":""},"class_list":["post-6045","page","type-page","status-publish","hentry"],"yoast_head":"<!-- This site is optimized with the Yoast SEO plugin v25.3.1 - https:\/\/yoast.com\/wordpress\/plugins\/seo\/ -->\n<title>Dodaj wid\u017cet wyskakuj\u0105cy do witryny Bloggera<\/title>\n<meta name=\"description\" content=\"Utw\u00f3rz wyskakuj\u0105ce okienko na Bloggerze bez kodowania!\" \/>\n<meta name=\"robots\" content=\"index, follow, max-snippet:-1, max-image-preview:large, max-video-preview:-1\" \/>\n<link rel=\"canonical\" href=\"https:\/\/elfsight.com\/pl\/popup-widget\/blogger\/\" \/>\n<meta property=\"og:locale\" content=\"pl_PL\" \/>\n<meta property=\"og:type\" content=\"article\" \/>\n<meta property=\"og:title\" content=\"Dodaj wid\u017cet wyskakuj\u0105cy do witryny Bloggera\" \/>\n<meta property=\"og:description\" content=\"Utw\u00f3rz wyskakuj\u0105ce okienko na Bloggerze bez kodowania!\" \/>\n<meta property=\"og:url\" content=\"https:\/\/elfsight.com\/pl\/popup-widget\/blogger\/\" \/>\n<meta property=\"og:site_name\" content=\"Elfsight PL\" \/>\n<meta property=\"article:modified_time\" content=\"2024-11-14T09:31:15+00:00\" \/>\n<meta name=\"twitter:card\" content=\"summary_large_image\" \/>\n<meta name=\"twitter:label1\" content=\"Szacowany czas czytania\" \/>\n\t<meta name=\"twitter:data1\" content=\"3 minuty\" \/>\n<!-- \/ Yoast SEO plugin. -->","yoast_head_json":{"title":"Dodaj wid\u017cet wyskakuj\u0105cy do witryny Bloggera","description":"Utw\u00f3rz wyskakuj\u0105ce okienko na Bloggerze bez kodowania!","robots":{"index":"index","follow":"follow","max-snippet":"max-snippet:-1","max-image-preview":"max-image-preview:large","max-video-preview":"max-video-preview:-1"},"canonical":"https:\/\/elfsight.com\/pl\/popup-widget\/blogger\/","og_locale":"pl_PL","og_type":"article","og_title":"Dodaj wid\u017cet wyskakuj\u0105cy do witryny Bloggera","og_description":"Utw\u00f3rz wyskakuj\u0105ce okienko na Bloggerze bez kodowania!","og_url":"https:\/\/elfsight.com\/pl\/popup-widget\/blogger\/","og_site_name":"Elfsight PL","article_modified_time":"2024-11-14T09:31:15+00:00","twitter_card":"summary_large_image","twitter_misc":{"Szacowany czas czytania":"3 minuty"},"schema":{"@context":"https:\/\/schema.org","@graph":[{"@type":"WebPage","@id":"https:\/\/elfsight.com\/pl\/popup-widget\/blogger\/","url":"https:\/\/elfsight.com\/pl\/popup-widget\/blogger\/","name":"Dodaj wid\u017cet wyskakuj\u0105cy do witryny Bloggera","isPartOf":{"@id":"https:\/\/elfsight.com\/pl\/#website"},"datePublished":"1970-01-01T00:00:00+00:00","dateModified":"2024-11-14T09:31:15+00:00","description":"Utw\u00f3rz wyskakuj\u0105ce okienko na Bloggerze bez kodowania!","breadcrumb":{"@id":"https:\/\/elfsight.com\/pl\/popup-widget\/blogger\/#breadcrumb"},"inLanguage":"pl-PL","potentialAction":[{"@type":"ReadAction","target":["https:\/\/elfsight.com\/pl\/popup-widget\/blogger\/"]}]},{"@type":"BreadcrumbList","@id":"https:\/\/elfsight.com\/pl\/popup-widget\/blogger\/#breadcrumb","itemListElement":[{"@type":"ListItem","position":1,"name":"Home","item":"https:\/\/elfsight.com\/pl\/"},{"@type":"ListItem","position":2,"name":"Popup","item":"https:\/\/elfsight.com\/pl\/popup-widget\/"},{"@type":"ListItem","position":3,"name":"Popup &#8211; Blogger"}]},{"@type":"WebSite","@id":"https:\/\/elfsight.com\/pl\/#website","url":"https:\/\/elfsight.com\/pl\/","name":"Elfsight PL","description":"Just another Elfsight Sites site","potentialAction":[{"@type":"SearchAction","target":{"@type":"EntryPoint","urlTemplate":"https:\/\/elfsight.com\/pl\/?s={search_term_string}"},"query-input":{"@type":"PropertyValueSpecification","valueRequired":true,"valueName":"search_term_string"}}],"inLanguage":"pl-PL"}]}},"meta_box":{"industry":"","seo_heading":"","heading":"","description":"","cta_heading":"","cta_description":"","application":"1959","h1":"Wyskakuj\u0105cy wid\u017cet Bloggera","h1_caption":"Wy\u015bwietlaj wyskakuj\u0105ce okienka, aby przyci\u0105gn\u0105\u0107 uwag\u0119 odwiedzaj\u0105cych, promowa\u0107 oferty lub zbiera\u0107 potencjalnych klient\u00f3w bez przerywania korzystania z witryny i przej\u015bcia do witryny Bloggera.","application_category":[],"applications_title":"","applications_request_title":"","applications_request_button_text":"","hero_text":"","hero_video":"","hero_video_schema_markup":"","selling_points_title":"","selling_points_caption":"","selling_points":[],"selling_points_cta_text":"","features_title":"","features":"","ed_cta_examples_text":"","ed_cta_examples_hidden":"","ed_cta_demo_text":"","ed_cta_demo_hidden":"","why_caption":"","why_editor_title":"","why_editor_text":"","why_team_title":"","why_team_text":"","why_service_title":"","why_service_text":"","template_catalog_visible":"","template_catalog_title":"","template_catalog_text":"","template_catalog_categories_visible":"","demo_title":"Utw\u00f3rz wid\u017cet wyskakuj\u0105cy","demo_caption":"Skonfiguruj swoje wyskakuj\u0105ce okienko i dodaj je do swojej witryny Bloggera za darmo!","default_faq_hidden":"","app_template_category":[],"platform":"44","template_public_id":"","codecanyon_url":"","codecanyon_item_id":"","codecanyon_price":"","pricing_caption":"","pricing_elfsight_apps_hide_column":"","pricing_elfsight_apps_url":"","pricing_codecanyon_price_caption":"","integration_category":[],"integration_request_title":"","integration_request_cta":"","integration_platform":"","integrations":[],"platform_category":[],"video_schema_markup":"","price":"od 0 USD \/ miesi\u0105c","trial":"","benefits":[{"text":"Bezp\u0142atna us\u0142uga monta\u017cu"},{"text":"Kompetentna obs\u0142uga klienta"},{"text":"14-dniowa gwarancja zwrotu pieni\u0119dzy"}],"button_url":"#demo","button_target_blank":"","button_nofollow":"","attributes":[{"name":"Instaluje"},{"name":"Czu\u0142y"},{"name":"Kompatybilne przegl\u0105darki"}],"tags":[],"tags_disable_links":"","hide_more_platforms":"","video_object":"","demo_hide_cta":"","demo_hide_cloud_options":"","pricing_title":"","pricing":[{"pricing_icon":"platform","pricing_title":"Elfsight Apps","pricing_title_caption":"Wieloplatformowe rozwi\u0105zanie cyfrowe, kt\u00f3re pasuje do ka\u017cdej witryny internetowej","pricing_price":"od 0 USD \/ miesi\u0105c","pricing_price_caption":"zacznij od bezp\u0142atnego planu","pricing_benefits":[{"text":"Nielimitowane strony internetowe"},{"text":"Wsparcie 24\/7"},{"text":"Bezp\u0142atna pomoc w monta\u017cu"},{"text":"Elastyczny projekt"}],"pricing_button_text":"Dodaj do witryny","pricing_button_url":"#demo"}],"related_apps_title":"","related_apps_hidden":"","author":"","image":[],"title":"","job":"","social_networks":[]},"_links":{"self":[{"href":"https:\/\/elfsight.com\/pl\/wp-json\/wp\/v2\/pages\/6045","targetHints":{"allow":["GET"]}}],"collection":[{"href":"https:\/\/elfsight.com\/pl\/wp-json\/wp\/v2\/pages"}],"about":[{"href":"https:\/\/elfsight.com\/pl\/wp-json\/wp\/v2\/types\/page"}],"author":[{"embeddable":true,"href":"https:\/\/elfsight.com\/pl\/wp-json\/wp\/v2\/users\/9"}],"replies":[{"embeddable":true,"href":"https:\/\/elfsight.com\/pl\/wp-json\/wp\/v2\/comments?post=6045"}],"version-history":[{"count":2,"href":"https:\/\/elfsight.com\/pl\/wp-json\/wp\/v2\/pages\/6045\/revisions"}],"predecessor-version":[{"id":7947,"href":"https:\/\/elfsight.com\/pl\/wp-json\/wp\/v2\/pages\/6045\/revisions\/7947"}],"up":[{"embeddable":true,"href":"https:\/\/elfsight.com\/pl\/wp-json\/wp\/v2\/pages\/1960"}],"wp:attachment":[{"href":"https:\/\/elfsight.com\/pl\/wp-json\/wp\/v2\/media?parent=6045"}],"curies":[{"name":"wp","href":"https:\/\/api.w.org\/{rel}","templated":true}]}}