{"id":6040,"date":"1970-01-01T00:00:00","date_gmt":"1970-01-01T00:00:00","guid":{"rendered":"https:\/\/elfsight.com\/pl\/?page_id=6040"},"modified":"2024-11-14T09:31:15","modified_gmt":"2024-11-14T09:31:15","slug":"drupal","status":"publish","type":"page","link":"https:\/\/elfsight.com\/pl\/popup-widget\/drupal\/","title":{"rendered":"Popup &#8211; Drupal"},"content":{"rendered":"<div class=\"application-platform-content-item-description application-platform-content-item\" id=\"description\" data-nav-section=\"description\"> <h2>Opis<\/h2> <p>Wykorzystuj\u0105c modu\u0142 Elfsight Popup, masz szans\u0119 tworzy\u0107 w\u0142asne spersonalizowane wyskakuj\u0105ce okienka r\u00f3\u017cnego typu i wy\u015bwietla\u0107 je na stronie. Zbuduj autentyczne wyskakuj\u0105ce okienko z r\u00f3\u017cnych typ\u00f3w blok\u00f3w. Dostosuj projekt i rozmieszczenie; wybierz wyzwalacz otwieraj\u0105cy i okre\u015bl cz\u0119stotliwo\u015b\u0107, aby zwi\u0119kszy\u0107 skuteczno\u015b\u0107 wyskakuj\u0105cego okienka. R\u00f3\u017cnego rodzaju wyskakuj\u0105ce okienka pozwalaj\u0105 u\u017cytkownikom subskrybowa\u0107 e-maile, poznawa\u0107 Twoje produkty lub us\u0142ugi, korzysta\u0107 z kupon\u00f3w rabatowych, korzysta\u0107 z wyprzeda\u017cy i ofert specjalnych, otrzymywa\u0107 informacje o przysz\u0142ych wydarzeniach w Twojej witrynie i jeszcze wi\u0119cej.<\/p><p><b>Wyskakuj\u0105ce okienka pozwol\u0105 Ci sprzedawa\u0107 wi\u0119cej, og\u0142asza\u0107 nadchodz\u0105ce dzia\u0142ania, otrzymywa\u0107 opinie i subskrypcje i wiele wi\u0119cej.<\/b><\/p> <\/div><div class=\"application-platform-content-item-features application-platform-content-item\" id=\"features\" data-nav-section=\"features\"> <h2>G\u0142\u00f3wne funkcje wyskakuj\u0105cego okienka modu\u0142<\/h2> <p>Tutaj mo\u017cesz zobaczy\u0107 wszystkie cechy funkcjonalne wid\u017cetu. Mo\u017cesz je dostosowa\u0107 bezpo\u015brednio w edytorze, co pomo\u017ce Ci ukszta\u0142towa\u0107 wid\u017cet najbardziej odpowiedni dla Twojej witryny Drupal.<\/p> <ul><li>Dwana\u015bcie element\u00f3w w zestawie do zbudowania wyskakuj\u0105cego okienka;<\/li> <li>5 w zestawie uk\u0142ady wyskakuj\u0105cych okienek dla r\u00f3\u017cnych przypadk\u00f3w;<\/li> <li>Dodaj przyciski do przekierowania na dowolny adres;<\/li> <li>Przesy\u0142anie obrazu t\u0142a wyskakuj\u0105cego okienka;<\/li> <li>Wyskakuj\u0105ce okienko mo\u017cna aktywowa\u0107 po dok\u0142adny czas sp\u0119dzony na stronie internetowej lub procent przewijania; <\/li> <li>Wywo\u0142ywanie wyskakuj\u0105cych okienek poprzez klikni\u0119cie okre\u015blonego elementu strony lub przewini\u0119cie do niego. <\/li> <li>Mo\u017cesz doda\u0107 wyskakuj\u0105ce okienko z formularzem internetowym do Drupala w kilka sekund.<\/li><\/ul> <p><a href=\"#demo\">Sprawd\u017a wszystkie funkcje wyskakuj\u0105cego komunikatu w naszym demo<\/a><\/p> <\/div><div class=\"application-platform-content-item-installation application-platform-content-item\" id=\"installation\" data-nav-section=\"installation\"><h2>Jak doda\u0107 modu\u0142 Popup do mojej witryny Drupal?<\/h2><div class=\"video-container\"><iframe width=\"720\" height=\"405\" src=\"https:\/\/www.youtube.com\/embed\/Itm9A8V1q3s\" frameborder=\"0\" allowfullscreen=\"\"><\/iframe><\/div><p>Po prostu we\u017a wykonaj poni\u017csze kroki, aby osadzi\u0107 modu\u0142 formularza internetowego na Drupalu.<\/p> <ol><li><b>Skorzystaj z naszego bezp\u0142atnego konfiguratora i zacznij kszta\u0142towa\u0107 sw\u00f3j spersonalizowany widget. <\/b><br> Okre\u015bl odpowiedni\u0105 form\u0119 i cechy wyskakuj\u0105cego okienka formularza internetowego i zastosuj modyfikacje. <\/li> <li><b>Skopiuj sw\u00f3j unikalny kod wiadomo\u015bci wyskakuj\u0105cej w aplikacjach Elfsight. <\/b><br> Po zako\u0144czeniu tworzenia osobistego wid\u017cetu Popup skopiuj kod osobisty z wy\u015bwietlonego pola i zachowaj. B\u0119dziesz potrzebowa\u0107 kodu wiadomo\u015bci Drupal Popup do dalszego wykorzystania. <\/li> <li><b>Rozpocznij korzystanie z narz\u0119dzia na swojej stronie Drupal. <\/b><br> Wstaw skopiowany wcze\u015bniej kod na swoj\u0105 stron\u0119 i zastosuj ulepszenia. <\/li> <li><b>Gotowe! Konfiguracja wiadomo\u015bci wyskakuj\u0105cej na Drupal zosta\u0142a zako\u0144czona. <\/b><br> Przejd\u017a do swojej witryny, aby sprawdzi\u0107 dzia\u0142anie narz\u0119dzia formularza internetowego. <\/li><\/ol><p>Po\u015bwi\u0119\u0107 chwil\u0119, aby skontaktowa\u0107 si\u0119 z obs\u0142ug\u0105 klienta, je\u015bli potrzebujesz porady lub masz pytania. Nasi specjali\u015bci s\u0142u\u017c\u0105 pomoc\u0105 przy ka\u017cdym zapytaniu. <\/p> <div class=\"faq\" data-component=\"FAQ\"> <div class=\"faq-item\">\r\n\t\t\t\t\t<div class=\"faq-item-question\">\r\n\t\t\t\t\t\t<h3 class=\"faq-item-question-text\">Jak mog\u0119 doda\u0107 przycisk PayPal do mojej witryny Drupal bez umiej\u0119tno\u015bci kodowania?<\/h3>\r\n\r\n\t\t\t\t\t\t<div class=\"faq-item-question-icon\"><\/div>\r\n\t\t\t\t\t<\/div>\r\n\r\n\t\t\t\t\t<div class=\"faq-item-answer\">\r\n\t\t\t\t\t\t<div class=\"faq-item-answer-text\"> <p>Elfsight zapewnia rozwi\u0105zanie SaaS, kt\u00f3re pozwala samodzielnie utworzy\u0107 wid\u017cet przycisku PayPal, zobacz, jakie to proste proces jest nast\u0119puj\u0105cy: Pracuj bezpo\u015brednio w edytorze online, aby utworzy\u0107 wid\u017cet przycisku PayPal, kt\u00f3ry chcia\u0142by\u015b zobaczy\u0107 na swojej stronie Drupal. Wybierz jeden z gotowych szablon\u00f3w i dostosuj ustawienia przycisku PayPal, dodaj tre\u015b\u0107, zmie\u0144 uk\u0142ad i kolory bez umiej\u0119tno\u015bci kodowania. Zapisz przycisk PayPal i skopiuj jego kod instalacyjny, kt\u00f3ry mo\u017cesz po prostu osadzi\u0107 na swojej stronie Drupal, bez konieczno\u015bci kupowania p\u0142atnej subskrypcji. Dzi\u0119ki naszemu intuicyjnemu Edytorowi ka\u017cdy u\u017cytkownik Internetu mo\u017ce stworzy\u0107 wid\u017cet przycisku PayPal online i \u0142atwo osadzi\u0107 go na swojej stronie Drupal. Aby uzyska\u0107 dost\u0119p do us\u0142ugi, nie trzeba p\u0142aci\u0107 ani wprowadza\u0107 danych uwierzytelniaj\u0105cych karty. Je\u015bli na kt\u00f3rymkolwiek etapie napotkasz jakiekolwiek problemy, skontaktuj si\u0119 z naszym zespo\u0142em pomocy technicznej.<\/p> <\/div>\r\n\t\t\t\t\t<\/div>\r\n\t\t\t\t<\/div> <\/div> <\/div>","protected":false},"excerpt":{"rendered":"","protected":false},"author":9,"featured_media":0,"parent":1960,"menu_order":0,"comment_status":"closed","ping_status":"closed","template":"templates\/template-application-platform.php","meta":{"publish_to_discourse":"","publish_post_category":"","wpdc_auto_publish_overridden":"","wpdc_topic_tags":"","wpdc_pin_topic":"","wpdc_pin_until":"","discourse_post_id":"","discourse_permalink":"","wpdc_publishing_response":"","wpdc_publishing_error":"","footnotes":""},"class_list":["post-6040","page","type-page","status-publish","hentry"],"yoast_head":"<!-- This site is optimized with the Yoast SEO plugin v25.3.1 - https:\/\/yoast.com\/wordpress\/plugins\/seo\/ -->\n<title>Dodaj modu\u0142 Popup do witryny Drupal<\/title>\n<meta name=\"description\" content=\"Utw\u00f3rz Popup na Drupalu bez kodowania!\" \/>\n<meta name=\"robots\" content=\"index, follow, max-snippet:-1, max-image-preview:large, max-video-preview:-1\" \/>\n<link rel=\"canonical\" href=\"https:\/\/elfsight.com\/pl\/popup-widget\/drupal\/\" \/>\n<meta property=\"og:locale\" content=\"pl_PL\" \/>\n<meta property=\"og:type\" content=\"article\" \/>\n<meta property=\"og:title\" content=\"Dodaj modu\u0142 Popup do witryny Drupal\" \/>\n<meta property=\"og:description\" content=\"Utw\u00f3rz Popup na Drupalu bez kodowania!\" \/>\n<meta property=\"og:url\" content=\"https:\/\/elfsight.com\/pl\/popup-widget\/drupal\/\" \/>\n<meta property=\"og:site_name\" content=\"Elfsight PL\" \/>\n<meta property=\"article:modified_time\" content=\"2024-11-14T09:31:15+00:00\" \/>\n<meta name=\"twitter:card\" content=\"summary_large_image\" \/>\n<meta name=\"twitter:label1\" content=\"Szacowany czas czytania\" \/>\n\t<meta name=\"twitter:data1\" content=\"3 minuty\" \/>\n<!-- \/ Yoast SEO plugin. -->","yoast_head_json":{"title":"Dodaj modu\u0142 Popup do witryny Drupal","description":"Utw\u00f3rz Popup na Drupalu bez kodowania!","robots":{"index":"index","follow":"follow","max-snippet":"max-snippet:-1","max-image-preview":"max-image-preview:large","max-video-preview":"max-video-preview:-1"},"canonical":"https:\/\/elfsight.com\/pl\/popup-widget\/drupal\/","og_locale":"pl_PL","og_type":"article","og_title":"Dodaj modu\u0142 Popup do witryny Drupal","og_description":"Utw\u00f3rz Popup na Drupalu bez kodowania!","og_url":"https:\/\/elfsight.com\/pl\/popup-widget\/drupal\/","og_site_name":"Elfsight PL","article_modified_time":"2024-11-14T09:31:15+00:00","twitter_card":"summary_large_image","twitter_misc":{"Szacowany czas czytania":"3 minuty"},"schema":{"@context":"https:\/\/schema.org","@graph":[{"@type":"WebPage","@id":"https:\/\/elfsight.com\/pl\/popup-widget\/drupal\/","url":"https:\/\/elfsight.com\/pl\/popup-widget\/drupal\/","name":"Dodaj modu\u0142 Popup do witryny Drupal","isPartOf":{"@id":"https:\/\/elfsight.com\/pl\/#website"},"datePublished":"1970-01-01T00:00:00+00:00","dateModified":"2024-11-14T09:31:15+00:00","description":"Utw\u00f3rz Popup na Drupalu bez kodowania!","breadcrumb":{"@id":"https:\/\/elfsight.com\/pl\/popup-widget\/drupal\/#breadcrumb"},"inLanguage":"pl-PL","potentialAction":[{"@type":"ReadAction","target":["https:\/\/elfsight.com\/pl\/popup-widget\/drupal\/"]}]},{"@type":"BreadcrumbList","@id":"https:\/\/elfsight.com\/pl\/popup-widget\/drupal\/#breadcrumb","itemListElement":[{"@type":"ListItem","position":1,"name":"Home","item":"https:\/\/elfsight.com\/pl\/"},{"@type":"ListItem","position":2,"name":"Popup","item":"https:\/\/elfsight.com\/pl\/popup-widget\/"},{"@type":"ListItem","position":3,"name":"Popup &#8211; Drupal"}]},{"@type":"WebSite","@id":"https:\/\/elfsight.com\/pl\/#website","url":"https:\/\/elfsight.com\/pl\/","name":"Elfsight PL","description":"Just another Elfsight Sites site","potentialAction":[{"@type":"SearchAction","target":{"@type":"EntryPoint","urlTemplate":"https:\/\/elfsight.com\/pl\/?s={search_term_string}"},"query-input":{"@type":"PropertyValueSpecification","valueRequired":true,"valueName":"search_term_string"}}],"inLanguage":"pl-PL"}]}},"meta_box":{"industry":"","seo_heading":"","heading":"","description":"","cta_heading":"","cta_description":"","application":"1959","h1":"Modu\u0142 wyskakuj\u0105cy Drupala","h1_caption":"Wy\u015bwietlaj wyskakuj\u0105ce okienka, aby przyci\u0105gn\u0105\u0107 uwag\u0119 odwiedzaj\u0105cych, promowa\u0107 oferty lub zbiera\u0107 potencjalnych klient\u00f3w bez konieczno\u015bci przerywania korzystania z witryny na stronie Drupal.","application_category":[],"applications_title":"","applications_request_title":"","applications_request_button_text":"","hero_text":"","hero_video":"","hero_video_schema_markup":"","selling_points_title":"","selling_points_caption":"","selling_points":[],"selling_points_cta_text":"","features_title":"","features":"","ed_cta_examples_text":"","ed_cta_examples_hidden":"","ed_cta_demo_text":"","ed_cta_demo_hidden":"","why_caption":"","why_editor_title":"","why_editor_text":"","why_team_title":"","why_team_text":"","why_service_title":"","why_service_text":"","template_catalog_visible":"","template_catalog_title":"","template_catalog_text":"","template_catalog_categories_visible":"","demo_title":"Utw\u00f3rz modu\u0142 Popup","demo_caption":"Skonfiguruj sw\u00f3j Popup i dodaj go do swojej witryny Drupal za darmo!","default_faq_hidden":"","app_template_category":[],"platform":"47","template_public_id":"","codecanyon_url":"","codecanyon_item_id":"","codecanyon_price":"","pricing_caption":"","pricing_elfsight_apps_hide_column":"","pricing_elfsight_apps_url":"","pricing_codecanyon_price_caption":"","integration_category":[],"integration_request_title":"","integration_request_cta":"","integration_platform":"","integrations":[],"platform_category":[],"video_schema_markup":"","price":"od 0 USD \/ miesi\u0105c","trial":"","benefits":[{"text":"Bezp\u0142atna pomoc w instalacji"},{"text":"Kompetentna obs\u0142uga klienta"},{"text":"14-dniowa gwarancja zwrotu pieni\u0119dzy"}],"button_url":"#demo","button_target_blank":"","button_nofollow":"","attributes":[{"name":"Instaluje"},{"name":"Czu\u0142y"},{"name":"Kompatybilne przegl\u0105darki"}],"tags":[],"tags_disable_links":"","hide_more_platforms":"","video_object":"","demo_hide_cta":"","demo_hide_cloud_options":"","pricing_title":"","pricing":[{"pricing_icon":"platform","pricing_title":"Elfsight Apps","pricing_title_caption":"Wieloplatformowe rozwi\u0105zanie cyfrowe, kt\u00f3re pasuje do ka\u017cdej witryny","pricing_price":"od 0 USD \/ miesi\u0105c","pricing_price_caption":"zacznij od bezp\u0142atnego planu","pricing_benefits":[{"text":"Nielimitowane strony internetowe"},{"text":"Profesjonalne wsparcie firmy"},{"text":"Bezp\u0142atna pomoc w instalacji"},{"text":"\u015awietna oferta na wiele aplikacji"}],"pricing_button_text":"Dodaj do witryny","pricing_button_url":"#demo"}],"related_apps_title":"","related_apps_hidden":"","author":"","image":[],"title":"","job":"","social_networks":[]},"_links":{"self":[{"href":"https:\/\/elfsight.com\/pl\/wp-json\/wp\/v2\/pages\/6040","targetHints":{"allow":["GET"]}}],"collection":[{"href":"https:\/\/elfsight.com\/pl\/wp-json\/wp\/v2\/pages"}],"about":[{"href":"https:\/\/elfsight.com\/pl\/wp-json\/wp\/v2\/types\/page"}],"author":[{"embeddable":true,"href":"https:\/\/elfsight.com\/pl\/wp-json\/wp\/v2\/users\/9"}],"replies":[{"embeddable":true,"href":"https:\/\/elfsight.com\/pl\/wp-json\/wp\/v2\/comments?post=6040"}],"version-history":[{"count":2,"href":"https:\/\/elfsight.com\/pl\/wp-json\/wp\/v2\/pages\/6040\/revisions"}],"predecessor-version":[{"id":7946,"href":"https:\/\/elfsight.com\/pl\/wp-json\/wp\/v2\/pages\/6040\/revisions\/7946"}],"up":[{"embeddable":true,"href":"https:\/\/elfsight.com\/pl\/wp-json\/wp\/v2\/pages\/1960"}],"wp:attachment":[{"href":"https:\/\/elfsight.com\/pl\/wp-json\/wp\/v2\/media?parent=6040"}],"curies":[{"name":"wp","href":"https:\/\/api.w.org\/{rel}","templated":true}]}}