{"id":6039,"date":"1970-01-01T00:00:00","date_gmt":"1970-01-01T00:00:00","guid":{"rendered":"https:\/\/elfsight.com\/pl\/?page_id=6039"},"modified":"2024-11-14T09:31:15","modified_gmt":"2024-11-14T09:31:15","slug":"elementor","status":"publish","type":"page","link":"https:\/\/elfsight.com\/pl\/popup-widget\/elementor\/","title":{"rendered":"Popup &#8211; Elementor"},"content":{"rendered":"<div class=\"application-platform-content-item-description application-platform-content-item\" id=\"description\" data-nav-section=\"description\"> <h2>Osad\u017a wyskakuj\u0105ce okienko w Elementorze za pomoc\u0105 wid\u017cetu Elfsight<\/h2> <p>Dzi\u0119ki wid\u017cetowi Elfsight Popup ka\u017cdy mo\u017ce kszta\u0142towa\u0107 sw\u00f3j w\u0142asny spersonalizowany pop-up -upy wszelkiego rodzaju i integrowanie ich na stronie internetowej. Stw\u00f3rz odpowiedni pop-up za pomoc\u0105 r\u00f3\u017cnorodnych, do\u0142\u0105czonych komponent\u00f3w. Zmie\u0144 interfejs i sk\u0142ad dodatku Elementor; wybierz wyzwalacze aktywuj\u0105ce i dostosuj cz\u0119stotliwo\u015b\u0107, aby zwi\u0119kszy\u0107 skuteczno\u015b\u0107. R\u00f3\u017cnego rodzaju wyskakuj\u0105ce okienka pozwalaj\u0105 u\u017cytkownikom subskrybowa\u0107 Twoje e-maile, odkrywa\u0107 Twoje towary i us\u0142ugi oraz kopiowa\u0107 kupony. Ponadto dodatek daje klientom mo\u017cliwo\u015b\u0107 dowiedzenia si\u0119 o wyprzeda\u017cach i ofertach specjalnych, bycia \u015bwiadomym przysz\u0142ych wydarze\u0144 na Twojej stronie i wielu innych.<\/p> <p><b>Wyskakuj\u0105ce okienka pomog\u0105 Ci lepiej sprzedawa\u0107, reklamowa\u0107 zaplanowane okazje, zbieraj wy\u015bwietlenia i potencjalnych klient\u00f3w w kreatorze Elementor.<\/b><\/p> <\/div><div class=\"faq\" data-component=\"FAQ\"><div class=\"faq-item\">\r\n\t\t\t\t\t<div class=\"faq-item-question\">\r\n\t\t\t\t\t\t<h3 class=\"faq-item-question-text\">Jak mog\u0119 osadzi\u0107 wyskakuj\u0105ce okienko w moim Witryna Elementor? <\/h3>\r\n\r\n\t\t\t\t\t\t<div class=\"faq-item-question-icon\"><\/div>\r\n\t\t\t\t\t<\/div>\r\n\r\n\t\t\t\t\t<div class=\"faq-item-answer\">\r\n\t\t\t\t\t\t<div class=\"faq-item-answer-text\"><p>Konstrukcja narz\u0119dzia odbywa si\u0119 w aplikacjach Elfsight i nie ma potrzeby nauki kodowania ani korzystania z narz\u0119dzia do tworzenia wyskakuj\u0105cych okienek Elementor. Otw\u00f3rz aktywn\u0105 wersj\u0119 demonstracyjn\u0105, aby zbudowa\u0107 w\u0142asny szablon Elementor Popup, pobierz kod i zintegruj go ze swoj\u0105 witryn\u0105.<\/p><\/div>\r\n\t\t\t\t\t<\/div>\r\n\t\t\t\t<\/div><div class=\"faq-item\">\r\n\t\t\t\t\t<div class=\"faq-item-question\">\r\n\t\t\t\t\t\t<h3 class=\"faq-item-question-text\">Jaki jest najlepszy spos\u00f3b korzystania z okna wyskakuj\u0105cego ?<\/h3>\r\n\r\n\t\t\t\t\t\t<div class=\"faq-item-question-icon\"><\/div>\r\n\t\t\t\t\t<\/div>\r\n\r\n\t\t\t\t\t<div class=\"faq-item-answer\">\r\n\t\t\t\t\t\t<div class=\"faq-item-answer-text\"><p>Mamy mn\u00f3stwo opcji personalizacji: pe\u0142nowymiarowy formularz wyskakuj\u0105cy do umieszczenia w obszarze zawarto\u015bci, p\u0142ywaj\u0105ce wid\u017cety z mo\u017cliwo\u015bci\u0105 przewijania, uk\u0142ady stopki, sekcji nag\u0142\u00f3wka i wszystkie odmiany pionowego wyskakuj\u0105cego okienka dla pask\u00f3w bocznych witryny i menu. Mo\u017cesz skonfigurowa\u0107 zachowanie wyskakuj\u0105cego okienka Elementora z zamiarem wyj\u015bcia i innymi ustawieniami.<\/p><\/div>\r\n\t\t\t\t\t<\/div>\r\n\t\t\t\t<\/div><div class=\"faq-item\">\r\n\t\t\t\t\t<div class=\"faq-item-question\">\r\n\t\t\t\t\t\t<h3 class=\"faq-item-question-text\">Czy istnieje mo\u017cliwo\u015b\u0107 zbudowania zamiaru wyj\u015bcia lub wyskakuj\u0105cego okienka sprzeda\u017cy poprzez redaktor? <\/h3>\r\n\r\n\t\t\t\t\t\t<div class=\"faq-item-question-icon\"><\/div>\r\n\t\t\t\t\t<\/div>\r\n\r\n\t\t\t\t\t<div class=\"faq-item-answer\">\r\n\t\t\t\t\t\t<div class=\"faq-item-answer-text\"><p>Mo\u017cesz tworzy\u0107 dowolne odmiany wid\u017cetu. W edytorze dost\u0119pnych jest wiele uk\u0142ad\u00f3w formularzy Elementora i ka\u017cdy z nich mo\u017cna szybko dostosowa\u0107 wed\u0142ug w\u0142asnych upodoba\u0144. Ponadto mo\u017cesz otworzy\u0107 wyskakuj\u0105ce okienko Elementora po klikni\u0119ciu przycisku.<\/p><\/div>\r\n\t\t\t\t\t<\/div>\r\n\t\t\t\t<\/div><div class=\"faq-item\">\r\n\t\t\t\t\t<div class=\"faq-item-question\">\r\n\t\t\t\t\t\t<h3 class=\"faq-item-question-text\">Jak utworzy\u0107 wyskakuj\u0105ce okienko wideo Elementora?<\/h3>\r\n\r\n\t\t\t\t\t\t<div class=\"faq-item-question-icon\"><\/div>\r\n\t\t\t\t\t<\/div>\r\n\r\n\t\t\t\t\t<div class=\"faq-item-answer\">\r\n\t\t\t\t\t\t<div class=\"faq-item-answer-text\"><p>Mo\u017cesz \u0142atwo utworzy\u0107 film wyskakuj\u0105ce okienko za pomoc\u0105 wid\u017cetu Elfsight. Oto jak:<\/p><ol><li>Zaloguj si\u0119 do aplikacji Elfsight i znajd\u017a wid\u017cet wyskakuj\u0105cy na li\u015bcie.<\/li><li>Wybierz sw\u00f3j ulubiony szablon.<\/li><li>Dodaj blok wideo w sekcj\u0119 Builder.<\/li><li>Zapisz zmiany i skopiuj kod instalacyjny.<\/li><li>Wklej ten kod do stopki lub nag\u0142\u00f3wka strony internetowej.<\/li><\/ol><p>To wszystko To! Doda\u0142e\u015b teraz film do Elementora.<\/p><\/div>\r\n\t\t\t\t\t<\/div>\r\n\t\t\t\t<\/div><div class=\"faq-item\">\r\n\t\t\t\t\t<div class=\"faq-item-question\">\r\n\t\t\t\t\t\t<h3 class=\"faq-item-question-text\">Jak utworzy\u0107 wyskakuj\u0105ce okienko z obrazem w Elementorze?<\/h3>\r\n\r\n\t\t\t\t\t\t<div class=\"faq-item-question-icon\"><\/div>\r\n\t\t\t\t\t<\/div>\r\n\r\n\t\t\t\t\t<div class=\"faq-item-answer\">\r\n\t\t\t\t\t\t<div class=\"faq-item-answer-text\"><p>Mo\u017cesz \u0142atwo utworzy\u0107 wyskakuj\u0105ce okienko z obrazem za pomoc\u0105 za pomoc\u0105 wid\u017cetu Elfsight. Oto jak:<\/p><ol><li>Zaloguj si\u0119 do aplikacji Elfsight i znajd\u017a wid\u017cet wyskakuj\u0105cy na li\u015bcie.<\/li><li>Wybierz szablon.<\/li><li>Dodaj blok obrazu w Sekcja Builder.<\/li><li>Zapisz zmiany i skopiuj kod instalacyjny.<\/li><li>Wklej kod wyskakuj\u0105cego obrazu Elementora do stopki lub nag\u0142\u00f3wka witryny.<\/li><\/ol><p>To wszystko! Teraz doda\u0142e\u015b obraz do dodatku Elementor.<\/p><\/div>\r\n\t\t\t\t\t<\/div>\r\n\t\t\t\t<\/div><\/div><div class=\"application-platform-content-item-features application-platform-content-item\" id=\"features\" data-nav-section=\"features\"> <h2>G\u0142\u00f3wne cechy wtyczki Popup<\/h2> <p>Sprawd\u017a wszystkie funkcje wid\u017cetu Elementor Box. S\u0105 one dost\u0119pne bezpo\u015brednio w edytorze i pomog\u0105 Ci skonfigurowa\u0107 widget odpowiednio do Twojego przypadku.<\/p> <ul><li>12 dost\u0119pnych komponent\u00f3w do zbudowania wyskakuj\u0105cego okienka<\/li> <li>5 gotowych do u\u017cycia uk\u0142ady wyskakuj\u0105cych okienek dla r\u00f3\u017cnych przypadk\u00f3w<\/li> <li>Umie\u015b\u0107 przyciski przenosz\u0105ce odwiedzaj\u0105cych pod dowolny adres<\/li> <li>Prze\u015blij zdj\u0119cie t\u0142a pude\u0142ka Elementora<\/li> <li>Wyskakuj\u0105ce okienko mo\u017ce pojawi\u0107 si\u0119 po pewnym czas sp\u0119dzony przez u\u017cytkownika lub procent przewijania strony<\/li> <li>Wyzwalacze wyskakuj\u0105cych okienek: otw\u00f3rz wyskakuj\u0105ce okienko po klikni\u0119ciu przycisku lub przewi\u0144 w d\u00f3\u0142 do niego<\/li> <\/ul> <p><a href=\"#demo\"> Wypr\u00f3buj wszystkie inne funkcje w wersji demonstracyjnej<\/a><\/p> <\/div><div class=\"application-platform-content-item-installation application-platform-content-item\" id=\"installation\" data-nav-section=\"installation\"><h2>Jak doda\u0107 znacznik wyskakuj\u0105cego okienka do mojej witryny Elementor?<\/h2> <div class=\"video -container\"><iframe width=\"720\" height=\"405\" src=\"https:\/\/www.youtube.com\/embed\/1Ti0LkMwpNQ\" frameborder=\"0\" allowfullscreen=\"\"><\/iframe><\/div><p>Aby osadzi\u0107 wid\u017cet, po prostu post\u0119puj zgodnie z poni\u017cszymi wskaz\u00f3wkami<\/p> <ol><li><b>Stw\u00f3rz spersonalizowany wid\u017cet wyskakuj\u0105cy<\/b><br> Korzystaj\u0105c z naszego bezp\u0142atnego konfiguratora, utw\u00f3rz wtyczk\u0119 z preferowany projekt i funkcje. <\/li><li><b>Uzyskaj indywidualny kod do osadzenia wid\u017cetu<\/b><br> Po utworzeniu wtyczki otrzymasz unikalny kod z wy\u015bwietlonego okna aplikacji Elfsight. Skopiuj kod do dalszego wykorzystania.<\/li> <li><b>Wy\u015bwietl wid\u017cet na swojej stronie Elementora<\/b><br> Przejd\u017a do miejsca, w kt\u00f3rym planujesz osadzi\u0107 wtyczk\u0119 i tam wklej skopiowany kod. Opublikuj wyniki.<\/li> <li><b>Gotowe! Wyskakuj\u0105ce okienko modalne Elementora jest ju\u017c dost\u0119pne!<\/b><br> Wpisz nazw\u0119 witryny, aby wy\u015bwietli\u0107 wyskakuj\u0105ce okienko. Nast\u0119pnie mo\u017cesz edytowa\u0107 wid\u017cet w aplikacjach Elfsight w dowolnym momencie: zmiany zostan\u0105 automatycznie odzwierciedlone na stronie internetowej.<\/li> <\/ol><p>Zawsze mo\u017cesz skontaktowa\u0107 si\u0119 z naszym dzia\u0142em obs\u0142ugi klienta, gdy potrzebujesz pomocy z wyskakuj\u0105cym okienkiem Elementor formularz. Nasi specjali\u015bci udziel\u0105 pomocy w przypadku ka\u017cdego pytania dotycz\u0105cego szablonu. <\/p> <\/div>","protected":false},"excerpt":{"rendered":"","protected":false},"author":9,"featured_media":0,"parent":1960,"menu_order":0,"comment_status":"closed","ping_status":"closed","template":"templates\/template-application-platform.php","meta":{"publish_to_discourse":"","publish_post_category":"","wpdc_auto_publish_overridden":"","wpdc_topic_tags":"","wpdc_pin_topic":"","wpdc_pin_until":"","discourse_post_id":"","discourse_permalink":"","wpdc_publishing_response":"","wpdc_publishing_error":"","footnotes":""},"class_list":["post-6039","page","type-page","status-publish","hentry"],"yoast_head":"<!-- This site is optimized with the Yoast SEO plugin v25.3.1 - https:\/\/yoast.com\/wordpress\/plugins\/seo\/ -->\n<title>Dodaj wtyczk\u0119 Popup do witryny Elementor za darmo<\/title>\n<meta name=\"description\" content=\"Utw\u00f3rz wyskakuj\u0105ce okienko na Elementorze bez kodowania!\" \/>\n<meta name=\"robots\" content=\"index, follow, max-snippet:-1, max-image-preview:large, max-video-preview:-1\" \/>\n<link rel=\"canonical\" href=\"https:\/\/elfsight.com\/pl\/popup-widget\/elementor\/\" \/>\n<meta property=\"og:locale\" content=\"pl_PL\" \/>\n<meta property=\"og:type\" content=\"article\" \/>\n<meta property=\"og:title\" content=\"Dodaj wtyczk\u0119 Popup do witryny Elementor za darmo\" \/>\n<meta property=\"og:description\" content=\"Utw\u00f3rz wyskakuj\u0105ce okienko na Elementorze bez kodowania!\" \/>\n<meta property=\"og:url\" content=\"https:\/\/elfsight.com\/pl\/popup-widget\/elementor\/\" \/>\n<meta property=\"og:site_name\" content=\"Elfsight PL\" \/>\n<meta property=\"article:modified_time\" content=\"2024-11-14T09:31:15+00:00\" \/>\n<meta name=\"twitter:card\" content=\"summary_large_image\" \/>\n<meta name=\"twitter:label1\" content=\"Szacowany czas czytania\" \/>\n\t<meta name=\"twitter:data1\" content=\"4 minuty\" \/>\n<!-- \/ Yoast SEO plugin. -->","yoast_head_json":{"title":"Dodaj wtyczk\u0119 Popup do witryny Elementor za darmo","description":"Utw\u00f3rz wyskakuj\u0105ce okienko na Elementorze bez kodowania!","robots":{"index":"index","follow":"follow","max-snippet":"max-snippet:-1","max-image-preview":"max-image-preview:large","max-video-preview":"max-video-preview:-1"},"canonical":"https:\/\/elfsight.com\/pl\/popup-widget\/elementor\/","og_locale":"pl_PL","og_type":"article","og_title":"Dodaj wtyczk\u0119 Popup do witryny Elementor za darmo","og_description":"Utw\u00f3rz wyskakuj\u0105ce okienko na Elementorze bez kodowania!","og_url":"https:\/\/elfsight.com\/pl\/popup-widget\/elementor\/","og_site_name":"Elfsight PL","article_modified_time":"2024-11-14T09:31:15+00:00","twitter_card":"summary_large_image","twitter_misc":{"Szacowany czas czytania":"4 minuty"},"schema":{"@context":"https:\/\/schema.org","@graph":[{"@type":"WebPage","@id":"https:\/\/elfsight.com\/pl\/popup-widget\/elementor\/","url":"https:\/\/elfsight.com\/pl\/popup-widget\/elementor\/","name":"Dodaj wtyczk\u0119 Popup do witryny Elementor za darmo","isPartOf":{"@id":"https:\/\/elfsight.com\/pl\/#website"},"datePublished":"1970-01-01T00:00:00+00:00","dateModified":"2024-11-14T09:31:15+00:00","description":"Utw\u00f3rz wyskakuj\u0105ce okienko na Elementorze bez kodowania!","breadcrumb":{"@id":"https:\/\/elfsight.com\/pl\/popup-widget\/elementor\/#breadcrumb"},"inLanguage":"pl-PL","potentialAction":[{"@type":"ReadAction","target":["https:\/\/elfsight.com\/pl\/popup-widget\/elementor\/"]}]},{"@type":"BreadcrumbList","@id":"https:\/\/elfsight.com\/pl\/popup-widget\/elementor\/#breadcrumb","itemListElement":[{"@type":"ListItem","position":1,"name":"Home","item":"https:\/\/elfsight.com\/pl\/"},{"@type":"ListItem","position":2,"name":"Popup","item":"https:\/\/elfsight.com\/pl\/popup-widget\/"},{"@type":"ListItem","position":3,"name":"Popup &#8211; Elementor"}]},{"@type":"WebSite","@id":"https:\/\/elfsight.com\/pl\/#website","url":"https:\/\/elfsight.com\/pl\/","name":"Elfsight PL","description":"Just another Elfsight Sites site","potentialAction":[{"@type":"SearchAction","target":{"@type":"EntryPoint","urlTemplate":"https:\/\/elfsight.com\/pl\/?s={search_term_string}"},"query-input":{"@type":"PropertyValueSpecification","valueRequired":true,"valueName":"search_term_string"}}],"inLanguage":"pl-PL"}]}},"meta_box":{"industry":"","seo_heading":"","heading":"","description":"","cta_heading":"","cta_description":"","application":"1959","h1":"Wyskakuj\u0105cy widget Elementora","h1_caption":"Wy\u015bwietlaj wyskakuj\u0105ce okienka, aby przyci\u0105gn\u0105\u0107 uwag\u0119 odwiedzaj\u0105cych, promowa\u0107 oferty lub zbiera\u0107 potencjalnych klient\u00f3w bez przerywania korzystania z witryny internetowej w witrynie Elementor.","application_category":[],"applications_title":"","applications_request_title":"","applications_request_button_text":"","hero_text":"","hero_video":"","hero_video_schema_markup":"","selling_points_title":"","selling_points_caption":"","selling_points":[],"selling_points_cta_text":"","features_title":"","features":"","ed_cta_examples_text":"","ed_cta_examples_hidden":"","ed_cta_demo_text":"","ed_cta_demo_hidden":"","why_caption":"","why_editor_title":"","why_editor_text":"","why_team_title":"","why_team_text":"","why_service_title":"","why_service_text":"","template_catalog_visible":"0","template_catalog_title":"","template_catalog_text":"","template_catalog_categories_visible":"","demo_title":"Utw\u00f3rz wid\u017cet wyskakuj\u0105cy","demo_caption":"Skonfiguruj sw\u00f3j Popup i dodaj go do swojej witryny Elementor za darmo!","default_faq_hidden":"","app_template_category":[],"platform":"268","template_public_id":"","codecanyon_url":"","codecanyon_item_id":"","codecanyon_price":"","pricing_caption":"","pricing_elfsight_apps_hide_column":"","pricing_elfsight_apps_url":"","pricing_codecanyon_price_caption":"","integration_category":[],"integration_request_title":"","integration_request_cta":"","integration_platform":"","integrations":[],"platform_category":[],"video_schema_markup":"","price":"od 0 USD \/ miesi\u0105c","trial":"","benefits":[{"text":"Bezp\u0142atna us\u0142uga monta\u017cu"},{"text":"Do\u015bwiadczona obs\u0142uga klienta"},{"text":"14-dniowa gwarancja zwrotu pieni\u0119dzy"}],"button_url":"#demo","button_target_blank":"0","button_nofollow":"0","attributes":[{"name":"Instaluje","content":"100,000 - 500,000"},{"name":"Czu\u0142y","content":"Tak"},{"name":"Kompatybilne przegl\u0105darki","content":"IE11, Firefox, Safari, Opera, Chrome, Edge"}],"tags":[],"tags_disable_links":"0","hide_more_platforms":"","video_object":"","demo_hide_cta":"0","demo_hide_cloud_options":"0","pricing_title":"","pricing":[{"pricing_icon":"platform","pricing_title":"Elfsight Apps","pricing_title_caption":"Wieloplatformowe rozwi\u0105zanie cyfrowe","pricing_price":"od 0 USD \/ miesi\u0105c","pricing_price_caption":"zacznij od bezp\u0142atnego planu","pricing_benefits":[{"text":"Nielimitowane domeny"},{"text":"Wsparcie premium i na czas"},{"text":"Bezp\u0142atna pomoc w monta\u017cu"},{"text":"Specjalna oferta na wiele aplikacji"}],"pricing_button_text":"Dodaj do witryny","pricing_button_url":"#demo"}],"related_apps_title":"","related_apps_hidden":"0","author":"","image":[],"title":"","job":"","social_networks":[]},"_links":{"self":[{"href":"https:\/\/elfsight.com\/pl\/wp-json\/wp\/v2\/pages\/6039","targetHints":{"allow":["GET"]}}],"collection":[{"href":"https:\/\/elfsight.com\/pl\/wp-json\/wp\/v2\/pages"}],"about":[{"href":"https:\/\/elfsight.com\/pl\/wp-json\/wp\/v2\/types\/page"}],"author":[{"embeddable":true,"href":"https:\/\/elfsight.com\/pl\/wp-json\/wp\/v2\/users\/9"}],"replies":[{"embeddable":true,"href":"https:\/\/elfsight.com\/pl\/wp-json\/wp\/v2\/comments?post=6039"}],"version-history":[{"count":2,"href":"https:\/\/elfsight.com\/pl\/wp-json\/wp\/v2\/pages\/6039\/revisions"}],"predecessor-version":[{"id":7945,"href":"https:\/\/elfsight.com\/pl\/wp-json\/wp\/v2\/pages\/6039\/revisions\/7945"}],"up":[{"embeddable":true,"href":"https:\/\/elfsight.com\/pl\/wp-json\/wp\/v2\/pages\/1960"}],"wp:attachment":[{"href":"https:\/\/elfsight.com\/pl\/wp-json\/wp\/v2\/media?parent=6039"}],"curies":[{"name":"wp","href":"https:\/\/api.w.org\/{rel}","templated":true}]}}