{"id":6038,"date":"1970-01-01T00:00:00","date_gmt":"1970-01-01T00:00:00","guid":{"rendered":"https:\/\/elfsight.com\/pl\/?page_id=6038"},"modified":"2024-11-14T09:31:07","modified_gmt":"2024-11-14T09:31:07","slug":"joomla","status":"publish","type":"page","link":"https:\/\/elfsight.com\/pl\/popup-widget\/joomla\/","title":{"rendered":"Popup &#8211; Joomla"},"content":{"rendered":"<div class=\"application-platform-content-item-description application-platform-content-item\" id=\"description\" data-nav-section=\"description\"> <h2>Opis<\/h2> <p>Dzi\u0119ki rozszerzeniu Elfsight Popup mo\u017cesz tworzy\u0107 w\u0142asne wyskakuj\u0105ce okienka dowolnego typu i wy\u015bwietla\u0107 je na swoim strona internetowa. Zbuduj autentyczne wyskakuj\u0105ce okienko z r\u00f3\u017cnych typ\u00f3w wbudowanych komponent\u00f3w. Znajd\u017a najlepszy wygl\u0105d i aran\u017cacj\u0119; wybierz wyzwalacz aktywuj\u0105cy i okre\u015bl moment, w kt\u00f3rym osi\u0105gniesz lepsz\u0105 skuteczno\u015b\u0107 wyskakuj\u0105cego okienka. Wyskakuj\u0105ce okienka pozwalaj\u0105 u\u017cytkownikom utworzy\u0107 subskrypcj\u0119, dowiedzie\u0107 si\u0119 o Twoich ofertach, skorzysta\u0107 z kupon\u00f3w, zobaczy\u0107 wyprzeda\u017ce i oferty specjalne, by\u0107 na bie\u017c\u0105co z wa\u017cnymi wydarzeniami w Twojej witrynie i jeszcze wi\u0119cej.<\/p> <p><b>Wyskakuj\u0105ce okienka b\u0119d\u0105 pom\u00f3c Ci sprzedawa\u0107 lepiej, promowa\u0107 zaplanowane wydarzenia, zbiera\u0107 opinie i subskrybent\u00f3w i wiele wi\u0119cej. <\/b><\/p> <\/div><div class=\"faq\" data-component=\"FAQ\"><div class=\"faq-item\">\r\n\t\t\t\t\t<div class=\"faq-item-question\">\r\n\t\t\t\t\t\t<h3 class=\"faq-item-question-text\">W jaki spos\u00f3b mog\u0119 osadzi\u0107 wyskakuj\u0105ce okienko w mojej Joomla? <\/h3>\r\n\r\n\t\t\t\t\t\t<div class=\"faq-item-question-icon\"><\/div>\r\n\t\t\t\t\t<\/div>\r\n\r\n\t\t\t\t\t<div class=\"faq-item-answer\">\r\n\t\t\t\t\t\t<div class=\"faq-item-answer-text\"><p>Tworzenie wyskakuj\u0105cego okienka Wyskakuj\u0105cy formularz kontaktowy Joomla jest dost\u0119pny w aplikacjach Elfsight i nie trzeba kodowa\u0107. Skorzystaj z naszego aktywnego demo, aby stworzy\u0107 sw\u00f3j osobisty widget, uzyska\u0107 kod i zintegrowa\u0107 go ze swoj\u0105 witryn\u0105. <\/p><\/div>\r\n\t\t\t\t\t<\/div>\r\n\t\t\t\t<\/div><div class=\"faq-item\">\r\n\t\t\t\t\t<div class=\"faq-item-question\">\r\n\t\t\t\t\t\t<h3 class=\"faq-item-question-text\">Najlepsze przyk\u0142ady u\u017cycia integracji responsywnych wyskakuj\u0105cych okienek<\/h3>\r\n\r\n\t\t\t\t\t\t<div class=\"faq-item-question-icon\"><\/div>\r\n\t\t\t\t\t<\/div>\r\n\r\n\t\t\t\t\t<div class=\"faq-item-answer\">\r\n\t\t\t\t\t\t<div class=\"faq-item-answer-text\"><p>Oferujemy wiele mo\u017cliwo\u015bci dostosowywania formularza kontaktowego Joomla: pe\u0142nowymiarowe wid\u017cety dla wstawianie w obszarze zawarto\u015bci, p\u0142ywaj\u0105ce wid\u017cety z mo\u017cliwo\u015bci\u0105 przewijania, uk\u0142ady stopki, sekcji nag\u0142\u00f3wka i wszelkiego rodzaju pionowe mo\u017cliwo\u015bci pask\u00f3w bocznych i menu witryny.<\/p><\/div>\r\n\t\t\t\t\t<\/div>\r\n\t\t\t\t<\/div><div class=\"faq-item\">\r\n\t\t\t\t\t<div class=\"faq-item-question\">\r\n\t\t\t\t\t\t<h3 class=\"faq-item-question-text\">Mo\u017ce Tworz\u0119 wyskakuj\u0105ce okienko z okazji Czarnego Pi\u0105tku lub zamiaru wyj\u015bcia przy pomocy Twojego edytora? <\/h3>\r\n\r\n\t\t\t\t\t\t<div class=\"faq-item-question-icon\"><\/div>\r\n\t\t\t\t\t<\/div>\r\n\r\n\t\t\t\t\t<div class=\"faq-item-answer\">\r\n\t\t\t\t\t\t<div class=\"faq-item-answer-text\"><p>Mo\u017cesz dowolnie modyfikowa\u0107 wid\u017cet. Istnieje mn\u00f3stwo uk\u0142ad\u00f3w formularzy kontaktowych, a ka\u017cdy z nich mo\u017cna \u0142atwo dostosowa\u0107 w razie brak\u00f3w. Opr\u00f3cz tego mo\u017cesz utworzy\u0107 wyskakuj\u0105ce okienko wideo dla Joomla, po prostu wklejaj\u0105c link do filmu YouTube w odpowiednim polu.<\/p><\/div>\r\n\t\t\t\t\t<\/div>\r\n\t\t\t\t<\/div><\/div><div class=\"application-platform-content-item-features application-platform-content-item\" id=\"features\" data-nav-section=\"features\"> <h2>G\u0142\u00f3wne cechy modu\u0142u Popup<\/h2> <p>Zobacz wszystkie funkcje rozszerzenia. Mo\u017cesz je dostosowa\u0107 bezpo\u015brednio w edytorze, co pomo\u017ce Ci stworzy\u0107 modu\u0142 dok\u0142adnie pod Twoje potrzeby.<\/p> <ul><li>12 r\u00f3\u017cnych element\u00f3w do konfiguracji wyskakuj\u0105cego okienka<\/li> <li>Pi\u0119\u0107 uk\u0142ad\u00f3w wyskakuj\u0105cych okienek w zestawie w r\u00f3\u017cnych przypadkach<\/li> <li>Osadzaj przyciski przenosz\u0105ce u\u017cytkownik\u00f3w na dowoln\u0105 stron\u0119<\/li><li>Mo\u017cliwo\u015b\u0107 zbudowania wyskakuj\u0105cego okienka formularza kontaktowego<\/li><li>Prze\u015blij zdj\u0119cie t\u0142a i wideo do Wyskakuj\u0105ce okienko Joomla<\/li> <li>Wyskakuj\u0105ce okienko mo\u017ce pojawi\u0107 si\u0119 po okre\u015blonym czasie na stronie lub po przewini\u0119ciu<\/li> <li>Wyzwalacze wyskakuj\u0105cych okienek: klikni\u0119cie elementu lub przewini\u0119cie w d\u00f3\u0142<\/li> <\/ul> <p><a href=\"#demo\">Mo\u017cesz wypr\u00f3bowa\u0107 wszystkie cechy funkcjonalne wid\u017cetu bezpo\u015brednio w wersji demonstracyjnej<\/a><\/p> <\/div><div class=\"application-platform-content-item-installation application-platform-content-item\" id=\"installation\" data-nav-section=\"installation\"><h2>Jak mog\u0119 doda\u0107 Rozszerzenie wyskakuj\u0105cego okienka do witryny Joomla?<\/h2><div class=\"video-container\"><iframe width=\"720\" height=\"405\" src=\"https:\/\/www.youtube.com\/embed\/K8lRf1BJjqg\" frameborder=\"0\" allowfullscreen=\"\"><\/iframe><\/div><p>Wystarczy wykona\u0107 poni\u017csze kroki, aby doda\u0107 narz\u0119dzie do Joomla.<\/p> <ol><li><b>Skorzystaj z naszego bezp\u0142atnego demo i rozpocznij tworzenie swojej unikalnej wtyczki.<\/b><br> Znajd\u017a wybrany uk\u0142ad i aspekty narz\u0119dzia oraz zapisz modyfikacje.<\/li> <li><b>Zdob\u0105d\u017a sw\u00f3j indywidualny kod pokazany w polu w aplikacjach Elfsight .<\/b><br> Po zako\u0144czeniu instalacji rozszerzenia Popup skopiuj kod osobisty z wy\u015bwietlonego okna i zapisz go do p\u00f3\u017aniejszego u\u017cycia.<\/li> <li><b>Rozpocznij korzystanie z narz\u0119dzia w Joomla witryny.<\/b><br> Zaimplementuj zapisany wcze\u015bniej kod w swojej witrynie i zastosuj zmiany.<\/li> <li><b>Gotowe! Osadzanie zosta\u0142o zako\u0144czone.<\/b><br> Przejd\u017a do witryny Joomla, aby zobaczy\u0107, jak dzia\u0142a rozszerzenie.<\/li><\/ol><p>Nie wahaj si\u0119 zwr\u00f3ci\u0107 do dzia\u0142u pomocy technicznej, je\u015bli potrzebujesz pomocy Instalacja Joomli. Ch\u0119tnie pomo\u017cemy Ci w ka\u017cdej sprawie.<\/p> <\/div>","protected":false},"excerpt":{"rendered":"","protected":false},"author":9,"featured_media":0,"parent":1960,"menu_order":0,"comment_status":"closed","ping_status":"closed","template":"templates\/template-application-platform.php","meta":{"publish_to_discourse":"","publish_post_category":"","wpdc_auto_publish_overridden":"","wpdc_topic_tags":"","wpdc_pin_topic":"","wpdc_pin_until":"","discourse_post_id":"","discourse_permalink":"","wpdc_publishing_response":"","wpdc_publishing_error":"","footnotes":""},"class_list":["post-6038","page","type-page","status-publish","hentry"],"yoast_head":"<!-- This site is optimized with the Yoast SEO plugin v25.3.1 - https:\/\/yoast.com\/wordpress\/plugins\/seo\/ -->\n<title>Dodaj modu\u0142 Popup do witryny Joomla za darmo<\/title>\n<meta name=\"description\" content=\"Utw\u00f3rz wyskakuj\u0105ce okienko w Joomla bez kodowania!\" \/>\n<meta name=\"robots\" content=\"index, follow, max-snippet:-1, max-image-preview:large, max-video-preview:-1\" \/>\n<link rel=\"canonical\" href=\"https:\/\/elfsight.com\/pl\/popup-widget\/joomla\/\" \/>\n<meta property=\"og:locale\" content=\"pl_PL\" \/>\n<meta property=\"og:type\" content=\"article\" \/>\n<meta property=\"og:title\" content=\"Dodaj modu\u0142 Popup do witryny Joomla za darmo\" \/>\n<meta property=\"og:description\" content=\"Utw\u00f3rz wyskakuj\u0105ce okienko w Joomla bez kodowania!\" \/>\n<meta property=\"og:url\" content=\"https:\/\/elfsight.com\/pl\/popup-widget\/joomla\/\" \/>\n<meta property=\"og:site_name\" content=\"Elfsight PL\" \/>\n<meta property=\"article:modified_time\" content=\"2024-11-14T09:31:07+00:00\" \/>\n<meta name=\"twitter:card\" content=\"summary_large_image\" \/>\n<meta name=\"twitter:label1\" content=\"Szacowany czas czytania\" \/>\n\t<meta name=\"twitter:data1\" content=\"3 minuty\" \/>\n<!-- \/ Yoast SEO plugin. -->","yoast_head_json":{"title":"Dodaj modu\u0142 Popup do witryny Joomla za darmo","description":"Utw\u00f3rz wyskakuj\u0105ce okienko w Joomla bez kodowania!","robots":{"index":"index","follow":"follow","max-snippet":"max-snippet:-1","max-image-preview":"max-image-preview:large","max-video-preview":"max-video-preview:-1"},"canonical":"https:\/\/elfsight.com\/pl\/popup-widget\/joomla\/","og_locale":"pl_PL","og_type":"article","og_title":"Dodaj modu\u0142 Popup do witryny Joomla za darmo","og_description":"Utw\u00f3rz wyskakuj\u0105ce okienko w Joomla bez kodowania!","og_url":"https:\/\/elfsight.com\/pl\/popup-widget\/joomla\/","og_site_name":"Elfsight PL","article_modified_time":"2024-11-14T09:31:07+00:00","twitter_card":"summary_large_image","twitter_misc":{"Szacowany czas czytania":"3 minuty"},"schema":{"@context":"https:\/\/schema.org","@graph":[{"@type":"WebPage","@id":"https:\/\/elfsight.com\/pl\/popup-widget\/joomla\/","url":"https:\/\/elfsight.com\/pl\/popup-widget\/joomla\/","name":"Dodaj modu\u0142 Popup do witryny Joomla za darmo","isPartOf":{"@id":"https:\/\/elfsight.com\/pl\/#website"},"datePublished":"1970-01-01T00:00:00+00:00","dateModified":"2024-11-14T09:31:07+00:00","description":"Utw\u00f3rz wyskakuj\u0105ce okienko w Joomla bez kodowania!","breadcrumb":{"@id":"https:\/\/elfsight.com\/pl\/popup-widget\/joomla\/#breadcrumb"},"inLanguage":"pl-PL","potentialAction":[{"@type":"ReadAction","target":["https:\/\/elfsight.com\/pl\/popup-widget\/joomla\/"]}]},{"@type":"BreadcrumbList","@id":"https:\/\/elfsight.com\/pl\/popup-widget\/joomla\/#breadcrumb","itemListElement":[{"@type":"ListItem","position":1,"name":"Home","item":"https:\/\/elfsight.com\/pl\/"},{"@type":"ListItem","position":2,"name":"Popup","item":"https:\/\/elfsight.com\/pl\/popup-widget\/"},{"@type":"ListItem","position":3,"name":"Popup &#8211; Joomla"}]},{"@type":"WebSite","@id":"https:\/\/elfsight.com\/pl\/#website","url":"https:\/\/elfsight.com\/pl\/","name":"Elfsight PL","description":"Just another Elfsight Sites site","potentialAction":[{"@type":"SearchAction","target":{"@type":"EntryPoint","urlTemplate":"https:\/\/elfsight.com\/pl\/?s={search_term_string}"},"query-input":{"@type":"PropertyValueSpecification","valueRequired":true,"valueName":"search_term_string"}}],"inLanguage":"pl-PL"}]}},"meta_box":{"industry":"","seo_heading":"","heading":"","description":"","cta_heading":"","cta_description":"","application":"1959","h1":"Modu\u0142 wyskakuj\u0105cy Joomla","h1_caption":"Wy\u015bwietlaj wyskakuj\u0105ce okienka, aby przyci\u0105gn\u0105\u0107 uwag\u0119 odwiedzaj\u0105cych, promowa\u0107 oferty lub zbiera\u0107 potencjalnych klient\u00f3w bez przerywania korzystania z witryny w witrynie Joomla.","application_category":[],"applications_title":"","applications_request_title":"","applications_request_button_text":"","hero_text":"","hero_video":"","hero_video_schema_markup":"","selling_points_title":"","selling_points_caption":"","selling_points":[],"selling_points_cta_text":"","features_title":"","features":"","ed_cta_examples_text":"","ed_cta_examples_hidden":"","ed_cta_demo_text":"","ed_cta_demo_hidden":"","why_caption":"","why_editor_title":"","why_editor_text":"","why_team_title":"","why_team_text":"","why_service_title":"","why_service_text":"","template_catalog_visible":"","template_catalog_title":"","template_catalog_text":"","template_catalog_categories_visible":"","demo_title":"Utw\u00f3rz wtyczk\u0119 Popup","demo_caption":"Skonfiguruj sw\u00f3j Popup i dodaj go do swojej witryny Joomla za darmo!","default_faq_hidden":"","app_template_category":[],"platform":"53","template_public_id":"","codecanyon_url":"","codecanyon_item_id":"","codecanyon_price":"","pricing_caption":"","pricing_elfsight_apps_hide_column":"","pricing_elfsight_apps_url":"","pricing_codecanyon_price_caption":"","integration_category":[],"integration_request_title":"","integration_request_cta":"","integration_platform":"","integrations":[],"platform_category":[],"video_schema_markup":"","price":"od 0 USD \/ miesi\u0105c","trial":"","benefits":[{"text":"Bezp\u0142atna pomoc w monta\u017cu"},{"text":"Wyj\u0105tkowe wsparcie"},{"text":"14-dniowa gwarancja zwrotu pieni\u0119dzy"}],"button_url":"#demo","button_target_blank":"","button_nofollow":"","attributes":[{"name":"Instaluje"},{"name":"Czu\u0142y"},{"name":"Kompatybilne przegl\u0105darki"}],"tags":[],"tags_disable_links":"","hide_more_platforms":"","video_object":"","demo_hide_cta":"","demo_hide_cloud_options":"","pricing_title":"","pricing":[{"pricing_icon":"platform","pricing_title":"Elfsight Apps","pricing_title_caption":"Wersja wieloplatformowa, kt\u00f3ra pasuje do ka\u017cdej witryny internetowej","pricing_price":"od 0 USD \/ miesi\u0105c","pricing_price_caption":"zacznij od bezp\u0142atnego planu","pricing_benefits":[{"text":"Nielimitowane strony internetowe"},{"text":"Ca\u0142odobowa obs\u0142uga klienta"},{"text":"Bezp\u0142atna pomoc w monta\u017cu"},{"text":"Oferta specjalna na wiele aplikacji"}],"pricing_button_text":"Dodaj do witryny","pricing_button_url":"#demo"}],"related_apps_title":"","related_apps_hidden":"","author":"","image":[],"title":"","job":"","social_networks":[]},"_links":{"self":[{"href":"https:\/\/elfsight.com\/pl\/wp-json\/wp\/v2\/pages\/6038","targetHints":{"allow":["GET"]}}],"collection":[{"href":"https:\/\/elfsight.com\/pl\/wp-json\/wp\/v2\/pages"}],"about":[{"href":"https:\/\/elfsight.com\/pl\/wp-json\/wp\/v2\/types\/page"}],"author":[{"embeddable":true,"href":"https:\/\/elfsight.com\/pl\/wp-json\/wp\/v2\/users\/9"}],"replies":[{"embeddable":true,"href":"https:\/\/elfsight.com\/pl\/wp-json\/wp\/v2\/comments?post=6038"}],"version-history":[{"count":2,"href":"https:\/\/elfsight.com\/pl\/wp-json\/wp\/v2\/pages\/6038\/revisions"}],"predecessor-version":[{"id":7944,"href":"https:\/\/elfsight.com\/pl\/wp-json\/wp\/v2\/pages\/6038\/revisions\/7944"}],"up":[{"embeddable":true,"href":"https:\/\/elfsight.com\/pl\/wp-json\/wp\/v2\/pages\/1960"}],"wp:attachment":[{"href":"https:\/\/elfsight.com\/pl\/wp-json\/wp\/v2\/media?parent=6038"}],"curies":[{"name":"wp","href":"https:\/\/api.w.org\/{rel}","templated":true}]}}