{"id":6037,"date":"1970-01-01T00:00:00","date_gmt":"1970-01-01T00:00:00","guid":{"rendered":"https:\/\/elfsight.com\/pl\/?page_id=6037"},"modified":"2025-06-25T16:19:21","modified_gmt":"2025-06-25T16:19:21","slug":"jquery","status":"publish","type":"page","link":"https:\/\/elfsight.com\/pl\/popup-widget\/jquery\/","title":{"rendered":"Popup &#8211; jQuery"},"content":{"rendered":"<div class=\"application-platform-content-item-description application-platform-content-item\" id=\"description\" data-nav-section=\"description\">\n<h2>Opis<\/h2>\n<p>Za pomoc\u0105 wtyczki Elfsight Pop-up ka\u017cdy mo\u017ce tworzy\u0107 w\u0142asne wyskakuj\u0105ce okienka dowolnego typu i wprowadza\u0107 je na stronie internetowej. Zbuduj swoje wyskakuj\u0105ce okienko z r\u00f3\u017cnych do\u0142\u0105czonych blok\u00f3w. Dostosuj uk\u0142ad i aran\u017cacj\u0119; przypisz wyzwalacz wyskakuj\u0105cego okienka i znajd\u017a odpowiedni\u0105 cz\u0119stotliwo\u015b\u0107, aby uzyska\u0107 wi\u0119ksz\u0105 skuteczno\u015b\u0107 wyskakuj\u0105cego okienka. Wyskakuj\u0105ce okienka r\u00f3\u017cnego typu pozwalaj\u0105 ludziom subskrybowa\u0107 Twoje e-maile, odkrywa\u0107 Twoje produkty, kopiowa\u0107 kupony rabatowe, wiedzie\u0107 o Twoich wyprzeda\u017cach i ofertach specjalnych. Wyskakuj\u0105ce okna JQuery powiadamiaj\u0105 o nadchodz\u0105cych okazjach w Twojej witrynie i nie tylko.<\/p>\n<p><b>Wyskakuj\u0105ce okienka umo\u017cliwi\u0105 skuteczniejsz\u0105 sprzeda\u017c, b\u0119d\u0105 promowa\u0107 nadchodz\u0105ce wydarzenia, uzyskiwa\u0107 opinie i subskrybent\u00f3w i wiele wi\u0119cej.<\/b><\/p>\n<\/div>\n\n<div class=\"faq\" data-component=\"FAQ\">\n    <div class=\"faq-item\">\r\n\t\t\t\t\t<div class=\"faq-item-question\">\r\n\t\t\t\t\t\t<h3 class=\"faq-item-question-text\">W jaki spos\u00f3b doda\u0107 wyskakuj\u0105ce okienko do mojej witryny jQuery?<\/h3>\r\n\r\n\t\t\t\t\t\t<div class=\"faq-item-question-icon\"><\/div>\r\n\t\t\t\t\t<\/div>\r\n\r\n\t\t\t\t\t<div class=\"faq-item-answer\">\r\n\t\t\t\t\t\t<div class=\"faq-item-answer-text\">\n    <p>Nast\u0119puje tworzenie wid\u017cetu na stronach Elfsight i nie ma potrzeby kodowania. Przejd\u017a do aktywnego demo, aby dostosowa\u0107 swoj\u0105 osobist\u0105 wtyczk\u0119, uzyskaj kod i wklej go na swojej stronie. Mo\u017cesz go doda\u0107 w dowolnym miejscu i masz mo\u017cliwo\u015b\u0107 wy\u015bwietlenia wyskakuj\u0105cego okienka jQuery w menu.<\/p>\n    <\/div>\r\n\t\t\t\t\t<\/div>\r\n\t\t\t\t<\/div>\n    <div class=\"faq-item\">\r\n\t\t\t\t\t<div class=\"faq-item-question\">\r\n\t\t\t\t\t\t<h3 class=\"faq-item-question-text\">Najlepsze przyk\u0142ady wykorzystania integracji okien wyskakuj\u0105cych<\/h3>\r\n\r\n\t\t\t\t\t\t<div class=\"faq-item-question-icon\"><\/div>\r\n\t\t\t\t\t<\/div>\r\n\r\n\t\t\t\t\t<div class=\"faq-item-answer\">\r\n\t\t\t\t\t\t<div class=\"faq-item-answer-text\">\n    <p>Dajemy Ci szereg mo\u017cliwo\u015bci dostosowywania: pe\u0142nowymiarowe wid\u017cety do dodawania w sekcji tre\u015bci, p\u0142ywaj\u0105ce wtyczki do funkcji przewijania, uk\u0142ady stopki, nag\u0142\u00f3wka i wszystkie warianty mo\u017cliwo\u015bci pionowych pask\u00f3w bocznych i menu witryny. Za pomoc\u0105 gotowych szablon\u00f3w mo\u017cesz \u0142atwo stworzy\u0107 wyskakuj\u0105ce okienko z potwierdzeniem w jQuery lub dowolny inny typ boxu.<\/p>\n    <\/div>\r\n\t\t\t\t\t<\/div>\r\n\t\t\t\t<\/div>\n    <div class=\"faq-item\">\r\n\t\t\t\t\t<div class=\"faq-item-question\">\r\n\t\t\t\t\t\t<h3 class=\"faq-item-question-text\">Czy mog\u0119 zbudowa\u0107 Czarny Pi\u0105tek lub Wyskakuj\u0105ce powiadomienie jQuery w edytorze?<\/h3>\r\n\r\n\t\t\t\t\t\t<div class=\"faq-item-question-icon\"><\/div>\r\n\t\t\t\t\t<\/div>\r\n\r\n\t\t\t\t\t<div class=\"faq-item-answer\">\r\n\t\t\t\t\t\t<div class=\"faq-item-answer-text\">\n    <p>Mo\u017cesz dowolnie modyfikowa\u0107 dowolne modyfikacje wid\u017cetu. Istnieje wiele uk\u0142ad\u00f3w wyskakuj\u0105cych okienek jQuery i ka\u017cdy z nich mo\u017cna szybko spersonalizowa\u0107 tak, jak potrzebujesz. Mo\u017cesz doda\u0107 kupon lub powiadomienie do swojego wyskakuj\u0105cego okienka i cieszy\u0107 si\u0119 wzrostem konwersji.<\/p>\n    <\/div>\r\n\t\t\t\t\t<\/div>\r\n\t\t\t\t<\/div>\n<\/div>\n\n<div class=\"application-platform-content-item-features application-platform-content-item\" id=\"features\" data-nav-section=\"features\">\n<h2>G\u0142\u00f3wne cechy wid\u017cetu Wyskakuj\u0105ce okienko<\/h2>\n<p>Sprawd\u017a list\u0119 wszystkich funkcji wid\u017cetu. Mo\u017cesz zarz\u0105dza\u0107 wyskakuj\u0105cymi okienkami jQuery bezpo\u015brednio w edytorze, co pomo\u017ce Ci skonfigurowa\u0107 wid\u017cet tak, aby pasowa\u0142 do ka\u017cdego przypadku.<\/p>\n<ul>\n    <li>Dwana\u015bcie blok\u00f3w tre\u015bci do zbudowania wyskakuj\u0105cego okienka<\/li>\n    <li>Pi\u0119\u0107 do\u0142\u0105czonych uk\u0142ad\u00f3w wyskakuj\u0105cych okienek dla r\u00f3\u017cnych przypadk\u00f3w<\/li>\n    <li>Dodaj przyciski umo\u017cliwiaj\u0105ce przenoszenie odwiedzaj\u0105cych pod dowolny adres z wyskakuj\u0105cego okienka box<\/li>\n    <li>Opcja przes\u0142ania obrazu t\u0142a wtyczki<\/li>\n    <li>Wyskakuj\u0105ce okienko mo\u017ce pojawi\u0107 si\u0119 po okre\u015blonym czasie sp\u0119dzonym na stronie internetowej lub przewini\u0119ciu<\/li>\n    <li>Wyzwalacze wyskakuj\u0105cych okienek: klikni\u0119cie okre\u015blonego elementu lub przewini\u0119cie do niego<\/li>\n<\/ul>\n<p><a href=\"#demo\">Sprawd\u017a wszystkie pozosta\u0142e funkcje w wersji demonstracyjnej<\/a><\/p>\n<\/div>\n\n<div class=\"application-platform-content-item-installation application-platform-content-item\" id=\"installation\" data-nav-section=\"installation\">\n<h2>Jak osadzi\u0107 jQuery Pop-up na stronie internetowej?<\/h2>\n<p>Aby doda\u0107 wid\u017cet, wykonaj nast\u0119puj\u0105ce szybkie kroki<\/p>\n<ol>\n    <li><b>Wygeneruj Twoja spersonalizowana wtyczka Popup<\/b><br> Przejd\u017a do naszego bezp\u0142atnego konfiguratora, wybierz przyk\u0142ad Popup jQuery i wygeneruj widget o preferowanym wygl\u0105dzie i funkcjonalno\u015bci.<\/li>\n    <li><b>Zdob\u0105d\u017a indywidualny kod, aby zainstaluj wtyczk\u0119<\/b><br> Po utworzeniu wid\u017cetu otrzymasz sw\u00f3j osobisty kod z wy\u015bwietlonego okna aplikacji Elfsight. Skopiuj kod.<\/li>\n    <li><b>Zintegruj wtyczk\u0119 ze swoj\u0105 witryn\u0105 jQuery<\/b><br> Wybierz miejsce, do kt\u00f3rego chcesz doda\u0107 widget i wstaw tam zapisany kod. Zapisz zmiany.<\/li>\n    <li><b>Instalacja zako\u0144czy\u0142a si\u0119 pomy\u015blnie<\/b><br> Wejd\u017a na stron\u0119 internetow\u0105, aby obejrze\u0107 wyskakuj\u0105ce okienko.<\/li>\n<\/ol>\n<p>Je\u015bli potrzebujesz pomocy lub masz pytania, mo\u017cesz zwr\u00f3ci\u0107 si\u0119 do obs\u0142ugi klienta. Nasi specjali\u015bci ch\u0119tnie pomog\u0105 w ka\u017cdym zapytaniu.<\/p>\n<\/div>","protected":false},"excerpt":{"rendered":"","protected":false},"author":9,"featured_media":0,"parent":1960,"menu_order":0,"comment_status":"closed","ping_status":"closed","template":"templates\/template-application-platform.php","meta":{"publish_to_discourse":"","publish_post_category":"","wpdc_auto_publish_overridden":"","wpdc_topic_tags":"","wpdc_pin_topic":"","wpdc_pin_until":"","discourse_post_id":"","discourse_permalink":"","wpdc_publishing_response":"","wpdc_publishing_error":"","footnotes":""},"class_list":["post-6037","page","type-page","status-publish","hentry"],"yoast_head":"<!-- This site is optimized with the Yoast SEO plugin v25.3.1 - https:\/\/yoast.com\/wordpress\/plugins\/seo\/ -->\n<title>Dodaj wid\u017cet wyskakuj\u0105cy do witryny jQuery<\/title>\n<meta name=\"description\" content=\"Utw\u00f3rz wyskakuj\u0105ce okienko w jQuery bez kodowania!\" \/>\n<meta name=\"robots\" content=\"index, follow, max-snippet:-1, max-image-preview:large, max-video-preview:-1\" \/>\n<link rel=\"canonical\" href=\"https:\/\/elfsight.com\/pl\/popup-widget\/jquery\/\" \/>\n<meta property=\"og:locale\" content=\"pl_PL\" \/>\n<meta property=\"og:type\" content=\"article\" \/>\n<meta property=\"og:title\" content=\"Dodaj wid\u017cet wyskakuj\u0105cy do witryny jQuery\" \/>\n<meta property=\"og:description\" content=\"Utw\u00f3rz wyskakuj\u0105ce okienko w jQuery bez kodowania!\" \/>\n<meta property=\"og:url\" content=\"https:\/\/elfsight.com\/pl\/popup-widget\/jquery\/\" \/>\n<meta property=\"og:site_name\" content=\"Elfsight PL\" \/>\n<meta property=\"article:modified_time\" content=\"2025-06-25T16:19:21+00:00\" \/>\n<meta name=\"twitter:card\" content=\"summary_large_image\" \/>\n<meta name=\"twitter:label1\" content=\"Szacowany czas czytania\" \/>\n\t<meta name=\"twitter:data1\" content=\"3 minuty\" \/>\n<!-- \/ Yoast SEO plugin. -->","yoast_head_json":{"title":"Dodaj wid\u017cet wyskakuj\u0105cy do witryny jQuery","description":"Utw\u00f3rz wyskakuj\u0105ce okienko w jQuery bez kodowania!","robots":{"index":"index","follow":"follow","max-snippet":"max-snippet:-1","max-image-preview":"max-image-preview:large","max-video-preview":"max-video-preview:-1"},"canonical":"https:\/\/elfsight.com\/pl\/popup-widget\/jquery\/","og_locale":"pl_PL","og_type":"article","og_title":"Dodaj wid\u017cet wyskakuj\u0105cy do witryny jQuery","og_description":"Utw\u00f3rz wyskakuj\u0105ce okienko w jQuery bez kodowania!","og_url":"https:\/\/elfsight.com\/pl\/popup-widget\/jquery\/","og_site_name":"Elfsight PL","article_modified_time":"2025-06-25T16:19:21+00:00","twitter_card":"summary_large_image","twitter_misc":{"Szacowany czas czytania":"3 minuty"},"schema":{"@context":"https:\/\/schema.org","@graph":[{"@type":"WebPage","@id":"https:\/\/elfsight.com\/pl\/popup-widget\/jquery\/","url":"https:\/\/elfsight.com\/pl\/popup-widget\/jquery\/","name":"Dodaj wid\u017cet wyskakuj\u0105cy do witryny jQuery","isPartOf":{"@id":"https:\/\/elfsight.com\/pl\/#website"},"datePublished":"1970-01-01T00:00:00+00:00","dateModified":"2025-06-25T16:19:21+00:00","description":"Utw\u00f3rz wyskakuj\u0105ce okienko w jQuery bez kodowania!","breadcrumb":{"@id":"https:\/\/elfsight.com\/pl\/popup-widget\/jquery\/#breadcrumb"},"inLanguage":"pl-PL","potentialAction":[{"@type":"ReadAction","target":["https:\/\/elfsight.com\/pl\/popup-widget\/jquery\/"]}]},{"@type":"BreadcrumbList","@id":"https:\/\/elfsight.com\/pl\/popup-widget\/jquery\/#breadcrumb","itemListElement":[{"@type":"ListItem","position":1,"name":"Home","item":"https:\/\/elfsight.com\/pl\/"},{"@type":"ListItem","position":2,"name":"Popup","item":"https:\/\/elfsight.com\/pl\/popup-widget\/"},{"@type":"ListItem","position":3,"name":"Popup &#8211; jQuery"}]},{"@type":"WebSite","@id":"https:\/\/elfsight.com\/pl\/#website","url":"https:\/\/elfsight.com\/pl\/","name":"Elfsight PL","description":"Just another Elfsight Sites site","potentialAction":[{"@type":"SearchAction","target":{"@type":"EntryPoint","urlTemplate":"https:\/\/elfsight.com\/pl\/?s={search_term_string}"},"query-input":{"@type":"PropertyValueSpecification","valueRequired":true,"valueName":"search_term_string"}}],"inLanguage":"pl-PL"}]}},"meta_box":{"industry":"","seo_heading":"","heading":"","description":"","cta_heading":"","cta_description":"","application":"1959","h1":"Wtyczka jQuery Popup","h1_caption":"Wy\u015bwietlaj wyskakuj\u0105ce okienka, aby przyci\u0105gn\u0105\u0107 uwag\u0119 odwiedzaj\u0105cych, promowa\u0107 oferty lub zbiera\u0107 potencjalnych klient\u00f3w bez konieczno\u015bci przerywania korzystania z witryny i przej\u015bcia do witryny jQuery.","application_category":[],"applications_title":"","applications_request_title":"","applications_request_button_text":"","hero_text":"","hero_video":"","hero_video_schema_markup":"","selling_points_title":"","selling_points_caption":"","selling_points":[],"selling_points_cta_text":"","features_title":"","features":"","ed_cta_examples_text":"","ed_cta_examples_hidden":"","ed_cta_demo_text":"","ed_cta_demo_hidden":"","why_caption":"","why_editor_title":"","why_editor_text":"","why_team_title":"","why_team_text":"","why_service_title":"","why_service_text":"","template_catalog_visible":"0","template_catalog_title":"","template_catalog_text":"","template_catalog_categories_visible":"","demo_title":"Utw\u00f3rz wtyczk\u0119 Popup","demo_caption":"Skonfiguruj sw\u00f3j Popup i dodaj go do swojej witryny jQuery za darmo!","default_faq_hidden":"","app_template_category":[],"platform":"56","template_public_id":"","codecanyon_url":"","codecanyon_item_id":"","codecanyon_price":"","pricing_caption":"","pricing_elfsight_apps_hide_column":"","pricing_elfsight_apps_url":"","pricing_codecanyon_price_caption":"","integration_category":[],"integration_request_title":"","integration_request_cta":"","integration_platform":"","integrations":[],"platform_category":[],"video_schema_markup":"","price":"od 0 USD \/ miesi\u0105c","trial":"","benefits":[{"text":"Bezp\u0142atna pomoc w instalacji"},{"text":"Wyj\u0105tkowe wsparcie"},{"text":"14-dniowa gwarancja zwrotu pieni\u0119dzy"}],"button_url":"#demo","button_target_blank":"0","button_nofollow":"0","attributes":[{"name":"Instaluje"},{"name":"Czu\u0142y"},{"name":"Kompatybilne przegl\u0105darki"}],"tags":[],"tags_disable_links":"0","hide_more_platforms":"0","video_object":"","demo_hide_cta":"0","demo_hide_cloud_options":"0","pricing_title":"","pricing":[{"pricing_icon":"platform","pricing_title":"Elfsight Apps","pricing_title_caption":"Wersja niezale\u017cna od platformy, kt\u00f3ra pasuje do ka\u017cdej witryny","pricing_price":"od 0 USD \/ miesi\u0105c","pricing_price_caption":"zacznij od bezp\u0142atnego planu","pricing_benefits":[{"text":"Nielimitowane strony internetowe"},{"text":"Dedykowane wsparcie firmy i dobrze udokumentowane"},{"text":"Bezp\u0142atna pomoc w monta\u017cu"},{"text":"100% konfigurowalny"}],"pricing_button_text":"Dodaj do witryny","pricing_button_url":"#demo"}],"related_apps_title":"","related_apps_hidden":"0","author":"","image":[],"title":"","job":"","social_networks":[]},"_links":{"self":[{"href":"https:\/\/elfsight.com\/pl\/wp-json\/wp\/v2\/pages\/6037","targetHints":{"allow":["GET"]}}],"collection":[{"href":"https:\/\/elfsight.com\/pl\/wp-json\/wp\/v2\/pages"}],"about":[{"href":"https:\/\/elfsight.com\/pl\/wp-json\/wp\/v2\/types\/page"}],"author":[{"embeddable":true,"href":"https:\/\/elfsight.com\/pl\/wp-json\/wp\/v2\/users\/9"}],"replies":[{"embeddable":true,"href":"https:\/\/elfsight.com\/pl\/wp-json\/wp\/v2\/comments?post=6037"}],"version-history":[{"count":2,"href":"https:\/\/elfsight.com\/pl\/wp-json\/wp\/v2\/pages\/6037\/revisions"}],"predecessor-version":[{"id":10520,"href":"https:\/\/elfsight.com\/pl\/wp-json\/wp\/v2\/pages\/6037\/revisions\/10520"}],"up":[{"embeddable":true,"href":"https:\/\/elfsight.com\/pl\/wp-json\/wp\/v2\/pages\/1960"}],"wp:attachment":[{"href":"https:\/\/elfsight.com\/pl\/wp-json\/wp\/v2\/media?parent=6037"}],"curies":[{"name":"wp","href":"https:\/\/api.w.org\/{rel}","templated":true}]}}