{"id":6032,"date":"1970-01-01T00:00:00","date_gmt":"1970-01-01T00:00:00","guid":{"rendered":"https:\/\/elfsight.com\/pl\/?page_id=6032"},"modified":"2024-11-14T09:31:07","modified_gmt":"2024-11-14T09:31:07","slug":"magento","status":"publish","type":"page","link":"https:\/\/elfsight.com\/pl\/popup-widget\/magento\/","title":{"rendered":"Popup &#8211; Magento"},"content":{"rendered":"<div class=\"application-platform-content-item-description application-platform-content-item\" id=\"description\" data-nav-section=\"description\"> <h2>Opis<\/h2> <p>Dzi\u0119ki rozszerzeniu Elfsight Pop-up ka\u017cdy ma szans\u0119 na tworzenie w\u0142asnych niestandardowych wyskakuj\u0105cych okienek dowolnego typu i integrowanie ich na Twojej stronie internetowej Magento. Stw\u00f3rz spersonalizowane wyskakuj\u0105ce okienko, korzystaj\u0105c z r\u00f3\u017cnych wbudowanych element\u00f3w. Zmie\u0144 interfejs i kompozycj\u0119; wybierz wyzwalacz otwieraj\u0105cy i okre\u015bl moment, w kt\u00f3rym zwi\u0119kszysz skuteczno\u015b\u0107. Wyskakuj\u0105ce okienka pozwol\u0105 odwiedzaj\u0105cym subskrybowa\u0107 poczt\u0119, odkry\u0107 Twoje oferty, kopiowa\u0107 kupony rabatowe, korzysta\u0107 z wyprzeda\u017cy i ofert specjalnych, otrzymywa\u0107 informacje o wa\u017cnych wydarzeniach na Twojej stronie i wiele wi\u0119cej. Mo\u017cesz na przyk\u0142ad u\u017cy\u0107 wyskakuj\u0105cego okienka z potwierdzeniem Magento, gdy u\u017cytkownik kupi co\u015b w Twojej witrynie i zakupi\u0142 przedmiot.<\/p><p><b>Wyskakuj\u0105ce okienka pozwol\u0105 na skuteczniejsz\u0105 sprzeda\u017c, og\u0142aszanie planowanych dzia\u0142a\u0144, zbieranie wy\u015bwietle\u0144 i potencjalnych klient\u00f3w , i wiele wi\u0119cej. <\/b><\/p> <\/div><div class=\"faq\" data-component=\"FAQ\"><div class=\"faq-item\">\r\n\t\t\t\t\t<div class=\"faq-item-question\">\r\n\t\t\t\t\t\t<h3 class=\"faq-item-question-text\">W jaki spos\u00f3b mog\u0119 osadzi\u0107 wyskakuj\u0105ce okienko na stronie Magento? <\/h3>\r\n\r\n\t\t\t\t\t\t<div class=\"faq-item-question-icon\"><\/div>\r\n\t\t\t\t\t<\/div>\r\n\r\n\t\t\t\t\t<div class=\"faq-item-answer\">\r\n\t\t\t\t\t\t<div class=\"faq-item-answer-text\"><p>Tworzenie wid\u017cet odbywa si\u0119 na stronach Elfsight i nie ma potrzeby kodowania. Skorzystaj z naszego demo online, aby dostosowa\u0107 sw\u00f3j osobisty widget, zdoby\u0107 kod i umie\u015bci\u0107 go na swojej stronie internetowej. <\/p><\/div>\r\n\t\t\t\t\t<\/div>\r\n\t\t\t\t<\/div><div class=\"faq-item\">\r\n\t\t\t\t\t<div class=\"faq-item-question\">\r\n\t\t\t\t\t\t<h3 class=\"faq-item-question-text\">Najlepsze przyk\u0142ady wykorzystania integracji baner\u00f3w wyskakuj\u0105cych<\/h3>\r\n\r\n\t\t\t\t\t\t<div class=\"faq-item-question-icon\"><\/div>\r\n\t\t\t\t\t<\/div>\r\n\r\n\t\t\t\t\t<div class=\"faq-item-answer\">\r\n\t\t\t\t\t\t<div class=\"faq-item-answer-text\"><p>Zapewnimy Ci wiele opcji personalizacji: pe\u0142nowymiarowe wid\u017cety do dodawania tre\u015bci obszar, p\u0142ywaj\u0105ce wtyczki do przewijania, miniatury stopki, sekcja nag\u0142\u00f3wka i wszelkiego rodzaju mo\u017cliwo\u015bci pionowe dla pask\u00f3w bocznych i menu. <\/p><\/div>\r\n\t\t\t\t\t<\/div>\r\n\t\t\t\t<\/div><div class=\"faq-item\">\r\n\t\t\t\t\t<div class=\"faq-item-question\">\r\n\t\t\t\t\t\t<h3 class=\"faq-item-question-text\">Czy mog\u0119 utworzy\u0107 wyskakuj\u0105ce okienko biuletynu Magento za pomoc\u0105 edytora? <\/h3>\r\n\r\n\t\t\t\t\t\t<div class=\"faq-item-question-icon\"><\/div>\r\n\t\t\t\t\t<\/div>\r\n\r\n\t\t\t\t\t<div class=\"faq-item-answer\">\r\n\t\t\t\t\t\t<div class=\"faq-item-answer-text\"><p>Mo\u017cesz dowolnie modyfikowa\u0107 dowolne wid\u017cety. Wystarczy przej\u015b\u0107 do sekcji szablon\u00f3w, znale\u017a\u0107 tam projekt Newslettera, lekko go dostosowa\u0107 i zainstalowa\u0107 na stronie Magento. W edytorze dost\u0119pnych jest mn\u00f3stwo uk\u0142ad\u00f3w, w tym bezp\u0142atne rozszerzenie Magento Newsletter Popup. Wszystkie z nich mo\u017cna szybko spersonalizowa\u0107 wed\u0142ug potrzeb. <\/p><\/div>\r\n\t\t\t\t\t<\/div>\r\n\t\t\t\t<\/div><\/div><div class=\"application-platform-content-item-features application-platform-content-item\" id=\"features\" data-nav-section=\"features\"> <h2>G\u0142\u00f3wne cechy rozszerzenia Popup<\/h2> <p>Tutaj mo\u017cesz zobaczy\u0107 wszystkie funkcje wid\u017cetu. S\u0105 one dost\u0119pne bezpo\u015brednio w edytorze i pomog\u0105 Ci stworzy\u0107 wid\u017cet newslettera najbardziej odpowiadaj\u0105cy Twoim potrzebom.<\/p> <ul><li>Wiele gotowych szablon\u00f3w: wyskakuj\u0105ce okienko z potwierdzeniem Magento, newsletter, Czarny Pi\u0105tek i tak dalej .<\/li><li>12 r\u00f3\u017cnych element\u00f3w do budowy wyskakuj\u0105cego okienka<\/li> <li>5 gotowych uk\u0142ad\u00f3w wyskakuj\u0105cych okienek do r\u00f3\u017cnych przypadk\u00f3w<\/li> <li>Osadzaj przyciski umo\u017cliwiaj\u0105ce przekierowanie na dowolny adres<\/li> <li>Prze\u015blij zdj\u0119cie t\u0142a<\/li> <li>Wyskakuj\u0105ce okienko mo\u017cna aktywowa\u0107 po okre\u015blonym czasie na stronie lub przewini\u0119ciu<\/li> <li>Wyskakuj\u0105ce okienko mo\u017cna uruchomi\u0107 klikaj\u0105c na wybrany element lub przewijaj\u0105c w d\u00f3\u0142 do to<\/li> <\/ul> <p><a href=\"#demo\">Sprawd\u017a, jak dzia\u0142aj\u0105 wszystkie funkcje, w naszej wersji demonstracyjnej<\/a><\/p> <\/div><div class=\"application-platform-content-item-installation application-platform-content-item\" id=\"installation\" data-nav-section=\"installation\"><h2>Jak doda\u0107 Popup do mojej witryny Magento?<\/h2> <p>Wystarczy wykona\u0107 kilka krok\u00f3w opisanych poni\u017cej, aby osadzi\u0107 wid\u017cet w Magento.<\/p> <ol><li><b>Uruchom nasz\u0105 bezp\u0142atn\u0105 wersj\u0119 demonstracyjn\u0105 i zacznij tworzy\u0107 w\u0142asne rozszerzenie. <\/b><br> Znajd\u017a po\u017c\u0105dan\u0105 form\u0119 i specyfikacj\u0119 rozszerzenia i zapisz poprawki. <\/li> <li><b>Skopiuj sw\u00f3j indywidualny kod pokazany w oknie aplikacji Elfsight. <\/b><br> Zaraz po zako\u0144czeniu konfiguracji narz\u0119dzia skopiuj ekskluzywny kod z wy\u015bwietlonego wyskakuj\u0105cego okienka i zapisz go na przysz\u0142o\u015b\u0107. <\/li> <li><b>Rozpocznij korzystanie z rozszerzenia Popup w swojej witrynie Magento. <\/b><br> Umie\u015b\u0107 ostatnio skopiowany kod na swojej stronie i zastosuj zmiany. <\/li> <li><b>Konfiguracja zosta\u0142a pomy\u015blnie uko\u0144czona. <\/b><br> Odwied\u017a swoj\u0105 witryn\u0119 Magento, aby sprawdzi\u0107 dzia\u0142anie wid\u017cetu. <\/li><\/ol><p>Nie zastanawiaj si\u0119 dwa razy i skontaktuj si\u0119 z obs\u0142ug\u0105 klienta Elfsight, je\u015bli potrzebujesz porady dotycz\u0105cej instalacji na Magento. Przy ka\u017cdym zapytaniu pomo\u017cemy.<\/p> <\/div>","protected":false},"excerpt":{"rendered":"","protected":false},"author":9,"featured_media":0,"parent":1960,"menu_order":0,"comment_status":"closed","ping_status":"closed","template":"templates\/template-application-platform.php","meta":{"publish_to_discourse":"","publish_post_category":"","wpdc_auto_publish_overridden":"","wpdc_topic_tags":"","wpdc_pin_topic":"","wpdc_pin_until":"","discourse_post_id":"","discourse_permalink":"","wpdc_publishing_response":"","wpdc_publishing_error":"","footnotes":""},"class_list":["post-6032","page","type-page","status-publish","hentry"],"yoast_head":"<!-- This site is optimized with the Yoast SEO plugin v25.3.1 - https:\/\/yoast.com\/wordpress\/plugins\/seo\/ -->\n<title>Dodaj rozszerzenie Popup do witryny Magento za darmo<\/title>\n<meta name=\"description\" content=\"Utw\u00f3rz Popup na Magento bez kodowania!\" \/>\n<meta name=\"robots\" content=\"index, follow, max-snippet:-1, max-image-preview:large, max-video-preview:-1\" \/>\n<link rel=\"canonical\" href=\"https:\/\/elfsight.com\/pl\/popup-widget\/magento\/\" \/>\n<meta property=\"og:locale\" content=\"pl_PL\" \/>\n<meta property=\"og:type\" content=\"article\" \/>\n<meta property=\"og:title\" content=\"Dodaj rozszerzenie Popup do witryny Magento za darmo\" \/>\n<meta property=\"og:description\" content=\"Utw\u00f3rz Popup na Magento bez kodowania!\" \/>\n<meta property=\"og:url\" content=\"https:\/\/elfsight.com\/pl\/popup-widget\/magento\/\" \/>\n<meta property=\"og:site_name\" content=\"Elfsight PL\" \/>\n<meta property=\"article:modified_time\" content=\"2024-11-14T09:31:07+00:00\" \/>\n<meta name=\"twitter:card\" content=\"summary_large_image\" \/>\n<meta name=\"twitter:label1\" content=\"Szacowany czas czytania\" \/>\n\t<meta name=\"twitter:data1\" content=\"3 minuty\" \/>\n<!-- \/ Yoast SEO plugin. -->","yoast_head_json":{"title":"Dodaj rozszerzenie Popup do witryny Magento za darmo","description":"Utw\u00f3rz Popup na Magento bez kodowania!","robots":{"index":"index","follow":"follow","max-snippet":"max-snippet:-1","max-image-preview":"max-image-preview:large","max-video-preview":"max-video-preview:-1"},"canonical":"https:\/\/elfsight.com\/pl\/popup-widget\/magento\/","og_locale":"pl_PL","og_type":"article","og_title":"Dodaj rozszerzenie Popup do witryny Magento za darmo","og_description":"Utw\u00f3rz Popup na Magento bez kodowania!","og_url":"https:\/\/elfsight.com\/pl\/popup-widget\/magento\/","og_site_name":"Elfsight PL","article_modified_time":"2024-11-14T09:31:07+00:00","twitter_card":"summary_large_image","twitter_misc":{"Szacowany czas czytania":"3 minuty"},"schema":{"@context":"https:\/\/schema.org","@graph":[{"@type":"WebPage","@id":"https:\/\/elfsight.com\/pl\/popup-widget\/magento\/","url":"https:\/\/elfsight.com\/pl\/popup-widget\/magento\/","name":"Dodaj rozszerzenie Popup do witryny Magento za darmo","isPartOf":{"@id":"https:\/\/elfsight.com\/pl\/#website"},"datePublished":"1970-01-01T00:00:00+00:00","dateModified":"2024-11-14T09:31:07+00:00","description":"Utw\u00f3rz Popup na Magento bez kodowania!","breadcrumb":{"@id":"https:\/\/elfsight.com\/pl\/popup-widget\/magento\/#breadcrumb"},"inLanguage":"pl-PL","potentialAction":[{"@type":"ReadAction","target":["https:\/\/elfsight.com\/pl\/popup-widget\/magento\/"]}]},{"@type":"BreadcrumbList","@id":"https:\/\/elfsight.com\/pl\/popup-widget\/magento\/#breadcrumb","itemListElement":[{"@type":"ListItem","position":1,"name":"Home","item":"https:\/\/elfsight.com\/pl\/"},{"@type":"ListItem","position":2,"name":"Popup","item":"https:\/\/elfsight.com\/pl\/popup-widget\/"},{"@type":"ListItem","position":3,"name":"Popup &#8211; Magento"}]},{"@type":"WebSite","@id":"https:\/\/elfsight.com\/pl\/#website","url":"https:\/\/elfsight.com\/pl\/","name":"Elfsight PL","description":"Just another Elfsight Sites site","potentialAction":[{"@type":"SearchAction","target":{"@type":"EntryPoint","urlTemplate":"https:\/\/elfsight.com\/pl\/?s={search_term_string}"},"query-input":{"@type":"PropertyValueSpecification","valueRequired":true,"valueName":"search_term_string"}}],"inLanguage":"pl-PL"}]}},"meta_box":{"industry":"","seo_heading":"","heading":"","description":"","cta_heading":"","cta_description":"","application":"1959","h1":"Rozszerzenie Magento Popup","h1_caption":"Wy\u015bwietlaj wyskakuj\u0105ce okienka, aby przyci\u0105gn\u0105\u0107 uwag\u0119 odwiedzaj\u0105cych, promowa\u0107 oferty lub zbiera\u0107 potencjalnych klient\u00f3w bez konieczno\u015bci przerywania korzystania z witryny na Twojej stronie Magento.","application_category":[],"applications_title":"","applications_request_title":"","applications_request_button_text":"","hero_text":"","hero_video":"","hero_video_schema_markup":"","selling_points_title":"","selling_points_caption":"","selling_points":[],"selling_points_cta_text":"","features_title":"","features":"","ed_cta_examples_text":"","ed_cta_examples_hidden":"","ed_cta_demo_text":"","ed_cta_demo_hidden":"","why_caption":"","why_editor_title":"","why_editor_text":"","why_team_title":"","why_team_text":"","why_service_title":"","why_service_text":"","template_catalog_visible":"","template_catalog_title":"","template_catalog_text":"","template_catalog_categories_visible":"","demo_title":"Utw\u00f3rz rozszerzenie Popup","demo_caption":"Skonfiguruj sw\u00f3j Popup i dodaj go do swojej witryny Magento za darmo!","default_faq_hidden":"","app_template_category":[],"platform":"92","template_public_id":"","codecanyon_url":"","codecanyon_item_id":"","codecanyon_price":"","pricing_caption":"","pricing_elfsight_apps_hide_column":"","pricing_elfsight_apps_url":"","pricing_codecanyon_price_caption":"","integration_category":[],"integration_request_title":"","integration_request_cta":"","integration_platform":"","integrations":[],"platform_category":[],"video_schema_markup":"","price":"od 0 USD \/ miesi\u0105c","trial":"","benefits":[{"text":"Bezp\u0142atna pomoc w monta\u017cu"},{"text":"Do\u015bwiadczona obs\u0142uga klienta"},{"text":"14-dniowa gwarancja zwrotu pieni\u0119dzy"}],"button_url":"#demo","button_target_blank":"","button_nofollow":"","attributes":[{"name":"Instaluje"},{"name":"Czu\u0142y"},{"name":"Kompatybilne przegl\u0105darki"}],"tags":[],"tags_disable_links":"","hide_more_platforms":"","video_object":"","demo_hide_cta":"","demo_hide_cloud_options":"","pricing_title":"","pricing":[{"pricing_icon":"platform","pricing_title":"Elfsight Apps","pricing_title_caption":"Wieloplatformowe rozwi\u0105zanie cyfrowe, kt\u00f3re pasuje do ka\u017cdej witryny","pricing_price":"od 0 USD \/ miesi\u0105c","pricing_price_caption":"zacznij od bezp\u0142atnego planu","pricing_benefits":[{"text":"Nielimitowane strony internetowe"},{"text":"Profesjonalna i terminowa pomoc oraz dobrze udokumentowana"},{"text":"Bezp\u0142atna pomoc w monta\u017cu"},{"text":"W pe\u0142ni konfigurowalny"}],"pricing_button_text":"Dodaj do witryny","pricing_button_url":"#demo"}],"related_apps_title":"","related_apps_hidden":"","author":"","image":[],"title":"","job":"","social_networks":[]},"_links":{"self":[{"href":"https:\/\/elfsight.com\/pl\/wp-json\/wp\/v2\/pages\/6032","targetHints":{"allow":["GET"]}}],"collection":[{"href":"https:\/\/elfsight.com\/pl\/wp-json\/wp\/v2\/pages"}],"about":[{"href":"https:\/\/elfsight.com\/pl\/wp-json\/wp\/v2\/types\/page"}],"author":[{"embeddable":true,"href":"https:\/\/elfsight.com\/pl\/wp-json\/wp\/v2\/users\/9"}],"replies":[{"embeddable":true,"href":"https:\/\/elfsight.com\/pl\/wp-json\/wp\/v2\/comments?post=6032"}],"version-history":[{"count":1,"href":"https:\/\/elfsight.com\/pl\/wp-json\/wp\/v2\/pages\/6032\/revisions"}],"predecessor-version":[{"id":6036,"href":"https:\/\/elfsight.com\/pl\/wp-json\/wp\/v2\/pages\/6032\/revisions\/6036"}],"up":[{"embeddable":true,"href":"https:\/\/elfsight.com\/pl\/wp-json\/wp\/v2\/pages\/1960"}],"wp:attachment":[{"href":"https:\/\/elfsight.com\/pl\/wp-json\/wp\/v2\/media?parent=6032"}],"curies":[{"name":"wp","href":"https:\/\/api.w.org\/{rel}","templated":true}]}}