{"id":6031,"date":"1970-01-01T00:00:00","date_gmt":"1970-01-01T00:00:00","guid":{"rendered":"https:\/\/elfsight.com\/pl\/?page_id=6031"},"modified":"2026-01-28T14:52:35","modified_gmt":"2026-01-28T14:52:35","slug":"html","status":"publish","type":"page","link":"https:\/\/elfsight.com\/pl\/popup-widget\/html\/","title":{"rendered":"Popup &#8211; HTML"},"content":{"rendered":"<div class=\"application-platform-content-item-description application-platform-content-item\" id=\"description\" data-nav-section=\"description\"> <h2>Opis<\/h2> <p>Korzystaj\u0105c z wid\u017cetu Elfsight Popup, mo\u017cesz zaprojektowa\u0107 w\u0142asne, dostosowane wyskakuj\u0105ce okienka do dowolnego zadania i wy\u015bwietla\u0107 je na Strona. Skonfiguruj autentyczne wyskakuj\u0105ce okienko, dodaj\u0105c r\u00f3\u017cnorodne zawarte w nim komponenty. Zmie\u0144 uk\u0142ad i pozycj\u0119; zastosuj wyzwalacz aktywuj\u0105cy i znajd\u017a odpowiedni\u0105 cz\u0119stotliwo\u015b\u0107, aby uzyska\u0107 wi\u0119ksz\u0105 skuteczno\u015b\u0107 wyskakuj\u0105cego okienka. Wyskakuj\u0105ce okienka pozwol\u0105 odwiedzaj\u0105cym subskrybowa\u0107 poczt\u0119, dowiedzie\u0107 si\u0119 wi\u0119cej o Twoich ofertach i skorzysta\u0107 z kupon\u00f3w. Wyskakuj\u0105ce okienko mo\u017ce pom\u00f3c w braniu udzia\u0142u w wyprzeda\u017cach i ofertach specjalnych, otrzymywaniu powiadomie\u0144 o wa\u017cnych wydarzeniach w Twojej witrynie i wielu innych.<\/p> <p><b>Wyskakuj\u0105ce okienka pomog\u0105 Ci lepiej sprzedawa\u0107, promowa\u0107 zaplanowane okazje, zbiera\u0107 opinie i potencjalnych klient\u00f3w oraz wiele wi\u0119cej.<\/b><\/p> <\/div><div class=\"faq\" data-component=\"FAQ\"><div class=\"faq-item\">\r\n\t\t\t\t\t<div class=\"faq-item-question\">\r\n\t\t\t\t\t\t<h3 class=\"faq-item-question-text\">Jak doda\u0107 wyskakuj\u0105ce okienko do mojej witryny HTML? <\/h3>\r\n\r\n\t\t\t\t\t\t<div class=\"faq-item-question-icon\"><\/div>\r\n\t\t\t\t\t<\/div>\r\n\r\n\t\t\t\t\t<div class=\"faq-item-answer\">\r\n\t\t\t\t\t\t<div class=\"faq-item-answer-text\"> <p>Konstrukcja widgetu odbywa si\u0119 na stronach Elfsight i nie ma potrzeby uczenia si\u0119 kodowania. Przejd\u017a do naszej wersji demonstracyjnej online, aby ukszta\u0142towa\u0107 swoje osobiste okno wyskakuj\u0105ce, pobierz kod i wklej go na swojej stronie. <\/p><\/div>\r\n\t\t\t\t\t<\/div>\r\n\t\t\t\t<\/div><div class=\"faq-item\">\r\n\t\t\t\t\t<div class=\"faq-item-question\">\r\n\t\t\t\t\t\t<h3 class=\"faq-item-question-text\">Najlepsze sposoby wykorzystania integracji wyskakuj\u0105cych okienek<\/h3>\r\n\r\n\t\t\t\t\t\t<div class=\"faq-item-question-icon\"><\/div>\r\n\t\t\t\t\t<\/div>\r\n\r\n\t\t\t\t\t<div class=\"faq-item-answer\">\r\n\t\t\t\t\t\t<div class=\"faq-item-answer-text\"><p>Zapewniamy szereg opcji dostosowywania: pe\u0142nowymiarowe wid\u017cety do osadzania w tre\u015bci sekcja, p\u0142ywaj\u0105ce wid\u017cety z funkcj\u0105 przewijania. Mo\u017cesz tak\u017ce znale\u017a\u0107 uk\u0142ady wyskakuj\u0105cych okienek HTML dla stopki swojej witryny, nag\u0142\u00f3wka i wszelkiego rodzaju opcji pionowych dla pask\u00f3w bocznych i menu. <\/p><\/div>\r\n\t\t\t\t\t<\/div>\r\n\t\t\t\t<\/div><div class=\"faq-item\">\r\n\t\t\t\t\t<div class=\"faq-item-question\">\r\n\t\t\t\t\t\t<h3 class=\"faq-item-question-text\">Czy mog\u0119 utworzy\u0107 wyskakuj\u0105cy biuletyn lub wyskakuj\u0105ce okienko z ofertami specjalnymi za pomoc\u0105 Twojego edytora?<\/h3>\r\n\r\n\t\t\t\t\t\t<div class=\"faq-item-question-icon\"><\/div>\r\n\t\t\t\t\t<\/div>\r\n\r\n\t\t\t\t\t<div class=\"faq-item-answer\">\r\n\t\t\t\t\t\t<div class=\"faq-item-answer-text\"><p>Mo\u017cesz tworzy\u0107 dowolne zmiany w wid\u017cecie. W edytorze dost\u0119pnych jest mn\u00f3stwo uk\u0142ad\u00f3w wyskakuj\u0105cego komunikatu HTML i ka\u017cdy z nich mo\u017cna \u0142atwo dostosowa\u0107 do w\u0142asnych potrzeb. <\/p><\/div>\r\n\t\t\t\t\t<\/div>\r\n\t\t\t\t<\/div><\/div><div class=\"application-platform-content-item-features application-platform-content-item\" id=\"features\" data-nav-section=\"features\"> <h2>G\u0142\u00f3wne cechy wid\u017cetu Popup<\/h2><p>Sprawd\u017a wszystkie cechy funkcjonalne wid\u017cetu. Mo\u017cesz nimi zarz\u0105dza\u0107 bezpo\u015brednio w edytorze. Te funkcje pomog\u0105 Ci skonstruowa\u0107 wyskakuj\u0105ce okienko HTML odpowiednie dla Twojego przypadku u\u017cycia.<\/p> <ul><li>12 element\u00f3w w zestawie do konfiguracji wyskakuj\u0105cego okienka<\/li> <li>5 gotowych do u\u017cycia uk\u0142ad\u00f3w wyskakuj\u0105cych okienek dla r\u00f3\u017cne wyskakuj\u0105ce komunikaty<\/li> <li>Umie\u015b\u0107 przyciski umo\u017cliwiaj\u0105ce przekierowanie na dowolny adres;<\/li> <li>Prze\u015blij obraz t\u0142a<\/li> <li>Utw\u00f3rz wyskakuj\u0105ce okienko HTML z tekstem i dostosuj je<\/li><li>Wyskakuj\u0105ce okienko mo\u017ce zosta\u0107 aktywowane po okre\u015blonym czasie sp\u0119dzonym na stronie lub procentowym przewini\u0119ciu<\/li> <li>Wyzwalacze wyskakuj\u0105cego okienka: klikni\u0119cie okre\u015blonego elementu lub przewini\u0119cie do niego<\/li><\/ul> <p><a href=\"#demo\">Mo\u017cesz przetestowa\u0107 wszystkie funkcje wid\u017cetu bezpo\u015brednio w wersji demonstracyjnej<\/a><\/p> <\/div><div class=\"application-platform-content-item-installation application-platform-content-item\" id=\"installation\" data-nav-section=\"installation\"><h2>Jak osadzi\u0107 kod wyskakuj\u0105cego okienka w Witryna HTML?<\/h2> <div class=\"video-container\"><iframe width=\"720\" height=\"405\" src=\"https:\/\/www.youtube.com\/embed\/Twi9jv_okBk?si=_oH7aaR49oOBZuWH\" frameborder=\"0\" allowfullscreen>\n<\/iframe>\n<\/div><p>Aby osadzi\u0107 wid\u017cet, po prostu post\u0119puj zgodnie z poni\u017cszymi instrukcjami<\/p> <ol><li><b>Skonstruuj swoje unikalne wyskakuj\u0105ce okienko <\/b><br> Zarz\u0105dzaj\u0105c naszym darmowym konfiguratorem, skonfiguruj wtyczk\u0119 o preferowanym wygl\u0105dzie i funkcjach. Do wyskakuj\u0105cego okienka mo\u017cesz doda\u0107 dowoln\u0105 tre\u015b\u0107: obrazy, filmy, kupony lub teksty. <\/li><li><b>Skopiuj kod osobisty, aby doda\u0107 wid\u017cet<\/b><br> Po utworzeniu wtyczki otrzymasz kod instalacyjny w aplikacjach Elfsight. Skopiuj kod do wykorzystania w przysz\u0142o\u015bci.<\/li> <li><b>Zintegruj widget ze swoj\u0105 witryn\u0105 HTML<\/b><br> Znajd\u017a stron\u0119, na kt\u00f3rej chcesz wy\u015bwietli\u0107 wtyczk\u0119 i wstaw tam wyskakuj\u0105cy kod HTML. Zastosuj zmiany. Pami\u0119taj, \u017ce mo\u017cesz ustawi\u0107 wid\u017cet tak, aby otwiera\u0142 \u0142\u0105cze HTML w wyskakuj\u0105cym okienku.<\/li> <li><b>Instalacja formularza wyskakuj\u0105cego zosta\u0142a w pe\u0142ni zako\u0144czona<\/b><br> Przejd\u017a do strony internetowej, aby wykona\u0107 sp\u00f3jrz na swoje wyskakuj\u0105ce okienko.<\/li> <\/ol><p>Nie wahaj si\u0119 skontaktowa\u0107 z obs\u0142ug\u0105 techniczn\u0105, je\u015bli potrzebujesz porady za pomoc\u0105 wyskakuj\u0105cego okienka HTML. Nasi specjali\u015bci pomog\u0105 w ka\u017cdej sprawie.<\/p> <\/div>","protected":false},"excerpt":{"rendered":"","protected":false},"author":9,"featured_media":0,"parent":1960,"menu_order":0,"comment_status":"closed","ping_status":"closed","template":"templates\/template-application-platform.php","meta":{"publish_to_discourse":"","publish_post_category":"","wpdc_auto_publish_overridden":"","wpdc_topic_tags":"","wpdc_pin_topic":"","wpdc_pin_until":"","discourse_post_id":"","discourse_permalink":"","wpdc_publishing_response":"","wpdc_publishing_error":"","footnotes":""},"class_list":["post-6031","page","type-page","status-publish","hentry"],"yoast_head":"<!-- This site is optimized with the Yoast SEO plugin v25.3.1 - https:\/\/yoast.com\/wordpress\/plugins\/seo\/ -->\n<title>Dodaj wid\u017cet wyskakuj\u0105cy do kodu HTML witryny<\/title>\n<meta name=\"description\" content=\"Utw\u00f3rz wyskakuj\u0105ce okienko dla HTML bez kodowania!\" \/>\n<meta name=\"robots\" content=\"index, follow, max-snippet:-1, max-image-preview:large, max-video-preview:-1\" \/>\n<link rel=\"canonical\" href=\"https:\/\/elfsight.com\/pl\/popup-widget\/html\/\" \/>\n<meta property=\"og:locale\" content=\"pl_PL\" \/>\n<meta property=\"og:type\" content=\"article\" \/>\n<meta property=\"og:title\" content=\"Dodaj wid\u017cet wyskakuj\u0105cy do kodu HTML witryny\" \/>\n<meta property=\"og:description\" content=\"Utw\u00f3rz wyskakuj\u0105ce okienko dla HTML bez kodowania!\" \/>\n<meta property=\"og:url\" content=\"https:\/\/elfsight.com\/pl\/popup-widget\/html\/\" \/>\n<meta property=\"og:site_name\" content=\"Elfsight PL\" \/>\n<meta property=\"article:modified_time\" content=\"2026-01-28T14:52:35+00:00\" \/>\n<meta name=\"twitter:card\" content=\"summary_large_image\" \/>\n<meta name=\"twitter:label1\" content=\"Szacowany czas czytania\" \/>\n\t<meta name=\"twitter:data1\" content=\"3 minuty\" \/>\n<!-- \/ Yoast SEO plugin. -->","yoast_head_json":{"title":"Dodaj wid\u017cet wyskakuj\u0105cy do kodu HTML witryny","description":"Utw\u00f3rz wyskakuj\u0105ce okienko dla HTML bez kodowania!","robots":{"index":"index","follow":"follow","max-snippet":"max-snippet:-1","max-image-preview":"max-image-preview:large","max-video-preview":"max-video-preview:-1"},"canonical":"https:\/\/elfsight.com\/pl\/popup-widget\/html\/","og_locale":"pl_PL","og_type":"article","og_title":"Dodaj wid\u017cet wyskakuj\u0105cy do kodu HTML witryny","og_description":"Utw\u00f3rz wyskakuj\u0105ce okienko dla HTML bez kodowania!","og_url":"https:\/\/elfsight.com\/pl\/popup-widget\/html\/","og_site_name":"Elfsight PL","article_modified_time":"2026-01-28T14:52:35+00:00","twitter_card":"summary_large_image","twitter_misc":{"Szacowany czas czytania":"3 minuty"},"schema":{"@context":"https:\/\/schema.org","@graph":[{"@type":"WebPage","@id":"https:\/\/elfsight.com\/pl\/popup-widget\/html\/","url":"https:\/\/elfsight.com\/pl\/popup-widget\/html\/","name":"Dodaj wid\u017cet wyskakuj\u0105cy do kodu HTML witryny","isPartOf":{"@id":"https:\/\/elfsight.com\/pl\/#website"},"datePublished":"1970-01-01T00:00:00+00:00","dateModified":"2026-01-28T14:52:35+00:00","description":"Utw\u00f3rz wyskakuj\u0105ce okienko dla HTML bez kodowania!","breadcrumb":{"@id":"https:\/\/elfsight.com\/pl\/popup-widget\/html\/#breadcrumb"},"inLanguage":"pl-PL","potentialAction":[{"@type":"ReadAction","target":["https:\/\/elfsight.com\/pl\/popup-widget\/html\/"]}]},{"@type":"BreadcrumbList","@id":"https:\/\/elfsight.com\/pl\/popup-widget\/html\/#breadcrumb","itemListElement":[{"@type":"ListItem","position":1,"name":"Home","item":"https:\/\/elfsight.com\/pl\/"},{"@type":"ListItem","position":2,"name":"Popup","item":"https:\/\/elfsight.com\/pl\/popup-widget\/"},{"@type":"ListItem","position":3,"name":"Popup &#8211; HTML"}]},{"@type":"WebSite","@id":"https:\/\/elfsight.com\/pl\/#website","url":"https:\/\/elfsight.com\/pl\/","name":"Elfsight PL","description":"Just another Elfsight Sites site","potentialAction":[{"@type":"SearchAction","target":{"@type":"EntryPoint","urlTemplate":"https:\/\/elfsight.com\/pl\/?s={search_term_string}"},"query-input":{"@type":"PropertyValueSpecification","valueRequired":true,"valueName":"search_term_string"}}],"inLanguage":"pl-PL"}]}},"meta_box":{"industry":"","seo_heading":"","heading":"","description":"","cta_heading":"","cta_description":"","application":"1959","h1":"Kod wyskakuj\u0105cego HTML","h1_caption":"Wy\u015bwietlaj wyskakuj\u0105ce okienka, aby przyci\u0105gn\u0105\u0107 uwag\u0119 odwiedzaj\u0105cych, promowa\u0107 oferty lub zbiera\u0107 potencjalnych klient\u00f3w bez konieczno\u015bci przerywania korzystania z witryny i przej\u015bcia do witryny HTML.","application_category":[],"applications_title":"","applications_request_title":"","applications_request_button_text":"","hero_text":"","hero_video":"","hero_video_schema_markup":"","selling_points_title":"","selling_points_caption":"","selling_points":[],"selling_points_cta_text":"","features_title":"","features":"","ed_cta_examples_text":"","ed_cta_examples_hidden":"","ed_cta_demo_text":"","ed_cta_demo_hidden":"","why_caption":"","why_editor_title":"","why_editor_text":"","why_team_title":"","why_team_text":"","why_service_title":"","why_service_text":"","template_catalog_visible":"0","template_catalog_title":"","template_catalog_text":"","template_catalog_categories_visible":"","demo_title":"Utw\u00f3rz wid\u017cet wyskakuj\u0105cy","demo_caption":"Skonfiguruj sw\u00f3j Popup i dodaj go do swojej strony HTML za darmo!","default_faq_hidden":"","app_template_category":[],"platform":"50","template_public_id":"","codecanyon_url":"","codecanyon_item_id":"","codecanyon_price":"","pricing_caption":"","pricing_elfsight_apps_hide_column":"","pricing_elfsight_apps_url":"","pricing_codecanyon_price_caption":"","integration_category":[],"integration_request_title":"","integration_request_cta":"","integration_platform":"","integrations":[],"platform_category":[],"video_schema_markup":"","price":"od 0 USD \/ miesi\u0105c","trial":"","benefits":[{"text":"Bezp\u0142atna us\u0142uga monta\u017cu"},{"text":"Skuteczna obs\u0142uga klienta"},{"text":"14-dniowa gwarancja zwrotu pieni\u0119dzy"}],"button_url":"#demo","button_target_blank":"0","button_nofollow":"0","attributes":[{"name":"Instaluje","content":"100,000 - 500,000"},{"name":"Czu\u0142y","content":"Tak"},{"name":"Kompatybilne przegl\u0105darki","content":"IE11, Firefox, Safari, Opera, Chrome, Edge"}],"tags":[],"tags_disable_links":"0","hide_more_platforms":"0","video_object":"","demo_hide_cta":"0","demo_hide_cloud_options":"0","pricing_title":"","pricing":[{"pricing_icon":"platform","pricing_title":"Elfsight Apps","pricing_title_caption":"Rozwi\u0105zanie wieloplatformowe","pricing_price":"od 0 USD \/ miesi\u0105c","pricing_price_caption":"zacznij od bezp\u0142atnego planu","pricing_benefits":[{"text":"Nielimitowane domeny"},{"text":"Bezp\u0142atne i terminowe wsparcie oraz dobrze udokumentowane"},{"text":"Bezp\u0142atna us\u0142uga monta\u017cu"},{"text":"Oferta ograniczona czasowo dla wielu aplikacji"}],"pricing_button_text":"Dodaj do witryny","pricing_button_url":"#demo"}],"related_apps_title":"","related_apps_hidden":"0","author":"","image":[],"title":"","job":"","social_networks":[]},"_links":{"self":[{"href":"https:\/\/elfsight.com\/pl\/wp-json\/wp\/v2\/pages\/6031","targetHints":{"allow":["GET"]}}],"collection":[{"href":"https:\/\/elfsight.com\/pl\/wp-json\/wp\/v2\/pages"}],"about":[{"href":"https:\/\/elfsight.com\/pl\/wp-json\/wp\/v2\/types\/page"}],"author":[{"embeddable":true,"href":"https:\/\/elfsight.com\/pl\/wp-json\/wp\/v2\/users\/9"}],"replies":[{"embeddable":true,"href":"https:\/\/elfsight.com\/pl\/wp-json\/wp\/v2\/comments?post=6031"}],"version-history":[{"count":3,"href":"https:\/\/elfsight.com\/pl\/wp-json\/wp\/v2\/pages\/6031\/revisions"}],"predecessor-version":[{"id":10855,"href":"https:\/\/elfsight.com\/pl\/wp-json\/wp\/v2\/pages\/6031\/revisions\/10855"}],"up":[{"embeddable":true,"href":"https:\/\/elfsight.com\/pl\/wp-json\/wp\/v2\/pages\/1960"}],"wp:attachment":[{"href":"https:\/\/elfsight.com\/pl\/wp-json\/wp\/v2\/media?parent=6031"}],"curies":[{"name":"wp","href":"https:\/\/api.w.org\/{rel}","templated":true}]}}