{"id":6029,"date":"2024-05-03T06:44:00","date_gmt":"2024-05-03T06:44:00","guid":{"rendered":"https:\/\/elfsight.com\/pl\/?page_id=6029"},"modified":"2024-11-14T09:30:59","modified_gmt":"2024-11-14T09:30:59","slug":"opencart","status":"publish","type":"page","link":"https:\/\/elfsight.com\/pl\/popup-widget\/opencart\/","title":{"rendered":"Popup &#8211; OpenCart"},"content":{"rendered":"<div class=\"application-platform-content-item-description application-platform-content-item\" id=\"description\" data-nav-section=\"description\"> <h2>Opis<\/h2> <p>Dzi\u0119ki rozszerzeniu Elfsight Popup dla Opencart masz szans\u0119 zbudowa\u0107 w\u0142asne niestandardowe wyskakuj\u0105ce okienka r\u00f3\u017cnych typ\u00f3w i zintegrowa\u0107 je na swojej stronie. Skonstruuj sw\u00f3j pop-up, dodaj\u0105c r\u00f3\u017cne typy do\u0142\u0105czonych komponent\u00f3w. Dostosuj interfejs i rozmieszczenie; zastosuj wyzwalacz aktywuj\u0105cy i dostosuj cz\u0119stotliwo\u015b\u0107, aby zwi\u0119kszy\u0107 skuteczno\u015b\u0107. Wyskakuj\u0105ce okienka r\u00f3\u017cnego typu pozwol\u0105 odwiedzaj\u0105cym utworzy\u0107 subskrypcj\u0119, dowiedzie\u0107 si\u0119 wi\u0119cej o Twoich produktach lub us\u0142ugach, skorzysta\u0107 z kupon\u00f3w rabatowych, dowiedzie\u0107 si\u0119 o wyprzeda\u017cach i ofertach specjalnych, zosta\u0107 powiadomionym o nowych okazjach na Twojej stronie G\u0142\u00f3wne funkcje witryny Opencart i wiele wi\u0119cej . <\/p> <p><b>Wyskakuj\u0105ce okienka pomog\u0105 Ci efektywniej sprzedawa\u0107, promowa\u0107 przysz\u0142e wydarzenia, zbiera\u0107 wy\u015bwietlenia i subskrypcje i wiele wi\u0119cej. <\/b><\/p> <\/div><div class=\"faq\" data-component=\"FAQ\"><div class=\"faq-item\">\r\n\t\t\t\t\t<div class=\"faq-item-question\">\r\n\t\t\t\t\t\t<h3 class=\"faq-item-question-text\">Jak mog\u0119 osadzi\u0107 wyskakuj\u0105ce okienko w OpenCart?<\/h3>\r\n\r\n\t\t\t\t\t\t<div class=\"faq-item-question-icon\"><\/div>\r\n\t\t\t\t\t<\/div>\r\n\r\n\t\t\t\t\t<div class=\"faq-item-answer\">\r\n\t\t\t\t\t\t<div class=\"faq-item-answer-text\"><p>Budowa narz\u0119dzia odbywa si\u0119 na stronie internetowej Elfsight i nie ma potrzeby kodowania. Zastosuj aktywne demo, aby zbudowa\u0107 wtyczk\u0119, zdob\u0105d\u017a kod i wklej go na swojej stronie. <\/p><\/div>\r\n\t\t\t\t\t<\/div>\r\n\t\t\t\t<\/div><div class=\"faq-item\">\r\n\t\t\t\t\t<div class=\"faq-item-question\">\r\n\t\t\t\t\t\t<h3 class=\"faq-item-question-text\">Najlepsze sposoby wykorzystania integracji z wyskakuj\u0105cymi banerami<\/h3>\r\n\r\n\t\t\t\t\t\t<div class=\"faq-item-question-icon\"><\/div>\r\n\t\t\t\t\t<\/div>\r\n\r\n\t\t\t\t\t<div class=\"faq-item-answer\">\r\n\t\t\t\t\t\t<div class=\"faq-item-answer-text\"><p>Zapewnimy Ci wiele mo\u017cliwo\u015bci dostosowania: pe\u0142nowymiarowe wid\u017cety Opencart do wstawiania sekcj\u0119 tre\u015bci, p\u0142ywaj\u0105ce wid\u017cety umo\u017cliwiaj\u0105ce przewijanie, miniatury stopki witryny, sekcj\u0119 nag\u0142\u00f3wka oraz wszelkiego rodzaju pionowe mo\u017cliwo\u015bci pask\u00f3w bocznych i menu witryny. <\/p><\/div>\r\n\t\t\t\t\t<\/div>\r\n\t\t\t\t<\/div><div class=\"faq-item\">\r\n\t\t\t\t\t<div class=\"faq-item-question\">\r\n\t\t\t\t\t\t<h3 class=\"faq-item-question-text\">Czy istnieje mo\u017cliwo\u015b\u0107 utworzenia nowej kolekcji lub wyskakuj\u0105cego okienka z ofertami za pomoc\u0105 edytora? <\/h3>\r\n\r\n\t\t\t\t\t\t<div class=\"faq-item-question-icon\"><\/div>\r\n\t\t\t\t\t<\/div>\r\n\r\n\t\t\t\t\t<div class=\"faq-item-answer\">\r\n\t\t\t\t\t\t<div class=\"faq-item-answer-text\"><p>Mo\u017cesz stworzy\u0107 dowolne odmiany wid\u017cetu dla Opencart. W edytorze mo\u017cna zastosowa\u0107 wiele uk\u0142ad\u00f3w, a ka\u017cdy z nich mo\u017cna \u0142atwo dostosowa\u0107 do w\u0142asnych potrzeb. <\/p><\/div>\r\n\t\t\t\t\t<\/div>\r\n\t\t\t\t<\/div><\/div><div class=\"application-platform-content-item-features application-platform-content-item\" id=\"features\" data-nav-section=\"features\"> <h2>G\u0142\u00f3wne cechy wtyczki Popup<\/h2> <p>Sprawd\u017a wszystkie cechy funkcjonalne wid\u017cetu. Mo\u017cesz je dostosowa\u0107 bezpo\u015brednio w edytorze, a one pomog\u0105 Ci ukszta\u0142towa\u0107 wid\u017cet najbardziej odpowiedni dla Twojego przypadku. <\/p> <ul><li>Dwana\u015bcie element\u00f3w tre\u015bci kszta\u0142tuj\u0105cych wyskakuj\u0105ce okienko; <\/li> <li>Pi\u0119\u0107 gotowych uk\u0142ad\u00f3w wyskakuj\u0105cych okienek dla r\u00f3\u017cnych przypadk\u00f3w; <\/li> <li>Osadzaj przyciski przenosz\u0105ce u\u017cytkownik\u00f3w pod dowolny adres; <\/li> <li>Prze\u015blij zdj\u0119cie t\u0142a rozszerzenia; <\/li> <li>Wyskakuj\u0105ce okienko mo\u017ce pojawi\u0107 si\u0119 po okre\u015blonym czasie sp\u0119dzonym na stronie lub po przewini\u0119ciu; <\/li> <li>Wyzwalacze wyskakuj\u0105cych okienek: kliknij element strony lub przewi\u0144 w d\u00f3\u0142 do niego. <\/li> <\/ul> <p><a href=\"#demo\">Sprawd\u017a wszystkie pozosta\u0142e funkcje w wersji demonstracyjnej<\/a><\/p> <\/div><div class=\"application-platform-content-item-installation application-platform-content-item\" id=\"installation\" data-nav-section=\"installation\"><h2> Jak doda\u0107 wid\u017cet Pop-up do strony OpenCart? <\/h2> <p>Wystarczy spe\u0142ni\u0107 poni\u017csze wskaz\u00f3wki, aby doda\u0107 rozszerzenie do OpenCart.<\/p> <ol><li><b>Skorzystaj z naszego bezp\u0142atnego konfiguratora i zacznij tworzy\u0107 sw\u00f3j spersonalizowany instrument. <\/b><br> Znajd\u017a preferowany uk\u0142ad i funkcje wid\u017cetu Opencart i zapisz zmiany. <\/li> <li><b>Zdob\u0105d\u017a sw\u00f3j indywidualny kod pojawiaj\u0105cy si\u0119 w polu w aplikacjach Elfsight. <\/b><br> Po zako\u0144czeniu generowania osobistego wyskakuj\u0105cego okienka skopiuj ekskluzywny kod z wy\u015bwietlonego wyskakuj\u0105cego okienka i zachowaj go na dalsze potrzeby. <\/li> <li><b>Rozpocznij korzystanie z narz\u0119dzia na swojej stronie OpenCart. <\/b><br> Wprowad\u017a skopiowany ostatnio kod na swoj\u0105 stron\u0119 i zapisz zmiany. <\/li> <li><b>Gotowe! Osadzanie zosta\u0142o ca\u0142kowicie zako\u0144czone. <\/b><br> Odwied\u017a swoj\u0105 witryn\u0119 Opencart, aby zobaczy\u0107, jak dzia\u0142a widget. <\/li><\/ol> <p>Je\u015bli potrzebujesz pomocy lub masz pytania dotycz\u0105ce instalacji w Opencart, skontaktuj si\u0119 z obs\u0142ug\u0105 klienta. Nasi specjali\u015bci ch\u0119tnie pomog\u0105 przy ka\u017cdym zg\u0142oszeniu. <\/p> <\/div>","protected":false},"excerpt":{"rendered":"","protected":false},"author":9,"featured_media":0,"parent":1960,"menu_order":0,"comment_status":"closed","ping_status":"closed","template":"templates\/template-application-platform.php","meta":{"publish_to_discourse":"","publish_post_category":"","wpdc_auto_publish_overridden":"","wpdc_topic_tags":"","wpdc_pin_topic":"","wpdc_pin_until":"","discourse_post_id":"","discourse_permalink":"","wpdc_publishing_response":"","wpdc_publishing_error":"","footnotes":""},"class_list":["post-6029","page","type-page","status-publish","hentry"],"yoast_head":"<!-- This site is optimized with the Yoast SEO plugin v25.3.1 - https:\/\/yoast.com\/wordpress\/plugins\/seo\/ -->\n<title>Dodaj wtyczk\u0119 Popup do witryny OpenCart<\/title>\n<meta name=\"description\" content=\"Utw\u00f3rz wyskakuj\u0105ce okienko na OpenCart bez kodowania!\" \/>\n<meta name=\"robots\" content=\"index, follow, max-snippet:-1, max-image-preview:large, max-video-preview:-1\" \/>\n<link rel=\"canonical\" href=\"https:\/\/elfsight.com\/pl\/popup-widget\/opencart\/\" \/>\n<meta property=\"og:locale\" content=\"pl_PL\" \/>\n<meta property=\"og:type\" content=\"article\" \/>\n<meta property=\"og:title\" content=\"Dodaj wtyczk\u0119 Popup do witryny OpenCart\" \/>\n<meta property=\"og:description\" content=\"Utw\u00f3rz wyskakuj\u0105ce okienko na OpenCart bez kodowania!\" \/>\n<meta property=\"og:url\" content=\"https:\/\/elfsight.com\/pl\/popup-widget\/opencart\/\" \/>\n<meta property=\"og:site_name\" content=\"Elfsight PL\" \/>\n<meta property=\"article:modified_time\" content=\"2024-11-14T09:30:59+00:00\" \/>\n<meta name=\"twitter:card\" content=\"summary_large_image\" \/>\n<meta name=\"twitter:label1\" content=\"Szacowany czas czytania\" \/>\n\t<meta name=\"twitter:data1\" content=\"3 minuty\" \/>\n<!-- \/ Yoast SEO plugin. -->","yoast_head_json":{"title":"Dodaj wtyczk\u0119 Popup do witryny OpenCart","description":"Utw\u00f3rz wyskakuj\u0105ce okienko na OpenCart bez kodowania!","robots":{"index":"index","follow":"follow","max-snippet":"max-snippet:-1","max-image-preview":"max-image-preview:large","max-video-preview":"max-video-preview:-1"},"canonical":"https:\/\/elfsight.com\/pl\/popup-widget\/opencart\/","og_locale":"pl_PL","og_type":"article","og_title":"Dodaj wtyczk\u0119 Popup do witryny OpenCart","og_description":"Utw\u00f3rz wyskakuj\u0105ce okienko na OpenCart bez kodowania!","og_url":"https:\/\/elfsight.com\/pl\/popup-widget\/opencart\/","og_site_name":"Elfsight PL","article_modified_time":"2024-11-14T09:30:59+00:00","twitter_card":"summary_large_image","twitter_misc":{"Szacowany czas czytania":"3 minuty"},"schema":{"@context":"https:\/\/schema.org","@graph":[{"@type":"WebPage","@id":"https:\/\/elfsight.com\/pl\/popup-widget\/opencart\/","url":"https:\/\/elfsight.com\/pl\/popup-widget\/opencart\/","name":"Dodaj wtyczk\u0119 Popup do witryny OpenCart","isPartOf":{"@id":"https:\/\/elfsight.com\/pl\/#website"},"datePublished":"2024-05-03T06:44:00+00:00","dateModified":"2024-11-14T09:30:59+00:00","description":"Utw\u00f3rz wyskakuj\u0105ce okienko na OpenCart bez kodowania!","breadcrumb":{"@id":"https:\/\/elfsight.com\/pl\/popup-widget\/opencart\/#breadcrumb"},"inLanguage":"pl-PL","potentialAction":[{"@type":"ReadAction","target":["https:\/\/elfsight.com\/pl\/popup-widget\/opencart\/"]}]},{"@type":"BreadcrumbList","@id":"https:\/\/elfsight.com\/pl\/popup-widget\/opencart\/#breadcrumb","itemListElement":[{"@type":"ListItem","position":1,"name":"Home","item":"https:\/\/elfsight.com\/pl\/"},{"@type":"ListItem","position":2,"name":"Popup","item":"https:\/\/elfsight.com\/pl\/popup-widget\/"},{"@type":"ListItem","position":3,"name":"Popup &#8211; OpenCart"}]},{"@type":"WebSite","@id":"https:\/\/elfsight.com\/pl\/#website","url":"https:\/\/elfsight.com\/pl\/","name":"Elfsight PL","description":"Just another Elfsight Sites site","potentialAction":[{"@type":"SearchAction","target":{"@type":"EntryPoint","urlTemplate":"https:\/\/elfsight.com\/pl\/?s={search_term_string}"},"query-input":{"@type":"PropertyValueSpecification","valueRequired":true,"valueName":"search_term_string"}}],"inLanguage":"pl-PL"}]}},"meta_box":{"industry":"","seo_heading":"","heading":"","description":"","cta_heading":"","cta_description":"","application":"1959","h1":"Rozszerzenie wyskakuj\u0105ce OpenCart","h1_caption":"Wy\u015bwietlaj wyskakuj\u0105ce okienka, aby przyci\u0105gn\u0105\u0107 uwag\u0119 odwiedzaj\u0105cych, promowa\u0107 oferty lub zbiera\u0107 potencjalnych klient\u00f3w bez przerywania korzystania z witryny w witrynie Opencart.","application_category":[],"applications_title":"","applications_request_title":"","applications_request_button_text":"","hero_text":"","hero_video":"","hero_video_schema_markup":"","selling_points_title":"","selling_points_caption":"","selling_points":[],"selling_points_cta_text":"","features_title":"","features":"","ed_cta_examples_text":"","ed_cta_examples_hidden":"","ed_cta_demo_text":"","ed_cta_demo_hidden":"","why_caption":"","why_editor_title":"","why_editor_text":"","why_team_title":"","why_team_text":"","why_service_title":"","why_service_text":"","template_catalog_visible":"","template_catalog_title":"","template_catalog_text":"","template_catalog_categories_visible":"","demo_title":"Utw\u00f3rz rozszerzenie Popup","demo_caption":"Skonfiguruj sw\u00f3j Popup i dodaj go do swojej witryny OpenCart za darmo!","default_faq_hidden":"","app_template_category":[],"platform":"107","template_public_id":"","codecanyon_url":"","codecanyon_item_id":"","codecanyon_price":"","pricing_caption":"","pricing_elfsight_apps_hide_column":"","pricing_elfsight_apps_url":"","pricing_codecanyon_price_caption":"","integration_category":[],"integration_request_title":"","integration_request_cta":"","integration_platform":"","integrations":[],"platform_category":[],"video_schema_markup":"","price":"od 0 USD \/ miesi\u0105c","trial":"","benefits":[{"text":"Bezp\u0142atna pomoc w monta\u017cu"},{"text":"Do\u015bwiadczona obs\u0142uga klienta"},{"text":"14-dniowa gwarancja zwrotu pieni\u0119dzy"}],"button_url":"#demo","button_target_blank":"","button_nofollow":"","attributes":[{"name":"Instaluje"},{"name":"Czu\u0142y"},{"name":"Kompatybilne przegl\u0105darki"}],"tags":[],"tags_disable_links":"","hide_more_platforms":"","video_object":"","demo_hide_cta":"","demo_hide_cloud_options":"","pricing_title":"","pricing":[{"pricing_icon":"platform","pricing_title":"Elfsight Apps","pricing_title_caption":"Niezale\u017cne od platformy rozwi\u0105zanie cyfrowe","pricing_price":"od 0 USD \/ miesi\u0105c","pricing_price_caption":"zacznij od bezp\u0142atnego planu","pricing_benefits":[{"text":"Nielimitowane domeny"},{"text":"Wsparcie 24\/7"},{"text":"Bezp\u0142atna us\u0142uga monta\u017cu"},{"text":"Elastyczny projekt"}],"pricing_button_text":"Dodaj do witryny","pricing_button_url":"#demo"}],"related_apps_title":"","related_apps_hidden":"","author":"","image":[],"title":"","job":"","social_networks":[]},"_links":{"self":[{"href":"https:\/\/elfsight.com\/pl\/wp-json\/wp\/v2\/pages\/6029","targetHints":{"allow":["GET"]}}],"collection":[{"href":"https:\/\/elfsight.com\/pl\/wp-json\/wp\/v2\/pages"}],"about":[{"href":"https:\/\/elfsight.com\/pl\/wp-json\/wp\/v2\/types\/page"}],"author":[{"embeddable":true,"href":"https:\/\/elfsight.com\/pl\/wp-json\/wp\/v2\/users\/9"}],"replies":[{"embeddable":true,"href":"https:\/\/elfsight.com\/pl\/wp-json\/wp\/v2\/comments?post=6029"}],"version-history":[{"count":1,"href":"https:\/\/elfsight.com\/pl\/wp-json\/wp\/v2\/pages\/6029\/revisions"}],"predecessor-version":[{"id":6033,"href":"https:\/\/elfsight.com\/pl\/wp-json\/wp\/v2\/pages\/6029\/revisions\/6033"}],"up":[{"embeddable":true,"href":"https:\/\/elfsight.com\/pl\/wp-json\/wp\/v2\/pages\/1960"}],"wp:attachment":[{"href":"https:\/\/elfsight.com\/pl\/wp-json\/wp\/v2\/media?parent=6029"}],"curies":[{"name":"wp","href":"https:\/\/api.w.org\/{rel}","templated":true}]}}