{"id":6023,"date":"1970-01-01T00:00:00","date_gmt":"1970-01-01T00:00:00","guid":{"rendered":"https:\/\/elfsight.com\/pl\/?page_id=6023"},"modified":"2025-11-18T14:00:33","modified_gmt":"2025-11-18T14:00:33","slug":"squarespace","status":"publish","type":"page","link":"https:\/\/elfsight.com\/pl\/popup-widget\/squarespace\/","title":{"rendered":"Popup &#8211; Squarespace"},"content":{"rendered":"<div class=\"application-platform-content-item-description application-platform-content-item\" id=\"description\" data-nav-section=\"description\"> <h2>Osad\u017a wyskakuj\u0105ce okienko w Squarespace za pomoc\u0105 wid\u017cetu Elfsight<\/h2> <p>Korzystaj\u0105c z wtyczki Elfsight Popup, mo\u017cesz dowolnie tworzy\u0107 spersonalizowane wyskakuj\u0105ce okienka -upy r\u00f3\u017cnego typu i osadzanie ich na stronie internetowej. Zbuduj unikalne wyskakuj\u0105ce okienko, korzystaj\u0105c z r\u00f3\u017cnych wbudowanych element\u00f3w. Dostosuj styl i aran\u017cacj\u0119; zastosuj wyzwalacz otwieraj\u0105cy i dostosuj cz\u0119stotliwo\u015b\u0107, aby zmaksymalizowa\u0107 skuteczno\u015b\u0107. Wyskakuj\u0105ce okienka pozwol\u0105 odwiedzaj\u0105cym subskrybowa\u0107 e-maile, przegl\u0105da\u0107 Twoje oferty, kopiowa\u0107 kupony rabatowe, wiedzie\u0107 o wyprzeda\u017cach i ofertach specjalnych, by\u0107 \u015bwiadomym nowych okazji na Twojej stronie i jeszcze wi\u0119cej. <\/p> <p><b>Wyskakuj\u0105ce okienka pozwol\u0105 Ci sprzedawa\u0107 wi\u0119cej, promowa\u0107 przysz\u0142e dzia\u0142ania, otrzymywa\u0107 opinie i subskrybent\u00f3w i wiele wi\u0119cej.<\/b><\/p> <\/div><div class=\"faq\" data-component=\"FAQ\"><div class=\"faq-item\">\r\n\t\t\t\t\t<div class=\"faq-item-question\">\r\n\t\t\t\t\t\t<h3 class=\"faq-item-question-text\">Jak mog\u0119 osadzi\u0107 wyskakuj\u0105ce okienko w witrynie Squarespace?<\/h3>\r\n\r\n\t\t\t\t\t\t<div class=\"faq-item-question-icon\"><\/div>\r\n\t\t\t\t\t<\/div>\r\n\r\n\t\t\t\t\t<div class=\"faq-item-answer\">\r\n\t\t\t\t\t\t<div class=\"faq-item-answer-text\"><p>Tworzenie formularza Squarespace odbywa si\u0119 w witrynie Elfsight i nie ma potrzeby nauki kodowania. Skorzystaj z wersji demonstracyjnej online, aby dostosowa\u0107 w\u0142asn\u0105 wtyczk\u0119, uzyska\u0107 kod i umie\u015bci\u0107 go na swojej stronie internetowej. <\/p><\/div>\r\n\t\t\t\t\t<\/div>\r\n\t\t\t\t<\/div><div class=\"faq-item\">\r\n\t\t\t\t\t<div class=\"faq-item-question\">\r\n\t\t\t\t\t\t<h3 class=\"faq-item-question-text\">Najlepsze przyk\u0142ady wykorzystania integracji wyskakuj\u0105cych okienek<\/h3>\r\n\r\n\t\t\t\t\t\t<div class=\"faq-item-question-icon\"><\/div>\r\n\t\t\t\t\t<\/div>\r\n\r\n\t\t\t\t\t<div class=\"faq-item-answer\">\r\n\t\t\t\t\t\t<div class=\"faq-item-answer-text\"><p>Mamy mn\u00f3stwo mo\u017cliwo\u015bci dostosowywania: pe\u0142nowymiarowe wyskakuj\u0105ce okienko z biuletynem Squarespace do wdro\u017cenia w obszarze tre\u015bci, p\u0142ywaj\u0105ce wid\u017cety z opcjami przewijania, uk\u0142adami stopki, nag\u0142\u00f3wka i wszelkiego rodzaju pionowymi mo\u017cliwo\u015bciami pask\u00f3w bocznych i menu witryny. Ponadto mo\u017cesz ustawi\u0107 wyskakuj\u0105ce okienko Squarespace tak, aby pojawia\u0142o si\u0119 po klikni\u0119ciu.<\/p><\/div>\r\n\t\t\t\t\t<\/div>\r\n\t\t\t\t<\/div><div class=\"faq-item\">\r\n\t\t\t\t\t<div class=\"faq-item-question\">\r\n\t\t\t\t\t\t<h3 class=\"faq-item-question-text\">Czy mog\u0119 utworzy\u0107 wyskakuj\u0105ce okienko z powiadomieniem lub biuletynem przy pomocy Twojego edytora? <\/h3>\r\n\r\n\t\t\t\t\t\t<div class=\"faq-item-question-icon\"><\/div>\r\n\t\t\t\t\t<\/div>\r\n\r\n\t\t\t\t\t<div class=\"faq-item-answer\">\r\n\t\t\t\t\t\t<div class=\"faq-item-answer-text\"><p>Mo\u017cesz dowolnie modyfikowa\u0107 widget. W edytorze dost\u0119pnych jest mn\u00f3stwo uk\u0142ad\u00f3w biuletynu Squarespace i ka\u017cdy z nich mo\u017cna \u0142atwo dostosowa\u0107 do w\u0142asnych potrzeb. <\/p><\/div>\r\n\t\t\t\t\t<\/div>\r\n\t\t\t\t<\/div><\/div><div class=\"application-platform-content-item-features application-platform-content-item\" id=\"features\" data-nav-section=\"features\"> <h2>G\u0142\u00f3wne cechy wtyczki Popup<\/h2> <p>Sprawd\u017a list\u0119 wszystkich funkcji wid\u017cetu. Mo\u017cesz je ustawi\u0107 bezpo\u015brednio w edytorze, a one pomog\u0105 Ci skonstruowa\u0107 wid\u017cet najbardziej odpowiedni dla Twojego przypadku. <\/p> <ul><li>Dwana\u015bcie r\u00f3\u017cnych blok\u00f3w do kszta\u0142towania wyskakuj\u0105cego okienka;<\/li> <li>5 zawiera uk\u0142ady wyskakuj\u0105cych okienek dla r\u00f3\u017cnych przypadk\u00f3w;<\/li> <li>Umie\u015b\u0107 przyciski w formularzu wyskakuj\u0105cym Squarespace do pobrania odwiedzaj\u0105cy dowoln\u0105 stron\u0119;<\/li> <li>Prze\u015blij obraz t\u0142a;<\/li> <li>Wyskakuj\u0105ce okienko mo\u017ce pojawi\u0107 si\u0119 po pewnym czasie na stronie lub przewin\u0105\u0107 procentowo;<\/li> <li>Wyskakuj\u0105ce okienko mo\u017cna uruchomi\u0107, klikaj\u0105c okre\u015blony element lub przewijaj\u0105c do niego.<\/li> <\/ul> <p><a href=\"#demo\">Mo\u017cesz przetestowa\u0107 wszystkie funkcje wid\u017cetu bezpo\u015brednio w wersji demonstracyjnej<\/a><\/p> <\/div><div class=\"application-platform-content-item-installation application-platform-content-item\" id=\"installation\" data-nav-section=\"installation\"><h2>Jak doda\u0107 wyskakuj\u0105ce okienko do witryny Squarespace?<\/h2> <div class=\"video-container\">\n<iframe width=\"720\" height=\"405\" src=\"https:\/\/www.youtube.com\/embed\/qDVxHclSg_4?si=0Cvy3xXhqcmkZK5g\" frameborder=\"0\" allowfullscreen=\"\"><\/iframe>\n<\/div><p>Aby aktywowa\u0107 wid\u017cet na swojej stronie, po prostu post\u0119puj zgodnie z poni\u017cszymi wskaz\u00f3wkami:<\/p> <ol><li><b>Zaprojektuj swoj\u0105 osobist\u0105 wtyczk\u0119 Popup<\/b><br> Zarz\u0105dzaj\u0105c naszym bezp\u0142atnym konfiguratorem, stw\u00f3rz wtyczk\u0119 o niestandardowym sk\u0142adzie i funkcjach. <\/li><li><b>Uzyskaj osobisty kod do osadzenia wtyczki<\/b><br> Po dostosowaniu wid\u017cetu otrzymasz kod instalacyjny od Elfsight Apps. Skopiuj kod wyskakuj\u0105cego pola tekstowego Squarespace do p\u00f3\u017aniejszego wykorzystania. <\/li> <li><b>Dodaj wtyczk\u0119 na swojej stronie Squarespace<\/b><br> Przejd\u017a do obszaru, w kt\u00f3rym planujesz wy\u015bwietli\u0107 wtyczk\u0119 i wstaw tam zapisany kod. Opublikuj zmiany. <\/li> <li><b>Konfiguracja zosta\u0142a uko\u0144czona<\/b><br> Wejd\u017a na stron\u0119, aby zobaczy\u0107 swoje wyskakuj\u0105ce okienko. <\/li> <\/ol><p>Je\u015bli potrzebujesz pomocy lub masz pytania dotycz\u0105ce wyskakuj\u0105cego pola tekstowego Squarespace, mo\u017cesz skontaktowa\u0107 si\u0119 z obs\u0142ug\u0105 klienta. Nasi specjali\u015bci ch\u0119tnie pomog\u0105 w ka\u017cdej sprawie.<\/p> <\/div>","protected":false},"excerpt":{"rendered":"","protected":false},"author":9,"featured_media":0,"parent":1960,"menu_order":0,"comment_status":"closed","ping_status":"closed","template":"templates\/template-application-platform.php","meta":{"publish_to_discourse":"","publish_post_category":"","wpdc_auto_publish_overridden":"","wpdc_topic_tags":"","wpdc_pin_topic":"","wpdc_pin_until":"","discourse_post_id":"","discourse_permalink":"","wpdc_publishing_response":"","wpdc_publishing_error":"","footnotes":""},"class_list":["post-6023","page","type-page","status-publish","hentry"],"yoast_head":"<!-- This site is optimized with the Yoast SEO plugin v25.3.1 - https:\/\/yoast.com\/wordpress\/plugins\/seo\/ -->\n<title>Dodaj wtyczk\u0119 Popup do witryny Squarespace<\/title>\n<meta name=\"description\" content=\"Utw\u00f3rz wyskakuj\u0105ce okienko na Squarespace bez kodowania!\" \/>\n<meta name=\"robots\" content=\"index, follow, max-snippet:-1, max-image-preview:large, max-video-preview:-1\" \/>\n<link rel=\"canonical\" href=\"https:\/\/elfsight.com\/pl\/popup-widget\/squarespace\/\" \/>\n<meta property=\"og:locale\" content=\"pl_PL\" \/>\n<meta property=\"og:type\" content=\"article\" \/>\n<meta property=\"og:title\" content=\"Dodaj wtyczk\u0119 Popup do witryny Squarespace\" \/>\n<meta property=\"og:description\" content=\"Utw\u00f3rz wyskakuj\u0105ce okienko na Squarespace bez kodowania!\" \/>\n<meta property=\"og:url\" content=\"https:\/\/elfsight.com\/pl\/popup-widget\/squarespace\/\" \/>\n<meta property=\"og:site_name\" content=\"Elfsight PL\" \/>\n<meta property=\"article:modified_time\" content=\"2025-11-18T14:00:33+00:00\" \/>\n<meta name=\"twitter:card\" content=\"summary_large_image\" \/>\n<meta name=\"twitter:label1\" content=\"Szacowany czas czytania\" \/>\n\t<meta name=\"twitter:data1\" content=\"3 minuty\" \/>\n<!-- \/ Yoast SEO plugin. -->","yoast_head_json":{"title":"Dodaj wtyczk\u0119 Popup do witryny Squarespace","description":"Utw\u00f3rz wyskakuj\u0105ce okienko na Squarespace bez kodowania!","robots":{"index":"index","follow":"follow","max-snippet":"max-snippet:-1","max-image-preview":"max-image-preview:large","max-video-preview":"max-video-preview:-1"},"canonical":"https:\/\/elfsight.com\/pl\/popup-widget\/squarespace\/","og_locale":"pl_PL","og_type":"article","og_title":"Dodaj wtyczk\u0119 Popup do witryny Squarespace","og_description":"Utw\u00f3rz wyskakuj\u0105ce okienko na Squarespace bez kodowania!","og_url":"https:\/\/elfsight.com\/pl\/popup-widget\/squarespace\/","og_site_name":"Elfsight PL","article_modified_time":"2025-11-18T14:00:33+00:00","twitter_card":"summary_large_image","twitter_misc":{"Szacowany czas czytania":"3 minuty"},"schema":{"@context":"https:\/\/schema.org","@graph":[{"@type":"WebPage","@id":"https:\/\/elfsight.com\/pl\/popup-widget\/squarespace\/","url":"https:\/\/elfsight.com\/pl\/popup-widget\/squarespace\/","name":"Dodaj wtyczk\u0119 Popup do witryny Squarespace","isPartOf":{"@id":"https:\/\/elfsight.com\/pl\/#website"},"datePublished":"1970-01-01T00:00:00+00:00","dateModified":"2025-11-18T14:00:33+00:00","description":"Utw\u00f3rz wyskakuj\u0105ce okienko na Squarespace bez kodowania!","breadcrumb":{"@id":"https:\/\/elfsight.com\/pl\/popup-widget\/squarespace\/#breadcrumb"},"inLanguage":"pl-PL","potentialAction":[{"@type":"ReadAction","target":["https:\/\/elfsight.com\/pl\/popup-widget\/squarespace\/"]}]},{"@type":"BreadcrumbList","@id":"https:\/\/elfsight.com\/pl\/popup-widget\/squarespace\/#breadcrumb","itemListElement":[{"@type":"ListItem","position":1,"name":"Home","item":"https:\/\/elfsight.com\/pl\/"},{"@type":"ListItem","position":2,"name":"Popup","item":"https:\/\/elfsight.com\/pl\/popup-widget\/"},{"@type":"ListItem","position":3,"name":"Popup &#8211; Squarespace"}]},{"@type":"WebSite","@id":"https:\/\/elfsight.com\/pl\/#website","url":"https:\/\/elfsight.com\/pl\/","name":"Elfsight PL","description":"Just another Elfsight Sites site","potentialAction":[{"@type":"SearchAction","target":{"@type":"EntryPoint","urlTemplate":"https:\/\/elfsight.com\/pl\/?s={search_term_string}"},"query-input":{"@type":"PropertyValueSpecification","valueRequired":true,"valueName":"search_term_string"}}],"inLanguage":"pl-PL"}]}},"meta_box":{"industry":"","seo_heading":"","heading":"","description":"","cta_heading":"","cta_description":"","application":"1959","h1":"Wtyczka wyskakuj\u0105ca Squarespace","h1_caption":"Wy\u015bwietlaj wyskakuj\u0105ce okienka, aby przyci\u0105gn\u0105\u0107 uwag\u0119 odwiedzaj\u0105cych, promowa\u0107 oferty lub zbiera\u0107 potencjalnych klient\u00f3w bez przerywania korzystania z witryny w witrynie Squarespace.","application_category":[],"applications_title":"","applications_request_title":"","applications_request_button_text":"","hero_text":"","hero_video":"","hero_video_schema_markup":"","selling_points_title":"","selling_points_caption":"","selling_points":[],"selling_points_cta_text":"","features_title":"","features":"","ed_cta_examples_text":"","ed_cta_examples_hidden":"","ed_cta_demo_text":"","ed_cta_demo_hidden":"","why_caption":"","why_editor_title":"","why_editor_text":"","why_team_title":"","why_team_text":"","why_service_title":"","why_service_text":"","template_catalog_visible":"0","template_catalog_title":"","template_catalog_text":"","template_catalog_categories_visible":"","demo_title":"Utw\u00f3rz wtyczk\u0119 Popup","demo_caption":"Skonfiguruj swoje wyskakuj\u0105ce okienko i dodaj je do swojej witryny Squarespace za darmo!","default_faq_hidden":"","app_template_category":[],"platform":"7588","template_public_id":"","codecanyon_url":"","codecanyon_item_id":"","codecanyon_price":"","pricing_caption":"","pricing_elfsight_apps_hide_column":"","pricing_elfsight_apps_url":"","pricing_codecanyon_price_caption":"","integration_category":[],"integration_request_title":"","integration_request_cta":"","integration_platform":"","integrations":[],"platform_category":[],"video_schema_markup":"","price":"od 0 USD \/ miesi\u0105c","trial":"","benefits":[{"text":"Bezp\u0142atna pomoc w instalacji"},{"text":"Kompetentna obs\u0142uga klienta"},{"text":"14-dniowa gwarancja zwrotu pieni\u0119dzy"}],"button_url":"#demo","button_target_blank":"0","button_nofollow":"0","attributes":[{"name":"Instaluje","content":"100,000 - 500,000"},{"name":"Czu\u0142y","content":"Tak"},{"name":"Kompatybilne przegl\u0105darki","content":"IE11, Firefox, Safari, Opera, Chrome, Edge"}],"tags":[],"tags_disable_links":"0","hide_more_platforms":"0","video_object":"","demo_hide_cta":"0","demo_hide_cloud_options":"0","pricing_title":"","pricing":[{"pricing_icon":"cloud","pricing_title":"Cross-platform version that works on any website","pricing_title_caption":"Rozwi\u0105zanie wieloplatformowe, kt\u00f3re pasuje do ka\u017cdej witryny","pricing_price":"od 0 USD \/ miesi\u0105c","pricing_price_caption":"zacznij od bezp\u0142atnego planu","pricing_benefits":[{"text":"Nielimitowane strony internetowe"},{"text":"Wsparcie 24\/7"},{"text":"Bezp\u0142atna us\u0142uga monta\u017cu"},{"text":"Oferta specjalna na wiele aplikacji"}],"pricing_button_text":"Dodaj do witryny","pricing_button_url":"#demo"}],"related_apps_title":"","related_apps_hidden":"0","author":"","image":[],"title":"","job":"","social_networks":[]},"_links":{"self":[{"href":"https:\/\/elfsight.com\/pl\/wp-json\/wp\/v2\/pages\/6023","targetHints":{"allow":["GET"]}}],"collection":[{"href":"https:\/\/elfsight.com\/pl\/wp-json\/wp\/v2\/pages"}],"about":[{"href":"https:\/\/elfsight.com\/pl\/wp-json\/wp\/v2\/types\/page"}],"author":[{"embeddable":true,"href":"https:\/\/elfsight.com\/pl\/wp-json\/wp\/v2\/users\/9"}],"replies":[{"embeddable":true,"href":"https:\/\/elfsight.com\/pl\/wp-json\/wp\/v2\/comments?post=6023"}],"version-history":[{"count":3,"href":"https:\/\/elfsight.com\/pl\/wp-json\/wp\/v2\/pages\/6023\/revisions"}],"predecessor-version":[{"id":10797,"href":"https:\/\/elfsight.com\/pl\/wp-json\/wp\/v2\/pages\/6023\/revisions\/10797"}],"up":[{"embeddable":true,"href":"https:\/\/elfsight.com\/pl\/wp-json\/wp\/v2\/pages\/1960"}],"wp:attachment":[{"href":"https:\/\/elfsight.com\/pl\/wp-json\/wp\/v2\/media?parent=6023"}],"curies":[{"name":"wp","href":"https:\/\/api.w.org\/{rel}","templated":true}]}}