{"id":6022,"date":"1970-01-01T00:00:00","date_gmt":"1970-01-01T00:00:00","guid":{"rendered":"https:\/\/elfsight.com\/pl\/?page_id=6022"},"modified":"2025-12-02T14:39:53","modified_gmt":"2025-12-02T14:39:53","slug":"webflow","status":"publish","type":"page","link":"https:\/\/elfsight.com\/pl\/popup-widget\/webflow\/","title":{"rendered":"Popup &#8211; Webflow"},"content":{"rendered":"<div class=\"application-platform-content-item-description application-platform-content-item\" id=\"description\" data-nav-section=\"description\"> <h2>Osad\u017a wyskakuj\u0105ce okienko w Webflow za pomoc\u0105 wid\u017cetu Elfsight<\/h2> <p>Dzi\u0119ki wid\u017cetowi Elfsight Popup ka\u017cdy mo\u017ce zaprojektowa\u0107 w\u0142asne, dostosowane wyskakuj\u0105ce okienko dla dowolnego celu i wy\u015bwietla\u0107 je na stronie. Stw\u00f3rz autentyczne wyskakuj\u0105ce okienko, korzystaj\u0105c z r\u00f3\u017cnorodnych wbudowanych komponent\u00f3w. Zmie\u0144 styl i aran\u017cacj\u0119; wybierz wyzwalacz wyskakuj\u0105cego okienka i dostosuj cz\u0119stotliwo\u015b\u0107, aby zmaksymalizowa\u0107 skuteczno\u015b\u0107 wid\u017cetu. R\u00f3\u017cnego rodzaju wyskakuj\u0105ce okienka pozwol\u0105 ludziom utworzy\u0107 subskrypcj\u0119, odkry\u0107 Twoje oferty, skopiowa\u0107 kupony rabatowe, dowiedzie\u0107 si\u0119 o Twoich wyprzeda\u017cach i ofertach specjalnych. <a href=\"https:\/\/elfsight.com\/blog\/how-to-add-popup-to-webflow-for-free\/\">Wyskakuj\u0105cy formularz Webflow<\/a> pomaga u\u017cytkownikom otrzymywa\u0107 powiadomienia o wa\u017cnych okazjach w zamian za ich adresy e-mail na Twojej stronie internetowej i wiele wi\u0119cej. <\/p> <p><b>Wyskakuj\u0105ce okienka pozwol\u0105 Ci sprzedawa\u0107 wi\u0119cej, reklamowa\u0107 przysz\u0142e dzia\u0142ania, zbiera\u0107 opinie i subskrybent\u00f3w i wiele wi\u0119cej. <\/b><\/p> <\/div><div class=\"application-platform-content-item-features application-platform-content-item\" id=\"features\" data-nav-section=\"features\"> <h2>G\u0142\u00f3wne cechy wtyczki Popup<\/h2> <p>Oto lista wszystkich funkcji wid\u017cetu. Mo\u017cesz je ustawi\u0107 bezpo\u015brednio w edytorze, a one pomog\u0105 Ci skonfigurowa\u0107 najbardziej odpowiedni dla Twojego przypadku widget Webflow Form. <\/p> <ul><li>Dwana\u015bcie r\u00f3\u017cnych komponent\u00f3w do tworzenia wyskakuj\u0105cych okienek<\/li> <li>5 zawiera uk\u0142ady wyskakuj\u0105cych okienek dla r\u00f3\u017cnych przypadk\u00f3w<\/li> <li>Dodaj przyciski, aby przekierowywa\u0107 u\u017cytkownik\u00f3w na dowoln\u0105 stron\u0119<\/li> <li>Przesy\u0142anie obrazu t\u0142a wyskakuj\u0105cego okienka<\/li> <li>Wyskakuj\u0105ce okienko mo\u017ce pojawi\u0107 si\u0119 na stronie internetowej po okre\u015blonym czasie<\/li><li>Otw\u00f3rz wyskakuj\u0105ce okienko Webflow po za\u0142adowaniu strony zaraz po otwarciu witryny internetowej <\/li><li>Wywo\u0142ywanie wyskakuj\u0105cych okienek: klikni\u0119cie wybranego elementu lub przewini\u0119cie do niego<\/li> <\/ul> <p><a href=\"#demo\">Wypr\u00f3buj wszystkie inne funkcje w wersji demonstracyjnej<\/a><\/p> <\/div><div class=\"application-platform-content-item-installation application-platform-content-item\" id=\"installation\" data-nav-section=\"installation\"><h2>Jak mog\u0119 zintegrowa\u0107 wid\u017cet Popup z witryn\u0105 Webflow? <\/h2><div class=\"video-container\">\n<iframe width=\"720\" height=\"405\" src=\"https:\/\/www.youtube.com\/embed\/vI8oMEAkZZg?si=JJeDcvy_mtQHABLT\" frameborder=\"0\" allowfullscreen=\"\"><\/iframe>\n<\/div><p>Aby wprowadzi\u0107 wid\u017cet, wykonaj kilka szybkich krok\u00f3w:<\/p><p> <\/p><ol><li><b>Stw\u00f3rz sw\u00f3j w\u0142asny Wtyczka wyskakuj\u0105ca<\/b><br> W naszym darmowym edytorze skonfiguruj wid\u017cet z niestandardowym interfejsem i funkcjonalno\u015bci\u0105. <\/li><li><b>Zdob\u0105d\u017a indywidualny kod, aby skonfigurowa\u0107 wtyczk\u0119<\/b><br> Po dostosowaniu wid\u017cetu otrzymasz kod instalacyjny w wy\u015bwietlonym oknie aplikacji Elfsight. Skopiuj go do dalszego wykorzystania. <\/li> <li><b>Osad\u017a wtyczk\u0119 na swojej stronie Webflow.<\/b><br> Przejd\u017a do miejsca, w kt\u00f3rym chcesz osadzi\u0107 widget i wklej tam skopiowany kod. Opublikuj zmiany w trybie Webflow. <\/li> <li><b>Osadzanie wyskakuj\u0105cego okienka Webflow powiod\u0142o si\u0119! <\/b><br> Odwied\u017a swoj\u0105 witryn\u0119 Webflow, aby sprawdzi\u0107 wyskakuj\u0105ce okienko. <\/li> <\/ol><p>Nie wahaj si\u0119 skontaktowa\u0107 z obs\u0142ug\u0105 klienta Elfsight, je\u015bli potrzebujesz porady lub masz problemy z instalacj\u0105 Webflow. Nasi specjali\u015bci ch\u0119tnie pomog\u0105 w ka\u017cdym zapytaniu. <\/p> <div class=\"faq\" data-component=\"FAQ\"> <div class=\"faq-item\">\r\n\t\t\t\t\t<div class=\"faq-item-question\">\r\n\t\t\t\t\t\t<h3 class=\"faq-item-question-text\">Jak doda\u0107 wid\u017cet wyskakuj\u0105cy do mojej witryny Webflow bez umiej\u0119tno\u015bci kodowania?<\/h3>\r\n\r\n\t\t\t\t\t\t<div class=\"faq-item-question-icon\"><\/div>\r\n\t\t\t\t\t<\/div>\r\n\r\n\t\t\t\t\t<div class=\"faq-item-answer\">\r\n\t\t\t\t\t\t<div class=\"faq-item-answer-text\"> <p>Elfsight zapewnia rozwi\u0105zanie SaaS, kt\u00f3re pozwala na samodzielne utworzenie wid\u017cetu wyskakuj\u0105cego, zobacz, jak \u0142atwy jest ten proces to: Pracuj bezpo\u015brednio w edytorze online, aby utworzy\u0107 wid\u017cet wyskakuj\u0105cy, kt\u00f3ry chcesz zobaczy\u0107 na swojej stronie internetowej Webflow. Wybierz jeden z gotowych szablon\u00f3w i dostosuj ustawienia wid\u017cetu Popup, dodaj tre\u015b\u0107, zmie\u0144 uk\u0142ad i kolory bez umiej\u0119tno\u015bci kodowania. Zapisz przycisk PayPal i skopiuj jego kod instalacyjny, kt\u00f3ry mo\u017cesz \u0142atwo osadzi\u0107 na swojej stronie internetowej Webflow, bez konieczno\u015bci kupowania p\u0142atnej subskrypcji. Dzi\u0119ki naszemu intuicyjnemu edytorowi ka\u017cdy u\u017cytkownik Internetu mo\u017ce stworzy\u0107 wid\u017cet wyskakuj\u0105cy online i \u0142atwo osadzi\u0107 go na swojej stronie internetowej Webflow. Aby uzyska\u0107 dost\u0119p do us\u0142ugi, nie trzeba p\u0142aci\u0107 ani wprowadza\u0107 danych uwierzytelniaj\u0105cych karty. Je\u015bli na kt\u00f3rymkolwiek etapie napotkasz jakiekolwiek problemy, skontaktuj si\u0119 z naszym zespo\u0142em pomocy technicznej.<\/p> <\/div>\r\n\t\t\t\t\t<\/div>\r\n\t\t\t\t<\/div> <\/div> <\/div>","protected":false},"excerpt":{"rendered":"","protected":false},"author":9,"featured_media":0,"parent":1960,"menu_order":0,"comment_status":"closed","ping_status":"closed","template":"templates\/template-application-platform.php","meta":{"publish_to_discourse":"","publish_post_category":"","wpdc_auto_publish_overridden":"","wpdc_topic_tags":"","wpdc_pin_topic":"","wpdc_pin_until":"","discourse_post_id":"","discourse_permalink":"","wpdc_publishing_response":"","wpdc_publishing_error":"","footnotes":""},"class_list":["post-6022","page","type-page","status-publish","hentry"],"yoast_head":"<!-- This site is optimized with the Yoast SEO plugin v25.3.1 - https:\/\/yoast.com\/wordpress\/plugins\/seo\/ -->\n<title>Dodaj wtyczk\u0119 Popup do witryny Webflow<\/title>\n<meta name=\"description\" content=\"Utw\u00f3rz wyskakuj\u0105ce okienko dla Webflow bez kodowania!\" \/>\n<meta name=\"robots\" content=\"index, follow, max-snippet:-1, max-image-preview:large, max-video-preview:-1\" \/>\n<link rel=\"canonical\" href=\"https:\/\/elfsight.com\/pl\/popup-widget\/webflow\/\" \/>\n<meta property=\"og:locale\" content=\"pl_PL\" \/>\n<meta property=\"og:type\" content=\"article\" \/>\n<meta property=\"og:title\" content=\"Dodaj wtyczk\u0119 Popup do witryny Webflow\" \/>\n<meta property=\"og:description\" content=\"Utw\u00f3rz wyskakuj\u0105ce okienko dla Webflow bez kodowania!\" \/>\n<meta property=\"og:url\" content=\"https:\/\/elfsight.com\/pl\/popup-widget\/webflow\/\" \/>\n<meta property=\"og:site_name\" content=\"Elfsight PL\" \/>\n<meta property=\"article:modified_time\" content=\"2025-12-02T14:39:53+00:00\" \/>\n<meta name=\"twitter:card\" content=\"summary_large_image\" \/>\n<meta name=\"twitter:label1\" content=\"Szacowany czas czytania\" \/>\n\t<meta name=\"twitter:data1\" content=\"3 minuty\" \/>\n<!-- \/ Yoast SEO plugin. -->","yoast_head_json":{"title":"Dodaj wtyczk\u0119 Popup do witryny Webflow","description":"Utw\u00f3rz wyskakuj\u0105ce okienko dla Webflow bez kodowania!","robots":{"index":"index","follow":"follow","max-snippet":"max-snippet:-1","max-image-preview":"max-image-preview:large","max-video-preview":"max-video-preview:-1"},"canonical":"https:\/\/elfsight.com\/pl\/popup-widget\/webflow\/","og_locale":"pl_PL","og_type":"article","og_title":"Dodaj wtyczk\u0119 Popup do witryny Webflow","og_description":"Utw\u00f3rz wyskakuj\u0105ce okienko dla Webflow bez kodowania!","og_url":"https:\/\/elfsight.com\/pl\/popup-widget\/webflow\/","og_site_name":"Elfsight PL","article_modified_time":"2025-12-02T14:39:53+00:00","twitter_card":"summary_large_image","twitter_misc":{"Szacowany czas czytania":"3 minuty"},"schema":{"@context":"https:\/\/schema.org","@graph":[{"@type":"WebPage","@id":"https:\/\/elfsight.com\/pl\/popup-widget\/webflow\/","url":"https:\/\/elfsight.com\/pl\/popup-widget\/webflow\/","name":"Dodaj wtyczk\u0119 Popup do witryny Webflow","isPartOf":{"@id":"https:\/\/elfsight.com\/pl\/#website"},"datePublished":"1970-01-01T00:00:00+00:00","dateModified":"2025-12-02T14:39:53+00:00","description":"Utw\u00f3rz wyskakuj\u0105ce okienko dla Webflow bez kodowania!","breadcrumb":{"@id":"https:\/\/elfsight.com\/pl\/popup-widget\/webflow\/#breadcrumb"},"inLanguage":"pl-PL","potentialAction":[{"@type":"ReadAction","target":["https:\/\/elfsight.com\/pl\/popup-widget\/webflow\/"]}]},{"@type":"BreadcrumbList","@id":"https:\/\/elfsight.com\/pl\/popup-widget\/webflow\/#breadcrumb","itemListElement":[{"@type":"ListItem","position":1,"name":"Home","item":"https:\/\/elfsight.com\/pl\/"},{"@type":"ListItem","position":2,"name":"Popup","item":"https:\/\/elfsight.com\/pl\/popup-widget\/"},{"@type":"ListItem","position":3,"name":"Popup &#8211; Webflow"}]},{"@type":"WebSite","@id":"https:\/\/elfsight.com\/pl\/#website","url":"https:\/\/elfsight.com\/pl\/","name":"Elfsight PL","description":"Just another Elfsight Sites site","potentialAction":[{"@type":"SearchAction","target":{"@type":"EntryPoint","urlTemplate":"https:\/\/elfsight.com\/pl\/?s={search_term_string}"},"query-input":{"@type":"PropertyValueSpecification","valueRequired":true,"valueName":"search_term_string"}}],"inLanguage":"pl-PL"}]}},"meta_box":{"industry":"","seo_heading":"","heading":"","description":"","cta_heading":"","cta_description":"","application":"1959","h1":"Wid\u017cet wyskakuj\u0105cy Webflow","h1_caption":"Wy\u015bwietlaj wyskakuj\u0105ce okienka, aby przyci\u0105gn\u0105\u0107 uwag\u0119 odwiedzaj\u0105cych, promowa\u0107 oferty lub zbiera\u0107 potencjalnych klient\u00f3w bez konieczno\u015bci przerywania korzystania z witryny internetowej i przej\u015bcia do witryny Webflow.","application_category":[],"applications_title":"","applications_request_title":"","applications_request_button_text":"","hero_text":"","hero_video":"","hero_video_schema_markup":"","selling_points_title":"","selling_points_caption":"","selling_points":[],"selling_points_cta_text":"","features_title":"","features":"","ed_cta_examples_text":"","ed_cta_examples_hidden":"","ed_cta_demo_text":"","ed_cta_demo_hidden":"","why_caption":"","why_editor_title":"","why_editor_text":"","why_team_title":"","why_team_text":"","why_service_title":"","why_service_text":"","template_catalog_visible":"0","template_catalog_title":"","template_catalog_text":"","template_catalog_categories_visible":"","demo_title":"Utw\u00f3rz wid\u017cet wyskakuj\u0105cy","demo_caption":"Skonfiguruj sw\u00f3j Popup i dodaj go do swojej witryny Webflow za darmo!","default_faq_hidden":"","app_template_category":[],"platform":"127","template_public_id":"","codecanyon_url":"","codecanyon_item_id":"","codecanyon_price":"","pricing_caption":"","pricing_elfsight_apps_hide_column":"","pricing_elfsight_apps_url":"","pricing_codecanyon_price_caption":"","integration_category":[],"integration_request_title":"","integration_request_cta":"","integration_platform":"","integrations":[],"platform_category":[],"video_schema_markup":"","price":"od 0 USD \/ miesi\u0105c","trial":"","benefits":[{"text":"Bezp\u0142atna us\u0142uga monta\u017cu"},{"text":"Profesjonalna obs\u0142uga klienta"},{"text":"14-dniowa gwarancja zwrotu pieni\u0119dzy"}],"button_url":"#demo","button_target_blank":"0","button_nofollow":"0","attributes":[{"name":"Instaluje","content":"100,000 - 500,000Tak"},{"name":"Czu\u0142y","content":"Tak"},{"name":"Kompatybilne przegl\u0105darki","content":"IE11, Firefox, Safari, Opera, Chrome, Edge"}],"tags":[],"tags_disable_links":"0","hide_more_platforms":"0","video_object":"","demo_hide_cta":"0","demo_hide_cloud_options":"0","pricing_title":"","pricing":[{"pricing_icon":"platform","pricing_title":"Elfsight Apps","pricing_title_caption":"Wersja niezale\u017cna od platformy, kt\u00f3ra dzia\u0142a na ka\u017cdej stronie internetowej","pricing_price":"od 0 USD \/ miesi\u0105c","pricing_price_caption":"zacznij od bezp\u0142atnego planu","pricing_benefits":[{"text":"Nielimitowane domeny"},{"text":"Bezp\u0142atna obs\u0142uga klienta"},{"text":"Bezp\u0142atna us\u0142uga monta\u017cu"},{"text":"Specjalna oferta na wiele aplikacji"}],"pricing_button_text":"Dodaj do witryny","pricing_button_url":"#demo"}],"related_apps_title":"","related_apps_hidden":"0","author":"","image":[],"title":"","job":"","social_networks":[]},"_links":{"self":[{"href":"https:\/\/elfsight.com\/pl\/wp-json\/wp\/v2\/pages\/6022","targetHints":{"allow":["GET"]}}],"collection":[{"href":"https:\/\/elfsight.com\/pl\/wp-json\/wp\/v2\/pages"}],"about":[{"href":"https:\/\/elfsight.com\/pl\/wp-json\/wp\/v2\/types\/page"}],"author":[{"embeddable":true,"href":"https:\/\/elfsight.com\/pl\/wp-json\/wp\/v2\/users\/9"}],"replies":[{"embeddable":true,"href":"https:\/\/elfsight.com\/pl\/wp-json\/wp\/v2\/comments?post=6022"}],"version-history":[{"count":3,"href":"https:\/\/elfsight.com\/pl\/wp-json\/wp\/v2\/pages\/6022\/revisions"}],"predecessor-version":[{"id":10814,"href":"https:\/\/elfsight.com\/pl\/wp-json\/wp\/v2\/pages\/6022\/revisions\/10814"}],"up":[{"embeddable":true,"href":"https:\/\/elfsight.com\/pl\/wp-json\/wp\/v2\/pages\/1960"}],"wp:attachment":[{"href":"https:\/\/elfsight.com\/pl\/wp-json\/wp\/v2\/media?parent=6022"}],"curies":[{"name":"wp","href":"https:\/\/api.w.org\/{rel}","templated":true}]}}