{"id":6021,"date":"1970-01-01T00:00:00","date_gmt":"1970-01-01T00:00:00","guid":{"rendered":"https:\/\/elfsight.com\/pl\/?page_id=6021"},"modified":"2024-11-14T09:30:52","modified_gmt":"2024-11-14T09:30:52","slug":"webnode","status":"publish","type":"page","link":"https:\/\/elfsight.com\/pl\/popup-widget\/webnode\/","title":{"rendered":"Popup &#8211; Webnode"},"content":{"rendered":"<div class=\"application-platform-content-item-description application-platform-content-item\" id=\"description\" data-nav-section=\"description\"> <h2>Opis<\/h2> <p>Korzystaj\u0105c z narz\u0119dzia Elfsight Popup, mo\u017cesz dowolnie projektowa\u0107 w\u0142asne wyskakuj\u0105ce okienka do dowolnego zadania i integrowa\u0107 je z strona. Stw\u00f3rz unikalny pop-up za pomoc\u0105 r\u00f3\u017cnych element\u00f3w. Dostosuj wygl\u0105d i pozycj\u0119; wybierz spust otwieraj\u0105cy i dostosuj czas, aby uzyska\u0107 wi\u0119ksz\u0105 skuteczno\u015b\u0107 wyskakuj\u0105cego okienka. Wyskakuj\u0105ce okienka umo\u017cliwiaj\u0105 subskrybowanie e-maili, dowiadywanie si\u0119 wi\u0119cej o Twoich ofertach, korzystanie z kupon\u00f3w, branie udzia\u0142u w wyprzeda\u017cach i ofertach specjalnych, otrzymywanie powiadomie\u0144 o nadchodz\u0105cych wydarzeniach w Twojej witrynie i wiele wi\u0119cej. <\/p> <p><b>Wyskakuj\u0105ce okienka pomog\u0105 Ci efektywniej sprzedawa\u0107, og\u0142asza\u0107 planowane okazje, otrzymywa\u0107 opinie i subskrypcje oraz wiele wi\u0119cej. <\/b><\/p> <\/div><div class=\"application-platform-content-item-features application-platform-content-item\" id=\"features\" data-nav-section=\"features\"> <h2>Funkcje<\/h2> <p>Oto lista wszystkich funkcji wid\u017cetu. S\u0105 one dost\u0119pne bezpo\u015brednio w edytorze i pomog\u0105 Ci ukszta\u0142towa\u0107 wid\u017cet odpowiednio do Twojego przypadku u\u017cycia. <\/p> <ul><li>Dwana\u015bcie do\u0142\u0105czonych blok\u00f3w do kszta\u0142towania wyskakuj\u0105cego okienka; <\/li> <li>Pi\u0119\u0107 uk\u0142ad\u00f3w wyskakuj\u0105cych okienek dla r\u00f3\u017cnych przypadk\u00f3w; <\/li> <li>Dodaj przyciski przenosz\u0105ce u\u017cytkownik\u00f3w na dowoln\u0105 stron\u0119; <\/li> <li>Opcja przes\u0142ania obrazu t\u0142a; <\/li> <li>Wyskakuj\u0105ce okienko mo\u017ce zosta\u0107 aktywowane po up\u0142ywie okre\u015blonego czasu na stronie lub procentu przewijania; <\/li> <li>Wywo\u0142ywanie wyskakuj\u0105cego okienka poprzez klikni\u0119cie elementu lub przewini\u0119cie w d\u00f3\u0142 do niego. <\/li> <\/ul> <p><a href=\"#demo\">Przetestuj wszystkie inne funkcje w wersji demonstracyjnej<\/a><\/p> <\/div><div class=\"application-platform-content-item-installation application-platform-content-item\" id=\"installation\" data-nav-section=\"installation\"><h2> Jak zintegrowa\u0107 wid\u017cet Popup z moj\u0105 witryn\u0105 Webnode? <\/h2> <p>Aby wprowadzi\u0107 wid\u017cet, wykonaj te szybkie kroki:<p> <ol><li><b>Stw\u00f3rz swoj\u0105 osobist\u0105 wtyczk\u0119 wyskakuj\u0105c\u0105<\/b><br> W naszej bezp\u0142atnej wersji demonstracyjnej utw\u00f3rz wid\u017cet z preferowanym wygl\u0105dem i funkcjonalno\u015bci\u0105. <\/li><li><b>Uzyskaj osobisty kod umo\u017cliwiaj\u0105cy wy\u015bwietlenie wtyczki<\/b><br> Po utworzeniu wid\u017cetu otrzymasz kod instalacyjny z wy\u015bwietlonego okna aplikacji Elfsight. Skopiuj kod. <\/li> <li><b>Zintegruj wtyczk\u0119 ze swoj\u0105 witryn\u0105 Webnode<\/b><br> Okre\u015bl obszar, w kt\u00f3rym chcesz wy\u015bwietli\u0107 wid\u017cet i dodaj tam skopiowany kod. Opublikuj zmiany. <\/li> <li><b>Gratulacje! W\u0142a\u015bnie zintegrowa\u0142e\u015b widget! <\/b><br> Przejd\u017a do strony internetowej, aby sprawdzi\u0107 swoj\u0105 prac\u0119. <\/li> <\/ol><p>Nie zastanawiaj si\u0119 dwa razy i skontaktuj si\u0119 z obs\u0142ug\u0105 klienta, je\u015bli potrzebujesz porady lub masz pytania. Przy ka\u017cdym zapytaniu pomo\u017cemy Ci. <\/p> <div class=\"faq\" data-component=\"FAQ\"> <div class=\"faq-item\">\r\n\t\t\t\t\t<div class=\"faq-item-question\">\r\n\t\t\t\t\t\t<h3 class=\"faq-item-question-text\">Jak doda\u0107 przycisk PayPal do mojej witryny Webnode bez umiej\u0119tno\u015bci kodowania?<\/h3>\r\n\r\n\t\t\t\t\t\t<div class=\"faq-item-question-icon\"><\/div>\r\n\t\t\t\t\t<\/div>\r\n\r\n\t\t\t\t\t<div class=\"faq-item-answer\">\r\n\t\t\t\t\t\t<div class=\"faq-item-answer-text\"> <p>Elfsight zapewnia rozwi\u0105zanie SaaS, kt\u00f3re pozwala na samodzielne utworzenie wid\u017cetu przycisku PayPal. Zobacz, jak \u0142atwo proces jest nast\u0119puj\u0105cy: Pracuj bezpo\u015brednio w edytorze online, aby utworzy\u0107 wid\u017cet przycisku PayPal, kt\u00f3ry chcesz zobaczy\u0107 w swojej witrynie Webnode. Wybierz jeden z gotowych szablon\u00f3w i dostosuj ustawienia przycisku PayPal, dodaj tre\u015b\u0107, zmie\u0144 uk\u0142ad i kolory bez umiej\u0119tno\u015bci kodowania. Zapisz przycisk PayPal i skopiuj jego kod instalacyjny, aby m\u00f3c \u0142atwo doda\u0107 swoj\u0105 witryn\u0119 Webnode bez konieczno\u015bci zakupu p\u0142atnej subskrypcji. Dzi\u0119ki naszemu intuicyjnemu edytorowi ka\u017cdy u\u017cytkownik Internetu mo\u017ce utworzy\u0107 wid\u017cet przycisku PayPal online i \u0142atwo osadzi\u0107 go na swojej stronie internetowej Webnode. Aby uzyska\u0107 dost\u0119p do us\u0142ugi, nie trzeba p\u0142aci\u0107 ani wprowadza\u0107 danych uwierzytelniaj\u0105cych karty. Je\u015bli na kt\u00f3rymkolwiek etapie napotkasz jakiekolwiek problemy, skontaktuj si\u0119 z naszym zespo\u0142em pomocy technicznej.<\/p> <\/div>\r\n\t\t\t\t\t<\/div>\r\n\t\t\t\t<\/div> <\/div> <\/div>","protected":false},"excerpt":{"rendered":"","protected":false},"author":9,"featured_media":0,"parent":1960,"menu_order":0,"comment_status":"closed","ping_status":"closed","template":"templates\/template-application-platform.php","meta":{"publish_to_discourse":"","publish_post_category":"","wpdc_auto_publish_overridden":"","wpdc_topic_tags":"","wpdc_pin_topic":"","wpdc_pin_until":"","discourse_post_id":"","discourse_permalink":"","wpdc_publishing_response":"","wpdc_publishing_error":"","footnotes":""},"class_list":["post-6021","page","type-page","status-publish","hentry"],"yoast_head":"<!-- This site is optimized with the Yoast SEO plugin v25.3.1 - https:\/\/yoast.com\/wordpress\/plugins\/seo\/ -->\n<title>Dodaj wid\u017cet Popup do witryny Webnode (bezp\u0142atnie i szybko)<\/title>\n<meta name=\"description\" content=\"Dzi\u0119ki Elfsight zaprojektuj sw\u00f3j wid\u017cet Popup i szybko poka\u017c go na swojej stronie internetowej Webnode. Oferujemy bezp\u0142atn\u0105 obs\u0142ug\u0119 klienta i inne bonusy.\" \/>\n<meta name=\"robots\" content=\"index, follow, max-snippet:-1, max-image-preview:large, max-video-preview:-1\" \/>\n<link rel=\"canonical\" href=\"https:\/\/elfsight.com\/pl\/popup-widget\/webnode\/\" \/>\n<meta property=\"og:locale\" content=\"pl_PL\" \/>\n<meta property=\"og:type\" content=\"article\" \/>\n<meta property=\"og:title\" content=\"Dodaj wid\u017cet Popup do witryny Webnode (bezp\u0142atnie i szybko)\" \/>\n<meta property=\"og:description\" content=\"Dzi\u0119ki Elfsight zaprojektuj sw\u00f3j wid\u017cet Popup i szybko poka\u017c go na swojej stronie internetowej Webnode. Oferujemy bezp\u0142atn\u0105 obs\u0142ug\u0119 klienta i inne bonusy.\" \/>\n<meta property=\"og:url\" content=\"https:\/\/elfsight.com\/pl\/popup-widget\/webnode\/\" \/>\n<meta property=\"og:site_name\" content=\"Elfsight PL\" \/>\n<meta property=\"article:modified_time\" content=\"2024-11-14T09:30:52+00:00\" \/>\n<meta name=\"twitter:card\" content=\"summary_large_image\" \/>\n<meta name=\"twitter:label1\" content=\"Szacowany czas czytania\" \/>\n\t<meta name=\"twitter:data1\" content=\"3 minuty\" \/>\n<!-- \/ Yoast SEO plugin. -->","yoast_head_json":{"title":"Dodaj wid\u017cet Popup do witryny Webnode (bezp\u0142atnie i szybko)","description":"Dzi\u0119ki Elfsight zaprojektuj sw\u00f3j wid\u017cet Popup i szybko poka\u017c go na swojej stronie internetowej Webnode. Oferujemy bezp\u0142atn\u0105 obs\u0142ug\u0119 klienta i inne bonusy.","robots":{"index":"index","follow":"follow","max-snippet":"max-snippet:-1","max-image-preview":"max-image-preview:large","max-video-preview":"max-video-preview:-1"},"canonical":"https:\/\/elfsight.com\/pl\/popup-widget\/webnode\/","og_locale":"pl_PL","og_type":"article","og_title":"Dodaj wid\u017cet Popup do witryny Webnode (bezp\u0142atnie i szybko)","og_description":"Dzi\u0119ki Elfsight zaprojektuj sw\u00f3j wid\u017cet Popup i szybko poka\u017c go na swojej stronie internetowej Webnode. Oferujemy bezp\u0142atn\u0105 obs\u0142ug\u0119 klienta i inne bonusy.","og_url":"https:\/\/elfsight.com\/pl\/popup-widget\/webnode\/","og_site_name":"Elfsight PL","article_modified_time":"2024-11-14T09:30:52+00:00","twitter_card":"summary_large_image","twitter_misc":{"Szacowany czas czytania":"3 minuty"},"schema":{"@context":"https:\/\/schema.org","@graph":[{"@type":"WebPage","@id":"https:\/\/elfsight.com\/pl\/popup-widget\/webnode\/","url":"https:\/\/elfsight.com\/pl\/popup-widget\/webnode\/","name":"Dodaj wid\u017cet Popup do witryny Webnode (bezp\u0142atnie i szybko)","isPartOf":{"@id":"https:\/\/elfsight.com\/pl\/#website"},"datePublished":"1970-01-01T00:00:00+00:00","dateModified":"2024-11-14T09:30:52+00:00","description":"Dzi\u0119ki Elfsight zaprojektuj sw\u00f3j wid\u017cet Popup i szybko poka\u017c go na swojej stronie internetowej Webnode. Oferujemy bezp\u0142atn\u0105 obs\u0142ug\u0119 klienta i inne bonusy.","breadcrumb":{"@id":"https:\/\/elfsight.com\/pl\/popup-widget\/webnode\/#breadcrumb"},"inLanguage":"pl-PL","potentialAction":[{"@type":"ReadAction","target":["https:\/\/elfsight.com\/pl\/popup-widget\/webnode\/"]}]},{"@type":"BreadcrumbList","@id":"https:\/\/elfsight.com\/pl\/popup-widget\/webnode\/#breadcrumb","itemListElement":[{"@type":"ListItem","position":1,"name":"Home","item":"https:\/\/elfsight.com\/pl\/"},{"@type":"ListItem","position":2,"name":"Popup","item":"https:\/\/elfsight.com\/pl\/popup-widget\/"},{"@type":"ListItem","position":3,"name":"Popup &#8211; Webnode"}]},{"@type":"WebSite","@id":"https:\/\/elfsight.com\/pl\/#website","url":"https:\/\/elfsight.com\/pl\/","name":"Elfsight PL","description":"Just another Elfsight Sites site","potentialAction":[{"@type":"SearchAction","target":{"@type":"EntryPoint","urlTemplate":"https:\/\/elfsight.com\/pl\/?s={search_term_string}"},"query-input":{"@type":"PropertyValueSpecification","valueRequired":true,"valueName":"search_term_string"}}],"inLanguage":"pl-PL"}]}},"meta_box":{"industry":"","seo_heading":"","heading":"","description":"","cta_heading":"","cta_description":"","application":"1959","h1":"Wyskakuj\u0105cy widget Webnode","h1_caption":"Wy\u015bwietlaj wyskakuj\u0105ce okienka, aby przyci\u0105gn\u0105\u0107 uwag\u0119 odwiedzaj\u0105cych, promowa\u0107 oferty lub zbiera\u0107 potencjalnych klient\u00f3w bez konieczno\u015bci przerywania korzystania z witryny internetowej i przej\u015bcia do witryny Webnode.","application_category":[],"applications_title":"","applications_request_title":"","applications_request_button_text":"","hero_text":"","hero_video":"","hero_video_schema_markup":"","selling_points_title":"","selling_points_caption":"","selling_points":[],"selling_points_cta_text":"","features_title":"","features":"","ed_cta_examples_text":"","ed_cta_examples_hidden":"","ed_cta_demo_text":"","ed_cta_demo_hidden":"","why_caption":"","why_editor_title":"","why_editor_text":"","why_team_title":"","why_team_text":"","why_service_title":"","why_service_text":"","template_catalog_visible":"","template_catalog_title":"","template_catalog_text":"","template_catalog_categories_visible":"","demo_title":"Utw\u00f3rz wid\u017cet wyskakuj\u0105cy","demo_caption":"Skonfiguruj sw\u00f3j Popup i dodaj go do swojej witryny Webnode za darmo!","default_faq_hidden":"","app_template_category":[],"platform":"138","template_public_id":"","codecanyon_url":"","codecanyon_item_id":"","codecanyon_price":"","pricing_caption":"","pricing_elfsight_apps_hide_column":"","pricing_elfsight_apps_url":"","pricing_codecanyon_price_caption":"","integration_category":[],"integration_request_title":"","integration_request_cta":"","integration_platform":"","integrations":[],"platform_category":[],"video_schema_markup":"","price":"od 0 USD \/ miesi\u0105c","trial":"","benefits":[{"text":"Bezp\u0142atna pomoc w instalacji"},{"text":"Do\u015bwiadczona obs\u0142uga klienta"},{"text":"14-dniowa gwarancja zwrotu pieni\u0119dzy"}],"button_url":"#demo","button_target_blank":"","button_nofollow":"","attributes":[{"name":"Instaluje"},{"name":"Czu\u0142y"},{"name":"Kompatybilne przegl\u0105darki"}],"tags":[],"tags_disable_links":"","hide_more_platforms":"","video_object":"","demo_hide_cta":"","demo_hide_cloud_options":"","pricing_title":"","pricing":[{"pricing_icon":"platform","pricing_title":"Elfsight Apps","pricing_title_caption":"Wieloplatformowe rozwi\u0105zanie cyfrowe","pricing_price":"od 0 USD \/ miesi\u0105c","pricing_price_caption":"zacznij od bezp\u0142atnego planu","pricing_benefits":[{"text":"Nielimitowane strony internetowe"},{"text":"Szybka pomoc firmy i dobrze udokumentowana"},{"text":"Bezp\u0142atna pomoc w monta\u017cu"},{"text":"Specjalna oferta na wiele aplikacji"}],"pricing_button_text":"Dodaj do witryny","pricing_button_url":"#demo"}],"related_apps_title":"","related_apps_hidden":"","author":"","image":[],"title":"","job":"","social_networks":[]},"_links":{"self":[{"href":"https:\/\/elfsight.com\/pl\/wp-json\/wp\/v2\/pages\/6021","targetHints":{"allow":["GET"]}}],"collection":[{"href":"https:\/\/elfsight.com\/pl\/wp-json\/wp\/v2\/pages"}],"about":[{"href":"https:\/\/elfsight.com\/pl\/wp-json\/wp\/v2\/types\/page"}],"author":[{"embeddable":true,"href":"https:\/\/elfsight.com\/pl\/wp-json\/wp\/v2\/users\/9"}],"replies":[{"embeddable":true,"href":"https:\/\/elfsight.com\/pl\/wp-json\/wp\/v2\/comments?post=6021"}],"version-history":[{"count":1,"href":"https:\/\/elfsight.com\/pl\/wp-json\/wp\/v2\/pages\/6021\/revisions"}],"predecessor-version":[{"id":6025,"href":"https:\/\/elfsight.com\/pl\/wp-json\/wp\/v2\/pages\/6021\/revisions\/6025"}],"up":[{"embeddable":true,"href":"https:\/\/elfsight.com\/pl\/wp-json\/wp\/v2\/pages\/1960"}],"wp:attachment":[{"href":"https:\/\/elfsight.com\/pl\/wp-json\/wp\/v2\/media?parent=6021"}],"curies":[{"name":"wp","href":"https:\/\/api.w.org\/{rel}","templated":true}]}}