{"id":6015,"date":"1970-01-01T00:00:00","date_gmt":"1970-01-01T00:00:00","guid":{"rendered":"https:\/\/elfsight.com\/pl\/?page_id=6015"},"modified":"2025-10-30T09:45:13","modified_gmt":"2025-10-30T09:45:13","slug":"wix","status":"publish","type":"page","link":"https:\/\/elfsight.com\/pl\/popup-widget\/wix\/","title":{"rendered":"Popup &#8211; Wix"},"content":{"rendered":"<div class=\"application-platform-content-item-description application-platform-content-item\" id=\"description\" data-nav-section=\"description\"> <h2>Opis<\/h2> <p>Dzi\u0119ki wid\u017cetowi Elfsight Popup ka\u017cdy mo\u017ce kszta\u0142towa\u0107 w\u0142asne wyskakuj\u0105ce okienka dowolnego typu i wprowadza\u0107 je na Strona internetowa. Skonfiguruj najbardziej odpowiednie wyskakuj\u0105ce okienko, dodaj\u0105c r\u00f3\u017cnorodne wbudowane komponenty. Zmie\u0144 wygl\u0105d i sk\u0142ad wyskakuj\u0105cego formularza Wix; przypisz wyzwalacz aktywuj\u0105cy i okre\u015bl czas, aby uzyska\u0107 wi\u0119ksz\u0105 skuteczno\u015b\u0107. R\u00f3\u017cnego rodzaju wyskakuj\u0105ce okienka umo\u017cliwiaj\u0105 u\u017cytkownikom utworzenie subskrypcji, poznanie Twoich ofert, kopiowanie kupon\u00f3w rabatowych, branie udzia\u0142u w wyprzeda\u017cach i ofertach specjalnych, \u015bledzenie przysz\u0142ych okazji na Twojej stronie internetowej i wiele wi\u0119cej.<\/p> <p> <b>Wyskakuj\u0105ce okienka umo\u017cliwi\u0105 wydajniejsz\u0105 sprzeda\u017c, reklamowanie zaplanowanych wydarze\u0144, gromadzenie wy\u015bwietle\u0144 i potencjalnych klient\u00f3w oraz wiele wi\u0119cej.<\/b><\/p> <\/div><div class=\"application-platform-content-item-features application-platform-content-item\" id=\"features\" data-nav-section=\"features\"> <h2>G\u0142\u00f3wne cechy wtyczka Popup<\/h2> <p>Zobacz wszystkie funkcje wid\u017cetu. Mo\u017cesz zarz\u0105dza\u0107 Formularzem Wix bezpo\u015brednio w edytorze, a funkcje pomog\u0105 Ci stworzy\u0107 wid\u017cet dok\u0142adnie dla Twojej sprawy. <\/p> <ul><li>Dwana\u015bcie r\u00f3\u017cnych komponent\u00f3w do kszta\u0142towania wyskakuj\u0105cego okienka<\/li> <li>Pi\u0119\u0107 gotowych uk\u0142ad\u00f3w wyskakuj\u0105cych okienek do r\u00f3\u017cnych przypadk\u00f3w<\/li> <li>Osadzaj przyciski, aby przekierowywa\u0107 odwiedzaj\u0105cych na dowoln\u0105 stron\u0119 z Wix box<\/li> <li>Prze\u015blij obraz t\u0142a<\/li> <li>Wyskakuj\u0105ce okienko mo\u017ce pojawi\u0107 si\u0119 na stronie internetowej po okre\u015blonym czasie lub przewin\u0105\u0107 si\u0119<\/li> <li>Wywo\u0142ywanie wyskakuj\u0105cego okienka poprzez klikni\u0119cie okre\u015blonego elementu strony lub przewini\u0119cia do niego<\/li> <\/ul> <p><a href=\"#demo\">Zobacz, jak dzia\u0142aj\u0105 wszystkie funkcje, w naszej wersji demonstracyjnej<\/a><\/p> <\/div> <div class=\"application-platform-content-item-installation application-platform-content-item\" id=\"installation\" data-nav-section=\"installation\"><h2>Jak doda\u0107 wyskakuj\u0105cy komunikat na stronie Wix?<\/h2> <div class=\"video-container\">\n<iframe width=\"720\" height=\"405\" src=\"https:\/\/www.youtube.com\/embed\/PRv0bQN-rn4?si=Me7IS_Vu42VqaViK\" frameborder=\"0\" allowfullscreen=\"\"><\/iframe>\n<\/div><p>Aby rozpocz\u0105\u0107 korzystanie z wid\u017cetu na Wix, po prostu wykonaj te kr\u00f3tkie kroki:<p> <ol><li><b>Wygeneruj spersonalizowan\u0105 aplikacj\u0119 wyskakuj\u0105c\u0105<\/b><br> Korzystaj\u0105c z naszego bezp\u0142atnego edytora, uzyskaj wid\u017cet wyskakuj\u0105cego okienka Wix z niestandardowym interfejsem i funkcjami. <\/li><li><b>Skopiuj kod osobisty, aby doda\u0107 aplikacj\u0119<\/b><br> Po ustawieniu wid\u017cetu indywidualny kod otrzymasz z wyskakuj\u0105cego powiadomienia w aplikacjach Elfsight. Skopiuj kod przysz\u0142ego formularza Wix do p\u00f3\u017aniejszego wykorzystania. <\/li> <li><b>Osad\u017a aplikacj\u0119 na swojej stronie Wix<\/b><br> Okre\u015bl miejsce, w kt\u00f3rym planujesz wy\u015bwietla\u0107 wid\u017cet i wklej tam skopiowany kod. Zapisz wyniki w Wix.<\/li> <li><b>Gotowe!<\/b><br> Przejd\u017a do swojej witryny Wix, aby wy\u015bwietli\u0107 wyskakuj\u0105ce okienko.<\/li> <\/ol><p>Po zako\u0144czeniu instalacji mo\u017cesz zostawi\u0107 wyskakuj\u0105cy baner Wix. Po prostu dokonaj dowolnych zmian w aplikacjach Elfsight, a one natychmiast pojawi\u0105 si\u0119 na Wix. Je\u015bli potrzebujesz porady, nie wahaj si\u0119 skontaktowa\u0107 z obs\u0142ug\u0105 klienta. Nasi specjali\u015bci ch\u0119tnie Ci pomog\u0105, je\u015bli nadal nie wiesz, jak utworzy\u0107 wyskakuj\u0105ce okienko w Wix.<\/p> <div class=\"faq\" data-component=\"FAQ\"> <div class=\"faq-item\">\r\n\t\t\t\t\t<div class=\"faq-item-question\">\r\n\t\t\t\t\t\t<h3 class=\"faq-item-question-text\">Jak doda\u0107 przycisk PayPal do mojej witryny Wix bez umiej\u0119tno\u015bci kodowania ?<\/h3>\r\n\r\n\t\t\t\t\t\t<div class=\"faq-item-question-icon\"><\/div>\r\n\t\t\t\t\t<\/div>\r\n\r\n\t\t\t\t\t<div class=\"faq-item-answer\">\r\n\t\t\t\t\t\t<div class=\"faq-item-answer-text\"> <p>Elfsight zapewnia rozwi\u0105zanie SaaS, kt\u00f3re pozwala Ci samodzielnie utworzy\u0107 wid\u017cet przycisku PayPal. Przekonaj si\u0119, jak \u0142atwy jest ten proces: Pracuj bezpo\u015brednio w Edytorze online, aby utworzy\u0107 wid\u017cet przycisku PayPal, kt\u00f3ry chcia\u0142by\u015b widzie\u0107 na swojej stronie Wix. Wybierz jeden z gotowych szablon\u00f3w i dostosuj ustawienia przycisku PayPal, dodaj tre\u015b\u0107, zmie\u0144 uk\u0142ad i kolory bez umiej\u0119tno\u015bci kodowania. Zapisz przycisk PayPal i skopiuj jego kod instalacyjny, aby\u015b m\u00f3g\u0142 doda\u0107 go do swojej witryny Wix bez kupowania p\u0142atnego planu. Dzi\u0119ki naszemu intuicyjnemu Edytorowi ka\u017cdy u\u017cytkownik Internetu mo\u017ce stworzy\u0107 wid\u017cet przycisku PayPal online i \u0142atwo osadzi\u0107 go na swojej stronie Wix. Aby uzyska\u0107 dost\u0119p do us\u0142ugi, nie trzeba p\u0142aci\u0107 ani wprowadza\u0107 danych uwierzytelniaj\u0105cych karty. Je\u015bli na kt\u00f3rymkolwiek etapie napotkasz jakiekolwiek problemy, skontaktuj si\u0119 z naszym zespo\u0142em pomocy technicznej.<\/p> <\/div>\r\n\t\t\t\t\t<\/div>\r\n\t\t\t\t<\/div> <\/div> <\/div>","protected":false},"excerpt":{"rendered":"","protected":false},"author":9,"featured_media":0,"parent":1960,"menu_order":0,"comment_status":"closed","ping_status":"closed","template":"templates\/template-application-platform.php","meta":{"publish_to_discourse":"","publish_post_category":"","wpdc_auto_publish_overridden":"","wpdc_topic_tags":"","wpdc_pin_topic":"","wpdc_pin_until":"","discourse_post_id":"","discourse_permalink":"","wpdc_publishing_response":"","wpdc_publishing_error":"","footnotes":""},"class_list":["post-6015","page","type-page","status-publish","hentry"],"yoast_head":"<!-- This site is optimized with the Yoast SEO plugin v25.3.1 - https:\/\/yoast.com\/wordpress\/plugins\/seo\/ -->\n<title>Dodaj wtyczk\u0119 Popup do witryny Wix<\/title>\n<meta name=\"description\" content=\"Utw\u00f3rz wyskakuj\u0105ce okienko dla Wix bez kodowania!\" \/>\n<meta name=\"robots\" content=\"index, follow, max-snippet:-1, max-image-preview:large, max-video-preview:-1\" \/>\n<link rel=\"canonical\" href=\"https:\/\/elfsight.com\/pl\/popup-widget\/wix\/\" \/>\n<meta property=\"og:locale\" content=\"pl_PL\" \/>\n<meta property=\"og:type\" content=\"article\" \/>\n<meta property=\"og:title\" content=\"Dodaj wtyczk\u0119 Popup do witryny Wix\" \/>\n<meta property=\"og:description\" content=\"Utw\u00f3rz wyskakuj\u0105ce okienko dla Wix bez kodowania!\" \/>\n<meta property=\"og:url\" content=\"https:\/\/elfsight.com\/pl\/popup-widget\/wix\/\" \/>\n<meta property=\"og:site_name\" content=\"Elfsight PL\" \/>\n<meta property=\"article:modified_time\" content=\"2025-10-30T09:45:13+00:00\" \/>\n<meta name=\"twitter:card\" content=\"summary_large_image\" \/>\n<meta name=\"twitter:label1\" content=\"Szacowany czas czytania\" \/>\n\t<meta name=\"twitter:data1\" content=\"3 minuty\" \/>\n<!-- \/ Yoast SEO plugin. -->","yoast_head_json":{"title":"Dodaj wtyczk\u0119 Popup do witryny Wix","description":"Utw\u00f3rz wyskakuj\u0105ce okienko dla Wix bez kodowania!","robots":{"index":"index","follow":"follow","max-snippet":"max-snippet:-1","max-image-preview":"max-image-preview:large","max-video-preview":"max-video-preview:-1"},"canonical":"https:\/\/elfsight.com\/pl\/popup-widget\/wix\/","og_locale":"pl_PL","og_type":"article","og_title":"Dodaj wtyczk\u0119 Popup do witryny Wix","og_description":"Utw\u00f3rz wyskakuj\u0105ce okienko dla Wix bez kodowania!","og_url":"https:\/\/elfsight.com\/pl\/popup-widget\/wix\/","og_site_name":"Elfsight PL","article_modified_time":"2025-10-30T09:45:13+00:00","twitter_card":"summary_large_image","twitter_misc":{"Szacowany czas czytania":"3 minuty"},"schema":{"@context":"https:\/\/schema.org","@graph":[{"@type":"WebPage","@id":"https:\/\/elfsight.com\/pl\/popup-widget\/wix\/","url":"https:\/\/elfsight.com\/pl\/popup-widget\/wix\/","name":"Dodaj wtyczk\u0119 Popup do witryny Wix","isPartOf":{"@id":"https:\/\/elfsight.com\/pl\/#website"},"datePublished":"1970-01-01T00:00:00+00:00","dateModified":"2025-10-30T09:45:13+00:00","description":"Utw\u00f3rz wyskakuj\u0105ce okienko dla Wix bez kodowania!","breadcrumb":{"@id":"https:\/\/elfsight.com\/pl\/popup-widget\/wix\/#breadcrumb"},"inLanguage":"pl-PL","potentialAction":[{"@type":"ReadAction","target":["https:\/\/elfsight.com\/pl\/popup-widget\/wix\/"]}]},{"@type":"BreadcrumbList","@id":"https:\/\/elfsight.com\/pl\/popup-widget\/wix\/#breadcrumb","itemListElement":[{"@type":"ListItem","position":1,"name":"Home","item":"https:\/\/elfsight.com\/pl\/"},{"@type":"ListItem","position":2,"name":"Popup","item":"https:\/\/elfsight.com\/pl\/popup-widget\/"},{"@type":"ListItem","position":3,"name":"Popup &#8211; Wix"}]},{"@type":"WebSite","@id":"https:\/\/elfsight.com\/pl\/#website","url":"https:\/\/elfsight.com\/pl\/","name":"Elfsight PL","description":"Just another Elfsight Sites site","potentialAction":[{"@type":"SearchAction","target":{"@type":"EntryPoint","urlTemplate":"https:\/\/elfsight.com\/pl\/?s={search_term_string}"},"query-input":{"@type":"PropertyValueSpecification","valueRequired":true,"valueName":"search_term_string"}}],"inLanguage":"pl-PL"}]}},"meta_box":{"industry":"","seo_heading":"","heading":"","description":"","cta_heading":"","cta_description":"","application":"1959","h1":"Wyskakuj\u0105ce okienko Wix","h1_caption":"Wy\u015bwietlaj wyskakuj\u0105ce okienka, aby przyci\u0105gn\u0105\u0107 uwag\u0119 odwiedzaj\u0105cych, promowa\u0107 oferty lub zbiera\u0107 potencjalnych klient\u00f3w bez przerywania korzystania ze strony internetowej i przej\u015bcia na Twoj\u0105 witryn\u0119 Wix.","application_category":[],"applications_title":"","applications_request_title":"","applications_request_button_text":"","hero_text":"","hero_video":"","hero_video_schema_markup":"","selling_points_title":"","selling_points_caption":"","selling_points":[],"selling_points_cta_text":"","features_title":"","features":"","ed_cta_examples_text":"","ed_cta_examples_hidden":"","ed_cta_demo_text":"","ed_cta_demo_hidden":"","why_caption":"","why_editor_title":"","why_editor_text":"","why_team_title":"","why_team_text":"","why_service_title":"","why_service_text":"","template_catalog_visible":"0","template_catalog_title":"","template_catalog_text":"","template_catalog_categories_visible":"","demo_title":"Utw\u00f3rz aplikacj\u0119 wyskakuj\u0105c\u0105","demo_caption":"Skonfiguruj sw\u00f3j Popup i dodaj go do swojej witryny Wix za darmo!","default_faq_hidden":"","app_template_category":[],"platform":"30","template_public_id":"","codecanyon_url":"","codecanyon_item_id":"","codecanyon_price":"","pricing_caption":"","pricing_elfsight_apps_hide_column":"","pricing_elfsight_apps_url":"","pricing_codecanyon_price_caption":"","integration_category":[],"integration_request_title":"","integration_request_cta":"","integration_platform":"","integrations":[],"platform_category":[],"video_schema_markup":"","price":"od 0 USD \/ miesi\u0105c","trial":"","benefits":[{"text":"Konfiguracja w 1 minut\u0119"},{"text":"Wysoce konfigurowalny"},{"text":"Odpowiedni dla pocz\u0105tkuj\u0105cych"}],"button_url":"#demo","button_target_blank":"0","button_nofollow":"0","attributes":[{"name":"Instaluje","content":"100,000 - 500,000"},{"name":"Czu\u0142y","content":"Tak"},{"name":"Kompatybilne przegl\u0105darki","content":"IE11, Firefox, Safari, Opera, Chrome, Edge"}],"tags":[],"tags_disable_links":"0","hide_more_platforms":"0","video_object":"","demo_hide_cta":"0","demo_hide_cloud_options":"0","pricing_title":"","pricing":[{"pricing_icon":"platform","pricing_title":"Wix Pop Up App by Elfsight","pricing_title_caption":"W 100% kompatybilny z Twoj\u0105 witryn\u0105","pricing_price":"od 0 USD \/ miesi\u0105c","pricing_price_caption":"zacznij od bezp\u0142atnego planu","pricing_benefits":[{"text":"#1 Spos\u00f3b na dodanie wyskakuj\u0105cego okienka na Wix"},{"text":"Ponad 20 wbudowanych szablon\u00f3w"},{"text":"Ponad 100 niesamowitych funkcji"},{"text":"Gotowy na ka\u017cde wydarzenie lub wyprzeda\u017c"}],"pricing_button_text":"Dodaj do witryny","pricing_button_url":"#demo"}],"related_apps_title":"","related_apps_hidden":"0","author":"","image":[],"title":"","job":"","social_networks":[]},"_links":{"self":[{"href":"https:\/\/elfsight.com\/pl\/wp-json\/wp\/v2\/pages\/6015","targetHints":{"allow":["GET"]}}],"collection":[{"href":"https:\/\/elfsight.com\/pl\/wp-json\/wp\/v2\/pages"}],"about":[{"href":"https:\/\/elfsight.com\/pl\/wp-json\/wp\/v2\/types\/page"}],"author":[{"embeddable":true,"href":"https:\/\/elfsight.com\/pl\/wp-json\/wp\/v2\/users\/9"}],"replies":[{"embeddable":true,"href":"https:\/\/elfsight.com\/pl\/wp-json\/wp\/v2\/comments?post=6015"}],"version-history":[{"count":3,"href":"https:\/\/elfsight.com\/pl\/wp-json\/wp\/v2\/pages\/6015\/revisions"}],"predecessor-version":[{"id":10787,"href":"https:\/\/elfsight.com\/pl\/wp-json\/wp\/v2\/pages\/6015\/revisions\/10787"}],"up":[{"embeddable":true,"href":"https:\/\/elfsight.com\/pl\/wp-json\/wp\/v2\/pages\/1960"}],"wp:attachment":[{"href":"https:\/\/elfsight.com\/pl\/wp-json\/wp\/v2\/media?parent=6015"}],"curies":[{"name":"wp","href":"https:\/\/api.w.org\/{rel}","templated":true}]}}