{"id":6014,"date":"1970-01-01T00:00:00","date_gmt":"1970-01-01T00:00:00","guid":{"rendered":"https:\/\/elfsight.com\/pl\/?page_id=6014"},"modified":"2024-11-14T09:30:44","modified_gmt":"2024-11-14T09:30:44","slug":"wordpress","status":"publish","type":"page","link":"https:\/\/elfsight.com\/pl\/popup-widget\/wordpress\/","title":{"rendered":"Popup &#8211; WordPress"},"content":{"rendered":"\n<div class=\"application-platform-content-item-description application-platform-content-item\" id=\"description\" data-nav-section=\"description\">\n<h2>Opis<\/h2>\n<p>Dzi\u0119ki wtyczce Elfsight Popup ka\u017cdy mo\u017ce projektowa\u0107 wszelkiego rodzaju spersonalizowane okna modalne i wprowadza\u0107 je na stronie WordPress za darmo. Zbuduj najbardziej odpowiedni pop-up, wybieraj\u0105c elementy spo\u015br\u00f3d wielu wbudowanych. Zmie\u0144 styl i aran\u017cacj\u0119; wybierz wyzwalacz aktywuj\u0105cy i dostosuj czas, aby uzyska\u0107 lepsz\u0105 wydajno\u015b\u0107 wyskakuj\u0105cego okienka. R\u00f3\u017cnego rodzaju wyskakuj\u0105ce okienka pozwalaj\u0105 u\u017cytkownikom subskrybowa\u0107 poczt\u0119, poznawa\u0107 Twoje towary i us\u0142ugi, kopiowa\u0107 kupony, otrzymywa\u0107 informacje o wyprzeda\u017cach i ofertach specjalnych, otrzymywa\u0107 powiadomienia o wa\u017cnych wydarzeniach na Twojej stronie i jeszcze wi\u0119cej.<\/p>\n<p><b>Kreator wyskakuj\u0105cych okienek WordPress pomo\u017ce Ci zarobi\u0107 wi\u0119cej, zareklamowa\u0107 nadchodz\u0105ce okazje, uzyska\u0107 opinie i subskrypcje i wiele wi\u0119cej.<\/b><\/p>\n<\/div>\n\n<div class=\"faq\" data-component=\"FAQ\">\n<div class=\"faq-item\">\r\n\t\t\t\t\t<div class=\"faq-item-question\">\r\n\t\t\t\t\t\t<h3 class=\"faq-item-question-text\">Jak mog\u0119 doda\u0107 wyskakuj\u0105ce okienko do mojej witryny WordPress?<\/h3>\r\n\r\n\t\t\t\t\t\t<div class=\"faq-item-question-icon\"><\/div>\r\n\t\t\t\t\t<\/div>\r\n\r\n\t\t\t\t\t<div class=\"faq-item-answer\">\r\n\t\t\t\t\t\t<div class=\"faq-item-answer-text\">\n<p>Tworzenie wid\u017cetu odbywa si\u0119 w witrynie Elfsight i nie musisz uczy\u0107 si\u0119 kodowania ani obs\u0142ugi kreatora wyskakuj\u0105cych okienek WordPress. Skorzystaj z naszego aktywnego demo, aby zaprojektowa\u0107 w\u0142asny formularz wyskakuj\u0105cy, pobierz kod i wstaw go na swoj\u0105 stron\u0119 internetow\u0105.<\/p>\n<\/div>\r\n\t\t\t\t\t<\/div>\r\n\t\t\t\t<\/div>\n<div class=\"faq-item\">\r\n\t\t\t\t\t<div class=\"faq-item-question\">\r\n\t\t\t\t\t\t<h3 class=\"faq-item-question-text\">Najlepsze sposoby wykorzystania integracji wyskakuj\u0105cych baner\u00f3w<\/h3>\r\n\r\n\t\t\t\t\t\t<div class=\"faq-item-question-icon\"><\/div>\r\n\t\t\t\t\t<\/div>\r\n\r\n\t\t\t\t\t<div class=\"faq-item-answer\">\r\n\t\t\t\t\t\t<div class=\"faq-item-answer-text\">\n<p>Oferujemy mn\u00f3stwo mo\u017cliwo\u015bci dostosowywania w Kreatorze wyskakuj\u0105cych okienek. Istniej\u0105 pe\u0142nowymiarowe wid\u017cety do wstawiania w obszarze zawarto\u015bci, p\u0142ywaj\u0105ce wtyczki z mo\u017cliwo\u015bci\u0105 przewijania, uk\u0142ady stopki witryny, nag\u0142\u00f3wka i wszelkiego rodzaju mo\u017cliwo\u015bci pionowe dla pask\u00f3w bocznych i menu.<\/p>\n<\/div>\r\n\t\t\t\t\t<\/div>\r\n\t\t\t\t<\/div>\n<div class=\"faq-item\">\r\n\t\t\t\t\t<div class=\"faq-item-question\">\r\n\t\t\t\t\t\t<h3 class=\"faq-item-question-text\">Czy mog\u0119 zbudowa\u0107 biuletyn lub wyskakuj\u0105ce okienko z ofert\u0105 za pomoc\u0105 edytora?<\/h3>\r\n\r\n\t\t\t\t\t\t<div class=\"faq-item-question-icon\"><\/div>\r\n\t\t\t\t\t<\/div>\r\n\r\n\t\t\t\t\t<div class=\"faq-item-answer\">\r\n\t\t\t\t\t\t<div class=\"faq-item-answer-text\">\n<p>Mo\u017cesz tworzy\u0107 dowolne zmiany wtyczki WordPress Popup. W kreatorze wyskakuj\u0105cych okienek dost\u0119pnych jest wiele uk\u0142ad\u00f3w, a ka\u017cdy z nich mo\u017cna \u0142atwo spersonalizowa\u0107 wed\u0142ug potrzeb.<\/p>\n<\/div>\r\n\t\t\t\t\t<\/div>\r\n\t\t\t\t<\/div>\n<div class=\"faq-item\">\r\n\t\t\t\t\t<div class=\"faq-item-question\">\r\n\t\t\t\t\t\t<h3 class=\"faq-item-question-text\">Jakie wyzwalacze s\u0105 dost\u0119pne dla otwierania wyskakuj\u0105cych okienek?<\/h3>\r\n\r\n\t\t\t\t\t\t<div class=\"faq-item-question-icon\"><\/div>\r\n\t\t\t\t\t<\/div>\r\n\r\n\t\t\t\t\t<div class=\"faq-item-answer\">\r\n\t\t\t\t\t\t<div class=\"faq-item-answer-text\">\n<p>Masz mo\u017cliwo\u015b\u0107 wy\u015bwietlenia wyskakuj\u0105cego okienka WordPress po klikni\u0119ciu, gdy u\u017cytkownik zamierza wyj\u015b\u0107, lub po prostu podczas \u0142adowania strony. Mo\u017cesz sprawi\u0107, \u017ce wyskakuj\u0105ce okienko pojawi si\u0119 po okre\u015blonym czasie sp\u0119dzonym na stronie lub po przewini\u0119ciu przez osob\u0119 okre\u015blonego procentu tre\u015bci. Na koniec mo\u017cesz umie\u015bci\u0107 wezwanie do dzia\u0142ania, aby otworzy\u0107 wyskakuj\u0105ce okienko w WordPressie.<\/p>\n<\/div>\r\n\t\t\t\t\t<\/div>\r\n\t\t\t\t<\/div>\n<\/div>\n\n<div class=\"application-platform-content-item-features application-platform-content-item\" id=\"features\" data-nav-section=\"features\">\n<h2>G\u0142\u00f3wne cechy wtyczki Popup<\/h2>\n<p>Zobacz wszystkie cechy funkcjonalne wid\u017cetu. Mo\u017cesz nimi zarz\u0105dza\u0107 bezpo\u015brednio w kreatorze, a pomog\u0105 Ci one ukszta\u0142towa\u0107 wid\u017cet specjalnie dla Twojego przypadku u\u017cycia.<\/p>\n<ul>\n  <li>12 dost\u0119pnych blok\u00f3w do zbudowania wyskakuj\u0105cego okienka<\/li>\n  <li>5 gotowych do u\u017cycia uk\u0142ad\u00f3w wyskakuj\u0105cych okienek w r\u00f3\u017cnych przypadkach<\/li>\n  <li>Umie\u015b\u0107 przyciski, aby przekierowywa\u0107 u\u017cytkownik\u00f3w na dowoln\u0105 stron\u0119 WordPress<\/li>\n  <li>Przesy\u0142anie obrazu t\u0142a wtyczki<\/li>\n  <li>Wyskakuj\u0105ce okienko mo\u017ce by\u0107 aktywowane po okre\u015blonym czasie sp\u0119dzonym na stronie lub procentowym przewini\u0119ciu<\/li>\n  <li>Wyzwalanie wyskakuj\u0105cych okienek: klikni\u0119cie elementu lub przewini\u0119cie do niego<\/li>\n<\/ul>\n<p><a href=\"#demo\">Zobacz, jak dzia\u0142aj\u0105 wszystkie funkcje, w naszej wersji demonstracyjnej<\/a><\/p>\n<\/div>\n\n<div class=\"application-platform-content-item-installation application-platform-content-item\" id=\"installation\" data-nav-section=\"installation\">\n<h2>Jak doda\u0107 wtyczk\u0119 Popup do witryny WordPress?<\/h2>\n<div class=\"video-container\">\n  <iframe src=\"https:\/\/www.youtube.com\/embed\/LhmryTr-ECE\" allowfullscreen=\"\" width=\"720\" height=\"405\" frameborder=\"0\"><\/iframe>\n<\/div>\n<p>Wystarczy wykona\u0107 kroki opisane poni\u017cej, aby aktywowa\u0107 wid\u017cet w WordPressie.<\/p>\n<ol>\n  <li><b>Uruchom nasz darmowy kreator wyskakuj\u0105cych okienek i zacznij tworzy\u0107 swoj\u0105 unikaln\u0105 wtyczk\u0119.<\/b><br> Okre\u015bl po\u017c\u0105dany wygl\u0105d i funkcje narz\u0119dzia oraz zastosuj poprawki.<\/li>\n  <li><b>Skopiuj indywidualny kod pokazany w oknie modalnym w aplikacjach Elfsight.<\/b><br> Po skonfigurowaniu osobistej wtyczki Popup skopiuj ekskluzywny kod w wy\u015bwietlonym oknie i zapisz go do p\u00f3\u017aniejszego wykorzystania.<\/li>\n  <li><b>Rozpocznij korzystanie z wtyczki w witrynie WordPress.<\/b><br> Umie\u015b\u0107 kod wtyczki WordPress Popup na swojej stronie i zastosuj poprawki.<\/li>\n  <li><b>Instalacja zosta\u0142a pomy\u015blnie uko\u0144czona.<\/b><br> Przejd\u017a do swojej witryny WordPress i sprawd\u017a, jak dzia\u0142a to narz\u0119dzie.<\/li>\n<\/ol>\n<p>Je\u015bli potrzebujesz pomocy przy instalacji WordPressa, skontaktuj si\u0119 z naszym dzia\u0142em pomocy technicznej. Ch\u0119tnie pomo\u017cemy w przypadku ka\u017cdego zapytania.<\/p>\n<\/div>\n\n","protected":false},"excerpt":{"rendered":"","protected":false},"author":9,"featured_media":0,"parent":1960,"menu_order":0,"comment_status":"closed","ping_status":"closed","template":"templates\/template-application-platform.php","meta":{"publish_to_discourse":"","publish_post_category":"","wpdc_auto_publish_overridden":"","wpdc_topic_tags":"","wpdc_pin_topic":"","wpdc_pin_until":"","discourse_post_id":"","discourse_permalink":"","wpdc_publishing_response":"","wpdc_publishing_error":"","footnotes":""},"class_list":["post-6014","page","type-page","status-publish","hentry"],"yoast_head":"<!-- This site is optimized with the Yoast SEO plugin v25.3.1 - https:\/\/yoast.com\/wordpress\/plugins\/seo\/ -->\n<title>Najlepsza wtyczka wyskakuj\u0105ca WordPress | #1 Spos\u00f3b na dodanie narz\u0119dzia do tworzenia wyskakuj\u0105cych okienek do WP<\/title>\n<meta name=\"description\" content=\"Dodanie wyskakuj\u0105cego okienka na stronie WordPress jest \u0142atwe dzi\u0119ki narz\u0119dziu Elfsight Popup Builder. Okna modalne, banery, komunikaty - wszystko, czego potrzebujesz, aby wyskoczy\u0107.\" \/>\n<meta name=\"robots\" content=\"index, follow, max-snippet:-1, max-image-preview:large, max-video-preview:-1\" \/>\n<link rel=\"canonical\" href=\"https:\/\/elfsight.com\/pl\/popup-widget\/wordpress\/\" \/>\n<meta property=\"og:locale\" content=\"pl_PL\" \/>\n<meta property=\"og:type\" content=\"article\" \/>\n<meta property=\"og:title\" content=\"Najlepsza wtyczka wyskakuj\u0105ca WordPress | #1 Spos\u00f3b na dodanie narz\u0119dzia do tworzenia wyskakuj\u0105cych okienek do WP\" \/>\n<meta property=\"og:description\" content=\"Dodanie wyskakuj\u0105cego okienka na stronie WordPress jest \u0142atwe dzi\u0119ki narz\u0119dziu Elfsight Popup Builder. Okna modalne, banery, komunikaty - wszystko, czego potrzebujesz, aby wyskoczy\u0107.\" \/>\n<meta property=\"og:url\" content=\"https:\/\/elfsight.com\/pl\/popup-widget\/wordpress\/\" \/>\n<meta property=\"og:site_name\" content=\"Elfsight PL\" \/>\n<meta property=\"article:modified_time\" content=\"2024-11-14T09:30:44+00:00\" \/>\n<meta name=\"twitter:card\" content=\"summary_large_image\" \/>\n<meta name=\"twitter:label1\" content=\"Szacowany czas czytania\" \/>\n\t<meta name=\"twitter:data1\" content=\"4 minuty\" \/>\n<!-- \/ Yoast SEO plugin. -->","yoast_head_json":{"title":"Najlepsza wtyczka wyskakuj\u0105ca WordPress | #1 Spos\u00f3b na dodanie narz\u0119dzia do tworzenia wyskakuj\u0105cych okienek do WP","description":"Dodanie wyskakuj\u0105cego okienka na stronie WordPress jest \u0142atwe dzi\u0119ki narz\u0119dziu Elfsight Popup Builder. Okna modalne, banery, komunikaty - wszystko, czego potrzebujesz, aby wyskoczy\u0107.","robots":{"index":"index","follow":"follow","max-snippet":"max-snippet:-1","max-image-preview":"max-image-preview:large","max-video-preview":"max-video-preview:-1"},"canonical":"https:\/\/elfsight.com\/pl\/popup-widget\/wordpress\/","og_locale":"pl_PL","og_type":"article","og_title":"Najlepsza wtyczka wyskakuj\u0105ca WordPress | #1 Spos\u00f3b na dodanie narz\u0119dzia do tworzenia wyskakuj\u0105cych okienek do WP","og_description":"Dodanie wyskakuj\u0105cego okienka na stronie WordPress jest \u0142atwe dzi\u0119ki narz\u0119dziu Elfsight Popup Builder. Okna modalne, banery, komunikaty - wszystko, czego potrzebujesz, aby wyskoczy\u0107.","og_url":"https:\/\/elfsight.com\/pl\/popup-widget\/wordpress\/","og_site_name":"Elfsight PL","article_modified_time":"2024-11-14T09:30:44+00:00","twitter_card":"summary_large_image","twitter_misc":{"Szacowany czas czytania":"4 minuty"},"schema":{"@context":"https:\/\/schema.org","@graph":[{"@type":"WebPage","@id":"https:\/\/elfsight.com\/pl\/popup-widget\/wordpress\/","url":"https:\/\/elfsight.com\/pl\/popup-widget\/wordpress\/","name":"Najlepsza wtyczka wyskakuj\u0105ca WordPress | #1 Spos\u00f3b na dodanie narz\u0119dzia do tworzenia wyskakuj\u0105cych okienek do WP","isPartOf":{"@id":"https:\/\/elfsight.com\/pl\/#website"},"datePublished":"1970-01-01T00:00:00+00:00","dateModified":"2024-11-14T09:30:44+00:00","description":"Dodanie wyskakuj\u0105cego okienka na stronie WordPress jest \u0142atwe dzi\u0119ki narz\u0119dziu Elfsight Popup Builder. Okna modalne, banery, komunikaty - wszystko, czego potrzebujesz, aby wyskoczy\u0107.","breadcrumb":{"@id":"https:\/\/elfsight.com\/pl\/popup-widget\/wordpress\/#breadcrumb"},"inLanguage":"pl-PL","potentialAction":[{"@type":"ReadAction","target":["https:\/\/elfsight.com\/pl\/popup-widget\/wordpress\/"]}]},{"@type":"BreadcrumbList","@id":"https:\/\/elfsight.com\/pl\/popup-widget\/wordpress\/#breadcrumb","itemListElement":[{"@type":"ListItem","position":1,"name":"Home","item":"https:\/\/elfsight.com\/pl\/"},{"@type":"ListItem","position":2,"name":"Popup","item":"https:\/\/elfsight.com\/pl\/popup-widget\/"},{"@type":"ListItem","position":3,"name":"Popup &#8211; WordPress"}]},{"@type":"WebSite","@id":"https:\/\/elfsight.com\/pl\/#website","url":"https:\/\/elfsight.com\/pl\/","name":"Elfsight PL","description":"Just another Elfsight Sites site","potentialAction":[{"@type":"SearchAction","target":{"@type":"EntryPoint","urlTemplate":"https:\/\/elfsight.com\/pl\/?s={search_term_string}"},"query-input":{"@type":"PropertyValueSpecification","valueRequired":true,"valueName":"search_term_string"}}],"inLanguage":"pl-PL"}]}},"meta_box":{"industry":"","seo_heading":"","heading":"","description":"","cta_heading":"","cta_description":"","application":"1959","h1":"Wtyczka wyskakuj\u0105ca WordPress","h1_caption":"Wy\u015bwietlaj wyskakuj\u0105ce okienka, aby przyci\u0105gn\u0105\u0107 uwag\u0119 odwiedzaj\u0105cych, promowa\u0107 oferty lub zbiera\u0107 potencjalnych klient\u00f3w bez przerywania korzystania z witryny w witrynie WordPress.","application_category":[],"applications_title":"","applications_request_title":"","applications_request_button_text":"","hero_text":"","hero_video":"","hero_video_schema_markup":"","selling_points_title":"","selling_points_caption":"","selling_points":[],"selling_points_cta_text":"","features_title":"","features":"","ed_cta_examples_text":"","ed_cta_examples_hidden":"","ed_cta_demo_text":"","ed_cta_demo_hidden":"","why_caption":"","why_editor_title":"","why_editor_text":"","why_team_title":"","why_team_text":"","why_service_title":"","why_service_text":"","template_catalog_visible":"0","template_catalog_title":"","template_catalog_text":"","template_catalog_categories_visible":"","demo_title":"Utw\u00f3rz wtyczk\u0119 Popup","demo_caption":"Skonfiguruj sw\u00f3j Popup i dodaj go do swojej witryny WordPress za darmo!","default_faq_hidden":"","app_template_category":[],"platform":"31","template_public_id":"","codecanyon_url":"","codecanyon_item_id":"","codecanyon_price":"","pricing_caption":"","pricing_elfsight_apps_hide_column":"","pricing_elfsight_apps_url":"","pricing_codecanyon_price_caption":"","integration_category":[],"integration_request_title":"","integration_request_cta":"","integration_platform":"","integrations":[],"platform_category":[],"video_schema_markup":"","price":"od 0 USD \/ miesi\u0105c","trial":"","benefits":[{"text":"Konfiguracja w 1 minut\u0119"},{"text":"100% konfigurowalny"},{"text":"Pi\u0119knie zaprojektowane"}],"button_url":"#demo","button_target_blank":"0","button_nofollow":"0","attributes":[{"name":"Instaluje","content":"100,000 - 500,000"},{"name":"Czu\u0142y","content":"Tak"},{"name":"Kompatybilne przegl\u0105darki","content":"IE11, Firefox, Safari, Opera, Chrome, Edge"}],"tags":[],"tags_disable_links":"0","hide_more_platforms":"","video_object":"","demo_hide_cta":"0","demo_hide_cloud_options":"0","pricing_title":"","pricing":[{"pricing_icon":"platform","pricing_title":"WP Popup Plugin by Elfsight","pricing_title_caption":"W 100% kompatybilny z Twoj\u0105 witryn\u0105","pricing_price":"od 0 USD \/ miesi\u0105c","pricing_price_caption":"zacznij od bezp\u0142atnego planu","pricing_benefits":[{"text":"#1 Spos\u00f3b dodania wyskakuj\u0105cego okienka w WP"},{"text":"Ponad 20 wbudowanych szablon\u00f3w"},{"text":"Ponad 100 profesjonalnych funkcji"},{"text":"Gotowy na ka\u017cde wydarzenie lub wyprzeda\u017c"}],"pricing_button_text":"Dodaj do witryny","pricing_button_url":"#demo"}],"related_apps_title":"","related_apps_hidden":"0","author":"","image":[],"title":"","job":"","social_networks":[]},"_links":{"self":[{"href":"https:\/\/elfsight.com\/pl\/wp-json\/wp\/v2\/pages\/6014","targetHints":{"allow":["GET"]}}],"collection":[{"href":"https:\/\/elfsight.com\/pl\/wp-json\/wp\/v2\/pages"}],"about":[{"href":"https:\/\/elfsight.com\/pl\/wp-json\/wp\/v2\/types\/page"}],"author":[{"embeddable":true,"href":"https:\/\/elfsight.com\/pl\/wp-json\/wp\/v2\/users\/9"}],"replies":[{"embeddable":true,"href":"https:\/\/elfsight.com\/pl\/wp-json\/wp\/v2\/comments?post=6014"}],"version-history":[{"count":3,"href":"https:\/\/elfsight.com\/pl\/wp-json\/wp\/v2\/pages\/6014\/revisions"}],"predecessor-version":[{"id":8183,"href":"https:\/\/elfsight.com\/pl\/wp-json\/wp\/v2\/pages\/6014\/revisions\/8183"}],"up":[{"embeddable":true,"href":"https:\/\/elfsight.com\/pl\/wp-json\/wp\/v2\/pages\/1960"}],"wp:attachment":[{"href":"https:\/\/elfsight.com\/pl\/wp-json\/wp\/v2\/media?parent=6014"}],"curies":[{"name":"wp","href":"https:\/\/api.w.org\/{rel}","templated":true}]}}