{"id":6013,"date":"1970-01-01T00:00:00","date_gmt":"1970-01-01T00:00:00","guid":{"rendered":"https:\/\/elfsight.com\/pl\/?page_id=6013"},"modified":"2024-11-14T09:30:44","modified_gmt":"2024-11-14T09:30:44","slug":"iframe","status":"publish","type":"page","link":"https:\/\/elfsight.com\/pl\/popup-widget\/iframe\/","title":{"rendered":"Popup &#8211; iFrame"},"content":{"rendered":"<div class=\"application-platform-content-item-description application-platform-content-item\" id=\"description\" data-nav-section=\"description\"> <h2>Osad\u017a wyskakuj\u0105ce okienko w ramce iFrame za pomoc\u0105 wid\u017cetu Elfsight<\/h2> <p>Dzi\u0119ki wid\u017cetowi Elfsight Popup ka\u017cdy mo\u017ce kszta\u0142towa\u0107 spersonalizowane wyskakuj\u0105ce okienka dowolnego wpisz i poka\u017c je w witrynie iFrame. Ukszta\u0142tuj najbardziej odpowiednie wyskakuj\u0105ce okienko, wybieraj\u0105c spo\u015br\u00f3d wielu do\u0142\u0105czonych blok\u00f3w. Zmie\u0144 uk\u0142ad i kompozycj\u0119; zastosuj wyzwalacz aktywuj\u0105cy i dostosuj cz\u0119stotliwo\u015b\u0107, aby uzyska\u0107 wi\u0119ksz\u0105 skuteczno\u015b\u0107 wyskakuj\u0105cego okienka. Wyskakuj\u0105ce okienka umo\u017cliwiaj\u0105 u\u017cytkownikom utworzenie subskrypcji, zapoznanie si\u0119 z ofertami, korzystanie z kupon\u00f3w rabatowych, korzystanie z wyprzeda\u017cy i ofert specjalnych, otrzymywanie powiadomie\u0144 o nowych wydarzeniach na Twojej stronie i wiele wi\u0119cej. <\/p> <p><b>Wyskakuj\u0105ce okienka pomog\u0105 Ci szybciej sprzedawa\u0107, og\u0142asza\u0107 planowane wydarzenia, otrzymywa\u0107 opinie i subskrypcje i wiele wi\u0119cej. <\/b><\/p> <\/div><div class=\"faq\" data-component=\"FAQ\"><div class=\"faq-item\">\r\n\t\t\t\t\t<div class=\"faq-item-question\">\r\n\t\t\t\t\t\t<h3 class=\"faq-item-question-text\">Jak doda\u0107 wyskakuj\u0105ce okienko do ramki iFrame?<\/h3>\r\n\r\n\t\t\t\t\t\t<div class=\"faq-item-question-icon\"><\/div>\r\n\t\t\t\t\t<\/div>\r\n\r\n\t\t\t\t\t<div class=\"faq-item-answer\">\r\n\t\t\t\t\t\t<div class=\"faq-item-answer-text\"><p>Tworzenie wid\u017cetu dzieje si\u0119 w ramach us\u0142ugi Elfsight i nie ma potrzeby kodowania. Przejd\u017a do naszego demo na \u017cywo, aby dostosowa\u0107 swoj\u0105 osobist\u0105 wtyczk\u0119, pobierz kod i zaimplementuj go na swojej stronie internetowej iFrame. <\/p><\/div>\r\n\t\t\t\t\t<\/div>\r\n\t\t\t\t<\/div><div class=\"faq-item\">\r\n\t\t\t\t\t<div class=\"faq-item-question\">\r\n\t\t\t\t\t\t<h3 class=\"faq-item-question-text\">Najlepsze sposoby integracji z wyskakuj\u0105cym okienkiem<\/h3>\r\n\r\n\t\t\t\t\t\t<div class=\"faq-item-question-icon\"><\/div>\r\n\t\t\t\t\t<\/div>\r\n\r\n\t\t\t\t\t<div class=\"faq-item-answer\">\r\n\t\t\t\t\t\t<div class=\"faq-item-answer-text\"><p>Zapewniamy wiele opcji dostosowywania: pe\u0142nowymiarowe wid\u017cety do wdro\u017cenia w sekcji tre\u015bci , p\u0142ywaj\u0105ce wid\u017cety do opcji przewijania, miniatury stopki Twojej witryny, nag\u0142\u00f3wka i wszystkie odmiany opcji pionowych pask\u00f3w bocznych i menu. <\/p><\/div>\r\n\t\t\t\t\t<\/div>\r\n\t\t\t\t<\/div><div class=\"faq-item\">\r\n\t\t\t\t\t<div class=\"faq-item-question\">\r\n\t\t\t\t\t\t<h3 class=\"faq-item-question-text\">Czy za pomoc\u0105 Twojego edytora mog\u0119 utworzy\u0107 wyskakuj\u0105ce okienko z ostatni\u0105 wyprzeda\u017c\u0105 lub now\u0105 kolekcj\u0105? <\/h3>\r\n\r\n\t\t\t\t\t\t<div class=\"faq-item-question-icon\"><\/div>\r\n\t\t\t\t\t<\/div>\r\n\r\n\t\t\t\t\t<div class=\"faq-item-answer\">\r\n\t\t\t\t\t\t<div class=\"faq-item-answer-text\"><p>Mo\u017cesz dowolnie modyfikowa\u0107 dowolne modyfikacje wid\u017cetu. W edytorze dost\u0119pnych jest wiele uk\u0142ad\u00f3w. Wszystkie modalne wyskakuj\u0105ce okienka iFrame mo\u017cna szybko dostosowa\u0107 do w\u0142asnych potrzeb. <\/p><\/div>\r\n\t\t\t\t\t<\/div>\r\n\t\t\t\t<\/div><\/div><div class=\"application-platform-content-item-features application-platform-content-item\" id=\"features\" data-nav-section=\"features\"> <h2>G\u0142\u00f3wne cechy wid\u017cetu Popup<\/h2> <p>Tutaj mo\u017cesz zobaczy\u0107 wszystkie cechy funkcjonalne wid\u017cetu. S\u0105 one dost\u0119pne bezpo\u015brednio w edytorze i pomog\u0105 Ci stworzy\u0107 widget najbardziej odpowiedni dla Twojego przypadku. <\/p> <ul><li>Dwana\u015bcie dost\u0119pnych element\u00f3w do zbudowania wyskakuj\u0105cego okienka<\/li> <li>Pi\u0119\u0107 gotowych uk\u0142ad\u00f3w wyskakuj\u0105cych okienek do r\u00f3\u017cnych zastosowa\u0144<\/li> <li>Umie\u015b\u0107 przyciski do przekierowania na dowoln\u0105 stron\u0119 <\/li> <li>Przesy\u0142anie obrazu t\u0142a wyskakuj\u0105cego okienka<\/li> <li>Wyskakuj\u0105ce okienko mo\u017ce pojawi\u0107 si\u0119 po okre\u015blonym czasie na stronie internetowej lub po pewnym czasie przewijania<\/li> <li>Wywo\u0142ywanie wyskakuj\u0105cego okienka przez klikni\u0119cie elementu strony lub przewini\u0119cie do niego<\/li><li>Osadzanie wyskakuj\u0105cego okienka w iFrame w kilka sekund <\/li><\/ul> <p><a href=\"#demo\">Sprawd\u017a wszystkie pozosta\u0142e funkcje w wersji demonstracyjnej <\/a><\/p> <\/div><div class=\"application-platform-content-item-installation application-platform-content-item\" id=\"installation\" data-nav-section=\"installation\"><h2>Jak osadzi\u0107 wid\u017cet wyskakuj\u0105cy w witrynie iFrame? <\/h2> <p>Aby doda\u0107 wid\u017cet, post\u0119puj zgodnie z poni\u017cszymi wskaz\u00f3wkami:<\/p> <ol><li><b>Zaprojektuj w\u0142asn\u0105 wtyczk\u0119 wyskakuj\u0105cego okienka<\/b><br> Skorzystaj z naszej bezp\u0142atnej wersji demonstracyjnej , pobierz wid\u017cet o wybranym sk\u0142adzie i funkcjonalno\u015bci.<\/li><li><b>Skopiuj indywidualny kod, aby wy\u015bwietli\u0107 wtyczk\u0119<\/b><br> Po utworzeniu wid\u017cetu otrzymasz kod instalacyjny Aplikacje Elfight. Skopiuj go.<\/li> <li><b>Osad\u017a wtyczk\u0119 na swojej stronie iFrame<\/b><br> Wybierz obszar strony lub cz\u0119\u015b\u0107 szablonu, w kt\u00f3rej chcesz wy\u015bwietli\u0107 wid\u017cet i wstaw zapisany tam kod. Opublikuj wyniki.<\/li> <li><b>Instalacja zosta\u0142a w pe\u0142ni przeprowadzona<\/b><br> Przejd\u017a do witryny iFrame i obejrzyj wyskakuj\u0105ce okienko.<\/li> <\/ol><p>Je\u015bli potrzebujesz pomocy lub masz problemy z wyskakuj\u0105cym okienkiem nak\u0142adki iFrame, skontaktuj si\u0119 z naszym dzia\u0142em obs\u0142ugi klienta. W przypadku ka\u017cdego zapytania pomo\u017cemy.<\/p> <\/div>","protected":false},"excerpt":{"rendered":"","protected":false},"author":9,"featured_media":0,"parent":1960,"menu_order":0,"comment_status":"closed","ping_status":"closed","template":"templates\/template-application-platform.php","meta":{"publish_to_discourse":"","publish_post_category":"","wpdc_auto_publish_overridden":"","wpdc_topic_tags":"","wpdc_pin_topic":"","wpdc_pin_until":"","discourse_post_id":"","discourse_permalink":"","wpdc_publishing_response":"","wpdc_publishing_error":"","footnotes":""},"class_list":["post-6013","page","type-page","status-publish","hentry"],"yoast_head":"<!-- This site is optimized with the Yoast SEO plugin v25.3.1 - https:\/\/yoast.com\/wordpress\/plugins\/seo\/ -->\n<title>Dodaj wid\u017cet wyskakuj\u0105cy do witryny iFrame<\/title>\n<meta name=\"description\" content=\"Utw\u00f3rz wyskakuj\u0105ce okienko w iFrame bez kodowania!\" \/>\n<meta name=\"robots\" content=\"index, follow, max-snippet:-1, max-image-preview:large, max-video-preview:-1\" \/>\n<link rel=\"canonical\" href=\"https:\/\/elfsight.com\/pl\/popup-widget\/iframe\/\" \/>\n<meta property=\"og:locale\" content=\"pl_PL\" \/>\n<meta property=\"og:type\" content=\"article\" \/>\n<meta property=\"og:title\" content=\"Dodaj wid\u017cet wyskakuj\u0105cy do witryny iFrame\" \/>\n<meta property=\"og:description\" content=\"Utw\u00f3rz wyskakuj\u0105ce okienko w iFrame bez kodowania!\" \/>\n<meta property=\"og:url\" content=\"https:\/\/elfsight.com\/pl\/popup-widget\/iframe\/\" \/>\n<meta property=\"og:site_name\" content=\"Elfsight PL\" \/>\n<meta property=\"article:modified_time\" content=\"2024-11-14T09:30:44+00:00\" \/>\n<meta name=\"twitter:card\" content=\"summary_large_image\" \/>\n<meta name=\"twitter:label1\" content=\"Szacowany czas czytania\" \/>\n\t<meta name=\"twitter:data1\" content=\"3 minuty\" \/>\n<!-- \/ Yoast SEO plugin. -->","yoast_head_json":{"title":"Dodaj wid\u017cet wyskakuj\u0105cy do witryny iFrame","description":"Utw\u00f3rz wyskakuj\u0105ce okienko w iFrame bez kodowania!","robots":{"index":"index","follow":"follow","max-snippet":"max-snippet:-1","max-image-preview":"max-image-preview:large","max-video-preview":"max-video-preview:-1"},"canonical":"https:\/\/elfsight.com\/pl\/popup-widget\/iframe\/","og_locale":"pl_PL","og_type":"article","og_title":"Dodaj wid\u017cet wyskakuj\u0105cy do witryny iFrame","og_description":"Utw\u00f3rz wyskakuj\u0105ce okienko w iFrame bez kodowania!","og_url":"https:\/\/elfsight.com\/pl\/popup-widget\/iframe\/","og_site_name":"Elfsight PL","article_modified_time":"2024-11-14T09:30:44+00:00","twitter_card":"summary_large_image","twitter_misc":{"Szacowany czas czytania":"3 minuty"},"schema":{"@context":"https:\/\/schema.org","@graph":[{"@type":"WebPage","@id":"https:\/\/elfsight.com\/pl\/popup-widget\/iframe\/","url":"https:\/\/elfsight.com\/pl\/popup-widget\/iframe\/","name":"Dodaj wid\u017cet wyskakuj\u0105cy do witryny iFrame","isPartOf":{"@id":"https:\/\/elfsight.com\/pl\/#website"},"datePublished":"1970-01-01T00:00:00+00:00","dateModified":"2024-11-14T09:30:44+00:00","description":"Utw\u00f3rz wyskakuj\u0105ce okienko w iFrame bez kodowania!","breadcrumb":{"@id":"https:\/\/elfsight.com\/pl\/popup-widget\/iframe\/#breadcrumb"},"inLanguage":"pl-PL","potentialAction":[{"@type":"ReadAction","target":["https:\/\/elfsight.com\/pl\/popup-widget\/iframe\/"]}]},{"@type":"BreadcrumbList","@id":"https:\/\/elfsight.com\/pl\/popup-widget\/iframe\/#breadcrumb","itemListElement":[{"@type":"ListItem","position":1,"name":"Home","item":"https:\/\/elfsight.com\/pl\/"},{"@type":"ListItem","position":2,"name":"Popup","item":"https:\/\/elfsight.com\/pl\/popup-widget\/"},{"@type":"ListItem","position":3,"name":"Popup &#8211; iFrame"}]},{"@type":"WebSite","@id":"https:\/\/elfsight.com\/pl\/#website","url":"https:\/\/elfsight.com\/pl\/","name":"Elfsight PL","description":"Just another Elfsight Sites site","potentialAction":[{"@type":"SearchAction","target":{"@type":"EntryPoint","urlTemplate":"https:\/\/elfsight.com\/pl\/?s={search_term_string}"},"query-input":{"@type":"PropertyValueSpecification","valueRequired":true,"valueName":"search_term_string"}}],"inLanguage":"pl-PL"}]}},"meta_box":{"industry":"","seo_heading":"","heading":"","description":"","cta_heading":"","cta_description":"","application":"1959","h1":"Wyskakuj\u0105cy widget iFrame","h1_caption":"Wy\u015bwietlaj wyskakuj\u0105ce okienka, aby przyci\u0105gn\u0105\u0107 uwag\u0119 odwiedzaj\u0105cych, promowa\u0107 oferty lub zbiera\u0107 potencjalnych klient\u00f3w bez konieczno\u015bci przerywania korzystania z witryny i przej\u015bcia do witryny iFrame.","application_category":[],"applications_title":"","applications_request_title":"","applications_request_button_text":"","hero_text":"","hero_video":"","hero_video_schema_markup":"","selling_points_title":"","selling_points_caption":"","selling_points":[],"selling_points_cta_text":"","features_title":"","features":"","ed_cta_examples_text":"","ed_cta_examples_hidden":"","ed_cta_demo_text":"","ed_cta_demo_hidden":"","why_caption":"","why_editor_title":"","why_editor_text":"","why_team_title":"","why_team_text":"","why_service_title":"","why_service_text":"","template_catalog_visible":"","template_catalog_title":"","template_catalog_text":"","template_catalog_categories_visible":"","demo_title":"Utw\u00f3rz wid\u017cet wyskakuj\u0105cy","demo_caption":"Skonfiguruj sw\u00f3j Popup i dodaj go do swojej witryny iFrame za darmo!","default_faq_hidden":"","app_template_category":[],"platform":"187","template_public_id":"","codecanyon_url":"","codecanyon_item_id":"","codecanyon_price":"","pricing_caption":"","pricing_elfsight_apps_hide_column":"","pricing_elfsight_apps_url":"","pricing_codecanyon_price_caption":"","integration_category":[],"integration_request_title":"","integration_request_cta":"","integration_platform":"","integrations":[],"platform_category":[],"video_schema_markup":"","price":"od 0 USD \/ miesi\u0105c","trial":"","benefits":[{"text":"Bezp\u0142atna pomoc w monta\u017cu"},{"text":"Kompetentna obs\u0142uga klienta"},{"text":"14-dniowa gwarancja zwrotu pieni\u0119dzy"}],"button_url":"#demo","button_target_blank":"","button_nofollow":"","attributes":[{"name":"Instaluje"},{"name":"Czu\u0142y"},{"name":"Kompatybilne przegl\u0105darki"}],"tags":[],"tags_disable_links":"","hide_more_platforms":"","video_object":"","demo_hide_cta":"","demo_hide_cloud_options":"","pricing_title":"","pricing":[{"pricing_icon":"platform","pricing_title":"Elfsight Apps","pricing_title_caption":"Wersja wieloplatformowa, kt\u00f3ra pasuje do ka\u017cdej witryny internetowej","pricing_price":"od 0 USD \/ miesi\u0105c","pricing_price_caption":"zacznij od bezp\u0142atnego planu","pricing_benefits":[{"text":"Nieograniczona liczba stron internetowych"},{"text":"Szybkie wsparcie"},{"text":"Bezp\u0142atna us\u0142uga monta\u017cu"},{"text":"Specjalna oferta na wiele aplikacji"}],"pricing_button_text":"Dodaj do witryny","pricing_button_url":"#demo"}],"related_apps_title":"","related_apps_hidden":"","author":"","image":[],"title":"","job":"","social_networks":[]},"_links":{"self":[{"href":"https:\/\/elfsight.com\/pl\/wp-json\/wp\/v2\/pages\/6013","targetHints":{"allow":["GET"]}}],"collection":[{"href":"https:\/\/elfsight.com\/pl\/wp-json\/wp\/v2\/pages"}],"about":[{"href":"https:\/\/elfsight.com\/pl\/wp-json\/wp\/v2\/types\/page"}],"author":[{"embeddable":true,"href":"https:\/\/elfsight.com\/pl\/wp-json\/wp\/v2\/users\/9"}],"replies":[{"embeddable":true,"href":"https:\/\/elfsight.com\/pl\/wp-json\/wp\/v2\/comments?post=6013"}],"version-history":[{"count":1,"href":"https:\/\/elfsight.com\/pl\/wp-json\/wp\/v2\/pages\/6013\/revisions"}],"predecessor-version":[{"id":6017,"href":"https:\/\/elfsight.com\/pl\/wp-json\/wp\/v2\/pages\/6013\/revisions\/6017"}],"up":[{"embeddable":true,"href":"https:\/\/elfsight.com\/pl\/wp-json\/wp\/v2\/pages\/1960"}],"wp:attachment":[{"href":"https:\/\/elfsight.com\/pl\/wp-json\/wp\/v2\/media?parent=6013"}],"curies":[{"name":"wp","href":"https:\/\/api.w.org\/{rel}","templated":true}]}}