{"id":6008,"date":"1970-01-01T00:00:00","date_gmt":"1970-01-01T00:00:00","guid":{"rendered":"https:\/\/elfsight.com\/pl\/?page_id=6008"},"modified":"2024-11-14T09:27:15","modified_gmt":"2024-11-14T09:27:15","slug":"facebook","status":"publish","type":"page","link":"https:\/\/elfsight.com\/pl\/popup-widget\/facebook\/","title":{"rendered":"Popup &#8211; Facebook Page"},"content":{"rendered":"<div class=\"application-platform-content-item-description application-platform-content-item\" id=\"description\" data-nav-section=\"description\"><h2>Opis<\/h2><p>Dzi\u0119ki narz\u0119dziu Elfsight Popup mo\u017cesz konfigurowa\u0107 ich spersonalizowane wyskakuj\u0105ce okienka r\u00f3\u017cnego typu i dodawa\u0107 je na Twojej stronie. Zbuduj unikalne wyskakuj\u0105ce okienko z r\u00f3\u017cnych blok\u00f3w. Zmie\u0144 interfejs i uk\u0142ad; wybierz wyzwalacz aktywuj\u0105cy i znajd\u017a odpowiedni moment, aby zwi\u0119kszy\u0107 skuteczno\u015b\u0107 wyskakuj\u0105cego okienka. Wyskakuj\u0105ce okienka pozwol\u0105 odwiedzaj\u0105cym subskrybowa\u0107 Twoj\u0105 poczt\u0119, odkry\u0107 Twoje produkty, kopiowa\u0107 kupony rabatowe, korzysta\u0107 z wyprzeda\u017cy i ofert specjalnych, otrzymywa\u0107 powiadomienia o przysz\u0142ych okazjach na Twojej stronie i wiele wi\u0119cej.<\/p><p><b>Wyskakuj\u0105ce okienka pomog\u0105 sprzedajesz szybciej, og\u0142aszasz przysz\u0142e wydarzenia, otrzymujesz wy\u015bwietlenia i subskrypcje i wiele wi\u0119cej.<\/b><\/p><\/div> <div class=\"application-platform-content-item-features application-platform-content-item\" id=\"features\" data-nav-section=\"features\"><h2>Funkcje<\/h2><p>Oto funkcje lista wszystkich funkcji wid\u017cetu Popup. S\u0105 one dost\u0119pne bezpo\u015brednio w edytorze i pomog\u0105 Ci dostosowa\u0107 wid\u017cet do Twoich potrzeb. <\/p><ul><li>Dwana\u015bcie do\u0142\u0105czonych blok\u00f3w do konfiguracji wyskakuj\u0105cego okienka; <\/li><li>Pi\u0119\u0107 gotowych uk\u0142ad\u00f3w wyskakuj\u0105cych okienek do r\u00f3\u017cnych przypadk\u00f3w; <\/li><li>Osadzaj przyciski, aby przekierowywa\u0107 u\u017cytkownik\u00f3w pod dowolny adres; <\/li><li>Przes\u0142anie obrazu t\u0142a; <\/li><li>Wyskakuj\u0105ce okienko mo\u017ce zosta\u0107 aktywowane po okre\u015blonym czasie na stronie internetowej lub po przewini\u0119ciu; <\/li><li>Wyzwalacze wyskakuj\u0105cych okienek: klikni\u0119cie okre\u015blonego elementu lub przewini\u0119cie w d\u00f3\u0142 do niego. <\/li><\/ul><p><a href=\"#demo\">Sprawd\u017a wszystkie pozosta\u0142e funkcje w wersji demonstracyjnej<\/a><\/p><\/div> <div class=\"application-platform-content-item-installation application-platform-content-item\" id=\"installation\" data-nav-section=\"installation\"><h2> Jak doda\u0107 Popup do karty strony na Facebooku?<\/h2><p>Aby zintegrowa\u0107 produkt, po prostu wykonaj nast\u0119puj\u0105ce kr\u00f3tkie kroki<p><ul><li><b>Stw\u00f3rz unikaln\u0105 wtyczk\u0119 Popup<\/b><br>Zarz\u0105dzaj\u0105c naszym darmowym konfiguratorem, wygeneruj wtyczk\u0119 z preferowanymi ustawieniami interfejsu i funkcjami. <\/li><li><b>Zdob\u0105d\u017a osobisty kod, aby doda\u0107 wtyczk\u0119<\/b><br>Po wygenerowaniu wid\u017cetu otrzymasz unikalny kod z wy\u015bwietlonego okna aplikacji Elfsight. Skopiuj to. <\/li><li><b>Dodaj wid\u017cet do strony na Facebooku<\/b><br> Utw\u00f3rz w\u0142asn\u0105 zak\u0142adk\u0119 na Facebooku. Wpisz w zak\u0142adce kod otrzymany w aplikacji elfsight. Je\u015bli masz jakiekolwiek problemy, po prostu zapoznaj si\u0119 z naszym przewodnikiem na stronie <a href=\"https:\/\/elfsight.com\/blog\/how-to-add-custom-tab-to-facebook-page\/\" target=\"_blank\" rel=\"noopener noreferrer\">tworzenie niestandardowej karty na Facebooku<\/a><\/li><li><b>Gotowe! <\/b><br>Przejd\u017a na stron\u0119, aby zobaczy\u0107 sw\u00f3j widget. <\/li><\/ul><p>Nie zastanawiaj si\u0119 dwa razy i skontaktuj si\u0119 z naszym dzia\u0142em obs\u0142ugi klienta, gdy potrzebujesz pomocy lub masz pytania. Przy ka\u017cdym zapytaniu pomo\u017cemy. <\/p><div class=\"faq\" data-component=\"FAQ\"> <div class=\"faq-item\">\r\n\t\t\t\t\t<div class=\"faq-item-question\">\r\n\t\t\t\t\t\t<h3 class=\"faq-item-question-text\">Jak mog\u0119 doda\u0107 przycisk PayPal do mojej strony na Facebooku bez umiej\u0119tno\u015bci kodowania?<\/h3>\r\n\r\n\t\t\t\t\t\t<div class=\"faq-item-question-icon\"><\/div>\r\n\t\t\t\t\t<\/div>\r\n\r\n\t\t\t\t\t<div class=\"faq-item-answer\">\r\n\t\t\t\t\t\t<div class=\"faq-item-answer-text\"> <p>Elfsight zapewnia rozwi\u0105zanie SaaS, kt\u00f3re pozwala samodzielnie utworzy\u0107 wid\u017cet przycisku PayPal, zobacz, jak prosty proces jest nast\u0119puj\u0105cy: Pracuj bezpo\u015brednio w edytorze online, aby utworzy\u0107 wid\u017cet przycisku PayPal, kt\u00f3ry chcesz widzie\u0107 na swojej stronie na Facebooku. Wybierz jeden z gotowych szablon\u00f3w i dostosuj ustawienia przycisku PayPal, dodaj tre\u015b\u0107, zmie\u0144 uk\u0142ad i kolory bez umiej\u0119tno\u015bci kodowania. Zapisz przycisk PayPal i skopiuj jego kod instalacyjny, kt\u00f3ry mo\u017cesz wklei\u0107 na swojej stronie na Facebooku bez konieczno\u015bci zakupu wersji p\u0142atnej. Dzi\u0119ki naszemu intuicyjnemu edytorowi ka\u017cdy u\u017cytkownik Internetu mo\u017ce utworzy\u0107 wid\u017cet przycisku PayPal online i \u0142atwo osadzi\u0107 go na swojej stronie na Facebooku. Aby uzyska\u0107 dost\u0119p do us\u0142ugi, nie trzeba p\u0142aci\u0107 ani wprowadza\u0107 danych uwierzytelniaj\u0105cych karty. Je\u015bli na kt\u00f3rymkolwiek etapie napotkasz jakiekolwiek problemy, skontaktuj si\u0119 z naszym zespo\u0142em pomocy technicznej.<\/p> <\/div>\r\n\t\t\t\t\t<\/div>\r\n\t\t\t\t<\/div> <\/div> <\/div>","protected":false},"excerpt":{"rendered":"","protected":false},"author":9,"featured_media":0,"parent":1960,"menu_order":0,"comment_status":"closed","ping_status":"closed","template":"templates\/template-application-platform.php","meta":{"publish_to_discourse":"","publish_post_category":"","wpdc_auto_publish_overridden":"","wpdc_topic_tags":"","wpdc_pin_topic":"","wpdc_pin_until":"","discourse_post_id":"","discourse_permalink":"","wpdc_publishing_response":"","wpdc_publishing_error":"","footnotes":""},"class_list":["post-6008","page","type-page","status-publish","hentry"],"yoast_head":"<!-- This site is optimized with the Yoast SEO plugin v25.3.1 - https:\/\/yoast.com\/wordpress\/plugins\/seo\/ -->\n<title>Dodaj zak\u0142adk\u0119 Wyskakuj\u0105ce okienko do strony firmowej na Facebooku [2026]<\/title>\n<meta name=\"description\" content=\"Oto mo\u017cliwo\u015b\u0107 zbudowania zak\u0142adki Popup i dodania jej do swojej strony firmowej na Facebooku. Uzyskaj bezp\u0142atn\u0105 obs\u0142ug\u0119 klienta i inne korzy\u015bci od Elfsight.\" \/>\n<meta name=\"robots\" content=\"index, follow, max-snippet:-1, max-image-preview:large, max-video-preview:-1\" \/>\n<link rel=\"canonical\" href=\"https:\/\/elfsight.com\/pl\/popup-widget\/facebook\/\" \/>\n<meta property=\"og:locale\" content=\"pl_PL\" \/>\n<meta property=\"og:type\" content=\"article\" \/>\n<meta property=\"og:title\" content=\"Dodaj zak\u0142adk\u0119 Wyskakuj\u0105ce okienko do strony firmowej na Facebooku [2026]\" \/>\n<meta property=\"og:description\" content=\"Oto mo\u017cliwo\u015b\u0107 zbudowania zak\u0142adki Popup i dodania jej do swojej strony firmowej na Facebooku. Uzyskaj bezp\u0142atn\u0105 obs\u0142ug\u0119 klienta i inne korzy\u015bci od Elfsight.\" \/>\n<meta property=\"og:url\" content=\"https:\/\/elfsight.com\/pl\/popup-widget\/facebook\/\" \/>\n<meta property=\"og:site_name\" content=\"Elfsight PL\" \/>\n<meta property=\"article:modified_time\" content=\"2024-11-14T09:27:15+00:00\" \/>\n<meta name=\"twitter:card\" content=\"summary_large_image\" \/>\n<meta name=\"twitter:label1\" content=\"Szacowany czas czytania\" \/>\n\t<meta name=\"twitter:data1\" content=\"3 minuty\" \/>\n<!-- \/ Yoast SEO plugin. -->","yoast_head_json":{"title":"Dodaj zak\u0142adk\u0119 Wyskakuj\u0105ce okienko do strony firmowej na Facebooku [2026]","description":"Oto mo\u017cliwo\u015b\u0107 zbudowania zak\u0142adki Popup i dodania jej do swojej strony firmowej na Facebooku. Uzyskaj bezp\u0142atn\u0105 obs\u0142ug\u0119 klienta i inne korzy\u015bci od Elfsight.","robots":{"index":"index","follow":"follow","max-snippet":"max-snippet:-1","max-image-preview":"max-image-preview:large","max-video-preview":"max-video-preview:-1"},"canonical":"https:\/\/elfsight.com\/pl\/popup-widget\/facebook\/","og_locale":"pl_PL","og_type":"article","og_title":"Dodaj zak\u0142adk\u0119 Wyskakuj\u0105ce okienko do strony firmowej na Facebooku [2026]","og_description":"Oto mo\u017cliwo\u015b\u0107 zbudowania zak\u0142adki Popup i dodania jej do swojej strony firmowej na Facebooku. Uzyskaj bezp\u0142atn\u0105 obs\u0142ug\u0119 klienta i inne korzy\u015bci od Elfsight.","og_url":"https:\/\/elfsight.com\/pl\/popup-widget\/facebook\/","og_site_name":"Elfsight PL","article_modified_time":"2024-11-14T09:27:15+00:00","twitter_card":"summary_large_image","twitter_misc":{"Szacowany czas czytania":"3 minuty"},"schema":{"@context":"https:\/\/schema.org","@graph":[{"@type":"WebPage","@id":"https:\/\/elfsight.com\/pl\/popup-widget\/facebook\/","url":"https:\/\/elfsight.com\/pl\/popup-widget\/facebook\/","name":"Dodaj zak\u0142adk\u0119 Wyskakuj\u0105ce okienko do strony firmowej na Facebooku [2026]","isPartOf":{"@id":"https:\/\/elfsight.com\/pl\/#website"},"datePublished":"1970-01-01T00:00:00+00:00","dateModified":"2024-11-14T09:27:15+00:00","description":"Oto mo\u017cliwo\u015b\u0107 zbudowania zak\u0142adki Popup i dodania jej do swojej strony firmowej na Facebooku. Uzyskaj bezp\u0142atn\u0105 obs\u0142ug\u0119 klienta i inne korzy\u015bci od Elfsight.","breadcrumb":{"@id":"https:\/\/elfsight.com\/pl\/popup-widget\/facebook\/#breadcrumb"},"inLanguage":"pl-PL","potentialAction":[{"@type":"ReadAction","target":["https:\/\/elfsight.com\/pl\/popup-widget\/facebook\/"]}]},{"@type":"BreadcrumbList","@id":"https:\/\/elfsight.com\/pl\/popup-widget\/facebook\/#breadcrumb","itemListElement":[{"@type":"ListItem","position":1,"name":"Home","item":"https:\/\/elfsight.com\/pl\/"},{"@type":"ListItem","position":2,"name":"Popup","item":"https:\/\/elfsight.com\/pl\/popup-widget\/"},{"@type":"ListItem","position":3,"name":"Popup &#8211; Facebook Page"}]},{"@type":"WebSite","@id":"https:\/\/elfsight.com\/pl\/#website","url":"https:\/\/elfsight.com\/pl\/","name":"Elfsight PL","description":"Just another Elfsight Sites site","potentialAction":[{"@type":"SearchAction","target":{"@type":"EntryPoint","urlTemplate":"https:\/\/elfsight.com\/pl\/?s={search_term_string}"},"query-input":{"@type":"PropertyValueSpecification","valueRequired":true,"valueName":"search_term_string"}}],"inLanguage":"pl-PL"}]}},"meta_box":{"industry":"","seo_heading":"","heading":"","description":"","cta_heading":"","cta_description":"","application":"1959","h1":"Wyskakuj\u0105ce okienko strony biznesowej na Facebooku","h1_caption":"Wy\u015bwietlaj wyskakuj\u0105ce okienka, aby przyci\u0105gn\u0105\u0107 uwag\u0119 odwiedzaj\u0105cych, promowa\u0107 oferty lub zbiera\u0107 potencjalnych klient\u00f3w bez konieczno\u015bci przerywania korzystania z witryny i przej\u015bcia do witryny strony na Facebooku.","application_category":[],"applications_title":"","applications_request_title":"","applications_request_button_text":"","hero_text":"","hero_video":"","hero_video_schema_markup":"","selling_points_title":"","selling_points_caption":"","selling_points":[],"selling_points_cta_text":"","features_title":"","features":"","ed_cta_examples_text":"","ed_cta_examples_hidden":"","ed_cta_demo_text":"","ed_cta_demo_hidden":"","why_caption":"","why_editor_title":"","why_editor_text":"","why_team_title":"","why_team_text":"","why_service_title":"","why_service_text":"","template_catalog_visible":"","template_catalog_title":"","template_catalog_text":"","template_catalog_categories_visible":"","demo_title":"Utw\u00f3rz wid\u017cet wyskakuj\u0105cy","demo_caption":"Skonfiguruj sw\u00f3j Popup i dodaj go do swojej strony na Facebooku za darmo!","default_faq_hidden":"","app_template_category":[],"platform":"319","template_public_id":"","codecanyon_url":"","codecanyon_item_id":"","codecanyon_price":"","pricing_caption":"","pricing_elfsight_apps_hide_column":"","pricing_elfsight_apps_url":"","pricing_codecanyon_price_caption":"","integration_category":[],"integration_request_title":"","integration_request_cta":"","integration_platform":"","integrations":[],"platform_category":[],"video_schema_markup":"","price":"od 0 USD \/ miesi\u0105c","trial":"","benefits":[{"text":"Bezp\u0142atna pomoc w monta\u017cu"},{"text":"Profesjonalna obs\u0142uga klienta"},{"text":"14-dniowa gwarancja zwrotu pieni\u0119dzy"}],"button_url":"#demo","button_target_blank":"","button_nofollow":"","attributes":[{"name":"Instaluje"},{"name":"Czu\u0142y"},{"name":"Kompatybilne przegl\u0105darki"}],"tags":[],"tags_disable_links":"","hide_more_platforms":"","video_object":"","demo_hide_cta":"","demo_hide_cloud_options":"","pricing_title":"","pricing":[{"pricing_icon":"platform","pricing_title":"Elfsight Apps","pricing_title_caption":"Wieloplatformowe rozwi\u0105zanie cyfrowe, kt\u00f3re pasuje do ka\u017cdej witryny internetowej","pricing_price":"od 0 USD \/ miesi\u0105c","pricing_price_caption":"zacznij od bezp\u0142atnego planu","pricing_benefits":[{"text":"Nielimitowane strony internetowe"},{"text":"Wsparcie premium i na czas"},{"text":"Bezp\u0142atna pomoc w monta\u017cu"},{"text":"Oferta specjalna na wiele aplikacji"}],"pricing_button_text":"Dodaj do witryny","pricing_button_url":"#demo"}],"related_apps_title":"","related_apps_hidden":"","author":"","image":[],"title":"","job":"","social_networks":[]},"_links":{"self":[{"href":"https:\/\/elfsight.com\/pl\/wp-json\/wp\/v2\/pages\/6008","targetHints":{"allow":["GET"]}}],"collection":[{"href":"https:\/\/elfsight.com\/pl\/wp-json\/wp\/v2\/pages"}],"about":[{"href":"https:\/\/elfsight.com\/pl\/wp-json\/wp\/v2\/types\/page"}],"author":[{"embeddable":true,"href":"https:\/\/elfsight.com\/pl\/wp-json\/wp\/v2\/users\/9"}],"replies":[{"embeddable":true,"href":"https:\/\/elfsight.com\/pl\/wp-json\/wp\/v2\/comments?post=6008"}],"version-history":[{"count":1,"href":"https:\/\/elfsight.com\/pl\/wp-json\/wp\/v2\/pages\/6008\/revisions"}],"predecessor-version":[{"id":6012,"href":"https:\/\/elfsight.com\/pl\/wp-json\/wp\/v2\/pages\/6008\/revisions\/6012"}],"up":[{"embeddable":true,"href":"https:\/\/elfsight.com\/pl\/wp-json\/wp\/v2\/pages\/1960"}],"wp:attachment":[{"href":"https:\/\/elfsight.com\/pl\/wp-json\/wp\/v2\/media?parent=6008"}],"curies":[{"name":"wp","href":"https:\/\/api.w.org\/{rel}","templated":true}]}}