{"id":6007,"date":"2024-05-03T06:43:50","date_gmt":"2024-05-03T06:43:50","guid":{"rendered":"https:\/\/elfsight.com\/pl\/?page_id=6007"},"modified":"2024-11-14T09:20:08","modified_gmt":"2024-11-14T09:20:08","slug":"woocommerce","status":"publish","type":"page","link":"https:\/\/elfsight.com\/pl\/popup-widget\/woocommerce\/","title":{"rendered":"Popup &#8211; WooCommerce"},"content":{"rendered":"<div class=\"application-platform-content-item-description application-platform-content-item\" id=\"description\" data-nav-section=\"description\"><h2>Opis<\/h2><p><p>Dzi\u0119ki wtyczce Elfsight Popup ka\u017cdy mo\u017ce zaprojektowa\u0107 w\u0142asne, niestandardowe wyskakuj\u0105ce okienko w dowolnym celu i poka\u017c to na swojej stronie internetowej WooCommerce. Zbuduj najbardziej odpowiedni pop-up, u\u017cywaj\u0105c r\u00f3\u017cnych element\u00f3w. Ustaw idealny interfejs i rozmieszczenie; przypisz wyzwalacz otwarcia i znajd\u017a odpowiedni\u0105 cz\u0119stotliwo\u015b\u0107, aby osi\u0105gn\u0105\u0107 swoje cele. R\u00f3\u017cnego rodzaju wyskakuj\u0105ce okienka pozwalaj\u0105 u\u017cytkownikom subskrybowa\u0107 poczt\u0119, odkrywa\u0107 Twoje produkty, korzysta\u0107 z kupon\u00f3w rabatowych, bra\u0107 udzia\u0142 w wyprzeda\u017cach i ofertach specjalnych, otrzymywa\u0107 powiadomienia o nadchodz\u0105cych wydarzeniach na Twojej stronie i jeszcze wi\u0119cej. <\/p><\/p><p><b>Wyskakuj\u0105ce okienka pomagaj\u0105 szybciej sprzedawa\u0107, promowa\u0107 zaplanowane wydarzenia, uzyskiwa\u0107 opinie i potencjalnych klient\u00f3w oraz wiele wi\u0119cej.<\/b><\/p><\/div> <div class=\"faq\" data-component=\"FAQ\"><p>Tworzenie narz\u0119dzia odbywa si\u0119 w witrynie Elfsight i nie musisz uczy\u0107 si\u0119 kodowania. Skorzystaj z naszej wersji demonstracyjnej na \u017cywo, aby dostosowa\u0107 swoj\u0105 aplikacj\u0119 osobist\u0105, zdob\u0105d\u017a kod i wklej go na swojej stronie internetowej. <\/p>[\/faq_item]<div class=\"faq-item\">\r\n\t\t\t\t\t<div class=\"faq-item-question\">\r\n\t\t\t\t\t\t<h3 class=\"faq-item-question-text\">Najlepsze przyk\u0142ady wykorzystania integracji baner\u00f3w wyskakuj\u0105cych<\/h3>\r\n\r\n\t\t\t\t\t\t<div class=\"faq-item-question-icon\"><\/div>\r\n\t\t\t\t\t<\/div>\r\n\r\n\t\t\t\t\t<div class=\"faq-item-answer\">\r\n\t\t\t\t\t\t<div class=\"faq-item-answer-text\"><p>Oferujemy wiele mo\u017cliwo\u015bci dostosowania: pe\u0142nowymiarowe wid\u017cety do wdro\u017cenia w sekcji tre\u015bci, p\u0142ywaj\u0105ce wid\u017cety do mo\u017cliwo\u015bci przewijania, miniatury stopki, sekcji nag\u0142\u00f3wka i wszelkiego rodzaju opcje pionowe dla pask\u00f3w bocznych i menu witryny Woocommerce. <\/p><\/div>\r\n\t\t\t\t\t<\/div>\r\n\t\t\t\t<\/div><div class=\"faq-item\">\r\n\t\t\t\t\t<div class=\"faq-item-question\">\r\n\t\t\t\t\t\t<h3 class=\"faq-item-question-text\">Jak utworzy\u0107 wyskakuj\u0105ce okienko sprzeda\u017cy lub oferty za pomoc\u0105 edytora? <\/h3>\r\n\r\n\t\t\t\t\t\t<div class=\"faq-item-question-icon\"><\/div>\r\n\t\t\t\t\t<\/div>\r\n\r\n\t\t\t\t\t<div class=\"faq-item-answer\">\r\n\t\t\t\t\t\t<div class=\"faq-item-answer-text\"><p>Mo\u017cesz wprowadzi\u0107 zmiany w dowolnym wid\u017cecie. W edytorze dost\u0119pnych jest mn\u00f3stwo uk\u0142ad\u00f3w, a ka\u017cdy z nich mo\u017cna \u0142atwo spersonalizowa\u0107 wed\u0142ug w\u0142asnych potrzeb. <\/p><\/div>\r\n\t\t\t\t\t<\/div>\r\n\t\t\t\t<\/div><\/div><div class=\"application-platform-content-item-features application-platform-content-item\" id=\"features\" data-nav-section=\"features\"><h2>G\u0142\u00f3wne cechy wtyczki Popup<\/h2><ul><li>Dwana\u015bcie r\u00f3\u017cnych komponent\u00f3w do tworzenia wyskakuj\u0105cego okienka<\/li> <li>5 zawiera uk\u0142ady wyskakuj\u0105cych okienek do r\u00f3\u017cnych przypadk\u00f3w<\/li><li>Osadzaj przyciski, aby przekierowywa\u0107 odwiedzaj\u0105cych na dowoln\u0105 stron\u0119 WooCommerce<\/li><li>Opcja przes\u0142ania obrazu t\u0142a<\/li><li>Wyskakuj\u0105ce okienko mo\u017ce pojawiaj\u0105 si\u0119 po okre\u015blonym czasie sp\u0119dzonym na stronie lub procentowym przewini\u0119ciu<\/li><li>Wywo\u0142ywanie wyskakuj\u0105cych okienek: klikni\u0119cie wybranego elementu lub przewini\u0119cie w d\u00f3\u0142 do niego<\/li><\/ul><p><a href=\"#demo \">Pe\u0142n\u0105 list\u0119 funkcji wid\u017cetu mo\u017cesz zobaczy\u0107 w wersji demonstracyjnej tutaj<\/a><\/p><\/div><div class=\"application-platform-content-item-installation application-platform-content-item\" id=\"installation\" data-nav-section=\"installation\"><h2>Jak doda\u0107 wyskakuj\u0105ce okienko na mojej stronie WooCommerce?<\/h2><p>Wystarczy post\u0119powa\u0107 zgodnie z poni\u017cszymi wskaz\u00f3wkami, aby zainstalowa\u0107 narz\u0119dzie.<\/p><ol><li><b>Skorzystaj z naszej bezp\u0142atnej wersji demonstracyjnej i zacznij tworzy\u0107 spersonalizowan\u0105 wtyczk\u0119.<\/b><br>Wybierz wybran\u0105 uk\u0142ad i funkcjonalno\u015b\u0107 wid\u017cetu oraz zastosuj zmiany.<\/li><li><b>Uzyskaj indywidualny kod z pude\u0142ka w aplikacji Elfsight.<\/b><br>Gdy tylko tworzenie wid\u017cetu si\u0119 zako\u0144czy, skopiuj ekskluzywny kod w wy\u015bwietlonym oknie i zachowaj go do dalszego wykorzystania.<\/li><li><b>Rozpocznij korzystanie z wid\u017cetu na swojej stronie WooCommerce.<\/b><br>Wstaw kod, kt\u00f3ry ostatnio zapisa\u0142e\u015b na swojej stronie g\u0142\u00f3wnej i zastosuj ulepszenia.<\/li><li><b>Gotowe! Konfiguracja zosta\u0142a w pe\u0142ni uko\u0144czona.<\/b><br>Wejd\u017a na swoj\u0105 witryn\u0119 i sprawd\u017a, jak dzia\u0142a wyskakuj\u0105cy komunikat WooCommerce.<\/li><\/ol><p>Je\u015bli masz do czynienia z zapytaniami lub rozwi\u0105zujesz jakie\u015b problemy, skontaktuj si\u0119 z nami mo\u017cesz bezp\u0142atnie skontaktowa\u0107 si\u0119 z naszym personelem obs\u0142ugi klienta. Nasi konsultanci ch\u0119tnie odpowiedz\u0105 na wszystkie pytania, jakie mo\u017cesz mie\u0107 w zwi\u0105zku z wyskakuj\u0105cym komunikatem WooCommerce.<\/p><\/div>","protected":false},"excerpt":{"rendered":"","protected":false},"author":9,"featured_media":0,"parent":1960,"menu_order":0,"comment_status":"closed","ping_status":"closed","template":"templates\/template-application-platform.php","meta":{"publish_to_discourse":"","publish_post_category":"","wpdc_auto_publish_overridden":"","wpdc_topic_tags":"","wpdc_pin_topic":"","wpdc_pin_until":"","discourse_post_id":"","discourse_permalink":"","wpdc_publishing_response":"","wpdc_publishing_error":"","footnotes":""},"class_list":["post-6007","page","type-page","status-publish","hentry"],"yoast_head":"<!-- This site is optimized with the Yoast SEO plugin v25.3.1 - https:\/\/yoast.com\/wordpress\/plugins\/seo\/ -->\n<title>Dodaj wtyczk\u0119 Popup do witryny WooCommerce<\/title>\n<meta name=\"description\" content=\"Utw\u00f3rz wyskakuj\u0105ce okienko na WooCommerce bez kodowania!\" \/>\n<meta name=\"robots\" content=\"index, follow, max-snippet:-1, max-image-preview:large, max-video-preview:-1\" \/>\n<link rel=\"canonical\" href=\"https:\/\/elfsight.com\/pl\/popup-widget\/woocommerce\/\" \/>\n<meta property=\"og:locale\" content=\"pl_PL\" \/>\n<meta property=\"og:type\" content=\"article\" \/>\n<meta property=\"og:title\" content=\"Dodaj wtyczk\u0119 Popup do witryny WooCommerce\" \/>\n<meta property=\"og:description\" content=\"Utw\u00f3rz wyskakuj\u0105ce okienko na WooCommerce bez kodowania!\" \/>\n<meta property=\"og:url\" content=\"https:\/\/elfsight.com\/pl\/popup-widget\/woocommerce\/\" \/>\n<meta property=\"og:site_name\" content=\"Elfsight PL\" \/>\n<meta property=\"article:modified_time\" content=\"2024-11-14T09:20:08+00:00\" \/>\n<meta name=\"twitter:card\" content=\"summary_large_image\" \/>\n<meta name=\"twitter:label1\" content=\"Szacowany czas czytania\" \/>\n\t<meta name=\"twitter:data1\" content=\"3 minuty\" \/>\n<!-- \/ Yoast SEO plugin. -->","yoast_head_json":{"title":"Dodaj wtyczk\u0119 Popup do witryny WooCommerce","description":"Utw\u00f3rz wyskakuj\u0105ce okienko na WooCommerce bez kodowania!","robots":{"index":"index","follow":"follow","max-snippet":"max-snippet:-1","max-image-preview":"max-image-preview:large","max-video-preview":"max-video-preview:-1"},"canonical":"https:\/\/elfsight.com\/pl\/popup-widget\/woocommerce\/","og_locale":"pl_PL","og_type":"article","og_title":"Dodaj wtyczk\u0119 Popup do witryny WooCommerce","og_description":"Utw\u00f3rz wyskakuj\u0105ce okienko na WooCommerce bez kodowania!","og_url":"https:\/\/elfsight.com\/pl\/popup-widget\/woocommerce\/","og_site_name":"Elfsight PL","article_modified_time":"2024-11-14T09:20:08+00:00","twitter_card":"summary_large_image","twitter_misc":{"Szacowany czas czytania":"3 minuty"},"schema":{"@context":"https:\/\/schema.org","@graph":[{"@type":"WebPage","@id":"https:\/\/elfsight.com\/pl\/popup-widget\/woocommerce\/","url":"https:\/\/elfsight.com\/pl\/popup-widget\/woocommerce\/","name":"Dodaj wtyczk\u0119 Popup do witryny WooCommerce","isPartOf":{"@id":"https:\/\/elfsight.com\/pl\/#website"},"datePublished":"2024-05-03T06:43:50+00:00","dateModified":"2024-11-14T09:20:08+00:00","description":"Utw\u00f3rz wyskakuj\u0105ce okienko na WooCommerce bez kodowania!","breadcrumb":{"@id":"https:\/\/elfsight.com\/pl\/popup-widget\/woocommerce\/#breadcrumb"},"inLanguage":"pl-PL","potentialAction":[{"@type":"ReadAction","target":["https:\/\/elfsight.com\/pl\/popup-widget\/woocommerce\/"]}]},{"@type":"BreadcrumbList","@id":"https:\/\/elfsight.com\/pl\/popup-widget\/woocommerce\/#breadcrumb","itemListElement":[{"@type":"ListItem","position":1,"name":"Home","item":"https:\/\/elfsight.com\/pl\/"},{"@type":"ListItem","position":2,"name":"Popup","item":"https:\/\/elfsight.com\/pl\/popup-widget\/"},{"@type":"ListItem","position":3,"name":"Popup &#8211; WooCommerce"}]},{"@type":"WebSite","@id":"https:\/\/elfsight.com\/pl\/#website","url":"https:\/\/elfsight.com\/pl\/","name":"Elfsight PL","description":"Just another Elfsight Sites site","potentialAction":[{"@type":"SearchAction","target":{"@type":"EntryPoint","urlTemplate":"https:\/\/elfsight.com\/pl\/?s={search_term_string}"},"query-input":{"@type":"PropertyValueSpecification","valueRequired":true,"valueName":"search_term_string"}}],"inLanguage":"pl-PL"}]}},"meta_box":{"industry":"","seo_heading":"","heading":"","description":"","cta_heading":"","cta_description":"","application":"1959","h1":"Wtyczka wyskakuj\u0105ca WooCommerce","h1_caption":"Wy\u015bwietlaj wyskakuj\u0105ce okienka, aby przyci\u0105gn\u0105\u0107 uwag\u0119 odwiedzaj\u0105cych, promowa\u0107 oferty lub zbiera\u0107 potencjalnych klient\u00f3w bez przerywania korzystania z witryny w witrynie WooCommerce.","application_category":[],"applications_title":"","applications_request_title":"","applications_request_button_text":"","hero_text":"","hero_video":"","hero_video_schema_markup":"","selling_points_title":"","selling_points_caption":"","selling_points":[],"selling_points_cta_text":"","features_title":"","features":"","ed_cta_examples_text":"","ed_cta_examples_hidden":"","ed_cta_demo_text":"","ed_cta_demo_hidden":"","why_caption":"","why_editor_title":"","why_editor_text":"","why_team_title":"","why_team_text":"","why_service_title":"","why_service_text":"","template_catalog_visible":"","template_catalog_title":"","template_catalog_text":"","template_catalog_categories_visible":"","demo_title":"Utw\u00f3rz aplikacj\u0119 wyskakuj\u0105c\u0105","demo_caption":"Skonfiguruj sw\u00f3j Popup i dodaj go do swojej witryny WooCommerce za darmo!","default_faq_hidden":"","app_template_category":[],"platform":"335","template_public_id":"","codecanyon_url":"","codecanyon_item_id":"","codecanyon_price":"","pricing_caption":"","pricing_elfsight_apps_hide_column":"","pricing_elfsight_apps_url":"","pricing_codecanyon_price_caption":"","integration_category":[],"integration_request_title":"","integration_request_cta":"","integration_platform":"","integrations":[],"platform_category":[],"video_schema_markup":"","price":"od 0 USD \/ miesi\u0105c","trial":"","benefits":[{"text":"Bezp\u0142atna pomoc w instalacji"},{"text":"Profesjonalna obs\u0142uga klienta"},{"text":"14-dniowa gwarancja zwrotu pieni\u0119dzy"}],"button_url":"#demo","button_target_blank":"","button_nofollow":"","attributes":[{"name":"Instaluje"},{"name":"Czu\u0142y"},{"name":"Kompatybilne przegl\u0105darki"}],"tags":[],"tags_disable_links":"","hide_more_platforms":"","video_object":"","demo_hide_cta":"","demo_hide_cloud_options":"","pricing_title":"","pricing":[{"pricing_icon":"platform","pricing_title":"Elfsight Apps","pricing_title_caption":"Rozwi\u0105zanie wieloplatformowe, kt\u00f3re pasuje do ka\u017cdej witryny internetowej","pricing_price":"od 0 USD \/ miesi\u0105c","pricing_price_caption":"zacznij od bezp\u0142atnego planu","pricing_benefits":[{"text":"Nielimitowane domeny"},{"text":"Profesjonalna obs\u0142uga klienta i dobrze udokumentowana"},{"text":"Bezp\u0142atna pomoc w monta\u017cu"},{"text":"Elastyczny projekt"}],"pricing_button_text":"Dodaj do witryny","pricing_button_url":"#demo"}],"related_apps_title":"","related_apps_hidden":"","author":"","image":[],"title":"","job":"","social_networks":[]},"_links":{"self":[{"href":"https:\/\/elfsight.com\/pl\/wp-json\/wp\/v2\/pages\/6007","targetHints":{"allow":["GET"]}}],"collection":[{"href":"https:\/\/elfsight.com\/pl\/wp-json\/wp\/v2\/pages"}],"about":[{"href":"https:\/\/elfsight.com\/pl\/wp-json\/wp\/v2\/types\/page"}],"author":[{"embeddable":true,"href":"https:\/\/elfsight.com\/pl\/wp-json\/wp\/v2\/users\/9"}],"replies":[{"embeddable":true,"href":"https:\/\/elfsight.com\/pl\/wp-json\/wp\/v2\/comments?post=6007"}],"version-history":[{"count":1,"href":"https:\/\/elfsight.com\/pl\/wp-json\/wp\/v2\/pages\/6007\/revisions"}],"predecessor-version":[{"id":6011,"href":"https:\/\/elfsight.com\/pl\/wp-json\/wp\/v2\/pages\/6007\/revisions\/6011"}],"up":[{"embeddable":true,"href":"https:\/\/elfsight.com\/pl\/wp-json\/wp\/v2\/pages\/1960"}],"wp:attachment":[{"href":"https:\/\/elfsight.com\/pl\/wp-json\/wp\/v2\/media?parent=6007"}],"curies":[{"name":"wp","href":"https:\/\/api.w.org\/{rel}","templated":true}]}}