{"id":60,"date":"2020-11-12T11:41:38","date_gmt":"2020-11-12T11:41:38","guid":{"rendered":"https:\/\/elfsight.com\/pl\/?page_id=60"},"modified":"2021-04-21T13:22:51","modified_gmt":"2021-04-21T13:22:51","slug":"wordpress-plugins","status":"publish","type":"page","link":"https:\/\/elfsight.com\/pl\/wordpress-plugins\/","title":{"rendered":"WordPress Plugins"},"content":{"rendered":"\n<h2>Najdoskonalsze wtyczki Elfsight dla unowocze\u015bnienia twojej witryny WordPress<\/h2>\n\n<p>Na przestrzeni lat nasz zesp\u00f3\u0142 specjalist\u00f3w Elfsight stwarza Plug&amp;Play i dostosowywane wid\u017cety chmurowe dla Twojej witryny internetowej. Posiadamy zesp\u00f3\u0142 zapewniaj\u0105cy profesjonalne wsparcie oraz szybkie \u0142adowanie. Elementy interfejsu Elfsight wspomagaj\u0105 w\u0142a\u015bcicielom serwis\u00f3w online, niekomercyjnych i innym na \u015bwiecie poradzi\u0107 sobie z powa\u017cnymi problemami bardziej racjonalnie. \n<\/p>\n\n<p>Mo\u017cesz zwi\u0119kszy\u0107 liczb\u0119 lead\u00f3w, przedstawi\u0107 pozytywne opinie na Twoje produkty, zwi\u0119kszy\u0107 zaufanie do swojej marki, poprzez wbudowanie dodatku do Pa\u0144stwa strony Web. Nasze plany taryfowe s\u0105 w zakresie od bezp\u0142atnych do premium. \u0141atwo do\u0142\u0105czy\u0107 wszelkie wybrane aplikacji przy u\u017cyciu naszej demonstracji i przekonaj si\u0119 jak bardzo mo\u017ce to by\u0107 wa\u017cne w kwestii rozwoju witryny Twojego firmy. <\/p>\n\n<h2>Co czyni nasze wid\u017cety WordPress s\u0105 najlepszymi narz\u0119dziami dla Ciebie? <\/h2>\n\n<p> Tu jest list\u0119 wa\u017cnych jako\u015bci naszych wtyczek, kt\u00f3re umo\u017cliwiaj\u0105 nam by\u0107 lepszymi, ni\u017c nasi konkurenci: <\/p>\n\n\n<ul>\n<li> Bezp\u0142atna i natychmiastowa pomoc przy dodaniu lub customizacji wid\u017cet\u00f3w; <\/li>\n<li> Adaptacja do wszystkich rozdzielczo\u015bci stron internetowych i przyjazne dla urz\u0105dze\u0144 mobilnych; <\/li>\n<li> Nie trzeba uczysz si\u0119 kodowania; <\/li>\n<li> Bogata gama opcji dostosowywania; <\/li>\n<li> Przechowywanie danych chmurze pomagaj\u0105 zwi\u0119kszy\u0107 szybko\u015b\u0107 wczytywania strony; <\/li>\n<li> Wszystkie dost\u0119pne poprawki s\u0105 nieodp\u0142atne i regularne; <\/li>\n<li> Przyst\u0119pne ceny; <\/li>\n<li> Sta\u0142a pomoc w przypadku problem\u00f3w. <\/li>\n<\/ul>\n\n<p> Sprawd\u017a bezp\u0142atne opcje naszych dodatk\u00f3w i u\u017cywaj jej potencja\u0142 lub kup dowolne wymagane wtyczk\u0119 z 20% rabatem. <p>\n\n\n<h2> Jak zintegrowa\u0107 Pa\u0144stwa wid\u017cety na swojej serwisie www WordPress <\/h2>\n\n<p> Aby do\u0142\u0105czy\u0107 pluginy, zobaczy\u0107 wszystkie kroki z prostej wskaz\u00f3wki: <\/p>\n\n\n<ol>\n<li> Wybierz potrzebny widget; <\/li>\n<li> Zmodyfikuj wszystkie wymagane ustawienia; <\/li>\n<li> Zastosuj zmiany; <\/li>\n<li> Skopiuj generowany kod; <\/li>\n<li> Wstaw go w dost\u0119pnym miejscu Pa\u0144stwa witryny lub szablonu; <\/li>\n<li> Zrobione! Pomy\u015blnie zako\u0144czy\u0142e\u015b dodawanie wid\u017cet. <\/li>\n<\/ol>\n\n<p> W razie jakichkolwiek pyta\u0144, zapraszamy zwr\u00f3ci\u0107 si\u0119 do zespo\u0142u obs\u0142ugi Elfsight. <\/p>\n","protected":false},"excerpt":{"rendered":"Najdoskonalsze wtyczki Elfsight dla unowocze\u015bnienia twojej witryny WordPress Na przestrzeni lat nasz zesp\u00f3\u0142 specjalist\u00f3w Elfsight stwarza Plug&amp;Play i dostosowywane wid\u017cety chmurowe dla Twojej witryny internetowej. Posiadamy zesp\u00f3\u0142 zapewniaj\u0105cy profesjonalne wsparcie oraz szybkie \u0142adowanie. Elementy interfejsu Elfsight wspomagaj\u0105 w\u0142a\u015bcicielom serwis\u00f3w online, niekomercyjnych i innym na \u015bwiecie poradzi\u0107 sobie z powa\u017cnymi problemami&#8230;","protected":false},"author":13,"featured_media":0,"parent":0,"menu_order":0,"comment_status":"closed","ping_status":"closed","template":"templates\/template-platform.php","meta":{"publish_to_discourse":"","publish_post_category":"","wpdc_auto_publish_overridden":"","wpdc_topic_tags":"","wpdc_pin_topic":"","wpdc_pin_until":"","discourse_post_id":"","discourse_permalink":"","wpdc_publishing_response":"","wpdc_publishing_error":"","footnotes":""},"class_list":["post-60","page","type-page","status-publish","hentry"],"yoast_head":"<!-- This site is optimized with the Yoast SEO plugin v25.3.1 - https:\/\/yoast.com\/wordpress\/plugins\/seo\/ -->\n<title>Ponad 70 najlepszych plugin\u00f3w Wordpress dla Twojej witryny<\/title>\n<meta name=\"description\" content=\"Zestaw darmowych widget\u00f3w najwy\u017cszej klasy dla twojej witryny internetowej Wordpress. Pom\u00f3c przy personalizacji, rozbudowana gama mo\u017cliwo\u015bci.\" \/>\n<meta name=\"robots\" content=\"index, follow, max-snippet:-1, max-image-preview:large, max-video-preview:-1\" \/>\n<link rel=\"canonical\" href=\"https:\/\/elfsight.com\/pl\/wordpress-plugins\/\" \/>\n<meta property=\"og:locale\" content=\"pl_PL\" \/>\n<meta property=\"og:type\" content=\"article\" \/>\n<meta property=\"og:title\" content=\"Ponad 70 najlepszych plugin\u00f3w Wordpress dla Twojej witryny\" \/>\n<meta property=\"og:description\" content=\"Zestaw darmowych widget\u00f3w najwy\u017cszej klasy dla twojej witryny internetowej Wordpress. Pom\u00f3c przy personalizacji, rozbudowana gama mo\u017cliwo\u015bci.\" \/>\n<meta property=\"og:url\" content=\"https:\/\/elfsight.com\/pl\/wordpress-plugins\/\" \/>\n<meta property=\"og:site_name\" content=\"Elfsight PL\" \/>\n<meta property=\"article:modified_time\" content=\"2021-04-21T13:22:51+00:00\" \/>\n<meta name=\"twitter:card\" content=\"summary_large_image\" \/>\n<meta name=\"twitter:label1\" content=\"Szacowany czas czytania\" \/>\n\t<meta name=\"twitter:data1\" content=\"2 minuty\" \/>\n<!-- \/ Yoast SEO plugin. -->","yoast_head_json":{"title":"Ponad 70 najlepszych plugin\u00f3w Wordpress dla Twojej witryny","description":"Zestaw darmowych widget\u00f3w najwy\u017cszej klasy dla twojej witryny internetowej Wordpress. Pom\u00f3c przy personalizacji, rozbudowana gama mo\u017cliwo\u015bci.","robots":{"index":"index","follow":"follow","max-snippet":"max-snippet:-1","max-image-preview":"max-image-preview:large","max-video-preview":"max-video-preview:-1"},"canonical":"https:\/\/elfsight.com\/pl\/wordpress-plugins\/","og_locale":"pl_PL","og_type":"article","og_title":"Ponad 70 najlepszych plugin\u00f3w Wordpress dla Twojej witryny","og_description":"Zestaw darmowych widget\u00f3w najwy\u017cszej klasy dla twojej witryny internetowej Wordpress. Pom\u00f3c przy personalizacji, rozbudowana gama mo\u017cliwo\u015bci.","og_url":"https:\/\/elfsight.com\/pl\/wordpress-plugins\/","og_site_name":"Elfsight PL","article_modified_time":"2021-04-21T13:22:51+00:00","twitter_card":"summary_large_image","twitter_misc":{"Szacowany czas czytania":"2 minuty"},"schema":{"@context":"https:\/\/schema.org","@graph":[{"@type":"WebPage","@id":"https:\/\/elfsight.com\/pl\/wordpress-plugins\/","url":"https:\/\/elfsight.com\/pl\/wordpress-plugins\/","name":"Ponad 70 najlepszych plugin\u00f3w Wordpress dla Twojej witryny","isPartOf":{"@id":"https:\/\/elfsight.com\/pl\/#website"},"datePublished":"2020-11-12T11:41:38+00:00","dateModified":"2021-04-21T13:22:51+00:00","description":"Zestaw darmowych widget\u00f3w najwy\u017cszej klasy dla twojej witryny internetowej Wordpress. Pom\u00f3c przy personalizacji, rozbudowana gama mo\u017cliwo\u015bci.","breadcrumb":{"@id":"https:\/\/elfsight.com\/pl\/wordpress-plugins\/#breadcrumb"},"inLanguage":"pl-PL","potentialAction":[{"@type":"ReadAction","target":["https:\/\/elfsight.com\/pl\/wordpress-plugins\/"]}]},{"@type":"BreadcrumbList","@id":"https:\/\/elfsight.com\/pl\/wordpress-plugins\/#breadcrumb","itemListElement":[{"@type":"ListItem","position":1,"name":"Home","item":"https:\/\/elfsight.com\/pl\/"},{"@type":"ListItem","position":2,"name":"WordPress Plugins"}]},{"@type":"WebSite","@id":"https:\/\/elfsight.com\/pl\/#website","url":"https:\/\/elfsight.com\/pl\/","name":"Elfsight PL","description":"Just another Elfsight Sites site","potentialAction":[{"@type":"SearchAction","target":{"@type":"EntryPoint","urlTemplate":"https:\/\/elfsight.com\/pl\/?s={search_term_string}"},"query-input":{"@type":"PropertyValueSpecification","valueRequired":true,"valueName":"search_term_string"}}],"inLanguage":"pl-PL"}]}},"meta_box":{"industry":"","seo_heading":"","heading":"","description":"","cta_heading":"","cta_description":"","application":"","h1":"Najlepsze Wordpress Pluginy","h1_caption":"Nieodp\u0142atny katalog rewelacyjnych dodatk\u00f3w najwy\u017cszej klasy z szerok\u0105 gam\u0105 funkcjonalno\u015bci dla zwi\u0119kszenia zaanga\u017cowania u\u017cytkownik\u00f3w i osi\u0105gni\u0119cia wszystkich r\u00f3\u017cnych dzia\u0142a\u0144 promocyjnych. Szybka integracja, obszerny wyb\u00f3r opcji personalizacji a tak\u017ce do\u017cywotnie wsparcie klienta.","application_category":[],"applications_title":"Wypr\u00f3buj najlepszi dopasowania dla twojej witryny sieci Web w edytorze internetowym","applications_request_title":"Nie mo\u017cesz znale\u017a\u0107 odpowiedniego pluginu?","applications_request_button_text":"Zam\u00f3w plugin","hero_text":"","hero_video":"","hero_video_schema_markup":"","selling_points_title":"","selling_points_caption":"","selling_points":[],"selling_points_cta_text":"","features_title":"","features":"","ed_cta_examples_text":"","ed_cta_examples_hidden":"","ed_cta_demo_text":"","ed_cta_demo_hidden":"","why_caption":"","why_editor_title":"","why_editor_text":"","why_team_title":"","why_team_text":"","why_service_title":"","why_service_text":"","template_catalog_visible":"","template_catalog_title":"","template_catalog_text":"","template_catalog_categories_visible":"","demo_title":"","demo_caption":"","default_faq_hidden":"","app_template_category":[],"platform":"31","template_public_id":"","codecanyon_url":"","codecanyon_item_id":"","codecanyon_price":"","pricing_caption":"","pricing_elfsight_apps_hide_column":"","pricing_elfsight_apps_url":"","pricing_codecanyon_price_caption":"","integration_category":[],"integration_request_title":"","integration_request_cta":"","integration_platform":"","integrations":[],"platform_category":[],"video_schema_markup":"","price":"","trial":"","benefits":[],"button_url":"","button_target_blank":"","button_nofollow":"","attributes":[],"tags":[],"tags_disable_links":"","hide_more_platforms":"","video_object":"","demo_hide_cta":"","demo_hide_cloud_options":"","pricing_title":"","pricing":[],"related_apps_title":"","related_apps_hidden":"","author":"","image":[],"title":"","job":"","social_networks":[]},"_links":{"self":[{"href":"https:\/\/elfsight.com\/pl\/wp-json\/wp\/v2\/pages\/60","targetHints":{"allow":["GET"]}}],"collection":[{"href":"https:\/\/elfsight.com\/pl\/wp-json\/wp\/v2\/pages"}],"about":[{"href":"https:\/\/elfsight.com\/pl\/wp-json\/wp\/v2\/types\/page"}],"author":[{"embeddable":true,"href":"https:\/\/elfsight.com\/pl\/wp-json\/wp\/v2\/users\/13"}],"replies":[{"embeddable":true,"href":"https:\/\/elfsight.com\/pl\/wp-json\/wp\/v2\/comments?post=60"}],"version-history":[{"count":4,"href":"https:\/\/elfsight.com\/pl\/wp-json\/wp\/v2\/pages\/60\/revisions"}],"predecessor-version":[{"id":2927,"href":"https:\/\/elfsight.com\/pl\/wp-json\/wp\/v2\/pages\/60\/revisions\/2927"}],"wp:attachment":[{"href":"https:\/\/elfsight.com\/pl\/wp-json\/wp\/v2\/media?parent=60"}],"curies":[{"name":"wp","href":"https:\/\/api.w.org\/{rel}","templated":true}]}}