{"id":5999,"date":"1970-01-01T00:00:00","date_gmt":"1970-01-01T00:00:00","guid":{"rendered":"https:\/\/elfsight.com\/pl\/?page_id=5999"},"modified":"2024-10-24T13:20:43","modified_gmt":"2024-10-24T13:20:43","slug":"prestashop","status":"publish","type":"page","link":"https:\/\/elfsight.com\/pl\/popup-widget\/prestashop\/","title":{"rendered":"Popup &#8211; PrestaShop"},"content":{"rendered":"<div class=\"application-platform-content-item-description application-platform-content-item\" id=\"description\" data-nav-section=\"description\"> <h2>Opis<\/h2> <p>Dzi\u0119ki dodatkowi Elfsight Popup ka\u017cdy ma szans\u0119 zbudowa\u0107 w\u0142asne wyskakuj\u0105ce okienko do dowolnego zadania i umie\u015b\u0107 je na stronie Prestashop. Skonfiguruj spersonalizowane wyskakuj\u0105ce okienko, korzystaj\u0105c z r\u00f3\u017cnych wbudowanych element\u00f3w. Zmieniaj styl i pozycj\u0119; wybierz wyzwalacze aktywuj\u0105ce i znajd\u017a odpowiedni moment, aby uzyska\u0107 wy\u017csz\u0105 skuteczno\u015b\u0107. R\u00f3\u017cnego rodzaju wyskakuj\u0105ce okienka pozwalaj\u0105 ludziom rozpocz\u0105\u0107 subskrypcj\u0119, odkry\u0107 Twoje produkty, skorzysta\u0107 z kupon\u00f3w, wzi\u0105\u0107 udzia\u0142 w wyprzeda\u017cach i ofertach specjalnych, otrzymywa\u0107 powiadomienia o nowych wydarzeniach na Twojej stronie Prestashop i jeszcze wi\u0119cej. <\/p><p><b>Wykorzystaj to, co najlepsze w Popup, aby sprosta\u0107 wyzwaniom biznesowym przy mniejszym wysi\u0142ku! <\/b><\/p> <\/div> <div class=\"application-platform-content-item-features application-platform-content-item\" id=\"features\" data-nav-section=\"features\"> <h2>G\u0142\u00f3wne cechy modu\u0142u Popup<\/h2> <ul><li>Dwana\u015bcie r\u00f3\u017cnych blok\u00f3w element\u00f3w do zbudowania wyskakuj\u0105cego okienka<\/li><li>usuwaj, zmieniaj kolejno\u015b\u0107, klonuj, dodawaj nieograniczon\u0105 liczb\u0119 element\u00f3w<\/li><li>5 uk\u0142ad\u00f3w wyskakuj\u0105cych okienek dla r\u00f3\u017cnych wygl\u0105d\u00f3w<\/li><li>Dodaj przyciski do przekierowywania u\u017cytkownik\u00f3w<\/li><li>Poka\u017c kupony do kopiowania<\/li><li>Wstaw elementy HTML i iFrame<\/li><li>Prostok\u0105tny lub zaokr\u0105glony kszta\u0142t wyskakuj\u0105cego okienka<\/li><li>Prze\u015blij lub wybierz obraz t\u0142a<\/li><li>Umie\u015b\u0107 wyskakuj\u0105ce okienko na wszystkich lub okre\u015blonych strony<\/li><li>Dodaj lub usu\u0144 przycisk zamykania wyskakuj\u0105cego okienka i wybierz jego kolor<\/li><li>Wyskakuj\u0105ce okienko mo\u017cna aktywowa\u0107 po okre\u015blonym czasie na stronie lub procentowym przewijaniu<\/li><li>Pojawia si\u0119 wyskakuj\u0105ce okienko z zamiarem wyj\u015bcia kiedy odwiedzaj\u0105cy zamierza zamkn\u0105\u0107 kart\u0119<\/li><li>Wyskakuj\u0105ce okienko powitalne pojawia si\u0119 zaraz po za\u0142adowaniu strony<\/li><li>Cztery warianty cz\u0119stotliwo\u015bci wyskakuj\u0105cych okienek: codziennie, jednorazowo, co tydzie\u0144 lub za ka\u017cdym razem, gdy zadzia\u0142a wyzwalacz <\/li><li>Wybierz typ urz\u0105dzenia, na kt\u00f3rym b\u0119dzie wy\u015bwietlane wyskakuj\u0105ce okienko: tablet, urz\u0105dzenie wielofunkcyjne, telefon kom\u00f3rkowy lub komputer stacjonarny.<\/li><\/ul><p><a href=\"#demo\">Sprawd\u017a wszystkie ustawienia w pe\u0142nej wersji demonstracyjnej<\/a><\/p> <\/div> <div class=\"application-platform-content-item-installation application-platform-content-item\" id=\"installation\" data-nav-section=\"installation\"> <h2>Jak osadzi\u0107 wyskakuj\u0105ce okienko na mojej stronie PrestaShop? <\/h2> <p>Wystarczy wykona\u0107 kilka krok\u00f3w opisanych poni\u017cej, aby wstawi\u0107 narz\u0119dzie. <\/p> <ol><li><b>Uruchom nasze bezp\u0142atne demo i zacznij tworzy\u0107 sw\u00f3j spersonalizowany dodatek. <\/b><br> Znajd\u017a odpowiedni interfejs i funkcje modu\u0142u wyskakuj\u0105cego dla PrestaShop i zastosuj modyfikacje. <\/li> <li><b>Odbierz unikalny kod, kt\u00f3ry jest wy\u015bwietlany w specjalnym formularzu w aplikacjach Elfsight. <\/b><br> Po zako\u0144czeniu dostosowywania Twojego osobistego dodatku skopiuj osobisty kod z wy\u015bwietlonego okna i zapisz go na p\u00f3\u017aniej. <\/li> <li><b>Wpisz ch\u0119\u0107 korzystania z wid\u017cetu na swojej stronie PrestaShop. <\/b><br> Zaimplementuj skopiowany wcze\u015bniej kod na swojej stronie internetowej i zastosuj poprawki. <\/li> <li><b>Instalacja zosta\u0142a pomy\u015blnie zako\u0144czona. <\/b><br> Przejd\u017a do swojej witryny PrestaShop, aby zobaczy\u0107 w akcji, jak dzia\u0142a to narz\u0119dzie. <\/li><\/ol> <p>Je\u015bli napotkasz jakie\u015b trudno\u015bci, nie wahaj si\u0119 zwr\u00f3ci\u0107 o pomoc do naszego zespo\u0142u wsparcia. Nasi konsultanci z przyjemno\u015bci\u0105 odpowiedz\u0105 na wszystkie pytania dotycz\u0105ce tego narz\u0119dzia. <\/p> <div class=\"faq\" data-component=\"FAQ\"> <div class=\"faq-item\">\r\n\t\t\t\t\t<div class=\"faq-item-question\">\r\n\t\t\t\t\t\t<h3 class=\"faq-item-question-text\">Jak mog\u0119 doda\u0107 przycisk PayPal do mojej witryny PrestaShop bez umiej\u0119tno\u015bci kodowania?<\/h3>\r\n\r\n\t\t\t\t\t\t<div class=\"faq-item-question-icon\"><\/div>\r\n\t\t\t\t\t<\/div>\r\n\r\n\t\t\t\t\t<div class=\"faq-item-answer\">\r\n\t\t\t\t\t\t<div class=\"faq-item-answer-text\"> <p>Elfsight zapewnia rozwi\u0105zanie SaaS, kt\u00f3re pozwala samodzielnie utworzy\u0107 wid\u017cet przycisku PayPal, zobacz, jakie to proste proces jest nast\u0119puj\u0105cy: Pracuj bezpo\u015brednio w edytorze online, aby utworzy\u0107 wid\u017cet przycisku PayPal, kt\u00f3ry chcia\u0142by\u015b widzie\u0107 na swojej stronie PrestaShop. Wybierz jeden z gotowych szablon\u00f3w i dostosuj ustawienia przycisku PayPal, dodaj tre\u015b\u0107, zmie\u0144 uk\u0142ad i kolory bez umiej\u0119tno\u015bci kodowania. Zapisz przycisk PayPal i skopiuj jego kod instalacyjny, kt\u00f3ry mo\u017cesz po prostu umie\u015bci\u0107 na swojej stronie PrestaShop bez konieczno\u015bci kupowania p\u0142atnej subskrypcji. Dzi\u0119ki naszemu intuicyjnemu edytorowi ka\u017cdy u\u017cytkownik Internetu mo\u017ce utworzy\u0107 wid\u017cet przycisku PayPal online i \u0142atwo osadzi\u0107 go na swojej stronie PrestaShop. Aby uzyska\u0107 dost\u0119p do us\u0142ugi, nie trzeba p\u0142aci\u0107 ani wprowadza\u0107 danych uwierzytelniaj\u0105cych karty. Je\u015bli na kt\u00f3rymkolwiek etapie napotkasz jakiekolwiek problemy, skontaktuj si\u0119 z naszym zespo\u0142em pomocy technicznej.<\/p> <\/div>\r\n\t\t\t\t\t<\/div>\r\n\t\t\t\t<\/div> <\/div> <\/div>","protected":false},"excerpt":{"rendered":"","protected":false},"author":9,"featured_media":0,"parent":1960,"menu_order":0,"comment_status":"closed","ping_status":"closed","template":"templates\/template-application-platform.php","meta":{"publish_to_discourse":"","publish_post_category":"","wpdc_auto_publish_overridden":"","wpdc_topic_tags":"","wpdc_pin_topic":"","wpdc_pin_until":"","discourse_post_id":"","discourse_permalink":"","wpdc_publishing_response":"","wpdc_publishing_error":"","footnotes":""},"class_list":["post-5999","page","type-page","status-publish","hentry"],"yoast_head":"<!-- This site is optimized with the Yoast SEO plugin v25.3.1 - https:\/\/yoast.com\/wordpress\/plugins\/seo\/ -->\n<title>Dodaj modu\u0142 Popup do witryny PrestaShop za darmo<\/title>\n<meta name=\"description\" content=\"Utw\u00f3rz wyskakuj\u0105ce okienko w PrestaShop bez kodowania!\" \/>\n<meta name=\"robots\" content=\"index, follow, max-snippet:-1, max-image-preview:large, max-video-preview:-1\" \/>\n<link rel=\"canonical\" href=\"https:\/\/elfsight.com\/pl\/popup-widget\/prestashop\/\" \/>\n<meta property=\"og:locale\" content=\"pl_PL\" \/>\n<meta property=\"og:type\" content=\"article\" \/>\n<meta property=\"og:title\" content=\"Dodaj modu\u0142 Popup do witryny PrestaShop za darmo\" \/>\n<meta property=\"og:description\" content=\"Utw\u00f3rz wyskakuj\u0105ce okienko w PrestaShop bez kodowania!\" \/>\n<meta property=\"og:url\" content=\"https:\/\/elfsight.com\/pl\/popup-widget\/prestashop\/\" \/>\n<meta property=\"og:site_name\" content=\"Elfsight PL\" \/>\n<meta property=\"article:modified_time\" content=\"2024-10-24T13:20:43+00:00\" \/>\n<meta name=\"twitter:card\" content=\"summary_large_image\" \/>\n<meta name=\"twitter:label1\" content=\"Szacowany czas czytania\" \/>\n\t<meta name=\"twitter:data1\" content=\"3 minuty\" \/>\n<!-- \/ Yoast SEO plugin. -->","yoast_head_json":{"title":"Dodaj modu\u0142 Popup do witryny PrestaShop za darmo","description":"Utw\u00f3rz wyskakuj\u0105ce okienko w PrestaShop bez kodowania!","robots":{"index":"index","follow":"follow","max-snippet":"max-snippet:-1","max-image-preview":"max-image-preview:large","max-video-preview":"max-video-preview:-1"},"canonical":"https:\/\/elfsight.com\/pl\/popup-widget\/prestashop\/","og_locale":"pl_PL","og_type":"article","og_title":"Dodaj modu\u0142 Popup do witryny PrestaShop za darmo","og_description":"Utw\u00f3rz wyskakuj\u0105ce okienko w PrestaShop bez kodowania!","og_url":"https:\/\/elfsight.com\/pl\/popup-widget\/prestashop\/","og_site_name":"Elfsight PL","article_modified_time":"2024-10-24T13:20:43+00:00","twitter_card":"summary_large_image","twitter_misc":{"Szacowany czas czytania":"3 minuty"},"schema":{"@context":"https:\/\/schema.org","@graph":[{"@type":"WebPage","@id":"https:\/\/elfsight.com\/pl\/popup-widget\/prestashop\/","url":"https:\/\/elfsight.com\/pl\/popup-widget\/prestashop\/","name":"Dodaj modu\u0142 Popup do witryny PrestaShop za darmo","isPartOf":{"@id":"https:\/\/elfsight.com\/pl\/#website"},"datePublished":"1970-01-01T00:00:00+00:00","dateModified":"2024-10-24T13:20:43+00:00","description":"Utw\u00f3rz wyskakuj\u0105ce okienko w PrestaShop bez kodowania!","breadcrumb":{"@id":"https:\/\/elfsight.com\/pl\/popup-widget\/prestashop\/#breadcrumb"},"inLanguage":"pl-PL","potentialAction":[{"@type":"ReadAction","target":["https:\/\/elfsight.com\/pl\/popup-widget\/prestashop\/"]}]},{"@type":"BreadcrumbList","@id":"https:\/\/elfsight.com\/pl\/popup-widget\/prestashop\/#breadcrumb","itemListElement":[{"@type":"ListItem","position":1,"name":"Home","item":"https:\/\/elfsight.com\/pl\/"},{"@type":"ListItem","position":2,"name":"Popup","item":"https:\/\/elfsight.com\/pl\/popup-widget\/"},{"@type":"ListItem","position":3,"name":"Popup &#8211; PrestaShop"}]},{"@type":"WebSite","@id":"https:\/\/elfsight.com\/pl\/#website","url":"https:\/\/elfsight.com\/pl\/","name":"Elfsight PL","description":"Just another Elfsight Sites site","potentialAction":[{"@type":"SearchAction","target":{"@type":"EntryPoint","urlTemplate":"https:\/\/elfsight.com\/pl\/?s={search_term_string}"},"query-input":{"@type":"PropertyValueSpecification","valueRequired":true,"valueName":"search_term_string"}}],"inLanguage":"pl-PL"}]}},"meta_box":{"industry":"","seo_heading":"","heading":"","description":"","cta_heading":"","cta_description":"","application":"1959","h1":"Dodatek wyskakuj\u0105cy PrestaShop","h1_caption":"Wy\u015bwietlaj wyskakuj\u0105ce okienka, aby przyci\u0105gn\u0105\u0107 uwag\u0119 odwiedzaj\u0105cych, promowa\u0107 oferty lub zbiera\u0107 potencjalnych klient\u00f3w bez konieczno\u015bci przerywania korzystania z witryny w witrynie Prestashop.","application_category":[],"applications_title":"","applications_request_title":"","applications_request_button_text":"","hero_text":"","hero_video":"","hero_video_schema_markup":"","selling_points_title":"","selling_points_caption":"","selling_points":[],"selling_points_cta_text":"","features_title":"","features":"","ed_cta_examples_text":"","ed_cta_examples_hidden":"","ed_cta_demo_text":"","ed_cta_demo_hidden":"","why_caption":"","why_editor_title":"","why_editor_text":"","why_team_title":"","why_team_text":"","why_service_title":"","why_service_text":"","template_catalog_visible":"","template_catalog_title":"","template_catalog_text":"","template_catalog_categories_visible":"","demo_title":"Nie wahaj si\u0119 i zbuduj niestandardowe wyskakuj\u0105ce okienko PrestaShop!","demo_caption":"Dostosuj i umie\u015b\u0107 narz\u0119dzie na swojej stronie w wersji demonstracyjnej.","default_faq_hidden":"","app_template_category":[],"platform":"586","template_public_id":"","codecanyon_url":"","codecanyon_item_id":"","codecanyon_price":"","pricing_caption":"","pricing_elfsight_apps_hide_column":"","pricing_elfsight_apps_url":"","pricing_codecanyon_price_caption":"","integration_category":[],"integration_request_title":"","integration_request_cta":"","integration_platform":"","integrations":[],"platform_category":[],"video_schema_markup":"","price":"od 0 USD \/ miesi\u0105c","trial":"","benefits":[{"text":"Bezp\u0142atna us\u0142uga monta\u017cu"},{"text":"Wyj\u0105tkowe wsparcie"},{"text":"14-dniowa gwarancja zwrotu pieni\u0119dzy"}],"button_url":"#demo","button_target_blank":"","button_nofollow":"","attributes":[{"name":"Instaluje"},{"name":"Czu\u0142y"},{"name":"Kompatybilne przegl\u0105darki"}],"tags":[],"tags_disable_links":"","hide_more_platforms":"","video_object":"","demo_hide_cta":"","demo_hide_cloud_options":"","pricing_title":"","pricing":[{"pricing_icon":"platform","pricing_title":"Elfsight Apps","pricing_title_caption":"Wieloplatformowe rozwi\u0105zanie cyfrowe, kt\u00f3re pasuje do ka\u017cdej witryny internetowej","pricing_price":"od 0 USD \/ miesi\u0105c","pricing_price_caption":"zacznij od bezp\u0142atnego planu","pricing_benefits":[{"text":"Nielimitowane strony internetowe"},{"text":"Wsparcie 24\/7"},{"text":"Bezp\u0142atna pomoc w monta\u017cu"},{"text":"Elastyczny projekt"}],"pricing_button_text":"Dodaj do witryny","pricing_button_url":"#demo"}],"related_apps_title":"","related_apps_hidden":"","author":"","image":[],"title":"","job":"","social_networks":[]},"_links":{"self":[{"href":"https:\/\/elfsight.com\/pl\/wp-json\/wp\/v2\/pages\/5999","targetHints":{"allow":["GET"]}}],"collection":[{"href":"https:\/\/elfsight.com\/pl\/wp-json\/wp\/v2\/pages"}],"about":[{"href":"https:\/\/elfsight.com\/pl\/wp-json\/wp\/v2\/types\/page"}],"author":[{"embeddable":true,"href":"https:\/\/elfsight.com\/pl\/wp-json\/wp\/v2\/users\/9"}],"replies":[{"embeddable":true,"href":"https:\/\/elfsight.com\/pl\/wp-json\/wp\/v2\/comments?post=5999"}],"version-history":[{"count":1,"href":"https:\/\/elfsight.com\/pl\/wp-json\/wp\/v2\/pages\/5999\/revisions"}],"predecessor-version":[{"id":6003,"href":"https:\/\/elfsight.com\/pl\/wp-json\/wp\/v2\/pages\/5999\/revisions\/6003"}],"up":[{"embeddable":true,"href":"https:\/\/elfsight.com\/pl\/wp-json\/wp\/v2\/pages\/1960"}],"wp:attachment":[{"href":"https:\/\/elfsight.com\/pl\/wp-json\/wp\/v2\/media?parent=5999"}],"curies":[{"name":"wp","href":"https:\/\/api.w.org\/{rel}","templated":true}]}}