{"id":5998,"date":"1970-01-01T00:00:00","date_gmt":"1970-01-01T00:00:00","guid":{"rendered":"https:\/\/elfsight.com\/pl\/?page_id=5998"},"modified":"2024-10-24T13:20:51","modified_gmt":"2024-10-24T13:20:51","slug":"jimdo","status":"publish","type":"page","link":"https:\/\/elfsight.com\/pl\/popup-widget\/jimdo\/","title":{"rendered":"Popup &#8211; Jimdo"},"content":{"rendered":"<div class=\"application-platform-content-item-description application-platform-content-item\" id=\"description\" data-nav-section=\"description\"><h2>Opis<\/h2> <p>Przy pomocy narz\u0119dzia Elfsight Popup ka\u017cdy ma szans\u0119 skonstruowa\u0107 w\u0142asne wyskakuj\u0105ce okienko r\u00f3\u017cnego typu i wy\u015bwietli\u0107 je na stronie internetowej Jimdo. Skonfiguruj autentyczne wyskakuj\u0105ce okienko, r\u00f3\u017cne typy do\u0142\u0105czonych element\u00f3w. Zmie\u0144 styl i aran\u017cacj\u0119; wybierz wyzwalacz otwieraj\u0105cy i znajd\u017a odpowiedni\u0105 cz\u0119stotliwo\u015b\u0107, aby zmaksymalizowa\u0107 jego skuteczno\u015b\u0107. Wyskakuj\u0105ce okienka pozwol\u0105 odwiedzaj\u0105cym subskrybowa\u0107 e-maile, przegl\u0105da\u0107 Twoje produkty, korzysta\u0107 z kupon\u00f3w rabatowych, otrzymywa\u0107 informacje o wyprzeda\u017cach i ofertach specjalnych, otrzymywa\u0107 powiadomienia o nowych okazjach na Twojej stronie Jimdo i jeszcze wi\u0119cej. <\/p><p><b>Wypr\u00f3buj Popup, aby szybciej realizowa\u0107 swoje cele e-commerce! <\/b><\/p> <\/div> <div class=\"application-platform-content-item-features application-platform-content-item\" id=\"features\" data-nav-section=\"features\"> <h2>G\u0142\u00f3wne cechy wid\u017cetu Popup<\/h2> <ul><li>12 r\u00f3\u017cnych blok\u00f3w element\u00f3w do konfiguracji wyskakuj\u0105cego okienka<\/li><li>Dodawaj, klonuj, zmieniaj kolejno\u015b\u0107, usuwaj nieograniczon\u0105 liczb\u0119 element\u00f3w<\/li><li>Pi\u0119\u0107 uk\u0142ad\u00f3w wyskakuj\u0105cych okienek do r\u00f3\u017cnych zada\u0144<\/li><li>Dodawaj przyciski do przekierowywania u\u017cytkownik\u00f3w<\/li><li>Pokazuj kody promocyjne<\/li><li>Wstaw elementy HTML i iFrame<\/li><li>Prostok\u0105t lub zaokr\u0105glony kszta\u0142t wyskakuj\u0105cego okienka<\/li><li>Prze\u015blij lub wybierz obraz t\u0142a wyskakuj\u0105cego okienka<\/li><li>Umie\u015b\u0107 wyskakuj\u0105ce okienko na wszystkich lub ograniczone strony<\/li><li>Dodaj lub usu\u0144 przycisk zamykania wyskakuj\u0105cego okienka i wybierz jego kolor<\/li><li>Wyskakuj\u0105ce okienko mo\u017ce zosta\u0107 uruchomione po okre\u015blonym czasie na stronie lub procentowym przewini\u0119ciu<\/li><li>Wyjd\u017a z wyskakuj\u0105cego okienka otwiera si\u0119, gdy u\u017cytkownik zamierza opu\u015bci\u0107 kart\u0119<\/li><li>Wyskakuj\u0105ce okienko powitalne wy\u015bwietlane jest zaraz po za\u0142adowaniu strony<\/li><li>Cztery warianty cz\u0119stotliwo\u015bci wyskakuj\u0105cych okienek: co tydzie\u0144, za ka\u017cdym razem, gdy zadzia\u0142a wyzwalacz, codziennie lub jednorazowo<\/li><li>Wybierz typ urz\u0105dzenia, na kt\u00f3rym b\u0119dzie widoczne wyskakuj\u0105ce okienko: tablet, komputer stacjonarny, telefon kom\u00f3rkowy lub wszystkie<\/li><\/ul><p><a href=\"#demo\">Ty mo\u017cesz wypr\u00f3bowa\u0107 pe\u0142n\u0105 funkcjonalno\u015b\u0107 wid\u017cetu w poni\u017cszej wersji demonstracyjnej<\/a><\/p> <\/div> <div class=\"application-platform-content-item-installation application-platform-content-item\" id=\"installation\" data-nav-section=\"installation\"> <h2>Jak osadzi\u0107 wyskakuj\u0105ce okienko na mojej stronie internetowej Jimdo? <\/h2> <p>Wystarczy wykona\u0107 kilka krok\u00f3w opisanych poni\u017cej, aby rozpocz\u0105\u0107 korzystanie z wid\u017cetu. <\/p> <ol><li><b>Uruchom nasz darmowy edytor i zacznij tworzy\u0107 w\u0142asny widget. <\/b><br> Wybierz wybrany wygl\u0105d i opcje wid\u017cetu i zastosuj modyfikacje. <\/li> <li><b>Zdob\u0105d\u017a unikalny kod ujawniony w specjalnym formularzu w aplikacjach Elfsight. <\/b><br> Po zako\u0144czeniu konfiguracji wid\u017cetu skopiuj indywidualny kod z wy\u015bwietlonego pola i zapisz go do p\u00f3\u017aniejszego wykorzystania. <\/li> <li><b>Rozpocznij stosowanie wid\u017cetu na swojej stronie Jimdo.<\/b><br> Wprowad\u017a kod, kt\u00f3ry ostatnio skopiowa\u0142e\u015b na swoj\u0105 stron\u0119 i zastosuj ulepszenia.<\/li> <li> <b>Instalacja zosta\u0142a w pe\u0142ni uko\u0144czona.<\/b><br> Przejd\u017a do swojej strony Jimdo, aby sprawdzi\u0107, jak dzia\u0142a widget.<\/li><\/ol> <p>W przypadku pyta\u0144 lub trudno\u015bci, skontaktuj si\u0119 z nami bez wahania skontaktuj si\u0119 z naszym zespo\u0142em obs\u0142ugi klienta. Chc\u0105 Ci pom\u00f3c we wszystkich pytaniach, jakie mo\u017cesz mie\u0107 w zwi\u0105zku z instalacj\u0105 Jimdo. <\/p> <div class=\"faq\" data-component=\"FAQ\"> <div class=\"faq-item\">\r\n\t\t\t\t\t<div class=\"faq-item-question\">\r\n\t\t\t\t\t\t<h3 class=\"faq-item-question-text\">Jak mog\u0119 doda\u0107 przycisk PayPal do mojej witryny Jimdo bez umiej\u0119tno\u015bci kodowania?<\/h3>\r\n\r\n\t\t\t\t\t\t<div class=\"faq-item-question-icon\"><\/div>\r\n\t\t\t\t\t<\/div>\r\n\r\n\t\t\t\t\t<div class=\"faq-item-answer\">\r\n\t\t\t\t\t\t<div class=\"faq-item-answer-text\"> <p>Elfsight zapewnia rozwi\u0105zanie SaaS, kt\u00f3re pozwala samodzielnie utworzy\u0107 wid\u017cet przycisku PayPal, zobacz, jakie to proste proces jest nast\u0119puj\u0105cy: Pracuj bezpo\u015brednio w edytorze online, aby utworzy\u0107 wid\u017cet przycisku PayPal, kt\u00f3ry chcia\u0142by\u015b zobaczy\u0107 na swojej stronie internetowej Jimdo. Wybierz jeden z gotowych szablon\u00f3w i dostosuj ustawienia przycisku PayPal, dodaj tre\u015b\u0107, zmie\u0144 uk\u0142ad i kolory bez umiej\u0119tno\u015bci kodowania. Zapisz przycisk PayPal i skopiuj jego kod instalacyjny, dzi\u0119ki czemu b\u0119dziesz m\u00f3g\u0142 \u0142atwo doda\u0107 go do swojej witryny Jimdo bez konieczno\u015bci kupowania wersji p\u0142atnej. Dzi\u0119ki naszemu intuicyjnemu edytorowi ka\u017cdy u\u017cytkownik Internetu mo\u017ce utworzy\u0107 wid\u017cet przycisku PayPal online i \u0142atwo osadzi\u0107 go na swojej stronie internetowej Jimdo. Aby uzyska\u0107 dost\u0119p do us\u0142ugi, nie trzeba p\u0142aci\u0107 ani wprowadza\u0107 danych uwierzytelniaj\u0105cych karty. Je\u015bli na kt\u00f3rymkolwiek etapie napotkasz jakiekolwiek problemy, skontaktuj si\u0119 z naszym zespo\u0142em pomocy technicznej.<\/p> <\/div>\r\n\t\t\t\t\t<\/div>\r\n\t\t\t\t<\/div> <\/div> <\/div>","protected":false},"excerpt":{"rendered":"","protected":false},"author":9,"featured_media":0,"parent":1960,"menu_order":0,"comment_status":"closed","ping_status":"closed","template":"templates\/template-application-platform.php","meta":{"publish_to_discourse":"","publish_post_category":"","wpdc_auto_publish_overridden":"","wpdc_topic_tags":"","wpdc_pin_topic":"","wpdc_pin_until":"","discourse_post_id":"","discourse_permalink":"","wpdc_publishing_response":"","wpdc_publishing_error":"","footnotes":""},"class_list":["post-5998","page","type-page","status-publish","hentry"],"yoast_head":"<!-- This site is optimized with the Yoast SEO plugin v25.3.1 - https:\/\/yoast.com\/wordpress\/plugins\/seo\/ -->\n<title>Dodaj wid\u017cet wyskakuj\u0105cy do strony internetowej Jimdo<\/title>\n<meta name=\"description\" content=\"Utw\u00f3rz wyskakuj\u0105ce okienko na Jimdo bez kodowania!\" \/>\n<meta name=\"robots\" content=\"index, follow, max-snippet:-1, max-image-preview:large, max-video-preview:-1\" \/>\n<link rel=\"canonical\" href=\"https:\/\/elfsight.com\/pl\/popup-widget\/jimdo\/\" \/>\n<meta property=\"og:locale\" content=\"pl_PL\" \/>\n<meta property=\"og:type\" content=\"article\" \/>\n<meta property=\"og:title\" content=\"Dodaj wid\u017cet wyskakuj\u0105cy do strony internetowej Jimdo\" \/>\n<meta property=\"og:description\" content=\"Utw\u00f3rz wyskakuj\u0105ce okienko na Jimdo bez kodowania!\" \/>\n<meta property=\"og:url\" content=\"https:\/\/elfsight.com\/pl\/popup-widget\/jimdo\/\" \/>\n<meta property=\"og:site_name\" content=\"Elfsight PL\" \/>\n<meta property=\"article:modified_time\" content=\"2024-10-24T13:20:51+00:00\" \/>\n<meta name=\"twitter:card\" content=\"summary_large_image\" \/>\n<meta name=\"twitter:label1\" content=\"Szacowany czas czytania\" \/>\n\t<meta name=\"twitter:data1\" content=\"3 minuty\" \/>\n<!-- \/ Yoast SEO plugin. -->","yoast_head_json":{"title":"Dodaj wid\u017cet wyskakuj\u0105cy do strony internetowej Jimdo","description":"Utw\u00f3rz wyskakuj\u0105ce okienko na Jimdo bez kodowania!","robots":{"index":"index","follow":"follow","max-snippet":"max-snippet:-1","max-image-preview":"max-image-preview:large","max-video-preview":"max-video-preview:-1"},"canonical":"https:\/\/elfsight.com\/pl\/popup-widget\/jimdo\/","og_locale":"pl_PL","og_type":"article","og_title":"Dodaj wid\u017cet wyskakuj\u0105cy do strony internetowej Jimdo","og_description":"Utw\u00f3rz wyskakuj\u0105ce okienko na Jimdo bez kodowania!","og_url":"https:\/\/elfsight.com\/pl\/popup-widget\/jimdo\/","og_site_name":"Elfsight PL","article_modified_time":"2024-10-24T13:20:51+00:00","twitter_card":"summary_large_image","twitter_misc":{"Szacowany czas czytania":"3 minuty"},"schema":{"@context":"https:\/\/schema.org","@graph":[{"@type":"WebPage","@id":"https:\/\/elfsight.com\/pl\/popup-widget\/jimdo\/","url":"https:\/\/elfsight.com\/pl\/popup-widget\/jimdo\/","name":"Dodaj wid\u017cet wyskakuj\u0105cy do strony internetowej Jimdo","isPartOf":{"@id":"https:\/\/elfsight.com\/pl\/#website"},"datePublished":"1970-01-01T00:00:00+00:00","dateModified":"2024-10-24T13:20:51+00:00","description":"Utw\u00f3rz wyskakuj\u0105ce okienko na Jimdo bez kodowania!","breadcrumb":{"@id":"https:\/\/elfsight.com\/pl\/popup-widget\/jimdo\/#breadcrumb"},"inLanguage":"pl-PL","potentialAction":[{"@type":"ReadAction","target":["https:\/\/elfsight.com\/pl\/popup-widget\/jimdo\/"]}]},{"@type":"BreadcrumbList","@id":"https:\/\/elfsight.com\/pl\/popup-widget\/jimdo\/#breadcrumb","itemListElement":[{"@type":"ListItem","position":1,"name":"Home","item":"https:\/\/elfsight.com\/pl\/"},{"@type":"ListItem","position":2,"name":"Popup","item":"https:\/\/elfsight.com\/pl\/popup-widget\/"},{"@type":"ListItem","position":3,"name":"Popup &#8211; Jimdo"}]},{"@type":"WebSite","@id":"https:\/\/elfsight.com\/pl\/#website","url":"https:\/\/elfsight.com\/pl\/","name":"Elfsight PL","description":"Just another Elfsight Sites site","potentialAction":[{"@type":"SearchAction","target":{"@type":"EntryPoint","urlTemplate":"https:\/\/elfsight.com\/pl\/?s={search_term_string}"},"query-input":{"@type":"PropertyValueSpecification","valueRequired":true,"valueName":"search_term_string"}}],"inLanguage":"pl-PL"}]}},"meta_box":{"industry":"","seo_heading":"","heading":"","description":"","cta_heading":"","cta_description":"","application":"1959","h1":"Wid\u017cet wyskakuj\u0105cy Jimdo","h1_caption":"Wy\u015bwietlaj wyskakuj\u0105ce okienka, aby przyci\u0105gn\u0105\u0107 uwag\u0119 odwiedzaj\u0105cych, promowa\u0107 oferty lub zbiera\u0107 potencjalnych klient\u00f3w bez konieczno\u015bci przerywania korzystania z witryny i przej\u015bcia na witryn\u0119 Jimdo.","application_category":[],"applications_title":"","applications_request_title":"","applications_request_button_text":"","hero_text":"","hero_video":"","hero_video_schema_markup":"","selling_points_title":"","selling_points_caption":"","selling_points":[],"selling_points_cta_text":"","features_title":"","features":"","ed_cta_examples_text":"","ed_cta_examples_hidden":"","ed_cta_demo_text":"","ed_cta_demo_hidden":"","why_caption":"","why_editor_title":"","why_editor_text":"","why_team_title":"","why_team_text":"","why_service_title":"","why_service_text":"","template_catalog_visible":"","template_catalog_title":"","template_catalog_text":"","template_catalog_categories_visible":"","demo_title":"Nie wahaj si\u0119 i zbuduj w\u0142asne wyskakuj\u0105ce okienko Jimdo!","demo_caption":"Spersonalizuj widget i dodaj go na swoj\u0105 stron\u0119 w ci\u0105gu kilku minut za pomoc\u0105 demo na \u017cywo.","default_faq_hidden":"","app_template_category":[],"platform":"193","template_public_id":"","codecanyon_url":"","codecanyon_item_id":"","codecanyon_price":"","pricing_caption":"","pricing_elfsight_apps_hide_column":"","pricing_elfsight_apps_url":"","pricing_codecanyon_price_caption":"","integration_category":[],"integration_request_title":"","integration_request_cta":"","integration_platform":"","integrations":[],"platform_category":[],"video_schema_markup":"","price":"od 0 USD \/ miesi\u0105c","trial":"","benefits":[{"text":"Bezp\u0142atna pomoc w monta\u017cu"},{"text":"Wsparcie premium"},{"text":"14-dniowa gwarancja zwrotu pieni\u0119dzy"}],"button_url":"#demo","button_target_blank":"","button_nofollow":"","attributes":[{"name":"Instaluje"},{"name":"Czu\u0142y"},{"name":"Kompatybilne przegl\u0105darki"}],"tags":[],"tags_disable_links":"","hide_more_platforms":"","video_object":"","demo_hide_cta":"","demo_hide_cloud_options":"","pricing_title":"","pricing":[{"pricing_icon":"platform","pricing_title":"Elfsight Apps","pricing_title_caption":"Rozwi\u0105zanie wieloplatformowe","pricing_price":"od 0 USD \/ miesi\u0105c","pricing_price_caption":"zacznij od bezp\u0142atnego planu","pricing_benefits":[{"text":"Nieograniczona liczba stron internetowych"},{"text":"Profesjonalne wsparcie"},{"text":"Bezp\u0142atna pomoc w instalacji"},{"text":"100% konfigurowalny"}],"pricing_button_text":"Dodaj do witryny","pricing_button_url":"#demo"}],"related_apps_title":"","related_apps_hidden":"","author":"","image":[],"title":"","job":"","social_networks":[]},"_links":{"self":[{"href":"https:\/\/elfsight.com\/pl\/wp-json\/wp\/v2\/pages\/5998","targetHints":{"allow":["GET"]}}],"collection":[{"href":"https:\/\/elfsight.com\/pl\/wp-json\/wp\/v2\/pages"}],"about":[{"href":"https:\/\/elfsight.com\/pl\/wp-json\/wp\/v2\/types\/page"}],"author":[{"embeddable":true,"href":"https:\/\/elfsight.com\/pl\/wp-json\/wp\/v2\/users\/9"}],"replies":[{"embeddable":true,"href":"https:\/\/elfsight.com\/pl\/wp-json\/wp\/v2\/comments?post=5998"}],"version-history":[{"count":1,"href":"https:\/\/elfsight.com\/pl\/wp-json\/wp\/v2\/pages\/5998\/revisions"}],"predecessor-version":[{"id":6002,"href":"https:\/\/elfsight.com\/pl\/wp-json\/wp\/v2\/pages\/5998\/revisions\/6002"}],"up":[{"embeddable":true,"href":"https:\/\/elfsight.com\/pl\/wp-json\/wp\/v2\/pages\/1960"}],"wp:attachment":[{"href":"https:\/\/elfsight.com\/pl\/wp-json\/wp\/v2\/media?parent=5998"}],"curies":[{"name":"wp","href":"https:\/\/api.w.org\/{rel}","templated":true}]}}