{"id":5991,"date":"1970-01-01T00:00:00","date_gmt":"1970-01-01T00:00:00","guid":{"rendered":"https:\/\/elfsight.com\/pl\/?page_id=5991"},"modified":"2024-11-14T09:21:13","modified_gmt":"2024-11-14T09:21:13","slug":"drupal","status":"publish","type":"page","link":"https:\/\/elfsight.com\/pl\/podcast-player-widget\/drupal\/","title":{"rendered":"Podcast Player &#8211; Drupal"},"content":{"rendered":"<div class=\"application-platform-content-item-description application-platform-content-item\" id=\"description\" data-nav-section=\"description\"> <h2>Opis<\/h2> <p>Elfsight Podcast Player to nieskomplikowany modu\u0142 dla Drupala, kt\u00f3ry umo\u017cliwia strumieniowe przesy\u0142anie podcast\u00f3w na stronach Twojej witryny . Widget jest wysoce konfigurowalny: mo\u017cesz zmienia\u0107 jego po\u0142o\u017cenie, ustawia\u0107 w dowolnym miejscu strony, skalowa\u0107 jego rozmiar, nak\u0142ada\u0107 na t\u0142o i inne elementy, aby po\u0142\u0105czy\u0107 je ze stylem swojej witryny, stosowa\u0107 ciemn\u0105 kolorystyk\u0119, demonstrowa\u0107 obrazy oraz pokazywa\u0107 lub ukrywa\u0107 3 dodatkowe elementy odtwarzacza, np. pasek post\u0119pu i inne. Zabawiaj swoich go\u015bci, w\u0142\u0105cz opcj\u0119 autoodtwarzania i nie miej w\u0105tpliwo\u015bci \u2013 Twoi u\u017cytkownicy nie opuszcz\u0105 Twojej witryny od razu!. <\/p> <p><b>Zachwy\u0107 swoich u\u017cytkownik\u00f3w, udost\u0119pniaj\u0105c im praktyczne i zabawne materia\u0142y za pomoc\u0105 odtwarzacza podcast\u00f3w Elfsight<\/b><\/p> <\/div> <div class=\"application-platform-content-item-features application-platform-content-item\" id=\"features\" data-nav-section=\"features\"> <h2> Najbardziej po\u017c\u0105dane funkcje modu\u0142u oferuj\u0105<\/h2> <ul><li>Liczne zmiany kolorystyczne. <\/li><li>Dwa uk\u0142ady gotowe do u\u017cycia. <\/li><li>Mo\u017cliwo\u015b\u0107 dodania obrazu t\u0142a. <\/li><li>Dodawaj nieograniczon\u0105 liczb\u0119 utwor\u00f3w. <\/li><li>Mo\u017cliwo\u015b\u0107 stworzenia w\u0142asnego schematu kolor\u00f3w. <\/li><\/ul><p><a href=\"#demo\">Wystarczy sprawdzi\u0107 t\u0119 wersj\u0119 demonstracyjn\u0105, aby zobaczy\u0107, ile wart jest modu\u0142<\/a><\/p> <\/div> <div class=\"application-platform-content-item-installation application-platform-content-item\" id=\"installation\" data-nav-section=\"installation\"> <h2>Jak doda\u0107 Odtwarzacz Podcast\u00f3w do mojej strony Drupal? <\/h2><div class=\"video-container\"><iframe width=\"720\" height=\"405\" src=\"https:\/\/www.youtube.com\/embed\/A1CRkUJ299A\" frameborder=\"0\" allowfullscreen><\/iframe><\/div><p>Wystarczy zastosowa\u0107 si\u0119 do poni\u017cszych instrukcji, aby osadzi\u0107 narz\u0119dzie. <\/p> <ol><li><b>Uruchom nasz darmowy edytor i zacznij budowa\u0107 sw\u00f3j unikalny modu\u0142. <\/b><br> Znajd\u017a niestandardowy wygl\u0105d i opcje modu\u0142u i zastosuj wszystkie poprawki. <\/li> <li><b>Uzyskaj indywidualny kod pokazany w specjalnym formularzu w aplikacjach Elfsight. <\/b><br> Zaraz po utworzeniu modu\u0142u skopiuj indywidualny kod z wy\u015bwietlonego pola i zapisz go na p\u00f3\u017aniej. <\/li> <li><b>Rozpocznij prac\u0119 modu\u0142u na stronie Drupal. <\/b><br> Zintegruj zapisany wcze\u015bniej kod ze swoj\u0105 stron\u0105 i zapisz poprawki. <\/li> <li><b>Gotowe! Konfiguracja zosta\u0142a pomy\u015blnie zako\u0144czona. <\/b><br> Odwied\u017a swoj\u0105 witryn\u0119, aby sprawdzi\u0107 dzia\u0142anie modu\u0142u. <\/li><\/ol><p>Je\u015bli chcesz odpowiedzie\u0107 na zapytania lub napotka\u0107 jakiekolwiek problemy, mo\u017cesz napisa\u0107 do naszego zespo\u0142u obs\u0142ugi klienta. Nasi konsultanci z przyjemno\u015bci\u0105 pomog\u0105 Ci we wszystkich problemach, jakie mo\u017cesz mie\u0107 z produktem. <\/p> <\/div>","protected":false},"excerpt":{"rendered":"","protected":false},"author":9,"featured_media":0,"parent":2865,"menu_order":0,"comment_status":"closed","ping_status":"closed","template":"templates\/template-application-platform.php","meta":{"publish_to_discourse":"","publish_post_category":"","wpdc_auto_publish_overridden":"","wpdc_topic_tags":"","wpdc_pin_topic":"","wpdc_pin_until":"","discourse_post_id":"","discourse_permalink":"","wpdc_publishing_response":"","wpdc_publishing_error":"","footnotes":""},"class_list":["post-5991","page","type-page","status-publish","hentry"],"yoast_head":"<!-- This site is optimized with the Yoast SEO plugin v25.3.1 - https:\/\/yoast.com\/wordpress\/plugins\/seo\/ -->\n<title>Odtwarzacz podcast\u00f3w Elfsight dla witryny Drupal (\u0142atwy i bezp\u0142atny)<\/title>\n<meta name=\"description\" content=\"Skorzystaj z naszego przydatnego demo i dodaj responsywny odtwarzacz podcast\u00f3w na swojej stronie Drupal. Skorzystaj z naszego dost\u0119pnego demo i jednym klikni\u0119ciem stw\u00f3rz w\u0142asny widget!\" \/>\n<meta name=\"robots\" content=\"index, follow, max-snippet:-1, max-image-preview:large, max-video-preview:-1\" \/>\n<link rel=\"canonical\" href=\"https:\/\/elfsight.com\/pl\/podcast-player-widget\/drupal\/\" \/>\n<meta property=\"og:locale\" content=\"pl_PL\" \/>\n<meta property=\"og:type\" content=\"article\" \/>\n<meta property=\"og:title\" content=\"Odtwarzacz podcast\u00f3w Elfsight dla witryny Drupal (\u0142atwy i bezp\u0142atny)\" \/>\n<meta property=\"og:description\" content=\"Skorzystaj z naszego przydatnego demo i dodaj responsywny odtwarzacz podcast\u00f3w na swojej stronie Drupal. Skorzystaj z naszego dost\u0119pnego demo i jednym klikni\u0119ciem stw\u00f3rz w\u0142asny widget!\" \/>\n<meta property=\"og:url\" content=\"https:\/\/elfsight.com\/pl\/podcast-player-widget\/drupal\/\" \/>\n<meta property=\"og:site_name\" content=\"Elfsight PL\" \/>\n<meta property=\"article:modified_time\" content=\"2024-11-14T09:21:13+00:00\" \/>\n<meta name=\"twitter:card\" content=\"summary_large_image\" \/>\n<meta name=\"twitter:label1\" content=\"Szacowany czas czytania\" \/>\n\t<meta name=\"twitter:data1\" content=\"2 minuty\" \/>\n<!-- \/ Yoast SEO plugin. -->","yoast_head_json":{"title":"Odtwarzacz podcast\u00f3w Elfsight dla witryny Drupal (\u0142atwy i bezp\u0142atny)","description":"Skorzystaj z naszego przydatnego demo i dodaj responsywny odtwarzacz podcast\u00f3w na swojej stronie Drupal. Skorzystaj z naszego dost\u0119pnego demo i jednym klikni\u0119ciem stw\u00f3rz w\u0142asny widget!","robots":{"index":"index","follow":"follow","max-snippet":"max-snippet:-1","max-image-preview":"max-image-preview:large","max-video-preview":"max-video-preview:-1"},"canonical":"https:\/\/elfsight.com\/pl\/podcast-player-widget\/drupal\/","og_locale":"pl_PL","og_type":"article","og_title":"Odtwarzacz podcast\u00f3w Elfsight dla witryny Drupal (\u0142atwy i bezp\u0142atny)","og_description":"Skorzystaj z naszego przydatnego demo i dodaj responsywny odtwarzacz podcast\u00f3w na swojej stronie Drupal. Skorzystaj z naszego dost\u0119pnego demo i jednym klikni\u0119ciem stw\u00f3rz w\u0142asny widget!","og_url":"https:\/\/elfsight.com\/pl\/podcast-player-widget\/drupal\/","og_site_name":"Elfsight PL","article_modified_time":"2024-11-14T09:21:13+00:00","twitter_card":"summary_large_image","twitter_misc":{"Szacowany czas czytania":"2 minuty"},"schema":{"@context":"https:\/\/schema.org","@graph":[{"@type":"WebPage","@id":"https:\/\/elfsight.com\/pl\/podcast-player-widget\/drupal\/","url":"https:\/\/elfsight.com\/pl\/podcast-player-widget\/drupal\/","name":"Odtwarzacz podcast\u00f3w Elfsight dla witryny Drupal (\u0142atwy i bezp\u0142atny)","isPartOf":{"@id":"https:\/\/elfsight.com\/pl\/#website"},"datePublished":"1970-01-01T00:00:00+00:00","dateModified":"2024-11-14T09:21:13+00:00","description":"Skorzystaj z naszego przydatnego demo i dodaj responsywny odtwarzacz podcast\u00f3w na swojej stronie Drupal. Skorzystaj z naszego dost\u0119pnego demo i jednym klikni\u0119ciem stw\u00f3rz w\u0142asny widget!","breadcrumb":{"@id":"https:\/\/elfsight.com\/pl\/podcast-player-widget\/drupal\/#breadcrumb"},"inLanguage":"pl-PL","potentialAction":[{"@type":"ReadAction","target":["https:\/\/elfsight.com\/pl\/podcast-player-widget\/drupal\/"]}]},{"@type":"BreadcrumbList","@id":"https:\/\/elfsight.com\/pl\/podcast-player-widget\/drupal\/#breadcrumb","itemListElement":[{"@type":"ListItem","position":1,"name":"Home","item":"https:\/\/elfsight.com\/pl\/"},{"@type":"ListItem","position":2,"name":"Podcast Player","item":"https:\/\/elfsight.com\/pl\/podcast-player-widget\/"},{"@type":"ListItem","position":3,"name":"Podcast Player &#8211; Drupal"}]},{"@type":"WebSite","@id":"https:\/\/elfsight.com\/pl\/#website","url":"https:\/\/elfsight.com\/pl\/","name":"Elfsight PL","description":"Just another Elfsight Sites site","potentialAction":[{"@type":"SearchAction","target":{"@type":"EntryPoint","urlTemplate":"https:\/\/elfsight.com\/pl\/?s={search_term_string}"},"query-input":{"@type":"PropertyValueSpecification","valueRequired":true,"valueName":"search_term_string"}}],"inLanguage":"pl-PL"}]}},"meta_box":{"industry":"","seo_heading":"","heading":"","description":"","cta_heading":"","cta_description":"","application":"2864","h1":"Modu\u0142 Drupala Podcast Player","h1_caption":"Umie\u015b\u0107 odtwarzacz podcast\u00f3w bezpo\u015brednio na swojej stronie internetowej, umo\u017cliwiaj\u0105c u\u017cytkownikom s\u0142uchanie Twoich odcink\u00f3w bez konieczno\u015bci opuszczania strony w witrynie Drupal.","application_category":[],"applications_title":"","applications_request_title":"","applications_request_button_text":"","hero_text":"","hero_video":"","hero_video_schema_markup":"","selling_points_title":"","selling_points_caption":"","selling_points":[],"selling_points_cta_text":"","features_title":"","features":"","ed_cta_examples_text":"","ed_cta_examples_hidden":"","ed_cta_demo_text":"","ed_cta_demo_hidden":"","why_caption":"","why_editor_title":"","why_editor_text":"","why_team_title":"","why_team_text":"","why_service_title":"","why_service_text":"","template_catalog_visible":"","template_catalog_title":"","template_catalog_text":"","template_catalog_categories_visible":"","demo_title":"Utw\u00f3rz modu\u0142 odtwarzacza podcast\u00f3w","demo_caption":"Skonfiguruj sw\u00f3j Odtwarzacz Podcast\u00f3w i dodaj go do swojej witryny Drupal za darmo!","default_faq_hidden":"","app_template_category":[],"platform":"47","template_public_id":"","codecanyon_url":"","codecanyon_item_id":"","codecanyon_price":"","pricing_caption":"","pricing_elfsight_apps_hide_column":"","pricing_elfsight_apps_url":"","pricing_codecanyon_price_caption":"","integration_category":[],"integration_request_title":"","integration_request_cta":"","integration_platform":"","integrations":[],"platform_category":[],"video_schema_markup":"","price":"od 0 USD \/ miesi\u0105c","trial":"","benefits":[{"text":"Bezp\u0142atna pomoc w monta\u017cu"},{"text":"Profesjonalna obs\u0142uga klienta"},{"text":"14-dniowa gwarancja zwrotu pieni\u0119dzy"}],"button_url":"#demo","button_target_blank":"","button_nofollow":"","attributes":[{"name":"Instaluje"},{"name":"Czu\u0142y"},{"name":"Kompatybilne przegl\u0105darki"}],"tags":[],"tags_disable_links":"","hide_more_platforms":"","video_object":"","demo_hide_cta":"","demo_hide_cloud_options":"","pricing_title":"","pricing":[{"pricing_icon":"platform","pricing_title":"Elfsight Apps","pricing_title_caption":"Wersja niezale\u017cna od platformy, kt\u00f3ra pasuje do ka\u017cdej witryny internetowej","pricing_price":"od 0 USD \/ miesi\u0105c","pricing_price_caption":"zacznij od bezp\u0142atnego planu","pricing_benefits":[{"text":"Nielimitowane strony internetowe"},{"text":"Dedykowana obs\u0142uga klienta i dobrze udokumentowana"},{"text":"Bezp\u0142atna us\u0142uga monta\u017cu"},{"text":"Cena do z\u0142apania dla wielu aplikacji"}],"pricing_button_text":"Dodaj do witryny","pricing_button_url":"#demo"}],"related_apps_title":"","related_apps_hidden":"","author":"","image":[],"title":"","job":"","social_networks":[]},"_links":{"self":[{"href":"https:\/\/elfsight.com\/pl\/wp-json\/wp\/v2\/pages\/5991","targetHints":{"allow":["GET"]}}],"collection":[{"href":"https:\/\/elfsight.com\/pl\/wp-json\/wp\/v2\/pages"}],"about":[{"href":"https:\/\/elfsight.com\/pl\/wp-json\/wp\/v2\/types\/page"}],"author":[{"embeddable":true,"href":"https:\/\/elfsight.com\/pl\/wp-json\/wp\/v2\/users\/9"}],"replies":[{"embeddable":true,"href":"https:\/\/elfsight.com\/pl\/wp-json\/wp\/v2\/comments?post=5991"}],"version-history":[{"count":2,"href":"https:\/\/elfsight.com\/pl\/wp-json\/wp\/v2\/pages\/5991\/revisions"}],"predecessor-version":[{"id":7935,"href":"https:\/\/elfsight.com\/pl\/wp-json\/wp\/v2\/pages\/5991\/revisions\/7935"}],"up":[{"embeddable":true,"href":"https:\/\/elfsight.com\/pl\/wp-json\/wp\/v2\/pages\/2865"}],"wp:attachment":[{"href":"https:\/\/elfsight.com\/pl\/wp-json\/wp\/v2\/media?parent=5991"}],"curies":[{"name":"wp","href":"https:\/\/api.w.org\/{rel}","templated":true}]}}