{"id":5989,"date":"2024-05-03T06:43:40","date_gmt":"2024-05-03T06:43:40","guid":{"rendered":"https:\/\/elfsight.com\/pl\/?page_id=5989"},"modified":"2024-09-13T13:47:12","modified_gmt":"2024-09-13T13:47:12","slug":"facebook","status":"publish","type":"page","link":"https:\/\/elfsight.com\/pl\/podcast-player-widget\/facebook\/","title":{"rendered":"Podcast Player &#8211; Facebook"},"content":{"rendered":"<div class=\"application-platform-content-item-description application-platform-content-item\" id=\"description\" data-nav-section=\"description\"> <h2>Opis<\/h2> <p>Elfsight Podcast Player to nieskomplikowany widget dla Facebooka umo\u017cliwiaj\u0105cy odtwarzanie podcast\u00f3w bezpo\u015brednio na stronach Twojej witryny . Narz\u0119dzie jest w pe\u0142ni modyfikowalne: mo\u017cesz dowolnie zmienia\u0107 jego po\u0142o\u017cenie, wstawia\u0107 je w dowolnym miejscu strony, zmienia\u0107 jego rozmiar, nak\u0142ada\u0107 t\u0142o i wszystkie inne cz\u0119\u015bci, aby po\u0142\u0105czy\u0107 je ze stylem swojej witryny, u\u017cywa\u0107 ciemnego motywu, wy\u015bwietla\u0107 ok\u0142adki i zademonstrowa\u0107 lub ukry\u0107 trzy inne cz\u0119\u015bci gracza, na przyk\u0142ad pasek post\u0119pu i inne. Zabawiaj swoich odbiorc\u00f3w, w\u0142\u0105cz autoodtwarzanie i nie miej w\u0105tpliwo\u015bci \u2013 odwiedzaj\u0105cy nie opuszcz\u0105 Twojej witryny natychmiast!. <\/p> <p><b>Zafascynuj swoich odbiorc\u00f3w, wyposa\u017caj\u0105c ich w praktyczne i rozrywkowe materia\u0142y, korzystaj\u0105c z odtwarzacza podcast\u00f3w Elfsight<\/b><\/p> <\/div> <div class=\"application-platform-content-item-features application-platform-content-item\" id=\"features\" data-nav-section=\"features\"> <h2>Oferujemy cenne i nieskomplikowane funkcje, zobacz niekt\u00f3re z nich: <\/h2> <ul><li>Nieograniczona r\u00f3\u017cnorodno\u015b\u0107 kolor\u00f3w. <\/li><li>Dwa uk\u0142ady gotowe do u\u017cycia. <\/li><li>Opcja do\u0142\u0105czenia obrazu t\u0142a. <\/li><li>Nieograniczona liczba utwor\u00f3w. <\/li><li>Opcja utworzenia niestandardowego motywu kolorystycznego. <\/li><\/ul><p><a href=\"#demo\">Mo\u017cesz zobaczy\u0107, kt\u00f3ry widget warto wypr\u00f3bowa\u0107 w wersji demonstracyjnej<\/a><\/p> <\/div> <div class=\"application-platform-content-item-installation  application-platform-content-item\" id=\"installation \" data-nav-section=\"installation \"> <h2>Jak doda\u0107 Odtwarzacz Podcast\u00f3w do mojej witryny na Facebooku? <\/h2> <p>Wystarczy spe\u0142ni\u0107 poni\u017csze wytyczne, aby zintegrowa\u0107 widget. <\/p> <ol><li><b>Uruchom nasze bezp\u0142atne demo i zacznij tworzy\u0107 spersonalizowany widget. <\/b><br> Okre\u015bl niestandardowy interfejs i parametry narz\u0119dzia i zastosuj poprawki. <\/li> <li><b>Odbierz sw\u00f3j unikalny kod wy\u015bwietlony w oknie aplikacji Elfsight. <\/b><br> Po zako\u0144czeniu konfiguracji Twojego osobistego narz\u0119dzia skopiuj ekskluzywny kod z wy\u015bwietlonego pola i zachowaj go do dalszego wykorzystania. <\/li> <li><b>Rozpocznij korzystanie z wid\u017cetu na stronie g\u0142\u00f3wnej Facebooka. <\/b><br> Umie\u015b\u0107 ostatnio zapisany kod na swojej stronie i zastosuj modyfikacje. <\/li> <li><b>Gotowe! Konfiguracja zosta\u0142a pomy\u015blnie zako\u0144czona. <\/b><br> Odwied\u017a swoj\u0105 witryn\u0119, aby sprawdzi\u0107 dzia\u0142anie wid\u017cetu. <\/li><\/ol> <p>Je\u015bli napotkasz jakiekolwiek przeszkody, napisz do naszego zespo\u0142u wsparcia. Nasi ludzie z przyjemno\u015bci\u0105 rozwi\u0105\u017c\u0105 wszystkie problemy, jakie mo\u017cesz mie\u0107 z wtyczk\u0105. <\/p> <\/div>","protected":false},"excerpt":{"rendered":"","protected":false},"author":9,"featured_media":0,"parent":2865,"menu_order":0,"comment_status":"closed","ping_status":"closed","template":"templates\/template-application-platform.php","meta":{"publish_to_discourse":"","publish_post_category":"","wpdc_auto_publish_overridden":"","wpdc_topic_tags":"","wpdc_pin_topic":"","wpdc_pin_until":"","discourse_post_id":"","discourse_permalink":"","wpdc_publishing_response":"","wpdc_publishing_error":"","footnotes":""},"class_list":["post-5989","page","type-page","status-publish","hentry"],"yoast_head":"<!-- This site is optimized with the Yoast SEO plugin v25.3.1 - https:\/\/yoast.com\/wordpress\/plugins\/seo\/ -->\n<title>Odtwarzacz podcast\u00f3w Elfsight dla strony na Facebooku (bezp\u0142atny i \u0142atwy)<\/title>\n<meta name=\"description\" content=\"Zastosuj nasz\u0105 dost\u0119pn\u0105 wersj\u0119 demonstracyjn\u0105 i wprowad\u017a responsywny odtwarzacz podcast\u00f3w na swojej stronie g\u0142\u00f3wnej na Facebooku. Skorzystaj z naszego przydatnego demo i bez wysi\u0142ku stw\u00f3rz sw\u00f3j w\u0142asny widget!\" \/>\n<meta name=\"robots\" content=\"index, follow, max-snippet:-1, max-image-preview:large, max-video-preview:-1\" \/>\n<link rel=\"canonical\" href=\"https:\/\/elfsight.com\/pl\/podcast-player-widget\/facebook\/\" \/>\n<meta property=\"og:locale\" content=\"pl_PL\" \/>\n<meta property=\"og:type\" content=\"article\" \/>\n<meta property=\"og:title\" content=\"Odtwarzacz podcast\u00f3w Elfsight dla strony na Facebooku (bezp\u0142atny i \u0142atwy)\" \/>\n<meta property=\"og:description\" content=\"Zastosuj nasz\u0105 dost\u0119pn\u0105 wersj\u0119 demonstracyjn\u0105 i wprowad\u017a responsywny odtwarzacz podcast\u00f3w na swojej stronie g\u0142\u00f3wnej na Facebooku. Skorzystaj z naszego przydatnego demo i bez wysi\u0142ku stw\u00f3rz sw\u00f3j w\u0142asny widget!\" \/>\n<meta property=\"og:url\" content=\"https:\/\/elfsight.com\/pl\/podcast-player-widget\/facebook\/\" \/>\n<meta property=\"og:site_name\" content=\"Elfsight PL\" \/>\n<meta property=\"article:modified_time\" content=\"2024-09-13T13:47:12+00:00\" \/>\n<meta name=\"twitter:card\" content=\"summary_large_image\" \/>\n<meta name=\"twitter:label1\" content=\"Szacowany czas czytania\" \/>\n\t<meta name=\"twitter:data1\" content=\"2 minuty\" \/>\n<!-- \/ Yoast SEO plugin. -->","yoast_head_json":{"title":"Odtwarzacz podcast\u00f3w Elfsight dla strony na Facebooku (bezp\u0142atny i \u0142atwy)","description":"Zastosuj nasz\u0105 dost\u0119pn\u0105 wersj\u0119 demonstracyjn\u0105 i wprowad\u017a responsywny odtwarzacz podcast\u00f3w na swojej stronie g\u0142\u00f3wnej na Facebooku. Skorzystaj z naszego przydatnego demo i bez wysi\u0142ku stw\u00f3rz sw\u00f3j w\u0142asny widget!","robots":{"index":"index","follow":"follow","max-snippet":"max-snippet:-1","max-image-preview":"max-image-preview:large","max-video-preview":"max-video-preview:-1"},"canonical":"https:\/\/elfsight.com\/pl\/podcast-player-widget\/facebook\/","og_locale":"pl_PL","og_type":"article","og_title":"Odtwarzacz podcast\u00f3w Elfsight dla strony na Facebooku (bezp\u0142atny i \u0142atwy)","og_description":"Zastosuj nasz\u0105 dost\u0119pn\u0105 wersj\u0119 demonstracyjn\u0105 i wprowad\u017a responsywny odtwarzacz podcast\u00f3w na swojej stronie g\u0142\u00f3wnej na Facebooku. Skorzystaj z naszego przydatnego demo i bez wysi\u0142ku stw\u00f3rz sw\u00f3j w\u0142asny widget!","og_url":"https:\/\/elfsight.com\/pl\/podcast-player-widget\/facebook\/","og_site_name":"Elfsight PL","article_modified_time":"2024-09-13T13:47:12+00:00","twitter_card":"summary_large_image","twitter_misc":{"Szacowany czas czytania":"2 minuty"},"schema":{"@context":"https:\/\/schema.org","@graph":[{"@type":"WebPage","@id":"https:\/\/elfsight.com\/pl\/podcast-player-widget\/facebook\/","url":"https:\/\/elfsight.com\/pl\/podcast-player-widget\/facebook\/","name":"Odtwarzacz podcast\u00f3w Elfsight dla strony na Facebooku (bezp\u0142atny i \u0142atwy)","isPartOf":{"@id":"https:\/\/elfsight.com\/pl\/#website"},"datePublished":"2024-05-03T06:43:40+00:00","dateModified":"2024-09-13T13:47:12+00:00","description":"Zastosuj nasz\u0105 dost\u0119pn\u0105 wersj\u0119 demonstracyjn\u0105 i wprowad\u017a responsywny odtwarzacz podcast\u00f3w na swojej stronie g\u0142\u00f3wnej na Facebooku. Skorzystaj z naszego przydatnego demo i bez wysi\u0142ku stw\u00f3rz sw\u00f3j w\u0142asny widget!","breadcrumb":{"@id":"https:\/\/elfsight.com\/pl\/podcast-player-widget\/facebook\/#breadcrumb"},"inLanguage":"pl-PL","potentialAction":[{"@type":"ReadAction","target":["https:\/\/elfsight.com\/pl\/podcast-player-widget\/facebook\/"]}]},{"@type":"BreadcrumbList","@id":"https:\/\/elfsight.com\/pl\/podcast-player-widget\/facebook\/#breadcrumb","itemListElement":[{"@type":"ListItem","position":1,"name":"Home","item":"https:\/\/elfsight.com\/pl\/"},{"@type":"ListItem","position":2,"name":"Podcast Player","item":"https:\/\/elfsight.com\/pl\/podcast-player-widget\/"},{"@type":"ListItem","position":3,"name":"Podcast Player &#8211; Facebook"}]},{"@type":"WebSite","@id":"https:\/\/elfsight.com\/pl\/#website","url":"https:\/\/elfsight.com\/pl\/","name":"Elfsight PL","description":"Just another Elfsight Sites site","potentialAction":[{"@type":"SearchAction","target":{"@type":"EntryPoint","urlTemplate":"https:\/\/elfsight.com\/pl\/?s={search_term_string}"},"query-input":{"@type":"PropertyValueSpecification","valueRequired":true,"valueName":"search_term_string"}}],"inLanguage":"pl-PL"}]}},"meta_box":{"industry":"","seo_heading":"","heading":"","description":"","cta_heading":"","cta_description":"","application":"2864","h1":"Wid\u017cet odtwarzacza podcast\u00f3w na Facebooku","h1_caption":"Zapewnij odwiedzaj\u0105cym nowe do\u015bwiadczenia i bez wysi\u0142ku zdob\u0105d\u017a lojalnych klient\u00f3w","application_category":[],"applications_title":"","applications_request_title":"","applications_request_button_text":"","hero_text":"","hero_video":"","hero_video_schema_markup":"","selling_points_title":"","selling_points_caption":"","selling_points":[],"selling_points_cta_text":"","features_title":"","features":"","ed_cta_examples_text":"","ed_cta_examples_hidden":"","ed_cta_demo_text":"","ed_cta_demo_hidden":"","why_caption":"","why_editor_title":"","why_editor_text":"","why_team_title":"","why_team_text":"","why_service_title":"","why_service_text":"","template_catalog_visible":"","template_catalog_title":"","template_catalog_text":"","template_catalog_categories_visible":"","demo_title":"Dostosuj instrument i dodaj go na swojej stronie internetowej poprzez aktywne demo.","demo_caption":"Pospiesz si\u0119, aby zaprojektowa\u0107 w\u0142asny odtwarzacz podcast\u00f3w, kt\u00f3ry b\u0119dzie pasowa\u0142 do Twojej witryny!","default_faq_hidden":"","app_template_category":[],"platform":"319","template_public_id":"","codecanyon_url":"","codecanyon_item_id":"","codecanyon_price":"","pricing_caption":"","pricing_elfsight_apps_hide_column":"","pricing_elfsight_apps_url":"","pricing_codecanyon_price_caption":"","integration_category":[],"integration_request_title":"","integration_request_cta":"","integration_platform":"","integrations":[],"platform_category":[],"video_schema_markup":"","price":"od 0 USD \/ miesi\u0105c","trial":"","benefits":[{"text":"Bezp\u0142atna pomoc w instalacji"},{"text":"Do\u015bwiadczona obs\u0142uga klienta"},{"text":"14-dniowa gwarancja zwrotu pieni\u0119dzy"}],"button_url":"#demo","button_target_blank":"","button_nofollow":"","attributes":[{"name":"Instaluje"},{"name":"Reakcja na co\u015b"},{"name":"Kompatybilne przegl\u0105darki"}],"tags":[],"tags_disable_links":"","hide_more_platforms":"","video_object":"","demo_hide_cta":"","demo_hide_cloud_options":"","pricing_title":"","pricing":[{"pricing_icon":"platform","pricing_title":"Elfsight Apps","pricing_title_caption":"Wersja wieloplatformowa","pricing_price":"od 0 USD \/ miesi\u0105c","pricing_price_caption":"zacznij od bezp\u0142atnego planu","pricing_benefits":[{"text":"Nielimitowane domeny"},{"text":"Szybkie wsparcie firmy"},{"text":"Bezp\u0142atna us\u0142uga monta\u017cu"},{"text":"Specjalna oferta na wiele aplikacji"}],"pricing_button_text":"Dodaj do witryny","pricing_button_url":"#demo"}],"related_apps_title":"","related_apps_hidden":"","author":"","image":[],"title":"","job":"","social_networks":[]},"_links":{"self":[{"href":"https:\/\/elfsight.com\/pl\/wp-json\/wp\/v2\/pages\/5989","targetHints":{"allow":["GET"]}}],"collection":[{"href":"https:\/\/elfsight.com\/pl\/wp-json\/wp\/v2\/pages"}],"about":[{"href":"https:\/\/elfsight.com\/pl\/wp-json\/wp\/v2\/types\/page"}],"author":[{"embeddable":true,"href":"https:\/\/elfsight.com\/pl\/wp-json\/wp\/v2\/users\/9"}],"replies":[{"embeddable":true,"href":"https:\/\/elfsight.com\/pl\/wp-json\/wp\/v2\/comments?post=5989"}],"version-history":[{"count":1,"href":"https:\/\/elfsight.com\/pl\/wp-json\/wp\/v2\/pages\/5989\/revisions"}],"predecessor-version":[{"id":5993,"href":"https:\/\/elfsight.com\/pl\/wp-json\/wp\/v2\/pages\/5989\/revisions\/5993"}],"up":[{"embeddable":true,"href":"https:\/\/elfsight.com\/pl\/wp-json\/wp\/v2\/pages\/2865"}],"wp:attachment":[{"href":"https:\/\/elfsight.com\/pl\/wp-json\/wp\/v2\/media?parent=5989"}],"curies":[{"name":"wp","href":"https:\/\/api.w.org\/{rel}","templated":true}]}}