{"id":5984,"date":"1970-01-01T00:00:00","date_gmt":"1970-01-01T00:00:00","guid":{"rendered":"https:\/\/elfsight.com\/pl\/?page_id=5984"},"modified":"2024-11-14T09:21:04","modified_gmt":"2024-11-14T09:21:04","slug":"elementor","status":"publish","type":"page","link":"https:\/\/elfsight.com\/pl\/podcast-player-widget\/elementor\/","title":{"rendered":"Podcast Player &#8211; Elementor"},"content":{"rendered":"<div class=\"application-platform-content-item-description application-platform-content-item\" id=\"description\" data-nav-section=\"description\"> <h2>Osad\u017a Odtwarzacz podcast\u00f3w w Elementorze za pomoc\u0105 wid\u017cetu Elfsight<\/h2> <p>Odtwarzacz podcast\u00f3w Elfsight to prosta wtyczka do witryn Elementor, kt\u00f3ra umo\u017cliwia do odtwarzania podcast\u00f3w bezpo\u015brednio na stronie g\u0142\u00f3wnej. Wtyczka jest niezwykle konfigurowalna: mo\u017cesz zmienia\u0107 jej po\u0142o\u017cenie, ustawia\u0107 j\u0105 w dowolnym miejscu na stronie, skalowa\u0107 jej rozmiar, nak\u0142ada\u0107 na t\u0142o i wszystkie inne cz\u0119\u015bci, aby zmiesza\u0107 je z uk\u0142adem witryny, u\u017cywa\u0107 ciemnego motywu, pokazywa\u0107 ok\u0142adki i pokazywa\u0107 lub ukrywa\u0107 3 inne szczeg\u00f3\u0142y gracza, takie jak pasek post\u0119pu i inne. Zaanga\u017cuj odbiorc\u00f3w, w\u0142\u0105cz autoodtwarzanie i miej pewno\u015b\u0107, \u017ce Twoi odbiorcy nie opuszcz\u0105 Twojej witryny od razu!. <\/p> <p><b>Zachwy\u0107 swoich odbiorc\u00f3w cennymi i wci\u0105gaj\u0105cymi materia\u0142ami za pomoc\u0105 odtwarzacza podcast\u00f3w Elfsight<\/b><\/p> <\/div> <div class=\"application-platform-content-item-features application-platform-content-item\" id=\"features\" data-nav-section=\"features\"> <h2> Oferta kluczowych funkcji widgetu<\/h2> <ul><li>R\u00f3\u017cne warianty kolorystyczne. <\/li><li>Dost\u0119pne 2 uk\u0142ady. <\/li><li>Opcja u\u017cycia obrazu t\u0142a. <\/li><li>Dodawaj niesko\u0144czon\u0105 liczb\u0119 utwor\u00f3w. <\/li><li>Mo\u017cliwo\u015b\u0107 kszta\u0142towania niestandardowego motywu kolorystycznego. <\/li><\/ul><p><a href=\"#demo\">Pe\u0142ne mo\u017cliwo\u015bci wid\u017cetu mo\u017cesz sprawdzi\u0107 w wersji demonstracyjnej na tej stronie<\/a><\/p> <\/div> <div class=\"application-platform-content-item-installation application-platform-content-item\" id=\"installation\" data-nav-section=\"installation\"> <h2>Jak osadzi\u0107 Odtwarzacz Podcast\u00f3w w mojej witrynie Elementor? <\/h2><div class=\"video-container\"><iframe width=\"720\" height=\"405\" src=\"https:\/\/www.youtube.com\/embed\/PAInxny7X5o\" frameborder=\"0\" allowfullscreen=\"\"><\/iframe><\/div><p>Wystarczy spe\u0142ni\u0107 poni\u017csze wskaz\u00f3wki, aby doda\u0107 narz\u0119dzie. <\/p> <ol><li><b>Skorzystaj z naszego bezp\u0142atnego konfiguratora i zacznij tworzy\u0107 sw\u00f3j w\u0142asny instrument. <\/b><br> Okre\u015bl odpowiedni uk\u0142ad i cechy funkcjonalne wtyczki i zapisz poprawki. <\/li> <li><b>Odbierz unikalny kod widoczny w oknie aplikacji Elfsight. <\/b><br> Gdy tylko wygenerowana zostanie Twoja osobista wtyczka, skopiuj ekskluzywny kod z wyskakuj\u0105cego okienka i zachowaj go na p\u00f3\u017aniej. <\/li> <li><b>Zacznij korzysta\u0107 z wid\u017cetu na swojej stronie internetowej Elementor. <\/b><br> Wstaw ostatnio zapisany kod na swoj\u0105 stron\u0119 i zapisz ulepszenia. <\/li> <li><b>Gotowe! Osadzanie zosta\u0142o pomy\u015blnie zako\u0144czone. <\/b><br> Odwied\u017a swoj\u0105 stron\u0119 internetow\u0105, aby zobaczy\u0107 w akcji dzia\u0142anie widgetu. <\/li><\/ol> <p>Je\u015bli masz do czynienia z zapytaniami lub napotykasz przeszkody, nie wahaj si\u0119 skontaktowa\u0107 z naszym zespo\u0142em obs\u0142ugi klienta. Nasi specjali\u015bci z przyjemno\u015bci\u0105 odpowiedz\u0105 na wszystkie pytania, jakie mo\u017cesz mie\u0107 w zwi\u0105zku z tym narz\u0119dziem. <\/p> <div class=\"faq\" data-component=\"FAQ\"><div class=\"faq-item\">\r\n\t\t\t\t\t<div class=\"faq-item-question\">\r\n\t\t\t\t\t\t<h3 class=\"faq-item-question-text\">Jak mog\u0119 osadzi\u0107 galeri\u0119 wideo YouTube w mojej witrynie Squarespace bez umiej\u0119tno\u015bci kodowania?<\/h3>\r\n\r\n\t\t\t\t\t\t<div class=\"faq-item-question-icon\"><\/div>\r\n\t\t\t\t\t<\/div>\r\n\r\n\t\t\t\t\t<div class=\"faq-item-answer\">\r\n\t\t\t\t\t\t<div class=\"faq-item-answer-text\"><p>Elfsight zapewnia rozwi\u0105zanie oparte na chmurze, kt\u00f3re umo\u017cliwia u\u017cytkownikom samodzielne tworzenie galerii wideo YouTube , zobacz, jak \u0142atwy jest ten proces:<\/p><ul><li>Wejd\u017a do edytora online, aby utworzy\u0107 sekcj\u0119 Galerii wideo YouTube, kt\u00f3r\u0105 chcesz umie\u015bci\u0107 w swojej witrynie Squarespace.<\/li><li>Wybierz jedn\u0105 z naszych gotowych szablon\u00f3w i dostosuj ustawienia Galerii wideo YouTube, zmie\u0144 wygl\u0105d i schemat kolor\u00f3w, do\u0142\u0105cz swoje tre\u015bci bez \u017cadnych wymaga\u0144 wst\u0119pnych dotycz\u0105cych kodowania.<\/li><li>Zachowaj preferencje ustawione dla Galerii wideo YouTube i zabezpiecz kod wid\u017cetu do wstawienia, kt\u00f3ry mo\u017cna \u0142atwo wstawi\u0107 do witryny Squarespace bez op\u0142at.<\/li><\/ul><p>Dzi\u0119ki obs\u0142udze przyjaznego dla u\u017cytkownika edytora ka\u017cdy u\u017cytkownik online mo\u017ce utworzy\u0107 sekcj\u0119 Galerii wideo YouTube i doda\u0107 go na swojej stronie internetowej Squarespace. Aby uzyska\u0107 dost\u0119p do Edytora Elfsight, nie ma konieczno\u015bci dokonywania p\u0142atno\u015bci ani udost\u0119pniania danych karty. Je\u015bli na kt\u00f3rymkolwiek etapie napotkasz jakiekolwiek komplikacje, nie wahaj si\u0119 skontaktowa\u0107 z naszym dzia\u0142em obs\u0142ugi klienta.<\/p><\/div>\r\n\t\t\t\t\t<\/div>\r\n\t\t\t\t<\/div><\/div><\/div>","protected":false},"excerpt":{"rendered":"","protected":false},"author":9,"featured_media":0,"parent":2865,"menu_order":0,"comment_status":"closed","ping_status":"closed","template":"templates\/template-application-platform.php","meta":{"publish_to_discourse":"","publish_post_category":"","wpdc_auto_publish_overridden":"","wpdc_topic_tags":"","wpdc_pin_topic":"","wpdc_pin_until":"","discourse_post_id":"","discourse_permalink":"","wpdc_publishing_response":"","wpdc_publishing_error":"","footnotes":""},"class_list":["post-5984","page","type-page","status-publish","hentry"],"yoast_head":"<!-- This site is optimized with the Yoast SEO plugin v25.3.1 - https:\/\/yoast.com\/wordpress\/plugins\/seo\/ -->\n<title>Odtwarzacz podcast\u00f3w Elfsight dla strony internetowej Elementor (bezp\u0142atny i szybki)<\/title>\n<meta name=\"description\" content=\"Zastosuj nasz\u0105 dost\u0119pn\u0105 wersj\u0119 demonstracyjn\u0105 i osad\u017a responsywny odtwarzacz podcast\u00f3w na swojej stronie internetowej Elementor. Skorzystaj z naszego wygodnego demo i bez wysi\u0142ku stw\u00f3rz w\u0142asny widget!\" \/>\n<meta name=\"robots\" content=\"index, follow, max-snippet:-1, max-image-preview:large, max-video-preview:-1\" \/>\n<link rel=\"canonical\" href=\"https:\/\/elfsight.com\/pl\/podcast-player-widget\/elementor\/\" \/>\n<meta property=\"og:locale\" content=\"pl_PL\" \/>\n<meta property=\"og:type\" content=\"article\" \/>\n<meta property=\"og:title\" content=\"Odtwarzacz podcast\u00f3w Elfsight dla strony internetowej Elementor (bezp\u0142atny i szybki)\" \/>\n<meta property=\"og:description\" content=\"Zastosuj nasz\u0105 dost\u0119pn\u0105 wersj\u0119 demonstracyjn\u0105 i osad\u017a responsywny odtwarzacz podcast\u00f3w na swojej stronie internetowej Elementor. Skorzystaj z naszego wygodnego demo i bez wysi\u0142ku stw\u00f3rz w\u0142asny widget!\" \/>\n<meta property=\"og:url\" content=\"https:\/\/elfsight.com\/pl\/podcast-player-widget\/elementor\/\" \/>\n<meta property=\"og:site_name\" content=\"Elfsight PL\" \/>\n<meta property=\"article:modified_time\" content=\"2024-11-14T09:21:04+00:00\" \/>\n<meta name=\"twitter:card\" content=\"summary_large_image\" \/>\n<meta name=\"twitter:label1\" content=\"Szacowany czas czytania\" \/>\n\t<meta name=\"twitter:data1\" content=\"3 minuty\" \/>\n<!-- \/ Yoast SEO plugin. -->","yoast_head_json":{"title":"Odtwarzacz podcast\u00f3w Elfsight dla strony internetowej Elementor (bezp\u0142atny i szybki)","description":"Zastosuj nasz\u0105 dost\u0119pn\u0105 wersj\u0119 demonstracyjn\u0105 i osad\u017a responsywny odtwarzacz podcast\u00f3w na swojej stronie internetowej Elementor. Skorzystaj z naszego wygodnego demo i bez wysi\u0142ku stw\u00f3rz w\u0142asny widget!","robots":{"index":"index","follow":"follow","max-snippet":"max-snippet:-1","max-image-preview":"max-image-preview:large","max-video-preview":"max-video-preview:-1"},"canonical":"https:\/\/elfsight.com\/pl\/podcast-player-widget\/elementor\/","og_locale":"pl_PL","og_type":"article","og_title":"Odtwarzacz podcast\u00f3w Elfsight dla strony internetowej Elementor (bezp\u0142atny i szybki)","og_description":"Zastosuj nasz\u0105 dost\u0119pn\u0105 wersj\u0119 demonstracyjn\u0105 i osad\u017a responsywny odtwarzacz podcast\u00f3w na swojej stronie internetowej Elementor. Skorzystaj z naszego wygodnego demo i bez wysi\u0142ku stw\u00f3rz w\u0142asny widget!","og_url":"https:\/\/elfsight.com\/pl\/podcast-player-widget\/elementor\/","og_site_name":"Elfsight PL","article_modified_time":"2024-11-14T09:21:04+00:00","twitter_card":"summary_large_image","twitter_misc":{"Szacowany czas czytania":"3 minuty"},"schema":{"@context":"https:\/\/schema.org","@graph":[{"@type":"WebPage","@id":"https:\/\/elfsight.com\/pl\/podcast-player-widget\/elementor\/","url":"https:\/\/elfsight.com\/pl\/podcast-player-widget\/elementor\/","name":"Odtwarzacz podcast\u00f3w Elfsight dla strony internetowej Elementor (bezp\u0142atny i szybki)","isPartOf":{"@id":"https:\/\/elfsight.com\/pl\/#website"},"datePublished":"1970-01-01T00:00:00+00:00","dateModified":"2024-11-14T09:21:04+00:00","description":"Zastosuj nasz\u0105 dost\u0119pn\u0105 wersj\u0119 demonstracyjn\u0105 i osad\u017a responsywny odtwarzacz podcast\u00f3w na swojej stronie internetowej Elementor. Skorzystaj z naszego wygodnego demo i bez wysi\u0142ku stw\u00f3rz w\u0142asny widget!","breadcrumb":{"@id":"https:\/\/elfsight.com\/pl\/podcast-player-widget\/elementor\/#breadcrumb"},"inLanguage":"pl-PL","potentialAction":[{"@type":"ReadAction","target":["https:\/\/elfsight.com\/pl\/podcast-player-widget\/elementor\/"]}]},{"@type":"BreadcrumbList","@id":"https:\/\/elfsight.com\/pl\/podcast-player-widget\/elementor\/#breadcrumb","itemListElement":[{"@type":"ListItem","position":1,"name":"Home","item":"https:\/\/elfsight.com\/pl\/"},{"@type":"ListItem","position":2,"name":"Podcast Player","item":"https:\/\/elfsight.com\/pl\/podcast-player-widget\/"},{"@type":"ListItem","position":3,"name":"Podcast Player &#8211; Elementor"}]},{"@type":"WebSite","@id":"https:\/\/elfsight.com\/pl\/#website","url":"https:\/\/elfsight.com\/pl\/","name":"Elfsight PL","description":"Just another Elfsight Sites site","potentialAction":[{"@type":"SearchAction","target":{"@type":"EntryPoint","urlTemplate":"https:\/\/elfsight.com\/pl\/?s={search_term_string}"},"query-input":{"@type":"PropertyValueSpecification","valueRequired":true,"valueName":"search_term_string"}}],"inLanguage":"pl-PL"}]}},"meta_box":{"industry":"","seo_heading":"","heading":"","description":"","cta_heading":"","cta_description":"","application":"2864","h1":"Wtyczka Elementor Podcast Player","h1_caption":"Umie\u015b\u0107 odtwarzacz podcast\u00f3w bezpo\u015brednio w swojej witrynie, umo\u017cliwiaj\u0105c u\u017cytkownikom s\u0142uchanie Twoich odcink\u00f3w bez konieczno\u015bci opuszczania strony w witrynie Elementor.","application_category":[],"applications_title":"","applications_request_title":"","applications_request_button_text":"","hero_text":"","hero_video":"","hero_video_schema_markup":"","selling_points_title":"","selling_points_caption":"","selling_points":[],"selling_points_cta_text":"","features_title":"","features":"","ed_cta_examples_text":"","ed_cta_examples_hidden":"","ed_cta_demo_text":"","ed_cta_demo_hidden":"","why_caption":"","why_editor_title":"","why_editor_text":"","why_team_title":"","why_team_text":"","why_service_title":"","why_service_text":"","template_catalog_visible":"","template_catalog_title":"","template_catalog_text":"","template_catalog_categories_visible":"","demo_title":"Utw\u00f3rz wid\u017cet odtwarzacza podcast\u00f3w","demo_caption":"Skonfiguruj sw\u00f3j Odtwarzacz Podcast\u00f3w i dodaj go do swojej witryny Elementor za darmo!","default_faq_hidden":"","app_template_category":[],"platform":"268","template_public_id":"","codecanyon_url":"","codecanyon_item_id":"","codecanyon_price":"","pricing_caption":"","pricing_elfsight_apps_hide_column":"","pricing_elfsight_apps_url":"","pricing_codecanyon_price_caption":"","integration_category":[],"integration_request_title":"","integration_request_cta":"","integration_platform":"","integrations":[],"platform_category":[],"video_schema_markup":"","price":"od 0 USD \/ miesi\u0105c","trial":"","benefits":[{"text":"Bezp\u0142atna pomoc w monta\u017cu"},{"text":"Wyj\u0105tkowe wsparcie"},{"text":"14-dniowa gwarancja zwrotu pieni\u0119dzy"}],"button_url":"#demo","button_target_blank":"","button_nofollow":"","attributes":[{"name":"Instaluje"},{"name":"Czu\u0142y"},{"name":"Kompatybilne przegl\u0105darki"}],"tags":[],"tags_disable_links":"","hide_more_platforms":"","video_object":"","demo_hide_cta":"","demo_hide_cloud_options":"","pricing_title":"","pricing":[{"pricing_icon":"platform","pricing_title":"Elfsight Apps","pricing_title_caption":"Wersja wieloplatformowa, kt\u00f3ra dzia\u0142a na ka\u017cdej stronie internetowej","pricing_price":"od 0 USD \/ miesi\u0105c","pricing_price_caption":"zacznij od bezp\u0142atnego planu","pricing_benefits":[{"text":"Nielimitowane domeny"},{"text":"Wsparcie premium"},{"text":"Bezp\u0142atna pomoc w monta\u017cu"},{"text":"Oferta specjalna na wiele aplikacji"}],"pricing_button_text":"Dodaj do witryny","pricing_button_url":"#demo"}],"related_apps_title":"","related_apps_hidden":"","author":"","image":[],"title":"","job":"","social_networks":[]},"_links":{"self":[{"href":"https:\/\/elfsight.com\/pl\/wp-json\/wp\/v2\/pages\/5984","targetHints":{"allow":["GET"]}}],"collection":[{"href":"https:\/\/elfsight.com\/pl\/wp-json\/wp\/v2\/pages"}],"about":[{"href":"https:\/\/elfsight.com\/pl\/wp-json\/wp\/v2\/types\/page"}],"author":[{"embeddable":true,"href":"https:\/\/elfsight.com\/pl\/wp-json\/wp\/v2\/users\/9"}],"replies":[{"embeddable":true,"href":"https:\/\/elfsight.com\/pl\/wp-json\/wp\/v2\/comments?post=5984"}],"version-history":[{"count":2,"href":"https:\/\/elfsight.com\/pl\/wp-json\/wp\/v2\/pages\/5984\/revisions"}],"predecessor-version":[{"id":7933,"href":"https:\/\/elfsight.com\/pl\/wp-json\/wp\/v2\/pages\/5984\/revisions\/7933"}],"up":[{"embeddable":true,"href":"https:\/\/elfsight.com\/pl\/wp-json\/wp\/v2\/pages\/2865"}],"wp:attachment":[{"href":"https:\/\/elfsight.com\/pl\/wp-json\/wp\/v2\/media?parent=5984"}],"curies":[{"name":"wp","href":"https:\/\/api.w.org\/{rel}","templated":true}]}}