{"id":5983,"date":"1970-01-01T00:00:00","date_gmt":"1970-01-01T00:00:00","guid":{"rendered":"https:\/\/elfsight.com\/pl\/?page_id=5983"},"modified":"2024-11-14T09:21:04","modified_gmt":"2024-11-14T09:21:04","slug":"joomla","status":"publish","type":"page","link":"https:\/\/elfsight.com\/pl\/podcast-player-widget\/joomla\/","title":{"rendered":"Podcast Player &#8211; Joomla"},"content":{"rendered":"<div class=\"application-platform-content-item-description application-platform-content-item\" id=\"description\" data-nav-section=\"description\"> <h2>Opis<\/h2> <p>Elfsight Podcast Player to nieskomplikowane rozszerzenie dla witryn Joomla, kt\u00f3re umo\u017cliwia strumieniowe przesy\u0142anie podcast\u00f3w bezpo\u015brednio na Twoj\u0105 witryn\u0119. Narz\u0119dzie jest niezwykle modyfikowalne: mo\u017cesz zmienia\u0107 jego po\u0142o\u017cenie, osadza\u0107 w dowolnym miejscu strony, skalowa\u0107 jego rozmiar, zmienia\u0107 kolor t\u0142a i innych element\u00f3w, aby dopasowa\u0107 je do projektu witryny, zastosowa\u0107 ciemn\u0105 kolorystyk\u0119, zademonstrowa\u0107 obrazy i wy\u015bwietli\u0107 lub ukry\u0107 3 dodatkowe elementy gracza, np. pasek post\u0119pu i inne. Zachwy\u0107 swoich odbiorc\u00f3w, w\u0142\u0105cz opcj\u0119 autoodtwarzania i nie miej w\u0105tpliwo\u015bci \u2013 Twoi odbiorcy nie opuszcz\u0105 od razu Twojej strony g\u0142\u00f3wnej!. <\/p> <p><b>Zachwy\u0107 swoich odbiorc\u00f3w, wyposa\u017caj\u0105c ich w pomocne i wci\u0105gaj\u0105ce informacje za pomoc\u0105 odtwarzacza podcast\u00f3w Elfsight<\/b><\/p> <\/div> <div class=\"application-platform-content-item-features application-platform-content-item\" id=\"features\" data-nav-section=\"features\"> <h2>Znajd\u017a poni\u017cej najwa\u017cniejsze cechy rozszerzenia: <\/h2> <ul><li>Liczne warianty kolorystyczne. <\/li><li>Dost\u0119pne dwa uk\u0142ady. <\/li><li>Opcja u\u017cycia obrazu t\u0142a. <\/li><li>Niesko\u0144czona ilo\u015b\u0107 utwor\u00f3w. <\/li><li>Mo\u017cliwo\u015b\u0107 zaprojektowania w\u0142asnego motywu kolorystycznego. <\/li><\/ul><p><a href=\"#demo\">Wypr\u00f3buj t\u0119 wersj\u0119 demonstracyjn\u0105, aby zobaczy\u0107, jak dzia\u0142a<\/a><\/p> <\/div> <div class=\"application-platform-content-item-installation application-platform-content-item\" id=\"installation\" data-nav-section=\"installation\"> <h2>Jak mog\u0119 doda\u0107 Odtwarzacz podcast\u00f3w do mojej witryny Joomla? <\/h2> <div class=\"video-container\"><iframe width=\"720\" height=\"405\" src=\"https:\/\/www.youtube.com\/embed\/hp5irqJ8vnk\" frameborder=\"0\" allowfullscreen><\/iframe><\/div><p>Wystarczy spe\u0142ni\u0107 poni\u017csze wskaz\u00f3wki, aby rozpocz\u0105\u0107 prac\u0119 z rozszerzeniem. <\/p> <ol><li><b>Uruchom nasz darmowy konfigurator i zacznij tworzy\u0107 spersonalizowane rozszerzenie. <\/b><br> Wybierz wybran\u0105 form\u0119 i specyfikacj\u0119 rozszerzenia i zapisz wszystkie poprawki. <\/li> <li><b>Wy\u015bwietl sw\u00f3j indywidualny kod w oknie aplikacji Elfsight. <\/b><br> Po zako\u0144czeniu generowania rozszerzenia skopiuj kod w wy\u015bwietlonym oknie i zachowaj go do wykorzystania w przysz\u0142o\u015bci. <\/li> <li><b>Rozpocznij korzystanie z rozszerzenia w swojej witrynie Joomla. <\/b><br> Dodaj skopiowany wcze\u015bniej kod na swoj\u0105 stron\u0119 i zastosuj modyfikacje. <\/li> <li><b>Gotowe! Integracja zosta\u0142a w pe\u0142ni uko\u0144czona. <\/b><br> Przejd\u017a na swoj\u0105 witryn\u0119 i zobacz, jak dzia\u0142a rozszerzenie. <\/li><\/ol><p>W przypadku jakichkolwiek komplikacji skontaktuj si\u0119 z naszym zespo\u0142em pomocy. Nasi specjali\u015bci z przyjemno\u015bci\u0105 rozwi\u0105\u017c\u0105 wszelkie trudno\u015bci, jakie mo\u017cesz napotka\u0107 w zwi\u0105zku z narz\u0119dziem. <\/p> <\/div>","protected":false},"excerpt":{"rendered":"","protected":false},"author":9,"featured_media":0,"parent":2865,"menu_order":0,"comment_status":"closed","ping_status":"closed","template":"templates\/template-application-platform.php","meta":{"publish_to_discourse":"","publish_post_category":"","wpdc_auto_publish_overridden":"","wpdc_topic_tags":"","wpdc_pin_topic":"","wpdc_pin_until":"","discourse_post_id":"","discourse_permalink":"","wpdc_publishing_response":"","wpdc_publishing_error":"","footnotes":""},"class_list":["post-5983","page","type-page","status-publish","hentry"],"yoast_head":"<!-- This site is optimized with the Yoast SEO plugin v25.3.1 - https:\/\/yoast.com\/wordpress\/plugins\/seo\/ -->\n<title>Odtwarzacz podcast\u00f3w Elfsight dla witryny Joomla (\u0142atwy i bezp\u0142atny)<\/title>\n<meta name=\"description\" content=\"Skorzystaj z naszej dost\u0119pnej wersji demonstracyjnej i dodaj responsywny odtwarzacz podcast\u00f3w na swojej stronie g\u0142\u00f3wnej Joomla. Skorzystaj z naszego przydatnego demo i stw\u00f3rz w\u0142asn\u0105 wtyczk\u0119 za pomoc\u0105 kilku klikni\u0119\u0107!\" \/>\n<meta name=\"robots\" content=\"index, follow, max-snippet:-1, max-image-preview:large, max-video-preview:-1\" \/>\n<link rel=\"canonical\" href=\"https:\/\/elfsight.com\/pl\/podcast-player-widget\/joomla\/\" \/>\n<meta property=\"og:locale\" content=\"pl_PL\" \/>\n<meta property=\"og:type\" content=\"article\" \/>\n<meta property=\"og:title\" content=\"Odtwarzacz podcast\u00f3w Elfsight dla witryny Joomla (\u0142atwy i bezp\u0142atny)\" \/>\n<meta property=\"og:description\" content=\"Skorzystaj z naszej dost\u0119pnej wersji demonstracyjnej i dodaj responsywny odtwarzacz podcast\u00f3w na swojej stronie g\u0142\u00f3wnej Joomla. Skorzystaj z naszego przydatnego demo i stw\u00f3rz w\u0142asn\u0105 wtyczk\u0119 za pomoc\u0105 kilku klikni\u0119\u0107!\" \/>\n<meta property=\"og:url\" content=\"https:\/\/elfsight.com\/pl\/podcast-player-widget\/joomla\/\" \/>\n<meta property=\"og:site_name\" content=\"Elfsight PL\" \/>\n<meta property=\"article:modified_time\" content=\"2024-11-14T09:21:04+00:00\" \/>\n<meta name=\"twitter:card\" content=\"summary_large_image\" \/>\n<meta name=\"twitter:label1\" content=\"Szacowany czas czytania\" \/>\n\t<meta name=\"twitter:data1\" content=\"2 minuty\" \/>\n<!-- \/ Yoast SEO plugin. -->","yoast_head_json":{"title":"Odtwarzacz podcast\u00f3w Elfsight dla witryny Joomla (\u0142atwy i bezp\u0142atny)","description":"Skorzystaj z naszej dost\u0119pnej wersji demonstracyjnej i dodaj responsywny odtwarzacz podcast\u00f3w na swojej stronie g\u0142\u00f3wnej Joomla. Skorzystaj z naszego przydatnego demo i stw\u00f3rz w\u0142asn\u0105 wtyczk\u0119 za pomoc\u0105 kilku klikni\u0119\u0107!","robots":{"index":"index","follow":"follow","max-snippet":"max-snippet:-1","max-image-preview":"max-image-preview:large","max-video-preview":"max-video-preview:-1"},"canonical":"https:\/\/elfsight.com\/pl\/podcast-player-widget\/joomla\/","og_locale":"pl_PL","og_type":"article","og_title":"Odtwarzacz podcast\u00f3w Elfsight dla witryny Joomla (\u0142atwy i bezp\u0142atny)","og_description":"Skorzystaj z naszej dost\u0119pnej wersji demonstracyjnej i dodaj responsywny odtwarzacz podcast\u00f3w na swojej stronie g\u0142\u00f3wnej Joomla. Skorzystaj z naszego przydatnego demo i stw\u00f3rz w\u0142asn\u0105 wtyczk\u0119 za pomoc\u0105 kilku klikni\u0119\u0107!","og_url":"https:\/\/elfsight.com\/pl\/podcast-player-widget\/joomla\/","og_site_name":"Elfsight PL","article_modified_time":"2024-11-14T09:21:04+00:00","twitter_card":"summary_large_image","twitter_misc":{"Szacowany czas czytania":"2 minuty"},"schema":{"@context":"https:\/\/schema.org","@graph":[{"@type":"WebPage","@id":"https:\/\/elfsight.com\/pl\/podcast-player-widget\/joomla\/","url":"https:\/\/elfsight.com\/pl\/podcast-player-widget\/joomla\/","name":"Odtwarzacz podcast\u00f3w Elfsight dla witryny Joomla (\u0142atwy i bezp\u0142atny)","isPartOf":{"@id":"https:\/\/elfsight.com\/pl\/#website"},"datePublished":"1970-01-01T00:00:00+00:00","dateModified":"2024-11-14T09:21:04+00:00","description":"Skorzystaj z naszej dost\u0119pnej wersji demonstracyjnej i dodaj responsywny odtwarzacz podcast\u00f3w na swojej stronie g\u0142\u00f3wnej Joomla. Skorzystaj z naszego przydatnego demo i stw\u00f3rz w\u0142asn\u0105 wtyczk\u0119 za pomoc\u0105 kilku klikni\u0119\u0107!","breadcrumb":{"@id":"https:\/\/elfsight.com\/pl\/podcast-player-widget\/joomla\/#breadcrumb"},"inLanguage":"pl-PL","potentialAction":[{"@type":"ReadAction","target":["https:\/\/elfsight.com\/pl\/podcast-player-widget\/joomla\/"]}]},{"@type":"BreadcrumbList","@id":"https:\/\/elfsight.com\/pl\/podcast-player-widget\/joomla\/#breadcrumb","itemListElement":[{"@type":"ListItem","position":1,"name":"Home","item":"https:\/\/elfsight.com\/pl\/"},{"@type":"ListItem","position":2,"name":"Podcast Player","item":"https:\/\/elfsight.com\/pl\/podcast-player-widget\/"},{"@type":"ListItem","position":3,"name":"Podcast Player &#8211; Joomla"}]},{"@type":"WebSite","@id":"https:\/\/elfsight.com\/pl\/#website","url":"https:\/\/elfsight.com\/pl\/","name":"Elfsight PL","description":"Just another Elfsight Sites site","potentialAction":[{"@type":"SearchAction","target":{"@type":"EntryPoint","urlTemplate":"https:\/\/elfsight.com\/pl\/?s={search_term_string}"},"query-input":{"@type":"PropertyValueSpecification","valueRequired":true,"valueName":"search_term_string"}}],"inLanguage":"pl-PL"}]}},"meta_box":{"industry":"","seo_heading":"","heading":"","description":"","cta_heading":"","cta_description":"","application":"2864","h1":"Rozszerzenie Joomla Podcast Player","h1_caption":"Umie\u015b\u0107 odtwarzacz podcast\u00f3w bezpo\u015brednio na swojej stronie internetowej, umo\u017cliwiaj\u0105c u\u017cytkownikom s\u0142uchanie Twoich odcink\u00f3w bez konieczno\u015bci opuszczania strony w witrynie Joomla.","application_category":[],"applications_title":"","applications_request_title":"","applications_request_button_text":"","hero_text":"","hero_video":"","hero_video_schema_markup":"","selling_points_title":"","selling_points_caption":"","selling_points":[],"selling_points_cta_text":"","features_title":"","features":"","ed_cta_examples_text":"","ed_cta_examples_hidden":"","ed_cta_demo_text":"","ed_cta_demo_hidden":"","why_caption":"","why_editor_title":"","why_editor_text":"","why_team_title":"","why_team_text":"","why_service_title":"","why_service_text":"","template_catalog_visible":"","template_catalog_title":"","template_catalog_text":"","template_catalog_categories_visible":"","demo_title":"Utw\u00f3rz wtyczk\u0119 Odtwarzacza Podcast\u00f3w","demo_caption":"Skonfiguruj sw\u00f3j odtwarzacz podcast\u00f3w i dodaj go do swojej witryny Joomla za darmo!","default_faq_hidden":"","app_template_category":[],"platform":"53","template_public_id":"","codecanyon_url":"","codecanyon_item_id":"","codecanyon_price":"","pricing_caption":"","pricing_elfsight_apps_hide_column":"","pricing_elfsight_apps_url":"","pricing_codecanyon_price_caption":"","integration_category":[],"integration_request_title":"","integration_request_cta":"","integration_platform":"","integrations":[],"platform_category":[],"video_schema_markup":"","price":"od 0 USD \/ miesi\u0105c","trial":"","benefits":[{"text":"Bezp\u0142atna us\u0142uga monta\u017cu"},{"text":"Do\u015bwiadczona obs\u0142uga klienta"},{"text":"14-dniowa gwarancja zwrotu pieni\u0119dzy"}],"button_url":"#demo","button_target_blank":"","button_nofollow":"","attributes":[{"name":"Instaluje"},{"name":"Czu\u0142y"},{"name":"Kompatybilne przegl\u0105darki"}],"tags":[],"tags_disable_links":"","hide_more_platforms":"","video_object":"","demo_hide_cta":"","demo_hide_cloud_options":"","pricing_title":"","pricing":[{"pricing_icon":"platform","pricing_title":"Elfsight Apps","pricing_title_caption":"Niezale\u017cne od platformy rozwi\u0105zanie cyfrowe, kt\u00f3re dzia\u0142a na ka\u017cdej stronie","pricing_price":"od 0 USD \/ miesi\u0105c","pricing_price_caption":"zacznij od bezp\u0142atnego planu","pricing_benefits":[{"text":"Nielimitowane strony internetowe"},{"text":"Ca\u0142odobowe wsparcie firmy i dobrze udokumentowane"},{"text":"Bezp\u0142atne wsparcie instalacyjne"},{"text":"Cena do z\u0142apania dla wielu aplikacji"}],"pricing_button_text":"Dodaj do witryny","pricing_button_url":"#demo"}],"related_apps_title":"","related_apps_hidden":"","author":"","image":[],"title":"","job":"","social_networks":[]},"_links":{"self":[{"href":"https:\/\/elfsight.com\/pl\/wp-json\/wp\/v2\/pages\/5983","targetHints":{"allow":["GET"]}}],"collection":[{"href":"https:\/\/elfsight.com\/pl\/wp-json\/wp\/v2\/pages"}],"about":[{"href":"https:\/\/elfsight.com\/pl\/wp-json\/wp\/v2\/types\/page"}],"author":[{"embeddable":true,"href":"https:\/\/elfsight.com\/pl\/wp-json\/wp\/v2\/users\/9"}],"replies":[{"embeddable":true,"href":"https:\/\/elfsight.com\/pl\/wp-json\/wp\/v2\/comments?post=5983"}],"version-history":[{"count":2,"href":"https:\/\/elfsight.com\/pl\/wp-json\/wp\/v2\/pages\/5983\/revisions"}],"predecessor-version":[{"id":7932,"href":"https:\/\/elfsight.com\/pl\/wp-json\/wp\/v2\/pages\/5983\/revisions\/7932"}],"up":[{"embeddable":true,"href":"https:\/\/elfsight.com\/pl\/wp-json\/wp\/v2\/pages\/2865"}],"wp:attachment":[{"href":"https:\/\/elfsight.com\/pl\/wp-json\/wp\/v2\/media?parent=5983"}],"curies":[{"name":"wp","href":"https:\/\/api.w.org\/{rel}","templated":true}]}}