{"id":5982,"date":"1970-01-01T00:00:00","date_gmt":"1970-01-01T00:00:00","guid":{"rendered":"https:\/\/elfsight.com\/pl\/?page_id=5982"},"modified":"2024-11-14T09:21:04","modified_gmt":"2024-11-14T09:21:04","slug":"jquery","status":"publish","type":"page","link":"https:\/\/elfsight.com\/pl\/podcast-player-widget\/jquery\/","title":{"rendered":"Podcast Player &#8211; jQuery"},"content":{"rendered":"<div class=\"application-platform-content-item-description application-platform-content-item\" id=\"description\" data-nav-section=\"description\"> <h2>Opis<\/h2> <p>Elfsight Podcast Player to nieskomplikowana wtyczka do witryn jQuery, kt\u00f3ra umo\u017cliwia strumieniowe przesy\u0142anie podcast\u00f3w bezpo\u015brednio w sieci strona. Wid\u017cet jest w pe\u0142ni modyfikowalny: mo\u017cesz zmieni\u0107 jego po\u0142o\u017cenie, ustawi\u0107 go w dowolnym miejscu na stronie, skalowa\u0107 jego rozmiar, przemalowa\u0107 t\u0142o i inne elementy, aby dopasowa\u0107 je do projektu witryny, zastosowa\u0107 ciemny motyw, zademonstrowa\u0107 obrazy i pokaza\u0107 lub ukry\u0107 3 dodatkowe odtwarzacze cz\u0119\u015bci, takie jak pasek post\u0119pu i inne. Zabawiaj swoich go\u015bci, w\u0142\u0105cz autoodtwarzanie i nie miej w\u0105tpliwo\u015bci \u2013 Twoi go\u015bcie nie opuszcz\u0105 Twojej strony natychmiast!. <\/p> <p><b>Zafascynuj swoich go\u015bci, wyposa\u017caj\u0105c ich w przydatne i interesuj\u0105ce materia\u0142y za pomoc\u0105 odtwarzacza podcast\u00f3w Elfsight<\/b><\/p> <\/div> <div class=\"application-platform-content-item-features application-platform-content-item\" id=\"features\" data-nav-section=\"features\"> <h2> Oto tylko kilka r\u00f3\u017cnych funkcji wtyczki: <\/h2> <ul><li>R\u00f3\u017cne warianty kolorystyczne. <\/li><li>Dotyczy dw\u00f3ch uk\u0142ad\u00f3w. <\/li><li>Mo\u017cliwo\u015b\u0107 wykorzystania obrazu t\u0142a. <\/li><li>Nieograniczona liczba utwor\u00f3w. <\/li><li>Opcja kszta\u0142towania niestandardowego schematu kolor\u00f3w. <\/li><\/ul><p><a href=\"#demo\">Pe\u0142n\u0105 funkcjonalno\u015b\u0107 wtyczki mo\u017cesz odkry\u0107 tutaj w wersji demonstracyjnej<\/a><\/p> <\/div> <div class=\"application-platform-content-item-installation application-platform-content-item\" id=\"installation\" data-nav-section=\"installation\"> <h2>Jak mog\u0119 doda\u0107 Odtwarzacz Podcast\u00f3w do mojej witryny jQuery? <\/h2> <p>Wystarczy wykona\u0107 poni\u017csze kroki, aby osadzi\u0107 wtyczk\u0119. <\/p> <ol><li><b>Skorzystaj z naszej bezp\u0142atnej wersji demonstracyjnej i zacznij budowa\u0107 sw\u00f3j w\u0142asny instrument. <\/b><br> Znajd\u017a odpowiedni interfejs i funkcjonalno\u015b\u0107 wtyczki i zastosuj zmiany. <\/li> <li><b>Odbierz sw\u00f3j unikalny kod, kt\u00f3ry pojawi si\u0119 w oknie aplikacji Elfsight. <\/b><br> Zaraz po skonfigurowaniu narz\u0119dzia skopiuj ekskluzywny kod z wy\u015bwietlonego pola i zapisz go do wykorzystania w przysz\u0142o\u015bci. <\/li> <li><b>Rozpocznij korzystanie z wtyczki na stronie g\u0142\u00f3wnej jQuery. <\/b><br> Wprowad\u017a zapisany wcze\u015bniej kod na swoj\u0105 stron\u0119 i zapisz zmiany. <\/li> <li><b>Gotowe! Konfiguracja zosta\u0142a w pe\u0142ni uko\u0144czona. <\/b><br> Odwied\u017a swoj\u0105 witryn\u0119, aby sprawdzi\u0107 dzia\u0142anie narz\u0119dzia. <\/li><\/ol> <p>Je\u015bli masz jakie\u015b trudno\u015bci, bez wahania skontaktuj si\u0119 z naszym zespo\u0142em pomocy. Nasi konsultanci ch\u0119tnie pomog\u0105 Ci we wszystkich trudno\u015bciach, jakie mo\u017cesz napotka\u0107 w zwi\u0105zku z tym narz\u0119dziem. <\/p> <\/div>","protected":false},"excerpt":{"rendered":"","protected":false},"author":9,"featured_media":0,"parent":2865,"menu_order":0,"comment_status":"closed","ping_status":"closed","template":"templates\/template-application-platform.php","meta":{"publish_to_discourse":"","publish_post_category":"","wpdc_auto_publish_overridden":"","wpdc_topic_tags":"","wpdc_pin_topic":"","wpdc_pin_until":"","discourse_post_id":"","discourse_permalink":"","wpdc_publishing_response":"","wpdc_publishing_error":"","footnotes":""},"class_list":["post-5982","page","type-page","status-publish","hentry"],"yoast_head":"<!-- This site is optimized with the Yoast SEO plugin v25.3.1 - https:\/\/yoast.com\/wordpress\/plugins\/seo\/ -->\n<title>Odtwarzacz podcast\u00f3w Elfsight dla witryny jQuery (\u0142atwy i szybki)<\/title>\n<meta name=\"description\" content=\"Skorzystaj z naszej dost\u0119pnej wersji demonstracyjnej i zintegruj responsywny odtwarzacz podcast\u00f3w na swojej stronie internetowej jQuery. Skorzystaj z naszego przydatnego demo i bez wysi\u0142ku zbuduj sw\u00f3j widget dostosowany do Twoich potrzeb!\" \/>\n<meta name=\"robots\" content=\"index, follow, max-snippet:-1, max-image-preview:large, max-video-preview:-1\" \/>\n<link rel=\"canonical\" href=\"https:\/\/elfsight.com\/pl\/podcast-player-widget\/jquery\/\" \/>\n<meta property=\"og:locale\" content=\"pl_PL\" \/>\n<meta property=\"og:type\" content=\"article\" \/>\n<meta property=\"og:title\" content=\"Odtwarzacz podcast\u00f3w Elfsight dla witryny jQuery (\u0142atwy i szybki)\" \/>\n<meta property=\"og:description\" content=\"Skorzystaj z naszej dost\u0119pnej wersji demonstracyjnej i zintegruj responsywny odtwarzacz podcast\u00f3w na swojej stronie internetowej jQuery. Skorzystaj z naszego przydatnego demo i bez wysi\u0142ku zbuduj sw\u00f3j widget dostosowany do Twoich potrzeb!\" \/>\n<meta property=\"og:url\" content=\"https:\/\/elfsight.com\/pl\/podcast-player-widget\/jquery\/\" \/>\n<meta property=\"og:site_name\" content=\"Elfsight PL\" \/>\n<meta property=\"article:modified_time\" content=\"2024-11-14T09:21:04+00:00\" \/>\n<meta name=\"twitter:card\" content=\"summary_large_image\" \/>\n<meta name=\"twitter:label1\" content=\"Szacowany czas czytania\" \/>\n\t<meta name=\"twitter:data1\" content=\"2 minuty\" \/>\n<!-- \/ Yoast SEO plugin. -->","yoast_head_json":{"title":"Odtwarzacz podcast\u00f3w Elfsight dla witryny jQuery (\u0142atwy i szybki)","description":"Skorzystaj z naszej dost\u0119pnej wersji demonstracyjnej i zintegruj responsywny odtwarzacz podcast\u00f3w na swojej stronie internetowej jQuery. Skorzystaj z naszego przydatnego demo i bez wysi\u0142ku zbuduj sw\u00f3j widget dostosowany do Twoich potrzeb!","robots":{"index":"index","follow":"follow","max-snippet":"max-snippet:-1","max-image-preview":"max-image-preview:large","max-video-preview":"max-video-preview:-1"},"canonical":"https:\/\/elfsight.com\/pl\/podcast-player-widget\/jquery\/","og_locale":"pl_PL","og_type":"article","og_title":"Odtwarzacz podcast\u00f3w Elfsight dla witryny jQuery (\u0142atwy i szybki)","og_description":"Skorzystaj z naszej dost\u0119pnej wersji demonstracyjnej i zintegruj responsywny odtwarzacz podcast\u00f3w na swojej stronie internetowej jQuery. Skorzystaj z naszego przydatnego demo i bez wysi\u0142ku zbuduj sw\u00f3j widget dostosowany do Twoich potrzeb!","og_url":"https:\/\/elfsight.com\/pl\/podcast-player-widget\/jquery\/","og_site_name":"Elfsight PL","article_modified_time":"2024-11-14T09:21:04+00:00","twitter_card":"summary_large_image","twitter_misc":{"Szacowany czas czytania":"2 minuty"},"schema":{"@context":"https:\/\/schema.org","@graph":[{"@type":"WebPage","@id":"https:\/\/elfsight.com\/pl\/podcast-player-widget\/jquery\/","url":"https:\/\/elfsight.com\/pl\/podcast-player-widget\/jquery\/","name":"Odtwarzacz podcast\u00f3w Elfsight dla witryny jQuery (\u0142atwy i szybki)","isPartOf":{"@id":"https:\/\/elfsight.com\/pl\/#website"},"datePublished":"1970-01-01T00:00:00+00:00","dateModified":"2024-11-14T09:21:04+00:00","description":"Skorzystaj z naszej dost\u0119pnej wersji demonstracyjnej i zintegruj responsywny odtwarzacz podcast\u00f3w na swojej stronie internetowej jQuery. Skorzystaj z naszego przydatnego demo i bez wysi\u0142ku zbuduj sw\u00f3j widget dostosowany do Twoich potrzeb!","breadcrumb":{"@id":"https:\/\/elfsight.com\/pl\/podcast-player-widget\/jquery\/#breadcrumb"},"inLanguage":"pl-PL","potentialAction":[{"@type":"ReadAction","target":["https:\/\/elfsight.com\/pl\/podcast-player-widget\/jquery\/"]}]},{"@type":"BreadcrumbList","@id":"https:\/\/elfsight.com\/pl\/podcast-player-widget\/jquery\/#breadcrumb","itemListElement":[{"@type":"ListItem","position":1,"name":"Home","item":"https:\/\/elfsight.com\/pl\/"},{"@type":"ListItem","position":2,"name":"Podcast Player","item":"https:\/\/elfsight.com\/pl\/podcast-player-widget\/"},{"@type":"ListItem","position":3,"name":"Podcast Player &#8211; jQuery"}]},{"@type":"WebSite","@id":"https:\/\/elfsight.com\/pl\/#website","url":"https:\/\/elfsight.com\/pl\/","name":"Elfsight PL","description":"Just another Elfsight Sites site","potentialAction":[{"@type":"SearchAction","target":{"@type":"EntryPoint","urlTemplate":"https:\/\/elfsight.com\/pl\/?s={search_term_string}"},"query-input":{"@type":"PropertyValueSpecification","valueRequired":true,"valueName":"search_term_string"}}],"inLanguage":"pl-PL"}]}},"meta_box":{"industry":"","seo_heading":"","heading":"","description":"","cta_heading":"","cta_description":"","application":"2864","h1":"Wtyczka jQuery Podcast Player","h1_caption":"Umie\u015b\u0107 odtwarzacz podcast\u00f3w bezpo\u015brednio w swojej witrynie, umo\u017cliwiaj\u0105c u\u017cytkownikom s\u0142uchanie Twoich odcink\u00f3w bez konieczno\u015bci opuszczania strony w witrynie jQuery.","application_category":[],"applications_title":"","applications_request_title":"","applications_request_button_text":"","hero_text":"","hero_video":"","hero_video_schema_markup":"","selling_points_title":"","selling_points_caption":"","selling_points":[],"selling_points_cta_text":"","features_title":"","features":"","ed_cta_examples_text":"","ed_cta_examples_hidden":"","ed_cta_demo_text":"","ed_cta_demo_hidden":"","why_caption":"","why_editor_title":"","why_editor_text":"","why_team_title":"","why_team_text":"","why_service_title":"","why_service_text":"","template_catalog_visible":"","template_catalog_title":"","template_catalog_text":"","template_catalog_categories_visible":"","demo_title":"Utw\u00f3rz wtyczk\u0119 Odtwarzacza Podcast\u00f3w","demo_caption":"Skonfiguruj sw\u00f3j Odtwarzacz Podcast\u00f3w i dodaj go do swojej witryny jQuery za darmo!","default_faq_hidden":"","app_template_category":[],"platform":"56","template_public_id":"","codecanyon_url":"","codecanyon_item_id":"","codecanyon_price":"","pricing_caption":"","pricing_elfsight_apps_hide_column":"","pricing_elfsight_apps_url":"","pricing_codecanyon_price_caption":"","integration_category":[],"integration_request_title":"","integration_request_cta":"","integration_platform":"","integrations":[],"platform_category":[],"video_schema_markup":"","price":"od 0 USD \/ miesi\u0105c","trial":"","benefits":[{"text":"Bezp\u0142atna us\u0142uga monta\u017cu"},{"text":"Do\u015bwiadczona obs\u0142uga klienta"},{"text":"14-dniowa gwarancja zwrotu pieni\u0119dzy"}],"button_url":"#demo","button_target_blank":"","button_nofollow":"","attributes":[{"name":"Instaluje"},{"name":"Czu\u0142y"},{"name":"Kompatybilne przegl\u0105darki"}],"tags":[],"tags_disable_links":"","hide_more_platforms":"","video_object":"","demo_hide_cta":"","demo_hide_cloud_options":"","pricing_title":"","pricing":[{"pricing_icon":"platform","pricing_title":"Elfsight Apps","pricing_title_caption":"Rozwi\u0105zanie wieloplatformowe, kt\u00f3re dzia\u0142a na dowolnej witrynie","pricing_price":"od 0 USD \/ miesi\u0105c","pricing_price_caption":"zacznij od bezp\u0142atnego planu","pricing_benefits":[{"text":"Nielimitowane domeny"},{"text":"Profesjonalna i terminowa pomoc oraz dobrze udokumentowana"},{"text":"Bezp\u0142atna pomoc przy instalacji"},{"text":"Elastyczny projekt"}],"pricing_button_text":"Dodaj do witryny","pricing_button_url":"#demo"}],"related_apps_title":"","related_apps_hidden":"","author":"","image":[],"title":"","job":"","social_networks":[]},"_links":{"self":[{"href":"https:\/\/elfsight.com\/pl\/wp-json\/wp\/v2\/pages\/5982","targetHints":{"allow":["GET"]}}],"collection":[{"href":"https:\/\/elfsight.com\/pl\/wp-json\/wp\/v2\/pages"}],"about":[{"href":"https:\/\/elfsight.com\/pl\/wp-json\/wp\/v2\/types\/page"}],"author":[{"embeddable":true,"href":"https:\/\/elfsight.com\/pl\/wp-json\/wp\/v2\/users\/9"}],"replies":[{"embeddable":true,"href":"https:\/\/elfsight.com\/pl\/wp-json\/wp\/v2\/comments?post=5982"}],"version-history":[{"count":1,"href":"https:\/\/elfsight.com\/pl\/wp-json\/wp\/v2\/pages\/5982\/revisions"}],"predecessor-version":[{"id":5986,"href":"https:\/\/elfsight.com\/pl\/wp-json\/wp\/v2\/pages\/5982\/revisions\/5986"}],"up":[{"embeddable":true,"href":"https:\/\/elfsight.com\/pl\/wp-json\/wp\/v2\/pages\/2865"}],"wp:attachment":[{"href":"https:\/\/elfsight.com\/pl\/wp-json\/wp\/v2\/media?parent=5982"}],"curies":[{"name":"wp","href":"https:\/\/api.w.org\/{rel}","templated":true}]}}