{"id":5981,"date":"1970-01-01T00:00:00","date_gmt":"1970-01-01T00:00:00","guid":{"rendered":"https:\/\/elfsight.com\/pl\/?page_id=5981"},"modified":"2024-11-14T09:21:04","modified_gmt":"2024-11-14T09:21:04","slug":"iframe","status":"publish","type":"page","link":"https:\/\/elfsight.com\/pl\/podcast-player-widget\/iframe\/","title":{"rendered":"Podcast Player &#8211; iFrame"},"content":{"rendered":"<div class=\"application-platform-content-item-description application-platform-content-item\" id=\"description\" data-nav-section=\"description\"> <h2>Osad\u017a Odtwarzacz podcast\u00f3w w iFrame za pomoc\u0105 wid\u017cetu Elfsight<\/h2> <p>Odtwarzacz podcast\u00f3w Elfsight to proste narz\u0119dzie dla iFrame, kt\u00f3re daje Ci mo\u017cliwo\u015bci do odtwarzania podcast\u00f3w bezpo\u015brednio na Twojej stronie. Wtyczka jest niezwykle elastyczna: mo\u017cesz zmienia\u0107 jej po\u0142o\u017cenie, umieszcza\u0107 w dowolnym miejscu strony, zmienia\u0107 jej rozmiar, zmienia\u0107 kolor t\u0142a i innych element\u00f3w, aby po\u0142\u0105czy\u0107 je z projektem witryny, stosowa\u0107 ciemn\u0105 kolorystyk\u0119, wy\u015bwietla\u0107 obrazy oraz pokazywa\u0107 lub ukrywa\u0107 3 inne elementy odtwarzacza, takie jak pasek post\u0119pu i wiele innych. Zabawiaj swoich u\u017cytkownik\u00f3w, w\u0142\u0105cz opcj\u0119 autoodtwarzania i nie miej w\u0105tpliwo\u015bci \u2013 Twoi odbiorcy nie opuszcz\u0105 Twojej strony g\u0142\u00f3wnej od razu!. <\/p> <p><b>Zachwy\u0107 swoich u\u017cytkownik\u00f3w pomocnymi i interesuj\u0105cymi materia\u0142ami wykorzystuj\u0105cymi odtwarzacz podcast\u00f3w Elfsight<\/b><\/p> <\/div> <div class=\"application-platform-content-item-features application-platform-content-item\" id=\"features\" data-nav-section=\"features\"> <h2>Klucz oferta funkcji widget\u00f3w<\/h2> <ul><li>R\u00f3\u017cne zmiany kolor\u00f3w. <\/li><li>Dotyczy dw\u00f3ch uk\u0142ad\u00f3w. <\/li><li>Mo\u017cliwo\u015b\u0107 dodania obrazu t\u0142a. <\/li><li>Nieograniczona liczba utwor\u00f3w. <\/li><li>Mo\u017cliwo\u015b\u0107 stworzenia w\u0142asnej kolorystyki. <\/li><\/ul><p><a href=\"#demo\">Pe\u0142n\u0105 funkcjonalno\u015b\u0107 wid\u017cetu mo\u017cesz pozna\u0107 w poni\u017cszej wersji demonstracyjnej<\/a><\/p> <\/div> <div class=\"application-platform-content-item- instalacja application-platform-content-item\" id=\" instalacja\" data-nav-section=\" instalacja\"> <h2>Jak doda\u0107 Odtwarzacz podcast\u00f3w do mojej strony internetowej iFrame? <\/h2> <p>Wystarczy wykona\u0107 poni\u017csze kroki, aby aktywowa\u0107 narz\u0119dzie. <\/p> <ol><li><b>Zarz\u0105dzaj nasz\u0105 bezp\u0142atn\u0105 wersj\u0105 demonstracyjn\u0105 i zacznij kszta\u0142towa\u0107 sw\u00f3j niestandardowy instrument. <\/b><br> Znajd\u017a niestandardowy wygl\u0105d i parametry narz\u0119dzia i zapisz zmiany. <\/li> <li><b>Odbierz indywidualny kod pojawiaj\u0105cy si\u0119 w polu aplikacji Elfsight. <\/b><br> Zaraz po zako\u0144czeniu dostosowywania wtyczki skopiuj indywidualny kod z wy\u015bwietlonego wyskakuj\u0105cego okienka i zachowaj go do dalszego wykorzystania. <\/li> <li><b>Rozpocznij korzystanie z wtyczki w swojej witrynie iFrame. <\/b><br> Wstaw skopiowany wcze\u015bniej kod na swoj\u0105 stron\u0119 g\u0142\u00f3wn\u0105 i zapisz poprawki. <\/li> <li><b>Instalacja zosta\u0142a pomy\u015blnie zako\u0144czona. <\/b><br> Odwied\u017a swoj\u0105 witryn\u0119 i zobacz, jak dzia\u0142a wtyczka. <\/li><\/ol> <p>Je\u015bli masz pytania lub napotkasz pewne komplikacje, nie wahaj si\u0119 i z\u0142\u00f3\u017c wniosek do naszego personelu obs\u0142ugi klienta. Nasi ludzie z przyjemno\u015bci\u0105 rozwi\u0105\u017c\u0105 wszystkie problemy, jakie mo\u017cesz mie\u0107 z wtyczk\u0105. <\/p> <div class=\"faq\" data-component=\"FAQ\"><div class=\"faq-item\">\r\n\t\t\t\t\t<div class=\"faq-item-question\">\r\n\t\t\t\t\t\t<h3 class=\"faq-item-question-text\">Jak mog\u0119 zintegrowa\u0107 wid\u017cet Odtwarzacza Podcast\u00f3w z moj\u0105 witryn\u0105 Squarespace bez umiej\u0119tno\u015bci kodowania?<\/h3>\r\n\r\n\t\t\t\t\t\t<div class=\"faq-item-question-icon\"><\/div>\r\n\t\t\t\t\t<\/div>\r\n\r\n\t\t\t\t\t<div class=\"faq-item-answer\">\r\n\t\t\t\t\t\t<div class=\"faq-item-answer-text\"><p>Elfsight oferuje rozwi\u0105zanie oparte na chmurze, kt\u00f3re umo\u017cliwia u\u017cytkownikom generowanie wid\u017cetu Odtwarzacza Podcast\u00f3w za pomoc\u0105 sobie. Odkryj, jak prosty jest ten proces:<\/p><ul><li>Uzyskaj dost\u0119p do edytora online, aby utworzy\u0107 sekcj\u0119 wid\u017cetu Odtwarzacza podcast\u00f3w, kt\u00f3r\u0105 chcesz osadzi\u0107 w swojej witrynie Squarespace.<\/li><li>Wybierz jedn\u0105 z naszych wst\u0119pnie zaprojektowane szablony i skonfiguruj ustawienia wid\u017cetu Odtwarzacza Podcast\u00f3w, dostosuj uk\u0142ad i schemat kolor\u00f3w, do\u0142\u0105cz swoj\u0105 tre\u015b\u0107 bez konieczno\u015bci kodowania.<\/li><li>Zachowaj ustawienia dostosowane dla wid\u017cetu Odtwarzacza Podcast\u00f3w i uzyskaj fragment kodu do osadzenia, kt\u00f3ry mo\u017cna \u0142atwo wstawi\u0107 do witryny Squarespace, bezp\u0142atnie.<\/li><\/ul><p>Korzystaj\u0105c z przyjaznego dla u\u017cytkownika edytora, ka\u017cdy u\u017cytkownik Internetu mo\u017ce utworzy\u0107 sekcj\u0119 wid\u017cetu Odtwarzacza podcast\u00f3w i doda\u0107 j\u0105 na ich stronie internetowej Squarespace. Aby uzyska\u0107 dost\u0119p do Edytora Elfsight, nie ma potrzeby dokonywania p\u0142atno\u015bci ani udost\u0119pniania danych karty kredytowej. Je\u015bli na kt\u00f3rymkolwiek etapie napotkasz jakiekolwiek problemy, nie wahaj si\u0119 skontaktowa\u0107 z naszym dzia\u0142em obs\u0142ugi klienta w celu uzyskania pomocy.<\/p><\/div>\r\n\t\t\t\t\t<\/div>\r\n\t\t\t\t<\/div><\/div><\/div>","protected":false},"excerpt":{"rendered":"","protected":false},"author":9,"featured_media":0,"parent":2865,"menu_order":0,"comment_status":"closed","ping_status":"closed","template":"templates\/template-application-platform.php","meta":{"publish_to_discourse":"","publish_post_category":"","wpdc_auto_publish_overridden":"","wpdc_topic_tags":"","wpdc_pin_topic":"","wpdc_pin_until":"","discourse_post_id":"","discourse_permalink":"","wpdc_publishing_response":"","wpdc_publishing_error":"","footnotes":""},"class_list":["post-5981","page","type-page","status-publish","hentry"],"yoast_head":"<!-- This site is optimized with the Yoast SEO plugin v25.3.1 - https:\/\/yoast.com\/wordpress\/plugins\/seo\/ -->\n<title>Odtwarzacz podcast\u00f3w Elfsight dla witryny iFrame (\u0142atwy i bezp\u0142atny)<\/title>\n<meta name=\"description\" content=\"Skorzystaj z naszego \u0142atwego w zarz\u0105dzaniu demo i zintegruj responsywny odtwarzacz podcast\u00f3w na swojej stronie g\u0142\u00f3wnej iFrame. Skorzystaj z naszego przydatnego demo i bez wysi\u0142ku stw\u00f3rz w\u0142asny widget!\" \/>\n<meta name=\"robots\" content=\"index, follow, max-snippet:-1, max-image-preview:large, max-video-preview:-1\" \/>\n<link rel=\"canonical\" href=\"https:\/\/elfsight.com\/pl\/podcast-player-widget\/iframe\/\" \/>\n<meta property=\"og:locale\" content=\"pl_PL\" \/>\n<meta property=\"og:type\" content=\"article\" \/>\n<meta property=\"og:title\" content=\"Odtwarzacz podcast\u00f3w Elfsight dla witryny iFrame (\u0142atwy i bezp\u0142atny)\" \/>\n<meta property=\"og:description\" content=\"Skorzystaj z naszego \u0142atwego w zarz\u0105dzaniu demo i zintegruj responsywny odtwarzacz podcast\u00f3w na swojej stronie g\u0142\u00f3wnej iFrame. Skorzystaj z naszego przydatnego demo i bez wysi\u0142ku stw\u00f3rz w\u0142asny widget!\" \/>\n<meta property=\"og:url\" content=\"https:\/\/elfsight.com\/pl\/podcast-player-widget\/iframe\/\" \/>\n<meta property=\"og:site_name\" content=\"Elfsight PL\" \/>\n<meta property=\"article:modified_time\" content=\"2024-11-14T09:21:04+00:00\" \/>\n<meta name=\"twitter:card\" content=\"summary_large_image\" \/>\n<meta name=\"twitter:label1\" content=\"Szacowany czas czytania\" \/>\n\t<meta name=\"twitter:data1\" content=\"3 minuty\" \/>\n<!-- \/ Yoast SEO plugin. -->","yoast_head_json":{"title":"Odtwarzacz podcast\u00f3w Elfsight dla witryny iFrame (\u0142atwy i bezp\u0142atny)","description":"Skorzystaj z naszego \u0142atwego w zarz\u0105dzaniu demo i zintegruj responsywny odtwarzacz podcast\u00f3w na swojej stronie g\u0142\u00f3wnej iFrame. Skorzystaj z naszego przydatnego demo i bez wysi\u0142ku stw\u00f3rz w\u0142asny widget!","robots":{"index":"index","follow":"follow","max-snippet":"max-snippet:-1","max-image-preview":"max-image-preview:large","max-video-preview":"max-video-preview:-1"},"canonical":"https:\/\/elfsight.com\/pl\/podcast-player-widget\/iframe\/","og_locale":"pl_PL","og_type":"article","og_title":"Odtwarzacz podcast\u00f3w Elfsight dla witryny iFrame (\u0142atwy i bezp\u0142atny)","og_description":"Skorzystaj z naszego \u0142atwego w zarz\u0105dzaniu demo i zintegruj responsywny odtwarzacz podcast\u00f3w na swojej stronie g\u0142\u00f3wnej iFrame. Skorzystaj z naszego przydatnego demo i bez wysi\u0142ku stw\u00f3rz w\u0142asny widget!","og_url":"https:\/\/elfsight.com\/pl\/podcast-player-widget\/iframe\/","og_site_name":"Elfsight PL","article_modified_time":"2024-11-14T09:21:04+00:00","twitter_card":"summary_large_image","twitter_misc":{"Szacowany czas czytania":"3 minuty"},"schema":{"@context":"https:\/\/schema.org","@graph":[{"@type":"WebPage","@id":"https:\/\/elfsight.com\/pl\/podcast-player-widget\/iframe\/","url":"https:\/\/elfsight.com\/pl\/podcast-player-widget\/iframe\/","name":"Odtwarzacz podcast\u00f3w Elfsight dla witryny iFrame (\u0142atwy i bezp\u0142atny)","isPartOf":{"@id":"https:\/\/elfsight.com\/pl\/#website"},"datePublished":"1970-01-01T00:00:00+00:00","dateModified":"2024-11-14T09:21:04+00:00","description":"Skorzystaj z naszego \u0142atwego w zarz\u0105dzaniu demo i zintegruj responsywny odtwarzacz podcast\u00f3w na swojej stronie g\u0142\u00f3wnej iFrame. Skorzystaj z naszego przydatnego demo i bez wysi\u0142ku stw\u00f3rz w\u0142asny widget!","breadcrumb":{"@id":"https:\/\/elfsight.com\/pl\/podcast-player-widget\/iframe\/#breadcrumb"},"inLanguage":"pl-PL","potentialAction":[{"@type":"ReadAction","target":["https:\/\/elfsight.com\/pl\/podcast-player-widget\/iframe\/"]}]},{"@type":"BreadcrumbList","@id":"https:\/\/elfsight.com\/pl\/podcast-player-widget\/iframe\/#breadcrumb","itemListElement":[{"@type":"ListItem","position":1,"name":"Home","item":"https:\/\/elfsight.com\/pl\/"},{"@type":"ListItem","position":2,"name":"Podcast Player","item":"https:\/\/elfsight.com\/pl\/podcast-player-widget\/"},{"@type":"ListItem","position":3,"name":"Podcast Player &#8211; iFrame"}]},{"@type":"WebSite","@id":"https:\/\/elfsight.com\/pl\/#website","url":"https:\/\/elfsight.com\/pl\/","name":"Elfsight PL","description":"Just another Elfsight Sites site","potentialAction":[{"@type":"SearchAction","target":{"@type":"EntryPoint","urlTemplate":"https:\/\/elfsight.com\/pl\/?s={search_term_string}"},"query-input":{"@type":"PropertyValueSpecification","valueRequired":true,"valueName":"search_term_string"}}],"inLanguage":"pl-PL"}]}},"meta_box":{"industry":"","seo_heading":"","heading":"","description":"","cta_heading":"","cta_description":"","application":"2864","h1":"Wid\u017cet odtwarzacza podcast\u00f3w iFrame","h1_caption":"Umie\u015b\u0107 odtwarzacz podcast\u00f3w bezpo\u015brednio w swojej witrynie, umo\u017cliwiaj\u0105c u\u017cytkownikom s\u0142uchanie Twoich odcink\u00f3w bez konieczno\u015bci opuszczania strony w witrynie iFrame.","application_category":[],"applications_title":"","applications_request_title":"","applications_request_button_text":"","hero_text":"","hero_video":"","hero_video_schema_markup":"","selling_points_title":"","selling_points_caption":"","selling_points":[],"selling_points_cta_text":"","features_title":"","features":"","ed_cta_examples_text":"","ed_cta_examples_hidden":"","ed_cta_demo_text":"","ed_cta_demo_hidden":"","why_caption":"","why_editor_title":"","why_editor_text":"","why_team_title":"","why_team_text":"","why_service_title":"","why_service_text":"","template_catalog_visible":"","template_catalog_title":"","template_catalog_text":"","template_catalog_categories_visible":"","demo_title":"Utw\u00f3rz wid\u017cet odtwarzacza podcast\u00f3w","demo_caption":"Skonfiguruj sw\u00f3j odtwarzacz podcast\u00f3w i dodaj go do swojej witryny iFrame za darmo!","default_faq_hidden":"","app_template_category":[],"platform":"187","template_public_id":"","codecanyon_url":"","codecanyon_item_id":"","codecanyon_price":"","pricing_caption":"","pricing_elfsight_apps_hide_column":"","pricing_elfsight_apps_url":"","pricing_codecanyon_price_caption":"","integration_category":[],"integration_request_title":"","integration_request_cta":"","integration_platform":"","integrations":[],"platform_category":[],"video_schema_markup":"","price":"od 0 USD \/ miesi\u0105c","trial":"","benefits":[{"text":"Bezp\u0142atna pomoc w monta\u017cu"},{"text":"Wyj\u0105tkowe wsparcie"},{"text":"14-dniowa gwarancja zwrotu pieni\u0119dzy"}],"button_url":"#demo","button_target_blank":"","button_nofollow":"","attributes":[{"name":"Instaluje"},{"name":"Czu\u0142y"},{"name":"Kompatybilne przegl\u0105darki"}],"tags":[],"tags_disable_links":"","hide_more_platforms":"","video_object":"","demo_hide_cta":"","demo_hide_cloud_options":"","pricing_title":"","pricing":[{"pricing_icon":"platform","pricing_title":"Elfsight Apps","pricing_title_caption":"Wieloplatformowe rozwi\u0105zanie cyfrowe, kt\u00f3re pasuje do ka\u017cdej witryny","pricing_price":"od 0 USD \/ miesi\u0105c","pricing_price_caption":"zacznij od bezp\u0142atnego planu","pricing_benefits":[{"text":"Nielimitowane domeny"},{"text":"Bezp\u0142atne wsparcie"},{"text":"Bezp\u0142atna pomoc w instalacji"},{"text":"Oferta specjalna na wiele aplikacji"}],"pricing_button_text":"Dodaj do witryny","pricing_button_url":"#demo"}],"related_apps_title":"","related_apps_hidden":"","author":"","image":[],"title":"","job":"","social_networks":[]},"_links":{"self":[{"href":"https:\/\/elfsight.com\/pl\/wp-json\/wp\/v2\/pages\/5981","targetHints":{"allow":["GET"]}}],"collection":[{"href":"https:\/\/elfsight.com\/pl\/wp-json\/wp\/v2\/pages"}],"about":[{"href":"https:\/\/elfsight.com\/pl\/wp-json\/wp\/v2\/types\/page"}],"author":[{"embeddable":true,"href":"https:\/\/elfsight.com\/pl\/wp-json\/wp\/v2\/users\/9"}],"replies":[{"embeddable":true,"href":"https:\/\/elfsight.com\/pl\/wp-json\/wp\/v2\/comments?post=5981"}],"version-history":[{"count":1,"href":"https:\/\/elfsight.com\/pl\/wp-json\/wp\/v2\/pages\/5981\/revisions"}],"predecessor-version":[{"id":5985,"href":"https:\/\/elfsight.com\/pl\/wp-json\/wp\/v2\/pages\/5981\/revisions\/5985"}],"up":[{"embeddable":true,"href":"https:\/\/elfsight.com\/pl\/wp-json\/wp\/v2\/pages\/2865"}],"wp:attachment":[{"href":"https:\/\/elfsight.com\/pl\/wp-json\/wp\/v2\/media?parent=5981"}],"curies":[{"name":"wp","href":"https:\/\/api.w.org\/{rel}","templated":true}]}}