{"id":5968,"date":"1970-01-01T00:00:00","date_gmt":"1970-01-01T00:00:00","guid":{"rendered":"https:\/\/elfsight.com\/pl\/?page_id=5968"},"modified":"2025-06-23T09:08:55","modified_gmt":"2025-06-23T09:08:55","slug":"shopify","status":"publish","type":"page","link":"https:\/\/elfsight.com\/pl\/podcast-player-widget\/shopify\/","title":{"rendered":"Podcast Player &#8211; Shopify"},"content":{"rendered":"<div class=\"application-platform-content-item-description application-platform-content-item\" id=\"description\" data-nav-section=\"description\"> <h2>Osad\u017a odtwarzacz podcast\u00f3w w Shopify za pomoc\u0105 wid\u017cetu Elfsight<\/h2> <p>Elfsight Podcast Player to prosta aplikacja dla witryn Shopify, kt\u00f3ra umo\u017cliwia odtwarzaj podcasty na stronach swojej witryny. Widget jest w pe\u0142ni konfigurowalny: mo\u017cesz zmieni\u0107 jego po\u0142o\u017cenie, osadzi\u0107 go w dowolnym miejscu strony, skalowa\u0107 jego rozmiar, zmieni\u0107 kolor t\u0142a i wszystkich innych element\u00f3w, aby po\u0142\u0105czy\u0107 je z uk\u0142adem witryny, zastosowa\u0107 ciemn\u0105 kolorystyk\u0119, zademonstrowa\u0107 ok\u0142adki i wy\u015bwietli\u0107 lub ukry\u0107 3 dodatkowe szczeg\u00f3\u0142y gracza, na przyk\u0142ad pasek post\u0119pu i inne. Zabawiaj swoich go\u015bci, w\u0142\u0105cz opcj\u0119 autoodtwarzania i nie wahaj si\u0119 \u2013 Twoi u\u017cytkownicy nie opuszcz\u0105 Twojej witryny w po\u015bpiechu!. <\/p> <p><b>Zachwy\u0107 swoich odbiorc\u00f3w, przekazuj\u0105c im cenne i interesuj\u0105ce informacje za pomoc\u0105 odtwarzacza podcast\u00f3w Elfsight<\/b><\/p> <\/div> <div class=\"application-platform-content-item-features application-platform-content-item\" id=\"features\" data-nav-section=\"features\"> <h2>Zobacz list\u0119 najbardziej przydatnych funkcji: <\/h2> <ul><li>Nieograniczone zmiany kolor\u00f3w. <\/li><li>2 uk\u0142ady gotowe do u\u017cycia. <\/li><li>Opcja dodania obrazu t\u0142a. <\/li><li>Dodaj nieograniczon\u0105 liczb\u0119 utwor\u00f3w. <\/li><li>Mo\u017cliwo\u015b\u0107 zaprojektowania w\u0142asnego motywu kolorystycznego. <\/li><\/ul><p><a href=\"#demo\">Przetestuj wszystkie opcje dostosowywania w pe\u0142nej wersji demonstracyjnej<\/a><\/p> <\/div> <div class=\"application-platform-content-item-installation application-platform-content-item\" id=\"installation\" data-nav-section=\"installation\"> <h2>Jak osadzi\u0107 Odtwarzacz Podcast\u00f3w w mojej witrynie Shopify? <\/h2><div class=\"video-container\"><iframe width=\"720\" height=\"405\" src=\"https:\/\/www.youtube.com\/embed\/Fi5U7dgsZAo\" frameborder=\"0\" allowfullscreen=\"\"><\/iframe><\/div><p>Wystarczy wykona\u0107 kilka krok\u00f3w opisanych poni\u017cej, aby zintegrowa\u0107 aplikacj\u0119. <\/p> <ol><li><b>Skorzystaj z naszego bezp\u0142atnego konfiguratora i rozpocznij prac\u0119 ze swoj\u0105 niestandardow\u0105 aplikacj\u0105. <\/b><br> Okre\u015bl wybran\u0105 form\u0119 i cechy aplikacji oraz zapisz wszystkie poprawki. <\/li> <li><b>Wy\u015bwietl sw\u00f3j indywidualny kod w polu aplikacji Elfsight. <\/b><br> Po zako\u0144czeniu tworzenia aplikacji osobistej skopiuj indywidualny kod z wy\u015bwietlonego pola i zachowaj go na przysz\u0142o\u015b\u0107. <\/li> <li><b>Rozpocznij korzystanie z aplikacji w witrynie Shopify. <\/b><br> Zaimplementuj kod, kt\u00f3ry ostatnio zapisa\u0142e\u015b na swojej stronie internetowej i zastosuj zmiany. <\/li> <li><b>Gotowe! Integracja zosta\u0142a pomy\u015blnie zako\u0144czona. <\/b><br> Otw\u00f3rz swoj\u0105 witryn\u0119, aby zobaczy\u0107, jak dzia\u0142a aplikacja. <\/li><\/ol><p>Je\u015bli napotkasz jakiekolwiek trudno\u015bci, nie wahaj si\u0119 zwr\u00f3ci\u0107 o pomoc do naszego zespo\u0142u wsparcia. Nasi konsultanci z przyjemno\u015bci\u0105 pomog\u0105 Ci we wszystkich problemach, jakie mo\u017cesz mie\u0107 z narz\u0119dziem. <\/p><div class=\"faq\" data-component=\"FAQ\"><div class=\"faq-item\">\r\n\t\t\t\t\t<div class=\"faq-item-question\">\r\n\t\t\t\t\t\t<h3 class=\"faq-item-question-text\">Jak mog\u0119 osadzi\u0107 odtwarzacz podcast\u00f3w dla Shopify bez umiej\u0119tno\u015bci kodowania?<\/h3>\r\n\r\n\t\t\t\t\t\t<div class=\"faq-item-question-icon\"><\/div>\r\n\t\t\t\t\t<\/div>\r\n\r\n\t\t\t\t\t<div class=\"faq-item-answer\">\r\n\t\t\t\t\t\t<div class=\"faq-item-answer-text\"><p>Elfsight zapewnia rozwi\u0105zanie oparte na chmurze, kt\u00f3re umo\u017cliwia u\u017cytkownikom samodzielne utworzenie odtwarzacza podcast\u00f3w dla Shopify. Odkryj, jak prosty mo\u017ce by\u0107 ten proces:<\/p><ul><li>Uzyskaj dost\u0119p do edytora online, aby wygenerowa\u0107 sekcj\u0119 Odtwarzacza podcast\u00f3w, kt\u00f3r\u0105 chcesz zintegrowa\u0107 ze swoim sklepem Shopify.<\/li><li>Wybierz jedn\u0105 z naszych wst\u0119pnie zaprojektowanych szablon\u00f3w i dostosuj ustawienia Odtwarzacza Podcast\u00f3w, dostosowuj\u0105c uk\u0142ad i schemat kolor\u00f3w oraz do\u0142\u0105czaj\u0105c tre\u015bci bez konieczno\u015bci kodowania.<\/li><li>Zapisz ustawienia skonfigurowane dla Odtwarzacza Podcast\u00f3w i uzyskaj kod do osadzenia, kt\u00f3ry mo\u017cna \u0142atwo i bezp\u0142atnie doda\u0107 do Twojego sklepu Shopify.<\/li><\/ul><p>Dzi\u0119ki pracy w przyjaznym dla u\u017cytkownika Edytorze ka\u017cdy u\u017cytkownik Internetu mo\u017ce utworzy\u0107 sekcj\u0119 Odtwarzacza Podcast\u00f3w i osadzi\u0107 j\u0105 w ich sklepie Shopify. Aby uzyska\u0107 dost\u0119p do Edytora Elfsight, nie ma wymogu dokonywania p\u0142atno\u015bci ani ujawniania danych karty. Je\u015bli na kt\u00f3rymkolwiek etapie napotkasz jakiekolwiek trudno\u015bci, skontaktuj si\u0119 z naszym dzia\u0142em obs\u0142ugi klienta.<\/p><\/div>\r\n\t\t\t\t\t<\/div>\r\n\t\t\t\t<\/div><\/div> <\/div>","protected":false},"excerpt":{"rendered":"","protected":false},"author":9,"featured_media":0,"parent":2865,"menu_order":0,"comment_status":"closed","ping_status":"closed","template":"templates\/template-application-platform.php","meta":{"publish_to_discourse":"","publish_post_category":"","wpdc_auto_publish_overridden":"","wpdc_topic_tags":"","wpdc_pin_topic":"","wpdc_pin_until":"","discourse_post_id":"","discourse_permalink":"","wpdc_publishing_response":"","wpdc_publishing_error":"","footnotes":""},"class_list":["post-5968","page","type-page","status-publish","hentry"],"yoast_head":"<!-- This site is optimized with the Yoast SEO plugin v25.3.1 - https:\/\/yoast.com\/wordpress\/plugins\/seo\/ -->\n<title>Odtwarzacz podcast\u00f3w Elfsight dla witryny Shopify (bezp\u0142atny i \u0142atwy)<\/title>\n<meta name=\"description\" content=\"Zastosuj nasz\u0105 dost\u0119pn\u0105 wersj\u0119 demonstracyjn\u0105 i zaimplementuj responsywny odtwarzacz podcast\u00f3w w swojej witrynie Shopify. Skorzystaj z naszego \u0142atwego w zarz\u0105dzaniu demo i zbuduj spersonalizowan\u0105 aplikacj\u0119 w 1-2-3!\" \/>\n<meta name=\"robots\" content=\"index, follow, max-snippet:-1, max-image-preview:large, max-video-preview:-1\" \/>\n<link rel=\"canonical\" href=\"https:\/\/elfsight.com\/pl\/podcast-player-widget\/shopify\/\" \/>\n<meta property=\"og:locale\" content=\"pl_PL\" \/>\n<meta property=\"og:type\" content=\"article\" \/>\n<meta property=\"og:title\" content=\"Odtwarzacz podcast\u00f3w Elfsight dla witryny Shopify (bezp\u0142atny i \u0142atwy)\" \/>\n<meta property=\"og:description\" content=\"Zastosuj nasz\u0105 dost\u0119pn\u0105 wersj\u0119 demonstracyjn\u0105 i zaimplementuj responsywny odtwarzacz podcast\u00f3w w swojej witrynie Shopify. Skorzystaj z naszego \u0142atwego w zarz\u0105dzaniu demo i zbuduj spersonalizowan\u0105 aplikacj\u0119 w 1-2-3!\" \/>\n<meta property=\"og:url\" content=\"https:\/\/elfsight.com\/pl\/podcast-player-widget\/shopify\/\" \/>\n<meta property=\"og:site_name\" content=\"Elfsight PL\" \/>\n<meta property=\"article:modified_time\" content=\"2025-06-23T09:08:55+00:00\" \/>\n<meta name=\"twitter:card\" content=\"summary_large_image\" \/>\n<meta name=\"twitter:label1\" content=\"Szacowany czas czytania\" \/>\n\t<meta name=\"twitter:data1\" content=\"3 minuty\" \/>\n<!-- \/ Yoast SEO plugin. -->","yoast_head_json":{"title":"Odtwarzacz podcast\u00f3w Elfsight dla witryny Shopify (bezp\u0142atny i \u0142atwy)","description":"Zastosuj nasz\u0105 dost\u0119pn\u0105 wersj\u0119 demonstracyjn\u0105 i zaimplementuj responsywny odtwarzacz podcast\u00f3w w swojej witrynie Shopify. Skorzystaj z naszego \u0142atwego w zarz\u0105dzaniu demo i zbuduj spersonalizowan\u0105 aplikacj\u0119 w 1-2-3!","robots":{"index":"index","follow":"follow","max-snippet":"max-snippet:-1","max-image-preview":"max-image-preview:large","max-video-preview":"max-video-preview:-1"},"canonical":"https:\/\/elfsight.com\/pl\/podcast-player-widget\/shopify\/","og_locale":"pl_PL","og_type":"article","og_title":"Odtwarzacz podcast\u00f3w Elfsight dla witryny Shopify (bezp\u0142atny i \u0142atwy)","og_description":"Zastosuj nasz\u0105 dost\u0119pn\u0105 wersj\u0119 demonstracyjn\u0105 i zaimplementuj responsywny odtwarzacz podcast\u00f3w w swojej witrynie Shopify. Skorzystaj z naszego \u0142atwego w zarz\u0105dzaniu demo i zbuduj spersonalizowan\u0105 aplikacj\u0119 w 1-2-3!","og_url":"https:\/\/elfsight.com\/pl\/podcast-player-widget\/shopify\/","og_site_name":"Elfsight PL","article_modified_time":"2025-06-23T09:08:55+00:00","twitter_card":"summary_large_image","twitter_misc":{"Szacowany czas czytania":"3 minuty"},"schema":{"@context":"https:\/\/schema.org","@graph":[{"@type":"WebPage","@id":"https:\/\/elfsight.com\/pl\/podcast-player-widget\/shopify\/","url":"https:\/\/elfsight.com\/pl\/podcast-player-widget\/shopify\/","name":"Odtwarzacz podcast\u00f3w Elfsight dla witryny Shopify (bezp\u0142atny i \u0142atwy)","isPartOf":{"@id":"https:\/\/elfsight.com\/pl\/#website"},"datePublished":"1970-01-01T00:00:00+00:00","dateModified":"2025-06-23T09:08:55+00:00","description":"Zastosuj nasz\u0105 dost\u0119pn\u0105 wersj\u0119 demonstracyjn\u0105 i zaimplementuj responsywny odtwarzacz podcast\u00f3w w swojej witrynie Shopify. Skorzystaj z naszego \u0142atwego w zarz\u0105dzaniu demo i zbuduj spersonalizowan\u0105 aplikacj\u0119 w 1-2-3!","breadcrumb":{"@id":"https:\/\/elfsight.com\/pl\/podcast-player-widget\/shopify\/#breadcrumb"},"inLanguage":"pl-PL","potentialAction":[{"@type":"ReadAction","target":["https:\/\/elfsight.com\/pl\/podcast-player-widget\/shopify\/"]}]},{"@type":"BreadcrumbList","@id":"https:\/\/elfsight.com\/pl\/podcast-player-widget\/shopify\/#breadcrumb","itemListElement":[{"@type":"ListItem","position":1,"name":"Home","item":"https:\/\/elfsight.com\/pl\/"},{"@type":"ListItem","position":2,"name":"Podcast Player","item":"https:\/\/elfsight.com\/pl\/podcast-player-widget\/"},{"@type":"ListItem","position":3,"name":"Podcast Player &#8211; Shopify"}]},{"@type":"WebSite","@id":"https:\/\/elfsight.com\/pl\/#website","url":"https:\/\/elfsight.com\/pl\/","name":"Elfsight PL","description":"Just another Elfsight Sites site","potentialAction":[{"@type":"SearchAction","target":{"@type":"EntryPoint","urlTemplate":"https:\/\/elfsight.com\/pl\/?s={search_term_string}"},"query-input":{"@type":"PropertyValueSpecification","valueRequired":true,"valueName":"search_term_string"}}],"inLanguage":"pl-PL"}]}},"meta_box":{"industry":"","seo_heading":"","heading":"","description":"","cta_heading":"","cta_description":"","application":"2864","h1":"Aplikacja Shopify Podcast Player","h1_caption":"Osad\u017a odtwarzacz podcast\u00f3w bezpo\u015brednio w swojej witrynie, umo\u017cliwiaj\u0105c u\u017cytkownikom s\u0142uchanie Twoich odcink\u00f3w bez konieczno\u015bci opuszczania strony w witrynie Shopify.","application_category":[],"applications_title":"","applications_request_title":"","applications_request_button_text":"","hero_text":"","hero_video":"","hero_video_schema_markup":"","selling_points_title":"","selling_points_caption":"","selling_points":[],"selling_points_cta_text":"","features_title":"","features":"","ed_cta_examples_text":"","ed_cta_examples_hidden":"","ed_cta_demo_text":"","ed_cta_demo_hidden":"","why_caption":"","why_editor_title":"","why_editor_text":"","why_team_title":"","why_team_text":"","why_service_title":"","why_service_text":"","template_catalog_visible":"0","template_catalog_title":"","template_catalog_text":"","template_catalog_categories_visible":"","demo_title":"Utw\u00f3rz aplikacj\u0119 Odtwarzacza Podcast\u00f3w","demo_caption":"Skonfiguruj sw\u00f3j Odtwarzacz Podcast\u00f3w i dodaj go do swojej witryny Shopify za darmo!","default_faq_hidden":"","app_template_category":[],"platform":"7580","template_public_id":"","codecanyon_url":"","codecanyon_item_id":"","codecanyon_price":"","pricing_caption":"","pricing_elfsight_apps_hide_column":"","pricing_elfsight_apps_url":"","pricing_codecanyon_price_caption":"","integration_category":[],"integration_request_title":"","integration_request_cta":"","integration_platform":"","integrations":[],"platform_category":[],"video_schema_markup":"","price":"od 0 USD \/ miesi\u0105c","trial":"","benefits":[{"text":"Bezp\u0142atna us\u0142uga monta\u017cu"},{"text":"Wsparcie premium"},{"text":"14-dniowa gwarancja zwrotu pieni\u0119dzy"}],"button_url":"#demo","button_target_blank":"0","button_nofollow":"0","attributes":[{"name":"Instaluje"},{"name":"Czu\u0142y"},{"name":"Kompatybilne przegl\u0105darki"}],"tags":[],"tags_disable_links":"0","hide_more_platforms":"0","video_object":"","demo_hide_cta":"0","demo_hide_cloud_options":"0","pricing_title":"","pricing":[{"pricing_icon":"cloud","pricing_title":"Elfsight Apps","pricing_title_caption":"Wersja wieloplatformowa, kt\u00f3ra dzia\u0142a na ka\u017cdej stronie","pricing_price":"od 0 USD \/ miesi\u0105c","pricing_price_caption":"zacznij od bezp\u0142atnego planu","pricing_benefits":[{"text":"Nielimitowane strony internetowe"},{"text":"Wsparcie premium"},{"text":"Bezp\u0142atna us\u0142uga monta\u017cu"},{"text":"Oferta specjalna na wiele aplikacji"}],"pricing_button_text":"Dodaj do witryny","pricing_button_url":"#demo"}],"related_apps_title":"","related_apps_hidden":"0","author":"","image":[],"title":"","job":"","social_networks":[]},"_links":{"self":[{"href":"https:\/\/elfsight.com\/pl\/wp-json\/wp\/v2\/pages\/5968","targetHints":{"allow":["GET"]}}],"collection":[{"href":"https:\/\/elfsight.com\/pl\/wp-json\/wp\/v2\/pages"}],"about":[{"href":"https:\/\/elfsight.com\/pl\/wp-json\/wp\/v2\/types\/page"}],"author":[{"embeddable":true,"href":"https:\/\/elfsight.com\/pl\/wp-json\/wp\/v2\/users\/9"}],"replies":[{"embeddable":true,"href":"https:\/\/elfsight.com\/pl\/wp-json\/wp\/v2\/comments?post=5968"}],"version-history":[{"count":2,"href":"https:\/\/elfsight.com\/pl\/wp-json\/wp\/v2\/pages\/5968\/revisions"}],"predecessor-version":[{"id":7930,"href":"https:\/\/elfsight.com\/pl\/wp-json\/wp\/v2\/pages\/5968\/revisions\/7930"}],"up":[{"embeddable":true,"href":"https:\/\/elfsight.com\/pl\/wp-json\/wp\/v2\/pages\/2865"}],"wp:attachment":[{"href":"https:\/\/elfsight.com\/pl\/wp-json\/wp\/v2\/media?parent=5968"}],"curies":[{"name":"wp","href":"https:\/\/api.w.org\/{rel}","templated":true}]}}