{"id":5966,"date":"1970-01-01T00:00:00","date_gmt":"1970-01-01T00:00:00","guid":{"rendered":"https:\/\/elfsight.com\/pl\/?page_id=5966"},"modified":"2024-11-14T09:20:47","modified_gmt":"2024-11-14T09:20:47","slug":"webflow","status":"publish","type":"page","link":"https:\/\/elfsight.com\/pl\/podcast-player-widget\/webflow\/","title":{"rendered":"Podcast Player &#8211; Webflow"},"content":{"rendered":"<div class=\"application-platform-content-item-description application-platform-content-item\" id=\"description\" data-nav-section=\"description\"> <h2>Osad\u017a odtwarzacz podcast\u00f3w w Webflow za pomoc\u0105 wid\u017cetu Elfsight<\/h2> <p>Elfsight Podcast Player to proste narz\u0119dzie dla Webflow, kt\u00f3re umo\u017cliwia odtwarzaj podcasty bezpo\u015brednio na swojej stronie internetowej. Wtyczka jest wysoce konfigurowalna: mo\u017cesz zmieni\u0107 jej po\u0142o\u017cenie, wstawi\u0107 j\u0105 w dowolnym miejscu strony, skalowa\u0107 jej rozmiar, przemalowa\u0107 t\u0142o i wszystkie inne cz\u0119\u015bci, aby dopasowa\u0107 je do projektu witryny, zastosowa\u0107 ciemny motyw, wy\u015bwietli\u0107 ok\u0142adki i pokaza\u0107 lub ukry\u0107 trzy inne dane gracza, na przyk\u0142ad pasek post\u0119pu i inne. Zabawiaj swoich u\u017cytkownik\u00f3w, w\u0142\u0105cz opcj\u0119 autoodtwarzania i nie wahaj si\u0119 \u2013 Twoi u\u017cytkownicy nie opuszcz\u0105 Twojej strony g\u0142\u00f3wnej od razu!. <\/p> <p><b>Zaanga\u017cuj swoich odbiorc\u00f3w, udost\u0119pniaj\u0105c im przydatne i wci\u0105gaj\u0105ce materia\u0142y za pomoc\u0105 odtwarzacza podcast\u00f3w Elfsight<\/b><\/p> <\/div> <div class=\"application-platform-content-item-features application-platform-content-item\" id=\"features\" data-nav-section=\"features\"> <h2>Odkrywaj lista najwa\u017cniejszych funkcji: <\/h2> <ul><li>R\u00f3\u017cne zmiany kolor\u00f3w. <\/li><li>Dost\u0119pne 2 uk\u0142ady. <\/li><li>Mo\u017cliwo\u015b\u0107 wykorzystania obrazu t\u0142a. <\/li><li>Dostosuj nieograniczon\u0105 liczb\u0119 utwor\u00f3w. <\/li><li>Mo\u017cliwo\u015b\u0107 stworzenia w\u0142asnej kolorystyki. <\/li><\/ul><p><a href=\"#demo\">Mo\u017cesz sprawdzi\u0107, jak dzia\u0142a widget, wypr\u00f3bowuj\u0105c wersj\u0119 demonstracyjn\u0105<\/a><\/p> <\/div> <div class=\"application-platform-content-item-installation application-platform-content-item\" id=\"installation\" data-nav-section=\"installation\"> <h2>Jak doda\u0107 Odtwarzacz Podcast\u00f3w do mojej witryny Webflow? <\/h2><div class=\"video-container\"><iframe width=\"720\" height=\"405\" src=\"https:\/\/www.youtube.com\/embed\/BTZcSyYwR8o\" frameborder=\"0\" allowfullscreen=\"\"><\/iframe><\/div><p>Wystarczy wykona\u0107 poni\u017csze kroki opisane poni\u017cej, aby aktywowa\u0107 narz\u0119dzie. <\/p> <ol><li><b>Skorzystaj z naszej bezp\u0142atnej wersji demonstracyjnej i zacznij budowa\u0107 sw\u00f3j instrument na zam\u00f3wienie. <\/b><br> Znajd\u017a odpowiedni wygl\u0105d i funkcje wid\u017cetu i zapisz zmiany. <\/li> <li><b>Skopiuj sw\u00f3j indywidualny kod pojawiaj\u0105cy si\u0119 w polu aplikacji Elfsight. <\/b><br> Zaraz po zako\u0144czeniu konfiguracji narz\u0119dzia skopiuj kod osobisty z wy\u015bwietlonego pola i zachowaj go do dalszego wykorzystania. <\/li> <li><b>Zacznij korzysta\u0107 z wid\u017cetu na swojej stronie internetowej Webflow. <\/b><br> Umie\u015b\u0107 zapisany wcze\u015bniej kod w swojej witrynie i zastosuj zmiany. <\/li> <li><b>Gotowe! Integracja zosta\u0142a pomy\u015blnie zako\u0144czona. <\/b><br> Wejd\u017a na swoj\u0105 stron\u0119 i sprawd\u017a dzia\u0142anie narz\u0119dzia. <\/li><\/ol> <p>Je\u015bli masz pytania lub napotkasz jakiekolwiek trudno\u015bci, nie wahaj si\u0119 skontaktowa\u0107 z naszym personelem pomocniczym. Nasi ludzie pragn\u0105 pom\u00f3c Ci we wszystkich trudno\u015bciach, jakie mo\u017cesz mie\u0107 z wtyczk\u0105. <\/p> <div class=\"faq\" data-component=\"FAQ\"><div class=\"faq-item\">\r\n\t\t\t\t\t<div class=\"faq-item-question\">\r\n\t\t\t\t\t\t<h3 class=\"faq-item-question-text\">Jak mog\u0119 osadzi\u0107 wid\u017cet Odtwarzacza Podcast\u00f3w w mojej witrynie Webflow bez umiej\u0119tno\u015bci kodowania?<\/h3>\r\n\r\n\t\t\t\t\t\t<div class=\"faq-item-question-icon\"><\/div>\r\n\t\t\t\t\t<\/div>\r\n\r\n\t\t\t\t\t<div class=\"faq-item-answer\">\r\n\t\t\t\t\t\t<div class=\"faq-item-answer-text\"><p>Elfsight zapewnia rozwi\u0105zanie oparte na chmurze, kt\u00f3re umo\u017cliwia u\u017cytkownikom tworzenie wid\u017cetu Odtwarzacza Podcast\u00f3w na samodzielnie, przekonaj si\u0119, jak prosty jest ten proces:<\/p><ul><li>Uzyskaj dost\u0119p do edytora online, aby wygenerowa\u0107 sekcj\u0119 wid\u017cetu odtwarzacza podcast\u00f3w, kt\u00f3r\u0105 chcesz zintegrowa\u0107 ze swoj\u0105 witryn\u0105 Webflow.<\/li><li>Wybierz. jeden z naszych wst\u0119pnie zaprojektowanych szablon\u00f3w i dostosuj ustawienia wid\u017cetu Odtwarzacza Podcast\u00f3w, zmodyfikuj uk\u0142ad i schemat kolor\u00f3w, do\u0142\u0105cz swoj\u0105 tre\u015b\u0107 bez konieczno\u015bci kodowania.<\/li><li>Zapisz ustawienia skonfigurowane dla wid\u017cetu Odtwarzacza Podcast\u00f3w i uzyskaj kod do osadzenia wid\u017cetu, kt\u00f3ry mo\u017cesz \u0142atwo i bezp\u0142atnie doda\u0107 do swojej witryny Webflow.<\/li><\/ul><p>Pracuj\u0105c w przyjaznym dla u\u017cytkownika Edytorze, ka\u017cdy u\u017cytkownik Internetu mo\u017ce stworzy\u0107 Odtwarzacz Podcast\u00f3w sekcj\u0119 wid\u017cet\u00f3w i umie\u015b\u0107 j\u0105 na swojej stronie internetowej Webflow. Aby uzyska\u0107 dost\u0119p do Edytora Elfsight, nie jest wymagana \u017cadna p\u0142atno\u015b\u0107 ani ujawnianie danych karty. Je\u015bli na kt\u00f3rymkolwiek etapie napotkasz jakiekolwiek trudno\u015bci, skontaktuj si\u0119 z naszym dzia\u0142em obs\u0142ugi klienta.<\/p><\/div>\r\n\t\t\t\t\t<\/div>\r\n\t\t\t\t<\/div><\/div><\/div>","protected":false},"excerpt":{"rendered":"","protected":false},"author":9,"featured_media":0,"parent":2865,"menu_order":0,"comment_status":"closed","ping_status":"closed","template":"templates\/template-application-platform.php","meta":{"publish_to_discourse":"","publish_post_category":"","wpdc_auto_publish_overridden":"","wpdc_topic_tags":"","wpdc_pin_topic":"","wpdc_pin_until":"","discourse_post_id":"","discourse_permalink":"","wpdc_publishing_response":"","wpdc_publishing_error":"","footnotes":""},"class_list":["post-5966","page","type-page","status-publish","hentry"],"yoast_head":"<!-- This site is optimized with the Yoast SEO plugin v25.3.1 - https:\/\/yoast.com\/wordpress\/plugins\/seo\/ -->\n<title>Odtwarzacz podcast\u00f3w Elfsight dla witryny Webflow (bezp\u0142atny i szybki)<\/title>\n<meta name=\"description\" content=\"Zacznij korzysta\u0107 z naszego \u0142atwego w zarz\u0105dzaniu demo i umie\u015b\u0107 responsywny odtwarzacz podcast\u00f3w na swojej stronie internetowej Webflow. Skorzystaj z naszej por\u0119cznej wersji demonstracyjnej i z \u0142atwo\u015bci\u0105 stw\u00f3rz w\u0142asn\u0105 wtyczk\u0119!\" \/>\n<meta name=\"robots\" content=\"index, follow, max-snippet:-1, max-image-preview:large, max-video-preview:-1\" \/>\n<link rel=\"canonical\" href=\"https:\/\/elfsight.com\/pl\/podcast-player-widget\/webflow\/\" \/>\n<meta property=\"og:locale\" content=\"pl_PL\" \/>\n<meta property=\"og:type\" content=\"article\" \/>\n<meta property=\"og:title\" content=\"Odtwarzacz podcast\u00f3w Elfsight dla witryny Webflow (bezp\u0142atny i szybki)\" \/>\n<meta property=\"og:description\" content=\"Zacznij korzysta\u0107 z naszego \u0142atwego w zarz\u0105dzaniu demo i umie\u015b\u0107 responsywny odtwarzacz podcast\u00f3w na swojej stronie internetowej Webflow. Skorzystaj z naszej por\u0119cznej wersji demonstracyjnej i z \u0142atwo\u015bci\u0105 stw\u00f3rz w\u0142asn\u0105 wtyczk\u0119!\" \/>\n<meta property=\"og:url\" content=\"https:\/\/elfsight.com\/pl\/podcast-player-widget\/webflow\/\" \/>\n<meta property=\"og:site_name\" content=\"Elfsight PL\" \/>\n<meta property=\"article:modified_time\" content=\"2024-11-14T09:20:47+00:00\" \/>\n<meta name=\"twitter:card\" content=\"summary_large_image\" \/>\n<meta name=\"twitter:label1\" content=\"Szacowany czas czytania\" \/>\n\t<meta name=\"twitter:data1\" content=\"3 minuty\" \/>\n<!-- \/ Yoast SEO plugin. -->","yoast_head_json":{"title":"Odtwarzacz podcast\u00f3w Elfsight dla witryny Webflow (bezp\u0142atny i szybki)","description":"Zacznij korzysta\u0107 z naszego \u0142atwego w zarz\u0105dzaniu demo i umie\u015b\u0107 responsywny odtwarzacz podcast\u00f3w na swojej stronie internetowej Webflow. Skorzystaj z naszej por\u0119cznej wersji demonstracyjnej i z \u0142atwo\u015bci\u0105 stw\u00f3rz w\u0142asn\u0105 wtyczk\u0119!","robots":{"index":"index","follow":"follow","max-snippet":"max-snippet:-1","max-image-preview":"max-image-preview:large","max-video-preview":"max-video-preview:-1"},"canonical":"https:\/\/elfsight.com\/pl\/podcast-player-widget\/webflow\/","og_locale":"pl_PL","og_type":"article","og_title":"Odtwarzacz podcast\u00f3w Elfsight dla witryny Webflow (bezp\u0142atny i szybki)","og_description":"Zacznij korzysta\u0107 z naszego \u0142atwego w zarz\u0105dzaniu demo i umie\u015b\u0107 responsywny odtwarzacz podcast\u00f3w na swojej stronie internetowej Webflow. Skorzystaj z naszej por\u0119cznej wersji demonstracyjnej i z \u0142atwo\u015bci\u0105 stw\u00f3rz w\u0142asn\u0105 wtyczk\u0119!","og_url":"https:\/\/elfsight.com\/pl\/podcast-player-widget\/webflow\/","og_site_name":"Elfsight PL","article_modified_time":"2024-11-14T09:20:47+00:00","twitter_card":"summary_large_image","twitter_misc":{"Szacowany czas czytania":"3 minuty"},"schema":{"@context":"https:\/\/schema.org","@graph":[{"@type":"WebPage","@id":"https:\/\/elfsight.com\/pl\/podcast-player-widget\/webflow\/","url":"https:\/\/elfsight.com\/pl\/podcast-player-widget\/webflow\/","name":"Odtwarzacz podcast\u00f3w Elfsight dla witryny Webflow (bezp\u0142atny i szybki)","isPartOf":{"@id":"https:\/\/elfsight.com\/pl\/#website"},"datePublished":"1970-01-01T00:00:00+00:00","dateModified":"2024-11-14T09:20:47+00:00","description":"Zacznij korzysta\u0107 z naszego \u0142atwego w zarz\u0105dzaniu demo i umie\u015b\u0107 responsywny odtwarzacz podcast\u00f3w na swojej stronie internetowej Webflow. Skorzystaj z naszej por\u0119cznej wersji demonstracyjnej i z \u0142atwo\u015bci\u0105 stw\u00f3rz w\u0142asn\u0105 wtyczk\u0119!","breadcrumb":{"@id":"https:\/\/elfsight.com\/pl\/podcast-player-widget\/webflow\/#breadcrumb"},"inLanguage":"pl-PL","potentialAction":[{"@type":"ReadAction","target":["https:\/\/elfsight.com\/pl\/podcast-player-widget\/webflow\/"]}]},{"@type":"BreadcrumbList","@id":"https:\/\/elfsight.com\/pl\/podcast-player-widget\/webflow\/#breadcrumb","itemListElement":[{"@type":"ListItem","position":1,"name":"Home","item":"https:\/\/elfsight.com\/pl\/"},{"@type":"ListItem","position":2,"name":"Podcast Player","item":"https:\/\/elfsight.com\/pl\/podcast-player-widget\/"},{"@type":"ListItem","position":3,"name":"Podcast Player &#8211; Webflow"}]},{"@type":"WebSite","@id":"https:\/\/elfsight.com\/pl\/#website","url":"https:\/\/elfsight.com\/pl\/","name":"Elfsight PL","description":"Just another Elfsight Sites site","potentialAction":[{"@type":"SearchAction","target":{"@type":"EntryPoint","urlTemplate":"https:\/\/elfsight.com\/pl\/?s={search_term_string}"},"query-input":{"@type":"PropertyValueSpecification","valueRequired":true,"valueName":"search_term_string"}}],"inLanguage":"pl-PL"}]}},"meta_box":{"industry":"","seo_heading":"","heading":"","description":"","cta_heading":"","cta_description":"","application":"2864","h1":"Wid\u017cet odtwarzacza podcast\u00f3w Webflow","h1_caption":"Umie\u015b\u0107 odtwarzacz podcast\u00f3w bezpo\u015brednio w swojej witrynie, umo\u017cliwiaj\u0105c u\u017cytkownikom s\u0142uchanie Twoich odcink\u00f3w bez konieczno\u015bci opuszczania strony w witrynie Webflow.","application_category":[],"applications_title":"","applications_request_title":"","applications_request_button_text":"","hero_text":"","hero_video":"","hero_video_schema_markup":"","selling_points_title":"","selling_points_caption":"","selling_points":[],"selling_points_cta_text":"","features_title":"","features":"","ed_cta_examples_text":"","ed_cta_examples_hidden":"","ed_cta_demo_text":"","ed_cta_demo_hidden":"","why_caption":"","why_editor_title":"","why_editor_text":"","why_team_title":"","why_team_text":"","why_service_title":"","why_service_text":"","template_catalog_visible":"","template_catalog_title":"","template_catalog_text":"","template_catalog_categories_visible":"","demo_title":"Utw\u00f3rz wid\u017cet odtwarzacza podcast\u00f3w","demo_caption":"Skonfiguruj sw\u00f3j odtwarzacz podcast\u00f3w i dodaj go do swojej witryny Webflow za darmo!","default_faq_hidden":"","app_template_category":[],"platform":"127","template_public_id":"","codecanyon_url":"","codecanyon_item_id":"","codecanyon_price":"","pricing_caption":"","pricing_elfsight_apps_hide_column":"","pricing_elfsight_apps_url":"","pricing_codecanyon_price_caption":"","integration_category":[],"integration_request_title":"","integration_request_cta":"","integration_platform":"","integrations":[],"platform_category":[],"video_schema_markup":"","price":"od 0 USD \/ miesi\u0105c","trial":"","benefits":[{"text":"Bezp\u0142atna us\u0142uga monta\u017cu"},{"text":"Do\u015bwiadczona obs\u0142uga klienta"},{"text":"14-dniowa gwarancja zwrotu pieni\u0119dzy"}],"button_url":"#demo","button_target_blank":"","button_nofollow":"","attributes":[{"name":"Instaluje"},{"name":"Czu\u0142y"},{"name":"Kompatybilne przegl\u0105darki"}],"tags":[],"tags_disable_links":"","hide_more_platforms":"","video_object":"","demo_hide_cta":"","demo_hide_cloud_options":"","pricing_title":"","pricing":[{"pricing_icon":"platform","pricing_title":"Elfsight Apps","pricing_title_caption":"Oprogramowanie wieloplatformowe, kt\u00f3re dzia\u0142a na ka\u017cdej witrynie","pricing_price":"od 0 USD \/ miesi\u0105c","pricing_price_caption":"zacznij od bezp\u0142atnego planu","pricing_benefits":[{"text":"Nieograniczona liczba domen"},{"text":"Szybkie odpowiedzi wsparcia"},{"text":"Bezp\u0142atna us\u0142uga monta\u017cu"},{"text":"Oferta specjalna na wiele aplikacji"}],"pricing_button_text":"Dodaj do witryny","pricing_button_url":"#demo"}],"related_apps_title":"","related_apps_hidden":"","author":"","image":[],"title":"","job":"","social_networks":[]},"_links":{"self":[{"href":"https:\/\/elfsight.com\/pl\/wp-json\/wp\/v2\/pages\/5966","targetHints":{"allow":["GET"]}}],"collection":[{"href":"https:\/\/elfsight.com\/pl\/wp-json\/wp\/v2\/pages"}],"about":[{"href":"https:\/\/elfsight.com\/pl\/wp-json\/wp\/v2\/types\/page"}],"author":[{"embeddable":true,"href":"https:\/\/elfsight.com\/pl\/wp-json\/wp\/v2\/users\/9"}],"replies":[{"embeddable":true,"href":"https:\/\/elfsight.com\/pl\/wp-json\/wp\/v2\/comments?post=5966"}],"version-history":[{"count":2,"href":"https:\/\/elfsight.com\/pl\/wp-json\/wp\/v2\/pages\/5966\/revisions"}],"predecessor-version":[{"id":7928,"href":"https:\/\/elfsight.com\/pl\/wp-json\/wp\/v2\/pages\/5966\/revisions\/7928"}],"up":[{"embeddable":true,"href":"https:\/\/elfsight.com\/pl\/wp-json\/wp\/v2\/pages\/2865"}],"wp:attachment":[{"href":"https:\/\/elfsight.com\/pl\/wp-json\/wp\/v2\/media?parent=5966"}],"curies":[{"name":"wp","href":"https:\/\/api.w.org\/{rel}","templated":true}]}}