{"id":5958,"date":"1970-01-01T00:00:00","date_gmt":"1970-01-01T00:00:00","guid":{"rendered":"https:\/\/elfsight.com\/pl\/?page_id=5958"},"modified":"2024-11-14T09:20:40","modified_gmt":"2024-11-14T09:20:40","slug":"wordpress","status":"publish","type":"page","link":"https:\/\/elfsight.com\/pl\/podcast-player-widget\/wordpress\/","title":{"rendered":"Podcast Player &#8211; WordPress"},"content":{"rendered":"<div class=\"application-platform-content-item-description application-platform-content-item\" id=\"description\" data-nav-section=\"description\"> <h2>Osad\u017a Odtwarzacz Podcast\u00f3w w WordPressie za pomoc\u0105 wid\u017cetu Elfsight<\/h2> <p>Elfsight Podcast Player to nieskomplikowana wtyczka do WordPressa, kt\u00f3ra pozwala odtwarzaj podcasty bezpo\u015brednio na stronie g\u0142\u00f3wnej. Wid\u017cet ma ogromne mo\u017cliwo\u015bci dostosowywania: mo\u017cesz zmienia\u0107 jego po\u0142o\u017cenie, ustawia\u0107 w dowolnym miejscu strony, zmienia\u0107 jego rozmiar, zmienia\u0107 kolor t\u0142a i wszystkich innych cz\u0119\u015bci, aby dopasowa\u0107 go do projektu witryny, stosowa\u0107 ciemn\u0105 kolorystyk\u0119, wy\u015bwietla\u0107 obrazy i zademonstruj lub ukryj 3 inne szczeg\u00f3\u0142y gracza, takie jak pasek post\u0119pu i wiele innych. Zaanga\u017cuj odbiorc\u00f3w, w\u0142\u0105cz opcj\u0119 autoodtwarzania i miej pewno\u015b\u0107, \u017ce Twoi odbiorcy nie opuszcz\u0105 Twojej strony w po\u015bpiechu!. <\/p> <p><b>Zainteresuj swoich odbiorc\u00f3w, dostarczaj\u0105c im warto\u015bciowych i interesuj\u0105cych materia\u0142\u00f3w, korzystaj\u0105c z odtwarzacza podcast\u00f3w Elfsight<\/b><\/p> <\/div> <div class=\"application-platform-content-item-features application-platform-content-item\" id=\"features\" data-nav-section=\"features\"> <h2>Znajd\u017a poni\u017cej podstawowe cechy wtyczki: <\/h2> <ul><li>Liczne zmiany kolorystyczne. <\/li><li>2 uk\u0142ady gotowe do u\u017cycia. <\/li><li>Opcja dodania obrazu t\u0142a. <\/li><li>Niesko\u0144czona liczba utwor\u00f3w. <\/li><li>Opcja zaprojektowania spersonalizowanego motywu kolorystycznego. <\/li><\/ul><p><a href=\"#demo\">Wypr\u00f3buj wszystkie opcje dostosowywania w pe\u0142nej wersji demonstracyjnej<\/a><\/p> <\/div> <div class=\"application-platform-content-item-installation application-platform-content-item\" id=\"installation\" data-nav-section=\"installation\"> <h2>Jak osadzi\u0107 Odtwarzacz Podcast\u00f3w na mojej stronie internetowej WordPress? <\/h2><div class=\"video-container\"><iframe width=\"720\" height=\"405\" src=\"https:\/\/www.youtube.com\/embed\/RIhbiXG4zYg\" frameborder=\"0\" allowfullscreen=\"\"><\/iframe><\/div><p>Wystarczy spe\u0142ni\u0107 poni\u017csze wskaz\u00f3wki, aby rozpocz\u0105\u0107 prac\u0119 z wtyczk\u0105. <\/p> <ol><li><b>Wykonaj nasz darmowy konfigurator i zacznij budowa\u0107 w\u0142asn\u0105 wtyczk\u0119. <\/b><br> Znajd\u017a wybrany wygl\u0105d i cechy wtyczki i zapisz wszystkie zmiany. <\/li> <li><b>Skopiuj sw\u00f3j indywidualny kod pojawiaj\u0105cy si\u0119 w polu aplikacji Elfsight. <\/b><br> Zaraz po zako\u0144czeniu konfiguracji osobistej wtyczki skopiuj sw\u00f3j kod w wy\u015bwietlonym oknie i zachowaj go na p\u00f3\u017aniej. <\/li> <li><b>Rozpocznij stosowanie wtyczki na stronie WordPress. <\/b><br> Dodaj skopiowany wcze\u015bniej kod na swoj\u0105 stron\u0119 i zapisz poprawki. <\/li> <li><b>Gotowe! Integracja zosta\u0142a w pe\u0142ni uko\u0144czona. <\/b><br> Przejd\u017a na swoj\u0105 stron\u0119 internetow\u0105 i obserwuj dzia\u0142anie wtyczki. <\/li><\/ol><p>Je\u015bli masz do czynienia z pytaniami lub napotykasz jakiekolwiek komplikacje, nie wahaj si\u0119 skontaktowa\u0107 z naszym personelem pomocniczym. Nasi konsultanci ch\u0119tnie rozwi\u0105\u017c\u0105 wszelkie trudno\u015bci, jakie mo\u017cesz napotka\u0107 w zwi\u0105zku z narz\u0119dziem. <\/p> <div class=\"faq\" data-component=\"FAQ\"><div class=\"faq-item\">\r\n\t\t\t\t\t<div class=\"faq-item-question\">\r\n\t\t\t\t\t\t<h3 class=\"faq-item-question-text\">Jak mog\u0119 osadzi\u0107 wtyczk\u0119 Odtwarzacza Podcast\u00f3w dla WordPress na mojej stronie internetowej bez umiej\u0119tno\u015bci kodowania?<\/h3>\r\n\r\n\t\t\t\t\t\t<div class=\"faq-item-question-icon\"><\/div>\r\n\t\t\t\t\t<\/div>\r\n\r\n\t\t\t\t\t<div class=\"faq-item-answer\">\r\n\t\t\t\t\t\t<div class=\"faq-item-answer-text\"><p>Elfsight zapewnia rozwi\u0105zanie oparte na chmurze, kt\u00f3re umo\u017cliwia u\u017cytkownikom tworzenie wtyczki Odtwarzacza Podcast\u00f3w dla samego WordPressa. Zobacz, jak prosty jest ten proces:<\/p><ul><li>Uzyskaj dost\u0119p do edytora online, aby wygenerowa\u0107 wtyczk\u0119 Odtwarzacza podcast\u00f3w dla sekcji WordPress, kt\u00f3r\u0105 chcesz zintegrowa\u0107 ze swoj\u0105 witryn\u0105.<\/li><li>Wybierz jedn\u0105 z naszych wst\u0119pnie zaprojektowanych szablon\u00f3w i dostosuj wtyczk\u0119 Podcast Player do ustawie\u0144 WordPress, zmodyfikuj uk\u0142ad i schemat kolor\u00f3w, do\u0142\u0105cz swoj\u0105 tre\u015b\u0107 bez konieczno\u015bci kodowania.<\/li><li>Zapisz ustawienia skonfigurowane dla wtyczki Podcast Player dla WordPressa i uzyskaj kod do osadzenia wtyczki, kt\u00f3r\u0105 mo\u017cesz \u0142atwo i bezp\u0142atnie doda\u0107 na swoj\u0105 stron\u0119.<\/li><\/ul><p>Pracuj\u0105c w przyjaznym dla u\u017cytkownika Edytorze, ka\u017cdy internauta mo\u017ce stworzy\u0107 Podcast Wtyczka odtwarzacza dla sekcji WordPress i umie\u015b\u0107 j\u0105 na swojej stronie internetowej. Aby uzyska\u0107 dost\u0119p do Edytora Elfsight, nie jest wymagana \u017cadna p\u0142atno\u015b\u0107 ani ujawnianie danych karty. Je\u015bli na kt\u00f3rymkolwiek etapie napotkasz jakiekolwiek trudno\u015bci, skontaktuj si\u0119 z naszym dzia\u0142em obs\u0142ugi klienta.<\/p><\/div>\r\n\t\t\t\t\t<\/div>\r\n\t\t\t\t<\/div><\/div><\/div>","protected":false},"excerpt":{"rendered":"","protected":false},"author":9,"featured_media":0,"parent":2865,"menu_order":0,"comment_status":"closed","ping_status":"closed","template":"templates\/template-application-platform.php","meta":{"publish_to_discourse":"","publish_post_category":"","wpdc_auto_publish_overridden":"","wpdc_topic_tags":"","wpdc_pin_topic":"","wpdc_pin_until":"","discourse_post_id":"","discourse_permalink":"","wpdc_publishing_response":"","wpdc_publishing_error":"","footnotes":""},"class_list":["post-5958","page","type-page","status-publish","hentry"],"yoast_head":"<!-- This site is optimized with the Yoast SEO plugin v25.3.1 - https:\/\/yoast.com\/wordpress\/plugins\/seo\/ -->\n<title>Odtwarzacz podcast\u00f3w Elfsight dla witryny WordPress (\u0142atwo i szybko)<\/title>\n<meta name=\"description\" content=\"Zintegruj responsywny odtwarzacz podcast\u00f3w na swojej stronie internetowej WordPress. Zaimplementuj nasze demo i stw\u00f3rz spersonalizowan\u0105 wtyczk\u0119 jednym klikni\u0119ciem!\" \/>\n<meta name=\"robots\" content=\"index, follow, max-snippet:-1, max-image-preview:large, max-video-preview:-1\" \/>\n<link rel=\"canonical\" href=\"https:\/\/elfsight.com\/pl\/podcast-player-widget\/wordpress\/\" \/>\n<meta property=\"og:locale\" content=\"pl_PL\" \/>\n<meta property=\"og:type\" content=\"article\" \/>\n<meta property=\"og:title\" content=\"Odtwarzacz podcast\u00f3w Elfsight dla witryny WordPress (\u0142atwo i szybko)\" \/>\n<meta property=\"og:description\" content=\"Zintegruj responsywny odtwarzacz podcast\u00f3w na swojej stronie internetowej WordPress. Zaimplementuj nasze demo i stw\u00f3rz spersonalizowan\u0105 wtyczk\u0119 jednym klikni\u0119ciem!\" \/>\n<meta property=\"og:url\" content=\"https:\/\/elfsight.com\/pl\/podcast-player-widget\/wordpress\/\" \/>\n<meta property=\"og:site_name\" content=\"Elfsight PL\" \/>\n<meta property=\"article:modified_time\" content=\"2024-11-14T09:20:40+00:00\" \/>\n<meta name=\"twitter:card\" content=\"summary_large_image\" \/>\n<meta name=\"twitter:label1\" content=\"Szacowany czas czytania\" \/>\n\t<meta name=\"twitter:data1\" content=\"3 minuty\" \/>\n<!-- \/ Yoast SEO plugin. -->","yoast_head_json":{"title":"Odtwarzacz podcast\u00f3w Elfsight dla witryny WordPress (\u0142atwo i szybko)","description":"Zintegruj responsywny odtwarzacz podcast\u00f3w na swojej stronie internetowej WordPress. Zaimplementuj nasze demo i stw\u00f3rz spersonalizowan\u0105 wtyczk\u0119 jednym klikni\u0119ciem!","robots":{"index":"index","follow":"follow","max-snippet":"max-snippet:-1","max-image-preview":"max-image-preview:large","max-video-preview":"max-video-preview:-1"},"canonical":"https:\/\/elfsight.com\/pl\/podcast-player-widget\/wordpress\/","og_locale":"pl_PL","og_type":"article","og_title":"Odtwarzacz podcast\u00f3w Elfsight dla witryny WordPress (\u0142atwo i szybko)","og_description":"Zintegruj responsywny odtwarzacz podcast\u00f3w na swojej stronie internetowej WordPress. Zaimplementuj nasze demo i stw\u00f3rz spersonalizowan\u0105 wtyczk\u0119 jednym klikni\u0119ciem!","og_url":"https:\/\/elfsight.com\/pl\/podcast-player-widget\/wordpress\/","og_site_name":"Elfsight PL","article_modified_time":"2024-11-14T09:20:40+00:00","twitter_card":"summary_large_image","twitter_misc":{"Szacowany czas czytania":"3 minuty"},"schema":{"@context":"https:\/\/schema.org","@graph":[{"@type":"WebPage","@id":"https:\/\/elfsight.com\/pl\/podcast-player-widget\/wordpress\/","url":"https:\/\/elfsight.com\/pl\/podcast-player-widget\/wordpress\/","name":"Odtwarzacz podcast\u00f3w Elfsight dla witryny WordPress (\u0142atwo i szybko)","isPartOf":{"@id":"https:\/\/elfsight.com\/pl\/#website"},"datePublished":"1970-01-01T00:00:00+00:00","dateModified":"2024-11-14T09:20:40+00:00","description":"Zintegruj responsywny odtwarzacz podcast\u00f3w na swojej stronie internetowej WordPress. Zaimplementuj nasze demo i stw\u00f3rz spersonalizowan\u0105 wtyczk\u0119 jednym klikni\u0119ciem!","breadcrumb":{"@id":"https:\/\/elfsight.com\/pl\/podcast-player-widget\/wordpress\/#breadcrumb"},"inLanguage":"pl-PL","potentialAction":[{"@type":"ReadAction","target":["https:\/\/elfsight.com\/pl\/podcast-player-widget\/wordpress\/"]}]},{"@type":"BreadcrumbList","@id":"https:\/\/elfsight.com\/pl\/podcast-player-widget\/wordpress\/#breadcrumb","itemListElement":[{"@type":"ListItem","position":1,"name":"Home","item":"https:\/\/elfsight.com\/pl\/"},{"@type":"ListItem","position":2,"name":"Podcast Player","item":"https:\/\/elfsight.com\/pl\/podcast-player-widget\/"},{"@type":"ListItem","position":3,"name":"Podcast Player &#8211; WordPress"}]},{"@type":"WebSite","@id":"https:\/\/elfsight.com\/pl\/#website","url":"https:\/\/elfsight.com\/pl\/","name":"Elfsight PL","description":"Just another Elfsight Sites site","potentialAction":[{"@type":"SearchAction","target":{"@type":"EntryPoint","urlTemplate":"https:\/\/elfsight.com\/pl\/?s={search_term_string}"},"query-input":{"@type":"PropertyValueSpecification","valueRequired":true,"valueName":"search_term_string"}}],"inLanguage":"pl-PL"}]}},"meta_box":{"industry":"","seo_heading":"","heading":"","description":"","cta_heading":"","cta_description":"","application":"2864","h1":"Wtyczka WordPress Podcast Player","h1_caption":"Zapewnij swoim odbiorcom nowe do\u015bwiadczenia i bez wysi\u0142ku zdobywaj lojalnych klient\u00f3w","application_category":[],"applications_title":"","applications_request_title":"","applications_request_button_text":"","hero_text":"","hero_video":"","hero_video_schema_markup":"","selling_points_title":"","selling_points_caption":"","selling_points":[],"selling_points_cta_text":"","features_title":"","features":"","ed_cta_examples_text":"","ed_cta_examples_hidden":"","ed_cta_demo_text":"","ed_cta_demo_hidden":"","why_caption":"","why_editor_title":"","why_editor_text":"","why_team_title":"","why_team_text":"","why_service_title":"","why_service_text":"","template_catalog_visible":"","template_catalog_title":"","template_catalog_text":"","template_catalog_categories_visible":"","demo_title":"Utw\u00f3rz wtyczk\u0119 Odtwarzacza Podcast\u00f3w","demo_caption":"Skonfiguruj sw\u00f3j Odtwarzacz Podcast\u00f3w i dodaj go do swojej witryny WordPress za darmo!","default_faq_hidden":"","app_template_category":[],"platform":"31","template_public_id":"","codecanyon_url":"","codecanyon_item_id":"","codecanyon_price":"","pricing_caption":"","pricing_elfsight_apps_hide_column":"","pricing_elfsight_apps_url":"","pricing_codecanyon_price_caption":"","integration_category":[],"integration_request_title":"","integration_request_cta":"","integration_platform":"","integrations":[],"platform_category":[],"video_schema_markup":"","price":"od 0 USD \/ miesi\u0105c","trial":"","benefits":[{"text":"Bezp\u0142atna pomoc w monta\u017cu"},{"text":"Wsparcie premium"},{"text":"14-dniowa gwarancja zwrotu pieni\u0119dzy"}],"button_url":"#demo","button_target_blank":"","button_nofollow":"","attributes":[{"name":"Instaluje"},{"name":"Czu\u0142y"},{"name":"Kompatybilne przegl\u0105darki"}],"tags":[],"tags_disable_links":"","hide_more_platforms":"","video_object":"","demo_hide_cta":"","demo_hide_cloud_options":"","pricing_title":"","pricing":[{"pricing_icon":"platform","pricing_title":"Elfsight Apps","pricing_title_caption":"Wieloplatformowe rozwi\u0105zanie cyfrowe","pricing_price":"od 0 USD \/ miesi\u0105c","pricing_price_caption":"zacznij od bezp\u0142atnego planu","pricing_benefits":[{"text":"Nielimitowane strony internetowe"},{"text":"Szybkie wsparcie"},{"text":"Bezp\u0142atna pomoc w monta\u017cu"},{"text":"\u015awietna oferta na wiele aplikacji"}],"pricing_button_text":"Dodaj do witryny","pricing_button_url":"#demo"}],"related_apps_title":"","related_apps_hidden":"","author":"","image":[],"title":"","job":"","social_networks":[]},"_links":{"self":[{"href":"https:\/\/elfsight.com\/pl\/wp-json\/wp\/v2\/pages\/5958","targetHints":{"allow":["GET"]}}],"collection":[{"href":"https:\/\/elfsight.com\/pl\/wp-json\/wp\/v2\/pages"}],"about":[{"href":"https:\/\/elfsight.com\/pl\/wp-json\/wp\/v2\/types\/page"}],"author":[{"embeddable":true,"href":"https:\/\/elfsight.com\/pl\/wp-json\/wp\/v2\/users\/9"}],"replies":[{"embeddable":true,"href":"https:\/\/elfsight.com\/pl\/wp-json\/wp\/v2\/comments?post=5958"}],"version-history":[{"count":2,"href":"https:\/\/elfsight.com\/pl\/wp-json\/wp\/v2\/pages\/5958\/revisions"}],"predecessor-version":[{"id":7925,"href":"https:\/\/elfsight.com\/pl\/wp-json\/wp\/v2\/pages\/5958\/revisions\/7925"}],"up":[{"embeddable":true,"href":"https:\/\/elfsight.com\/pl\/wp-json\/wp\/v2\/pages\/2865"}],"wp:attachment":[{"href":"https:\/\/elfsight.com\/pl\/wp-json\/wp\/v2\/media?parent=5958"}],"curies":[{"name":"wp","href":"https:\/\/api.w.org\/{rel}","templated":true}]}}