{"id":5949,"date":"2024-05-03T06:43:20","date_gmt":"2024-05-03T06:43:20","guid":{"rendered":"https:\/\/elfsight.com\/pl\/?page_id=5949"},"modified":"2024-10-24T12:04:29","modified_gmt":"2024-10-24T12:04:29","slug":"prestashop","status":"publish","type":"page","link":"https:\/\/elfsight.com\/pl\/podcast-player-widget\/prestashop\/","title":{"rendered":"Podcast Player &#8211; PrestaShop"},"content":{"rendered":"<div class=\"application-platform-content-item-description application-platform-content-item\" id=\"description\" data-nav-section=\"description\"> <h2>Opis<\/h2> <p>Elfsight Podcast Player to prosty widget umo\u017cliwiaj\u0105cy strumieniowe przesy\u0142anie \u015bcie\u017cek audio bezpo\u015brednio na Twoj\u0105 witryn\u0119. Wtyczka jest niezwykle konfigurowalna: mo\u017cesz dowolnie zmienia\u0107 jej po\u0142o\u017cenie, ustawia\u0107 j\u0105 w dowolnym miejscu strony, zmienia\u0107 jej rozmiar, zmienia\u0107 kolor t\u0142a i innych element\u00f3w, aby dopasowa\u0107 je do uk\u0142adu witryny, stosowa\u0107 ciemny motyw, wy\u015bwietla\u0107 ok\u0142adki i wy\u015bwietla\u0107 lub ukryj trzy inne elementy odtwarzacza, na przyk\u0142ad pasek post\u0119pu i wiele innych. Do\u0142\u0105cz tyle utwor\u00f3w, ile potrzebujesz, aby zabawia\u0107 odwiedzaj\u0105cych, w\u0142\u0105cz autoodtwarzanie i nie wahaj si\u0119 \u2013 Twoi u\u017cytkownicy nie opuszcz\u0105 Twojej witryny natychmiast! <\/p><p><b>Dzi\u0119ki Podcast Player mo\u017cesz aktywnie rozwija\u0107 sw\u00f3j biznes i zwi\u0119ksza\u0107 sprzeda\u017c <\/b><\/p> <\/div> <div class=\"application-platform-content-item-features application-platform-content-item\" id=\"features\" data-nav-section=\"features\"> <h2>Oto podstawowe funkcje widget: <\/h2> <ul><li>Dost\u0119pne dwa uk\u0142ady<\/li><li>Mo\u017cliwo\u015b\u0107 dodania obrazu t\u0142a<\/li><li>Dodaj nieograniczon\u0105 liczb\u0119 plik\u00f3w<\/li><li>Opcja tworzenia sw\u00f3j w\u0142asny schemat kolor\u00f3w<\/li><li>Dodaj nieograniczon\u0105 liczb\u0119 stacji<\/li><\/ul><p><a href=\"#demo\">Odkryj wszystkie funkcje personalizacji we w pe\u0142ni funkcjonalnej wersji demonstracyjnej<\/a><\/p> <\/div> <div class=\"application-platform-content-item-installation application-platform-content-item\" id=\"installation\" data-nav-section=\"installation\"> <h2>Jak osadzi\u0107 Odtwarzacz podcast\u00f3w na mojej stronie internetowej PrestaShop? <\/h2> <p>Wystarczy wykona\u0107 poni\u017csze kroki, aby rozpocz\u0105\u0107 prac\u0119 z narz\u0119dziem. <\/p> <ol><li><b>Skorzystaj z naszego bezp\u0142atnego edytora i zacznij kszta\u0142towa\u0107 sw\u00f3j spersonalizowany instrument. <\/b><br> Okre\u015bl po\u017c\u0105dany wygl\u0105d i aspekty wid\u017cetu i zapisz modyfikacje. <\/li> <li><b>Zdob\u0105d\u017a sw\u00f3j unikalny kod widoczny w oknie aplikacji Elfsight. <\/b><br> Po zako\u0144czeniu tworzenia osobistego wid\u017cetu skopiuj indywidualny kod z wyskakuj\u0105cego okienka i zachowaj go do dalszego wykorzystania. <\/li> <li><b>Rozpocznij korzystanie z dodatku na stronie PrestaShop. <\/b><br> Wpisz kod, kt\u00f3ry wcze\u015bniej zapisa\u0142e\u015b na swojej stronie i zastosuj ulepszenia. <\/li> <li><b>Gotowe! Osadzanie zosta\u0142o w pe\u0142ni zako\u0144czone. <\/b><br> Przejd\u017a do swojej witryny, aby zobaczy\u0107, jak dzia\u0142a to narz\u0119dzie. <\/li><\/ol> <p>W przypadku pyta\u0144 lub napotkania jakichkolwiek przeszk\u00f3d nie wahaj si\u0119 napisa\u0107 do naszego zespo\u0142u wsparcia. Nasi specjali\u015bci z przyjemno\u015bci\u0105 odpowiedz\u0105 na wszystkie pytania dotycz\u0105ce widgetu. <\/p> <\/div>","protected":false},"excerpt":{"rendered":"","protected":false},"author":9,"featured_media":0,"parent":2865,"menu_order":0,"comment_status":"closed","ping_status":"closed","template":"templates\/template-application-platform.php","meta":{"publish_to_discourse":"","publish_post_category":"","wpdc_auto_publish_overridden":"","wpdc_topic_tags":"","wpdc_pin_topic":"","wpdc_pin_until":"","discourse_post_id":"","discourse_permalink":"","wpdc_publishing_response":"","wpdc_publishing_error":"","footnotes":""},"class_list":["post-5949","page","type-page","status-publish","hentry"],"yoast_head":"<!-- This site is optimized with the Yoast SEO plugin v25.3.1 - https:\/\/yoast.com\/wordpress\/plugins\/seo\/ -->\n<title>Odtwarzacz podcast\u00f3w Elfsight dla witryny PrestaShop (bezp\u0142atny i \u0142atwy)<\/title>\n<meta name=\"description\" content=\"Zacznij korzysta\u0107 z naszej dost\u0119pnej wersji demonstracyjnej i umie\u015b\u0107 responsywny odtwarzacz podcast\u00f3w na swojej stronie PrestaShop. Skorzystaj z naszego demo za darmo i stw\u00f3rz sw\u00f3j dodatek!\" \/>\n<meta name=\"robots\" content=\"index, follow, max-snippet:-1, max-image-preview:large, max-video-preview:-1\" \/>\n<link rel=\"canonical\" href=\"https:\/\/elfsight.com\/pl\/podcast-player-widget\/prestashop\/\" \/>\n<meta property=\"og:locale\" content=\"pl_PL\" \/>\n<meta property=\"og:type\" content=\"article\" \/>\n<meta property=\"og:title\" content=\"Odtwarzacz podcast\u00f3w Elfsight dla witryny PrestaShop (bezp\u0142atny i \u0142atwy)\" \/>\n<meta property=\"og:description\" content=\"Zacznij korzysta\u0107 z naszej dost\u0119pnej wersji demonstracyjnej i umie\u015b\u0107 responsywny odtwarzacz podcast\u00f3w na swojej stronie PrestaShop. Skorzystaj z naszego demo za darmo i stw\u00f3rz sw\u00f3j dodatek!\" \/>\n<meta property=\"og:url\" content=\"https:\/\/elfsight.com\/pl\/podcast-player-widget\/prestashop\/\" \/>\n<meta property=\"og:site_name\" content=\"Elfsight PL\" \/>\n<meta property=\"article:modified_time\" content=\"2024-10-24T12:04:29+00:00\" \/>\n<meta name=\"twitter:card\" content=\"summary_large_image\" \/>\n<meta name=\"twitter:label1\" content=\"Szacowany czas czytania\" \/>\n\t<meta name=\"twitter:data1\" content=\"2 minuty\" \/>\n<!-- \/ Yoast SEO plugin. -->","yoast_head_json":{"title":"Odtwarzacz podcast\u00f3w Elfsight dla witryny PrestaShop (bezp\u0142atny i \u0142atwy)","description":"Zacznij korzysta\u0107 z naszej dost\u0119pnej wersji demonstracyjnej i umie\u015b\u0107 responsywny odtwarzacz podcast\u00f3w na swojej stronie PrestaShop. Skorzystaj z naszego demo za darmo i stw\u00f3rz sw\u00f3j dodatek!","robots":{"index":"index","follow":"follow","max-snippet":"max-snippet:-1","max-image-preview":"max-image-preview:large","max-video-preview":"max-video-preview:-1"},"canonical":"https:\/\/elfsight.com\/pl\/podcast-player-widget\/prestashop\/","og_locale":"pl_PL","og_type":"article","og_title":"Odtwarzacz podcast\u00f3w Elfsight dla witryny PrestaShop (bezp\u0142atny i \u0142atwy)","og_description":"Zacznij korzysta\u0107 z naszej dost\u0119pnej wersji demonstracyjnej i umie\u015b\u0107 responsywny odtwarzacz podcast\u00f3w na swojej stronie PrestaShop. Skorzystaj z naszego demo za darmo i stw\u00f3rz sw\u00f3j dodatek!","og_url":"https:\/\/elfsight.com\/pl\/podcast-player-widget\/prestashop\/","og_site_name":"Elfsight PL","article_modified_time":"2024-10-24T12:04:29+00:00","twitter_card":"summary_large_image","twitter_misc":{"Szacowany czas czytania":"2 minuty"},"schema":{"@context":"https:\/\/schema.org","@graph":[{"@type":"WebPage","@id":"https:\/\/elfsight.com\/pl\/podcast-player-widget\/prestashop\/","url":"https:\/\/elfsight.com\/pl\/podcast-player-widget\/prestashop\/","name":"Odtwarzacz podcast\u00f3w Elfsight dla witryny PrestaShop (bezp\u0142atny i \u0142atwy)","isPartOf":{"@id":"https:\/\/elfsight.com\/pl\/#website"},"datePublished":"2024-05-03T06:43:20+00:00","dateModified":"2024-10-24T12:04:29+00:00","description":"Zacznij korzysta\u0107 z naszej dost\u0119pnej wersji demonstracyjnej i umie\u015b\u0107 responsywny odtwarzacz podcast\u00f3w na swojej stronie PrestaShop. Skorzystaj z naszego demo za darmo i stw\u00f3rz sw\u00f3j dodatek!","breadcrumb":{"@id":"https:\/\/elfsight.com\/pl\/podcast-player-widget\/prestashop\/#breadcrumb"},"inLanguage":"pl-PL","potentialAction":[{"@type":"ReadAction","target":["https:\/\/elfsight.com\/pl\/podcast-player-widget\/prestashop\/"]}]},{"@type":"BreadcrumbList","@id":"https:\/\/elfsight.com\/pl\/podcast-player-widget\/prestashop\/#breadcrumb","itemListElement":[{"@type":"ListItem","position":1,"name":"Home","item":"https:\/\/elfsight.com\/pl\/"},{"@type":"ListItem","position":2,"name":"Podcast Player","item":"https:\/\/elfsight.com\/pl\/podcast-player-widget\/"},{"@type":"ListItem","position":3,"name":"Podcast Player &#8211; PrestaShop"}]},{"@type":"WebSite","@id":"https:\/\/elfsight.com\/pl\/#website","url":"https:\/\/elfsight.com\/pl\/","name":"Elfsight PL","description":"Just another Elfsight Sites site","potentialAction":[{"@type":"SearchAction","target":{"@type":"EntryPoint","urlTemplate":"https:\/\/elfsight.com\/pl\/?s={search_term_string}"},"query-input":{"@type":"PropertyValueSpecification","valueRequired":true,"valueName":"search_term_string"}}],"inLanguage":"pl-PL"}]}},"meta_box":{"industry":"","seo_heading":"","heading":"","description":"","cta_heading":"","cta_description":"","application":"2864","h1":"Dodatek do odtwarzacza podcast\u00f3w PrestaShop","h1_caption":"Umie\u015b\u0107 odtwarzacz podcast\u00f3w bezpo\u015brednio na swojej stronie internetowej, umo\u017cliwiaj\u0105c u\u017cytkownikom s\u0142uchanie Twoich odcink\u00f3w bez konieczno\u015bci opuszczania strony w witrynie Prestashop.","application_category":[],"applications_title":"","applications_request_title":"","applications_request_button_text":"","hero_text":"","hero_video":"","hero_video_schema_markup":"","selling_points_title":"","selling_points_caption":"","selling_points":[],"selling_points_cta_text":"","features_title":"","features":"","ed_cta_examples_text":"","ed_cta_examples_hidden":"","ed_cta_demo_text":"","ed_cta_demo_hidden":"","why_caption":"","why_editor_title":"","why_editor_text":"","why_team_title":"","why_team_text":"","why_service_title":"","why_service_text":"","template_catalog_visible":"","template_catalog_title":"","template_catalog_text":"","template_catalog_categories_visible":"","demo_title":"Stw\u00f3rz w\u0142asny odtwarzacz podcast\u00f3w PrestaShop!","demo_caption":"Dostosuj go i wstaw narz\u0119dzie na swoj\u0105 stron\u0119 g\u0142\u00f3wn\u0105, stosuj\u0105c wersj\u0119 demonstracyjn\u0105.","default_faq_hidden":"","app_template_category":[],"platform":"586","template_public_id":"","codecanyon_url":"","codecanyon_item_id":"","codecanyon_price":"","pricing_caption":"","pricing_elfsight_apps_hide_column":"","pricing_elfsight_apps_url":"","pricing_codecanyon_price_caption":"","integration_category":[],"integration_request_title":"","integration_request_cta":"","integration_platform":"","integrations":[],"platform_category":[],"video_schema_markup":"","price":"od 0 USD \/ miesi\u0105c","trial":"","benefits":[{"text":"Bezp\u0142atna us\u0142uga monta\u017cu"},{"text":"Do\u015bwiadczona obs\u0142uga klienta"},{"text":"14-dniowa gwarancja zwrotu pieni\u0119dzy"}],"button_url":"#demo","button_target_blank":"","button_nofollow":"","attributes":[{"name":"Instaluje"},{"name":"Czu\u0142y"},{"name":"Kompatybilne przegl\u0105darki"}],"tags":[],"tags_disable_links":"","hide_more_platforms":"","video_object":"","demo_hide_cta":"","demo_hide_cloud_options":"","pricing_title":"","pricing":[{"pricing_icon":"platform","pricing_title":"Elfsight Apps","pricing_title_caption":"Oprogramowanie wieloplatformowe, kt\u00f3re dzia\u0142a na dowolnej witrynie","pricing_price":"od 0 USD \/ miesi\u0105c","pricing_price_caption":"zacznij od bezp\u0142atnego planu","pricing_benefits":[{"text":"Nielimitowane domeny"},{"text":"Ca\u0142odobowe i terminowe wsparcie"},{"text":"Bezp\u0142atna pomoc w monta\u017cu"},{"text":"Elastyczny projekt"}],"pricing_button_text":"Dodaj do witryny","pricing_button_url":"#demo"}],"related_apps_title":"","related_apps_hidden":"","author":"","image":[],"title":"","job":"","social_networks":[]},"_links":{"self":[{"href":"https:\/\/elfsight.com\/pl\/wp-json\/wp\/v2\/pages\/5949","targetHints":{"allow":["GET"]}}],"collection":[{"href":"https:\/\/elfsight.com\/pl\/wp-json\/wp\/v2\/pages"}],"about":[{"href":"https:\/\/elfsight.com\/pl\/wp-json\/wp\/v2\/types\/page"}],"author":[{"embeddable":true,"href":"https:\/\/elfsight.com\/pl\/wp-json\/wp\/v2\/users\/9"}],"replies":[{"embeddable":true,"href":"https:\/\/elfsight.com\/pl\/wp-json\/wp\/v2\/comments?post=5949"}],"version-history":[{"count":1,"href":"https:\/\/elfsight.com\/pl\/wp-json\/wp\/v2\/pages\/5949\/revisions"}],"predecessor-version":[{"id":5953,"href":"https:\/\/elfsight.com\/pl\/wp-json\/wp\/v2\/pages\/5949\/revisions\/5953"}],"up":[{"embeddable":true,"href":"https:\/\/elfsight.com\/pl\/wp-json\/wp\/v2\/pages\/2865"}],"wp:attachment":[{"href":"https:\/\/elfsight.com\/pl\/wp-json\/wp\/v2\/media?parent=5949"}],"curies":[{"name":"wp","href":"https:\/\/api.w.org\/{rel}","templated":true}]}}