{"id":5943,"date":"1970-01-01T00:00:00","date_gmt":"1970-01-01T00:00:00","guid":{"rendered":"https:\/\/elfsight.com\/pl\/?page_id=5943"},"modified":"2025-06-19T14:48:41","modified_gmt":"2025-06-19T14:48:41","slug":"wordpress","status":"publish","type":"page","link":"https:\/\/elfsight.com\/pl\/pinterest-feed-widget\/wordpress\/","title":{"rendered":"Pinterest Feed &#8211; WordPress"},"content":{"rendered":"<div class=\"application-platform-content-item-description application-platform-content-item\" id=\"description\" data-nav-section=\"description\">\n<h2>Osadzaj kana\u0142 Pinterest w WordPressie za pomoc\u0105 wid\u017cetu Elfsight<\/h2>\n<p>Dzi\u0119ki wtyczce Pinterest firmy Elfsight mo\u017cesz wstawia\u0107 na swoj\u0105 stron\u0119 dowolne zdj\u0119cia z Pinteresta. Wid\u017cet Elfsight umo\u017cliwia pokazywanie wybranych pin\u00f3w, tablic i pe\u0142nego profilu na dowolnej stronie internetowej. Zach\u0119\u0107 swoich klient\u00f3w starannie dobran\u0105 zawarto\u015bci\u0105: przypinkami, tablicami i w\u0142asnymi, unikalnymi kolekcjami. Poszerz zakres swoich tre\u015bci, zwi\u0119ksz zaanga\u017cowanie na stronie i zdob\u0105d\u017a wi\u0119cej subskrybent\u00f3w swojego konta na Pintere\u015bcie.<\/p>\n<p><b>Szybko i wygodnie dodawaj obrazy z Pinteresta do swojej witryny.<\/b><\/p>\n<ul>\n    <li><b>Zwi\u0119ksz zaanga\u017cowanie u\u017cytkownik\u00f3w w swojej witrynie<\/b><br>Starannie dobrane i trafne tre\u015bci przyci\u0105gaj\u0105 maksymaln\u0105 uwag\u0119 u\u017cytkownik\u00f3w i utrzymuj\u0105 zaanga\u017cowanie klient\u00f3w.<\/li>\n    <li><b>Zwi\u0119kszaj liczb\u0119 subskrybent\u00f3w na Pintere\u015bcie<\/b><br>Dzi\u0119ki przyciskowi Obserwuj dost\u0119pnemu w kanale wi\u0119cej przysz\u0142ych klient\u00f3w b\u0119dzie mia\u0142o szans\u0119 zosta\u0107 Twoimi subskrybentami.<\/li>\n    <li><b>Wi\u0119ksza ilo\u015b\u0107 anga\u017cuj\u0105cych u\u017cytkownik\u00f3w materia\u0142\u00f3w wizualnych na Twojej witrynie<\/b><br>Maj\u0105c do dyspozycji pinezki i tablice, mo\u017cesz wybra\u0107 najlepsz\u0105 tre\u015b\u0107 wizualn\u0105 dla swojej witryny, aby przyci\u0105gn\u0105\u0107 odwiedzaj\u0105cych.<\/li>\n<\/ul>\n<\/div>\n\n<div class=\"faq\" data-component=\"FAQ\">\n    <div class=\"faq-item\">\r\n\t\t\t\t\t<div class=\"faq-item-question\">\r\n\t\t\t\t\t\t<h3 class=\"faq-item-question-text\">Jak mog\u0119 osadzi\u0107 kana\u0142 Pinterest w mojej witrynie WordPress?<\/h3>\r\n\r\n\t\t\t\t\t\t<div class=\"faq-item-question-icon\"><\/div>\r\n\t\t\t\t\t<\/div>\r\n\r\n\t\t\t\t\t<div class=\"faq-item-answer\">\r\n\t\t\t\t\t\t<div class=\"faq-item-answer-text\">\n    <p>Tworzenie wid\u017cetu odbywa si\u0119 na stronach Elfsight i nie trzeba kodowa\u0107. Skorzystaj z naszego demo na \u017cywo, aby dostosowa\u0107 sw\u00f3j wid\u017cet, zdoby\u0107 kod i wdro\u017cy\u0107 go na swojej stronie internetowej. <\/p>\n    <\/div>\r\n\t\t\t\t\t<\/div>\r\n\t\t\t\t<\/div>\n\n    <div class=\"faq-item\">\r\n\t\t\t\t\t<div class=\"faq-item-question\">\r\n\t\t\t\t\t\t<h3 class=\"faq-item-question-text\">W jaki spos\u00f3b mog\u0119 uzyska\u0107 galeri\u0119 tablic Pinterest lub galeri\u0119 Pins po zastosowaniu wtyczek Elfsight?<\/h3>\r\n\r\n\t\t\t\t\t\t<div class=\"faq-item-question-icon\"><\/div>\r\n\t\t\t\t\t<\/div>\r\n\r\n\t\t\t\t\t<div class=\"faq-item-answer\">\r\n\t\t\t\t\t\t<div class=\"faq-item-answer-text\">\n    <p>Ma zastosowanie kilka szablon\u00f3w: mur, galeria, siatka, listy, kana\u0142y informacyjne i wiele wi\u0119cej, wraz z elastycznymi dostosowaniami uk\u0142adu w celu dostosowania ich do warunk\u00f3w wst\u0119pnych. Mo\u017cesz swobodnie tworzy\u0107 niemal ka\u017cde narz\u0119dzie, kt\u00f3rego Ci brakuje. <\/p>\n    <\/div>\r\n\t\t\t\t\t<\/div>\r\n\t\t\t\t<\/div>\n\n    <div class=\"faq-item\">\r\n\t\t\t\t\t<div class=\"faq-item-question\">\r\n\t\t\t\t\t\t<h3 class=\"faq-item-question-text\">Dlaczego m\u00f3j kana\u0142 WordPress na Pintere\u015bcie nie dzia\u0142a\/nie jest aktualizowany?<\/h3>\r\n\r\n\t\t\t\t\t\t<div class=\"faq-item-question-icon\"><\/div>\r\n\t\t\t\t\t<\/div>\r\n\r\n\t\t\t\t\t<div class=\"faq-item-answer\">\r\n\t\t\t\t\t\t<div class=\"faq-item-answer-text\">\n    <p>Je\u015bli masz jakiekolwiek problemy z wid\u017cetami Pinteresta, skontaktuj si\u0119 z obs\u0142ug\u0105 klienta. Us\u0142uga wsparcia jest ca\u0142kowicie bezp\u0142atna dla wszystkich klient\u00f3w Elfsight. <\/p>\n    <\/div>\r\n\t\t\t\t\t<\/div>\r\n\t\t\t\t<\/div>\n<\/div>\n\n<div class=\"application-platform-content-item-features application-platform-content-item\" id=\"features\" data-nav-section=\"features\">\n<h2>G\u0142\u00f3wne cechy wid\u017cetu Pinterest Feed<\/h2>\n<p>Oto funkcje, dzi\u0119ki kt\u00f3rym nasz wid\u017cet Pinterest jest jedn\u0105 z niezb\u0119dnych wtyczek dla ka\u017cdej witryny WordPress.<\/p>\n<ul>\n    <li>Edytowalny tytu\u0142 wid\u017cetu;<\/li>\n    <li>Wybierz szeroko\u015b\u0107 i wysoko\u015b\u0107 wid\u017cetu;<\/li>\n    <li>Poka\u017c lub ukryj nag\u0142\u00f3wek;<\/li>\n    <li>Kliknij obraz, aby otworzy\u0107 go na Pintere\u015bcie;<\/li>\n<\/ul>\n<p><a href=\"#demo\">Sprawd\u017a wszystkie<\/a><\/p>\n<\/div>\n\n<div class=\"application-platform-content-item-installation application-platform-content-item\" id=\"installation\" data-nav-section=\"installation\">\n<h2>Jak doda\u0107 wtyczk\u0119 Pinterest do witryny WordPress<\/h2>\n<div class=\"video-container\"><iframe width=\"720\" height=\"405\" src=\"https:\/\/www.youtube.com\/embed\/yloriLhhSvQ\" frameborder=\"0\" allowfullscreen=\"\"><\/iframe><\/div>\n<p>Wystarczy wykona\u0107 poni\u017csze kroki, aby zintegrowa\u0107 wtyczk\u0119 z WordPressem.\n<ol>\n    <li><b>Otw\u00f3rz nasz darmowy edytor i zacznij tworzy\u0107 swoj\u0105 unikaln\u0105 wtyczk\u0119.<\/b><br>Okre\u015bl preferowany wygl\u0105d i funkcje wid\u017cetu oraz zastosuj modyfikacje.<\/li>\n    <li><b>Odbierz sw\u00f3j osobisty kod wy\u015bwietlany w oknie aplikacji Elfsight.<\/b><br>Po zako\u0144czeniu tworzenia narz\u0119dzia skopiuj ekskluzywny kod w wy\u015bwietlonym oknie i zapisz go do p\u00f3\u017aniejszego wykorzystania.<\/li>\n    <li><b>Zaanga\u017cuj si\u0119 w korzystanie z wtyczki Pinterest Feed w swojej witrynie WordPress.<\/b><br>Dodaj wcze\u015bniej zapisany kod do swojej strony i zapisz zmiany.<\/li>\n    <li><b>Instalacja zosta\u0142a pomy\u015blnie zako\u0144czona.<\/b><br>Przejd\u017a na swoj\u0105 stron\u0119 i sprawd\u017a dzia\u0142anie wid\u017cetu.<\/li>\n<\/ol>\n<p>Podczas stosowania instrukcji pojawi\u0142y si\u0119 jakie\u015b pytania? Z\u0142\u00f3\u017c zapytanie w naszym dziale pomocy technicznej.<\/p>\n<\/div>","protected":false},"excerpt":{"rendered":"","protected":false},"author":9,"featured_media":0,"parent":2834,"menu_order":0,"comment_status":"closed","ping_status":"closed","template":"templates\/template-application-platform.php","meta":{"publish_to_discourse":"","publish_post_category":"","wpdc_auto_publish_overridden":"","wpdc_topic_tags":"","wpdc_pin_topic":"","wpdc_pin_until":"","discourse_post_id":"","discourse_permalink":"","wpdc_publishing_response":"","wpdc_publishing_error":"","footnotes":""},"class_list":["post-5943","page","type-page","status-publish","hentry"],"yoast_head":"<!-- This site is optimized with the Yoast SEO plugin v25.3.1 - https:\/\/yoast.com\/wordpress\/plugins\/seo\/ -->\n<title>Wid\u017cet Pinterest - Dodaj wtyczk\u0119 Pinterest do witryny WordPress (2025)<\/title>\n<meta name=\"description\" content=\"Wypr\u00f3buj za darmo najlepsz\u0105 wtyczk\u0119 Pinterest Feed dla WordPress. Prosty i szybki widget integruj\u0105cy bez umiej\u0119tno\u015bci programowania.\" \/>\n<meta name=\"robots\" content=\"index, follow, max-snippet:-1, max-image-preview:large, max-video-preview:-1\" \/>\n<link rel=\"canonical\" href=\"https:\/\/elfsight.com\/pl\/pinterest-feed-widget\/wordpress\/\" \/>\n<meta property=\"og:locale\" content=\"pl_PL\" \/>\n<meta property=\"og:type\" content=\"article\" \/>\n<meta property=\"og:title\" content=\"Wid\u017cet Pinterest - Dodaj wtyczk\u0119 Pinterest do witryny WordPress (2025)\" \/>\n<meta property=\"og:description\" content=\"Wypr\u00f3buj za darmo najlepsz\u0105 wtyczk\u0119 Pinterest Feed dla WordPress. Prosty i szybki widget integruj\u0105cy bez umiej\u0119tno\u015bci programowania.\" \/>\n<meta property=\"og:url\" content=\"https:\/\/elfsight.com\/pl\/pinterest-feed-widget\/wordpress\/\" \/>\n<meta property=\"og:site_name\" content=\"Elfsight PL\" \/>\n<meta property=\"article:modified_time\" content=\"2025-06-19T14:48:41+00:00\" \/>\n<meta name=\"twitter:card\" content=\"summary_large_image\" \/>\n<meta name=\"twitter:label1\" content=\"Szacowany czas czytania\" \/>\n\t<meta name=\"twitter:data1\" content=\"3 minuty\" \/>\n<!-- \/ Yoast SEO plugin. -->","yoast_head_json":{"title":"Wid\u017cet Pinterest - Dodaj wtyczk\u0119 Pinterest do witryny WordPress (2025)","description":"Wypr\u00f3buj za darmo najlepsz\u0105 wtyczk\u0119 Pinterest Feed dla WordPress. Prosty i szybki widget integruj\u0105cy bez umiej\u0119tno\u015bci programowania.","robots":{"index":"index","follow":"follow","max-snippet":"max-snippet:-1","max-image-preview":"max-image-preview:large","max-video-preview":"max-video-preview:-1"},"canonical":"https:\/\/elfsight.com\/pl\/pinterest-feed-widget\/wordpress\/","og_locale":"pl_PL","og_type":"article","og_title":"Wid\u017cet Pinterest - Dodaj wtyczk\u0119 Pinterest do witryny WordPress (2025)","og_description":"Wypr\u00f3buj za darmo najlepsz\u0105 wtyczk\u0119 Pinterest Feed dla WordPress. Prosty i szybki widget integruj\u0105cy bez umiej\u0119tno\u015bci programowania.","og_url":"https:\/\/elfsight.com\/pl\/pinterest-feed-widget\/wordpress\/","og_site_name":"Elfsight PL","article_modified_time":"2025-06-19T14:48:41+00:00","twitter_card":"summary_large_image","twitter_misc":{"Szacowany czas czytania":"3 minuty"},"schema":{"@context":"https:\/\/schema.org","@graph":[{"@type":"WebPage","@id":"https:\/\/elfsight.com\/pl\/pinterest-feed-widget\/wordpress\/","url":"https:\/\/elfsight.com\/pl\/pinterest-feed-widget\/wordpress\/","name":"Wid\u017cet Pinterest - Dodaj wtyczk\u0119 Pinterest do witryny WordPress (2025)","isPartOf":{"@id":"https:\/\/elfsight.com\/pl\/#website"},"datePublished":"1970-01-01T00:00:00+00:00","dateModified":"2025-06-19T14:48:41+00:00","description":"Wypr\u00f3buj za darmo najlepsz\u0105 wtyczk\u0119 Pinterest Feed dla WordPress. Prosty i szybki widget integruj\u0105cy bez umiej\u0119tno\u015bci programowania.","breadcrumb":{"@id":"https:\/\/elfsight.com\/pl\/pinterest-feed-widget\/wordpress\/#breadcrumb"},"inLanguage":"pl-PL","potentialAction":[{"@type":"ReadAction","target":["https:\/\/elfsight.com\/pl\/pinterest-feed-widget\/wordpress\/"]}]},{"@type":"BreadcrumbList","@id":"https:\/\/elfsight.com\/pl\/pinterest-feed-widget\/wordpress\/#breadcrumb","itemListElement":[{"@type":"ListItem","position":1,"name":"Home","item":"https:\/\/elfsight.com\/pl\/"},{"@type":"ListItem","position":2,"name":"Pinterest Feed","item":"https:\/\/elfsight.com\/pl\/pinterest-feed-widget\/"},{"@type":"ListItem","position":3,"name":"Pinterest Feed &#8211; WordPress"}]},{"@type":"WebSite","@id":"https:\/\/elfsight.com\/pl\/#website","url":"https:\/\/elfsight.com\/pl\/","name":"Elfsight PL","description":"Just another Elfsight Sites site","potentialAction":[{"@type":"SearchAction","target":{"@type":"EntryPoint","urlTemplate":"https:\/\/elfsight.com\/pl\/?s={search_term_string}"},"query-input":{"@type":"PropertyValueSpecification","valueRequired":true,"valueName":"search_term_string"}}],"inLanguage":"pl-PL"}]}},"meta_box":{"industry":"","seo_heading":"","heading":"","description":"","cta_heading":"","cta_description":"","application":"2833","h1":"Wtyczka Pinteresta do WordPressa","h1_caption":"Osad\u017a kana\u0142 pinezek ze swojego konta na Pintere\u015bcie, aby bez wysi\u0142ku wy\u015bwietla\u0107 dynamiczn\u0105 i atrakcyjn\u0105 wizualnie zawarto\u015b\u0107 w swojej witrynie WordPress.","application_category":[],"applications_title":"","applications_request_title":"","applications_request_button_text":"","hero_text":"","hero_video":"","hero_video_schema_markup":"","selling_points_title":"","selling_points_caption":"","selling_points":[],"selling_points_cta_text":"","features_title":"","features":"","ed_cta_examples_text":"","ed_cta_examples_hidden":"","ed_cta_demo_text":"","ed_cta_demo_hidden":"","why_caption":"","why_editor_title":"","why_editor_text":"","why_team_title":"","why_team_text":"","why_service_title":"","why_service_text":"","template_catalog_visible":"0","template_catalog_title":"","template_catalog_text":"","template_catalog_categories_visible":"","demo_title":"Utw\u00f3rz wtyczk\u0119 kana\u0142u Pinterest","demo_caption":"Skonfiguruj sw\u00f3j kana\u0142 Pinterest i dodaj go do swojej witryny WordPress za darmo!","default_faq_hidden":"","app_template_category":[],"platform":"31","template_public_id":"","codecanyon_url":"","codecanyon_item_id":"","codecanyon_price":"","pricing_caption":"","pricing_elfsight_apps_hide_column":"","pricing_elfsight_apps_url":"","pricing_codecanyon_price_caption":"","integration_category":[],"integration_request_title":"","integration_request_cta":"","integration_platform":"","integrations":[],"platform_category":[],"video_schema_markup":"","price":"od 0 USD \/ miesi\u0105c","trial":"","benefits":[{"text":"Bezp\u0142atna pomoc w monta\u017cu"},{"text":"Wsparcie premium"},{"text":"14-dniowa gwarancja zwrotu pieni\u0119dzy"}],"button_url":"#demo","button_target_blank":"0","button_nofollow":"0","attributes":[{"name":"Instaluje"},{"name":"Czu\u0142y"},{"name":"Kompatybilne przegl\u0105darki"}],"tags":[],"tags_disable_links":"0","hide_more_platforms":"0","video_object":"","demo_hide_cta":"0","demo_hide_cloud_options":"0","pricing_title":"","pricing":[{"pricing_icon":"platform","pricing_title":"Elfsight Apps","pricing_title_caption":"Oprogramowanie wieloplatformowe","pricing_price":"od 0 USD \/ miesi\u0105c","pricing_price_caption":"zacznij od bezp\u0142atnego planu","pricing_benefits":[{"text":"Nielimitowane strony internetowe"},{"text":"Ca\u0142odobowe wsparcie firmy i dobrze udokumentowane"},{"text":"Bezp\u0142atna us\u0142uga monta\u017cu"},{"text":"Oferta specjalna na wiele aplikacji"}],"pricing_button_text":"Dodaj do witryny","pricing_button_url":"#demo"}],"related_apps_title":"","related_apps_hidden":"0","author":"","image":[],"title":"","job":"","social_networks":[]},"_links":{"self":[{"href":"https:\/\/elfsight.com\/pl\/wp-json\/wp\/v2\/pages\/5943","targetHints":{"allow":["GET"]}}],"collection":[{"href":"https:\/\/elfsight.com\/pl\/wp-json\/wp\/v2\/pages"}],"about":[{"href":"https:\/\/elfsight.com\/pl\/wp-json\/wp\/v2\/types\/page"}],"author":[{"embeddable":true,"href":"https:\/\/elfsight.com\/pl\/wp-json\/wp\/v2\/users\/9"}],"replies":[{"embeddable":true,"href":"https:\/\/elfsight.com\/pl\/wp-json\/wp\/v2\/comments?post=5943"}],"version-history":[{"count":3,"href":"https:\/\/elfsight.com\/pl\/wp-json\/wp\/v2\/pages\/5943\/revisions"}],"predecessor-version":[{"id":10148,"href":"https:\/\/elfsight.com\/pl\/wp-json\/wp\/v2\/pages\/5943\/revisions\/10148"}],"up":[{"embeddable":true,"href":"https:\/\/elfsight.com\/pl\/wp-json\/wp\/v2\/pages\/2834"}],"wp:attachment":[{"href":"https:\/\/elfsight.com\/pl\/wp-json\/wp\/v2\/media?parent=5943"}],"curies":[{"name":"wp","href":"https:\/\/api.w.org\/{rel}","templated":true}]}}