{"id":5942,"date":"1970-01-01T00:00:00","date_gmt":"1970-01-01T00:00:00","guid":{"rendered":"https:\/\/elfsight.com\/pl\/?page_id=5942"},"modified":"2024-11-14T12:43:44","modified_gmt":"2024-11-14T12:43:44","slug":"wix","status":"publish","type":"page","link":"https:\/\/elfsight.com\/pl\/pinterest-feed-widget\/wix\/","title":{"rendered":"Pinterest Feed &#8211; Wix"},"content":{"rendered":"<div class=\"application-platform-content-item-description application-platform-content-item\" id=\"description\" data-nav-section=\"description\"><h2>Opis<\/h2><p>Korzystaj\u0105c z aplikacji Pinterest firmy Elfsight, mo\u017cesz wstawia\u0107 na swoj\u0105 stron\u0119 niesamowite zdj\u0119cia z Pinteresta. Narz\u0119dzie Elfsight umo\u017cliwia osadzanie wybranych pin\u00f3w, tablic i ca\u0142ego profilu na stronie. Zachwy\u0107 swoich klient\u00f3w starannie dobranymi obrazami lub tablicami tematycznymi i kszta\u0142tuj w\u0142asne, autorskie kolekcje. Poszerz zasi\u0119g swoich zdj\u0119\u0107, zwi\u0119ksz zaanga\u017cowanie w serwisie i w mi\u0119dzyczasie zdob\u0105d\u017a nowych obserwuj\u0105cych sw\u00f3j profil na Pintere\u015bcie.<\/p><p><b>Opublikuj sw\u00f3j profil, dodaj tablice i wybierz piny, aby uzyska\u0107 najatrakcyjniejsze materia\u0142y wizualne na Twojej stronie!<\/b><\/p><ul><li><b>Wzmocnij zaanga\u017cowanie u\u017cytkownik\u00f3w na swojej stronie<\/b><br> Starannie dobrane tre\u015bci na Twojej stronie przyci\u0105gn\u0105 maksymaln\u0105 uwag\u0119 u\u017cytkownik\u00f3w i zatrzymaj\u0105 przysz\u0142ych klient\u00f3w zaanga\u017cowany.<\/li><li><b>Zwi\u0119ksz zasi\u0119g spo\u0142eczno\u015bciowy swojego profilu<\/b><br> Daj szans\u0119 tym, kt\u00f3rych nie ma na Pintere\u015bcie, na zapoznanie si\u0119 z Twoimi fascynuj\u0105cymi tre\u015bciami, wy\u015bwietlaj\u0105c je na stronie.<\/li><li><b>Wi\u0119ksza ilo\u015b\u0107 atrakcyjnej tre\u015bci w Twojej witrynie<\/b><br> Maj\u0105c do dyspozycji pinezki i tablice, mo\u017cesz wybra\u0107 najlepsz\u0105 tre\u015b\u0107 wizualn\u0105 dla swojej witryny, aby zaanga\u017cowa\u0107 odwiedzaj\u0105cych.<\/li><\/ul><\/div><div class=\"faq\" data-component=\"FAQ\"><div class=\"faq-item\">\r\n\t\t\t\t\t<div class=\"faq-item-question\">\r\n\t\t\t\t\t\t<h3 class=\"faq-item-question-text\">W jaki spos\u00f3b mog\u0119 osadzi\u0107 kana\u0142 Pinterest w Wix?<\/h3>\r\n\r\n\t\t\t\t\t\t<div class=\"faq-item-question-icon\"><\/div>\r\n\t\t\t\t\t<\/div>\r\n\r\n\t\t\t\t\t<div class=\"faq-item-answer\">\r\n\t\t\t\t\t\t<div class=\"faq-item-answer-text\"><p>Tworzenie wid\u017cetu odbywa si\u0119 w ramach us\u0142ugi Elfsight i nie wymaga kodowania. Otw\u00f3rz nasze demo na \u017cywo, aby utworzy\u0107 narz\u0119dzie, uzyska\u0107 kod i umie\u015bci\u0107 go na swojej stronie internetowej. <\/p><\/div>\r\n\t\t\t\t\t<\/div>\r\n\t\t\t\t<\/div><div class=\"faq-item\">\r\n\t\t\t\t\t<div class=\"faq-item-question\">\r\n\t\t\t\t\t\t<h3 class=\"faq-item-question-text\">W jaki spos\u00f3b mog\u0119 uzyska\u0107 galeri\u0119 lub portfolio Pin\u00f3w na Pintere\u015bcie za pomoc\u0105 Twoich aplikacji?<\/h3>\r\n\r\n\t\t\t\t\t\t<div class=\"faq-item-question-icon\"><\/div>\r\n\t\t\t\t\t<\/div>\r\n\r\n\t\t\t\t\t<div class=\"faq-item-answer\">\r\n\t\t\t\t\t\t<div class=\"faq-item-answer-text\"><p>Dost\u0119pnych jest mn\u00f3stwo szablon\u00f3w: siatka, galeria, pasza, lista, murowanie i wiele innych, a tak\u017ce elastyczne opcje uk\u0142adu, aby dostosowa\u0107 si\u0119 do warunk\u00f3w wst\u0119pnych. Mo\u017cesz zbudowa\u0107 prawie ka\u017cde narz\u0119dzie, kt\u00f3rego Ci brakuje. <\/p><\/div>\r\n\t\t\t\t\t<\/div>\r\n\t\t\t\t<\/div><div class=\"faq-item\">\r\n\t\t\t\t\t<div class=\"faq-item-question\">\r\n\t\t\t\t\t\t<h3 class=\"faq-item-question-text\">Dlaczego m\u00f3j kana\u0142 Wix Pinterest nie dzia\u0142a\/nie jest aktualizowany?<\/h3>\r\n\r\n\t\t\t\t\t\t<div class=\"faq-item-question-icon\"><\/div>\r\n\t\t\t\t\t<\/div>\r\n\r\n\t\t\t\t\t<div class=\"faq-item-answer\">\r\n\t\t\t\t\t\t<div class=\"faq-item-answer-text\"><p>Gdy tylko napotkasz jakiekolwiek problemy z wid\u017cetami Pinteresta, zwr\u00f3\u0107 si\u0119 do klienta Grupa wsparcia. Us\u0142uga wsparcia jest ca\u0142kowicie bezp\u0142atna dla wszystkich klient\u00f3w Elfsight. <\/p><\/div>\r\n\t\t\t\t\t<\/div>\r\n\t\t\t\t<\/div><\/div><div class=\"application-platform-content-item-features application-platform-content-item\" id=\"features\" data-nav-section=\"features\"><h2>Funkcje<\/h2><p>Jakie cechy sprawiaj\u0105, \u017ce aplikacja Elfsight jest najlepsza dla ka\u017cdej witryny Wix? Sprawd\u017a je tutaj:<\/p><ul><li>Dodaj pinezki i tablice wed\u0142ug adresu URL;<\/li><li>Inteligentny program do kolorowania automatycznie wybierze najbardziej odpowiednie kolory interfejsu.<\/li><li>Przycisk Obserwuj w nag\u0142\u00f3wku, aby bezproblemowo \u015bledzi\u0107 Twoje konto;<\/li><li>Responsywny dla urz\u0105dze\u0144 mobilnych w dowolnym rozmiarze i proporcjach.<\/li><\/ul><p><a href=\"#demo\">Przestudiuj pe\u0142n\u0105 list\u0119 funkcje w wersji demonstracyjnej!<\/a><\/p><\/div><div class=\"application-platform-content-item-installation application-platform-content-item\" id=\"installation\" data-nav-section=\"installation\"><h2>Jak doda\u0107 kana\u0142 Pinterest do witryny Wix<\/h2><div class=\"video-container\"> <iframe width=\"720\" height=\"405\" src=\"https:\/\/www.youtube.com\/embed\/72wPamStev0\" frameborder=\"0\" allowfullscreen><\/iframe><\/div><p>Kr\u00f3tki przewodnik dla samodzielne tworzenie wid\u017cetu na Wix. Operacja potrwa kr\u00f3cej ni\u017c 70 sekund i nie jest wymagana umiej\u0119tno\u015b\u0107 programowania.<\/p><ol><li><b>Dodaj wid\u017cet na rynku Wix<\/b><br> Otw\u00f3rz stron\u0119 z Pinterestem aplikacji i kliknij przycisk \u00abDodaj do witryny\u00bb.<\/li><li><b>Wy\u015bwietl wid\u017cet na stronie<\/b><br> W wyskakuj\u0105cym powiadomieniu kliknij \u00abOtw\u00f3rz edytor\u00bb i umie\u015b\u0107 wid\u017cet na \u017c\u0105dan\u0105 stron\u0119.<\/li><li><b>Dostosuj sw\u00f3j Pinterest<\/b><br> Ustaw wymagane parametry projektu i dodaj \u017ar\u00f3d\u0142a zdj\u0119\u0107 do demonstracji. Zastosuj wszystkie zmiany.<\/li><li><b>Gotowe!<\/b><br> Odwied\u017a witryn\u0119, aby wy\u015bwietli\u0107 wyniki!<\/li><\/ol><p>Czy napotka\u0142e\u015b jakie\u015b problemy podczas konfigurujesz lub dostosowujesz aplikacj\u0119? Skontaktuj si\u0119 z obs\u0142ug\u0105 klienta Elfsight, podaj\u0105c pe\u0142ny opis trudno\u015bci. Do\u0142o\u017cymy wszelkich stara\u0144, aby Ci pom\u00f3c.<\/p><\/div>","protected":false},"excerpt":{"rendered":"","protected":false},"author":9,"featured_media":0,"parent":2834,"menu_order":0,"comment_status":"closed","ping_status":"closed","template":"templates\/template-application-platform.php","meta":{"publish_to_discourse":"","publish_post_category":"","wpdc_auto_publish_overridden":"","wpdc_topic_tags":"","wpdc_pin_topic":"","wpdc_pin_until":"","discourse_post_id":"","discourse_permalink":"","wpdc_publishing_response":"","wpdc_publishing_error":"","footnotes":""},"class_list":["post-5942","page","type-page","status-publish","hentry"],"yoast_head":"<!-- This site is optimized with the Yoast SEO plugin v25.3.1 - https:\/\/yoast.com\/wordpress\/plugins\/seo\/ -->\n<title>Kana\u0142 Pinteresta \u2014 dodaj aplikacj\u0119 Pinterest do witryny Wix (2026)<\/title>\n<meta name=\"description\" content=\"Stw\u00f3rz teraz najlepsz\u0105 aplikacj\u0119 Pinterest Feed dla witryny Wix! Zaprojektuj sw\u00f3j widget na Elfsight w zaledwie 3 minuty i bez umiej\u0119tno\u015bci programowania.\" \/>\n<meta name=\"robots\" content=\"index, follow, max-snippet:-1, max-image-preview:large, max-video-preview:-1\" \/>\n<link rel=\"canonical\" href=\"https:\/\/elfsight.com\/pl\/pinterest-feed-widget\/wix\/\" \/>\n<meta property=\"og:locale\" content=\"pl_PL\" \/>\n<meta property=\"og:type\" content=\"article\" \/>\n<meta property=\"og:title\" content=\"Kana\u0142 Pinteresta \u2014 dodaj aplikacj\u0119 Pinterest do witryny Wix (2026)\" \/>\n<meta property=\"og:description\" content=\"Stw\u00f3rz teraz najlepsz\u0105 aplikacj\u0119 Pinterest Feed dla witryny Wix! Zaprojektuj sw\u00f3j widget na Elfsight w zaledwie 3 minuty i bez umiej\u0119tno\u015bci programowania.\" \/>\n<meta property=\"og:url\" content=\"https:\/\/elfsight.com\/pl\/pinterest-feed-widget\/wix\/\" \/>\n<meta property=\"og:site_name\" content=\"Elfsight PL\" \/>\n<meta property=\"article:modified_time\" content=\"2024-11-14T12:43:44+00:00\" \/>\n<meta name=\"twitter:card\" content=\"summary_large_image\" \/>\n<meta name=\"twitter:label1\" content=\"Szacowany czas czytania\" \/>\n\t<meta name=\"twitter:data1\" content=\"3 minuty\" \/>\n<!-- \/ Yoast SEO plugin. -->","yoast_head_json":{"title":"Kana\u0142 Pinteresta \u2014 dodaj aplikacj\u0119 Pinterest do witryny Wix (2026)","description":"Stw\u00f3rz teraz najlepsz\u0105 aplikacj\u0119 Pinterest Feed dla witryny Wix! Zaprojektuj sw\u00f3j widget na Elfsight w zaledwie 3 minuty i bez umiej\u0119tno\u015bci programowania.","robots":{"index":"index","follow":"follow","max-snippet":"max-snippet:-1","max-image-preview":"max-image-preview:large","max-video-preview":"max-video-preview:-1"},"canonical":"https:\/\/elfsight.com\/pl\/pinterest-feed-widget\/wix\/","og_locale":"pl_PL","og_type":"article","og_title":"Kana\u0142 Pinteresta \u2014 dodaj aplikacj\u0119 Pinterest do witryny Wix (2026)","og_description":"Stw\u00f3rz teraz najlepsz\u0105 aplikacj\u0119 Pinterest Feed dla witryny Wix! Zaprojektuj sw\u00f3j widget na Elfsight w zaledwie 3 minuty i bez umiej\u0119tno\u015bci programowania.","og_url":"https:\/\/elfsight.com\/pl\/pinterest-feed-widget\/wix\/","og_site_name":"Elfsight PL","article_modified_time":"2024-11-14T12:43:44+00:00","twitter_card":"summary_large_image","twitter_misc":{"Szacowany czas czytania":"3 minuty"},"schema":{"@context":"https:\/\/schema.org","@graph":[{"@type":"WebPage","@id":"https:\/\/elfsight.com\/pl\/pinterest-feed-widget\/wix\/","url":"https:\/\/elfsight.com\/pl\/pinterest-feed-widget\/wix\/","name":"Kana\u0142 Pinteresta \u2014 dodaj aplikacj\u0119 Pinterest do witryny Wix (2026)","isPartOf":{"@id":"https:\/\/elfsight.com\/pl\/#website"},"datePublished":"1970-01-01T00:00:00+00:00","dateModified":"2024-11-14T12:43:44+00:00","description":"Stw\u00f3rz teraz najlepsz\u0105 aplikacj\u0119 Pinterest Feed dla witryny Wix! Zaprojektuj sw\u00f3j widget na Elfsight w zaledwie 3 minuty i bez umiej\u0119tno\u015bci programowania.","breadcrumb":{"@id":"https:\/\/elfsight.com\/pl\/pinterest-feed-widget\/wix\/#breadcrumb"},"inLanguage":"pl-PL","potentialAction":[{"@type":"ReadAction","target":["https:\/\/elfsight.com\/pl\/pinterest-feed-widget\/wix\/"]}]},{"@type":"BreadcrumbList","@id":"https:\/\/elfsight.com\/pl\/pinterest-feed-widget\/wix\/#breadcrumb","itemListElement":[{"@type":"ListItem","position":1,"name":"Home","item":"https:\/\/elfsight.com\/pl\/"},{"@type":"ListItem","position":2,"name":"Pinterest Feed","item":"https:\/\/elfsight.com\/pl\/pinterest-feed-widget\/"},{"@type":"ListItem","position":3,"name":"Pinterest Feed &#8211; Wix"}]},{"@type":"WebSite","@id":"https:\/\/elfsight.com\/pl\/#website","url":"https:\/\/elfsight.com\/pl\/","name":"Elfsight PL","description":"Just another Elfsight Sites site","potentialAction":[{"@type":"SearchAction","target":{"@type":"EntryPoint","urlTemplate":"https:\/\/elfsight.com\/pl\/?s={search_term_string}"},"query-input":{"@type":"PropertyValueSpecification","valueRequired":true,"valueName":"search_term_string"}}],"inLanguage":"pl-PL"}]}},"meta_box":{"industry":"","seo_heading":"","heading":"","description":"","cta_heading":"","cta_description":"","application":"2833","h1":"Aplikacja Wix Pinterest Feed","h1_caption":"Umie\u015b\u0107 kana\u0142 pinezek ze swojego konta na Pintere\u015bcie, aby bez wysi\u0142ku wy\u015bwietla\u0107 dynamiczn\u0105 i atrakcyjn\u0105 wizualnie zawarto\u015b\u0107 na swojej stronie Wix.","application_category":[],"applications_title":"","applications_request_title":"","applications_request_button_text":"","hero_text":"","hero_video":"","hero_video_schema_markup":"","selling_points_title":"","selling_points_caption":"","selling_points":[],"selling_points_cta_text":"","features_title":"","features":"","ed_cta_examples_text":"","ed_cta_examples_hidden":"","ed_cta_demo_text":"","ed_cta_demo_hidden":"","why_caption":"","why_editor_title":"","why_editor_text":"","why_team_title":"","why_team_text":"","why_service_title":"","why_service_text":"","template_catalog_visible":"","template_catalog_title":"","template_catalog_text":"","template_catalog_categories_visible":"","demo_title":"Utw\u00f3rz aplikacj\u0119 z kana\u0142ami Pinterest","demo_caption":"Skonfiguruj sw\u00f3j kana\u0142 Pinterest i dodaj go do swojej witryny Wix za darmo!","default_faq_hidden":"","app_template_category":[],"platform":"30","template_public_id":"","codecanyon_url":"","codecanyon_item_id":"","codecanyon_price":"","pricing_caption":"","pricing_elfsight_apps_hide_column":"","pricing_elfsight_apps_url":"","pricing_codecanyon_price_caption":"","integration_category":[],"integration_request_title":"","integration_request_cta":"","integration_platform":"","integrations":[],"platform_category":[],"video_schema_markup":"","price":"od 0 USD \/ miesi\u0105c","trial":"","benefits":[{"text":"Bezp\u0142atna us\u0142uga monta\u017cu"},{"text":"Skuteczna obs\u0142uga klienta"},{"text":"14-dniowa gwarancja zwrotu pieni\u0119dzy"}],"button_url":"#demo","button_target_blank":"","button_nofollow":"","attributes":[{"name":"Instaluje"},{"name":"Czu\u0142y"},{"name":"Kompatybilne przegl\u0105darki"}],"tags":[],"tags_disable_links":"","hide_more_platforms":"","video_object":"","demo_hide_cta":"","demo_hide_cloud_options":"","pricing_title":"","pricing":[{"pricing_icon":"platform","pricing_title":"Elfsight Apps","pricing_title_caption":"Wieloplatformowe rozwi\u0105zanie cyfrowe, kt\u00f3re dzia\u0142a na ka\u017cdej stronie internetowej","pricing_price":"od 0 USD \/ miesi\u0105c","pricing_price_caption":"zacznij od bezp\u0142atnego planu","pricing_benefits":[{"text":"Nieograniczona liczba stron internetowych"},{"text":"Szybkie wsparcie"},{"text":"Bezp\u0142atna pomoc w monta\u017cu"},{"text":"Oferta specjalna na wiele aplikacji"}],"pricing_button_text":"Dodaj do witryny","pricing_button_url":"#demo"}],"related_apps_title":"","related_apps_hidden":"","author":"","image":[],"title":"","job":"","social_networks":[]},"_links":{"self":[{"href":"https:\/\/elfsight.com\/pl\/wp-json\/wp\/v2\/pages\/5942","targetHints":{"allow":["GET"]}}],"collection":[{"href":"https:\/\/elfsight.com\/pl\/wp-json\/wp\/v2\/pages"}],"about":[{"href":"https:\/\/elfsight.com\/pl\/wp-json\/wp\/v2\/types\/page"}],"author":[{"embeddable":true,"href":"https:\/\/elfsight.com\/pl\/wp-json\/wp\/v2\/users\/9"}],"replies":[{"embeddable":true,"href":"https:\/\/elfsight.com\/pl\/wp-json\/wp\/v2\/comments?post=5942"}],"version-history":[{"count":2,"href":"https:\/\/elfsight.com\/pl\/wp-json\/wp\/v2\/pages\/5942\/revisions"}],"predecessor-version":[{"id":7922,"href":"https:\/\/elfsight.com\/pl\/wp-json\/wp\/v2\/pages\/5942\/revisions\/7922"}],"up":[{"embeddable":true,"href":"https:\/\/elfsight.com\/pl\/wp-json\/wp\/v2\/pages\/2834"}],"wp:attachment":[{"href":"https:\/\/elfsight.com\/pl\/wp-json\/wp\/v2\/media?parent=5942"}],"curies":[{"name":"wp","href":"https:\/\/api.w.org\/{rel}","templated":true}]}}