{"id":5941,"date":"1970-01-01T00:00:00","date_gmt":"1970-01-01T00:00:00","guid":{"rendered":"https:\/\/elfsight.com\/pl\/?page_id=5941"},"modified":"2024-11-14T12:43:36","modified_gmt":"2024-11-14T12:43:36","slug":"weebly","status":"publish","type":"page","link":"https:\/\/elfsight.com\/pl\/pinterest-feed-widget\/weebly\/","title":{"rendered":"Pinterest Feed &#8211; Weebly"},"content":{"rendered":"<div class=\"application-platform-content-item-description application-platform-content-item\" id=\"description\" data-nav-section=\"description\"><h2>Opis<\/h2><p>Korzystaj\u0105c z kana\u0142u Pinterest firmy Elfsight, mo\u017cesz szybko wprowadzi\u0107 na swoj\u0105 stron\u0119 najlepsze obrazy z Pinteresta. Wid\u017cet Elfsight umo\u017cliwia wprowadzenie na stron\u0119 dowolnych pin\u00f3w, tablic oraz pe\u0142nego profilu. Zach\u0119\u0107 swoich przysz\u0142ych klient\u00f3w starannie dobranymi tre\u015bciami, tablicami tematycznymi i tw\u00f3rz w\u0142asne, unikalnie zaprojektowane zestawy. Zwi\u0119ksz rozpowszechnianie swoich zdj\u0119\u0107, zwi\u0119ksz zaanga\u017cowanie w witrynie i jednocze\u015bnie zdob\u0105d\u017a wi\u0119cej subskrybent\u00f3w swojego konta na Pintere\u015bcie.<\/p><p><b> Dodaj do swojej witryny zdj\u0119cia z Pinteresta natychmiast i bez wysi\u0142ku.<\/b><\/p><ul><li><b>Zwi\u0119ksz zaanga\u017cowanie odwiedzaj\u0105cych Twoj\u0105 witryn\u0119<\/b><br> Starannie dobrane zdj\u0119cia w Twojej witrynie przyci\u0105gn\u0105 maksymaln\u0105 uwag\u0119 u\u017cytkownik\u00f3w i utrzymaj\u0105 ich zaanga\u017cowanie.<\/li><li><b>Poszerz zasi\u0119g spo\u0142eczno\u015bciowy swoich obraz\u00f3w na Pintere\u015bcie<\/b><br> Daj szans\u0119 tym, kt\u00f3rych nie ma na Pintere\u015bcie, zobaczenia wybranych przez Ciebie tre\u015bci, wy\u015bwietlaj\u0105c je w serwisie.<\/li><li><b>Rozwijaj liczba sprzeda\u017cy z atrakcyjn\u0105 grafik\u0105<\/b><br> Wybierz najbardziej kusz\u0105ce zdj\u0119cia swoich produkt\u00f3w; wy\u015bwietlaj najnowsze trendy i inspiruj\u0105ce obrazy, aby u\u017cytkownicy nie mogli powstrzyma\u0107 si\u0119 od zakup\u00f3w.<\/li><\/ul><\/div><div class=\"application-platform-content-item-features application-platform-content-item\" id=\"features\" data-nav-section=\"features\"><h2>Funkcje<\/h2><p>Oto funkcje, kt\u00f3re zmieniaj\u0105 wid\u017cet Elfsight w niezb\u0119dny element witryny Weebly:<\/p><ul><li>Pokazuje tytu\u0142 konta, liczb\u0119 obserwuj\u0105cych i liczb\u0119 obserwuj\u0105cych.<\/li><li>Dost\u0119pne 22 popularne j\u0119zyki;<\/li> <li>Poka\u017c lub ukryj nag\u0142\u00f3wek;<\/li><li>Wy\u015bwietl lub ukryj licznik tablic i pin\u00f3w;<\/li><\/ul><p><a href=\"#demo\">Poznaj wszystkie cechy w panelu<\/a><\/p><\/div><div class=\"application-platform-content-item-installation application-platform-content-item\" id=\"installation\" data-nav-section=\"installation\"><h2>Jak doda\u0107 kana\u0142 Pinterest do witryny Weebly<\/h2><div class=\"video-container\"><iframe width=\"720\" height=\"405\" src=\"https:\/\/www.youtube.com\/embed\/6cqfFuxtNP8\" frameborder=\"0\" allowfullscreen=\"\"><\/iframe><\/div><p>Prosta tutorial na temat dodawania wid\u017cetu na stronie internetowej bez kompetencji \u2500 programistycznych. Ca\u0142kowity czas instalacji wynosi oko\u0142o 2 minut.<\/p><ol><li><b>Uruchom nasz darmowy edytor i zacznij tworzy\u0107 niestandardow\u0105 aplikacj\u0119. <\/b><br> Znajd\u017a po\u017c\u0105dany projekt i parametry aplikacji i zapisz wszystkie zmiany. <\/li> <li><b>Odbierz sw\u00f3j unikalny kod widoczny w pude\u0142ku w aplikacjach Elfsight. <\/b><br> Po zako\u0144czeniu konfiguracji aplikacji osobistej skopiuj indywidualny kod z wy\u015bwietlonego pola i zapisz go na p\u00f3\u017aniej. <\/li> <li><b>Rozpocznij korzystanie z aplikacji na stronie internetowej Weebly. <\/b><br> Umie\u015b\u0107 zapisany wcze\u015bniej kod na swojej stronie i zastosuj modyfikacje. <\/li> <li><b>Gotowe! Integracja zosta\u0142a pomy\u015blnie przeprowadzona. <\/b><br> Odwied\u017a swoj\u0105 stron\u0119 internetow\u0105, aby zapozna\u0107 si\u0119 z dzia\u0142aniem aplikacji. <\/li><\/ol><p>Wyst\u0105pi\u0142y jakie\u015b problemy podczas konfigurowania lub dostosowywania aplikacji? Zostaw zapytanie w naszym Centrum pomocy.<\/p><\/div><div class=\"faq\" data-component=\"FAQ\"><div class=\"faq-item\">\r\n\t\t\t\t\t<div class=\"faq-item-question\">\r\n\t\t\t\t\t\t<h3 class=\"faq-item-question-text\">W jaki spos\u00f3b mo\u017cna osadzi\u0107 kana\u0142 Pinterest na mojej stronie g\u0142\u00f3wnej Weebly bez kodowania umiej\u0119tno\u015bci?<\/h3>\r\n\r\n\t\t\t\t\t\t<div class=\"faq-item-question-icon\"><\/div>\r\n\t\t\t\t\t<\/div>\r\n\r\n\t\t\t\t\t<div class=\"faq-item-answer\">\r\n\t\t\t\t\t\t<div class=\"faq-item-answer-text\"><p>Firma Elfsight wprowadza rozwi\u0105zanie, kt\u00f3re umo\u017cliwia u\u017cytkownikom samodzielne zbudowanie wid\u017cetu Pinterest Feed, zapoznaj si\u0119 z nieskomplikowan\u0105 instrukcj\u0105: <\/p><ul><li>Rozpocznij prac\u0119 w edytorze na \u017cywo, aby utworzy\u0107 sekcj\u0119 Pinterest Feed chcesz doda\u0107 na stronie Weebly.<\/li><li>Wybierz jeden z wst\u0119pnie zaprojektowanych szablon\u00f3w i zmie\u0144 ustawienia kana\u0142u Pinterest, zaktualizuj tre\u015b\u0107, zmie\u0144 uk\u0142ad i kolory bez umiej\u0119tno\u015bci kodowania.<\/li><li> Kliknij, aby zapisa\u0107 ustawienia wprowadzone w serwisie Pinterest i uzyska\u0107 kod do umieszczenia na stronie, kt\u00f3ry mo\u017cna \u0142atwo umie\u015bci\u0107 na stronie Weebly bez konieczno\u015bci zakupu p\u0142atnej subskrypcji. <\/li><\/ul><p>Dzi\u0119ki naszemu przyjaznemu dla u\u017cytkownika konfiguratorowi ka\u017cdy u\u017cytkownik Internetu mo\u017ce wygenerowa\u0107 kana\u0142 Pinterest i wklei\u0107 go do witryny Weebly. Nie powiniene\u015b otrzymywa\u0107 p\u0142atnego planu ani podawa\u0107 danych swojej karty, aby uzyska\u0107 dost\u0119p do us\u0142ugi. Je\u015bli na kt\u00f3rymkolwiek etapie napotkasz jakiekolwiek problemy, nie wahaj si\u0119 skontaktowa\u0107 z naszym zespo\u0142em pomocy technicznej.<\/p><\/div>\r\n\t\t\t\t\t<\/div>\r\n\t\t\t\t<\/div><\/div>","protected":false},"excerpt":{"rendered":"","protected":false},"author":9,"featured_media":0,"parent":2834,"menu_order":0,"comment_status":"closed","ping_status":"closed","template":"templates\/template-application-platform.php","meta":{"publish_to_discourse":"","publish_post_category":"","wpdc_auto_publish_overridden":"","wpdc_topic_tags":"","wpdc_pin_topic":"","wpdc_pin_until":"","discourse_post_id":"","discourse_permalink":"","wpdc_publishing_response":"","wpdc_publishing_error":"","footnotes":""},"class_list":["post-5941","page","type-page","status-publish","hentry"],"yoast_head":"<!-- This site is optimized with the Yoast SEO plugin v25.3.1 - https:\/\/yoast.com\/wordpress\/plugins\/seo\/ -->\n<title>Kana\u0142 Pinteresta \u2014 dodanie aplikacji Pinterest do witryny Weebly (2025)<\/title>\n<meta name=\"description\" content=\"Wygeneruj unikaln\u0105 aplikacj\u0119 Pinterest Feed dla Weebly i dodaj j\u0105 na swojej stronie internetowej. Darmowy edytor, wsparcie przy konfiguracji i wiele innych bonus\u00f3w od Elfsight!\" \/>\n<meta name=\"robots\" content=\"index, follow, max-snippet:-1, max-image-preview:large, max-video-preview:-1\" \/>\n<link rel=\"canonical\" href=\"https:\/\/elfsight.com\/pl\/pinterest-feed-widget\/weebly\/\" \/>\n<meta property=\"og:locale\" content=\"pl_PL\" \/>\n<meta property=\"og:type\" content=\"article\" \/>\n<meta property=\"og:title\" content=\"Kana\u0142 Pinteresta \u2014 dodanie aplikacji Pinterest do witryny Weebly (2025)\" \/>\n<meta property=\"og:description\" content=\"Wygeneruj unikaln\u0105 aplikacj\u0119 Pinterest Feed dla Weebly i dodaj j\u0105 na swojej stronie internetowej. Darmowy edytor, wsparcie przy konfiguracji i wiele innych bonus\u00f3w od Elfsight!\" \/>\n<meta property=\"og:url\" content=\"https:\/\/elfsight.com\/pl\/pinterest-feed-widget\/weebly\/\" \/>\n<meta property=\"og:site_name\" content=\"Elfsight PL\" \/>\n<meta property=\"article:modified_time\" content=\"2024-11-14T12:43:36+00:00\" \/>\n<meta name=\"twitter:card\" content=\"summary_large_image\" \/>\n<meta name=\"twitter:label1\" content=\"Szacowany czas czytania\" \/>\n\t<meta name=\"twitter:data1\" content=\"3 minuty\" \/>\n<!-- \/ Yoast SEO plugin. -->","yoast_head_json":{"title":"Kana\u0142 Pinteresta \u2014 dodanie aplikacji Pinterest do witryny Weebly (2025)","description":"Wygeneruj unikaln\u0105 aplikacj\u0119 Pinterest Feed dla Weebly i dodaj j\u0105 na swojej stronie internetowej. Darmowy edytor, wsparcie przy konfiguracji i wiele innych bonus\u00f3w od Elfsight!","robots":{"index":"index","follow":"follow","max-snippet":"max-snippet:-1","max-image-preview":"max-image-preview:large","max-video-preview":"max-video-preview:-1"},"canonical":"https:\/\/elfsight.com\/pl\/pinterest-feed-widget\/weebly\/","og_locale":"pl_PL","og_type":"article","og_title":"Kana\u0142 Pinteresta \u2014 dodanie aplikacji Pinterest do witryny Weebly (2025)","og_description":"Wygeneruj unikaln\u0105 aplikacj\u0119 Pinterest Feed dla Weebly i dodaj j\u0105 na swojej stronie internetowej. Darmowy edytor, wsparcie przy konfiguracji i wiele innych bonus\u00f3w od Elfsight!","og_url":"https:\/\/elfsight.com\/pl\/pinterest-feed-widget\/weebly\/","og_site_name":"Elfsight PL","article_modified_time":"2024-11-14T12:43:36+00:00","twitter_card":"summary_large_image","twitter_misc":{"Szacowany czas czytania":"3 minuty"},"schema":{"@context":"https:\/\/schema.org","@graph":[{"@type":"WebPage","@id":"https:\/\/elfsight.com\/pl\/pinterest-feed-widget\/weebly\/","url":"https:\/\/elfsight.com\/pl\/pinterest-feed-widget\/weebly\/","name":"Kana\u0142 Pinteresta \u2014 dodanie aplikacji Pinterest do witryny Weebly (2025)","isPartOf":{"@id":"https:\/\/elfsight.com\/pl\/#website"},"datePublished":"1970-01-01T00:00:00+00:00","dateModified":"2024-11-14T12:43:36+00:00","description":"Wygeneruj unikaln\u0105 aplikacj\u0119 Pinterest Feed dla Weebly i dodaj j\u0105 na swojej stronie internetowej. Darmowy edytor, wsparcie przy konfiguracji i wiele innych bonus\u00f3w od Elfsight!","breadcrumb":{"@id":"https:\/\/elfsight.com\/pl\/pinterest-feed-widget\/weebly\/#breadcrumb"},"inLanguage":"pl-PL","potentialAction":[{"@type":"ReadAction","target":["https:\/\/elfsight.com\/pl\/pinterest-feed-widget\/weebly\/"]}]},{"@type":"BreadcrumbList","@id":"https:\/\/elfsight.com\/pl\/pinterest-feed-widget\/weebly\/#breadcrumb","itemListElement":[{"@type":"ListItem","position":1,"name":"Home","item":"https:\/\/elfsight.com\/pl\/"},{"@type":"ListItem","position":2,"name":"Pinterest Feed","item":"https:\/\/elfsight.com\/pl\/pinterest-feed-widget\/"},{"@type":"ListItem","position":3,"name":"Pinterest Feed &#8211; Weebly"}]},{"@type":"WebSite","@id":"https:\/\/elfsight.com\/pl\/#website","url":"https:\/\/elfsight.com\/pl\/","name":"Elfsight PL","description":"Just another Elfsight Sites site","potentialAction":[{"@type":"SearchAction","target":{"@type":"EntryPoint","urlTemplate":"https:\/\/elfsight.com\/pl\/?s={search_term_string}"},"query-input":{"@type":"PropertyValueSpecification","valueRequired":true,"valueName":"search_term_string"}}],"inLanguage":"pl-PL"}]}},"meta_box":{"industry":"","seo_heading":"","heading":"","description":"","cta_heading":"","cta_description":"","application":"2833","h1":"Aplikacja Weebly Pinterest Feed","h1_caption":"Umie\u015b\u0107 plik pinezek ze swojego konta na Pintere\u015bcie, aby bez wysi\u0142ku wy\u015bwietla\u0107 dynamiczn\u0105 i atrakcyjn\u0105 wizualnie zawarto\u015b\u0107 w swojej witrynie Weebly.","application_category":[],"applications_title":"","applications_request_title":"","applications_request_button_text":"","hero_text":"","hero_video":"","hero_video_schema_markup":"","selling_points_title":"","selling_points_caption":"","selling_points":[],"selling_points_cta_text":"","features_title":"","features":"","ed_cta_examples_text":"","ed_cta_examples_hidden":"","ed_cta_demo_text":"","ed_cta_demo_hidden":"","why_caption":"","why_editor_title":"","why_editor_text":"","why_team_title":"","why_team_text":"","why_service_title":"","why_service_text":"","template_catalog_visible":"","template_catalog_title":"","template_catalog_text":"","template_catalog_categories_visible":"","demo_title":"Utw\u00f3rz aplikacj\u0119 z kana\u0142ami Pinterest","demo_caption":"Skonfiguruj sw\u00f3j kana\u0142 Pinterest i dodaj go do swojej witryny Weebly za darmo!","default_faq_hidden":"","app_template_category":[],"platform":"132","template_public_id":"","codecanyon_url":"","codecanyon_item_id":"","codecanyon_price":"","pricing_caption":"","pricing_elfsight_apps_hide_column":"","pricing_elfsight_apps_url":"","pricing_codecanyon_price_caption":"","integration_category":[],"integration_request_title":"","integration_request_cta":"","integration_platform":"","integrations":[],"platform_category":[],"video_schema_markup":"","price":"od 0 USD \/ miesi\u0105c","trial":"","benefits":[{"text":"Bezp\u0142atna us\u0142uga monta\u017cu"},{"text":"Skuteczna obs\u0142uga klienta"},{"text":"14-dniowa gwarancja zwrotu pieni\u0119dzy"}],"button_url":"#demo","button_target_blank":"","button_nofollow":"","attributes":[{"name":"Instaluje"},{"name":"Czu\u0142y"},{"name":"Kompatybilne przegl\u0105darki"}],"tags":[],"tags_disable_links":"","hide_more_platforms":"","video_object":"","demo_hide_cta":"","demo_hide_cloud_options":"","pricing_title":"","pricing":[{"pricing_icon":"platform","pricing_title":"Elfsight Apps","pricing_title_caption":"Wieloplatformowe rozwi\u0105zanie cyfrowe, kt\u00f3re pasuje do ka\u017cdej witryny","pricing_price":"od 0 USD \/ miesi\u0105c","pricing_price_caption":"zacznij od planu","pricing_benefits":[{"text":"Nielimitowane domeny"},{"text":"Bezp\u0142atna obs\u0142uga klienta"},{"text":"Bezp\u0142atna pomoc w monta\u017cu"},{"text":"100% konfigurowalny"}],"pricing_button_text":"Dodaj do witryny","pricing_button_url":"#demo"}],"related_apps_title":"","related_apps_hidden":"","author":"","image":[],"title":"","job":"","social_networks":[]},"_links":{"self":[{"href":"https:\/\/elfsight.com\/pl\/wp-json\/wp\/v2\/pages\/5941","targetHints":{"allow":["GET"]}}],"collection":[{"href":"https:\/\/elfsight.com\/pl\/wp-json\/wp\/v2\/pages"}],"about":[{"href":"https:\/\/elfsight.com\/pl\/wp-json\/wp\/v2\/types\/page"}],"author":[{"embeddable":true,"href":"https:\/\/elfsight.com\/pl\/wp-json\/wp\/v2\/users\/9"}],"replies":[{"embeddable":true,"href":"https:\/\/elfsight.com\/pl\/wp-json\/wp\/v2\/comments?post=5941"}],"version-history":[{"count":2,"href":"https:\/\/elfsight.com\/pl\/wp-json\/wp\/v2\/pages\/5941\/revisions"}],"predecessor-version":[{"id":7921,"href":"https:\/\/elfsight.com\/pl\/wp-json\/wp\/v2\/pages\/5941\/revisions\/7921"}],"up":[{"embeddable":true,"href":"https:\/\/elfsight.com\/pl\/wp-json\/wp\/v2\/pages\/2834"}],"wp:attachment":[{"href":"https:\/\/elfsight.com\/pl\/wp-json\/wp\/v2\/media?parent=5941"}],"curies":[{"name":"wp","href":"https:\/\/api.w.org\/{rel}","templated":true}]}}